{"id":7493,"date":"2024-06-25T08:04:56","date_gmt":"2024-06-25T06:04:56","guid":{"rendered":"https:\/\/inzain.bike\/?page_id=7493"},"modified":"2024-06-25T08:04:57","modified_gmt":"2024-06-25T06:04:57","slug":"igg24","status":"publish","type":"page","link":"https:\/\/inzain.bike\/de\/igg24\/","title":{"rendered":"INZAIN Kiesm\u00fchle IGG"},"content":{"rendered":"<figure class=\"wp-block-image alignfull size-large\"><img loading=\"lazy\" decoding=\"async\" width=\"1024\" height=\"576\" src=\"https:\/\/inzain.bike\/wp-content\/uploads\/2024\/06\/gravel010623-1024x576.jpg\" alt=\"\" class=\"wp-image-7495\" srcset=\"https:\/\/inzain.bike\/wp-content\/uploads\/2024\/06\/gravel010623-1024x576.jpg 1024w, https:\/\/inzain.bike\/wp-content\/uploads\/2024\/06\/gravel010623-300x169.jpg 300w, https:\/\/inzain.bike\/wp-content\/uploads\/2024\/06\/gravel010623-768x432.jpg 768w, https:\/\/inzain.bike\/wp-content\/uploads\/2024\/06\/gravel010623-18x10.jpg 18w, https:\/\/inzain.bike\/wp-content\/uploads\/2024\/06\/gravel010623-1320x743.jpg 1320w, https:\/\/inzain.bike\/wp-content\/uploads\/2024\/06\/gravel010623-600x338.jpg 600w, https:\/\/inzain.bike\/wp-content\/uploads\/2024\/06\/gravel010623.jpg 1347w\" sizes=\"auto, (max-width: 1024px) 100vw, 1024px\" \/><\/figure>\n\n\n\n<p>14. September <\/p>\n\n\n\n<p>In Verbindung mit <a href=\"https:\/\/teamutangranser.se\/\">Team ohne Grenzen<\/a> und ihre Veranstaltung H\u00f6stgruset<\/p>\n\n\n\n<p>200 Meilen \u2013 32 Meilen auf Schotter.<\/p>\n\n\n\n<p>Gemeinsamer Start, gut gef\u00fcllte Depots und Support.<\/p>\n\n\n\n<p>Weitere Informationen und Anmeldung folgen in K\u00fcrze\u2026..<\/p>","protected":false},"excerpt":{"rendered":"<p>14. September In Zusammenarbeit mit dem Team Utan Gr\u00e4nser und deren Veranstaltung H\u00f6stgruset 200 Meilen \u2013 32 Meilen auf Schotter. Gemeinsamer Start, gut gef\u00fcllte Depots und Unterst\u00fctzung. Weitere Informationen und Anmeldung folgen in K\u00fcrze\u2026<\/p>","protected":false},"author":203917875,"featured_media":0,"parent":0,"menu_order":0,"comment_status":"closed","ping_status":"closed","template":"","meta":{"_coblocks_attr":"","_coblocks_dimensions":"","_coblocks_responsive_height":"","_coblocks_accordion_ie_support":"","footnotes":""},"class_list":["post-7493","page","type-page","status-publish","hentry"],"yoast_head":"<!-- This site is optimized with the Yoast SEO plugin v27.2 - https:\/\/yoast.com\/product\/yoast-seo-wordpress\/ -->\n<title>INZAIN Gravel Grinder IGG - INZAIN Cycling EXPERIENCES<\/title>\n<meta name=\"robots\" content=\"index, follow, max-snippet:-1, max-image-preview:large, max-video-preview:-1\" \/>\n<link rel=\"canonical\" href=\"https:\/\/inzain.bike\/de\/igg24\/\" \/>\n<meta property=\"og:locale\" content=\"de_DE\" \/>\n<meta property=\"og:type\" content=\"article\" \/>\n<meta property=\"og:title\" content=\"INZAIN Gravel Grinder IGG - INZAIN Cycling EXPERIENCES\" \/>\n<meta property=\"og:description\" content=\"14 September I samarbete med Team Utan Gr\u00e4nser och deras event H\u00f6stgruset 200 Miles &#8211; 32 Mil P\u00e5 grus. Gemensam start, v\u00e4lfyllda dep\u00e5er och support. Mer information och anm\u00e4lan kommer snart&#8230;..\" \/>\n<meta property=\"og:url\" content=\"https:\/\/inzain.bike\/de\/igg24\/\" \/>\n<meta property=\"og:site_name\" content=\"INZAIN Cycling EXPERIENCES\" \/>\n<meta property=\"article:publisher\" content=\"https:\/\/www.facebook.com\/Inzain.bike\" \/>\n<meta property=\"article:modified_time\" content=\"2024-06-25T06:04:57+00:00\" \/>\n<meta property=\"og:image\" content=\"https:\/\/inzain.bike\/wp-content\/uploads\/2024\/06\/gravel010623-1024x576.jpg\" \/>\n<meta name=\"twitter:card\" content=\"summary_large_image\" \/>\n<meta name=\"twitter:label1\" content=\"Gesch\u00e4tzte Lesezeit\" \/>\n\t<meta name=\"twitter:data1\" content=\"1\u00a0Minute\" \/>\n<script type=\"application\/ld+json\" class=\"yoast-schema-graph\">{\"@context\":\"https:\/\/schema.org\",\"@graph\":[{\"@type\":\"WebPage\",\"@id\":\"https:\/\/inzain.bike\/en_gb\/igg24\/\",\"url\":\"https:\/\/inzain.bike\/en_gb\/igg24\/\",\"name\":\"INZAIN Gravel Grinder IGG - INZAIN Cycling EXPERIENCES\",\"isPartOf\":{\"@id\":\"https:\/\/inzain.bike\/fr_be\/#website\"},\"primaryImageOfPage\":{\"@id\":\"https:\/\/inzain.bike\/en_gb\/igg24\/#primaryimage\"},\"image\":{\"@id\":\"https:\/\/inzain.bike\/en_gb\/igg24\/#primaryimage\"},\"thumbnailUrl\":\"https:\/\/inzain.bike\/wp-content\/uploads\/2024\/06\/gravel010623-1024x576.jpg\",\"datePublished\":\"2024-06-25T06:04:56+00:00\",\"dateModified\":\"2024-06-25T06:04:57+00:00\",\"breadcrumb\":{\"@id\":\"https:\/\/inzain.bike\/en_gb\/igg24\/#breadcrumb\"},\"inLanguage\":\"de\",\"potentialAction\":[{\"@type\":\"ReadAction\",\"target\":[\"https:\/\/inzain.bike\/en_gb\/igg24\/\"]}]},{\"@type\":\"ImageObject\",\"inLanguage\":\"de\",\"@id\":\"https:\/\/inzain.bike\/en_gb\/igg24\/#primaryimage\",\"url\":\"https:\/\/inzain.bike\/wp-content\/uploads\/2024\/06\/gravel010623-1024x576.jpg\",\"contentUrl\":\"https:\/\/inzain.bike\/wp-content\/uploads\/2024\/06\/gravel010623-1024x576.jpg\"},{\"@type\":\"BreadcrumbList\",\"@id\":\"https:\/\/inzain.bike\/en_gb\/igg24\/#breadcrumb\",\"itemListElement\":[{\"@type\":\"ListItem\",\"position\":1,\"name\":\"Hem\",\"item\":\"https:\/\/inzain.bike\/fr_be\/\"},{\"@type\":\"ListItem\",\"position\":2,\"name\":\"INZAIN Gravel Grinder IGG\"}]},{\"@type\":\"WebSite\",\"@id\":\"https:\/\/inzain.bike\/fr_be\/#website\",\"url\":\"https:\/\/inzain.bike\/fr_be\/\",\"name\":\"INZAIN Cycling EXPERIENCES\",\"description\":\"Cyckling Adventures  - for everyone\",\"publisher\":{\"@id\":\"https:\/\/inzain.bike\/fr_be\/#organization\"},\"alternateName\":\"INZAIN Gravel & Travel\",\"potentialAction\":[{\"@type\":\"SearchAction\",\"target\":{\"@type\":\"EntryPoint\",\"urlTemplate\":\"https:\/\/inzain.bike\/fr_be\/?s={search_term_string}\"},\"query-input\":{\"@type\":\"PropertyValueSpecification\",\"valueRequired\":true,\"valueName\":\"search_term_string\"}}],\"inLanguage\":\"de\"},{\"@type\":\"Organization\",\"@id\":\"https:\/\/inzain.bike\/fr_be\/#organization\",\"name\":\"INZAIN Cycling EXPERIENCES\",\"url\":\"https:\/\/inzain.bike\/fr_be\/\",\"logo\":{\"@type\":\"ImageObject\",\"inLanguage\":\"de\",\"@id\":\"https:\/\/inzain.bike\/fr_be\/#\/schema\/logo\/image\/\",\"url\":\"https:\/\/i0.wp.com\/inzain.bike\/wp-content\/uploads\/2023\/09\/cropped-INZAIN_512x512_white.png?fit=512%2C512&ssl=1\",\"contentUrl\":\"https:\/\/i0.wp.com\/inzain.bike\/wp-content\/uploads\/2023\/09\/cropped-INZAIN_512x512_white.png?fit=512%2C512&ssl=1\",\"width\":512,\"height\":512,\"caption\":\"INZAIN Cycling EXPERIENCES\"},\"image\":{\"@id\":\"https:\/\/inzain.bike\/fr_be\/#\/schema\/logo\/image\/\"},\"sameAs\":[\"https:\/\/www.facebook.com\/Inzain.bike\",\"https:\/\/www.instagram.com\/inzainbike\"]}]}<\/script>\n<!-- \/ Yoast SEO plugin. -->","yoast_head_json":{"title":"INZAIN Gravel Grinder IGG - INZAIN Cycling EXPERIENCES","robots":{"index":"index","follow":"follow","max-snippet":"max-snippet:-1","max-image-preview":"max-image-preview:large","max-video-preview":"max-video-preview:-1"},"canonical":"https:\/\/inzain.bike\/de\/igg24\/","og_locale":"de_DE","og_type":"article","og_title":"INZAIN Gravel Grinder IGG - INZAIN Cycling EXPERIENCES","og_description":"14 September I samarbete med Team Utan Gr\u00e4nser och deras event H\u00f6stgruset 200 Miles &#8211; 32 Mil P\u00e5 grus. Gemensam start, v\u00e4lfyllda dep\u00e5er och support. Mer information och anm\u00e4lan kommer snart&#8230;..","og_url":"https:\/\/inzain.bike\/de\/igg24\/","og_site_name":"INZAIN Cycling EXPERIENCES","article_publisher":"https:\/\/www.facebook.com\/Inzain.bike","article_modified_time":"2024-06-25T06:04:57+00:00","og_image":[{"url":"https:\/\/inzain.bike\/wp-content\/uploads\/2024\/06\/gravel010623-1024x576.jpg","type":"","width":"","height":""}],"twitter_card":"summary_large_image","twitter_misc":{"Gesch\u00e4tzte Lesezeit":"1\u00a0Minute"},"schema":{"@context":"https:\/\/schema.org","@graph":[{"@type":"WebPage","@id":"https:\/\/inzain.bike\/en_gb\/igg24\/","url":"https:\/\/inzain.bike\/en_gb\/igg24\/","name":"INZAIN Gravel Grinder IGG - INZAIN Cycling EXPERIENCES","isPartOf":{"@id":"https:\/\/inzain.bike\/fr_be\/#website"},"primaryImageOfPage":{"@id":"https:\/\/inzain.bike\/en_gb\/igg24\/#primaryimage"},"image":{"@id":"https:\/\/inzain.bike\/en_gb\/igg24\/#primaryimage"},"thumbnailUrl":"https:\/\/inzain.bike\/wp-content\/uploads\/2024\/06\/gravel010623-1024x576.jpg","datePublished":"2024-06-25T06:04:56+00:00","dateModified":"2024-06-25T06:04:57+00:00","breadcrumb":{"@id":"https:\/\/inzain.bike\/en_gb\/igg24\/#breadcrumb"},"inLanguage":"de","potentialAction":[{"@type":"ReadAction","target":["https:\/\/inzain.bike\/en_gb\/igg24\/"]}]},{"@type":"ImageObject","inLanguage":"de","@id":"https:\/\/inzain.bike\/en_gb\/igg24\/#primaryimage","url":"https:\/\/inzain.bike\/wp-content\/uploads\/2024\/06\/gravel010623-1024x576.jpg","contentUrl":"https:\/\/inzain.bike\/wp-content\/uploads\/2024\/06\/gravel010623-1024x576.jpg"},{"@type":"BreadcrumbList","@id":"https:\/\/inzain.bike\/en_gb\/igg24\/#breadcrumb","itemListElement":[{"@type":"ListItem","position":1,"name":"Hem","item":"https:\/\/inzain.bike\/fr_be\/"},{"@type":"ListItem","position":2,"name":"INZAIN Gravel Grinder IGG"}]},{"@type":"WebSite","@id":"https:\/\/inzain.bike\/fr_be\/#website","url":"https:\/\/inzain.bike\/fr_be\/","name":"INZAIN-Raderlebnisse","description":"Radabenteuer \u2013 f\u00fcr jedermann","publisher":{"@id":"https:\/\/inzain.bike\/fr_be\/#organization"},"alternateName":"INZAIN Gravel & Travel","potentialAction":[{"@type":"SearchAction","target":{"@type":"EntryPoint","urlTemplate":"https:\/\/inzain.bike\/fr_be\/?s={search_term_string}"},"query-input":{"@type":"PropertyValueSpecification","valueRequired":true,"valueName":"search_term_string"}}],"inLanguage":"de"},{"@type":"Organization","@id":"https:\/\/inzain.bike\/fr_be\/#organization","name":"INZAIN-Raderlebnisse","url":"https:\/\/inzain.bike\/fr_be\/","logo":{"@type":"ImageObject","inLanguage":"de","@id":"https:\/\/inzain.bike\/fr_be\/#\/schema\/logo\/image\/","url":"https:\/\/i0.wp.com\/inzain.bike\/wp-content\/uploads\/2023\/09\/cropped-INZAIN_512x512_white.png?fit=512%2C512&ssl=1","contentUrl":"https:\/\/i0.wp.com\/inzain.bike\/wp-content\/uploads\/2023\/09\/cropped-INZAIN_512x512_white.png?fit=512%2C512&ssl=1","width":512,"height":512,"caption":"INZAIN Cycling EXPERIENCES"},"image":{"@id":"https:\/\/inzain.bike\/fr_be\/#\/schema\/logo\/image\/"},"sameAs":["https:\/\/www.facebook.com\/Inzain.bike","https:\/\/www.instagram.com\/inzainbike"]}]}},"amp_enabled":true,"_links":{"self":[{"href":"https:\/\/inzain.bike\/de\/wp-json\/wp\/v2\/pages\/7493","targetHints":{"allow":["GET"]}}],"collection":[{"href":"https:\/\/inzain.bike\/de\/wp-json\/wp\/v2\/pages"}],"about":[{"href":"https:\/\/inzain.bike\/de\/wp-json\/wp\/v2\/types\/page"}],"author":[{"embeddable":true,"href":"https:\/\/inzain.bike\/de\/wp-json\/wp\/v2\/users\/203917875"}],"replies":[{"embeddable":true,"href":"https:\/\/inzain.bike\/de\/wp-json\/wp\/v2\/comments?post=7493"}],"version-history":[{"count":1,"href":"https:\/\/inzain.bike\/de\/wp-json\/wp\/v2\/pages\/7493\/revisions"}],"predecessor-version":[{"id":7497,"href":"https:\/\/inzain.bike\/de\/wp-json\/wp\/v2\/pages\/7493\/revisions\/7497"}],"wp:attachment":[{"href":"https:\/\/inzain.bike\/de\/wp-json\/wp\/v2\/media?parent=7493"}],"curies":[{"name":"wp","href":"https:\/\/api.w.org\/{rel}","templated":true}]}}