{"id":9017,"date":"2026-01-11T16:43:46","date_gmt":"2026-01-11T15:43:46","guid":{"rendered":"https:\/\/inzain.bike\/?page_id=9017"},"modified":"2026-01-18T11:36:25","modified_gmt":"2026-01-18T10:36:25","slug":"gir26-cycling","status":"publish","type":"page","link":"https:\/\/inzain.bike\/de\/gir26-cycling\/","title":{"rendered":"Girona 2026 Radsport"},"content":{"rendered":"<div class=\"wp-block-columns alignwide is-layout-flex wp-container-core-columns-is-layout-28f84493 wp-block-columns-is-layout-flex\">\n<div class=\"wp-block-column is-layout-flow wp-block-column-is-layout-flow\">\n<figure class=\"wp-block-image size-large\"><img loading=\"lazy\" decoding=\"async\" width=\"1024\" height=\"576\" src=\"https:\/\/inzain.bike\/wp-content\/uploads\/2026\/01\/DSC03483-ARW_DxO_DeepPRIME-2-1-1024x576.jpg\" alt=\"\" class=\"wp-image-9062\" srcset=\"https:\/\/inzain.bike\/wp-content\/uploads\/2026\/01\/DSC03483-ARW_DxO_DeepPRIME-2-1-1024x576.jpg 1024w, https:\/\/inzain.bike\/wp-content\/uploads\/2026\/01\/DSC03483-ARW_DxO_DeepPRIME-2-1-300x169.jpg 300w, https:\/\/inzain.bike\/wp-content\/uploads\/2026\/01\/DSC03483-ARW_DxO_DeepPRIME-2-1-768x432.jpg 768w, https:\/\/inzain.bike\/wp-content\/uploads\/2026\/01\/DSC03483-ARW_DxO_DeepPRIME-2-1-1536x864.jpg 1536w, https:\/\/inzain.bike\/wp-content\/uploads\/2026\/01\/DSC03483-ARW_DxO_DeepPRIME-2-1-2048x1152.jpg 2048w, https:\/\/inzain.bike\/wp-content\/uploads\/2026\/01\/DSC03483-ARW_DxO_DeepPRIME-2-1-18x10.jpg 18w, https:\/\/inzain.bike\/wp-content\/uploads\/2026\/01\/DSC03483-ARW_DxO_DeepPRIME-2-1-600x337.jpg 600w\" sizes=\"auto, (max-width: 1024px) 100vw, 1024px\" \/><\/figure>\n\n\n\n<p><strong>Routen<\/strong><\/p>\n\n\n\n<p>Unsere ortskundigen Guides begleiten uns auf f\u00fcnf fantastischen Touren. Wir haben einen Ruhetag eingeplant. Diesen k\u00f6nnen Sie nutzen, um am Pool zu entspannen, einen sch\u00f6nen Ausflug zu unternehmen oder, wenn Sie m\u00f6chten, eine Radtour zu machen. Wir bieten viele weitere tolle Routen an.<\/p>\n\n\n\n<p><strong>Geschwindigkeitsgruppen<\/strong><br>Wir haben zwei Guides, die unterschiedliche Geschwindigkeiten fahren. W\u00e4hlen Sie diejenige, die am besten zum jeweiligen Tag passt \u2013 etwas schneller oder etwas gem\u00fctlicher. Selbstverst\u00e4ndlich bleiben die Gruppen wie immer zusammen.<\/p>\n\n\n\n<p><strong>Fahrrad<\/strong><br>Bringen Sie Ihr eigenes Fahrrad mit oder mieten Sie sich vor Ort ein richtig gutes Gravelbike. In diesem Fall wird es Ihnen zum Haus geliefert.<\/p>\n\n\n\n<figure class=\"wp-block-image size-full\"><img decoding=\"async\" src=\"https:\/\/inzain.bike\/wp-content\/uploads\/2026\/01\/Z9B_3689.jpg\" alt=\"\" class=\"wp-image-9030\"\/><\/figure>\n\n\n\n<p><strong>Fahrerf\u00fchrer<\/strong><br>Wie \u00fcblich erh\u00e4lt jeder Teilnehmer unseren bekannten Fahrerf\u00fchrer. Er enth\u00e4lt umfassende Informationen zu allen Touren und Varianten. Etwa zwei Wochen vor Abreise findet ein Informationstreffen statt, bei dem der F\u00fchrer vorgestellt wird und Sie die Gastgeber und andere Radsportbegeisterte kennenlernen k\u00f6nnen. Der F\u00fchrer enth\u00e4lt neben allen Routen zum Download auch detaillierte Tourenbeschreibungen.<\/p>\n\n\n\n<p><strong>Zeitplan<\/strong><br><strong>Tag eins<\/strong> <br>Ankunft, Fahrradmontage, Check-in, kurze Testfahrt.<br><br><strong>Tag zwei<\/strong><br>Wir unternahmen eine wundersch\u00f6ne Reise. Sie ist 85 km lang und f\u00fchrt uns zu einem mittelalterlichen Dorf und mehreren netten Caf\u00e9s.<\/p>\n\n\n\n<p><strong>Tag drei<\/strong><br>95 km. Wir radeln entlang der wundersch\u00f6nen K\u00fcste der Costa Brava und machen, wer m\u00f6chte, eine Badepause. Zum Mittagessen gibt es nat\u00fcrlich Meeresfr\u00fcchte.<br><br><strong>Tag vier<\/strong><br>Eine etwas l\u00e4ngere Fahrt, 100 km \u00fcber kurvenreiche Feldwege und durch Weinberge. Wir werden mit einem k\u00f6stlichen Mittagessen und einer \u00dcberraschung verw\u00f6hnt.<br><br><strong>Tag f\u00fcnf<\/strong><br>Ruhetag \u2013 Unternehmen Sie einen Ausflug, entspannen Sie am Pool oder unternehmen Sie eine Reise auf eigene Faust, wir haben Routen sowohl auf Schotter- als auch auf Landstra\u00dfen.<br>Wenn Sie einen Ausflug planen, w\u00e4ren vielleicht das Dali-Museum, Barcelona oder all die Caf\u00e9s in Girona etwas f\u00fcr Sie \u2013 die Auswahl ist riesig.<br><br><strong>Tag sechs<\/strong><br>90 km Richtung Pyren\u00e4en, fantastische Ausblicke und kleine, wundersch\u00f6ne Stra\u00dfen. Ein wahres Juwel.<br><br><strong>Tag sieben<\/strong><br>80 km entlang legend\u00e4rer Schotterstra\u00dfen \u2013 die Vielfalt hier ist enorm, und an diesem Tag nehmen wir die meisten der sch\u00f6nsten Abschnitte mit.<br><br><strong>Tag acht<\/strong><br>Wir packen unsere Fahrr\u00e4der und fahren f\u00fcr die R\u00fcckreise nach Barcelona.<\/p>\n<\/div>\n<\/div>\n\n\n\n<p><\/p>","protected":false},"excerpt":{"rendered":"<p>Rutter V\u00e5ra lokala guider tar med oss p\u00e5 fem fantastiska turer. Vi har en inplanerad vilodag. Den kan anv\u00e4ndas till att koppla av vid poolen, kanske g\u00f6ra en trevlig utflykt eller, f\u00f6r den som vill, en cykeltur. Vi har massor med bra extra rutter att erbjuda. FartgrupperVi har tv\u00e5 guider som kommer h\u00e5lla olika fart, [&hellip;]<\/p>\n","protected":false},"author":203917875,"featured_media":0,"parent":0,"menu_order":0,"comment_status":"closed","ping_status":"closed","template":"","meta":{"_coblocks_attr":"","_coblocks_dimensions":"","_coblocks_responsive_height":"","_coblocks_accordion_ie_support":"","footnotes":""},"class_list":["post-9017","page","type-page","status-publish","hentry"],"yoast_head":"<!-- This site is optimized with the Yoast SEO plugin v27.2 - https:\/\/yoast.com\/product\/yoast-seo-wordpress\/ -->\n<title>Girona 2026 Cykling - INZAIN Cycling EXPERIENCES<\/title>\n<meta name=\"robots\" content=\"index, follow, max-snippet:-1, max-image-preview:large, max-video-preview:-1\" \/>\n<link rel=\"canonical\" href=\"https:\/\/inzain.bike\/de\/gir26-cycling\/\" \/>\n<meta property=\"og:locale\" content=\"de_DE\" \/>\n<meta property=\"og:type\" content=\"article\" \/>\n<meta property=\"og:title\" content=\"Girona 2026 Cykling - INZAIN Cycling EXPERIENCES\" \/>\n<meta property=\"og:description\" content=\"Rutter V\u00e5ra lokala guider tar med oss p\u00e5 fem fantastiska turer. Vi har en inplanerad vilodag. Den kan anv\u00e4ndas till att koppla av vid poolen, kanske g\u00f6ra en trevlig utflykt eller, f\u00f6r den som vill, en cykeltur. Vi har massor med bra extra rutter att erbjuda. FartgrupperVi har tv\u00e5 guider som kommer h\u00e5lla olika fart, [&hellip;]\" \/>\n<meta property=\"og:url\" content=\"https:\/\/inzain.bike\/de\/gir26-cycling\/\" \/>\n<meta property=\"og:site_name\" content=\"INZAIN Cycling EXPERIENCES\" \/>\n<meta property=\"article:publisher\" content=\"https:\/\/www.facebook.com\/Inzain.bike\" \/>\n<meta property=\"article:modified_time\" content=\"2026-01-18T10:36:25+00:00\" \/>\n<meta property=\"og:image\" content=\"https:\/\/inzain.bike\/wp-content\/uploads\/2026\/01\/DSC03483-ARW_DxO_DeepPRIME-2-1-scaled.jpg\" \/>\n\t<meta property=\"og:image:width\" content=\"2560\" \/>\n\t<meta property=\"og:image:height\" content=\"1440\" \/>\n\t<meta property=\"og:image:type\" content=\"image\/jpeg\" \/>\n<meta name=\"twitter:card\" content=\"summary_large_image\" \/>\n<meta name=\"twitter:label1\" content=\"Gesch\u00e4tzte Lesezeit\" \/>\n\t<meta name=\"twitter:data1\" content=\"3\u00a0Minuten\" \/>\n<script type=\"application\/ld+json\" class=\"yoast-schema-graph\">{\"@context\":\"https:\/\/schema.org\",\"@graph\":[{\"@type\":\"WebPage\",\"@id\":\"https:\/\/inzain.bike\/gir26-cycling\/\",\"url\":\"https:\/\/inzain.bike\/gir26-cycling\/\",\"name\":\"Girona 2026 Cykling - INZAIN Cycling EXPERIENCES\",\"isPartOf\":{\"@id\":\"https:\/\/inzain.bike\/fr_be\/#website\"},\"primaryImageOfPage\":{\"@id\":\"https:\/\/inzain.bike\/gir26-cycling\/#primaryimage\"},\"image\":{\"@id\":\"https:\/\/inzain.bike\/gir26-cycling\/#primaryimage\"},\"thumbnailUrl\":\"https:\/\/inzain.bike\/wp-content\/uploads\/2026\/01\/DSC03483-ARW_DxO_DeepPRIME-2-1-1024x576.jpg\",\"datePublished\":\"2026-01-11T15:43:46+00:00\",\"dateModified\":\"2026-01-18T10:36:25+00:00\",\"breadcrumb\":{\"@id\":\"https:\/\/inzain.bike\/gir26-cycling\/#breadcrumb\"},\"inLanguage\":\"de\",\"potentialAction\":[{\"@type\":\"ReadAction\",\"target\":[\"https:\/\/inzain.bike\/gir26-cycling\/\"]}]},{\"@type\":\"ImageObject\",\"inLanguage\":\"de\",\"@id\":\"https:\/\/inzain.bike\/gir26-cycling\/#primaryimage\",\"url\":\"https:\/\/inzain.bike\/wp-content\/uploads\/2026\/01\/DSC03483-ARW_DxO_DeepPRIME-2-1-1024x576.jpg\",\"contentUrl\":\"https:\/\/inzain.bike\/wp-content\/uploads\/2026\/01\/DSC03483-ARW_DxO_DeepPRIME-2-1-1024x576.jpg\"},{\"@type\":\"BreadcrumbList\",\"@id\":\"https:\/\/inzain.bike\/gir26-cycling\/#breadcrumb\",\"itemListElement\":[{\"@type\":\"ListItem\",\"position\":1,\"name\":\"Hem\",\"item\":\"https:\/\/inzain.bike\/fr_be\/\"},{\"@type\":\"ListItem\",\"position\":2,\"name\":\"Girona 2026 Cykling\"}]},{\"@type\":\"WebSite\",\"@id\":\"https:\/\/inzain.bike\/fr_be\/#website\",\"url\":\"https:\/\/inzain.bike\/fr_be\/\",\"name\":\"INZAIN Cycling EXPERIENCES\",\"description\":\"Cyckling Adventures  - for everyone\",\"publisher\":{\"@id\":\"https:\/\/inzain.bike\/fr_be\/#organization\"},\"alternateName\":\"INZAIN Gravel & Travel\",\"potentialAction\":[{\"@type\":\"SearchAction\",\"target\":{\"@type\":\"EntryPoint\",\"urlTemplate\":\"https:\/\/inzain.bike\/fr_be\/?s={search_term_string}\"},\"query-input\":{\"@type\":\"PropertyValueSpecification\",\"valueRequired\":true,\"valueName\":\"search_term_string\"}}],\"inLanguage\":\"de\"},{\"@type\":\"Organization\",\"@id\":\"https:\/\/inzain.bike\/fr_be\/#organization\",\"name\":\"INZAIN Cycling EXPERIENCES\",\"url\":\"https:\/\/inzain.bike\/fr_be\/\",\"logo\":{\"@type\":\"ImageObject\",\"inLanguage\":\"de\",\"@id\":\"https:\/\/inzain.bike\/fr_be\/#\/schema\/logo\/image\/\",\"url\":\"https:\/\/i0.wp.com\/inzain.bike\/wp-content\/uploads\/2023\/09\/cropped-INZAIN_512x512_white.png?fit=512%2C512&ssl=1\",\"contentUrl\":\"https:\/\/i0.wp.com\/inzain.bike\/wp-content\/uploads\/2023\/09\/cropped-INZAIN_512x512_white.png?fit=512%2C512&ssl=1\",\"width\":512,\"height\":512,\"caption\":\"INZAIN Cycling EXPERIENCES\"},\"image\":{\"@id\":\"https:\/\/inzain.bike\/fr_be\/#\/schema\/logo\/image\/\"},\"sameAs\":[\"https:\/\/www.facebook.com\/Inzain.bike\",\"https:\/\/www.instagram.com\/inzainbike\"]}]}<\/script>\n<!-- \/ Yoast SEO plugin. -->","yoast_head_json":{"title":"Girona 2026 Cykling - INZAIN Cycling EXPERIENCES","robots":{"index":"index","follow":"follow","max-snippet":"max-snippet:-1","max-image-preview":"max-image-preview:large","max-video-preview":"max-video-preview:-1"},"canonical":"https:\/\/inzain.bike\/de\/gir26-cycling\/","og_locale":"de_DE","og_type":"article","og_title":"Girona 2026 Cykling - INZAIN Cycling EXPERIENCES","og_description":"Rutter V\u00e5ra lokala guider tar med oss p\u00e5 fem fantastiska turer. Vi har en inplanerad vilodag. Den kan anv\u00e4ndas till att koppla av vid poolen, kanske g\u00f6ra en trevlig utflykt eller, f\u00f6r den som vill, en cykeltur. Vi har massor med bra extra rutter att erbjuda. FartgrupperVi har tv\u00e5 guider som kommer h\u00e5lla olika fart, [&hellip;]","og_url":"https:\/\/inzain.bike\/de\/gir26-cycling\/","og_site_name":"INZAIN Cycling EXPERIENCES","article_publisher":"https:\/\/www.facebook.com\/Inzain.bike","article_modified_time":"2026-01-18T10:36:25+00:00","og_image":[{"width":2560,"height":1440,"url":"https:\/\/inzain.bike\/wp-content\/uploads\/2026\/01\/DSC03483-ARW_DxO_DeepPRIME-2-1-scaled.jpg","type":"image\/jpeg"}],"twitter_card":"summary_large_image","twitter_misc":{"Gesch\u00e4tzte Lesezeit":"3\u00a0Minuten"},"schema":{"@context":"https:\/\/schema.org","@graph":[{"@type":"WebPage","@id":"https:\/\/inzain.bike\/gir26-cycling\/","url":"https:\/\/inzain.bike\/gir26-cycling\/","name":"Girona 2026 Cykling - INZAIN Cycling EXPERIENCES","isPartOf":{"@id":"https:\/\/inzain.bike\/fr_be\/#website"},"primaryImageOfPage":{"@id":"https:\/\/inzain.bike\/gir26-cycling\/#primaryimage"},"image":{"@id":"https:\/\/inzain.bike\/gir26-cycling\/#primaryimage"},"thumbnailUrl":"https:\/\/inzain.bike\/wp-content\/uploads\/2026\/01\/DSC03483-ARW_DxO_DeepPRIME-2-1-1024x576.jpg","datePublished":"2026-01-11T15:43:46+00:00","dateModified":"2026-01-18T10:36:25+00:00","breadcrumb":{"@id":"https:\/\/inzain.bike\/gir26-cycling\/#breadcrumb"},"inLanguage":"de","potentialAction":[{"@type":"ReadAction","target":["https:\/\/inzain.bike\/gir26-cycling\/"]}]},{"@type":"ImageObject","inLanguage":"de","@id":"https:\/\/inzain.bike\/gir26-cycling\/#primaryimage","url":"https:\/\/inzain.bike\/wp-content\/uploads\/2026\/01\/DSC03483-ARW_DxO_DeepPRIME-2-1-1024x576.jpg","contentUrl":"https:\/\/inzain.bike\/wp-content\/uploads\/2026\/01\/DSC03483-ARW_DxO_DeepPRIME-2-1-1024x576.jpg"},{"@type":"BreadcrumbList","@id":"https:\/\/inzain.bike\/gir26-cycling\/#breadcrumb","itemListElement":[{"@type":"ListItem","position":1,"name":"Hem","item":"https:\/\/inzain.bike\/fr_be\/"},{"@type":"ListItem","position":2,"name":"Girona 2026 Cykling"}]},{"@type":"WebSite","@id":"https:\/\/inzain.bike\/fr_be\/#website","url":"https:\/\/inzain.bike\/fr_be\/","name":"INZAIN-Raderlebnisse","description":"Radabenteuer \u2013 f\u00fcr jedermann","publisher":{"@id":"https:\/\/inzain.bike\/fr_be\/#organization"},"alternateName":"INZAIN Gravel & Travel","potentialAction":[{"@type":"SearchAction","target":{"@type":"EntryPoint","urlTemplate":"https:\/\/inzain.bike\/fr_be\/?s={search_term_string}"},"query-input":{"@type":"PropertyValueSpecification","valueRequired":true,"valueName":"search_term_string"}}],"inLanguage":"de"},{"@type":"Organization","@id":"https:\/\/inzain.bike\/fr_be\/#organization","name":"INZAIN-Raderlebnisse","url":"https:\/\/inzain.bike\/fr_be\/","logo":{"@type":"ImageObject","inLanguage":"de","@id":"https:\/\/inzain.bike\/fr_be\/#\/schema\/logo\/image\/","url":"https:\/\/i0.wp.com\/inzain.bike\/wp-content\/uploads\/2023\/09\/cropped-INZAIN_512x512_white.png?fit=512%2C512&ssl=1","contentUrl":"https:\/\/i0.wp.com\/inzain.bike\/wp-content\/uploads\/2023\/09\/cropped-INZAIN_512x512_white.png?fit=512%2C512&ssl=1","width":512,"height":512,"caption":"INZAIN Cycling EXPERIENCES"},"image":{"@id":"https:\/\/inzain.bike\/fr_be\/#\/schema\/logo\/image\/"},"sameAs":["https:\/\/www.facebook.com\/Inzain.bike","https:\/\/www.instagram.com\/inzainbike"]}]}},"amp_enabled":true,"_links":{"self":[{"href":"https:\/\/inzain.bike\/de\/wp-json\/wp\/v2\/pages\/9017","targetHints":{"allow":["GET"]}}],"collection":[{"href":"https:\/\/inzain.bike\/de\/wp-json\/wp\/v2\/pages"}],"about":[{"href":"https:\/\/inzain.bike\/de\/wp-json\/wp\/v2\/types\/page"}],"author":[{"embeddable":true,"href":"https:\/\/inzain.bike\/de\/wp-json\/wp\/v2\/users\/203917875"}],"replies":[{"embeddable":true,"href":"https:\/\/inzain.bike\/de\/wp-json\/wp\/v2\/comments?post=9017"}],"version-history":[{"count":4,"href":"https:\/\/inzain.bike\/de\/wp-json\/wp\/v2\/pages\/9017\/revisions"}],"predecessor-version":[{"id":9135,"href":"https:\/\/inzain.bike\/de\/wp-json\/wp\/v2\/pages\/9017\/revisions\/9135"}],"wp:attachment":[{"href":"https:\/\/inzain.bike\/de\/wp-json\/wp\/v2\/media?parent=9017"}],"curies":[{"name":"wp","href":"https:\/\/api.w.org\/{rel}","templated":true}]}}