{"id":9884,"date":"2026-01-23T17:17:14","date_gmt":"2026-01-23T16:17:14","guid":{"rendered":"https:\/\/inzain.bike\/?post_type=product&#038;p=9884"},"modified":"2026-02-01T16:58:32","modified_gmt":"2026-02-01T15:58:32","slug":"gbs-wheel-set","status":"publish","type":"product","link":"https:\/\/inzain.bike\/de\/produkt\/gbs-wheel-set\/","title":{"rendered":"GBS Radsatz"},"content":{"rendered":"<p><strong>GBS Gravel-Laufr\u00e4der<\/strong><\/p>\n<p>Es gibt verschiedene Varianten: CLASSIC, WAWE, WIDE und LITE.<\/p>\n<p><strong>KLASSIKER<\/strong> WAVE-R\u00e4der sind die ultimativen Allround-R\u00e4der und zeichnen sich durch eine moderne Wellenform mit aerodynamischen Vorteilen aus.<br \/>\n<strong>BREIT<\/strong> Sie sind innen 32 mm breit und eignen sich perfekt f\u00fcr breite Gravelreifen ab 42 mm.<br \/>\n<strong>WAWE<\/strong> hat eine moderne Aero-Form, perfekt f\u00fcr alle, die gerne schnell fahren.<br \/>\n<strong>EIN WENIG<\/strong> sind am einfachsten f\u00fcr diejenigen unter Ihnen, die es w\u00fcnschen.<\/p>\n<p>Sie stellen sich Ihre Wunschlaufr\u00e4der zusammen, indem Sie Felge, Nabe und Freilaufk\u00f6rper ausw\u00e4hlen.<\/p>\n<p>F\u00fcr das Gangsystem Ihres Fahrrads stehen Ihnen verschiedene Naben- und Antriebstypen zur Auswahl.<\/p>\n<p><strong>\u00dcber Dimensionen<\/strong><\/p>\n<p>Die H\u00f6he gibt die H\u00f6he der Felge an (oder Tiefe, wenn Sie es vorziehen). Eine gro\u00dfe H\u00f6he (H) gilt als aerodynamischer. Wir finden sie aber vor allem optisch ansprechend. Die Breite (B) bezeichnet die Au\u00dfenbreite der Felge. Die Innenbreite (IB) ist die Breite an der Innenseite. Je breiter, desto st\u00e4rker w\u00f6lbt sich der Reifen. Ein neuer Trend bei Gravel-Laufr\u00e4dern ist eine gro\u00dfe Innenbreite (z. B. WIDE).<\/p>\n<p><strong>Merkmale eines<em>lla R\u00e4der<\/em><\/strong><\/p>\n<ul class=\"wp-block-list\">\n<li><em>Gleiche Preise und Gewichte f\u00fcr mit\/ohne Haken<\/em><\/li>\n<li><em>F\u00fcr Scheibenbremse mit Zentralverriegelung (CL)<\/em>, (<strong>EXTRALITE hat 6 Schrauben!<\/strong>)<\/li>\n<li><em>Fehlende Bremsfl\u00e4che<\/em><\/li>\n<li>NEIN\u00a0<em>Loch in der Felgenspur<\/em>\u00a0&gt;<em>\u00a0Kein Felgenband erforderlich<\/em>\u00a0(<em><strong>LITE hat L\u00f6cher in der Felgenspur<\/strong><\/em>)<\/li>\n<li>N<em>Ipplar sind aus Messing<\/em>\u00a0<em>(Sapim Sicherheitsschloss SILS<\/em>)<\/li>\n<li>F<em>fertig<\/em>\u2002<em>ist UD Matte<\/em><\/li>\n<li><em>F\u00fcr 12\u00d7100\/12\u00d7142 Steckachse<\/em><\/li>\n<li><em>24 Speichen.<\/em>\u00a0<em>Sapim CX Ray Speichen<\/em>,\u00a0<em>Schwarz<\/em><\/li>\n<li><em>Alle Gewichte sind mit Toleranz (+\/- 30 gr) angegeben<\/em><\/li>\n<li><em>Felgengarantie f\u00fcr 5 Jahre<\/em><\/li>\n<li><em>Die Lieferung an Sie ist im Preis inbegriffen, die Lieferzeit betr\u00e4gt ca. 8 Wochen<\/em><\/li>\n<\/ul>\n<p><strong>Felgengarantie f\u00fcr f\u00fcnf Jahre.<\/strong><br \/>\n<em>Alle K\u00e4ufer erhalten f\u00fcnf Jahre volle Garantie auf die Felgen. (Gilt f\u00fcr den Erstbesitzer)<br \/>\nFrisst Ihr Hund die Felge? \u00dcberfahren Sie es mit<\/em>\u2002<em>das Auto? Schaffst du es bei deinem radikalen Lauf? Egal, Du bekommst eine neue Felge.<br \/>\n(Voraussetzung ist, dass Sie es an uns einsenden, damit wir es vernichten k\u00f6nnen<\/em>)<\/p>\n<p><strong>Felgen und Naben frei w\u00e4hlen<\/strong><\/p>\n<p>Alle Felgen sind mit allen Naben kombinierbar.<\/p>\n<p><strong>EIN WENIG<\/strong><br \/>\nAm einfachsten geht es mit EXTRALITE-Naben. Wir glauben, dass die RD261-Naben, die nur 50 g schwerer, aber mehr als 5.000 SEK g\u00fcnstiger sind, eine wirklich gute Alternative darstellen k\u00f6nnen.<\/p>\n<p><strong>Treiber<\/strong><\/p>\n<p>Viele Leute fragen sich das, und Shimano hat es nicht gerade leicht gemacht, mitzuhalten. Aber hier ist die Sache.<br \/>\nWenn Sie 10\/11-fach geteilt fahren ODER Shimano GRX 2\u00d712 haben, sollten Sie Shimano 11sp (Hyperglide oder HG) w\u00e4hlen. Wenn Sie jedoch Shimano MTB oder GRX 1\u00d712 fahren, sollten Sie stattdessen Shimano 12spMicrospline w\u00e4hlen.<br \/>\n<em>Die folgende Anleitung kann Klarheit schaffen<\/em><\/p>\n<p><a href=\"https:\/\/bike.shimano.com\/stories\/article\/a-guide-to-shimanos-12-speed-freehubs-and-compatibility.html\">https:\/\/bike.shimano.com\/stories\/article\/a-guide-to-shimanos-12-speed-freehubs-and-compatibility.html<\/a><\/p>","protected":false},"excerpt":{"rendered":"<p>GBS Gravel-Laufr\u00e4der<\/p>\n<p>Bygg dina dr\u00f6mhjul, v\u00e4lj f\u00e4lg, nav och driver.<\/p>","protected":false},"featured_media":9886,"comment_status":"open","ping_status":"closed","template":"","meta":{"_coblocks_attr":"","_coblocks_dimensions":"","_coblocks_responsive_height":"","_coblocks_accordion_ie_support":""},"product_brand":[],"product_cat":[],"product_tag":[],"class_list":{"0":"post-9884","1":"product","2":"type-product","3":"status-publish","4":"has-post-thumbnail","6":"product_shipping_class-hjul","8":"first","9":"instock","10":"shipping-taxable","11":"purchasable","12":"product-type-composite"},"composite_virtual":false,"composite_layout":"paged","composite_add_to_cart_form_location":"default","composite_editable_in_cart":false,"composite_sold_individually_context":"product","composite_shop_price_calc":"defaults","composite_components":[{"id":"1769188484","title":"Rand","description":"<p>W\u00e4hlen Sie die Felgen aus, die Sie m\u00f6chten<\/p>","query_type":"product_ids","query_ids":[9172],"default_option_id":9172,"thumbnail_id":"","thumbnail_src":"","quantity_min":1,"quantity_max":1,"priced_individually":true,"shipped_individually":false,"optional":false,"discount":"","options_style":"dropdowns","pagination_style":"classic","display_prices":"absolute","show_sorting_options":false,"show_filtering_options":false,"attribute_filter_ids":[],"select_action":"view","product_title_visible":true,"product_descr_visible":true,"product_price_visible":true,"product_thumb_visible":true,"subtotal_visible_product":true,"subtotal_visible_cart":true,"subtotal_visible_orders":true},{"id":"1769188635","title":"Nabe","description":"<p>Hub ausw\u00e4hlen<\/p>","query_type":"product_ids","query_ids":[9873],"default_option_id":9873,"thumbnail_id":"","thumbnail_src":"","quantity_min":1,"quantity_max":1,"priced_individually":true,"shipped_individually":false,"optional":false,"discount":"","options_style":"dropdowns","pagination_style":"classic","display_prices":"absolute","show_sorting_options":false,"show_filtering_options":false,"attribute_filter_ids":[],"select_action":"view","product_title_visible":true,"product_descr_visible":true,"product_price_visible":true,"product_thumb_visible":true,"subtotal_visible_product":true,"subtotal_visible_cart":true,"subtotal_visible_orders":true},{"id":"1769188636","title":"Treiber","description":"<p>Welchen Fahrer du haben m\u00f6chtest, h\u00e4ngt davon ab, welche G\u00e4nge dein Fahrrad hat.<\/p>","query_type":"product_ids","query_ids":[9879],"default_option_id":9879,"thumbnail_id":"","thumbnail_src":"","quantity_min":1,"quantity_max":1,"priced_individually":true,"shipped_individually":false,"optional":false,"discount":"","options_style":"dropdowns","pagination_style":"classic","display_prices":"absolute","show_sorting_options":false,"show_filtering_options":false,"attribute_filter_ids":[],"select_action":"view","product_title_visible":true,"product_descr_visible":true,"product_price_visible":true,"product_thumb_visible":true,"subtotal_visible_product":true,"subtotal_visible_cart":true,"subtotal_visible_orders":true}],"composite_scenarios":[],"yoast_head":"<!-- This site is optimized with the Yoast SEO plugin v27.2 - https:\/\/yoast.com\/product\/yoast-seo-wordpress\/ -->\n<title>GBS Wheel Set - INZAIN Cycling EXPERIENCES<\/title>\n<meta name=\"robots\" content=\"index, follow, max-snippet:-1, max-image-preview:large, max-video-preview:-1\" \/>\n<link rel=\"canonical\" href=\"https:\/\/inzain.bike\/de\/produkt\/gbs-wheel-set\/\" \/>\n<meta property=\"og:locale\" content=\"de_DE\" \/>\n<meta property=\"og:type\" content=\"article\" \/>\n<meta property=\"og:title\" content=\"GBS Wheel Set - INZAIN Cycling EXPERIENCES\" \/>\n<meta property=\"og:description\" content=\"GBS Gravel Hjul  Bygg dina dr\u00f6mhjul, v\u00e4lj f\u00e4lg, nav och driver.\" \/>\n<meta property=\"og:url\" content=\"https:\/\/inzain.bike\/de\/produkt\/gbs-wheel-set\/\" \/>\n<meta property=\"og:site_name\" content=\"INZAIN Cycling EXPERIENCES\" \/>\n<meta property=\"article:publisher\" content=\"https:\/\/www.facebook.com\/Inzain.bike\" \/>\n<meta property=\"article:modified_time\" content=\"2026-02-01T15:58:32+00:00\" \/>\n<meta property=\"og:image\" content=\"https:\/\/inzain.bike\/wp-content\/uploads\/2026\/01\/20220409_124721-1320x990-1.jpg\" \/>\n\t<meta property=\"og:image:width\" content=\"1320\" \/>\n\t<meta property=\"og:image:height\" content=\"990\" \/>\n\t<meta property=\"og:image:type\" content=\"image\/jpeg\" \/>\n<meta name=\"twitter:card\" content=\"summary_large_image\" \/>\n<meta name=\"twitter:label1\" content=\"Gesch\u00e4tzte Lesezeit\" \/>\n\t<meta name=\"twitter:data1\" content=\"3\u00a0Minuten\" \/>\n<script type=\"application\/ld+json\" class=\"yoast-schema-graph\">{\"@context\":\"https:\/\/schema.org\",\"@graph\":[{\"@type\":\"WebPage\",\"@id\":\"https:\/\/inzain.bike\/produkt\/gbs-wheel-set\/\",\"url\":\"https:\/\/inzain.bike\/produkt\/gbs-wheel-set\/\",\"name\":\"GBS Wheel Set - INZAIN Cycling EXPERIENCES\",\"isPartOf\":{\"@id\":\"https:\/\/inzain.bike\/fr_be\/#website\"},\"primaryImageOfPage\":{\"@id\":\"https:\/\/inzain.bike\/produkt\/gbs-wheel-set\/#primaryimage\"},\"image\":{\"@id\":\"https:\/\/inzain.bike\/produkt\/gbs-wheel-set\/#primaryimage\"},\"thumbnailUrl\":\"https:\/\/inzain.bike\/wp-content\/uploads\/2026\/01\/20220409_124721-1320x990-1.jpg\",\"datePublished\":\"2026-01-23T16:17:14+00:00\",\"dateModified\":\"2026-02-01T15:58:32+00:00\",\"breadcrumb\":{\"@id\":\"https:\/\/inzain.bike\/produkt\/gbs-wheel-set\/#breadcrumb\"},\"inLanguage\":\"de\",\"potentialAction\":[{\"@type\":\"ReadAction\",\"target\":[\"https:\/\/inzain.bike\/produkt\/gbs-wheel-set\/\"]}]},{\"@type\":\"ImageObject\",\"inLanguage\":\"de\",\"@id\":\"https:\/\/inzain.bike\/produkt\/gbs-wheel-set\/#primaryimage\",\"url\":\"https:\/\/inzain.bike\/wp-content\/uploads\/2026\/01\/20220409_124721-1320x990-1.jpg\",\"contentUrl\":\"https:\/\/inzain.bike\/wp-content\/uploads\/2026\/01\/20220409_124721-1320x990-1.jpg\",\"width\":1320,\"height\":990},{\"@type\":\"BreadcrumbList\",\"@id\":\"https:\/\/inzain.bike\/produkt\/gbs-wheel-set\/#breadcrumb\",\"itemListElement\":[{\"@type\":\"ListItem\",\"position\":1,\"name\":\"Hem\",\"item\":\"https:\/\/inzain.bike\/fr_be\/\"},{\"@type\":\"ListItem\",\"position\":2,\"name\":\"Webbutik\",\"item\":\"https:\/\/inzain.bike\/fi\/butik\/\"},{\"@type\":\"ListItem\",\"position\":3,\"name\":\"GBS Wheel Set\"}]},{\"@type\":\"WebSite\",\"@id\":\"https:\/\/inzain.bike\/fr_be\/#website\",\"url\":\"https:\/\/inzain.bike\/fr_be\/\",\"name\":\"INZAIN Cycling EXPERIENCES\",\"description\":\"Cyckling Adventures  - for everyone\",\"publisher\":{\"@id\":\"https:\/\/inzain.bike\/fr_be\/#organization\"},\"alternateName\":\"INZAIN Gravel & Travel\",\"potentialAction\":[{\"@type\":\"SearchAction\",\"target\":{\"@type\":\"EntryPoint\",\"urlTemplate\":\"https:\/\/inzain.bike\/fr_be\/?s={search_term_string}\"},\"query-input\":{\"@type\":\"PropertyValueSpecification\",\"valueRequired\":true,\"valueName\":\"search_term_string\"}}],\"inLanguage\":\"de\"},{\"@type\":\"Organization\",\"@id\":\"https:\/\/inzain.bike\/fr_be\/#organization\",\"name\":\"INZAIN Cycling EXPERIENCES\",\"url\":\"https:\/\/inzain.bike\/fr_be\/\",\"logo\":{\"@type\":\"ImageObject\",\"inLanguage\":\"de\",\"@id\":\"https:\/\/inzain.bike\/fr_be\/#\/schema\/logo\/image\/\",\"url\":\"https:\/\/i0.wp.com\/inzain.bike\/wp-content\/uploads\/2023\/09\/cropped-INZAIN_512x512_white.png?fit=512%2C512&ssl=1\",\"contentUrl\":\"https:\/\/i0.wp.com\/inzain.bike\/wp-content\/uploads\/2023\/09\/cropped-INZAIN_512x512_white.png?fit=512%2C512&ssl=1\",\"width\":512,\"height\":512,\"caption\":\"INZAIN Cycling EXPERIENCES\"},\"image\":{\"@id\":\"https:\/\/inzain.bike\/fr_be\/#\/schema\/logo\/image\/\"},\"sameAs\":[\"https:\/\/www.facebook.com\/Inzain.bike\",\"https:\/\/www.instagram.com\/inzainbike\"]}]}<\/script>\n<!-- \/ Yoast SEO plugin. -->","yoast_head_json":{"title":"GBS Wheel Set - INZAIN Cycling EXPERIENCES","robots":{"index":"index","follow":"follow","max-snippet":"max-snippet:-1","max-image-preview":"max-image-preview:large","max-video-preview":"max-video-preview:-1"},"canonical":"https:\/\/inzain.bike\/de\/produkt\/gbs-wheel-set\/","og_locale":"de_DE","og_type":"article","og_title":"GBS Wheel Set - INZAIN Cycling EXPERIENCES","og_description":"GBS Gravel Hjul  Bygg dina dr\u00f6mhjul, v\u00e4lj f\u00e4lg, nav och driver.","og_url":"https:\/\/inzain.bike\/de\/produkt\/gbs-wheel-set\/","og_site_name":"INZAIN Cycling EXPERIENCES","article_publisher":"https:\/\/www.facebook.com\/Inzain.bike","article_modified_time":"2026-02-01T15:58:32+00:00","og_image":[{"width":1320,"height":990,"url":"https:\/\/inzain.bike\/wp-content\/uploads\/2026\/01\/20220409_124721-1320x990-1.jpg","type":"image\/jpeg"}],"twitter_card":"summary_large_image","twitter_misc":{"Gesch\u00e4tzte Lesezeit":"3\u00a0Minuten"},"schema":{"@context":"https:\/\/schema.org","@graph":[{"@type":"WebPage","@id":"https:\/\/inzain.bike\/produkt\/gbs-wheel-set\/","url":"https:\/\/inzain.bike\/produkt\/gbs-wheel-set\/","name":"GBS Wheel Set - INZAIN Cycling EXPERIENCES","isPartOf":{"@id":"https:\/\/inzain.bike\/fr_be\/#website"},"primaryImageOfPage":{"@id":"https:\/\/inzain.bike\/produkt\/gbs-wheel-set\/#primaryimage"},"image":{"@id":"https:\/\/inzain.bike\/produkt\/gbs-wheel-set\/#primaryimage"},"thumbnailUrl":"https:\/\/inzain.bike\/wp-content\/uploads\/2026\/01\/20220409_124721-1320x990-1.jpg","datePublished":"2026-01-23T16:17:14+00:00","dateModified":"2026-02-01T15:58:32+00:00","breadcrumb":{"@id":"https:\/\/inzain.bike\/produkt\/gbs-wheel-set\/#breadcrumb"},"inLanguage":"de","potentialAction":[{"@type":"ReadAction","target":["https:\/\/inzain.bike\/produkt\/gbs-wheel-set\/"]}]},{"@type":"ImageObject","inLanguage":"de","@id":"https:\/\/inzain.bike\/produkt\/gbs-wheel-set\/#primaryimage","url":"https:\/\/inzain.bike\/wp-content\/uploads\/2026\/01\/20220409_124721-1320x990-1.jpg","contentUrl":"https:\/\/inzain.bike\/wp-content\/uploads\/2026\/01\/20220409_124721-1320x990-1.jpg","width":1320,"height":990},{"@type":"BreadcrumbList","@id":"https:\/\/inzain.bike\/produkt\/gbs-wheel-set\/#breadcrumb","itemListElement":[{"@type":"ListItem","position":1,"name":"Hem","item":"https:\/\/inzain.bike\/fr_be\/"},{"@type":"ListItem","position":2,"name":"Webbutik","item":"https:\/\/inzain.bike\/fi\/butik\/"},{"@type":"ListItem","position":3,"name":"GBS Wheel Set"}]},{"@type":"WebSite","@id":"https:\/\/inzain.bike\/fr_be\/#website","url":"https:\/\/inzain.bike\/fr_be\/","name":"INZAIN-Raderlebnisse","description":"Radabenteuer \u2013 f\u00fcr jedermann","publisher":{"@id":"https:\/\/inzain.bike\/fr_be\/#organization"},"alternateName":"INZAIN Gravel & Travel","potentialAction":[{"@type":"SearchAction","target":{"@type":"EntryPoint","urlTemplate":"https:\/\/inzain.bike\/fr_be\/?s={search_term_string}"},"query-input":{"@type":"PropertyValueSpecification","valueRequired":true,"valueName":"search_term_string"}}],"inLanguage":"de"},{"@type":"Organization","@id":"https:\/\/inzain.bike\/fr_be\/#organization","name":"INZAIN-Raderlebnisse","url":"https:\/\/inzain.bike\/fr_be\/","logo":{"@type":"ImageObject","inLanguage":"de","@id":"https:\/\/inzain.bike\/fr_be\/#\/schema\/logo\/image\/","url":"https:\/\/i0.wp.com\/inzain.bike\/wp-content\/uploads\/2023\/09\/cropped-INZAIN_512x512_white.png?fit=512%2C512&ssl=1","contentUrl":"https:\/\/i0.wp.com\/inzain.bike\/wp-content\/uploads\/2023\/09\/cropped-INZAIN_512x512_white.png?fit=512%2C512&ssl=1","width":512,"height":512,"caption":"INZAIN Cycling EXPERIENCES"},"image":{"@id":"https:\/\/inzain.bike\/fr_be\/#\/schema\/logo\/image\/"},"sameAs":["https:\/\/www.facebook.com\/Inzain.bike","https:\/\/www.instagram.com\/inzainbike"]}]}},"_links":{"self":[{"href":"https:\/\/inzain.bike\/de\/wp-json\/wp\/v2\/product\/9884","targetHints":{"allow":["GET"]}}],"collection":[{"href":"https:\/\/inzain.bike\/de\/wp-json\/wp\/v2\/product"}],"about":[{"href":"https:\/\/inzain.bike\/de\/wp-json\/wp\/v2\/types\/product"}],"replies":[{"embeddable":true,"href":"https:\/\/inzain.bike\/de\/wp-json\/wp\/v2\/comments?post=9884"}],"wp:featuredmedia":[{"embeddable":true,"href":"https:\/\/inzain.bike\/de\/wp-json\/wp\/v2\/media\/9886"}],"wp:attachment":[{"href":"https:\/\/inzain.bike\/de\/wp-json\/wp\/v2\/media?parent=9884"}],"wp:term":[{"taxonomy":"product_brand","embeddable":true,"href":"https:\/\/inzain.bike\/de\/wp-json\/wp\/v2\/product_brand?post=9884"},{"taxonomy":"product_cat","embeddable":true,"href":"https:\/\/inzain.bike\/de\/wp-json\/wp\/v2\/product_cat?post=9884"},{"taxonomy":"product_tag","embeddable":true,"href":"https:\/\/inzain.bike\/de\/wp-json\/wp\/v2\/product_tag?post=9884"}],"curies":[{"name":"wp","href":"https:\/\/api.w.org\/{rel}","templated":true}]}}