{"id":1585,"date":"2022-03-08T11:05:33","date_gmt":"2022-03-08T10:05:33","guid":{"rendered":"https:\/\/inzain.bike\/?page_id=1585"},"modified":"2024-03-10T14:31:42","modified_gmt":"2024-03-10T13:31:42","slug":"terms","status":"publish","type":"page","link":"https:\/\/inzain.bike\/en\/terms\/","title":{"rendered":"Terms of the event"},"content":{"rendered":"<h4 class=\"wp-block-heading\" id=\"dina-skyldigheter\"><strong>Your obligations&nbsp;<\/strong><\/h4>\n\n\n\n<p><strong>You shall:<\/strong><\/p>\n\n\n\n<ul class=\"wp-block-list\">\n<li>Follow the instructions of the guide\/s during the whole ride<\/li>\n\n\n\n<li>Wear a helmet when riding the bike<\/li>\n\n\n\n<li>Not ride if you are under the influence of alcohol or drugs<\/li>\n\n\n\n<li>Ensure that you insured in a way that covers baggage, bike gear and medical costs<\/li>\n<\/ul>\n\n\n\n<h4 class=\"wp-block-heading\" id=\"vara-rattigheter\"><strong>Our rights<\/strong><\/h4>\n\n\n\n<p>We reserve the right to cancel or change your trip at any time prior to departure due to events beyond our control, such as but not limited to:<\/p>\n\n\n\n<ul class=\"wp-block-list\">\n<li>Force majeure; Flooding, Drought, Earthquake or other natural disaster; Epidemic, Pandemic, Terrorist attack, Civil war, Uprising, Strike or Insurgency, War, Threat or preparation of war, Armed conflict, Imposition of sanctions, Embargo or termination of diplomatic relations, Nuclear Weapons, Chemical or Biological Contamination, Collapse of Buildings, Fire, Explosion or Accident, (collectively called \u201cEvents Beyond Our Control\u201d).<\/li>\n<\/ul>\n\n\n\n<p>We also reserve the right to cancel or change your trip at any time prior to departure (at our sole discretion), although we assure you that we will endeavor to do so only when absolutely necessary.<\/p>\n\n\n\n<h4 class=\"wp-block-heading\" id=\"overfora-resan\"><strong>Transfer the trip&nbsp;<\/strong><\/h4>\n\n\n\n<p>If a business or personal emergency would prevent you from going on your trip, you can transfer it to another person to be approved by INZAIN. If the person is approved, you and your replacement settle the cost.<br>INZAIN does not make a refund, unless cancellation takes place within the stipulated time, see section refunds.<\/p>\n\n\n\n<h4 class=\"wp-block-heading\" id=\"andringar-av-din-resa\"><strong>Changes to your trip<\/strong><\/h4>\n\n\n\n<p>We will do our best to ensure that the itinerary for your trip does not need to be changed. However, if an event beyond our control occurs (we may not be able to follow our advertised itineraries or schedules). If any additional costs incurred through delay, accident or disruption to the planned itinerary are due to events beyond our control, we cannot reimburse you for such costs.<\/p>\n\n\n\n<h4 class=\"wp-block-heading\" id=\"upphavande\"><strong>Repeal&nbsp;<\/strong><\/h4>\n\n\n\n<p><strong>Through booking:<\/strong><\/p>\n\n\n\n<ul class=\"wp-block-list\">\n<li>You agree that you have received and read all the information we provided you with regarding the trip<\/li>\n\n\n\n<li>You accept that any recommendations made by us regarding climate, clothing, special equipment, topography, etc. are made in good faith, but that we cannot guarantee their accuracy or completeness<\/li>\n\n\n\n<li>You accept that it is your responsibility to arrange insurance that covers you for the entire trip<\/li>\n\n\n\n<li>You confirm your awareness of the physically demanding nature of our events, and accept the risks and dangers of them, including hazards while cycling either on or off-road, and any risks arising from (among other things) bad weather and the varying condition of roads and\/or tracks<\/li>\n\n\n\n<li>You accept the risk of (among other things) delays, changes, loss of or damage to property, and inconvenience<\/li>\n\n\n\n<li>As well as you accept the following of point below, you participate in the trip, and ride, at your own risk.<\/li>\n<\/ul>\n\n\n\n<h4 class=\"wp-block-heading\" id=\"tillamplig-lag-och-jurisdiktion\"><strong>Applicable Law and Jurisdiction<\/strong><\/h4>\n\n\n\n<p>Any dispute shall be settled according to this: <a href=\"https:\/\/sccinstitute.se\/vara-tjanster\/forenklat-skiljeforfarande\/\">https:\/\/sccinstitute.se\/vara-tjanster\/forenklat-skiljeforfarande\/<\/a>\u2018&#039;\u2018<\/p>\n\n\n\n<p><strong>Disease<\/strong><\/p>\n\n\n\n<p>As a participant, you should review your insurance, so that it covers the cost if you have to cancel due to illness. INZAIN has no responsibility for reimbursement in the event of illness, if this occurs after payment has been made<\/p>\n\n\n\n<p><strong>Refund<\/strong><\/p>\n\n\n\n<p>When booking, the trip is paid for. If you choose to cancel, the following applies:<br>30% is never refundable, it is the booking fee.<br>70% is refunded in case of cancellation no later than 120 days before departure, after that there is no refund.<\/p>\n\n\n\n<p><\/p>\n\n\n\n<p><\/p>","protected":false},"excerpt":{"rendered":"<p>Dina skyldigheter&nbsp; Du skall: V\u00e5ra r\u00e4ttigheter Vi f\u00f6rbeh\u00e5ller oss r\u00e4tten att avbryta eller \u00e4ndra din resa n\u00e4r som helst innan avresa p\u00e5 grund av h\u00e4ndelser utanf\u00f6r v\u00e5r kontroll, s\u00e5som men inte begr\u00e4nsat till: Vi f\u00f6rbeh\u00e5ller oss ocks\u00e5 r\u00e4tten att st\u00e4lla in eller \u00e4ndra din resa n\u00e4r som helst f\u00f6re avresa (efter eget godtycke), \u00e4ven om [&hellip;]<\/p>\n","protected":false},"author":135133094,"featured_media":0,"parent":0,"menu_order":0,"comment_status":"closed","ping_status":"closed","template":"","meta":{"_coblocks_attr":"","_coblocks_dimensions":"","_coblocks_responsive_height":"","_coblocks_accordion_ie_support":"","footnotes":""},"class_list":["post-1585","page","type-page","status-publish","hentry"],"yoast_head":"<!-- This site is optimized with the Yoast SEO plugin v27.2 - https:\/\/yoast.com\/product\/yoast-seo-wordpress\/ -->\n<title>Villkor f\u00f6r eventet - INZAIN Cycling EXPERIENCES<\/title>\n<meta name=\"robots\" content=\"index, follow, max-snippet:-1, max-image-preview:large, max-video-preview:-1\" \/>\n<link rel=\"canonical\" href=\"https:\/\/inzain.bike\/en\/terms\/\" \/>\n<meta property=\"og:locale\" content=\"en_US\" \/>\n<meta property=\"og:type\" content=\"article\" \/>\n<meta property=\"og:title\" content=\"Villkor f\u00f6r eventet - INZAIN Cycling EXPERIENCES\" \/>\n<meta property=\"og:description\" content=\"Dina skyldigheter&nbsp; Du skall: V\u00e5ra r\u00e4ttigheter Vi f\u00f6rbeh\u00e5ller oss r\u00e4tten att avbryta eller \u00e4ndra din resa n\u00e4r som helst innan avresa p\u00e5 grund av h\u00e4ndelser utanf\u00f6r v\u00e5r kontroll, s\u00e5som men inte begr\u00e4nsat till: Vi f\u00f6rbeh\u00e5ller oss ocks\u00e5 r\u00e4tten att st\u00e4lla in eller \u00e4ndra din resa n\u00e4r som helst f\u00f6re avresa (efter eget godtycke), \u00e4ven om [&hellip;]\" \/>\n<meta property=\"og:url\" content=\"https:\/\/inzain.bike\/en\/terms\/\" \/>\n<meta property=\"og:site_name\" content=\"INZAIN Cycling EXPERIENCES\" \/>\n<meta property=\"article:publisher\" content=\"https:\/\/www.facebook.com\/Inzain.bike\" \/>\n<meta property=\"article:modified_time\" content=\"2024-03-10T13:31:42+00:00\" \/>\n<meta name=\"twitter:card\" content=\"summary_large_image\" \/>\n<meta name=\"twitter:label1\" content=\"Est. reading time\" \/>\n\t<meta name=\"twitter:data1\" content=\"3 minutes\" \/>\n<script type=\"application\/ld+json\" class=\"yoast-schema-graph\">{\"@context\":\"https:\/\/schema.org\",\"@graph\":[{\"@type\":\"WebPage\",\"@id\":\"https:\/\/inzain.bike\/nl_be\/terms\/\",\"url\":\"https:\/\/inzain.bike\/nl_be\/terms\/\",\"name\":\"Villkor f\u00f6r eventet - INZAIN Cycling EXPERIENCES\",\"isPartOf\":{\"@id\":\"https:\/\/inzain.bike\/fr_be\/#website\"},\"datePublished\":\"2022-03-08T10:05:33+00:00\",\"dateModified\":\"2024-03-10T13:31:42+00:00\",\"breadcrumb\":{\"@id\":\"https:\/\/inzain.bike\/nl_be\/terms\/#breadcrumb\"},\"inLanguage\":\"en-US\",\"potentialAction\":[{\"@type\":\"ReadAction\",\"target\":[\"https:\/\/inzain.bike\/nl_be\/terms\/\"]}]},{\"@type\":\"BreadcrumbList\",\"@id\":\"https:\/\/inzain.bike\/nl_be\/terms\/#breadcrumb\",\"itemListElement\":[{\"@type\":\"ListItem\",\"position\":1,\"name\":\"Hem\",\"item\":\"https:\/\/inzain.bike\/fr_be\/\"},{\"@type\":\"ListItem\",\"position\":2,\"name\":\"Villkor f\u00f6r eventet\"}]},{\"@type\":\"WebSite\",\"@id\":\"https:\/\/inzain.bike\/fr_be\/#website\",\"url\":\"https:\/\/inzain.bike\/fr_be\/\",\"name\":\"INZAIN Cycling EXPERIENCES\",\"description\":\"Cyckling Adventures  - for everyone\",\"publisher\":{\"@id\":\"https:\/\/inzain.bike\/fr_be\/#organization\"},\"alternateName\":\"INZAIN Gravel & Travel\",\"potentialAction\":[{\"@type\":\"SearchAction\",\"target\":{\"@type\":\"EntryPoint\",\"urlTemplate\":\"https:\/\/inzain.bike\/fr_be\/?s={search_term_string}\"},\"query-input\":{\"@type\":\"PropertyValueSpecification\",\"valueRequired\":true,\"valueName\":\"search_term_string\"}}],\"inLanguage\":\"en-US\"},{\"@type\":\"Organization\",\"@id\":\"https:\/\/inzain.bike\/fr_be\/#organization\",\"name\":\"INZAIN Cycling EXPERIENCES\",\"url\":\"https:\/\/inzain.bike\/fr_be\/\",\"logo\":{\"@type\":\"ImageObject\",\"inLanguage\":\"en-US\",\"@id\":\"https:\/\/inzain.bike\/fr_be\/#\/schema\/logo\/image\/\",\"url\":\"https:\/\/i0.wp.com\/inzain.bike\/wp-content\/uploads\/2023\/09\/cropped-INZAIN_512x512_white.png?fit=512%2C512&ssl=1\",\"contentUrl\":\"https:\/\/i0.wp.com\/inzain.bike\/wp-content\/uploads\/2023\/09\/cropped-INZAIN_512x512_white.png?fit=512%2C512&ssl=1\",\"width\":512,\"height\":512,\"caption\":\"INZAIN Cycling EXPERIENCES\"},\"image\":{\"@id\":\"https:\/\/inzain.bike\/fr_be\/#\/schema\/logo\/image\/\"},\"sameAs\":[\"https:\/\/www.facebook.com\/Inzain.bike\",\"https:\/\/www.instagram.com\/inzainbike\"]}]}<\/script>\n<!-- \/ Yoast SEO plugin. -->","yoast_head_json":{"title":"Event Terms and Conditions - INZAIN Cycling EXPERIENCES","robots":{"index":"index","follow":"follow","max-snippet":"max-snippet:-1","max-image-preview":"max-image-preview:large","max-video-preview":"max-video-preview:-1"},"canonical":"https:\/\/inzain.bike\/en\/terms\/","og_locale":"en_US","og_type":"article","og_title":"Villkor f\u00f6r eventet - INZAIN Cycling EXPERIENCES","og_description":"Dina skyldigheter&nbsp; Du skall: V\u00e5ra r\u00e4ttigheter Vi f\u00f6rbeh\u00e5ller oss r\u00e4tten att avbryta eller \u00e4ndra din resa n\u00e4r som helst innan avresa p\u00e5 grund av h\u00e4ndelser utanf\u00f6r v\u00e5r kontroll, s\u00e5som men inte begr\u00e4nsat till: Vi f\u00f6rbeh\u00e5ller oss ocks\u00e5 r\u00e4tten att st\u00e4lla in eller \u00e4ndra din resa n\u00e4r som helst f\u00f6re avresa (efter eget godtycke), \u00e4ven om [&hellip;]","og_url":"https:\/\/inzain.bike\/en\/terms\/","og_site_name":"INZAIN Cycling EXPERIENCES","article_publisher":"https:\/\/www.facebook.com\/Inzain.bike","article_modified_time":"2024-03-10T13:31:42+00:00","twitter_card":"summary_large_image","twitter_misc":{"Est. reading time":"3 minutes"},"schema":{"@context":"https:\/\/schema.org","@graph":[{"@type":"WebPage","@id":"https:\/\/inzain.bike\/nl_be\/terms\/","url":"https:\/\/inzain.bike\/nl_be\/terms\/","name":"Event Terms and Conditions - INZAIN Cycling EXPERIENCES","isPartOf":{"@id":"https:\/\/inzain.bike\/fr_be\/#website"},"datePublished":"2022-03-08T10:05:33+00:00","dateModified":"2024-03-10T13:31:42+00:00","breadcrumb":{"@id":"https:\/\/inzain.bike\/nl_be\/terms\/#breadcrumb"},"inLanguage":"en-US","potentialAction":[{"@type":"ReadAction","target":["https:\/\/inzain.bike\/nl_be\/terms\/"]}]},{"@type":"BreadcrumbList","@id":"https:\/\/inzain.bike\/nl_be\/terms\/#breadcrumb","itemListElement":[{"@type":"ListItem","position":1,"name":"Hem","item":"https:\/\/inzain.bike\/fr_be\/"},{"@type":"ListItem","position":2,"name":"Villkor f\u00f6r eventet"}]},{"@type":"WebSite","@id":"https:\/\/inzain.bike\/fr_be\/#website","url":"https:\/\/inzain.bike\/fr_be\/","name":"INZAIN Cycling EXPERIENCES","description":"Cycling Adventures - for everyone","publisher":{"@id":"https:\/\/inzain.bike\/fr_be\/#organization"},"alternateName":"INZAIN Gravel & Travel","potentialAction":[{"@type":"SearchAction","target":{"@type":"EntryPoint","urlTemplate":"https:\/\/inzain.bike\/fr_be\/?s={search_term_string}"},"query-input":{"@type":"PropertyValueSpecification","valueRequired":true,"valueName":"search_term_string"}}],"inLanguage":"en-US"},{"@type":"Organization","@id":"https:\/\/inzain.bike\/fr_be\/#organization","name":"INZAIN Cycling EXPERIENCES","url":"https:\/\/inzain.bike\/fr_be\/","logo":{"@type":"ImageObject","inLanguage":"en-US","@id":"https:\/\/inzain.bike\/fr_be\/#\/schema\/logo\/image\/","url":"https:\/\/i0.wp.com\/inzain.bike\/wp-content\/uploads\/2023\/09\/cropped-INZAIN_512x512_white.png?fit=512%2C512&ssl=1","contentUrl":"https:\/\/i0.wp.com\/inzain.bike\/wp-content\/uploads\/2023\/09\/cropped-INZAIN_512x512_white.png?fit=512%2C512&ssl=1","width":512,"height":512,"caption":"INZAIN Cycling EXPERIENCES"},"image":{"@id":"https:\/\/inzain.bike\/fr_be\/#\/schema\/logo\/image\/"},"sameAs":["https:\/\/www.facebook.com\/Inzain.bike","https:\/\/www.instagram.com\/inzainbike"]}]}},"amp_enabled":true,"_links":{"self":[{"href":"https:\/\/inzain.bike\/en\/wp-json\/wp\/v2\/pages\/1585","targetHints":{"allow":["GET"]}}],"collection":[{"href":"https:\/\/inzain.bike\/en\/wp-json\/wp\/v2\/pages"}],"about":[{"href":"https:\/\/inzain.bike\/en\/wp-json\/wp\/v2\/types\/page"}],"author":[{"embeddable":true,"href":"https:\/\/inzain.bike\/en\/wp-json\/wp\/v2\/users\/135133094"}],"replies":[{"embeddable":true,"href":"https:\/\/inzain.bike\/en\/wp-json\/wp\/v2\/comments?post=1585"}],"version-history":[{"count":0,"href":"https:\/\/inzain.bike\/en\/wp-json\/wp\/v2\/pages\/1585\/revisions"}],"wp:attachment":[{"href":"https:\/\/inzain.bike\/en\/wp-json\/wp\/v2\/media?parent=1585"}],"curies":[{"name":"wp","href":"https:\/\/api.w.org\/{rel}","templated":true}]}}