{"id":1986,"date":"2022-10-02T18:29:56","date_gmt":"2022-10-02T16:29:56","guid":{"rendered":"https:\/\/inzain.bike\/?page_id=1986"},"modified":"2023-07-28T09:18:04","modified_gmt":"2023-07-28T07:18:04","slug":"savenfors-gravel-camp","status":"publish","type":"page","link":"https:\/\/inzain.bike\/en\/savenfors-gravel-camp\/","title":{"rendered":"S\u00e4venfors Gravel Camp"},"content":{"rendered":"<p>Welcome to a fantastic weekend with Gravel in Norra Bergslagen<\/p>\n\n\n\n<figure class=\"wp-block-image size-large\"><img loading=\"lazy\" decoding=\"async\" width=\"1024\" height=\"682\" src=\"https:\/\/inzain.bike\/wp-content\/uploads\/2022\/10\/sav3-1024x682.jpg\" alt=\"\" class=\"wp-image-2113\" srcset=\"https:\/\/inzain.bike\/wp-content\/uploads\/2022\/10\/sav3-1024x682.jpg 1024w, https:\/\/inzain.bike\/wp-content\/uploads\/2022\/10\/sav3-300x200.jpg 300w, https:\/\/inzain.bike\/wp-content\/uploads\/2022\/10\/sav3-768x512.jpg 768w, https:\/\/inzain.bike\/wp-content\/uploads\/2022\/10\/sav3-1536x1024.jpg 1536w, https:\/\/inzain.bike\/wp-content\/uploads\/2022\/10\/sav3-18x12.jpg 18w, https:\/\/inzain.bike\/wp-content\/uploads\/2022\/10\/sav3-1320x880.jpg 1320w, https:\/\/inzain.bike\/wp-content\/uploads\/2022\/10\/sav3-600x400.jpg 600w, https:\/\/inzain.bike\/wp-content\/uploads\/2022\/10\/sav3.jpg 2000w\" sizes=\"auto, (max-width: 1024px) 100vw, 1024px\" \/><\/figure>\n\n\n\n<p><strong>When<\/strong>: 29-30 July 2023.<br><strong>Where<\/strong>: S\u00e4venfors, Bergslagen<br><strong>How<\/strong>: Gravel camp on fantastic gravel roads<br><strong>Sleep<\/strong>: We live in <a href=\"https:\/\/savenforslodge.se\/\">S\u00e4venfors Lodge<\/a><br><strong>Eat<\/strong>: Breakfast at the facility, dinner in the evening is included in the package. You pay for lunch and coffee on the tours yourself.<br><strong>Price<\/strong>: The event itself is free of charge, but we have arranged accommodation packages for those who want. <br><strong>Basic package<\/strong>: Dinner Saturday, overnight stay with relaxation and breakfast Sunday SEK 2,200<br><strong>Addition<\/strong>: Dinner Friday, overnight stay with relaxation and breakfast Saturday, SEK 1,800<\/p>\n\n\n\n<p><strong>What can you expect?<\/strong><br>We cycle to have fun, there are no intervals and it is not about cycling the fastest but having the best experience. If you want to splurge, it's of course fine, you wait further on. We may also split the group, if it turns out to be better. Our Guides have a lot of experience in arranging and holding these tours.<\/p>\n\n\n\n<p><strong>The week<\/strong><\/p>\n\n\n\n<p><strong>Basic package<\/strong>:<br>Cycling Saturday, accommodation and better dinner at S\u00e4venfors Lodge, as well as access to the relaxation section.<br>Breakfast Sunday and cycling Sunday.<br><strong>Addition<\/strong>:<br>Sleep at S\u00e4venfors Lodge Friday with dinner and breakfast on Saturday<br>Prologue: For those who can and want to, a prologue is offered that starts Friday morning.<br><strong>Just Cycling:<\/strong><br>If you just want to cycle with us, that&#039;s also fine, then you can choose whether you want to have dinner with us on Saturday evening.<\/p>\n\n\n\n<figure class=\"wp-block-image size-large\"><img loading=\"lazy\" decoding=\"async\" width=\"1024\" height=\"682\" src=\"https:\/\/inzain.bike\/wp-content\/uploads\/2022\/10\/sav2-1024x682.jpg\" alt=\"\" class=\"wp-image-2116\" srcset=\"https:\/\/inzain.bike\/wp-content\/uploads\/2022\/10\/sav2-1024x682.jpg 1024w, https:\/\/inzain.bike\/wp-content\/uploads\/2022\/10\/sav2-300x200.jpg 300w, https:\/\/inzain.bike\/wp-content\/uploads\/2022\/10\/sav2-768x512.jpg 768w, https:\/\/inzain.bike\/wp-content\/uploads\/2022\/10\/sav2-1536x1024.jpg 1536w, https:\/\/inzain.bike\/wp-content\/uploads\/2022\/10\/sav2-18x12.jpg 18w, https:\/\/inzain.bike\/wp-content\/uploads\/2022\/10\/sav2-1320x880.jpg 1320w, https:\/\/inzain.bike\/wp-content\/uploads\/2022\/10\/sav2-600x400.jpg 600w, https:\/\/inzain.bike\/wp-content\/uploads\/2022\/10\/sav2.jpg 2000w\" sizes=\"auto, (max-width: 1024px) 100vw, 1024px\" \/><\/figure>\n\n\n\n<p><strong>Friday<\/strong><br>Prologue, for those who can and want to cycle even on Friday. The route is 154km but can be shortened in a few different ways. 70km\/95km\/110km. Lunch in Kopparberg. A series of exciting places are visited, such as an old bunker, an Opera(!), lookout tower and more. If you take the full route, there are 2,043 hm to enjoy.<br><br><strong>Saturday<\/strong> <br>The tour starts and ends at the lodge, has two climbs, possibility to swim, in &quot;little Hawaii&quot;. You can read a little more about it <a href=\"https:\/\/teamutangranser.se\/savenfors-gravendal-deluxe\/\">here<\/a>.<\/p>\n\n\n\n<p><strong>Sunday<\/strong> <br>A slightly shorter but equally beautiful tour, starting after breakfast and check-out at the lodge.<br>We will cycle around two moose and take two figs, one at Grythyttan and one at Bl\u00e5 Ost in Bredsj\u00f6. Once there, there is our mobile bike wash and an opportunity to shower and change before the journey home.<\/p>\n\n\n\n<p><strong>Routes<\/strong><\/p>\n\n\n\n<p>Saturday<\/p>\n\n\n\n<p><iframe src=\"https:\/\/ridewithgps.com\/embeds?type=route&amp;id=36968206&amp;metricUnits=true&amp;sampleGraph=true\" style=\"width: 1px; min-width: 100%; height: 700px; border: none;\" scrolling=\"no\"><\/iframe><\/p>\n\n\n\n<p>Sunday<\/p>\n\n\n\n<p><iframe src=\"https:\/\/ridewithgps.com\/embeds?type=route&amp;id=39371456&amp;metricUnits=true&amp;sampleGraph=true\" style=\"width: 1px; min-width: 100%; height: 700px; border: none;\" scrolling=\"no\"><\/iframe> <\/p>\n\n\n\n<p><br><strong>We cycle according to Grusets V\u00e4nner's principles.<\/strong><br>* No one is left alone.<br>* Sprint or peel off if you like but let the group catch up again<br>* We take care of and help each other in case of mechanival issues.<br>* We bike safely and keep our distance, remember the \"three second rule\" especially on gravel.<br>* It's all about having the nicest of days.<\/p>\n\n\n\n<figure class=\"wp-block-image size-large\"><img loading=\"lazy\" decoding=\"async\" width=\"1024\" height=\"673\" src=\"https:\/\/inzain.bike\/wp-content\/uploads\/2022\/11\/G0023196-1024x673.jpg\" alt=\"\" class=\"wp-image-2434\" srcset=\"https:\/\/inzain.bike\/wp-content\/uploads\/2022\/11\/G0023196-1024x673.jpg 1024w, https:\/\/inzain.bike\/wp-content\/uploads\/2022\/11\/G0023196-300x197.jpg 300w, https:\/\/inzain.bike\/wp-content\/uploads\/2022\/11\/G0023196-768x505.jpg 768w, https:\/\/inzain.bike\/wp-content\/uploads\/2022\/11\/G0023196-1536x1009.jpg 1536w, https:\/\/inzain.bike\/wp-content\/uploads\/2022\/11\/G0023196-2048x1346.jpg 2048w, https:\/\/inzain.bike\/wp-content\/uploads\/2022\/11\/G0023196-18x12.jpg 18w, https:\/\/inzain.bike\/wp-content\/uploads\/2022\/11\/G0023196-1320x868.jpg 1320w, https:\/\/inzain.bike\/wp-content\/uploads\/2022\/11\/G0023196-600x394.jpg 600w\" sizes=\"auto, (max-width: 1024px) 100vw, 1024px\" \/><\/figure>\n\n\n\n<p><strong>Price<\/strong>:<br>Cycling only, Free<br>Basic package (See above), SEK 2,200<br>Extra night supplement (See above) SEK 1,800<br>You pay for coffee\/lunch on the tours yourself.<br><\/p>\n\n\n\n<p><strong>Registration<\/strong> <strong>Closed<\/strong><\/p>","protected":false},"excerpt":{"rendered":"<p>V\u00e4lkommen till en fantastisk helg med Gravel i Norra Bergslagen N\u00e4r: 29-30 juli 2023.Var: S\u00e4venfors, BergslagenHur: Gravel Camp p\u00e5 fantastiska v\u00e4garSova: Vi bor p\u00e5 S\u00e4venfors Lodge\u00c4ta: Frukost p\u00e5 anl\u00e4ggningen, middag p\u00e5 kv\u00e4llen ing\u00e5r i paketet. Lunch o fika p\u00e5 turerna betalar man sj\u00e4lv.Pris: Eventet i sig \u00e4r kostnadsfritt men vi har ordnat med boendepaket f\u00f6r [&hellip;]<\/p>\n","protected":false},"author":135133094,"featured_media":0,"parent":0,"menu_order":0,"comment_status":"closed","ping_status":"closed","template":"","meta":{"_coblocks_attr":"","_coblocks_dimensions":"","_coblocks_responsive_height":"","_coblocks_accordion_ie_support":"","footnotes":""},"class_list":["post-1986","page","type-page","status-publish","hentry"],"yoast_head":"<!-- This site is optimized with the Yoast SEO plugin v27.2 - https:\/\/yoast.com\/product\/yoast-seo-wordpress\/ -->\n<title>S\u00e4venfors Gravel Camp - INZAIN Cycling EXPERIENCES<\/title>\n<meta name=\"robots\" content=\"index, follow, max-snippet:-1, max-image-preview:large, max-video-preview:-1\" \/>\n<link rel=\"canonical\" href=\"https:\/\/inzain.bike\/en\/savenfors-gravel-camp\/\" \/>\n<meta property=\"og:locale\" content=\"en_US\" \/>\n<meta property=\"og:type\" content=\"article\" \/>\n<meta property=\"og:title\" content=\"S\u00e4venfors Gravel Camp - INZAIN Cycling EXPERIENCES\" \/>\n<meta property=\"og:description\" content=\"V\u00e4lkommen till en fantastisk helg med Gravel i Norra Bergslagen N\u00e4r: 29-30 juli 2023.Var: S\u00e4venfors, BergslagenHur: Gravel Camp p\u00e5 fantastiska v\u00e4garSova: Vi bor p\u00e5 S\u00e4venfors Lodge\u00c4ta: Frukost p\u00e5 anl\u00e4ggningen, middag p\u00e5 kv\u00e4llen ing\u00e5r i paketet. Lunch o fika p\u00e5 turerna betalar man sj\u00e4lv.Pris: Eventet i sig \u00e4r kostnadsfritt men vi har ordnat med boendepaket f\u00f6r [&hellip;]\" \/>\n<meta property=\"og:url\" content=\"https:\/\/inzain.bike\/en\/savenfors-gravel-camp\/\" \/>\n<meta property=\"og:site_name\" content=\"INZAIN Cycling EXPERIENCES\" \/>\n<meta property=\"article:publisher\" content=\"https:\/\/www.facebook.com\/Inzain.bike\" \/>\n<meta property=\"article:modified_time\" content=\"2023-07-28T07:18:04+00:00\" \/>\n<meta property=\"og:image\" content=\"https:\/\/inzain.bike\/wp-content\/uploads\/2022\/10\/sav3-1024x682.jpg\" \/>\n<meta name=\"twitter:card\" content=\"summary_large_image\" \/>\n<meta name=\"twitter:label1\" content=\"Est. reading time\" \/>\n\t<meta name=\"twitter:data1\" content=\"2 minutes\" \/>\n<script type=\"application\/ld+json\" class=\"yoast-schema-graph\">{\"@context\":\"https:\/\/schema.org\",\"@graph\":[{\"@type\":\"WebPage\",\"@id\":\"https:\/\/inzain.bike\/fi\/savenfors-gravel-camp\/\",\"url\":\"https:\/\/inzain.bike\/fi\/savenfors-gravel-camp\/\",\"name\":\"S\u00e4venfors Gravel Camp - INZAIN Cycling EXPERIENCES\",\"isPartOf\":{\"@id\":\"https:\/\/inzain.bike\/fr_be\/#website\"},\"primaryImageOfPage\":{\"@id\":\"https:\/\/inzain.bike\/fi\/savenfors-gravel-camp\/#primaryimage\"},\"image\":{\"@id\":\"https:\/\/inzain.bike\/fi\/savenfors-gravel-camp\/#primaryimage\"},\"thumbnailUrl\":\"https:\/\/inzain.bike\/wp-content\/uploads\/2022\/10\/sav3-1024x682.jpg\",\"datePublished\":\"2022-10-02T16:29:56+00:00\",\"dateModified\":\"2023-07-28T07:18:04+00:00\",\"breadcrumb\":{\"@id\":\"https:\/\/inzain.bike\/fi\/savenfors-gravel-camp\/#breadcrumb\"},\"inLanguage\":\"en-US\",\"potentialAction\":[{\"@type\":\"ReadAction\",\"target\":[\"https:\/\/inzain.bike\/fi\/savenfors-gravel-camp\/\"]}]},{\"@type\":\"ImageObject\",\"inLanguage\":\"en-US\",\"@id\":\"https:\/\/inzain.bike\/fi\/savenfors-gravel-camp\/#primaryimage\",\"url\":\"https:\/\/inzain.bike\/wp-content\/uploads\/2022\/10\/sav3-1024x682.jpg\",\"contentUrl\":\"https:\/\/inzain.bike\/wp-content\/uploads\/2022\/10\/sav3-1024x682.jpg\"},{\"@type\":\"BreadcrumbList\",\"@id\":\"https:\/\/inzain.bike\/fi\/savenfors-gravel-camp\/#breadcrumb\",\"itemListElement\":[{\"@type\":\"ListItem\",\"position\":1,\"name\":\"Hem\",\"item\":\"https:\/\/inzain.bike\/fr_be\/\"},{\"@type\":\"ListItem\",\"position\":2,\"name\":\"S\u00e4venfors Gravel Camp\"}]},{\"@type\":\"WebSite\",\"@id\":\"https:\/\/inzain.bike\/fr_be\/#website\",\"url\":\"https:\/\/inzain.bike\/fr_be\/\",\"name\":\"INZAIN Cycling EXPERIENCES\",\"description\":\"Cyckling Adventures  - for everyone\",\"publisher\":{\"@id\":\"https:\/\/inzain.bike\/fr_be\/#organization\"},\"alternateName\":\"INZAIN Gravel & Travel\",\"potentialAction\":[{\"@type\":\"SearchAction\",\"target\":{\"@type\":\"EntryPoint\",\"urlTemplate\":\"https:\/\/inzain.bike\/fr_be\/?s={search_term_string}\"},\"query-input\":{\"@type\":\"PropertyValueSpecification\",\"valueRequired\":true,\"valueName\":\"search_term_string\"}}],\"inLanguage\":\"en-US\"},{\"@type\":\"Organization\",\"@id\":\"https:\/\/inzain.bike\/fr_be\/#organization\",\"name\":\"INZAIN Cycling EXPERIENCES\",\"url\":\"https:\/\/inzain.bike\/fr_be\/\",\"logo\":{\"@type\":\"ImageObject\",\"inLanguage\":\"en-US\",\"@id\":\"https:\/\/inzain.bike\/fr_be\/#\/schema\/logo\/image\/\",\"url\":\"https:\/\/i0.wp.com\/inzain.bike\/wp-content\/uploads\/2023\/09\/cropped-INZAIN_512x512_white.png?fit=512%2C512&ssl=1\",\"contentUrl\":\"https:\/\/i0.wp.com\/inzain.bike\/wp-content\/uploads\/2023\/09\/cropped-INZAIN_512x512_white.png?fit=512%2C512&ssl=1\",\"width\":512,\"height\":512,\"caption\":\"INZAIN Cycling EXPERIENCES\"},\"image\":{\"@id\":\"https:\/\/inzain.bike\/fr_be\/#\/schema\/logo\/image\/\"},\"sameAs\":[\"https:\/\/www.facebook.com\/Inzain.bike\",\"https:\/\/www.instagram.com\/inzainbike\"]}]}<\/script>\n<!-- \/ Yoast SEO plugin. -->","yoast_head_json":{"title":"S\u00e4venfors Gravel Camp - INZAIN Cycling EXPERIENCES","robots":{"index":"index","follow":"follow","max-snippet":"max-snippet:-1","max-image-preview":"max-image-preview:large","max-video-preview":"max-video-preview:-1"},"canonical":"https:\/\/inzain.bike\/en\/savenfors-gravel-camp\/","og_locale":"en_US","og_type":"article","og_title":"S\u00e4venfors Gravel Camp - INZAIN Cycling EXPERIENCES","og_description":"V\u00e4lkommen till en fantastisk helg med Gravel i Norra Bergslagen N\u00e4r: 29-30 juli 2023.Var: S\u00e4venfors, BergslagenHur: Gravel Camp p\u00e5 fantastiska v\u00e4garSova: Vi bor p\u00e5 S\u00e4venfors Lodge\u00c4ta: Frukost p\u00e5 anl\u00e4ggningen, middag p\u00e5 kv\u00e4llen ing\u00e5r i paketet. Lunch o fika p\u00e5 turerna betalar man sj\u00e4lv.Pris: Eventet i sig \u00e4r kostnadsfritt men vi har ordnat med boendepaket f\u00f6r [&hellip;]","og_url":"https:\/\/inzain.bike\/en\/savenfors-gravel-camp\/","og_site_name":"INZAIN Cycling EXPERIENCES","article_publisher":"https:\/\/www.facebook.com\/Inzain.bike","article_modified_time":"2023-07-28T07:18:04+00:00","og_image":[{"url":"https:\/\/inzain.bike\/wp-content\/uploads\/2022\/10\/sav3-1024x682.jpg","type":"","width":"","height":""}],"twitter_card":"summary_large_image","twitter_misc":{"Est. reading time":"2 minutes"},"schema":{"@context":"https:\/\/schema.org","@graph":[{"@type":"WebPage","@id":"https:\/\/inzain.bike\/fi\/savenfors-gravel-camp\/","url":"https:\/\/inzain.bike\/fi\/savenfors-gravel-camp\/","name":"S\u00e4venfors Gravel Camp - INZAIN Cycling EXPERIENCES","isPartOf":{"@id":"https:\/\/inzain.bike\/fr_be\/#website"},"primaryImageOfPage":{"@id":"https:\/\/inzain.bike\/fi\/savenfors-gravel-camp\/#primaryimage"},"image":{"@id":"https:\/\/inzain.bike\/fi\/savenfors-gravel-camp\/#primaryimage"},"thumbnailUrl":"https:\/\/inzain.bike\/wp-content\/uploads\/2022\/10\/sav3-1024x682.jpg","datePublished":"2022-10-02T16:29:56+00:00","dateModified":"2023-07-28T07:18:04+00:00","breadcrumb":{"@id":"https:\/\/inzain.bike\/fi\/savenfors-gravel-camp\/#breadcrumb"},"inLanguage":"en-US","potentialAction":[{"@type":"ReadAction","target":["https:\/\/inzain.bike\/fi\/savenfors-gravel-camp\/"]}]},{"@type":"ImageObject","inLanguage":"en-US","@id":"https:\/\/inzain.bike\/fi\/savenfors-gravel-camp\/#primaryimage","url":"https:\/\/inzain.bike\/wp-content\/uploads\/2022\/10\/sav3-1024x682.jpg","contentUrl":"https:\/\/inzain.bike\/wp-content\/uploads\/2022\/10\/sav3-1024x682.jpg"},{"@type":"BreadcrumbList","@id":"https:\/\/inzain.bike\/fi\/savenfors-gravel-camp\/#breadcrumb","itemListElement":[{"@type":"ListItem","position":1,"name":"Hem","item":"https:\/\/inzain.bike\/fr_be\/"},{"@type":"ListItem","position":2,"name":"S\u00e4venfors Gravel Camp"}]},{"@type":"WebSite","@id":"https:\/\/inzain.bike\/fr_be\/#website","url":"https:\/\/inzain.bike\/fr_be\/","name":"INZAIN Cycling EXPERIENCES","description":"Cycling Adventures - for everyone","publisher":{"@id":"https:\/\/inzain.bike\/fr_be\/#organization"},"alternateName":"INZAIN Gravel & Travel","potentialAction":[{"@type":"SearchAction","target":{"@type":"EntryPoint","urlTemplate":"https:\/\/inzain.bike\/fr_be\/?s={search_term_string}"},"query-input":{"@type":"PropertyValueSpecification","valueRequired":true,"valueName":"search_term_string"}}],"inLanguage":"en-US"},{"@type":"Organization","@id":"https:\/\/inzain.bike\/fr_be\/#organization","name":"INZAIN Cycling EXPERIENCES","url":"https:\/\/inzain.bike\/fr_be\/","logo":{"@type":"ImageObject","inLanguage":"en-US","@id":"https:\/\/inzain.bike\/fr_be\/#\/schema\/logo\/image\/","url":"https:\/\/i0.wp.com\/inzain.bike\/wp-content\/uploads\/2023\/09\/cropped-INZAIN_512x512_white.png?fit=512%2C512&ssl=1","contentUrl":"https:\/\/i0.wp.com\/inzain.bike\/wp-content\/uploads\/2023\/09\/cropped-INZAIN_512x512_white.png?fit=512%2C512&ssl=1","width":512,"height":512,"caption":"INZAIN Cycling EXPERIENCES"},"image":{"@id":"https:\/\/inzain.bike\/fr_be\/#\/schema\/logo\/image\/"},"sameAs":["https:\/\/www.facebook.com\/Inzain.bike","https:\/\/www.instagram.com\/inzainbike"]}]}},"amp_enabled":true,"_links":{"self":[{"href":"https:\/\/inzain.bike\/en\/wp-json\/wp\/v2\/pages\/1986","targetHints":{"allow":["GET"]}}],"collection":[{"href":"https:\/\/inzain.bike\/en\/wp-json\/wp\/v2\/pages"}],"about":[{"href":"https:\/\/inzain.bike\/en\/wp-json\/wp\/v2\/types\/page"}],"author":[{"embeddable":true,"href":"https:\/\/inzain.bike\/en\/wp-json\/wp\/v2\/users\/135133094"}],"replies":[{"embeddable":true,"href":"https:\/\/inzain.bike\/en\/wp-json\/wp\/v2\/comments?post=1986"}],"version-history":[{"count":0,"href":"https:\/\/inzain.bike\/en\/wp-json\/wp\/v2\/pages\/1986\/revisions"}],"wp:attachment":[{"href":"https:\/\/inzain.bike\/en\/wp-json\/wp\/v2\/media?parent=1986"}],"curies":[{"name":"wp","href":"https:\/\/api.w.org\/{rel}","templated":true}]}}