{"id":2019,"date":"2022-10-03T10:12:43","date_gmt":"2022-10-03T08:12:43","guid":{"rendered":"https:\/\/inzain.bike\/?page_id=2019"},"modified":"2023-06-27T23:32:27","modified_gmt":"2023-06-27T21:32:27","slug":"vattern-runt-gravel-tour","status":"publish","type":"page","link":"https:\/\/inzain.bike\/en\/vattern-runt-gravel-tour\/","title":{"rendered":"Around Lake V\u00e4ttern Gravel Tour"},"content":{"rendered":"<p>Welcome to the V\u00e4ttern Round, but now on gravel and over three days.<\/p>\n\n\n\n<figure class=\"wp-block-image size-full\"><img loading=\"lazy\" decoding=\"async\" width=\"800\" height=\"800\" src=\"https:\/\/inzain.bike\/wp-content\/uploads\/2022\/08\/fully.jpg\" alt=\"\" class=\"wp-image-1869\" srcset=\"https:\/\/inzain.bike\/wp-content\/uploads\/2022\/08\/fully.jpg 800w, https:\/\/inzain.bike\/wp-content\/uploads\/2022\/08\/fully-300x300.jpg 300w, https:\/\/inzain.bike\/wp-content\/uploads\/2022\/08\/fully-150x150.jpg 150w, https:\/\/inzain.bike\/wp-content\/uploads\/2022\/08\/fully-768x768.jpg 768w, https:\/\/inzain.bike\/wp-content\/uploads\/2022\/08\/fully-12x12.jpg 12w, https:\/\/inzain.bike\/wp-content\/uploads\/2022\/08\/fully-600x600.jpg 600w, https:\/\/inzain.bike\/wp-content\/uploads\/2022\/08\/fully-100x100.jpg 100w\" sizes=\"auto, (max-width: 800px) 100vw, 800px\" \/><\/figure>\n\n\n\n<figure class=\"wp-block-image size-large\"><img loading=\"lazy\" decoding=\"async\" width=\"1024\" height=\"683\" src=\"https:\/\/inzain.bike\/wp-content\/uploads\/2022\/10\/vr1-1024x683.jpg\" alt=\"\" class=\"wp-image-2022\" srcset=\"https:\/\/inzain.bike\/wp-content\/uploads\/2022\/10\/vr1-1024x683.jpg 1024w, https:\/\/inzain.bike\/wp-content\/uploads\/2022\/10\/vr1-300x200.jpg 300w, https:\/\/inzain.bike\/wp-content\/uploads\/2022\/10\/vr1-768x512.jpg 768w, https:\/\/inzain.bike\/wp-content\/uploads\/2022\/10\/vr1-18x12.jpg 18w, https:\/\/inzain.bike\/wp-content\/uploads\/2022\/10\/vr1-1320x880.jpg 1320w, https:\/\/inzain.bike\/wp-content\/uploads\/2022\/10\/vr1-600x400.jpg 600w, https:\/\/inzain.bike\/wp-content\/uploads\/2022\/10\/vr1.jpg 1536w\" sizes=\"auto, (max-width: 1024px) 100vw, 1024px\" \/><\/figure>\n\n\n\n<p><strong>When<\/strong>: 11-13 August 2023.<br><strong>Where<\/strong>: Start and finish in Motala<br><strong>How<\/strong>: We cycle around Lake V\u00e4ttern on gravel<br><strong>Sleep<\/strong>: We have booked a number of rooms at hotels in J\u00f6nk\u00f6ping and Karlsborg.<br>If you want to sleep the night of the 11th, you arrange it yourself.<br><strong>Price<\/strong>: It is cost-effective. Accommodation will be paid directly to the hotel.<\/p>\n\n\n\n<p><strong>What can you expect?<\/strong><br>We cycle to have fun, there are no intervals and it is not about cycling the fastest but having the best experience. If you want to splurge, of course it&#039;s fine, you wait further on. We may also split the group, if it turns out to be better. Our Guides have a lot of experience in arranging and holding these tours. The tour is essentially self-supported. Coffee, accommodation and eating places are included on the route, but they are of course optional.<br>Participants are responsible for their own navigation and any bicycle repairs.<\/p>\n\n\n\n<p>The tour is relatively tough, 15 miles per day with approx. 1,500 hm. It&#039;s not possible to bail, we&#039;re cycling around a lake. We have plenty of light, the sun rises at 5 a.m. and sets around 9 p.m.<br><br><strong>Friday<\/strong><br>Motala -&gt; J\u00f6nk\u00f6ping<\/p>\n\n\n\n<figure class=\"wp-block-image size-large\"><img loading=\"lazy\" decoding=\"async\" width=\"1024\" height=\"781\" src=\"https:\/\/inzain.bike\/wp-content\/uploads\/2022\/10\/vr2-1024x781.jpg\" alt=\"\" class=\"wp-image-2023\" srcset=\"https:\/\/inzain.bike\/wp-content\/uploads\/2022\/10\/vr2-1024x781.jpg 1024w, https:\/\/inzain.bike\/wp-content\/uploads\/2022\/10\/vr2-300x229.jpg 300w, https:\/\/inzain.bike\/wp-content\/uploads\/2022\/10\/vr2-768x586.jpg 768w, https:\/\/inzain.bike\/wp-content\/uploads\/2022\/10\/vr2-16x12.jpg 16w, https:\/\/inzain.bike\/wp-content\/uploads\/2022\/10\/vr2-1320x1006.jpg 1320w, https:\/\/inzain.bike\/wp-content\/uploads\/2022\/10\/vr2-600x457.jpg 600w, https:\/\/inzain.bike\/wp-content\/uploads\/2022\/10\/vr2.jpg 1536w\" sizes=\"auto, (max-width: 1024px) 100vw, 1024px\" \/><\/figure>\n\n\n\n<p>After a breakfast, we roll out at 08.00. We will cycle through Vadstena and reach Borghamn after about 51 km. A quick coffee before we start the climb up Omberg. Anyone who wants to make the detour down to Stocklycke Hamn. Km 60-109 is a long slack road. In the middle of it, we eat lunch in \u00d6desh\u00f6g. When the climb is finished, a real descent to Gr\u00e4nna awaits. There sits a coffee quite well. The last climb of the day starts in Gr\u00e4nna and ends at km 135. From there it&#039;s a nice downhill to J\u00f6nk\u00f6ping, where we sleep the first night at the classic VOX Hotell<\/p>\n\n\n\n<p><strong>Saturday<\/strong><br>J\u00f6nk\u00f6ping -&gt; Karlsborg<br>After a hearty breakfast, we cycle north. Already after km we pass a Willys if you perhaps need to supplement with something. We have coffee after about 6 miles in Brandstorp and lunch in the harbor in Hjo 3 miles later. M\u00f6lltorp is the next stop, it&#039;s 3 miles there, there is both a shop and a pizzeria, but most likely we will cycle on towards Karlsborg, a mile later. We take in the fortress and maybe a better coffee. We stay at Hotel Wettern.<\/p>\n\n\n\n<p><strong>Sunday<\/strong><br>Karlsborg -&gt; Motala, return journey,<br>Departure from Karlsborg at 08.00 and we reach Askersund after 6 miles, a quick coffee certainly feels right. We soon reach the mining area with Garpa and Zinkgruvan, where there is also a coffee shop. The next stage takes us to Bona Handelstr\u00e4dg\u00e5rd after about seven miles. Here we eat lunch. The last four miles to Motala take us down to V\u00e4ttern&#039;s beach before we roll into Motala quite satisfied and tired.<\/p>\n\n\n\n<figure class=\"wp-block-image size-large\"><img loading=\"lazy\" decoding=\"async\" width=\"1024\" height=\"360\" src=\"https:\/\/inzain.bike\/wp-content\/uploads\/2022\/10\/vr3-1024x360.jpg\" alt=\"\" class=\"wp-image-2024\" srcset=\"https:\/\/inzain.bike\/wp-content\/uploads\/2022\/10\/vr3-1024x360.jpg 1024w, https:\/\/inzain.bike\/wp-content\/uploads\/2022\/10\/vr3-300x105.jpg 300w, https:\/\/inzain.bike\/wp-content\/uploads\/2022\/10\/vr3-768x270.jpg 768w, https:\/\/inzain.bike\/wp-content\/uploads\/2022\/10\/vr3-18x6.jpg 18w, https:\/\/inzain.bike\/wp-content\/uploads\/2022\/10\/vr3-600x211.jpg 600w, https:\/\/inzain.bike\/wp-content\/uploads\/2022\/10\/vr3.jpg 1280w\" sizes=\"auto, (max-width: 1024px) 100vw, 1024px\" \/><\/figure>\n\n\n\n<p><iframe src=\"https:\/\/ridewithgps.com\/embeds?type=route&amp;id=40264044&amp;title=V%C3%A4ttern%20Runt%20Gravel&amp;metricUnits=true&amp;sampleGraph=true&amp;distanceMarkers=true\" style=\"width: 1px; min-width: 100%; height: 700px; border: none;\" scrolling=\"no\"><\/iframe><\/p>\n\n\n\n<p><br><strong>We cycle according to Grusets V\u00e4nner's principles.<\/strong><br>* No one is left alone.<br>* Sprint or peel off if you like but let the group catch up again<br>* We take care of and help each other in case of mechanival issues.<br>* We bike safely and keep our distance, remember the \"three second rule\" especially on gravel.<br>* It's all about having the nicest of days.<\/p>\n\n\n\n<p><strong>Price<\/strong>:<\/p>\n\n\n\n<p>Participation is free of charge, we have arranged food and accommodation packages for those who want.<br>When we make a group booking, this is paid during the month of June, we will get back to you when the time is right.<br><\/p>\n\n\n\n<p><strong>Motala<\/strong><br>Any night in Motala can be decided by yourself.<br><br><strong>J\u00f6nk\u00f6ping VOX Hotel 11\/8<\/strong><br><br>Standard room <em>approx. 20 sqm, has 2\u00d790 cm beds in a bed frame, cannot be divided, has windows<\/em><br>SEK 1,420 Two people can share a room.<br><br>A three-course dinner can be bought for SEK 620.<br><br><strong>Karlsborg Hotel R\u00f6desund 12\/8<\/strong><br>Single room with shower in corridor and breakfast 1,400 lr<br><\/p>\n\n\n\n<p><strong>Registration<\/strong>  <strong>Closed<\/strong><\/p>","protected":false},"excerpt":{"rendered":"<p>V\u00e4lkommen till V\u00e4ttern Rundan, fast nu p\u00e5 grus och p\u00e5 tre dagar. N\u00e4r: 11-13 augusti 2023.Var: Start och m\u00e5l i MotalaHur: Vi cyklar Runt V\u00e4ttern p\u00e5 grusSova: Vi har bokat ett antal rum p\u00e5 hotell i J\u00f6nk\u00f6ping och Karlsborg.Vill man sova natten till den 11e ordnar man det sj\u00e4lv.Pris: Det \u00e4r sj\u00e4lvkostnad. Man kommer betala [&hellip;]<\/p>\n","protected":false},"author":135133094,"featured_media":0,"parent":0,"menu_order":0,"comment_status":"closed","ping_status":"closed","template":"","meta":{"_coblocks_attr":"","_coblocks_dimensions":"","_coblocks_responsive_height":"","_coblocks_accordion_ie_support":"","footnotes":""},"class_list":["post-2019","page","type-page","status-publish","hentry"],"yoast_head":"<!-- This site is optimized with the Yoast SEO plugin v27.2 - https:\/\/yoast.com\/product\/yoast-seo-wordpress\/ -->\n<title>Runt V\u00e4ttern Gravel Tour - INZAIN Cycling EXPERIENCES<\/title>\n<meta name=\"robots\" content=\"index, follow, max-snippet:-1, max-image-preview:large, max-video-preview:-1\" \/>\n<link rel=\"canonical\" href=\"https:\/\/inzain.bike\/en\/vattern-runt-gravel-tour\/\" \/>\n<meta property=\"og:locale\" content=\"en_US\" \/>\n<meta property=\"og:type\" content=\"article\" \/>\n<meta property=\"og:title\" content=\"Runt V\u00e4ttern Gravel Tour - INZAIN Cycling EXPERIENCES\" \/>\n<meta property=\"og:description\" content=\"V\u00e4lkommen till V\u00e4ttern Rundan, fast nu p\u00e5 grus och p\u00e5 tre dagar. N\u00e4r: 11-13 augusti 2023.Var: Start och m\u00e5l i MotalaHur: Vi cyklar Runt V\u00e4ttern p\u00e5 grusSova: Vi har bokat ett antal rum p\u00e5 hotell i J\u00f6nk\u00f6ping och Karlsborg.Vill man sova natten till den 11e ordnar man det sj\u00e4lv.Pris: Det \u00e4r sj\u00e4lvkostnad. Man kommer betala [&hellip;]\" \/>\n<meta property=\"og:url\" content=\"https:\/\/inzain.bike\/en\/vattern-runt-gravel-tour\/\" \/>\n<meta property=\"og:site_name\" content=\"INZAIN Cycling EXPERIENCES\" \/>\n<meta property=\"article:publisher\" content=\"https:\/\/www.facebook.com\/Inzain.bike\" \/>\n<meta property=\"article:modified_time\" content=\"2023-06-27T21:32:27+00:00\" \/>\n<meta property=\"og:image\" content=\"https:\/\/inzain.bike\/wp-content\/uploads\/2022\/08\/fully.jpg\" \/>\n<meta name=\"twitter:card\" content=\"summary_large_image\" \/>\n<meta name=\"twitter:label1\" content=\"Est. reading time\" \/>\n\t<meta name=\"twitter:data1\" content=\"3 minutes\" \/>\n<script type=\"application\/ld+json\" class=\"yoast-schema-graph\">{\"@context\":\"https:\/\/schema.org\",\"@graph\":[{\"@type\":\"WebPage\",\"@id\":\"https:\/\/inzain.bike\/fr\/vattern-runt-gravel-tour\/\",\"url\":\"https:\/\/inzain.bike\/fr\/vattern-runt-gravel-tour\/\",\"name\":\"Runt V\u00e4ttern Gravel Tour - INZAIN Cycling EXPERIENCES\",\"isPartOf\":{\"@id\":\"https:\/\/inzain.bike\/fr_be\/#website\"},\"primaryImageOfPage\":{\"@id\":\"https:\/\/inzain.bike\/fr\/vattern-runt-gravel-tour\/#primaryimage\"},\"image\":{\"@id\":\"https:\/\/inzain.bike\/fr\/vattern-runt-gravel-tour\/#primaryimage\"},\"thumbnailUrl\":\"https:\/\/inzain.bike\/wp-content\/uploads\/2022\/08\/fully.jpg\",\"datePublished\":\"2022-10-03T08:12:43+00:00\",\"dateModified\":\"2023-06-27T21:32:27+00:00\",\"breadcrumb\":{\"@id\":\"https:\/\/inzain.bike\/fr\/vattern-runt-gravel-tour\/#breadcrumb\"},\"inLanguage\":\"en-US\",\"potentialAction\":[{\"@type\":\"ReadAction\",\"target\":[\"https:\/\/inzain.bike\/fr\/vattern-runt-gravel-tour\/\"]}]},{\"@type\":\"ImageObject\",\"inLanguage\":\"en-US\",\"@id\":\"https:\/\/inzain.bike\/fr\/vattern-runt-gravel-tour\/#primaryimage\",\"url\":\"https:\/\/inzain.bike\/wp-content\/uploads\/2022\/08\/fully.jpg\",\"contentUrl\":\"https:\/\/inzain.bike\/wp-content\/uploads\/2022\/08\/fully.jpg\"},{\"@type\":\"BreadcrumbList\",\"@id\":\"https:\/\/inzain.bike\/fr\/vattern-runt-gravel-tour\/#breadcrumb\",\"itemListElement\":[{\"@type\":\"ListItem\",\"position\":1,\"name\":\"Hem\",\"item\":\"https:\/\/inzain.bike\/fr_be\/\"},{\"@type\":\"ListItem\",\"position\":2,\"name\":\"Runt V\u00e4ttern Gravel Tour\"}]},{\"@type\":\"WebSite\",\"@id\":\"https:\/\/inzain.bike\/fr_be\/#website\",\"url\":\"https:\/\/inzain.bike\/fr_be\/\",\"name\":\"INZAIN Cycling EXPERIENCES\",\"description\":\"Cyckling Adventures  - for everyone\",\"publisher\":{\"@id\":\"https:\/\/inzain.bike\/fr_be\/#organization\"},\"alternateName\":\"INZAIN Gravel & Travel\",\"potentialAction\":[{\"@type\":\"SearchAction\",\"target\":{\"@type\":\"EntryPoint\",\"urlTemplate\":\"https:\/\/inzain.bike\/fr_be\/?s={search_term_string}\"},\"query-input\":{\"@type\":\"PropertyValueSpecification\",\"valueRequired\":true,\"valueName\":\"search_term_string\"}}],\"inLanguage\":\"en-US\"},{\"@type\":\"Organization\",\"@id\":\"https:\/\/inzain.bike\/fr_be\/#organization\",\"name\":\"INZAIN Cycling EXPERIENCES\",\"url\":\"https:\/\/inzain.bike\/fr_be\/\",\"logo\":{\"@type\":\"ImageObject\",\"inLanguage\":\"en-US\",\"@id\":\"https:\/\/inzain.bike\/fr_be\/#\/schema\/logo\/image\/\",\"url\":\"https:\/\/i0.wp.com\/inzain.bike\/wp-content\/uploads\/2023\/09\/cropped-INZAIN_512x512_white.png?fit=512%2C512&ssl=1\",\"contentUrl\":\"https:\/\/i0.wp.com\/inzain.bike\/wp-content\/uploads\/2023\/09\/cropped-INZAIN_512x512_white.png?fit=512%2C512&ssl=1\",\"width\":512,\"height\":512,\"caption\":\"INZAIN Cycling EXPERIENCES\"},\"image\":{\"@id\":\"https:\/\/inzain.bike\/fr_be\/#\/schema\/logo\/image\/\"},\"sameAs\":[\"https:\/\/www.facebook.com\/Inzain.bike\",\"https:\/\/www.instagram.com\/inzainbike\"]}]}<\/script>\n<!-- \/ Yoast SEO plugin. -->","yoast_head_json":{"title":"Around Lake V\u00e4ttern Gravel Tour - INZAIN Cycling EXPERIENCES","robots":{"index":"index","follow":"follow","max-snippet":"max-snippet:-1","max-image-preview":"max-image-preview:large","max-video-preview":"max-video-preview:-1"},"canonical":"https:\/\/inzain.bike\/en\/vattern-runt-gravel-tour\/","og_locale":"en_US","og_type":"article","og_title":"Runt V\u00e4ttern Gravel Tour - INZAIN Cycling EXPERIENCES","og_description":"V\u00e4lkommen till V\u00e4ttern Rundan, fast nu p\u00e5 grus och p\u00e5 tre dagar. N\u00e4r: 11-13 augusti 2023.Var: Start och m\u00e5l i MotalaHur: Vi cyklar Runt V\u00e4ttern p\u00e5 grusSova: Vi har bokat ett antal rum p\u00e5 hotell i J\u00f6nk\u00f6ping och Karlsborg.Vill man sova natten till den 11e ordnar man det sj\u00e4lv.Pris: Det \u00e4r sj\u00e4lvkostnad. Man kommer betala [&hellip;]","og_url":"https:\/\/inzain.bike\/en\/vattern-runt-gravel-tour\/","og_site_name":"INZAIN Cycling EXPERIENCES","article_publisher":"https:\/\/www.facebook.com\/Inzain.bike","article_modified_time":"2023-06-27T21:32:27+00:00","og_image":[{"url":"https:\/\/inzain.bike\/wp-content\/uploads\/2022\/08\/fully.jpg","type":"","width":"","height":""}],"twitter_card":"summary_large_image","twitter_misc":{"Est. reading time":"3 minutes"},"schema":{"@context":"https:\/\/schema.org","@graph":[{"@type":"WebPage","@id":"https:\/\/inzain.bike\/fr\/vattern-runt-gravel-tour\/","url":"https:\/\/inzain.bike\/fr\/vattern-runt-gravel-tour\/","name":"Around Lake V\u00e4ttern Gravel Tour - INZAIN Cycling EXPERIENCES","isPartOf":{"@id":"https:\/\/inzain.bike\/fr_be\/#website"},"primaryImageOfPage":{"@id":"https:\/\/inzain.bike\/fr\/vattern-runt-gravel-tour\/#primaryimage"},"image":{"@id":"https:\/\/inzain.bike\/fr\/vattern-runt-gravel-tour\/#primaryimage"},"thumbnailUrl":"https:\/\/inzain.bike\/wp-content\/uploads\/2022\/08\/fully.jpg","datePublished":"2022-10-03T08:12:43+00:00","dateModified":"2023-06-27T21:32:27+00:00","breadcrumb":{"@id":"https:\/\/inzain.bike\/fr\/vattern-runt-gravel-tour\/#breadcrumb"},"inLanguage":"en-US","potentialAction":[{"@type":"ReadAction","target":["https:\/\/inzain.bike\/fr\/vattern-runt-gravel-tour\/"]}]},{"@type":"ImageObject","inLanguage":"en-US","@id":"https:\/\/inzain.bike\/fr\/vattern-runt-gravel-tour\/#primaryimage","url":"https:\/\/inzain.bike\/wp-content\/uploads\/2022\/08\/fully.jpg","contentUrl":"https:\/\/inzain.bike\/wp-content\/uploads\/2022\/08\/fully.jpg"},{"@type":"BreadcrumbList","@id":"https:\/\/inzain.bike\/fr\/vattern-runt-gravel-tour\/#breadcrumb","itemListElement":[{"@type":"ListItem","position":1,"name":"Hem","item":"https:\/\/inzain.bike\/fr_be\/"},{"@type":"ListItem","position":2,"name":"Runt V\u00e4ttern Gravel Tour"}]},{"@type":"WebSite","@id":"https:\/\/inzain.bike\/fr_be\/#website","url":"https:\/\/inzain.bike\/fr_be\/","name":"INZAIN Cycling EXPERIENCES","description":"Cycling Adventures - for everyone","publisher":{"@id":"https:\/\/inzain.bike\/fr_be\/#organization"},"alternateName":"INZAIN Gravel & Travel","potentialAction":[{"@type":"SearchAction","target":{"@type":"EntryPoint","urlTemplate":"https:\/\/inzain.bike\/fr_be\/?s={search_term_string}"},"query-input":{"@type":"PropertyValueSpecification","valueRequired":true,"valueName":"search_term_string"}}],"inLanguage":"en-US"},{"@type":"Organization","@id":"https:\/\/inzain.bike\/fr_be\/#organization","name":"INZAIN Cycling EXPERIENCES","url":"https:\/\/inzain.bike\/fr_be\/","logo":{"@type":"ImageObject","inLanguage":"en-US","@id":"https:\/\/inzain.bike\/fr_be\/#\/schema\/logo\/image\/","url":"https:\/\/i0.wp.com\/inzain.bike\/wp-content\/uploads\/2023\/09\/cropped-INZAIN_512x512_white.png?fit=512%2C512&ssl=1","contentUrl":"https:\/\/i0.wp.com\/inzain.bike\/wp-content\/uploads\/2023\/09\/cropped-INZAIN_512x512_white.png?fit=512%2C512&ssl=1","width":512,"height":512,"caption":"INZAIN Cycling EXPERIENCES"},"image":{"@id":"https:\/\/inzain.bike\/fr_be\/#\/schema\/logo\/image\/"},"sameAs":["https:\/\/www.facebook.com\/Inzain.bike","https:\/\/www.instagram.com\/inzainbike"]}]}},"amp_enabled":true,"_links":{"self":[{"href":"https:\/\/inzain.bike\/en\/wp-json\/wp\/v2\/pages\/2019","targetHints":{"allow":["GET"]}}],"collection":[{"href":"https:\/\/inzain.bike\/en\/wp-json\/wp\/v2\/pages"}],"about":[{"href":"https:\/\/inzain.bike\/en\/wp-json\/wp\/v2\/types\/page"}],"author":[{"embeddable":true,"href":"https:\/\/inzain.bike\/en\/wp-json\/wp\/v2\/users\/135133094"}],"replies":[{"embeddable":true,"href":"https:\/\/inzain.bike\/en\/wp-json\/wp\/v2\/comments?post=2019"}],"version-history":[{"count":0,"href":"https:\/\/inzain.bike\/en\/wp-json\/wp\/v2\/pages\/2019\/revisions"}],"wp:attachment":[{"href":"https:\/\/inzain.bike\/en\/wp-json\/wp\/v2\/media?parent=2019"}],"curies":[{"name":"wp","href":"https:\/\/api.w.org\/{rel}","templated":true}]}}