{"id":5033,"date":"2023-11-11T17:31:53","date_gmt":"2023-11-11T16:31:53","guid":{"rendered":"https:\/\/inzain.bike\/?page_id=5033"},"modified":"2023-11-16T19:41:42","modified_gmt":"2023-11-16T18:41:42","slug":"cha24-boende","status":"publish","type":"page","link":"https:\/\/inzain.bike\/en\/cha24-boende\/","title":{"rendered":"Champagne Accommodation"},"content":{"rendered":"<div class=\"wp-block-columns alignwide is-layout-flex wp-container-core-columns-is-layout-28f84493 wp-block-columns-is-layout-flex\">\n<div class=\"wp-block-column is-layout-flow wp-block-column-is-layout-flow\">\n<p>We stay just south of Epernay at Le Relais du Vigneron located in Vertus, in the Champagne region, offering tours of the Champagne vineyards and their cellars as well as wine tasting. A fitness center is at guests&#039; disposal.<\/p>\n\n\n\n<p>The rooms are decorated in a traditional style and all have a flat-screen TV, minibar and air conditioning. The private bathroom is equipped with a bathtub or shower.<\/p>\n\n\n\n<p>The hotel has its own brand of Champagne that we will do a tasting of one of the evenings.<\/p>\n\n\n\n<p><br><\/p>\n<\/div>\n<\/div>\n\n\n\n<div class=\"wp-block-columns alignwide is-layout-flex wp-container-core-columns-is-layout-28f84493 wp-block-columns-is-layout-flex\">\n<div class=\"wp-block-column is-layout-flow wp-block-column-is-layout-flow\">\n<figure class=\"wp-block-gallery has-nested-images columns-default is-cropped wp-block-gallery-1 is-layout-flex wp-block-gallery-is-layout-flex\">\n<figure class=\"wp-block-image size-large\"><img loading=\"lazy\" decoding=\"async\" width=\"600\" height=\"900\" data-id=\"3701\" src=\"https:\/\/inzain.bike\/wp-content\/uploads\/2023\/10\/343147716.jpg\" alt=\"\" class=\"wp-image-3701\" srcset=\"https:\/\/inzain.bike\/wp-content\/uploads\/2023\/10\/343147716.jpg 600w, https:\/\/inzain.bike\/wp-content\/uploads\/2023\/10\/343147716-200x300.jpg 200w, https:\/\/inzain.bike\/wp-content\/uploads\/2023\/10\/343147716-8x12.jpg 8w\" sizes=\"auto, (max-width: 600px) 100vw, 600px\" \/><\/figure>\n\n\n\n<figure class=\"wp-block-image size-large\"><img loading=\"lazy\" decoding=\"async\" width=\"676\" height=\"900\" data-id=\"3700\" src=\"https:\/\/inzain.bike\/wp-content\/uploads\/2023\/10\/343986943.jpg\" alt=\"\" class=\"wp-image-3700\" srcset=\"https:\/\/inzain.bike\/wp-content\/uploads\/2023\/10\/343986943.jpg 676w, https:\/\/inzain.bike\/wp-content\/uploads\/2023\/10\/343986943-225x300.jpg 225w, https:\/\/inzain.bike\/wp-content\/uploads\/2023\/10\/343986943-9x12.jpg 9w, https:\/\/inzain.bike\/wp-content\/uploads\/2023\/10\/343986943-600x799.jpg 600w\" sizes=\"auto, (max-width: 676px) 100vw, 676px\" \/><\/figure>\n\n\n\n<figure class=\"wp-block-image size-large\"><img loading=\"lazy\" decoding=\"async\" width=\"1024\" height=\"682\" data-id=\"3703\" src=\"https:\/\/inzain.bike\/wp-content\/uploads\/2023\/10\/372024344-1024x682.jpg\" alt=\"\" class=\"wp-image-3703\" srcset=\"https:\/\/inzain.bike\/wp-content\/uploads\/2023\/10\/372024344-1024x682.jpg 1024w, https:\/\/inzain.bike\/wp-content\/uploads\/2023\/10\/372024344-300x200.jpg 300w, https:\/\/inzain.bike\/wp-content\/uploads\/2023\/10\/372024344-768x512.jpg 768w, https:\/\/inzain.bike\/wp-content\/uploads\/2023\/10\/372024344-18x12.jpg 18w, https:\/\/inzain.bike\/wp-content\/uploads\/2023\/10\/372024344-600x400.jpg 600w, https:\/\/inzain.bike\/wp-content\/uploads\/2023\/10\/372024344.jpg 1280w\" sizes=\"auto, (max-width: 1024px) 100vw, 1024px\" \/><\/figure>\n\n\n\n<figure class=\"wp-block-image size-large\"><img loading=\"lazy\" decoding=\"async\" width=\"1024\" height=\"683\" data-id=\"3702\" src=\"https:\/\/inzain.bike\/wp-content\/uploads\/2023\/10\/378239816.jpg\" alt=\"\" class=\"wp-image-3702\" srcset=\"https:\/\/inzain.bike\/wp-content\/uploads\/2023\/10\/378239816.jpg 1024w, https:\/\/inzain.bike\/wp-content\/uploads\/2023\/10\/378239816-300x200.jpg 300w, https:\/\/inzain.bike\/wp-content\/uploads\/2023\/10\/378239816-768x512.jpg 768w, https:\/\/inzain.bike\/wp-content\/uploads\/2023\/10\/378239816-18x12.jpg 18w, https:\/\/inzain.bike\/wp-content\/uploads\/2023\/10\/378239816-600x400.jpg 600w\" sizes=\"auto, (max-width: 1024px) 100vw, 1024px\" \/><\/figure>\n\n\n\n<figure class=\"wp-block-image size-large\"><img loading=\"lazy\" decoding=\"async\" width=\"1024\" height=\"749\" data-id=\"3704\" src=\"https:\/\/inzain.bike\/wp-content\/uploads\/2023\/10\/381949057-1024x749.jpg\" alt=\"\" class=\"wp-image-3704\" srcset=\"https:\/\/inzain.bike\/wp-content\/uploads\/2023\/10\/381949057-1024x749.jpg 1024w, https:\/\/inzain.bike\/wp-content\/uploads\/2023\/10\/381949057-300x220.jpg 300w, https:\/\/inzain.bike\/wp-content\/uploads\/2023\/10\/381949057-768x562.jpg 768w, https:\/\/inzain.bike\/wp-content\/uploads\/2023\/10\/381949057-16x12.jpg 16w, https:\/\/inzain.bike\/wp-content\/uploads\/2023\/10\/381949057-600x439.jpg 600w, https:\/\/inzain.bike\/wp-content\/uploads\/2023\/10\/381949057.jpg 1230w\" sizes=\"auto, (max-width: 1024px) 100vw, 1024px\" \/><\/figure>\n<\/figure>\n<\/div>\n<\/div>\n\n\n\n<div class=\"wp-block-columns alignwide is-layout-flex wp-container-core-columns-is-layout-28f84493 wp-block-columns-is-layout-flex\">\n<div class=\"wp-block-column is-layout-flow wp-block-column-is-layout-flow\"><\/div>\n<\/div>\n\n\n\n<p><\/p>","protected":false},"excerpt":{"rendered":"<p>Vi bor strax s\u00f6der om Epernay p\u00e5 Le Relais du Vigneron som ligger i Vertus, i regionen Champagne, och erbjuder rundturer i Champagnes ving\u00e5rdar och deras k\u00e4llare samt vinprovning. Ett fitnesscenter finns till g\u00e4sternas f\u00f6rfogande. Rummen \u00e4r inredda i traditionell stil och alla har platt-TV, minibar och luftkonditionering. Det egna badrummet \u00e4r utrustat med badkar [&hellip;]<\/p>\n","protected":false},"author":135133094,"featured_media":0,"parent":0,"menu_order":0,"comment_status":"closed","ping_status":"closed","template":"","meta":{"_coblocks_attr":"","_coblocks_dimensions":"","_coblocks_responsive_height":"","_coblocks_accordion_ie_support":"","footnotes":""},"class_list":["post-5033","page","type-page","status-publish","hentry"],"yoast_head":"<!-- This site is optimized with the Yoast SEO plugin v27.2 - https:\/\/yoast.com\/product\/yoast-seo-wordpress\/ -->\n<title>Champagne Boende - INZAIN Cycling EXPERIENCES<\/title>\n<meta name=\"robots\" content=\"index, follow, max-snippet:-1, max-image-preview:large, max-video-preview:-1\" \/>\n<link rel=\"canonical\" href=\"https:\/\/inzain.bike\/en\/cha24-boende\/\" \/>\n<meta property=\"og:locale\" content=\"en_US\" \/>\n<meta property=\"og:type\" content=\"article\" \/>\n<meta property=\"og:title\" content=\"Champagne Boende - INZAIN Cycling EXPERIENCES\" \/>\n<meta property=\"og:description\" content=\"Vi bor strax s\u00f6der om Epernay p\u00e5 Le Relais du Vigneron som ligger i Vertus, i regionen Champagne, och erbjuder rundturer i Champagnes ving\u00e5rdar och deras k\u00e4llare samt vinprovning. Ett fitnesscenter finns till g\u00e4sternas f\u00f6rfogande. Rummen \u00e4r inredda i traditionell stil och alla har platt-TV, minibar och luftkonditionering. Det egna badrummet \u00e4r utrustat med badkar [&hellip;]\" \/>\n<meta property=\"og:url\" content=\"https:\/\/inzain.bike\/en\/cha24-boende\/\" \/>\n<meta property=\"og:site_name\" content=\"INZAIN Cycling EXPERIENCES\" \/>\n<meta property=\"article:publisher\" content=\"https:\/\/www.facebook.com\/Inzain.bike\" \/>\n<meta property=\"article:modified_time\" content=\"2023-11-16T18:41:42+00:00\" \/>\n<meta property=\"og:image\" content=\"https:\/\/inzain.bike\/wp-content\/uploads\/2023\/10\/343147716.jpg\" \/>\n<meta name=\"twitter:card\" content=\"summary_large_image\" \/>\n<meta name=\"twitter:label1\" content=\"Est. reading time\" \/>\n\t<meta name=\"twitter:data1\" content=\"2 minutes\" \/>\n<script type=\"application\/ld+json\" class=\"yoast-schema-graph\">{\"@context\":\"https:\/\/schema.org\",\"@graph\":[{\"@type\":\"WebPage\",\"@id\":\"https:\/\/inzain.bike\/sv_se\/cha24-boende\/\",\"url\":\"https:\/\/inzain.bike\/sv_se\/cha24-boende\/\",\"name\":\"Champagne Boende - INZAIN Cycling EXPERIENCES\",\"isPartOf\":{\"@id\":\"https:\/\/inzain.bike\/fr_be\/#website\"},\"primaryImageOfPage\":{\"@id\":\"https:\/\/inzain.bike\/sv_se\/cha24-boende\/#primaryimage\"},\"image\":{\"@id\":\"https:\/\/inzain.bike\/sv_se\/cha24-boende\/#primaryimage\"},\"thumbnailUrl\":\"https:\/\/inzain.bike\/wp-content\/uploads\/2023\/10\/343147716.jpg\",\"datePublished\":\"2023-11-11T16:31:53+00:00\",\"dateModified\":\"2023-11-16T18:41:42+00:00\",\"breadcrumb\":{\"@id\":\"https:\/\/inzain.bike\/sv_se\/cha24-boende\/#breadcrumb\"},\"inLanguage\":\"en-US\",\"potentialAction\":[{\"@type\":\"ReadAction\",\"target\":[\"https:\/\/inzain.bike\/sv_se\/cha24-boende\/\"]}]},{\"@type\":\"ImageObject\",\"inLanguage\":\"en-US\",\"@id\":\"https:\/\/inzain.bike\/sv_se\/cha24-boende\/#primaryimage\",\"url\":\"https:\/\/inzain.bike\/wp-content\/uploads\/2023\/10\/343147716.jpg\",\"contentUrl\":\"https:\/\/inzain.bike\/wp-content\/uploads\/2023\/10\/343147716.jpg\"},{\"@type\":\"BreadcrumbList\",\"@id\":\"https:\/\/inzain.bike\/sv_se\/cha24-boende\/#breadcrumb\",\"itemListElement\":[{\"@type\":\"ListItem\",\"position\":1,\"name\":\"Hem\",\"item\":\"https:\/\/inzain.bike\/fr_be\/\"},{\"@type\":\"ListItem\",\"position\":2,\"name\":\"Champagne Boende\"}]},{\"@type\":\"WebSite\",\"@id\":\"https:\/\/inzain.bike\/fr_be\/#website\",\"url\":\"https:\/\/inzain.bike\/fr_be\/\",\"name\":\"INZAIN Cycling EXPERIENCES\",\"description\":\"Cyckling Adventures  - for everyone\",\"publisher\":{\"@id\":\"https:\/\/inzain.bike\/fr_be\/#organization\"},\"alternateName\":\"INZAIN Gravel & Travel\",\"potentialAction\":[{\"@type\":\"SearchAction\",\"target\":{\"@type\":\"EntryPoint\",\"urlTemplate\":\"https:\/\/inzain.bike\/fr_be\/?s={search_term_string}\"},\"query-input\":{\"@type\":\"PropertyValueSpecification\",\"valueRequired\":true,\"valueName\":\"search_term_string\"}}],\"inLanguage\":\"en-US\"},{\"@type\":\"Organization\",\"@id\":\"https:\/\/inzain.bike\/fr_be\/#organization\",\"name\":\"INZAIN Cycling EXPERIENCES\",\"url\":\"https:\/\/inzain.bike\/fr_be\/\",\"logo\":{\"@type\":\"ImageObject\",\"inLanguage\":\"en-US\",\"@id\":\"https:\/\/inzain.bike\/fr_be\/#\/schema\/logo\/image\/\",\"url\":\"https:\/\/i0.wp.com\/inzain.bike\/wp-content\/uploads\/2023\/09\/cropped-INZAIN_512x512_white.png?fit=512%2C512&ssl=1\",\"contentUrl\":\"https:\/\/i0.wp.com\/inzain.bike\/wp-content\/uploads\/2023\/09\/cropped-INZAIN_512x512_white.png?fit=512%2C512&ssl=1\",\"width\":512,\"height\":512,\"caption\":\"INZAIN Cycling EXPERIENCES\"},\"image\":{\"@id\":\"https:\/\/inzain.bike\/fr_be\/#\/schema\/logo\/image\/\"},\"sameAs\":[\"https:\/\/www.facebook.com\/Inzain.bike\",\"https:\/\/www.instagram.com\/inzainbike\"]}]}<\/script>\n<!-- \/ Yoast SEO plugin. -->","yoast_head_json":{"title":"Champagne Accommodation - INZAIN Cycling EXPERIENCES","robots":{"index":"index","follow":"follow","max-snippet":"max-snippet:-1","max-image-preview":"max-image-preview:large","max-video-preview":"max-video-preview:-1"},"canonical":"https:\/\/inzain.bike\/en\/cha24-boende\/","og_locale":"en_US","og_type":"article","og_title":"Champagne Boende - INZAIN Cycling EXPERIENCES","og_description":"Vi bor strax s\u00f6der om Epernay p\u00e5 Le Relais du Vigneron som ligger i Vertus, i regionen Champagne, och erbjuder rundturer i Champagnes ving\u00e5rdar och deras k\u00e4llare samt vinprovning. Ett fitnesscenter finns till g\u00e4sternas f\u00f6rfogande. Rummen \u00e4r inredda i traditionell stil och alla har platt-TV, minibar och luftkonditionering. Det egna badrummet \u00e4r utrustat med badkar [&hellip;]","og_url":"https:\/\/inzain.bike\/en\/cha24-boende\/","og_site_name":"INZAIN Cycling EXPERIENCES","article_publisher":"https:\/\/www.facebook.com\/Inzain.bike","article_modified_time":"2023-11-16T18:41:42+00:00","og_image":[{"url":"https:\/\/inzain.bike\/wp-content\/uploads\/2023\/10\/343147716.jpg","type":"","width":"","height":""}],"twitter_card":"summary_large_image","twitter_misc":{"Est. reading time":"2 minutes"},"schema":{"@context":"https:\/\/schema.org","@graph":[{"@type":"WebPage","@id":"https:\/\/inzain.bike\/sv_se\/cha24-boende\/","url":"https:\/\/inzain.bike\/sv_se\/cha24-boende\/","name":"Champagne Accommodation - INZAIN Cycling EXPERIENCES","isPartOf":{"@id":"https:\/\/inzain.bike\/fr_be\/#website"},"primaryImageOfPage":{"@id":"https:\/\/inzain.bike\/sv_se\/cha24-boende\/#primaryimage"},"image":{"@id":"https:\/\/inzain.bike\/sv_se\/cha24-boende\/#primaryimage"},"thumbnailUrl":"https:\/\/inzain.bike\/wp-content\/uploads\/2023\/10\/343147716.jpg","datePublished":"2023-11-11T16:31:53+00:00","dateModified":"2023-11-16T18:41:42+00:00","breadcrumb":{"@id":"https:\/\/inzain.bike\/sv_se\/cha24-boende\/#breadcrumb"},"inLanguage":"en-US","potentialAction":[{"@type":"ReadAction","target":["https:\/\/inzain.bike\/sv_se\/cha24-boende\/"]}]},{"@type":"ImageObject","inLanguage":"en-US","@id":"https:\/\/inzain.bike\/sv_se\/cha24-boende\/#primaryimage","url":"https:\/\/inzain.bike\/wp-content\/uploads\/2023\/10\/343147716.jpg","contentUrl":"https:\/\/inzain.bike\/wp-content\/uploads\/2023\/10\/343147716.jpg"},{"@type":"BreadcrumbList","@id":"https:\/\/inzain.bike\/sv_se\/cha24-boende\/#breadcrumb","itemListElement":[{"@type":"ListItem","position":1,"name":"Hem","item":"https:\/\/inzain.bike\/fr_be\/"},{"@type":"ListItem","position":2,"name":"Champagne Boende"}]},{"@type":"WebSite","@id":"https:\/\/inzain.bike\/fr_be\/#website","url":"https:\/\/inzain.bike\/fr_be\/","name":"INZAIN Cycling EXPERIENCES","description":"Cycling Adventures - for everyone","publisher":{"@id":"https:\/\/inzain.bike\/fr_be\/#organization"},"alternateName":"INZAIN Gravel & Travel","potentialAction":[{"@type":"SearchAction","target":{"@type":"EntryPoint","urlTemplate":"https:\/\/inzain.bike\/fr_be\/?s={search_term_string}"},"query-input":{"@type":"PropertyValueSpecification","valueRequired":true,"valueName":"search_term_string"}}],"inLanguage":"en-US"},{"@type":"Organization","@id":"https:\/\/inzain.bike\/fr_be\/#organization","name":"INZAIN Cycling EXPERIENCES","url":"https:\/\/inzain.bike\/fr_be\/","logo":{"@type":"ImageObject","inLanguage":"en-US","@id":"https:\/\/inzain.bike\/fr_be\/#\/schema\/logo\/image\/","url":"https:\/\/i0.wp.com\/inzain.bike\/wp-content\/uploads\/2023\/09\/cropped-INZAIN_512x512_white.png?fit=512%2C512&ssl=1","contentUrl":"https:\/\/i0.wp.com\/inzain.bike\/wp-content\/uploads\/2023\/09\/cropped-INZAIN_512x512_white.png?fit=512%2C512&ssl=1","width":512,"height":512,"caption":"INZAIN Cycling EXPERIENCES"},"image":{"@id":"https:\/\/inzain.bike\/fr_be\/#\/schema\/logo\/image\/"},"sameAs":["https:\/\/www.facebook.com\/Inzain.bike","https:\/\/www.instagram.com\/inzainbike"]}]}},"amp_enabled":true,"_links":{"self":[{"href":"https:\/\/inzain.bike\/en\/wp-json\/wp\/v2\/pages\/5033","targetHints":{"allow":["GET"]}}],"collection":[{"href":"https:\/\/inzain.bike\/en\/wp-json\/wp\/v2\/pages"}],"about":[{"href":"https:\/\/inzain.bike\/en\/wp-json\/wp\/v2\/types\/page"}],"author":[{"embeddable":true,"href":"https:\/\/inzain.bike\/en\/wp-json\/wp\/v2\/users\/135133094"}],"replies":[{"embeddable":true,"href":"https:\/\/inzain.bike\/en\/wp-json\/wp\/v2\/comments?post=5033"}],"version-history":[{"count":0,"href":"https:\/\/inzain.bike\/en\/wp-json\/wp\/v2\/pages\/5033\/revisions"}],"wp:attachment":[{"href":"https:\/\/inzain.bike\/en\/wp-json\/wp\/v2\/media?parent=5033"}],"curies":[{"name":"wp","href":"https:\/\/api.w.org\/{rel}","templated":true}]}}