{"id":5066,"date":"2023-11-21T18:36:03","date_gmt":"2023-11-21T17:36:03","guid":{"rendered":"https:\/\/inzain.bike\/?page_id=5066"},"modified":"2023-11-21T18:36:06","modified_gmt":"2023-11-21T17:36:06","slug":"pyr24-cykling","status":"publish","type":"page","link":"https:\/\/inzain.bike\/en\/pyr24-cykling\/","title":{"rendered":"Pyrenees Cycling"},"content":{"rendered":"<div class=\"wp-block-columns alignwide is-layout-flex wp-container-core-columns-is-layout-28f84493 wp-block-columns-is-layout-flex\">\n<div class=\"wp-block-column is-layout-flow wp-block-column-is-layout-flow\">\n<p>The cycling over this mountain range is our real classic and big goal every year. To describe the trip in one word, it has to be wilderness. And that makes this area unique as it is the only one in all of Europe that can call itself that. In many places we are completely alone with our bikes and quiet thoughts. We move from hotel to hotel, each day has a new exciting goal. In the middle of the trip have <\/p>\n<\/div>\n<\/div>\n\n\n\n<p class=\"has-text-align-left has-custom-weight\" style=\"font-weight:bold;font-size:30px\">Day program<\/p>\n\n\n\n<div class=\"wp-block-columns alignwide is-layout-flex wp-container-core-columns-is-layout-28f84493 wp-block-columns-is-layout-flex\">\n<div class=\"wp-block-column is-layout-flow wp-block-column-is-layout-flow\">\n<figure class=\"wp-block-image size-full\"><img loading=\"lazy\" decoding=\"async\" width=\"960\" height=\"883\" src=\"https:\/\/inzain.bike\/wp-content\/uploads\/2023\/11\/IMG_9915.jpg\" alt=\"\" class=\"wp-image-5198\" srcset=\"https:\/\/inzain.bike\/wp-content\/uploads\/2023\/11\/IMG_9915.jpg 960w, https:\/\/inzain.bike\/wp-content\/uploads\/2023\/11\/IMG_9915-300x276.jpg 300w, https:\/\/inzain.bike\/wp-content\/uploads\/2023\/11\/IMG_9915-768x706.jpg 768w, https:\/\/inzain.bike\/wp-content\/uploads\/2023\/11\/IMG_9915-13x12.jpg 13w, https:\/\/inzain.bike\/wp-content\/uploads\/2023\/11\/IMG_9915-600x552.jpg 600w\" sizes=\"auto, (max-width: 960px) 100vw, 960px\" \/><\/figure>\n<\/div>\n\n\n\n<div class=\"wp-block-column is-layout-flow wp-block-column-is-layout-flow\">\n<p><strong>Day one <\/strong><\/p>\n\n\n\n<p>Breakfast at the hotel and shared cycling down to the Grand Plage where our adventure begins. Those who want to dip one of the wheels in the Atlantic before we roll east towards the Mediterranean.<\/p>\n\n\n\n<p>We cycle through town and out into the Basque countryside. Our lunch stop for the day will be in beautiful San Jean Pied de Port, which in French means &quot;Saint John at the foot of the mountain pass&quot;. The city is also the classic starting point for those who want to walk the Camino de Santiago.<\/p>\n\n\n\n<p>The two climbs Col des Plombieres and Col d\u00b4Osquich give us a foretaste of what is to come. We spend the night in Oloron&#039;s St. Marie.<\/p>\n<\/div>\n<\/div>\n\n\n\n<div class=\"wp-block-columns alignwide is-layout-flex wp-container-core-columns-is-layout-28f84493 wp-block-columns-is-layout-flex\">\n<div class=\"wp-block-column is-layout-flow wp-block-column-is-layout-flow\">\n<p><strong>Day two <\/strong><\/p>\n\n\n\n<p>We now leave the Basque Country and roll forward in an undulating landscape. The goal for the day is to tackle Col de Marie Blanque and Col d&#039;Aubisque. Both classic climbs in the Tour de France context.<\/p>\n\n\n\n<p>We climb both mountain passes with the rest of the Pyrenees as a panorama in the background. At the top of the Col d\u00c1ubisque we are met by grazing wild horses. The night is spent at our favorite hotel at the foot of the Tourmalet in St.Savin. <\/p>\n<\/div>\n\n\n\n<div class=\"wp-block-column is-layout-flow wp-block-column-is-layout-flow\">\n<figure class=\"wp-block-image size-full is-resized\"><img decoding=\"async\" src=\"https:\/\/inzain.bike\/wp-content\/uploads\/2023\/11\/IMG_5200.jpg\" alt=\"\" class=\"wp-image-5187\" style=\"width:332px;height:auto\"\/><\/figure>\n<\/div>\n<\/div>\n\n\n\n<div class=\"wp-block-columns alignwide is-layout-flex wp-container-core-columns-is-layout-28f84493 wp-block-columns-is-layout-flex\">\n<div class=\"wp-block-column is-layout-flow wp-block-column-is-layout-flow\">\n<figure class=\"wp-block-image size-full\"><img loading=\"lazy\" decoding=\"async\" width=\"929\" height=\"929\" src=\"https:\/\/inzain.bike\/wp-content\/uploads\/2023\/11\/IMG_5479.jpg\" alt=\"\" class=\"wp-image-5191\" srcset=\"https:\/\/inzain.bike\/wp-content\/uploads\/2023\/11\/IMG_5479.jpg 929w, https:\/\/inzain.bike\/wp-content\/uploads\/2023\/11\/IMG_5479-300x300.jpg 300w, https:\/\/inzain.bike\/wp-content\/uploads\/2023\/11\/IMG_5479-150x150.jpg 150w, https:\/\/inzain.bike\/wp-content\/uploads\/2023\/11\/IMG_5479-768x768.jpg 768w, https:\/\/inzain.bike\/wp-content\/uploads\/2023\/11\/IMG_5479-12x12.jpg 12w, https:\/\/inzain.bike\/wp-content\/uploads\/2023\/11\/IMG_5479-600x600.jpg 600w, https:\/\/inzain.bike\/wp-content\/uploads\/2023\/11\/IMG_5479-100x100.jpg 100w\" sizes=\"auto, (max-width: 929px) 100vw, 929px\" \/><\/figure>\n<\/div>\n\n\n\n<div class=\"wp-block-column is-layout-flow wp-block-column-is-layout-flow\">\n<p><strong>Day Three <\/strong><\/p>\n\n\n\n<p>After a short cycle out of town, we go straight into the most climbed mountain in the Tour de France. The giant of the Pyrenees rises majestically above the other neighbors on the sides. Even if you are here for the first time, you will get a wonderful feeling in your body when you recognize yourself.<\/p>\n\n\n\n<p>on the way down we take the opportunity to stop at the recently erected memorial to Eug\u00e9ne Christophe with his broken front fork in hand. Even the Col de Peyresourde is breathtaking with its height. The night is spent in Luchon, where countless finishes and starts have taken place.<\/p>\n<\/div>\n<\/div>\n\n\n\n<div class=\"wp-block-columns alignwide is-layout-flex wp-container-core-columns-is-layout-28f84493 wp-block-columns-is-layout-flex\">\n<div class=\"wp-block-column is-layout-flow wp-block-column-is-layout-flow\">\n<p><strong>Day Four <\/strong><\/p>\n\n\n\n<p>Rest day in classic and absolutely wonderful Bagneres Luchon. Known as a health resort with origins dating back to 1920. We are now at the foot of the central Pyrenees. Take the opportunity to try the newly built cable car up to the top above the city.<\/p>\n<\/div>\n\n\n\n<div class=\"wp-block-column is-layout-flow wp-block-column-is-layout-flow\">\n<figure class=\"wp-block-image size-full\"><img decoding=\"async\" src=\"https:\/\/inzain.bike\/wp-content\/uploads\/2023\/11\/IMG_8440.jpg\" alt=\"\" class=\"wp-image-5201\"\/><\/figure>\n<\/div>\n<\/div>\n\n\n\n<div class=\"wp-block-columns alignwide is-layout-flex wp-container-core-columns-is-layout-28f84493 wp-block-columns-is-layout-flex\">\n<div class=\"wp-block-column is-layout-flow wp-block-column-is-layout-flow\">\n<figure class=\"wp-block-image size-full\"><img decoding=\"async\" src=\"https:\/\/inzain.bike\/wp-content\/uploads\/2023\/11\/IMG_4522.jpg\" alt=\"\" class=\"wp-image-5204\"\/><\/figure>\n<\/div>\n\n\n\n<div class=\"wp-block-column is-layout-flow wp-block-column-is-layout-flow\">\n<p><strong>Day Five <\/strong><\/p>\n\n\n\n<p>Now we are above the tree line for a large part of the time on our way up and down the mountains.<br>At this layer, our bodies have acclimatized and we can fully enjoy the verdant landscape on the sides.<br>We also pass the incredibly beautiful place and memorial to Fabio Cassartelli. Our destination for the day is Saint Girons. Known as the starting point on the route for those who needed to escape over the mountains to Spain during the Second World War.\u00a0<\/p>\n<\/div>\n<\/div>\n\n\n\n<div class=\"wp-block-columns alignwide is-layout-flex wp-container-core-columns-is-layout-28f84493 wp-block-columns-is-layout-flex\">\n<div class=\"wp-block-column is-layout-flow wp-block-column-is-layout-flow\">\n<p><strong>Day Six <\/strong><\/p>\n\n\n\n<p>Even more fantastic climbing and nature on the program. Port de Pailheres and Col de Port are added to the list. On this day, you will cover the most altitude meters and reach the second highest point of the trip at Pailheres.<\/p>\n\n\n\n<p>The downhill drive from there is usually the most amazing and captivating for the one who experiences it. The hotel in Gincla is also a favorite with many participants.<\/p>\n<\/div>\n\n\n\n<div class=\"wp-block-column is-layout-flow wp-block-column-is-layout-flow\">\n<figure class=\"wp-block-image size-full\"><img loading=\"lazy\" decoding=\"async\" width=\"788\" height=\"788\" src=\"https:\/\/inzain.bike\/wp-content\/uploads\/2023\/11\/IMG_7716-2.jpg\" alt=\"\" class=\"wp-image-5192\" srcset=\"https:\/\/inzain.bike\/wp-content\/uploads\/2023\/11\/IMG_7716-2.jpg 788w, https:\/\/inzain.bike\/wp-content\/uploads\/2023\/11\/IMG_7716-2-300x300.jpg 300w, https:\/\/inzain.bike\/wp-content\/uploads\/2023\/11\/IMG_7716-2-150x150.jpg 150w, https:\/\/inzain.bike\/wp-content\/uploads\/2023\/11\/IMG_7716-2-768x768.jpg 768w, https:\/\/inzain.bike\/wp-content\/uploads\/2023\/11\/IMG_7716-2-12x12.jpg 12w, https:\/\/inzain.bike\/wp-content\/uploads\/2023\/11\/IMG_7716-2-600x600.jpg 600w, https:\/\/inzain.bike\/wp-content\/uploads\/2023\/11\/IMG_7716-2-100x100.jpg 100w\" sizes=\"auto, (max-width: 788px) 100vw, 788px\" \/><\/figure>\n<\/div>\n<\/div>\n\n\n\n<div class=\"wp-block-columns alignwide is-layout-flex wp-container-core-columns-is-layout-28f84493 wp-block-columns-is-layout-flex\">\n<div class=\"wp-block-column is-layout-flow wp-block-column-is-layout-flow\">\n<figure class=\"wp-block-image size-full\"><img decoding=\"async\" src=\"https:\/\/inzain.bike\/wp-content\/uploads\/2023\/11\/IMG_5378.jpg\" alt=\"\" class=\"wp-image-5190\"\/><\/figure>\n<\/div>\n\n\n\n<div class=\"wp-block-column is-layout-flow wp-block-column-is-layout-flow\">\n<p><strong>Day Seven<\/strong><\/p>\n\n\n\n<p>Grand Finale!<br>We say goodbye to the high mountains in the west and begin to sense the azure Mediterranean Sea on the horizon.<\/p>\n\n\n\n<p>Our destination Collioure on the coast is getting closer. A goal that many artists also had, e.g. Matisse and Picasso. First, however, two beautiful climbs must be completed, Col Palomere and Col d&#039;Aussieres.<\/p>\n\n\n\n<p>The feeling of finally reaching the sea and knowing that you have crossed an entire mountain range by your own machine is overwhelming.<br>Dinner in the evening is always very emotional and memorable.<\/p>\n<\/div>\n<\/div>\n\n\n\n<p><br><\/p>","protected":false},"excerpt":{"rendered":"<p>Cyklingen \u00f6ver denna bergskedja \u00e4r v\u00e5r riktiga klassiker och stora m\u00e5l varje \u00e5r. F\u00f6r att beskriva turen med ett ord f\u00e5r det bli vildmark. Och det g\u00f6r detta omr\u00e5de unikt d\u00e5 det \u00e4r det enda i hela Europa som kan kalla sig det. P\u00e5 m\u00e5nga st\u00e4llen \u00e4r vi helt ensamma med v\u00e5ra cyklar och lugna [&hellip;]<\/p>\n","protected":false},"author":203917874,"featured_media":0,"parent":0,"menu_order":0,"comment_status":"closed","ping_status":"closed","template":"","meta":{"_coblocks_attr":"","_coblocks_dimensions":"","_coblocks_responsive_height":"","_coblocks_accordion_ie_support":"","footnotes":""},"class_list":["post-5066","page","type-page","status-publish","hentry"],"yoast_head":"<!-- This site is optimized with the Yoast SEO plugin v27.2 - https:\/\/yoast.com\/product\/yoast-seo-wordpress\/ -->\n<title>Pyreneerna Cykling - INZAIN Cycling EXPERIENCES<\/title>\n<meta name=\"robots\" content=\"index, follow, max-snippet:-1, max-image-preview:large, max-video-preview:-1\" \/>\n<link rel=\"canonical\" href=\"https:\/\/inzain.bike\/en\/pyr24-cykling\/\" \/>\n<meta property=\"og:locale\" content=\"en_US\" \/>\n<meta property=\"og:type\" content=\"article\" \/>\n<meta property=\"og:title\" content=\"Pyreneerna Cykling - INZAIN Cycling EXPERIENCES\" \/>\n<meta property=\"og:description\" content=\"Cyklingen \u00f6ver denna bergskedja \u00e4r v\u00e5r riktiga klassiker och stora m\u00e5l varje \u00e5r. F\u00f6r att beskriva turen med ett ord f\u00e5r det bli vildmark. Och det g\u00f6r detta omr\u00e5de unikt d\u00e5 det \u00e4r det enda i hela Europa som kan kalla sig det. P\u00e5 m\u00e5nga st\u00e4llen \u00e4r vi helt ensamma med v\u00e5ra cyklar och lugna [&hellip;]\" \/>\n<meta property=\"og:url\" content=\"https:\/\/inzain.bike\/en\/pyr24-cykling\/\" \/>\n<meta property=\"og:site_name\" content=\"INZAIN Cycling EXPERIENCES\" \/>\n<meta property=\"article:publisher\" content=\"https:\/\/www.facebook.com\/Inzain.bike\" \/>\n<meta property=\"article:modified_time\" content=\"2023-11-21T17:36:06+00:00\" \/>\n<meta property=\"og:image\" content=\"https:\/\/inzain.bike\/wp-content\/uploads\/2023\/11\/IMG_9915.jpg\" \/>\n<meta name=\"twitter:card\" content=\"summary_large_image\" \/>\n<meta name=\"twitter:label1\" content=\"Est. reading time\" \/>\n\t<meta name=\"twitter:data1\" content=\"5 minutes\" \/>\n<script type=\"application\/ld+json\" class=\"yoast-schema-graph\">{\"@context\":\"https:\/\/schema.org\",\"@graph\":[{\"@type\":\"WebPage\",\"@id\":\"https:\/\/inzain.bike\/nb\/pyr24-cykling\/\",\"url\":\"https:\/\/inzain.bike\/nb\/pyr24-cykling\/\",\"name\":\"Pyreneerna Cykling - INZAIN Cycling EXPERIENCES\",\"isPartOf\":{\"@id\":\"https:\/\/inzain.bike\/fr_be\/#website\"},\"primaryImageOfPage\":{\"@id\":\"https:\/\/inzain.bike\/nb\/pyr24-cykling\/#primaryimage\"},\"image\":{\"@id\":\"https:\/\/inzain.bike\/nb\/pyr24-cykling\/#primaryimage\"},\"thumbnailUrl\":\"https:\/\/inzain.bike\/wp-content\/uploads\/2023\/11\/IMG_9915.jpg\",\"datePublished\":\"2023-11-21T17:36:03+00:00\",\"dateModified\":\"2023-11-21T17:36:06+00:00\",\"breadcrumb\":{\"@id\":\"https:\/\/inzain.bike\/nb\/pyr24-cykling\/#breadcrumb\"},\"inLanguage\":\"en-US\",\"potentialAction\":[{\"@type\":\"ReadAction\",\"target\":[\"https:\/\/inzain.bike\/nb\/pyr24-cykling\/\"]}]},{\"@type\":\"ImageObject\",\"inLanguage\":\"en-US\",\"@id\":\"https:\/\/inzain.bike\/nb\/pyr24-cykling\/#primaryimage\",\"url\":\"https:\/\/inzain.bike\/wp-content\/uploads\/2023\/11\/IMG_9915.jpg\",\"contentUrl\":\"https:\/\/inzain.bike\/wp-content\/uploads\/2023\/11\/IMG_9915.jpg\"},{\"@type\":\"BreadcrumbList\",\"@id\":\"https:\/\/inzain.bike\/nb\/pyr24-cykling\/#breadcrumb\",\"itemListElement\":[{\"@type\":\"ListItem\",\"position\":1,\"name\":\"Hem\",\"item\":\"https:\/\/inzain.bike\/fr_be\/\"},{\"@type\":\"ListItem\",\"position\":2,\"name\":\"Pyreneerna Cykling\"}]},{\"@type\":\"WebSite\",\"@id\":\"https:\/\/inzain.bike\/fr_be\/#website\",\"url\":\"https:\/\/inzain.bike\/fr_be\/\",\"name\":\"INZAIN Cycling EXPERIENCES\",\"description\":\"Cyckling Adventures  - for everyone\",\"publisher\":{\"@id\":\"https:\/\/inzain.bike\/fr_be\/#organization\"},\"alternateName\":\"INZAIN Gravel & Travel\",\"potentialAction\":[{\"@type\":\"SearchAction\",\"target\":{\"@type\":\"EntryPoint\",\"urlTemplate\":\"https:\/\/inzain.bike\/fr_be\/?s={search_term_string}\"},\"query-input\":{\"@type\":\"PropertyValueSpecification\",\"valueRequired\":true,\"valueName\":\"search_term_string\"}}],\"inLanguage\":\"en-US\"},{\"@type\":\"Organization\",\"@id\":\"https:\/\/inzain.bike\/fr_be\/#organization\",\"name\":\"INZAIN Cycling EXPERIENCES\",\"url\":\"https:\/\/inzain.bike\/fr_be\/\",\"logo\":{\"@type\":\"ImageObject\",\"inLanguage\":\"en-US\",\"@id\":\"https:\/\/inzain.bike\/fr_be\/#\/schema\/logo\/image\/\",\"url\":\"https:\/\/i0.wp.com\/inzain.bike\/wp-content\/uploads\/2023\/09\/cropped-INZAIN_512x512_white.png?fit=512%2C512&ssl=1\",\"contentUrl\":\"https:\/\/i0.wp.com\/inzain.bike\/wp-content\/uploads\/2023\/09\/cropped-INZAIN_512x512_white.png?fit=512%2C512&ssl=1\",\"width\":512,\"height\":512,\"caption\":\"INZAIN Cycling EXPERIENCES\"},\"image\":{\"@id\":\"https:\/\/inzain.bike\/fr_be\/#\/schema\/logo\/image\/\"},\"sameAs\":[\"https:\/\/www.facebook.com\/Inzain.bike\",\"https:\/\/www.instagram.com\/inzainbike\"]}]}<\/script>\n<!-- \/ Yoast SEO plugin. -->","yoast_head_json":{"title":"Pyrenees Cycling - INZAIN Cycling EXPERIENCES","robots":{"index":"index","follow":"follow","max-snippet":"max-snippet:-1","max-image-preview":"max-image-preview:large","max-video-preview":"max-video-preview:-1"},"canonical":"https:\/\/inzain.bike\/en\/pyr24-cykling\/","og_locale":"en_US","og_type":"article","og_title":"Pyreneerna Cykling - INZAIN Cycling EXPERIENCES","og_description":"Cyklingen \u00f6ver denna bergskedja \u00e4r v\u00e5r riktiga klassiker och stora m\u00e5l varje \u00e5r. F\u00f6r att beskriva turen med ett ord f\u00e5r det bli vildmark. Och det g\u00f6r detta omr\u00e5de unikt d\u00e5 det \u00e4r det enda i hela Europa som kan kalla sig det. P\u00e5 m\u00e5nga st\u00e4llen \u00e4r vi helt ensamma med v\u00e5ra cyklar och lugna [&hellip;]","og_url":"https:\/\/inzain.bike\/en\/pyr24-cykling\/","og_site_name":"INZAIN Cycling EXPERIENCES","article_publisher":"https:\/\/www.facebook.com\/Inzain.bike","article_modified_time":"2023-11-21T17:36:06+00:00","og_image":[{"url":"https:\/\/inzain.bike\/wp-content\/uploads\/2023\/11\/IMG_9915.jpg","type":"","width":"","height":""}],"twitter_card":"summary_large_image","twitter_misc":{"Est. reading time":"5 minutes"},"schema":{"@context":"https:\/\/schema.org","@graph":[{"@type":"WebPage","@id":"https:\/\/inzain.bike\/nb\/pyr24-cykling\/","url":"https:\/\/inzain.bike\/nb\/pyr24-cykling\/","name":"Pyrenees Cycling - INZAIN Cycling EXPERIENCES","isPartOf":{"@id":"https:\/\/inzain.bike\/fr_be\/#website"},"primaryImageOfPage":{"@id":"https:\/\/inzain.bike\/nb\/pyr24-cykling\/#primaryimage"},"image":{"@id":"https:\/\/inzain.bike\/nb\/pyr24-cykling\/#primaryimage"},"thumbnailUrl":"https:\/\/inzain.bike\/wp-content\/uploads\/2023\/11\/IMG_9915.jpg","datePublished":"2023-11-21T17:36:03+00:00","dateModified":"2023-11-21T17:36:06+00:00","breadcrumb":{"@id":"https:\/\/inzain.bike\/nb\/pyr24-cykling\/#breadcrumb"},"inLanguage":"en-US","potentialAction":[{"@type":"ReadAction","target":["https:\/\/inzain.bike\/nb\/pyr24-cykling\/"]}]},{"@type":"ImageObject","inLanguage":"en-US","@id":"https:\/\/inzain.bike\/nb\/pyr24-cykling\/#primaryimage","url":"https:\/\/inzain.bike\/wp-content\/uploads\/2023\/11\/IMG_9915.jpg","contentUrl":"https:\/\/inzain.bike\/wp-content\/uploads\/2023\/11\/IMG_9915.jpg"},{"@type":"BreadcrumbList","@id":"https:\/\/inzain.bike\/nb\/pyr24-cykling\/#breadcrumb","itemListElement":[{"@type":"ListItem","position":1,"name":"Hem","item":"https:\/\/inzain.bike\/fr_be\/"},{"@type":"ListItem","position":2,"name":"Pyreneerna Cykling"}]},{"@type":"WebSite","@id":"https:\/\/inzain.bike\/fr_be\/#website","url":"https:\/\/inzain.bike\/fr_be\/","name":"INZAIN Cycling EXPERIENCES","description":"Cycling Adventures - for everyone","publisher":{"@id":"https:\/\/inzain.bike\/fr_be\/#organization"},"alternateName":"INZAIN Gravel & Travel","potentialAction":[{"@type":"SearchAction","target":{"@type":"EntryPoint","urlTemplate":"https:\/\/inzain.bike\/fr_be\/?s={search_term_string}"},"query-input":{"@type":"PropertyValueSpecification","valueRequired":true,"valueName":"search_term_string"}}],"inLanguage":"en-US"},{"@type":"Organization","@id":"https:\/\/inzain.bike\/fr_be\/#organization","name":"INZAIN Cycling EXPERIENCES","url":"https:\/\/inzain.bike\/fr_be\/","logo":{"@type":"ImageObject","inLanguage":"en-US","@id":"https:\/\/inzain.bike\/fr_be\/#\/schema\/logo\/image\/","url":"https:\/\/i0.wp.com\/inzain.bike\/wp-content\/uploads\/2023\/09\/cropped-INZAIN_512x512_white.png?fit=512%2C512&ssl=1","contentUrl":"https:\/\/i0.wp.com\/inzain.bike\/wp-content\/uploads\/2023\/09\/cropped-INZAIN_512x512_white.png?fit=512%2C512&ssl=1","width":512,"height":512,"caption":"INZAIN Cycling EXPERIENCES"},"image":{"@id":"https:\/\/inzain.bike\/fr_be\/#\/schema\/logo\/image\/"},"sameAs":["https:\/\/www.facebook.com\/Inzain.bike","https:\/\/www.instagram.com\/inzainbike"]}]}},"amp_enabled":true,"_links":{"self":[{"href":"https:\/\/inzain.bike\/en\/wp-json\/wp\/v2\/pages\/5066","targetHints":{"allow":["GET"]}}],"collection":[{"href":"https:\/\/inzain.bike\/en\/wp-json\/wp\/v2\/pages"}],"about":[{"href":"https:\/\/inzain.bike\/en\/wp-json\/wp\/v2\/types\/page"}],"author":[{"embeddable":true,"href":"https:\/\/inzain.bike\/en\/wp-json\/wp\/v2\/users\/203917874"}],"replies":[{"embeddable":true,"href":"https:\/\/inzain.bike\/en\/wp-json\/wp\/v2\/comments?post=5066"}],"version-history":[{"count":0,"href":"https:\/\/inzain.bike\/en\/wp-json\/wp\/v2\/pages\/5066\/revisions"}],"wp:attachment":[{"href":"https:\/\/inzain.bike\/en\/wp-json\/wp\/v2\/media?parent=5066"}],"curies":[{"name":"wp","href":"https:\/\/api.w.org\/{rel}","templated":true}]}}