{"id":5595,"date":"2023-11-20T16:01:33","date_gmt":"2023-11-20T15:01:33","guid":{"rendered":"https:\/\/inzain.bike\/?page_id=5595"},"modified":"2023-11-25T19:17:41","modified_gmt":"2023-11-25T18:17:41","slug":"om-toscana","status":"publish","type":"page","link":"https:\/\/inzain.bike\/en\/om-toscana\/","title":{"rendered":"About Tuscany"},"content":{"rendered":"<div class=\"wp-block-columns alignwide is-layout-flex wp-container-core-columns-is-layout-28f84493 wp-block-columns-is-layout-flex\">\n<div class=\"wp-block-column is-layout-flow wp-block-column-is-layout-flow\">\n<p class=\"has-roboto-font-family has-custom-font\" style=\"font-family:Roboto\"><strong>Tuscany <\/strong>considered by many to be one of the most beautiful landscapes in Italy. Tuscan cuisine is known worldwide, as are the region&#039;s fine wines from the Chianti, Morellino di Scansano and Brunello di Montalcino districts. A comparatively large number of Italy&#039;s Renaissance artists and writers originated here, which is why Tuscany can be said to be a center of European cultural development during the Renaissance.<\/p>\n\n\n\n<figure class=\"wp-block-image size-large\"><img loading=\"lazy\" decoding=\"async\" width=\"925\" height=\"1024\" src=\"https:\/\/inzain.bike\/wp-content\/uploads\/2023\/11\/1920px-Map_of_region_of_Tuscany_Italy_with_provinces-it.svg_-925x1024.png\" alt=\"\" class=\"wp-image-5598\" srcset=\"https:\/\/inzain.bike\/wp-content\/uploads\/2023\/11\/1920px-Map_of_region_of_Tuscany_Italy_with_provinces-it.svg_-925x1024.png 925w, https:\/\/inzain.bike\/wp-content\/uploads\/2023\/11\/1920px-Map_of_region_of_Tuscany_Italy_with_provinces-it.svg_-271x300.png 271w, https:\/\/inzain.bike\/wp-content\/uploads\/2023\/11\/1920px-Map_of_region_of_Tuscany_Italy_with_provinces-it.svg_-768x850.png 768w, https:\/\/inzain.bike\/wp-content\/uploads\/2023\/11\/1920px-Map_of_region_of_Tuscany_Italy_with_provinces-it.svg_-1388x1536.png 1388w, https:\/\/inzain.bike\/wp-content\/uploads\/2023\/11\/1920px-Map_of_region_of_Tuscany_Italy_with_provinces-it.svg_-1850x2048.png 1850w, https:\/\/inzain.bike\/wp-content\/uploads\/2023\/11\/1920px-Map_of_region_of_Tuscany_Italy_with_provinces-it.svg_-11x12.png 11w, https:\/\/inzain.bike\/wp-content\/uploads\/2023\/11\/1920px-Map_of_region_of_Tuscany_Italy_with_provinces-it.svg_-1320x1461.png 1320w, https:\/\/inzain.bike\/wp-content\/uploads\/2023\/11\/1920px-Map_of_region_of_Tuscany_Italy_with_provinces-it.svg_-600x664.png 600w, https:\/\/inzain.bike\/wp-content\/uploads\/2023\/11\/1920px-Map_of_region_of_Tuscany_Italy_with_provinces-it.svg_.png 1920w\" sizes=\"auto, (max-width: 925px) 100vw, 925px\" \/><\/figure>\n\n\n\n<p>Tuscany has everything that we consider synonymous with Italy: a green rolling landscape with cypresses, stunning medieval towns, ancient castles (many of which have now been converted into hotels), marble-adorned monasteries, world-class wine and amazing cuisine \u2013 think only on lovely&nbsp;<em>bistecca fiorentina<\/em>, bean stews, pasta and&nbsp;<em>panfort<\/em>. In addition, there are several interesting churches and monasteries, where you can admire frescoes and mosaics from the Renaissance. <\/p>\n\n\n\n<p><strong>Siena<\/strong><\/p>\n\n\n\n<figure class=\"wp-block-image size-large\"><img loading=\"lazy\" decoding=\"async\" width=\"1024\" height=\"564\" src=\"https:\/\/inzain.bike\/wp-content\/uploads\/2023\/11\/20210311182031-enit-siena-1-1024x564.png\" alt=\"\" class=\"wp-image-5615\" srcset=\"https:\/\/inzain.bike\/wp-content\/uploads\/2023\/11\/20210311182031-enit-siena-1-1024x564.png 1024w, https:\/\/inzain.bike\/wp-content\/uploads\/2023\/11\/20210311182031-enit-siena-1-300x165.png 300w, https:\/\/inzain.bike\/wp-content\/uploads\/2023\/11\/20210311182031-enit-siena-1-768x423.png 768w, https:\/\/inzain.bike\/wp-content\/uploads\/2023\/11\/20210311182031-enit-siena-1-1536x847.png 1536w, https:\/\/inzain.bike\/wp-content\/uploads\/2023\/11\/20210311182031-enit-siena-1-18x10.png 18w, https:\/\/inzain.bike\/wp-content\/uploads\/2023\/11\/20210311182031-enit-siena-1-1320x728.png 1320w, https:\/\/inzain.bike\/wp-content\/uploads\/2023\/11\/20210311182031-enit-siena-1-600x331.png 600w, https:\/\/inzain.bike\/wp-content\/uploads\/2023\/11\/20210311182031-enit-siena-1.png 1600w\" sizes=\"auto, (max-width: 1024px) 100vw, 1024px\" \/><\/figure>\n\n\n\n<p>The city was once an independent republic and in the later Middle Ages the city had more inhabitants than Paris. Today, the town still has a medieval atmosphere, and there is virtually no traffic here, which means you can stay in a holiday home a little outside the town and then head into the center to stroll around the cozy little streets that stretch out from beautiful Piazza del Campo. There are two things you absolutely must see in the city: one is the stunning 13th century zebra-striped cathedral with all its marble vaults. In addition, you must also experience the Palazzo Publico, the city&#039;s town hall located in the central square, where there is also a museum where you can view Lorenzetti&#039;s famous works&nbsp;<em>The good board<\/em>. You can also head up the 503 steps of the Mangia Tower, where you can enjoy the magnificent view of Piazza del Campo.<\/p>\n\n\n\n<p><strong>Val d&#039;Orcia<\/strong><\/p>\n\n\n\n<p>The valley is surrounded by an undulating landscape with clay soil, which gives an exciting appearance, which changes in green, yellow or brown, all depending on the season. Only a simple tree or small stone house breaks the picture. Many of these stone houses are built on top of a hill, where the view is the best, and first place for the best view goes to the La Bandita restaurant. You can take a lot of good pictures here, but be prepared for it to be very hot and dusty during the summer months.<\/p>\n\n\n\n<p><strong>Montalcino <\/strong><\/p>\n\n\n\n<p>Montalcino was for a long time the last outpost of the Sienese against the Romans and Montalcino with its fortress has endured many wars.<\/p>\n\n\n\n<p>Montalcino with its surrounding municipality is home to the wine, and the DOCG appellation, Brunello di Montalcino. In addition to Brunello di Montalcino, Rosso di Montalcino and Moscadello di Montalcino are also made. Rosso is usually made in a similar way to a Brunello wine but the grapes come from younger vines and the aging of the wine is shorter, which also means that the wine cannot be aged as long as a Brunello.<\/p>\n\n\n\n<figure class=\"wp-block-image alignright size-large\"><img loading=\"lazy\" decoding=\"async\" width=\"1024\" height=\"576\" src=\"https:\/\/inzain.bike\/wp-content\/uploads\/2023\/11\/rosso-di-montalcino-3774-1-3-1024x576.png\" alt=\"\" class=\"wp-image-5616\" srcset=\"https:\/\/inzain.bike\/wp-content\/uploads\/2023\/11\/rosso-di-montalcino-3774-1-3-1024x576.png 1024w, https:\/\/inzain.bike\/wp-content\/uploads\/2023\/11\/rosso-di-montalcino-3774-1-3-300x169.png 300w, https:\/\/inzain.bike\/wp-content\/uploads\/2023\/11\/rosso-di-montalcino-3774-1-3-768x432.png 768w, https:\/\/inzain.bike\/wp-content\/uploads\/2023\/11\/rosso-di-montalcino-3774-1-3-1536x863.png 1536w, https:\/\/inzain.bike\/wp-content\/uploads\/2023\/11\/rosso-di-montalcino-3774-1-3-2048x1151.png 2048w, https:\/\/inzain.bike\/wp-content\/uploads\/2023\/11\/rosso-di-montalcino-3774-1-3-18x10.png 18w, https:\/\/inzain.bike\/wp-content\/uploads\/2023\/11\/rosso-di-montalcino-3774-1-3-1320x742.png 1320w, https:\/\/inzain.bike\/wp-content\/uploads\/2023\/11\/rosso-di-montalcino-3774-1-3-600x337.png 600w\" sizes=\"auto, (max-width: 1024px) 100vw, 1024px\" \/><\/figure>\n\n\n\n<p><strong>Pienza<\/strong><\/p>\n\n\n\n<p>This little country town is so small that you can walk through it in five minutes \u2013 but there is so much art and architecture in town that you could stay a whole day. The city was founded, or perhaps rather rediscovered, by Aenas Piccolomini, who later became better known as Pope Pius II. He envisioned the city as a utopian country resort that would serve as a model city for all other cities in Tuscany \u2013 however, he never completed his project. But you can see several buildings from the 15th and 16th centuries, including several palaces, a cathedral and a museum. There are also several good restaurants here, e.g. Falco and Latte di Luna.<\/p>\n\n\n\n<figure class=\"wp-block-image size-large\"><img loading=\"lazy\" decoding=\"async\" width=\"1024\" height=\"405\" src=\"https:\/\/inzain.bike\/wp-content\/uploads\/2023\/11\/pienza-view-1024x405.jpg\" alt=\"\" class=\"wp-image-5617\" srcset=\"https:\/\/inzain.bike\/wp-content\/uploads\/2023\/11\/pienza-view-1024x405.jpg 1024w, https:\/\/inzain.bike\/wp-content\/uploads\/2023\/11\/pienza-view-300x119.jpg 300w, https:\/\/inzain.bike\/wp-content\/uploads\/2023\/11\/pienza-view-768x304.jpg 768w, https:\/\/inzain.bike\/wp-content\/uploads\/2023\/11\/pienza-view-18x7.jpg 18w, https:\/\/inzain.bike\/wp-content\/uploads\/2023\/11\/pienza-view-1320x523.jpg 1320w, https:\/\/inzain.bike\/wp-content\/uploads\/2023\/11\/pienza-view-600x238.jpg 600w, https:\/\/inzain.bike\/wp-content\/uploads\/2023\/11\/pienza-view.jpg 1440w\" sizes=\"auto, (max-width: 1024px) 100vw, 1024px\" \/><\/figure>\n\n\n\n<p>After the wine tasting, you can cross the street to the caf\u00e9 from the 19th century,&nbsp;<em>Fiaschetteria Italiana<\/em>, which is a wonderful place to sit and watch passers-by. A little outside the city, you can enjoy the fantastic nature, and visit the beautiful cream-colored monastery of Sant&#039;Antimo. From here you can take a half-day hike to Bagno Vignoni, through the Orcia gorge, where you will find a beautiful valley with a river and some medieval castles. However, you should remember a compass, a map or a very good local sense.<\/p>\n\n\n\n<p><br><br>Bagno Vignoni is one of those places in Tuscany that is quite popular despite its very small size. Why? Because it is enchanting and charming\u2026 and it has hot springs! Add a stop here to also enjoy the wonderful views of the Val d&#039;Orcia around the small town, including the Rocca di Tentennano in Castiglione d&#039;Orcia in the distance. Bagno Vignoni is very unique: nowhere else in Italy will you find its central square with a pool filled with hot springs. 49 meters long and 29 meters wide, the Renaissance piazza is built directly over the original source of hot springs enjoyed by the Romans.<\/p>\n\n\n\n<figure class=\"wp-block-image size-large\"><img decoding=\"async\" src=\"https:\/\/inzain.bike\/wp-content\/uploads\/2023\/11\/20231012_104114-768x1024.jpg\" alt=\"\" class=\"wp-image-5603\"\/><\/figure>\n\n\n\n<figure class=\"wp-block-image size-large\"><img loading=\"lazy\" decoding=\"async\" width=\"1024\" height=\"768\" src=\"https:\/\/inzain.bike\/wp-content\/uploads\/2023\/11\/20231012_111648-1024x768.jpg\" alt=\"\" class=\"wp-image-5604\" srcset=\"https:\/\/inzain.bike\/wp-content\/uploads\/2023\/11\/20231012_111648-1024x768.jpg 1024w, https:\/\/inzain.bike\/wp-content\/uploads\/2023\/11\/20231012_111648-300x225.jpg 300w, https:\/\/inzain.bike\/wp-content\/uploads\/2023\/11\/20231012_111648-768x576.jpg 768w, https:\/\/inzain.bike\/wp-content\/uploads\/2023\/11\/20231012_111648-1536x1152.jpg 1536w, https:\/\/inzain.bike\/wp-content\/uploads\/2023\/11\/20231012_111648-2048x1536.jpg 2048w, https:\/\/inzain.bike\/wp-content\/uploads\/2023\/11\/20231012_111648-16x12.jpg 16w, https:\/\/inzain.bike\/wp-content\/uploads\/2023\/11\/20231012_111648-1320x990.jpg 1320w, https:\/\/inzain.bike\/wp-content\/uploads\/2023\/11\/20231012_111648-600x450.jpg 600w\" sizes=\"auto, (max-width: 1024px) 100vw, 1024px\" \/><\/figure>\n<\/div>\n<\/div>\n\n\n\n<p><\/p>","protected":false},"excerpt":{"rendered":"<p>Toscana r\u00e4knas av m\u00e5nga som ett av de vackraste landskapen i Italien. Det toskanska k\u00f6ket \u00e4r k\u00e4nt \u00f6ver hela v\u00e4rlden, liksom regionens fina viner fr\u00e5n distrikten Chianti, Morellino di Scansano och Brunello di Montalcino. Ett j\u00e4mf\u00f6relsevis stort antal av Italiens ren\u00e4ssanskonstn\u00e4rer och f\u00f6rfattare h\u00e4rstammar h\u00e4rifr\u00e5n, varf\u00f6r Toscana kan s\u00e4gas vara ett centrum f\u00f6r den europeiska [&hellip;]<\/p>\n","protected":false},"author":135133094,"featured_media":0,"parent":0,"menu_order":0,"comment_status":"closed","ping_status":"closed","template":"","meta":{"_coblocks_attr":"Roboto","_coblocks_dimensions":"","_coblocks_responsive_height":"","_coblocks_accordion_ie_support":"","footnotes":""},"class_list":["post-5595","page","type-page","status-publish","hentry"],"yoast_head":"<!-- This site is optimized with the Yoast SEO plugin v27.2 - https:\/\/yoast.com\/product\/yoast-seo-wordpress\/ -->\n<title>Om Toscana - INZAIN Cycling EXPERIENCES<\/title>\n<meta name=\"robots\" content=\"index, follow, max-snippet:-1, max-image-preview:large, max-video-preview:-1\" \/>\n<link rel=\"canonical\" href=\"https:\/\/inzain.bike\/en\/om-toscana\/\" \/>\n<meta property=\"og:locale\" content=\"en_US\" \/>\n<meta property=\"og:type\" content=\"article\" \/>\n<meta property=\"og:title\" content=\"Om Toscana - INZAIN Cycling EXPERIENCES\" \/>\n<meta property=\"og:description\" content=\"Toscana r\u00e4knas av m\u00e5nga som ett av de vackraste landskapen i Italien. Det toskanska k\u00f6ket \u00e4r k\u00e4nt \u00f6ver hela v\u00e4rlden, liksom regionens fina viner fr\u00e5n distrikten Chianti, Morellino di Scansano och Brunello di Montalcino. Ett j\u00e4mf\u00f6relsevis stort antal av Italiens ren\u00e4ssanskonstn\u00e4rer och f\u00f6rfattare h\u00e4rstammar h\u00e4rifr\u00e5n, varf\u00f6r Toscana kan s\u00e4gas vara ett centrum f\u00f6r den europeiska [&hellip;]\" \/>\n<meta property=\"og:url\" content=\"https:\/\/inzain.bike\/en\/om-toscana\/\" \/>\n<meta property=\"og:site_name\" content=\"INZAIN Cycling EXPERIENCES\" \/>\n<meta property=\"article:publisher\" content=\"https:\/\/www.facebook.com\/Inzain.bike\" \/>\n<meta property=\"article:modified_time\" content=\"2023-11-25T18:17:41+00:00\" \/>\n<meta property=\"og:image\" content=\"https:\/\/inzain.bike\/wp-content\/uploads\/2023\/11\/1920px-Map_of_region_of_Tuscany_Italy_with_provinces-it.svg_-925x1024.png\" \/>\n<meta name=\"twitter:card\" content=\"summary_large_image\" \/>\n<meta name=\"twitter:label1\" content=\"Est. reading time\" \/>\n\t<meta name=\"twitter:data1\" content=\"5 minutes\" \/>\n<script type=\"application\/ld+json\" class=\"yoast-schema-graph\">{\"@context\":\"https:\/\/schema.org\",\"@graph\":[{\"@type\":\"WebPage\",\"@id\":\"https:\/\/inzain.bike\/fr_be\/om-toscana\/\",\"url\":\"https:\/\/inzain.bike\/fr_be\/om-toscana\/\",\"name\":\"Om Toscana - INZAIN Cycling EXPERIENCES\",\"isPartOf\":{\"@id\":\"https:\/\/inzain.bike\/fr_be\/#website\"},\"primaryImageOfPage\":{\"@id\":\"https:\/\/inzain.bike\/fr_be\/om-toscana\/#primaryimage\"},\"image\":{\"@id\":\"https:\/\/inzain.bike\/fr_be\/om-toscana\/#primaryimage\"},\"thumbnailUrl\":\"https:\/\/inzain.bike\/wp-content\/uploads\/2023\/11\/1920px-Map_of_region_of_Tuscany_Italy_with_provinces-it.svg_-925x1024.png\",\"datePublished\":\"2023-11-20T15:01:33+00:00\",\"dateModified\":\"2023-11-25T18:17:41+00:00\",\"breadcrumb\":{\"@id\":\"https:\/\/inzain.bike\/fr_be\/om-toscana\/#breadcrumb\"},\"inLanguage\":\"en-US\",\"potentialAction\":[{\"@type\":\"ReadAction\",\"target\":[\"https:\/\/inzain.bike\/fr_be\/om-toscana\/\"]}]},{\"@type\":\"ImageObject\",\"inLanguage\":\"en-US\",\"@id\":\"https:\/\/inzain.bike\/fr_be\/om-toscana\/#primaryimage\",\"url\":\"https:\/\/inzain.bike\/wp-content\/uploads\/2023\/11\/1920px-Map_of_region_of_Tuscany_Italy_with_provinces-it.svg_-925x1024.png\",\"contentUrl\":\"https:\/\/inzain.bike\/wp-content\/uploads\/2023\/11\/1920px-Map_of_region_of_Tuscany_Italy_with_provinces-it.svg_-925x1024.png\"},{\"@type\":\"BreadcrumbList\",\"@id\":\"https:\/\/inzain.bike\/fr_be\/om-toscana\/#breadcrumb\",\"itemListElement\":[{\"@type\":\"ListItem\",\"position\":1,\"name\":\"Hem\",\"item\":\"https:\/\/inzain.bike\/fr_be\/\"},{\"@type\":\"ListItem\",\"position\":2,\"name\":\"Om Toscana\"}]},{\"@type\":\"WebSite\",\"@id\":\"https:\/\/inzain.bike\/fr_be\/#website\",\"url\":\"https:\/\/inzain.bike\/fr_be\/\",\"name\":\"INZAIN Cycling EXPERIENCES\",\"description\":\"Cyckling Adventures  - for everyone\",\"publisher\":{\"@id\":\"https:\/\/inzain.bike\/fr_be\/#organization\"},\"alternateName\":\"INZAIN Gravel & Travel\",\"potentialAction\":[{\"@type\":\"SearchAction\",\"target\":{\"@type\":\"EntryPoint\",\"urlTemplate\":\"https:\/\/inzain.bike\/fr_be\/?s={search_term_string}\"},\"query-input\":{\"@type\":\"PropertyValueSpecification\",\"valueRequired\":true,\"valueName\":\"search_term_string\"}}],\"inLanguage\":\"en-US\"},{\"@type\":\"Organization\",\"@id\":\"https:\/\/inzain.bike\/fr_be\/#organization\",\"name\":\"INZAIN Cycling EXPERIENCES\",\"url\":\"https:\/\/inzain.bike\/fr_be\/\",\"logo\":{\"@type\":\"ImageObject\",\"inLanguage\":\"en-US\",\"@id\":\"https:\/\/inzain.bike\/fr_be\/#\/schema\/logo\/image\/\",\"url\":\"https:\/\/i0.wp.com\/inzain.bike\/wp-content\/uploads\/2023\/09\/cropped-INZAIN_512x512_white.png?fit=512%2C512&ssl=1\",\"contentUrl\":\"https:\/\/i0.wp.com\/inzain.bike\/wp-content\/uploads\/2023\/09\/cropped-INZAIN_512x512_white.png?fit=512%2C512&ssl=1\",\"width\":512,\"height\":512,\"caption\":\"INZAIN Cycling EXPERIENCES\"},\"image\":{\"@id\":\"https:\/\/inzain.bike\/fr_be\/#\/schema\/logo\/image\/\"},\"sameAs\":[\"https:\/\/www.facebook.com\/Inzain.bike\",\"https:\/\/www.instagram.com\/inzainbike\"]}]}<\/script>\n<!-- \/ Yoast SEO plugin. -->","yoast_head_json":{"title":"About Tuscany - INZAIN Cycling EXPERIENCES","robots":{"index":"index","follow":"follow","max-snippet":"max-snippet:-1","max-image-preview":"max-image-preview:large","max-video-preview":"max-video-preview:-1"},"canonical":"https:\/\/inzain.bike\/en\/om-toscana\/","og_locale":"en_US","og_type":"article","og_title":"Om Toscana - INZAIN Cycling EXPERIENCES","og_description":"Toscana r\u00e4knas av m\u00e5nga som ett av de vackraste landskapen i Italien. Det toskanska k\u00f6ket \u00e4r k\u00e4nt \u00f6ver hela v\u00e4rlden, liksom regionens fina viner fr\u00e5n distrikten Chianti, Morellino di Scansano och Brunello di Montalcino. Ett j\u00e4mf\u00f6relsevis stort antal av Italiens ren\u00e4ssanskonstn\u00e4rer och f\u00f6rfattare h\u00e4rstammar h\u00e4rifr\u00e5n, varf\u00f6r Toscana kan s\u00e4gas vara ett centrum f\u00f6r den europeiska [&hellip;]","og_url":"https:\/\/inzain.bike\/en\/om-toscana\/","og_site_name":"INZAIN Cycling EXPERIENCES","article_publisher":"https:\/\/www.facebook.com\/Inzain.bike","article_modified_time":"2023-11-25T18:17:41+00:00","og_image":[{"url":"https:\/\/inzain.bike\/wp-content\/uploads\/2023\/11\/1920px-Map_of_region_of_Tuscany_Italy_with_provinces-it.svg_-925x1024.png","type":"","width":"","height":""}],"twitter_card":"summary_large_image","twitter_misc":{"Est. reading time":"5 minutes"},"schema":{"@context":"https:\/\/schema.org","@graph":[{"@type":"WebPage","@id":"https:\/\/inzain.bike\/fr_be\/om-toscana\/","url":"https:\/\/inzain.bike\/fr_be\/om-toscana\/","name":"About Tuscany - INZAIN Cycling EXPERIENCES","isPartOf":{"@id":"https:\/\/inzain.bike\/fr_be\/#website"},"primaryImageOfPage":{"@id":"https:\/\/inzain.bike\/fr_be\/om-toscana\/#primaryimage"},"image":{"@id":"https:\/\/inzain.bike\/fr_be\/om-toscana\/#primaryimage"},"thumbnailUrl":"https:\/\/inzain.bike\/wp-content\/uploads\/2023\/11\/1920px-Map_of_region_of_Tuscany_Italy_with_provinces-it.svg_-925x1024.png","datePublished":"2023-11-20T15:01:33+00:00","dateModified":"2023-11-25T18:17:41+00:00","breadcrumb":{"@id":"https:\/\/inzain.bike\/fr_be\/om-toscana\/#breadcrumb"},"inLanguage":"en-US","potentialAction":[{"@type":"ReadAction","target":["https:\/\/inzain.bike\/fr_be\/om-toscana\/"]}]},{"@type":"ImageObject","inLanguage":"en-US","@id":"https:\/\/inzain.bike\/fr_be\/om-toscana\/#primaryimage","url":"https:\/\/inzain.bike\/wp-content\/uploads\/2023\/11\/1920px-Map_of_region_of_Tuscany_Italy_with_provinces-it.svg_-925x1024.png","contentUrl":"https:\/\/inzain.bike\/wp-content\/uploads\/2023\/11\/1920px-Map_of_region_of_Tuscany_Italy_with_provinces-it.svg_-925x1024.png"},{"@type":"BreadcrumbList","@id":"https:\/\/inzain.bike\/fr_be\/om-toscana\/#breadcrumb","itemListElement":[{"@type":"ListItem","position":1,"name":"Hem","item":"https:\/\/inzain.bike\/fr_be\/"},{"@type":"ListItem","position":2,"name":"Om Toscana"}]},{"@type":"WebSite","@id":"https:\/\/inzain.bike\/fr_be\/#website","url":"https:\/\/inzain.bike\/fr_be\/","name":"INZAIN Cycling EXPERIENCES","description":"Cycling Adventures - for everyone","publisher":{"@id":"https:\/\/inzain.bike\/fr_be\/#organization"},"alternateName":"INZAIN Gravel & Travel","potentialAction":[{"@type":"SearchAction","target":{"@type":"EntryPoint","urlTemplate":"https:\/\/inzain.bike\/fr_be\/?s={search_term_string}"},"query-input":{"@type":"PropertyValueSpecification","valueRequired":true,"valueName":"search_term_string"}}],"inLanguage":"en-US"},{"@type":"Organization","@id":"https:\/\/inzain.bike\/fr_be\/#organization","name":"INZAIN Cycling EXPERIENCES","url":"https:\/\/inzain.bike\/fr_be\/","logo":{"@type":"ImageObject","inLanguage":"en-US","@id":"https:\/\/inzain.bike\/fr_be\/#\/schema\/logo\/image\/","url":"https:\/\/i0.wp.com\/inzain.bike\/wp-content\/uploads\/2023\/09\/cropped-INZAIN_512x512_white.png?fit=512%2C512&ssl=1","contentUrl":"https:\/\/i0.wp.com\/inzain.bike\/wp-content\/uploads\/2023\/09\/cropped-INZAIN_512x512_white.png?fit=512%2C512&ssl=1","width":512,"height":512,"caption":"INZAIN Cycling EXPERIENCES"},"image":{"@id":"https:\/\/inzain.bike\/fr_be\/#\/schema\/logo\/image\/"},"sameAs":["https:\/\/www.facebook.com\/Inzain.bike","https:\/\/www.instagram.com\/inzainbike"]}]}},"amp_enabled":true,"_links":{"self":[{"href":"https:\/\/inzain.bike\/en\/wp-json\/wp\/v2\/pages\/5595","targetHints":{"allow":["GET"]}}],"collection":[{"href":"https:\/\/inzain.bike\/en\/wp-json\/wp\/v2\/pages"}],"about":[{"href":"https:\/\/inzain.bike\/en\/wp-json\/wp\/v2\/types\/page"}],"author":[{"embeddable":true,"href":"https:\/\/inzain.bike\/en\/wp-json\/wp\/v2\/users\/135133094"}],"replies":[{"embeddable":true,"href":"https:\/\/inzain.bike\/en\/wp-json\/wp\/v2\/comments?post=5595"}],"version-history":[{"count":0,"href":"https:\/\/inzain.bike\/en\/wp-json\/wp\/v2\/pages\/5595\/revisions"}],"wp:attachment":[{"href":"https:\/\/inzain.bike\/en\/wp-json\/wp\/v2\/media?parent=5595"}],"curies":[{"name":"wp","href":"https:\/\/api.w.org\/{rel}","templated":true}]}}