{"id":5958,"date":"2023-11-24T16:30:13","date_gmt":"2023-11-24T15:30:13","guid":{"rendered":"https:\/\/inzain.bike\/?page_id=5958"},"modified":"2023-11-24T19:43:01","modified_gmt":"2023-11-24T18:43:01","slug":"vrg24-accomodation","status":"publish","type":"page","link":"https:\/\/inzain.bike\/en\/vrg24-accomodation\/","title":{"rendered":"VRG Accommodation"},"content":{"rendered":"<div class=\"wp-block-columns alignwide is-layout-flex wp-container-core-columns-is-layout-28f84493 wp-block-columns-is-layout-flex\">\n<div class=\"wp-block-column is-layout-flow wp-block-column-is-layout-flow\">\n<p><strong>J\u00f6nk\u00f6ping \u2013 First night VRG and VRG XL<\/strong><br><br><strong>Elite Large Hotel <\/strong>is located in a beautiful 19th-century building in J\u00f6nk\u00f6ping and has a beautiful view of Lake V\u00e4ttern and a convenient location in the city. It offers rooms with flat-screen TVs and free Wi-Fi.<\/p>\n\n\n\n<p>All rooms at Elite J\u00f6nk\u00f6ping have a private bathroom, minibar, desk and hairdryer. Most rooms overlook Lake V\u00e4ttern or the courtyard, while some overlook a pedestrian street.<\/p>\n\n\n\n<p>Guests can relax in the sauna or work out in the gym after a long day.<\/p>\n\n\n\n<p>The Bishop&#039;s Arms Pub offers meals and a wide selection of beers and whiskeys in a relaxed and elegant atmosphere. The classic Hall of Mirrors is available for banquets and events.<\/p>\n\n\n\n<p><\/p>\n\n\n\n<p><\/p>\n\n\n\n<p><br><\/p>\n<\/div>\n\n\n\n<div class=\"wp-block-column is-layout-flow wp-block-column-is-layout-flow\">\n<div class=\"wp-block-jetpack-tiled-gallery aligncenter is-style-rectangular\"><div class=\"tiled-gallery__gallery\"><div class=\"tiled-gallery__row\"><div class=\"tiled-gallery__col\" style=\"flex-basis:66.90932%\"><figure class=\"tiled-gallery__item\"><img decoding=\"async\" alt=\"\" data-height=\"680\" data-id=\"5980\" data-link=\"https:\/\/inzain.bike\/vrg24-accomodation\/20230811_085931-1\/\" data-url=\"https:\/\/inzain.bike\/wp-content\/uploads\/2023\/11\/20230811_085931-1.jpg\" data-width=\"1024\" src=\"https:\/\/i1.wp.com\/inzain.bike\/wp-content\/uploads\/2023\/11\/20230811_085931-1.jpg?ssl=1\" data-amp-layout=\"responsive\"\/><\/figure><\/div><div class=\"tiled-gallery__col\" style=\"flex-basis:33.09068%\"><figure class=\"tiled-gallery__item\"><img decoding=\"async\" alt=\"\" data-height=\"683\" data-id=\"5981\" data-link=\"https:\/\/inzain.bike\/vrg24-accomodation\/attachment\/223759325\/\" data-url=\"https:\/\/inzain.bike\/wp-content\/uploads\/2023\/11\/223759325.jpg\" data-width=\"1024\" src=\"https:\/\/i2.wp.com\/inzain.bike\/wp-content\/uploads\/2023\/11\/223759325.jpg?ssl=1\" data-amp-layout=\"responsive\"\/><\/figure><figure class=\"tiled-gallery__item\"><img decoding=\"async\" alt=\"\" data-height=\"683\" data-id=\"5982\" data-link=\"https:\/\/inzain.bike\/vrg24-accomodation\/attachment\/329046107\/\" data-url=\"https:\/\/inzain.bike\/wp-content\/uploads\/2023\/11\/329046107.jpg\" data-width=\"1024\" src=\"https:\/\/i2.wp.com\/inzain.bike\/wp-content\/uploads\/2023\/11\/329046107.jpg?ssl=1\" data-amp-layout=\"responsive\"\/><\/figure><\/div><\/div><div class=\"tiled-gallery__row\"><div class=\"tiled-gallery__col\" style=\"flex-basis:100.00000%\"><figure class=\"tiled-gallery__item\"><img decoding=\"async\" alt=\"\" data-height=\"446\" data-id=\"5983\" data-link=\"https:\/\/inzain.bike\/vrg24-accomodation\/attachment\/329050079\/\" data-url=\"https:\/\/inzain.bike\/wp-content\/uploads\/2023\/11\/329050079.jpg\" data-width=\"1024\" src=\"https:\/\/i2.wp.com\/inzain.bike\/wp-content\/uploads\/2023\/11\/329050079.jpg?ssl=1\" data-amp-layout=\"responsive\"\/><\/figure><\/div><\/div><\/div><\/div>\n<\/div>\n<\/div>\n\n\n\n<div class=\"wp-block-columns alignwide is-layout-flex wp-container-core-columns-is-layout-28f84493 wp-block-columns-is-layout-flex\">\n<div class=\"wp-block-column is-layout-flow wp-block-column-is-layout-flow\">\n<div class=\"wp-block-jetpack-tiled-gallery aligncenter is-style-rectangular\"><div class=\"tiled-gallery__gallery\"><div class=\"tiled-gallery__row\"><div class=\"tiled-gallery__col\" style=\"flex-basis:68.05515%\"><figure class=\"tiled-gallery__item\"><img decoding=\"async\" alt=\"\" data-height=\"680\" data-id=\"5988\" data-link=\"https:\/\/inzain.bike\/vrg24-accomodation\/attachment\/189075047\/\" data-url=\"https:\/\/inzain.bike\/wp-content\/uploads\/2023\/11\/189075047.jpg\" data-width=\"1024\" src=\"https:\/\/i0.wp.com\/inzain.bike\/wp-content\/uploads\/2023\/11\/189075047.jpg?ssl=1\" data-amp-layout=\"responsive\"\/><\/figure><\/div><div class=\"tiled-gallery__col\" style=\"flex-basis:31.94485%\"><figure class=\"tiled-gallery__item\"><img decoding=\"async\" alt=\"\" data-height=\"720\" data-id=\"5989\" data-link=\"https:\/\/inzain.bike\/vrg24-accomodation\/attachment\/250517665\/\" data-url=\"https:\/\/inzain.bike\/wp-content\/uploads\/2023\/11\/250517665.jpg\" data-width=\"1024\" src=\"https:\/\/i0.wp.com\/inzain.bike\/wp-content\/uploads\/2023\/11\/250517665.jpg?ssl=1\" data-amp-layout=\"responsive\"\/><\/figure><figure class=\"tiled-gallery__item\"><img decoding=\"async\" alt=\"\" data-height=\"720\" data-id=\"5990\" data-link=\"https:\/\/inzain.bike\/vrg24-accomodation\/attachment\/250714667\/\" data-url=\"https:\/\/inzain.bike\/wp-content\/uploads\/2023\/11\/250714667.jpg\" data-width=\"1024\" src=\"https:\/\/i1.wp.com\/inzain.bike\/wp-content\/uploads\/2023\/11\/250714667.jpg?ssl=1\" data-amp-layout=\"responsive\"\/><\/figure><\/div><\/div><div class=\"tiled-gallery__row\"><div class=\"tiled-gallery__col\" style=\"flex-basis:100.00000%\"><figure class=\"tiled-gallery__item\"><img decoding=\"async\" alt=\"\" data-height=\"720\" data-id=\"5991\" data-link=\"https:\/\/inzain.bike\/vrg24-accomodation\/attachment\/250714672\/\" data-url=\"https:\/\/inzain.bike\/wp-content\/uploads\/2023\/11\/250714672.jpg\" data-width=\"1024\" src=\"https:\/\/i0.wp.com\/inzain.bike\/wp-content\/uploads\/2023\/11\/250714672.jpg?ssl=1\" data-amp-layout=\"responsive\"\/><\/figure><\/div><\/div><\/div><\/div>\n<\/div>\n\n\n\n<div class=\"wp-block-column is-layout-flow wp-block-column-is-layout-flow\">\n<p><strong>HJO \u2013 Second night VRG<\/strong><br><br><strong>Hotel Bellevue<\/strong> is located in Stadsparken in central Hjo, right next to Lake V\u00e4ttern. It offers free Wi-Fi, private parking and a relaxation area with a sauna.<\/p>\n\n\n\n<p>Some rooms are in the main building and some in Villa Viktoria. All rooms at the hotel have a TV, and many have views of the park or the nearby marina.<\/p>\n\n\n\n<p>Some parts of the hotel date back to the late 19th century. General facilities at Hotel Bellevue include a guest lounge with a flat-screen TV.<\/p>\n\n\n\n<p>Sights such as Karlsborg Fortress and G\u00f6ta Canal are within 30 minutes&#039; drive, and H\u00f6kens\u00e5s Golf Course is just 10 km away.<\/p>\n\n\n\n<p><br><\/p>\n<\/div>\n<\/div>\n\n\n\n<div class=\"wp-block-columns alignwide is-layout-flex wp-container-core-columns-is-layout-28f84493 wp-block-columns-is-layout-flex\">\n<div class=\"wp-block-column is-layout-flow wp-block-column-is-layout-flow\">\n<p>hrs<strong>hotel &amp; Bistro R\u00f6desund<\/strong> Located in Karlsborg and with Sk\u00f6vde Arena reachable within 47 km, the hotel has a bar, non-smoking rooms and free WiFi. <\/p>\n\n\n\n<p>The hotel has family rooms. At the hotel, the rooms are equipped with a desk, a flat-screen TV, a private bathroom, bed linen and towels. <\/p>\n\n\n\n<p>The rooms have a wardrobe. Hotell &amp; Bistro R\u00f6desund offers a vegetarian or gluten-free breakfast. At the property you will find a restaurant that serves local and international dishes. Vegetarian, dairy-free and gluten-free options can also be requested.<\/p>\n\n\n\n<p> <\/p>\n\n\n\n<p><br><\/p>\n<\/div>\n\n\n\n<div class=\"wp-block-column is-layout-flow wp-block-column-is-layout-flow\">\n<div class=\"wp-block-jetpack-tiled-gallery aligncenter is-style-rectangular\"><div class=\"tiled-gallery__gallery\"><div class=\"tiled-gallery__row\"><div class=\"tiled-gallery__col\" style=\"flex-basis:34.22094%\"><figure class=\"tiled-gallery__item\"><img decoding=\"async\" alt=\"\" data-height=\"768\" data-id=\"5996\" data-link=\"https:\/\/inzain.bike\/vrg24-accomodation\/attachment\/283200671\/\" data-url=\"https:\/\/inzain.bike\/wp-content\/uploads\/2023\/11\/283200671.jpg\" data-width=\"576\" src=\"https:\/\/i0.wp.com\/inzain.bike\/wp-content\/uploads\/2023\/11\/283200671.jpg?ssl=1\" data-amp-layout=\"responsive\"\/><\/figure><\/div><div class=\"tiled-gallery__col\" style=\"flex-basis:33.44326%\"><figure class=\"tiled-gallery__item\"><img decoding=\"async\" alt=\"\" data-height=\"563\" data-id=\"5995\" data-link=\"https:\/\/inzain.bike\/vrg24-accomodation\/20230811_085931-2\/\" data-url=\"https:\/\/inzain.bike\/wp-content\/uploads\/2023\/11\/20230811_085931-2.jpg\" data-width=\"828\" src=\"https:\/\/i1.wp.com\/inzain.bike\/wp-content\/uploads\/2023\/11\/20230811_085931-2.jpg?ssl=1\" data-amp-layout=\"responsive\"\/><\/figure><figure class=\"tiled-gallery__item\"><img decoding=\"async\" alt=\"\" data-height=\"683\" data-id=\"5997\" data-link=\"https:\/\/inzain.bike\/vrg24-accomodation\/attachment\/285977668\/\" data-url=\"https:\/\/inzain.bike\/wp-content\/uploads\/2023\/11\/285977668.jpg\" data-width=\"1024\" src=\"https:\/\/i0.wp.com\/inzain.bike\/wp-content\/uploads\/2023\/11\/285977668.jpg?ssl=1\" data-amp-layout=\"responsive\"\/><\/figure><\/div><div class=\"tiled-gallery__col\" style=\"flex-basis:32.33581%\"><figure class=\"tiled-gallery__item\"><img decoding=\"async\" alt=\"\" data-height=\"768\" data-id=\"5998\" data-link=\"https:\/\/inzain.bike\/vrg24-accomodation\/attachment\/299119572\/\" data-url=\"https:\/\/inzain.bike\/wp-content\/uploads\/2023\/11\/299119572.jpg\" data-width=\"544\" src=\"https:\/\/i1.wp.com\/inzain.bike\/wp-content\/uploads\/2023\/11\/299119572.jpg?ssl=1\" data-amp-layout=\"responsive\"\/><\/figure><\/div><\/div><\/div><\/div>\n<\/div>\n<\/div>\n\n\n\n<div class=\"wp-block-columns alignwide is-layout-flex wp-container-core-columns-is-layout-28f84493 wp-block-columns-is-layout-flex\">\n<div class=\"wp-block-column is-layout-flow wp-block-column-is-layout-flow\">\n<div class=\"wp-block-jetpack-tiled-gallery aligncenter is-style-rectangular\"><div class=\"tiled-gallery__gallery\"><div class=\"tiled-gallery__row\"><div class=\"tiled-gallery__col\" style=\"flex-basis:66.81216%\"><figure class=\"tiled-gallery__item\"><img decoding=\"async\" alt=\"\" data-height=\"683\" data-id=\"6002\" data-link=\"https:\/\/inzain.bike\/vrg24-accomodation\/attachment\/406454239\/\" data-url=\"https:\/\/inzain.bike\/wp-content\/uploads\/2023\/11\/406454239.jpg\" data-width=\"1024\" src=\"https:\/\/i2.wp.com\/inzain.bike\/wp-content\/uploads\/2023\/11\/406454239.jpg?ssl=1\" data-amp-layout=\"responsive\"\/><\/figure><\/div><div class=\"tiled-gallery__col\" style=\"flex-basis:33.18784%\"><figure class=\"tiled-gallery__item\"><img decoding=\"async\" alt=\"\" data-height=\"683\" data-id=\"6003\" data-link=\"https:\/\/inzain.bike\/vrg24-accomodation\/attachment\/406454285\/\" data-url=\"https:\/\/inzain.bike\/wp-content\/uploads\/2023\/11\/406454285.jpg\" data-width=\"1024\" src=\"https:\/\/i2.wp.com\/inzain.bike\/wp-content\/uploads\/2023\/11\/406454285.jpg?ssl=1\" data-amp-layout=\"responsive\"\/><\/figure><figure class=\"tiled-gallery__item\"><img decoding=\"async\" alt=\"\" data-height=\"683\" data-id=\"6004\" data-link=\"https:\/\/inzain.bike\/vrg24-accomodation\/attachment\/406454315\/\" data-url=\"https:\/\/inzain.bike\/wp-content\/uploads\/2023\/11\/406454315.jpg\" data-width=\"1024\" src=\"https:\/\/i1.wp.com\/inzain.bike\/wp-content\/uploads\/2023\/11\/406454315.jpg?ssl=1\" data-amp-layout=\"responsive\"\/><\/figure><\/div><\/div><div class=\"tiled-gallery__row\"><div class=\"tiled-gallery__col\" style=\"flex-basis:100.00000%\"><figure class=\"tiled-gallery__item\"><img decoding=\"async\" alt=\"\" data-height=\"683\" data-id=\"6005\" data-link=\"https:\/\/inzain.bike\/vrg24-accomodation\/attachment\/406454347\/\" data-url=\"https:\/\/inzain.bike\/wp-content\/uploads\/2023\/11\/406454347.jpg\" data-width=\"1024\" src=\"https:\/\/i1.wp.com\/inzain.bike\/wp-content\/uploads\/2023\/11\/406454347.jpg?ssl=1\" data-amp-layout=\"responsive\"\/><\/figure><\/div><\/div><\/div><\/div>\n<\/div>\n\n\n\n<div class=\"wp-block-column is-layout-flow wp-block-column-is-layout-flow\">\n<p><strong>Askersund Third night VRG<\/strong><br><\/p>\n\n\n\n<p><strong>Best Western Norra V\u00e4ttern<\/strong><br>The hotel is located in Askersund, 500 meters from the northern V\u00e4tternviken. It offers free sauna access, a restaurant with harbor views and rooms with flat-screen TVs.<\/p>\n\n\n\n<p>The rooms at Best Western Hotel Norra V\u00e4ttern have wooden floors and a desk. A tea and coffee maker is provided in each room.<\/p>\n\n\n\n<p>The restaurant at Hotel Norra V\u00e4ttern offers 3-course menus and \u00e0 la carte dishes. Chilled beers and evening cocktails are served in the bar, where guests can play billiards or darts.<\/p>\n\n\n\n<p><\/p>\n\n\n\n<p><br><\/p>\n\n\n\n<p><br><\/p>\n<\/div>\n<\/div>","protected":false},"excerpt":{"rendered":"<p>J\u00f6nk\u00f6ping &#8211; F\u00f6rsta natten VRG och VRG XL Elite Stora Hotellet ligger i en vacker 1800-talsbyggnad i J\u00f6nk\u00f6ping och har vacker utsikt \u00f6ver V\u00e4ttern och ett bekv\u00e4mt l\u00e4ge i staden. H\u00e4r erbjuds rum med platt-TV och gratis WiFi. Alla rum p\u00e5 Elite J\u00f6nk\u00f6ping har eget badrum, minibar, skrivbord och h\u00e5rtork. De flesta rum har utsikt [&hellip;]<\/p>\n","protected":false},"author":135133094,"featured_media":0,"parent":0,"menu_order":0,"comment_status":"closed","ping_status":"closed","template":"","meta":{"_coblocks_attr":"Roboto","_coblocks_dimensions":"","_coblocks_responsive_height":"","_coblocks_accordion_ie_support":"","footnotes":""},"class_list":["post-5958","page","type-page","status-publish","hentry"],"yoast_head":"<!-- This site is optimized with the Yoast SEO plugin v27.2 - https:\/\/yoast.com\/product\/yoast-seo-wordpress\/ -->\n<title>VRG Boende - INZAIN Cycling EXPERIENCES<\/title>\n<meta name=\"robots\" content=\"index, follow, max-snippet:-1, max-image-preview:large, max-video-preview:-1\" \/>\n<link rel=\"canonical\" href=\"https:\/\/inzain.bike\/en\/vrg24-accomodation\/\" \/>\n<meta property=\"og:locale\" content=\"en_US\" \/>\n<meta property=\"og:type\" content=\"article\" \/>\n<meta property=\"og:title\" content=\"VRG Boende - INZAIN Cycling EXPERIENCES\" \/>\n<meta property=\"og:description\" content=\"J\u00f6nk\u00f6ping &#8211; F\u00f6rsta natten VRG och VRG XL Elite Stora Hotellet ligger i en vacker 1800-talsbyggnad i J\u00f6nk\u00f6ping och har vacker utsikt \u00f6ver V\u00e4ttern och ett bekv\u00e4mt l\u00e4ge i staden. H\u00e4r erbjuds rum med platt-TV och gratis WiFi. Alla rum p\u00e5 Elite J\u00f6nk\u00f6ping har eget badrum, minibar, skrivbord och h\u00e5rtork. De flesta rum har utsikt [&hellip;]\" \/>\n<meta property=\"og:url\" content=\"https:\/\/inzain.bike\/en\/vrg24-accomodation\/\" \/>\n<meta property=\"og:site_name\" content=\"INZAIN Cycling EXPERIENCES\" \/>\n<meta property=\"article:publisher\" content=\"https:\/\/www.facebook.com\/Inzain.bike\" \/>\n<meta property=\"article:modified_time\" content=\"2023-11-24T18:43:01+00:00\" \/>\n<meta property=\"og:image\" content=\"https:\/\/i1.wp.com\/inzain.bike\/wp-content\/uploads\/2023\/11\/20230811_085931-1.jpg?ssl=1\" \/>\n<meta name=\"twitter:card\" content=\"summary_large_image\" \/>\n<meta name=\"twitter:label1\" content=\"Est. reading time\" \/>\n\t<meta name=\"twitter:data1\" content=\"5 minutes\" \/>\n<script type=\"application\/ld+json\" class=\"yoast-schema-graph\">{\"@context\":\"https:\/\/schema.org\",\"@graph\":[{\"@type\":\"WebPage\",\"@id\":\"https:\/\/inzain.bike\/en\/vrg24-accomodation\/\",\"url\":\"https:\/\/inzain.bike\/en\/vrg24-accomodation\/\",\"name\":\"VRG Boende - INZAIN Cycling EXPERIENCES\",\"isPartOf\":{\"@id\":\"https:\/\/inzain.bike\/fr_be\/#website\"},\"primaryImageOfPage\":{\"@id\":\"https:\/\/inzain.bike\/en\/vrg24-accomodation\/#primaryimage\"},\"image\":{\"@id\":\"https:\/\/inzain.bike\/en\/vrg24-accomodation\/#primaryimage\"},\"thumbnailUrl\":\"https:\/\/i1.wp.com\/inzain.bike\/wp-content\/uploads\/2023\/11\/20230811_085931-1.jpg?ssl=1\",\"datePublished\":\"2023-11-24T15:30:13+00:00\",\"dateModified\":\"2023-11-24T18:43:01+00:00\",\"breadcrumb\":{\"@id\":\"https:\/\/inzain.bike\/en\/vrg24-accomodation\/#breadcrumb\"},\"inLanguage\":\"en-US\",\"potentialAction\":[{\"@type\":\"ReadAction\",\"target\":[\"https:\/\/inzain.bike\/en\/vrg24-accomodation\/\"]}]},{\"@type\":\"ImageObject\",\"inLanguage\":\"en-US\",\"@id\":\"https:\/\/inzain.bike\/en\/vrg24-accomodation\/#primaryimage\",\"url\":\"https:\/\/i1.wp.com\/inzain.bike\/wp-content\/uploads\/2023\/11\/20230811_085931-1.jpg?ssl=1\",\"contentUrl\":\"https:\/\/i1.wp.com\/inzain.bike\/wp-content\/uploads\/2023\/11\/20230811_085931-1.jpg?ssl=1\"},{\"@type\":\"BreadcrumbList\",\"@id\":\"https:\/\/inzain.bike\/en\/vrg24-accomodation\/#breadcrumb\",\"itemListElement\":[{\"@type\":\"ListItem\",\"position\":1,\"name\":\"Hem\",\"item\":\"https:\/\/inzain.bike\/fr_be\/\"},{\"@type\":\"ListItem\",\"position\":2,\"name\":\"VRG Boende\"}]},{\"@type\":\"WebSite\",\"@id\":\"https:\/\/inzain.bike\/fr_be\/#website\",\"url\":\"https:\/\/inzain.bike\/fr_be\/\",\"name\":\"INZAIN Cycling EXPERIENCES\",\"description\":\"Cyckling Adventures  - for everyone\",\"publisher\":{\"@id\":\"https:\/\/inzain.bike\/fr_be\/#organization\"},\"alternateName\":\"INZAIN Gravel & Travel\",\"potentialAction\":[{\"@type\":\"SearchAction\",\"target\":{\"@type\":\"EntryPoint\",\"urlTemplate\":\"https:\/\/inzain.bike\/fr_be\/?s={search_term_string}\"},\"query-input\":{\"@type\":\"PropertyValueSpecification\",\"valueRequired\":true,\"valueName\":\"search_term_string\"}}],\"inLanguage\":\"en-US\"},{\"@type\":\"Organization\",\"@id\":\"https:\/\/inzain.bike\/fr_be\/#organization\",\"name\":\"INZAIN Cycling EXPERIENCES\",\"url\":\"https:\/\/inzain.bike\/fr_be\/\",\"logo\":{\"@type\":\"ImageObject\",\"inLanguage\":\"en-US\",\"@id\":\"https:\/\/inzain.bike\/fr_be\/#\/schema\/logo\/image\/\",\"url\":\"https:\/\/i0.wp.com\/inzain.bike\/wp-content\/uploads\/2023\/09\/cropped-INZAIN_512x512_white.png?fit=512%2C512&ssl=1\",\"contentUrl\":\"https:\/\/i0.wp.com\/inzain.bike\/wp-content\/uploads\/2023\/09\/cropped-INZAIN_512x512_white.png?fit=512%2C512&ssl=1\",\"width\":512,\"height\":512,\"caption\":\"INZAIN Cycling EXPERIENCES\"},\"image\":{\"@id\":\"https:\/\/inzain.bike\/fr_be\/#\/schema\/logo\/image\/\"},\"sameAs\":[\"https:\/\/www.facebook.com\/Inzain.bike\",\"https:\/\/www.instagram.com\/inzainbike\"]}]}<\/script>\n<!-- \/ Yoast SEO plugin. -->","yoast_head_json":{"title":"VRG Accommodation - INZAIN Cycling EXPERIENCES","robots":{"index":"index","follow":"follow","max-snippet":"max-snippet:-1","max-image-preview":"max-image-preview:large","max-video-preview":"max-video-preview:-1"},"canonical":"https:\/\/inzain.bike\/en\/vrg24-accomodation\/","og_locale":"en_US","og_type":"article","og_title":"VRG Boende - INZAIN Cycling EXPERIENCES","og_description":"J\u00f6nk\u00f6ping &#8211; F\u00f6rsta natten VRG och VRG XL Elite Stora Hotellet ligger i en vacker 1800-talsbyggnad i J\u00f6nk\u00f6ping och har vacker utsikt \u00f6ver V\u00e4ttern och ett bekv\u00e4mt l\u00e4ge i staden. H\u00e4r erbjuds rum med platt-TV och gratis WiFi. Alla rum p\u00e5 Elite J\u00f6nk\u00f6ping har eget badrum, minibar, skrivbord och h\u00e5rtork. De flesta rum har utsikt [&hellip;]","og_url":"https:\/\/inzain.bike\/en\/vrg24-accomodation\/","og_site_name":"INZAIN Cycling EXPERIENCES","article_publisher":"https:\/\/www.facebook.com\/Inzain.bike","article_modified_time":"2023-11-24T18:43:01+00:00","og_image":[{"url":"https:\/\/i1.wp.com\/inzain.bike\/wp-content\/uploads\/2023\/11\/20230811_085931-1.jpg?ssl=1","type":"","width":"","height":""}],"twitter_card":"summary_large_image","twitter_misc":{"Est. reading time":"5 minutes"},"schema":{"@context":"https:\/\/schema.org","@graph":[{"@type":"WebPage","@id":"https:\/\/inzain.bike\/en\/vrg24-accomodation\/","url":"https:\/\/inzain.bike\/en\/vrg24-accomodation\/","name":"VRG Accommodation - INZAIN Cycling EXPERIENCES","isPartOf":{"@id":"https:\/\/inzain.bike\/fr_be\/#website"},"primaryImageOfPage":{"@id":"https:\/\/inzain.bike\/en\/vrg24-accomodation\/#primaryimage"},"image":{"@id":"https:\/\/inzain.bike\/en\/vrg24-accomodation\/#primaryimage"},"thumbnailUrl":"https:\/\/i1.wp.com\/inzain.bike\/wp-content\/uploads\/2023\/11\/20230811_085931-1.jpg?ssl=1","datePublished":"2023-11-24T15:30:13+00:00","dateModified":"2023-11-24T18:43:01+00:00","breadcrumb":{"@id":"https:\/\/inzain.bike\/en\/vrg24-accomodation\/#breadcrumb"},"inLanguage":"en-US","potentialAction":[{"@type":"ReadAction","target":["https:\/\/inzain.bike\/en\/vrg24-accomodation\/"]}]},{"@type":"ImageObject","inLanguage":"en-US","@id":"https:\/\/inzain.bike\/en\/vrg24-accomodation\/#primaryimage","url":"https:\/\/i1.wp.com\/inzain.bike\/wp-content\/uploads\/2023\/11\/20230811_085931-1.jpg?ssl=1","contentUrl":"https:\/\/i1.wp.com\/inzain.bike\/wp-content\/uploads\/2023\/11\/20230811_085931-1.jpg?ssl=1"},{"@type":"BreadcrumbList","@id":"https:\/\/inzain.bike\/en\/vrg24-accomodation\/#breadcrumb","itemListElement":[{"@type":"ListItem","position":1,"name":"Hem","item":"https:\/\/inzain.bike\/fr_be\/"},{"@type":"ListItem","position":2,"name":"VRG Boende"}]},{"@type":"WebSite","@id":"https:\/\/inzain.bike\/fr_be\/#website","url":"https:\/\/inzain.bike\/fr_be\/","name":"INZAIN Cycling EXPERIENCES","description":"Cycling Adventures - for everyone","publisher":{"@id":"https:\/\/inzain.bike\/fr_be\/#organization"},"alternateName":"INZAIN Gravel & Travel","potentialAction":[{"@type":"SearchAction","target":{"@type":"EntryPoint","urlTemplate":"https:\/\/inzain.bike\/fr_be\/?s={search_term_string}"},"query-input":{"@type":"PropertyValueSpecification","valueRequired":true,"valueName":"search_term_string"}}],"inLanguage":"en-US"},{"@type":"Organization","@id":"https:\/\/inzain.bike\/fr_be\/#organization","name":"INZAIN Cycling EXPERIENCES","url":"https:\/\/inzain.bike\/fr_be\/","logo":{"@type":"ImageObject","inLanguage":"en-US","@id":"https:\/\/inzain.bike\/fr_be\/#\/schema\/logo\/image\/","url":"https:\/\/i0.wp.com\/inzain.bike\/wp-content\/uploads\/2023\/09\/cropped-INZAIN_512x512_white.png?fit=512%2C512&ssl=1","contentUrl":"https:\/\/i0.wp.com\/inzain.bike\/wp-content\/uploads\/2023\/09\/cropped-INZAIN_512x512_white.png?fit=512%2C512&ssl=1","width":512,"height":512,"caption":"INZAIN Cycling EXPERIENCES"},"image":{"@id":"https:\/\/inzain.bike\/fr_be\/#\/schema\/logo\/image\/"},"sameAs":["https:\/\/www.facebook.com\/Inzain.bike","https:\/\/www.instagram.com\/inzainbike"]}]}},"amp_enabled":true,"_links":{"self":[{"href":"https:\/\/inzain.bike\/en\/wp-json\/wp\/v2\/pages\/5958","targetHints":{"allow":["GET"]}}],"collection":[{"href":"https:\/\/inzain.bike\/en\/wp-json\/wp\/v2\/pages"}],"about":[{"href":"https:\/\/inzain.bike\/en\/wp-json\/wp\/v2\/types\/page"}],"author":[{"embeddable":true,"href":"https:\/\/inzain.bike\/en\/wp-json\/wp\/v2\/users\/135133094"}],"replies":[{"embeddable":true,"href":"https:\/\/inzain.bike\/en\/wp-json\/wp\/v2\/comments?post=5958"}],"version-history":[{"count":0,"href":"https:\/\/inzain.bike\/en\/wp-json\/wp\/v2\/pages\/5958\/revisions"}],"wp:attachment":[{"href":"https:\/\/inzain.bike\/en\/wp-json\/wp\/v2\/media?parent=5958"}],"curies":[{"name":"wp","href":"https:\/\/api.w.org\/{rel}","templated":true}]}}