{"id":6047,"date":"2023-11-25T12:48:37","date_gmt":"2023-11-25T11:48:37","guid":{"rendered":"https:\/\/inzain.bike\/?page_id=6047"},"modified":"2025-04-08T12:42:39","modified_gmt":"2025-04-08T10:42:39","slug":"vrg25-cykling","status":"publish","type":"page","link":"https:\/\/inzain.bike\/en\/vrg25-cykling\/","title":{"rendered":"VRG Cycling"},"content":{"rendered":"<div class=\"wp-block-columns alignwide is-layout-flex wp-container-core-columns-is-layout-28f84493 wp-block-columns-is-layout-flex\">\n<div class=\"wp-block-column is-layout-flow wp-block-column-is-layout-flow\">\n<p class=\"has-roboto-font-family has-custom-font\" style=\"font-family:Roboto\"><strong>Escort car<\/strong>. <br>In it there will be some spare parts, extra tires, pump etc. You can have ONE bag in the car. It will be transported to the hotel, so you don&#039;t have to pack the bike if you don&#039;t want to.<br>The following car becomes a rescue car if something goes wrong.<br>All information about this can be found in the Riders Guide.<br><\/p>\n\n\n\n<p><br><\/p>\n<\/div>\n\n\n\n<div class=\"wp-block-column is-layout-flow wp-block-column-is-layout-flow\">\n<p><img loading=\"lazy\" decoding=\"async\" src=\"https:\/\/lh7-us.googleusercontent.com\/8LukKv_BBAfS7atLNzbQW2hWh2uJ4Gg0uBZ_A1L0w5F4dfpO9LVy5XLzjqMabYH3y_FnabAy9hm7xMEI7q5-A8MRmJzSCXTP3Gh7vrtNfHPZafDV9R2X0JS6Ir_6IIS6tBPiOPr4pWvwUGyruF2BBgI\" width=\"278\" height=\"283\"><\/p>\n<\/div>\n<\/div>\n\n\n\n<div class=\"wp-block-columns alignwide is-layout-flex wp-container-core-columns-is-layout-28f84493 wp-block-columns-is-layout-flex\">\n<div class=\"wp-block-column is-layout-flow wp-block-column-is-layout-flow\">\n<p><strong>Day one<\/strong><br><br>Start in Karlsborg finish in J\u00f6nk\u00f6ping 140 km\/ 1,390 altitude meters.<br>Relatively nice day, many great segments.<br><\/p>\n<\/div>\n\n\n\n<div class=\"wp-block-column is-layout-flow wp-block-column-is-layout-flow\">\n<figure class=\"wp-block-image size-large\"><img loading=\"lazy\" decoding=\"async\" width=\"1024\" height=\"768\" src=\"https:\/\/inzain.bike\/wp-content\/uploads\/2023\/11\/363832076_834875307909506_740357816657127040_n-1024x768.jpg\" alt=\"\" class=\"wp-image-6059\" srcset=\"https:\/\/inzain.bike\/wp-content\/uploads\/2023\/11\/363832076_834875307909506_740357816657127040_n-1024x768.jpg 1024w, https:\/\/inzain.bike\/wp-content\/uploads\/2023\/11\/363832076_834875307909506_740357816657127040_n-300x225.jpg 300w, https:\/\/inzain.bike\/wp-content\/uploads\/2023\/11\/363832076_834875307909506_740357816657127040_n-768x576.jpg 768w, https:\/\/inzain.bike\/wp-content\/uploads\/2023\/11\/363832076_834875307909506_740357816657127040_n-1536x1152.jpg 1536w, https:\/\/inzain.bike\/wp-content\/uploads\/2023\/11\/363832076_834875307909506_740357816657127040_n-2048x1536.jpg 2048w, https:\/\/inzain.bike\/wp-content\/uploads\/2023\/11\/363832076_834875307909506_740357816657127040_n-16x12.jpg 16w, https:\/\/inzain.bike\/wp-content\/uploads\/2023\/11\/363832076_834875307909506_740357816657127040_n-1320x990.jpg 1320w, https:\/\/inzain.bike\/wp-content\/uploads\/2023\/11\/363832076_834875307909506_740357816657127040_n-600x450.jpg 600w\" sizes=\"auto, (max-width: 1024px) 100vw, 1024px\" \/><\/figure>\n<\/div>\n<\/div>\n\n\n\n<div class=\"wp-block-columns alignwide is-layout-flex wp-container-core-columns-is-layout-28f84493 wp-block-columns-is-layout-flex\">\n<div class=\"wp-block-column is-layout-flow wp-block-column-is-layout-flow\">\n<figure class=\"wp-block-image size-large\"><img loading=\"lazy\" decoding=\"async\" width=\"1024\" height=\"768\" src=\"https:\/\/inzain.bike\/wp-content\/uploads\/2023\/11\/365438014_299355109417608_300609759450517581_n-1024x768.jpg\" alt=\"\" class=\"wp-image-6060\" srcset=\"https:\/\/inzain.bike\/wp-content\/uploads\/2023\/11\/365438014_299355109417608_300609759450517581_n-1024x768.jpg 1024w, https:\/\/inzain.bike\/wp-content\/uploads\/2023\/11\/365438014_299355109417608_300609759450517581_n-300x225.jpg 300w, https:\/\/inzain.bike\/wp-content\/uploads\/2023\/11\/365438014_299355109417608_300609759450517581_n-768x576.jpg 768w, https:\/\/inzain.bike\/wp-content\/uploads\/2023\/11\/365438014_299355109417608_300609759450517581_n-1536x1152.jpg 1536w, https:\/\/inzain.bike\/wp-content\/uploads\/2023\/11\/365438014_299355109417608_300609759450517581_n-2048x1536.jpg 2048w, https:\/\/inzain.bike\/wp-content\/uploads\/2023\/11\/365438014_299355109417608_300609759450517581_n-16x12.jpg 16w, https:\/\/inzain.bike\/wp-content\/uploads\/2023\/11\/365438014_299355109417608_300609759450517581_n-1320x990.jpg 1320w, https:\/\/inzain.bike\/wp-content\/uploads\/2023\/11\/365438014_299355109417608_300609759450517581_n-600x450.jpg 600w\" sizes=\"auto, (max-width: 1024px) 100vw, 1024px\" \/><\/figure>\n<\/div>\n\n\n\n<div class=\"wp-block-column is-layout-flow wp-block-column-is-layout-flow\">\n<p><strong>Day two<\/strong><br><br>Start in J\u00f6nk\u00f6ping finish in Motala 149 km\/ 1,416 altitude meters<br>Out of J\u00f6nk\u00f6ping, we cycle a bit on asphalt, before the gravel roads take over again.<br>Even on this day, there are a number of good places to choose from for coffee and lunch.<\/p>\n\n\n\n<p>This is perhaps the toughest day of the three, it will feel good when you roll into Motala for some much-needed rest and food.<\/p>\n\n\n\n<p><\/p>\n<\/div>\n<\/div>\n\n\n\n<div class=\"wp-block-columns alignwide is-layout-flex wp-container-core-columns-is-layout-28f84493 wp-block-columns-is-layout-flex\">\n<div class=\"wp-block-column is-layout-flow wp-block-column-is-layout-flow\">\n<p><strong>Day Three<\/strong><br>Start in Motala finish in Karlsborg 143 km\/1,511 altitude meters.<br>The route follows V\u00e4ttern with some technical challenges in some places.<br>However, it is not something that not everyone can handle, someone may choose to lead the bike for a shorter distance. Askersund is an excellent place for lunch, alternatively the Zink mine.<br><\/p>\n\n\n\n<p>Maybe you take a dip in the lake before you parade into the finish line.<br>Congratulations on completing VRG 2025<br><\/p>\n\n\n\n<p>Once there, INZAIN offers after-bike,<\/p>\n<\/div>\n\n\n\n<div class=\"wp-block-column is-layout-flow wp-block-column-is-layout-flow\">\n<figure class=\"wp-block-image size-large\"><img loading=\"lazy\" decoding=\"async\" width=\"1024\" height=\"785\" src=\"https:\/\/inzain.bike\/wp-content\/uploads\/2023\/11\/365561167_829828075107417_3040127553407647857_n-1024x785.jpg\" alt=\"\" class=\"wp-image-6061\" srcset=\"https:\/\/inzain.bike\/wp-content\/uploads\/2023\/11\/365561167_829828075107417_3040127553407647857_n-1024x785.jpg 1024w, https:\/\/inzain.bike\/wp-content\/uploads\/2023\/11\/365561167_829828075107417_3040127553407647857_n-300x230.jpg 300w, https:\/\/inzain.bike\/wp-content\/uploads\/2023\/11\/365561167_829828075107417_3040127553407647857_n-768x589.jpg 768w, https:\/\/inzain.bike\/wp-content\/uploads\/2023\/11\/365561167_829828075107417_3040127553407647857_n-1536x1178.jpg 1536w, https:\/\/inzain.bike\/wp-content\/uploads\/2023\/11\/365561167_829828075107417_3040127553407647857_n-2048x1571.jpg 2048w, https:\/\/inzain.bike\/wp-content\/uploads\/2023\/11\/365561167_829828075107417_3040127553407647857_n-16x12.jpg 16w, https:\/\/inzain.bike\/wp-content\/uploads\/2023\/11\/365561167_829828075107417_3040127553407647857_n-1320x1012.jpg 1320w, https:\/\/inzain.bike\/wp-content\/uploads\/2023\/11\/365561167_829828075107417_3040127553407647857_n-600x460.jpg 600w\" sizes=\"auto, (max-width: 1024px) 100vw, 1024px\" \/><\/figure>\n<\/div>\n<\/div>\n\n\n\n<div class=\"wp-block-columns is-layout-flex wp-container-core-columns-is-layout-28f84493 wp-block-columns-is-layout-flex\">\n<div class=\"wp-block-column is-layout-flow wp-block-column-is-layout-flow\"><\/div>\n<\/div>","protected":false},"excerpt":{"rendered":"<p>F\u00f6ljebil. I den kommer det finnas lite reservdelar, extra d\u00e4ck, pump mm. Du kan ha EN bag i bilen. Den kommer transporteras till hotellet, s\u00e5 du beh\u00f6ver inte ha packning p\u00e5 cykeln om du inte vill.F\u00f6ljebilen blir en r\u00e4ddningsbil om n\u00e5got g\u00e5r p\u00e5 tok.All information om detta finns i Riders Guide. Dag Ett Start i [&hellip;]<\/p>\n","protected":false},"author":135133094,"featured_media":0,"parent":0,"menu_order":0,"comment_status":"closed","ping_status":"closed","template":"","meta":{"_coblocks_attr":"Roboto","_coblocks_dimensions":"","_coblocks_responsive_height":"","_coblocks_accordion_ie_support":"","footnotes":""},"class_list":["post-6047","page","type-page","status-publish","hentry"],"yoast_head":"<!-- This site is optimized with the Yoast SEO plugin v27.2 - https:\/\/yoast.com\/product\/yoast-seo-wordpress\/ -->\n<title>VRG Cykling - INZAIN Cycling EXPERIENCES<\/title>\n<meta name=\"robots\" content=\"index, follow, max-snippet:-1, max-image-preview:large, max-video-preview:-1\" \/>\n<link rel=\"canonical\" href=\"https:\/\/inzain.bike\/en\/vrg25-cykling\/\" \/>\n<meta property=\"og:locale\" content=\"en_US\" \/>\n<meta property=\"og:type\" content=\"article\" \/>\n<meta property=\"og:title\" content=\"VRG Cykling - INZAIN Cycling EXPERIENCES\" \/>\n<meta property=\"og:description\" content=\"F\u00f6ljebil. I den kommer det finnas lite reservdelar, extra d\u00e4ck, pump mm. Du kan ha EN bag i bilen. Den kommer transporteras till hotellet, s\u00e5 du beh\u00f6ver inte ha packning p\u00e5 cykeln om du inte vill.F\u00f6ljebilen blir en r\u00e4ddningsbil om n\u00e5got g\u00e5r p\u00e5 tok.All information om detta finns i Riders Guide. Dag Ett Start i [&hellip;]\" \/>\n<meta property=\"og:url\" content=\"https:\/\/inzain.bike\/en\/vrg25-cykling\/\" \/>\n<meta property=\"og:site_name\" content=\"INZAIN Cycling EXPERIENCES\" \/>\n<meta property=\"article:publisher\" content=\"https:\/\/www.facebook.com\/Inzain.bike\" \/>\n<meta property=\"article:modified_time\" content=\"2025-04-08T10:42:39+00:00\" \/>\n<meta property=\"og:image\" content=\"https:\/\/lh7-us.googleusercontent.com\/8LukKv_BBAfS7atLNzbQW2hWh2uJ4Gg0uBZ_A1L0w5F4dfpO9LVy5XLzjqMabYH3y_FnabAy9hm7xMEI7q5-A8MRmJzSCXTP3Gh7vrtNfHPZafDV9R2X0JS6Ir_6IIS6tBPiOPr4pWvwUGyruF2BBgI\" \/>\n<meta name=\"twitter:card\" content=\"summary_large_image\" \/>\n<meta name=\"twitter:label1\" content=\"Est. reading time\" \/>\n\t<meta name=\"twitter:data1\" content=\"2 minutes\" \/>\n<script type=\"application\/ld+json\" class=\"yoast-schema-graph\">{\"@context\":\"https:\/\/schema.org\",\"@graph\":[{\"@type\":\"WebPage\",\"@id\":\"https:\/\/inzain.bike\/sv_se\/vrg25-cykling\/\",\"url\":\"https:\/\/inzain.bike\/sv_se\/vrg25-cykling\/\",\"name\":\"VRG Cykling - INZAIN Cycling EXPERIENCES\",\"isPartOf\":{\"@id\":\"https:\/\/inzain.bike\/fr_be\/#website\"},\"primaryImageOfPage\":{\"@id\":\"https:\/\/inzain.bike\/sv_se\/vrg25-cykling\/#primaryimage\"},\"image\":{\"@id\":\"https:\/\/inzain.bike\/sv_se\/vrg25-cykling\/#primaryimage\"},\"thumbnailUrl\":\"https:\/\/lh7-us.googleusercontent.com\/8LukKv_BBAfS7atLNzbQW2hWh2uJ4Gg0uBZ_A1L0w5F4dfpO9LVy5XLzjqMabYH3y_FnabAy9hm7xMEI7q5-A8MRmJzSCXTP3Gh7vrtNfHPZafDV9R2X0JS6Ir_6IIS6tBPiOPr4pWvwUGyruF2BBgI\",\"datePublished\":\"2023-11-25T11:48:37+00:00\",\"dateModified\":\"2025-04-08T10:42:39+00:00\",\"breadcrumb\":{\"@id\":\"https:\/\/inzain.bike\/sv_se\/vrg25-cykling\/#breadcrumb\"},\"inLanguage\":\"en-US\",\"potentialAction\":[{\"@type\":\"ReadAction\",\"target\":[\"https:\/\/inzain.bike\/sv_se\/vrg25-cykling\/\"]}]},{\"@type\":\"ImageObject\",\"inLanguage\":\"en-US\",\"@id\":\"https:\/\/inzain.bike\/sv_se\/vrg25-cykling\/#primaryimage\",\"url\":\"https:\/\/lh7-us.googleusercontent.com\/8LukKv_BBAfS7atLNzbQW2hWh2uJ4Gg0uBZ_A1L0w5F4dfpO9LVy5XLzjqMabYH3y_FnabAy9hm7xMEI7q5-A8MRmJzSCXTP3Gh7vrtNfHPZafDV9R2X0JS6Ir_6IIS6tBPiOPr4pWvwUGyruF2BBgI\",\"contentUrl\":\"https:\/\/lh7-us.googleusercontent.com\/8LukKv_BBAfS7atLNzbQW2hWh2uJ4Gg0uBZ_A1L0w5F4dfpO9LVy5XLzjqMabYH3y_FnabAy9hm7xMEI7q5-A8MRmJzSCXTP3Gh7vrtNfHPZafDV9R2X0JS6Ir_6IIS6tBPiOPr4pWvwUGyruF2BBgI\"},{\"@type\":\"BreadcrumbList\",\"@id\":\"https:\/\/inzain.bike\/sv_se\/vrg25-cykling\/#breadcrumb\",\"itemListElement\":[{\"@type\":\"ListItem\",\"position\":1,\"name\":\"Hem\",\"item\":\"https:\/\/inzain.bike\/fr_be\/\"},{\"@type\":\"ListItem\",\"position\":2,\"name\":\"VRG Cykling\"}]},{\"@type\":\"WebSite\",\"@id\":\"https:\/\/inzain.bike\/fr_be\/#website\",\"url\":\"https:\/\/inzain.bike\/fr_be\/\",\"name\":\"INZAIN Cycling EXPERIENCES\",\"description\":\"Cyckling Adventures  - for everyone\",\"publisher\":{\"@id\":\"https:\/\/inzain.bike\/fr_be\/#organization\"},\"alternateName\":\"INZAIN Gravel & Travel\",\"potentialAction\":[{\"@type\":\"SearchAction\",\"target\":{\"@type\":\"EntryPoint\",\"urlTemplate\":\"https:\/\/inzain.bike\/fr_be\/?s={search_term_string}\"},\"query-input\":{\"@type\":\"PropertyValueSpecification\",\"valueRequired\":true,\"valueName\":\"search_term_string\"}}],\"inLanguage\":\"en-US\"},{\"@type\":\"Organization\",\"@id\":\"https:\/\/inzain.bike\/fr_be\/#organization\",\"name\":\"INZAIN Cycling EXPERIENCES\",\"url\":\"https:\/\/inzain.bike\/fr_be\/\",\"logo\":{\"@type\":\"ImageObject\",\"inLanguage\":\"en-US\",\"@id\":\"https:\/\/inzain.bike\/fr_be\/#\/schema\/logo\/image\/\",\"url\":\"https:\/\/i0.wp.com\/inzain.bike\/wp-content\/uploads\/2023\/09\/cropped-INZAIN_512x512_white.png?fit=512%2C512&ssl=1\",\"contentUrl\":\"https:\/\/i0.wp.com\/inzain.bike\/wp-content\/uploads\/2023\/09\/cropped-INZAIN_512x512_white.png?fit=512%2C512&ssl=1\",\"width\":512,\"height\":512,\"caption\":\"INZAIN Cycling EXPERIENCES\"},\"image\":{\"@id\":\"https:\/\/inzain.bike\/fr_be\/#\/schema\/logo\/image\/\"},\"sameAs\":[\"https:\/\/www.facebook.com\/Inzain.bike\",\"https:\/\/www.instagram.com\/inzainbike\"]}]}<\/script>\n<!-- \/ Yoast SEO plugin. -->","yoast_head_json":{"title":"VRG Cycling - INZAIN Cycling EXPERIENCES","robots":{"index":"index","follow":"follow","max-snippet":"max-snippet:-1","max-image-preview":"max-image-preview:large","max-video-preview":"max-video-preview:-1"},"canonical":"https:\/\/inzain.bike\/en\/vrg25-cykling\/","og_locale":"en_US","og_type":"article","og_title":"VRG Cykling - INZAIN Cycling EXPERIENCES","og_description":"F\u00f6ljebil. I den kommer det finnas lite reservdelar, extra d\u00e4ck, pump mm. Du kan ha EN bag i bilen. Den kommer transporteras till hotellet, s\u00e5 du beh\u00f6ver inte ha packning p\u00e5 cykeln om du inte vill.F\u00f6ljebilen blir en r\u00e4ddningsbil om n\u00e5got g\u00e5r p\u00e5 tok.All information om detta finns i Riders Guide. Dag Ett Start i [&hellip;]","og_url":"https:\/\/inzain.bike\/en\/vrg25-cykling\/","og_site_name":"INZAIN Cycling EXPERIENCES","article_publisher":"https:\/\/www.facebook.com\/Inzain.bike","article_modified_time":"2025-04-08T10:42:39+00:00","og_image":[{"url":"https:\/\/lh7-us.googleusercontent.com\/8LukKv_BBAfS7atLNzbQW2hWh2uJ4Gg0uBZ_A1L0w5F4dfpO9LVy5XLzjqMabYH3y_FnabAy9hm7xMEI7q5-A8MRmJzSCXTP3Gh7vrtNfHPZafDV9R2X0JS6Ir_6IIS6tBPiOPr4pWvwUGyruF2BBgI","type":"","width":"","height":""}],"twitter_card":"summary_large_image","twitter_misc":{"Est. reading time":"2 minutes"},"schema":{"@context":"https:\/\/schema.org","@graph":[{"@type":"WebPage","@id":"https:\/\/inzain.bike\/sv_se\/vrg25-cykling\/","url":"https:\/\/inzain.bike\/sv_se\/vrg25-cykling\/","name":"VRG Cycling - INZAIN Cycling EXPERIENCES","isPartOf":{"@id":"https:\/\/inzain.bike\/fr_be\/#website"},"primaryImageOfPage":{"@id":"https:\/\/inzain.bike\/sv_se\/vrg25-cykling\/#primaryimage"},"image":{"@id":"https:\/\/inzain.bike\/sv_se\/vrg25-cykling\/#primaryimage"},"thumbnailUrl":"https:\/\/lh7-us.googleusercontent.com\/8LukKv_BBAfS7atLNzbQW2hWh2uJ4Gg0uBZ_A1L0w5F4dfpO9LVy5XLzjqMabYH3y_FnabAy9hm7xMEI7q5-A8MRmJzSCXTP3Gh7vrtNfHPZafDV9R2X0JS6Ir_6IIS6tBPiOPr4pWvwUGyruF2BBgI","datePublished":"2023-11-25T11:48:37+00:00","dateModified":"2025-04-08T10:42:39+00:00","breadcrumb":{"@id":"https:\/\/inzain.bike\/sv_se\/vrg25-cykling\/#breadcrumb"},"inLanguage":"en-US","potentialAction":[{"@type":"ReadAction","target":["https:\/\/inzain.bike\/sv_se\/vrg25-cykling\/"]}]},{"@type":"ImageObject","inLanguage":"en-US","@id":"https:\/\/inzain.bike\/sv_se\/vrg25-cykling\/#primaryimage","url":"https:\/\/lh7-us.googleusercontent.com\/8LukKv_BBAfS7atLNzbQW2hWh2uJ4Gg0uBZ_A1L0w5F4dfpO9LVy5XLzjqMabYH3y_FnabAy9hm7xMEI7q5-A8MRmJzSCXTP3Gh7vrtNfHPZafDV9R2X0JS6Ir_6IIS6tBPiOPr4pWvwUGyruF2BBgI","contentUrl":"https:\/\/lh7-us.googleusercontent.com\/8LukKv_BBAfS7atLNzbQW2hWh2uJ4Gg0uBZ_A1L0w5F4dfpO9LVy5XLzjqMabYH3y_FnabAy9hm7xMEI7q5-A8MRmJzSCXTP3Gh7vrtNfHPZafDV9R2X0JS6Ir_6IIS6tBPiOPr4pWvwUGyruF2BBgI"},{"@type":"BreadcrumbList","@id":"https:\/\/inzain.bike\/sv_se\/vrg25-cykling\/#breadcrumb","itemListElement":[{"@type":"ListItem","position":1,"name":"Hem","item":"https:\/\/inzain.bike\/fr_be\/"},{"@type":"ListItem","position":2,"name":"VRG Cykling"}]},{"@type":"WebSite","@id":"https:\/\/inzain.bike\/fr_be\/#website","url":"https:\/\/inzain.bike\/fr_be\/","name":"INZAIN Cycling EXPERIENCES","description":"Cycling Adventures - for everyone","publisher":{"@id":"https:\/\/inzain.bike\/fr_be\/#organization"},"alternateName":"INZAIN Gravel & Travel","potentialAction":[{"@type":"SearchAction","target":{"@type":"EntryPoint","urlTemplate":"https:\/\/inzain.bike\/fr_be\/?s={search_term_string}"},"query-input":{"@type":"PropertyValueSpecification","valueRequired":true,"valueName":"search_term_string"}}],"inLanguage":"en-US"},{"@type":"Organization","@id":"https:\/\/inzain.bike\/fr_be\/#organization","name":"INZAIN Cycling EXPERIENCES","url":"https:\/\/inzain.bike\/fr_be\/","logo":{"@type":"ImageObject","inLanguage":"en-US","@id":"https:\/\/inzain.bike\/fr_be\/#\/schema\/logo\/image\/","url":"https:\/\/i0.wp.com\/inzain.bike\/wp-content\/uploads\/2023\/09\/cropped-INZAIN_512x512_white.png?fit=512%2C512&ssl=1","contentUrl":"https:\/\/i0.wp.com\/inzain.bike\/wp-content\/uploads\/2023\/09\/cropped-INZAIN_512x512_white.png?fit=512%2C512&ssl=1","width":512,"height":512,"caption":"INZAIN Cycling EXPERIENCES"},"image":{"@id":"https:\/\/inzain.bike\/fr_be\/#\/schema\/logo\/image\/"},"sameAs":["https:\/\/www.facebook.com\/Inzain.bike","https:\/\/www.instagram.com\/inzainbike"]}]}},"amp_enabled":true,"_links":{"self":[{"href":"https:\/\/inzain.bike\/en\/wp-json\/wp\/v2\/pages\/6047","targetHints":{"allow":["GET"]}}],"collection":[{"href":"https:\/\/inzain.bike\/en\/wp-json\/wp\/v2\/pages"}],"about":[{"href":"https:\/\/inzain.bike\/en\/wp-json\/wp\/v2\/types\/page"}],"author":[{"embeddable":true,"href":"https:\/\/inzain.bike\/en\/wp-json\/wp\/v2\/users\/135133094"}],"replies":[{"embeddable":true,"href":"https:\/\/inzain.bike\/en\/wp-json\/wp\/v2\/comments?post=6047"}],"version-history":[{"count":3,"href":"https:\/\/inzain.bike\/en\/wp-json\/wp\/v2\/pages\/6047\/revisions"}],"predecessor-version":[{"id":8101,"href":"https:\/\/inzain.bike\/en\/wp-json\/wp\/v2\/pages\/6047\/revisions\/8101"}],"wp:attachment":[{"href":"https:\/\/inzain.bike\/en\/wp-json\/wp\/v2\/media?parent=6047"}],"curies":[{"name":"wp","href":"https:\/\/api.w.org\/{rel}","templated":true}]}}