{"id":7367,"date":"2024-06-10T10:39:30","date_gmt":"2024-06-10T08:39:30","guid":{"rendered":"https:\/\/inzain.bike\/?page_id=7367"},"modified":"2024-06-10T10:42:23","modified_gmt":"2024-06-10T08:42:23","slug":"gir25","status":"publish","type":"page","link":"https:\/\/inzain.bike\/en\/gir25\/","title":{"rendered":"Girona Gravel Camp with TRAKA 2025"},"content":{"rendered":"<figure class=\"wp-block-video alignfull wp-block-embed is-type-video is-provider-videopress\"><div class=\"wp-block-embed__wrapper\">\n<iframe title=\"VideoPress Video Player\" aria-label='VideoPress Video Player' width='500' height='281' src='https:\/\/videopress.com\/embed\/HIt6wQGF?cover=1&amp;autoPlay=1&amp;loop=1&amp;muted=1&amp;persistVolume=0&amp;posterUrl=https%3A%2F%2Finzain.bike%2Fwp-content%2Fuploads%2F2023%2F10%2Fchampagne_take3_mp4_std.original.jpg&amp;preloadContent=metadata&amp;useAverageColor=1&amp;hd=0' frameborder='0' allowfullscreen data-resize-to-parent=\"true\" allow='clipboard-write'><\/iframe><script src='https:\/\/v0.wordpress.com\/js\/next\/videopress-iframe.js?m=1674852142'><\/script>\n<\/div><\/figure>\n\n\n\n<div class=\"wp-block-columns alignwide is-layout-flex wp-container-core-columns-is-layout-28f84493 wp-block-columns-is-layout-flex\">\n<div class=\"wp-block-column is-layout-flow wp-block-column-is-layout-flow\">\n<p><strong>Girona<\/strong><\/p>\n\n\n\n<p>Girona, a real hotspot for Cycling in general and gravel in particular. We offer a truly magical week with worldclass cycling, food and coffe.<\/p>\n\n\n\n<p>Girona has established itself as the best training base for professional cyclists \u2013 the city has only 100,000 inhabitants but is home to more than 100 members of the peloton. In fact, you don&#039;t have to spend long bike rides in Girona to understand that this is very much a cycling city. Hit the road and you&#039;ll soon see a rider in team kit; maybe a mini peloton of pros?<br><br>Wander the labyrinthine streets of the medieval old town and you'll quickly discover like-minded cyclists. Cafes, bicycle shops and restaurants, everything breathes bicycle!<\/p>\n\n\n\n<p><strong>Gravel in Girona<\/strong><\/p>\n\n\n\n<p>Girona has in recent years blossomed into a premium destination for Gravel. A multitude of fine roads and a mixture of mountains and flat land make Girona a dream!<\/p>\n\n\n\n<p><strong>TRAKA<\/strong><br>TRAKA is Europe&#039;s largest gravel race. It runs May 1-5. Why not run it as part of your experience?<\/p>\n\n\n\n<figure class=\"wp-block-embed is-type-video is-provider-youtube wp-block-embed-youtube wp-embed-aspect-16-9 wp-has-aspect-ratio\"><div class=\"wp-block-embed__wrapper\">\n<iframe loading=\"lazy\" title=\"The Traka 2023 by Gravel Earth Series \/ Spain\" width=\"500\" height=\"281\" src=\"https:\/\/www.youtube.com\/embed\/ZUMW_dwKTtI?feature=oembed\" frameborder=\"0\" allow=\"accelerometer; autoplay; clipboard-write; encrypted-media; gyroscope; picture-in-picture; web-share\" referrerpolicy=\"strict-origin-when-cross-origin\" allowfullscreen><\/iframe>\n<\/div><\/figure>\n\n\n\n<p><strong>Routes<\/strong><\/p>\n\n\n\n<p>We have enlisted the help of the most famous and experienced guide in Girona to create an epic week. We will cycle in all directions and experience the best of the best. The routes come together with our Riders Guide, which we present in April.<\/p>\n\n\n\n<figure class=\"wp-block-image size-large\"><img loading=\"lazy\" decoding=\"async\" width=\"1024\" height=\"429\" src=\"https:\/\/inzain.bike\/wp-content\/uploads\/2022\/11\/image-11-1024x429.png\" alt=\"\" class=\"wp-image-2313\" srcset=\"https:\/\/inzain.bike\/wp-content\/uploads\/2022\/11\/image-11-1024x429.png 1024w, https:\/\/inzain.bike\/wp-content\/uploads\/2022\/11\/image-11-300x126.png 300w, https:\/\/inzain.bike\/wp-content\/uploads\/2022\/11\/image-11-768x322.png 768w, https:\/\/inzain.bike\/wp-content\/uploads\/2022\/11\/image-11-1536x644.png 1536w, https:\/\/inzain.bike\/wp-content\/uploads\/2022\/11\/image-11-18x8.png 18w, https:\/\/inzain.bike\/wp-content\/uploads\/2022\/11\/image-11-1320x553.png 1320w, https:\/\/inzain.bike\/wp-content\/uploads\/2022\/11\/image-11-600x251.png 600w, https:\/\/inzain.bike\/wp-content\/uploads\/2022\/11\/image-11.png 1592w\" sizes=\"auto, (max-width: 1024px) 100vw, 1024px\" \/><\/figure>\n\n\n\n<p><strong>Cycle<\/strong><br>Bring your own, or rent a really good gravel bike on site.<\/p>\n<\/div>\n<\/div>\n\n\n\n<div class=\"wp-block-columns alignwide is-layout-flex wp-container-core-columns-is-layout-28f84493 wp-block-columns-is-layout-flex\">\n<div class=\"wp-block-column is-layout-flow wp-block-column-is-layout-flow\">\n<p class=\"has-text-align-center\" style=\"font-size:53px\">Registration opens later<\/p>\n\n\n\n<div class=\"wp-block-columns is-layout-flex wp-container-core-columns-is-layout-28f84493 wp-block-columns-is-layout-flex\">\n<div class=\"wp-block-column is-layout-flow wp-block-column-is-layout-flow\" style=\"flex-basis:100%\">\n<p class=\"has-text-align-center\">May 2025<br><br><\/p>\n<\/div>\n<\/div>\n\n\n\n<hr class=\"wp-block-separator has-alpha-channel-opacity\"\/>\n<\/div>\n<\/div>","protected":false},"excerpt":{"rendered":"<p>Girona Girona, ett Mecka f\u00f6r Cykling i allm\u00e4nhet och Gravel i synnerhet. Vi f\u00e5r en vecka med magiskt bra cykling, mat och kaffe. Girona har etablerat sig som den b\u00e4sta tr\u00e4ningsbasen f\u00f6r professionella cyklister \u2013 staden har bara 100 000 inv\u00e5nare men \u00e4r hem f\u00f6r mer \u00e4n 100 medlemmar i pelotonen. Faktum \u00e4r att du [&hellip;]<\/p>\n","protected":false},"author":203917875,"featured_media":0,"parent":0,"menu_order":0,"comment_status":"closed","ping_status":"closed","template":"","meta":{"_coblocks_attr":"","_coblocks_dimensions":"","_coblocks_responsive_height":"","_coblocks_accordion_ie_support":"","footnotes":""},"class_list":["post-7367","page","type-page","status-publish","hentry"],"yoast_head":"<!-- This site is optimized with the Yoast SEO plugin v27.2 - https:\/\/yoast.com\/product\/yoast-seo-wordpress\/ -->\n<title>Girona Gravel Camp med TRAKA 2025 - INZAIN Cycling EXPERIENCES<\/title>\n<meta name=\"robots\" content=\"index, follow, max-snippet:-1, max-image-preview:large, max-video-preview:-1\" \/>\n<link rel=\"canonical\" href=\"https:\/\/inzain.bike\/en\/gir25\/\" \/>\n<meta property=\"og:locale\" content=\"en_US\" \/>\n<meta property=\"og:type\" content=\"article\" \/>\n<meta property=\"og:title\" content=\"Girona Gravel Camp med TRAKA 2025 - INZAIN Cycling EXPERIENCES\" \/>\n<meta property=\"og:description\" content=\"Girona Girona, ett Mecka f\u00f6r Cykling i allm\u00e4nhet och Gravel i synnerhet. Vi f\u00e5r en vecka med magiskt bra cykling, mat och kaffe. Girona har etablerat sig som den b\u00e4sta tr\u00e4ningsbasen f\u00f6r professionella cyklister \u2013 staden har bara 100 000 inv\u00e5nare men \u00e4r hem f\u00f6r mer \u00e4n 100 medlemmar i pelotonen. Faktum \u00e4r att du [&hellip;]\" \/>\n<meta property=\"og:url\" content=\"https:\/\/inzain.bike\/en\/gir25\/\" \/>\n<meta property=\"og:site_name\" content=\"INZAIN Cycling EXPERIENCES\" \/>\n<meta property=\"article:publisher\" content=\"https:\/\/www.facebook.com\/Inzain.bike\" \/>\n<meta property=\"article:modified_time\" content=\"2024-06-10T08:42:23+00:00\" \/>\n<meta property=\"og:image\" content=\"https:\/\/inzain.bike\/wp-content\/uploads\/2022\/11\/image-11-1024x429.png\" \/>\n<meta name=\"twitter:card\" content=\"summary_large_image\" \/>\n<meta name=\"twitter:label1\" content=\"Est. reading time\" \/>\n\t<meta name=\"twitter:data1\" content=\"2 minutes\" \/>\n<script type=\"application\/ld+json\" class=\"yoast-schema-graph\">{\"@context\":\"https:\/\/schema.org\",\"@graph\":[{\"@type\":\"WebPage\",\"@id\":\"https:\/\/inzain.bike\/es\/gir25\/\",\"url\":\"https:\/\/inzain.bike\/es\/gir25\/\",\"name\":\"Girona Gravel Camp med TRAKA 2025 - INZAIN Cycling EXPERIENCES\",\"isPartOf\":{\"@id\":\"https:\/\/inzain.bike\/fr_be\/#website\"},\"primaryImageOfPage\":{\"@id\":\"https:\/\/inzain.bike\/es\/gir25\/#primaryimage\"},\"image\":{\"@id\":\"https:\/\/inzain.bike\/es\/gir25\/#primaryimage\"},\"thumbnailUrl\":\"https:\/\/inzain.bike\/wp-content\/uploads\/2022\/11\/image-11-1024x429.png\",\"datePublished\":\"2024-06-10T08:39:30+00:00\",\"dateModified\":\"2024-06-10T08:42:23+00:00\",\"breadcrumb\":{\"@id\":\"https:\/\/inzain.bike\/es\/gir25\/#breadcrumb\"},\"inLanguage\":\"en-US\",\"potentialAction\":[{\"@type\":\"ReadAction\",\"target\":[\"https:\/\/inzain.bike\/es\/gir25\/\"]}]},{\"@type\":\"ImageObject\",\"inLanguage\":\"en-US\",\"@id\":\"https:\/\/inzain.bike\/es\/gir25\/#primaryimage\",\"url\":\"https:\/\/inzain.bike\/wp-content\/uploads\/2022\/11\/image-11-1024x429.png\",\"contentUrl\":\"https:\/\/inzain.bike\/wp-content\/uploads\/2022\/11\/image-11-1024x429.png\"},{\"@type\":\"BreadcrumbList\",\"@id\":\"https:\/\/inzain.bike\/es\/gir25\/#breadcrumb\",\"itemListElement\":[{\"@type\":\"ListItem\",\"position\":1,\"name\":\"Hem\",\"item\":\"https:\/\/inzain.bike\/fr_be\/\"},{\"@type\":\"ListItem\",\"position\":2,\"name\":\"Girona Gravel Camp med TRAKA 2025\"}]},{\"@type\":\"WebSite\",\"@id\":\"https:\/\/inzain.bike\/fr_be\/#website\",\"url\":\"https:\/\/inzain.bike\/fr_be\/\",\"name\":\"INZAIN Cycling EXPERIENCES\",\"description\":\"Cyckling Adventures  - for everyone\",\"publisher\":{\"@id\":\"https:\/\/inzain.bike\/fr_be\/#organization\"},\"alternateName\":\"INZAIN Gravel & Travel\",\"potentialAction\":[{\"@type\":\"SearchAction\",\"target\":{\"@type\":\"EntryPoint\",\"urlTemplate\":\"https:\/\/inzain.bike\/fr_be\/?s={search_term_string}\"},\"query-input\":{\"@type\":\"PropertyValueSpecification\",\"valueRequired\":true,\"valueName\":\"search_term_string\"}}],\"inLanguage\":\"en-US\"},{\"@type\":\"Organization\",\"@id\":\"https:\/\/inzain.bike\/fr_be\/#organization\",\"name\":\"INZAIN Cycling EXPERIENCES\",\"url\":\"https:\/\/inzain.bike\/fr_be\/\",\"logo\":{\"@type\":\"ImageObject\",\"inLanguage\":\"en-US\",\"@id\":\"https:\/\/inzain.bike\/fr_be\/#\/schema\/logo\/image\/\",\"url\":\"https:\/\/i0.wp.com\/inzain.bike\/wp-content\/uploads\/2023\/09\/cropped-INZAIN_512x512_white.png?fit=512%2C512&ssl=1\",\"contentUrl\":\"https:\/\/i0.wp.com\/inzain.bike\/wp-content\/uploads\/2023\/09\/cropped-INZAIN_512x512_white.png?fit=512%2C512&ssl=1\",\"width\":512,\"height\":512,\"caption\":\"INZAIN Cycling EXPERIENCES\"},\"image\":{\"@id\":\"https:\/\/inzain.bike\/fr_be\/#\/schema\/logo\/image\/\"},\"sameAs\":[\"https:\/\/www.facebook.com\/Inzain.bike\",\"https:\/\/www.instagram.com\/inzainbike\"]}]}<\/script>\n<!-- \/ Yoast SEO plugin. -->","yoast_head_json":{"title":"Girona Gravel Camp with TRAKA 2025 - INZAIN Cycling EXPERIENCES","robots":{"index":"index","follow":"follow","max-snippet":"max-snippet:-1","max-image-preview":"max-image-preview:large","max-video-preview":"max-video-preview:-1"},"canonical":"https:\/\/inzain.bike\/en\/gir25\/","og_locale":"en_US","og_type":"article","og_title":"Girona Gravel Camp med TRAKA 2025 - INZAIN Cycling EXPERIENCES","og_description":"Girona Girona, ett Mecka f\u00f6r Cykling i allm\u00e4nhet och Gravel i synnerhet. Vi f\u00e5r en vecka med magiskt bra cykling, mat och kaffe. Girona har etablerat sig som den b\u00e4sta tr\u00e4ningsbasen f\u00f6r professionella cyklister \u2013 staden har bara 100 000 inv\u00e5nare men \u00e4r hem f\u00f6r mer \u00e4n 100 medlemmar i pelotonen. Faktum \u00e4r att du [&hellip;]","og_url":"https:\/\/inzain.bike\/en\/gir25\/","og_site_name":"INZAIN Cycling EXPERIENCES","article_publisher":"https:\/\/www.facebook.com\/Inzain.bike","article_modified_time":"2024-06-10T08:42:23+00:00","og_image":[{"url":"https:\/\/inzain.bike\/wp-content\/uploads\/2022\/11\/image-11-1024x429.png","type":"","width":"","height":""}],"twitter_card":"summary_large_image","twitter_misc":{"Est. reading time":"2 minutes"},"schema":{"@context":"https:\/\/schema.org","@graph":[{"@type":"WebPage","@id":"https:\/\/inzain.bike\/es\/gir25\/","url":"https:\/\/inzain.bike\/es\/gir25\/","name":"Girona Gravel Camp with TRAKA 2025 - INZAIN Cycling EXPERIENCES","isPartOf":{"@id":"https:\/\/inzain.bike\/fr_be\/#website"},"primaryImageOfPage":{"@id":"https:\/\/inzain.bike\/es\/gir25\/#primaryimage"},"image":{"@id":"https:\/\/inzain.bike\/es\/gir25\/#primaryimage"},"thumbnailUrl":"https:\/\/inzain.bike\/wp-content\/uploads\/2022\/11\/image-11-1024x429.png","datePublished":"2024-06-10T08:39:30+00:00","dateModified":"2024-06-10T08:42:23+00:00","breadcrumb":{"@id":"https:\/\/inzain.bike\/es\/gir25\/#breadcrumb"},"inLanguage":"en-US","potentialAction":[{"@type":"ReadAction","target":["https:\/\/inzain.bike\/es\/gir25\/"]}]},{"@type":"ImageObject","inLanguage":"en-US","@id":"https:\/\/inzain.bike\/es\/gir25\/#primaryimage","url":"https:\/\/inzain.bike\/wp-content\/uploads\/2022\/11\/image-11-1024x429.png","contentUrl":"https:\/\/inzain.bike\/wp-content\/uploads\/2022\/11\/image-11-1024x429.png"},{"@type":"BreadcrumbList","@id":"https:\/\/inzain.bike\/es\/gir25\/#breadcrumb","itemListElement":[{"@type":"ListItem","position":1,"name":"Hem","item":"https:\/\/inzain.bike\/fr_be\/"},{"@type":"ListItem","position":2,"name":"Girona Gravel Camp med TRAKA 2025"}]},{"@type":"WebSite","@id":"https:\/\/inzain.bike\/fr_be\/#website","url":"https:\/\/inzain.bike\/fr_be\/","name":"INZAIN Cycling EXPERIENCES","description":"Cycling Adventures - for everyone","publisher":{"@id":"https:\/\/inzain.bike\/fr_be\/#organization"},"alternateName":"INZAIN Gravel & Travel","potentialAction":[{"@type":"SearchAction","target":{"@type":"EntryPoint","urlTemplate":"https:\/\/inzain.bike\/fr_be\/?s={search_term_string}"},"query-input":{"@type":"PropertyValueSpecification","valueRequired":true,"valueName":"search_term_string"}}],"inLanguage":"en-US"},{"@type":"Organization","@id":"https:\/\/inzain.bike\/fr_be\/#organization","name":"INZAIN Cycling EXPERIENCES","url":"https:\/\/inzain.bike\/fr_be\/","logo":{"@type":"ImageObject","inLanguage":"en-US","@id":"https:\/\/inzain.bike\/fr_be\/#\/schema\/logo\/image\/","url":"https:\/\/i0.wp.com\/inzain.bike\/wp-content\/uploads\/2023\/09\/cropped-INZAIN_512x512_white.png?fit=512%2C512&ssl=1","contentUrl":"https:\/\/i0.wp.com\/inzain.bike\/wp-content\/uploads\/2023\/09\/cropped-INZAIN_512x512_white.png?fit=512%2C512&ssl=1","width":512,"height":512,"caption":"INZAIN Cycling EXPERIENCES"},"image":{"@id":"https:\/\/inzain.bike\/fr_be\/#\/schema\/logo\/image\/"},"sameAs":["https:\/\/www.facebook.com\/Inzain.bike","https:\/\/www.instagram.com\/inzainbike"]}]}},"amp_enabled":true,"_links":{"self":[{"href":"https:\/\/inzain.bike\/en\/wp-json\/wp\/v2\/pages\/7367","targetHints":{"allow":["GET"]}}],"collection":[{"href":"https:\/\/inzain.bike\/en\/wp-json\/wp\/v2\/pages"}],"about":[{"href":"https:\/\/inzain.bike\/en\/wp-json\/wp\/v2\/types\/page"}],"author":[{"embeddable":true,"href":"https:\/\/inzain.bike\/en\/wp-json\/wp\/v2\/users\/203917875"}],"replies":[{"embeddable":true,"href":"https:\/\/inzain.bike\/en\/wp-json\/wp\/v2\/comments?post=7367"}],"version-history":[{"count":2,"href":"https:\/\/inzain.bike\/en\/wp-json\/wp\/v2\/pages\/7367\/revisions"}],"predecessor-version":[{"id":7371,"href":"https:\/\/inzain.bike\/en\/wp-json\/wp\/v2\/pages\/7367\/revisions\/7371"}],"wp:attachment":[{"href":"https:\/\/inzain.bike\/en\/wp-json\/wp\/v2\/media?parent=7367"}],"curies":[{"name":"wp","href":"https:\/\/api.w.org\/{rel}","templated":true}]}}