{"id":8144,"date":"2025-06-02T20:32:31","date_gmt":"2025-06-02T18:32:31","guid":{"rendered":"https:\/\/inzain.bike\/?page_id=8144"},"modified":"2025-06-25T08:28:46","modified_gmt":"2025-06-25T06:28:46","slug":"apr25","status":"publish","type":"page","link":"https:\/\/inzain.bike\/en\/apr25\/","title":{"rendered":"Archipelago Raid 2025"},"content":{"rendered":"<figure class=\"wp-block-image size-full\"><img loading=\"lazy\" decoding=\"async\" width=\"800\" height=\"800\" src=\"https:\/\/inzain.bike\/wp-content\/uploads\/2022\/08\/fully.jpg\" alt=\"\" class=\"wp-image-1869\" srcset=\"https:\/\/inzain.bike\/wp-content\/uploads\/2022\/08\/fully.jpg 800w, https:\/\/inzain.bike\/wp-content\/uploads\/2022\/08\/fully-300x300.jpg 300w, https:\/\/inzain.bike\/wp-content\/uploads\/2022\/08\/fully-150x150.jpg 150w, https:\/\/inzain.bike\/wp-content\/uploads\/2022\/08\/fully-768x768.jpg 768w, https:\/\/inzain.bike\/wp-content\/uploads\/2022\/08\/fully-12x12.jpg 12w, https:\/\/inzain.bike\/wp-content\/uploads\/2022\/08\/fully-600x600.jpg 600w, https:\/\/inzain.bike\/wp-content\/uploads\/2022\/08\/fully-100x100.jpg 100w\" sizes=\"auto, (max-width: 800px) 100vw, 800px\" \/><\/figure>\n\n\n\n<figure class=\"wp-block-image alignwide size-large\"><img loading=\"lazy\" decoding=\"async\" width=\"1024\" height=\"768\" src=\"https:\/\/inzain.bike\/wp-content\/uploads\/2025\/06\/20250516_160618-1024x768.jpg\" alt=\"\" class=\"wp-image-8146\" srcset=\"https:\/\/inzain.bike\/wp-content\/uploads\/2025\/06\/20250516_160618-1024x768.jpg 1024w, https:\/\/inzain.bike\/wp-content\/uploads\/2025\/06\/20250516_160618-300x225.jpg 300w, https:\/\/inzain.bike\/wp-content\/uploads\/2025\/06\/20250516_160618-768x576.jpg 768w, https:\/\/inzain.bike\/wp-content\/uploads\/2025\/06\/20250516_160618-1536x1152.jpg 1536w, https:\/\/inzain.bike\/wp-content\/uploads\/2025\/06\/20250516_160618-2048x1536.jpg 2048w, https:\/\/inzain.bike\/wp-content\/uploads\/2025\/06\/20250516_160618-16x12.jpg 16w, https:\/\/inzain.bike\/wp-content\/uploads\/2025\/06\/20250516_160618-1320x990.jpg 1320w, https:\/\/inzain.bike\/wp-content\/uploads\/2025\/06\/20250516_160618-600x450.jpg 600w\" sizes=\"auto, (max-width: 1024px) 100vw, 1024px\" \/><\/figure>\n\n\n\n<p>Welcome to a fantastic tour of the Stockholm Archipelago<\/p>\n\n\n\n<p><strong>When<\/strong>: June 29, 2025<br><strong>Where<\/strong>: V\u00e4rmd\u00f6\/Djur\u00f6\/Vind\u00f6<br><strong>How<\/strong>: Start and finish in Grisslinge<br><strong>Price<\/strong>: Free<br><strong>Info<\/strong>: A bakery delivers coffee to a beach. You order &amp; pay upon registration<\/p>\n\n\n\n<p>This is a really exciting trip out into the archipelago. Starting at Grisslinge, (there is a good cafe for pre\/post ride coffee). We pass some really beautiful and interesting places like the bay at Brevik, the bathing area at V\u00e5mfj\u00e4rden, the craters after the Russian bombing of Stavsn\u00e4s and the absolutely magical view at Havs\u00e4ngen.<br>We have our first coffee break on the incredibly beautiful beach Helgarsvik. The home bakery serves coffee, pastries and drinks. (Pre-ordered and paid for when registering).<\/p>\n\n\n\n<p>We cycle on many islands and near the sea. A truly enjoyable ride. Lunch is eaten by the sea at Djur\u00f6n\u00e4sets Sj\u00f6bod.<\/p>\n\n\n\n<p>Easy cycling with a few places where you lead your bike a short distance.<\/p>\n\n\n\n<figure class=\"wp-block-image alignwide size-large\"><img loading=\"lazy\" decoding=\"async\" width=\"1024\" height=\"768\" src=\"https:\/\/inzain.bike\/wp-content\/uploads\/2025\/06\/20250516_155125-1024x768.jpg\" alt=\"\" class=\"wp-image-8147\" srcset=\"https:\/\/inzain.bike\/wp-content\/uploads\/2025\/06\/20250516_155125-1024x768.jpg 1024w, https:\/\/inzain.bike\/wp-content\/uploads\/2025\/06\/20250516_155125-300x225.jpg 300w, https:\/\/inzain.bike\/wp-content\/uploads\/2025\/06\/20250516_155125-768x576.jpg 768w, https:\/\/inzain.bike\/wp-content\/uploads\/2025\/06\/20250516_155125-1536x1152.jpg 1536w, https:\/\/inzain.bike\/wp-content\/uploads\/2025\/06\/20250516_155125-2048x1536.jpg 2048w, https:\/\/inzain.bike\/wp-content\/uploads\/2025\/06\/20250516_155125-16x12.jpg 16w, https:\/\/inzain.bike\/wp-content\/uploads\/2025\/06\/20250516_155125-1320x990.jpg 1320w, https:\/\/inzain.bike\/wp-content\/uploads\/2025\/06\/20250516_155125-600x450.jpg 600w\" sizes=\"auto, (max-width: 1024px) 100vw, 1024px\" \/><\/figure>\n\n\n\n<p><br><\/p>\n\n\n\n<p><strong>What can you expect?<\/strong><br>We cycle to have fun, there are no intervals and it is not about cycling the fastest but having the best experience. If you want to splurge, it's of course fine, you wait further on. We may also split the group, if it turns out to be better. Our Guides have a lot of experience in arranging and holding these tours.<br><\/p>\n\n\n\n<figure class=\"wp-block-image alignwide size-large\"><img loading=\"lazy\" decoding=\"async\" width=\"768\" height=\"1024\" src=\"https:\/\/inzain.bike\/wp-content\/uploads\/2025\/06\/20250515_132442-768x1024.jpg\" alt=\"\" class=\"wp-image-8148\" srcset=\"https:\/\/inzain.bike\/wp-content\/uploads\/2025\/06\/20250515_132442-768x1024.jpg 768w, https:\/\/inzain.bike\/wp-content\/uploads\/2025\/06\/20250515_132442-225x300.jpg 225w, https:\/\/inzain.bike\/wp-content\/uploads\/2025\/06\/20250515_132442-1152x1536.jpg 1152w, https:\/\/inzain.bike\/wp-content\/uploads\/2025\/06\/20250515_132442-1536x2048.jpg 1536w, https:\/\/inzain.bike\/wp-content\/uploads\/2025\/06\/20250515_132442-9x12.jpg 9w, https:\/\/inzain.bike\/wp-content\/uploads\/2025\/06\/20250515_132442-1320x1760.jpg 1320w, https:\/\/inzain.bike\/wp-content\/uploads\/2025\/06\/20250515_132442-600x800.jpg 600w, https:\/\/inzain.bike\/wp-content\/uploads\/2025\/06\/20250515_132442-scaled.jpg 1920w\" sizes=\"auto, (max-width: 768px) 100vw, 768px\" \/><\/figure>\n\n\n\n<p><br><strong>We cycle according to Grusets V\u00e4nner's principles.<\/strong><br>* No one is left alone.<br>* Sprint or peel off if you like but let the group catch up again<br>* We take care of and help each other in case of mechanival issues.<br>* We bike safely and keep our distance, remember the \"three second rule\" especially on gravel.<br>* It's all about having the nicest of days.<\/p>\n\n\n\n<p>Registration Closed<\/p>","protected":false},"excerpt":{"rendered":"<p>V\u00e4lkommen till en fantastisk tur i Stockholms Sk\u00e4rg\u00e5rd N\u00e4r: 29 Juni 2025Var: V\u00e4rmd\u00f6\/Djur\u00f6\/Vind\u00f6Hur: Start och m\u00e5l i GrisslingePris: GratisInfo: Ett bageri k\u00f6r ut fika till en strand. Man best\u00e4ller &amp; betalar vid anm\u00e4lan Det h\u00e4r \u00e4r en riktigt sp\u00e4nnande tur ut i sk\u00e4rg\u00e5rden. Start vid Grisslinge, (d\u00e4r finns ett bra fik f\u00f6r pre\/post ride fika). [&hellip;]<\/p>\n","protected":false},"author":203917875,"featured_media":0,"parent":0,"menu_order":0,"comment_status":"closed","ping_status":"closed","template":"","meta":{"_coblocks_attr":"","_coblocks_dimensions":"","_coblocks_responsive_height":"","_coblocks_accordion_ie_support":"","footnotes":""},"class_list":["post-8144","page","type-page","status-publish","hentry"],"yoast_head":"<!-- This site is optimized with the Yoast SEO plugin v27.2 - https:\/\/yoast.com\/product\/yoast-seo-wordpress\/ -->\n<title>Archipelago Raid 2025 - INZAIN Cycling EXPERIENCES<\/title>\n<meta name=\"robots\" content=\"index, follow, max-snippet:-1, max-image-preview:large, max-video-preview:-1\" \/>\n<link rel=\"canonical\" href=\"https:\/\/inzain.bike\/en\/apr25\/\" \/>\n<meta property=\"og:locale\" content=\"en_US\" \/>\n<meta property=\"og:type\" content=\"article\" \/>\n<meta property=\"og:title\" content=\"Archipelago Raid 2025 - INZAIN Cycling EXPERIENCES\" \/>\n<meta property=\"og:description\" content=\"V\u00e4lkommen till en fantastisk tur i Stockholms Sk\u00e4rg\u00e5rd N\u00e4r: 29 Juni 2025Var: V\u00e4rmd\u00f6\/Djur\u00f6\/Vind\u00f6Hur: Start och m\u00e5l i GrisslingePris: GratisInfo: Ett bageri k\u00f6r ut fika till en strand. Man best\u00e4ller &amp; betalar vid anm\u00e4lan Det h\u00e4r \u00e4r en riktigt sp\u00e4nnande tur ut i sk\u00e4rg\u00e5rden. Start vid Grisslinge, (d\u00e4r finns ett bra fik f\u00f6r pre\/post ride fika). [&hellip;]\" \/>\n<meta property=\"og:url\" content=\"https:\/\/inzain.bike\/en\/apr25\/\" \/>\n<meta property=\"og:site_name\" content=\"INZAIN Cycling EXPERIENCES\" \/>\n<meta property=\"article:publisher\" content=\"https:\/\/www.facebook.com\/Inzain.bike\" \/>\n<meta property=\"article:modified_time\" content=\"2025-06-25T06:28:46+00:00\" \/>\n<meta property=\"og:image\" content=\"https:\/\/inzain.bike\/wp-content\/uploads\/2022\/08\/fully.jpg\" \/>\n<meta name=\"twitter:card\" content=\"summary_large_image\" \/>\n<meta name=\"twitter:label1\" content=\"Est. reading time\" \/>\n\t<meta name=\"twitter:data1\" content=\"3 minutes\" \/>\n<script type=\"application\/ld+json\" class=\"yoast-schema-graph\">{\"@context\":\"https:\/\/schema.org\",\"@graph\":[{\"@type\":\"WebPage\",\"@id\":\"https:\/\/inzain.bike\/es\/apr25\/\",\"url\":\"https:\/\/inzain.bike\/es\/apr25\/\",\"name\":\"Archipelago Raid 2025 - INZAIN Cycling EXPERIENCES\",\"isPartOf\":{\"@id\":\"https:\/\/inzain.bike\/fr_be\/#website\"},\"primaryImageOfPage\":{\"@id\":\"https:\/\/inzain.bike\/es\/apr25\/#primaryimage\"},\"image\":{\"@id\":\"https:\/\/inzain.bike\/es\/apr25\/#primaryimage\"},\"thumbnailUrl\":\"https:\/\/inzain.bike\/wp-content\/uploads\/2022\/08\/fully.jpg\",\"datePublished\":\"2025-06-02T18:32:31+00:00\",\"dateModified\":\"2025-06-25T06:28:46+00:00\",\"breadcrumb\":{\"@id\":\"https:\/\/inzain.bike\/es\/apr25\/#breadcrumb\"},\"inLanguage\":\"en-US\",\"potentialAction\":[{\"@type\":\"ReadAction\",\"target\":[\"https:\/\/inzain.bike\/es\/apr25\/\"]}]},{\"@type\":\"ImageObject\",\"inLanguage\":\"en-US\",\"@id\":\"https:\/\/inzain.bike\/es\/apr25\/#primaryimage\",\"url\":\"https:\/\/inzain.bike\/wp-content\/uploads\/2022\/08\/fully.jpg\",\"contentUrl\":\"https:\/\/inzain.bike\/wp-content\/uploads\/2022\/08\/fully.jpg\"},{\"@type\":\"BreadcrumbList\",\"@id\":\"https:\/\/inzain.bike\/es\/apr25\/#breadcrumb\",\"itemListElement\":[{\"@type\":\"ListItem\",\"position\":1,\"name\":\"Hem\",\"item\":\"https:\/\/inzain.bike\/fr_be\/\"},{\"@type\":\"ListItem\",\"position\":2,\"name\":\"Archipelago Raid 2025\"}]},{\"@type\":\"WebSite\",\"@id\":\"https:\/\/inzain.bike\/fr_be\/#website\",\"url\":\"https:\/\/inzain.bike\/fr_be\/\",\"name\":\"INZAIN Cycling EXPERIENCES\",\"description\":\"Cyckling Adventures  - for everyone\",\"publisher\":{\"@id\":\"https:\/\/inzain.bike\/fr_be\/#organization\"},\"alternateName\":\"INZAIN Gravel & Travel\",\"potentialAction\":[{\"@type\":\"SearchAction\",\"target\":{\"@type\":\"EntryPoint\",\"urlTemplate\":\"https:\/\/inzain.bike\/fr_be\/?s={search_term_string}\"},\"query-input\":{\"@type\":\"PropertyValueSpecification\",\"valueRequired\":true,\"valueName\":\"search_term_string\"}}],\"inLanguage\":\"en-US\"},{\"@type\":\"Organization\",\"@id\":\"https:\/\/inzain.bike\/fr_be\/#organization\",\"name\":\"INZAIN Cycling EXPERIENCES\",\"url\":\"https:\/\/inzain.bike\/fr_be\/\",\"logo\":{\"@type\":\"ImageObject\",\"inLanguage\":\"en-US\",\"@id\":\"https:\/\/inzain.bike\/fr_be\/#\/schema\/logo\/image\/\",\"url\":\"https:\/\/i0.wp.com\/inzain.bike\/wp-content\/uploads\/2023\/09\/cropped-INZAIN_512x512_white.png?fit=512%2C512&ssl=1\",\"contentUrl\":\"https:\/\/i0.wp.com\/inzain.bike\/wp-content\/uploads\/2023\/09\/cropped-INZAIN_512x512_white.png?fit=512%2C512&ssl=1\",\"width\":512,\"height\":512,\"caption\":\"INZAIN Cycling EXPERIENCES\"},\"image\":{\"@id\":\"https:\/\/inzain.bike\/fr_be\/#\/schema\/logo\/image\/\"},\"sameAs\":[\"https:\/\/www.facebook.com\/Inzain.bike\",\"https:\/\/www.instagram.com\/inzainbike\"]}]}<\/script>\n<!-- \/ Yoast SEO plugin. -->","yoast_head_json":{"title":"Archipelago Raid 2025 - INZAIN Cycling EXPERIENCES","robots":{"index":"index","follow":"follow","max-snippet":"max-snippet:-1","max-image-preview":"max-image-preview:large","max-video-preview":"max-video-preview:-1"},"canonical":"https:\/\/inzain.bike\/en\/apr25\/","og_locale":"en_US","og_type":"article","og_title":"Archipelago Raid 2025 - INZAIN Cycling EXPERIENCES","og_description":"V\u00e4lkommen till en fantastisk tur i Stockholms Sk\u00e4rg\u00e5rd N\u00e4r: 29 Juni 2025Var: V\u00e4rmd\u00f6\/Djur\u00f6\/Vind\u00f6Hur: Start och m\u00e5l i GrisslingePris: GratisInfo: Ett bageri k\u00f6r ut fika till en strand. Man best\u00e4ller &amp; betalar vid anm\u00e4lan Det h\u00e4r \u00e4r en riktigt sp\u00e4nnande tur ut i sk\u00e4rg\u00e5rden. Start vid Grisslinge, (d\u00e4r finns ett bra fik f\u00f6r pre\/post ride fika). [&hellip;]","og_url":"https:\/\/inzain.bike\/en\/apr25\/","og_site_name":"INZAIN Cycling EXPERIENCES","article_publisher":"https:\/\/www.facebook.com\/Inzain.bike","article_modified_time":"2025-06-25T06:28:46+00:00","og_image":[{"url":"https:\/\/inzain.bike\/wp-content\/uploads\/2022\/08\/fully.jpg","type":"","width":"","height":""}],"twitter_card":"summary_large_image","twitter_misc":{"Est. reading time":"3 minutes"},"schema":{"@context":"https:\/\/schema.org","@graph":[{"@type":"WebPage","@id":"https:\/\/inzain.bike\/es\/apr25\/","url":"https:\/\/inzain.bike\/es\/apr25\/","name":"Archipelago Raid 2025 - INZAIN Cycling EXPERIENCES","isPartOf":{"@id":"https:\/\/inzain.bike\/fr_be\/#website"},"primaryImageOfPage":{"@id":"https:\/\/inzain.bike\/es\/apr25\/#primaryimage"},"image":{"@id":"https:\/\/inzain.bike\/es\/apr25\/#primaryimage"},"thumbnailUrl":"https:\/\/inzain.bike\/wp-content\/uploads\/2022\/08\/fully.jpg","datePublished":"2025-06-02T18:32:31+00:00","dateModified":"2025-06-25T06:28:46+00:00","breadcrumb":{"@id":"https:\/\/inzain.bike\/es\/apr25\/#breadcrumb"},"inLanguage":"en-US","potentialAction":[{"@type":"ReadAction","target":["https:\/\/inzain.bike\/es\/apr25\/"]}]},{"@type":"ImageObject","inLanguage":"en-US","@id":"https:\/\/inzain.bike\/es\/apr25\/#primaryimage","url":"https:\/\/inzain.bike\/wp-content\/uploads\/2022\/08\/fully.jpg","contentUrl":"https:\/\/inzain.bike\/wp-content\/uploads\/2022\/08\/fully.jpg"},{"@type":"BreadcrumbList","@id":"https:\/\/inzain.bike\/es\/apr25\/#breadcrumb","itemListElement":[{"@type":"ListItem","position":1,"name":"Hem","item":"https:\/\/inzain.bike\/fr_be\/"},{"@type":"ListItem","position":2,"name":"Archipelago Raid 2025"}]},{"@type":"WebSite","@id":"https:\/\/inzain.bike\/fr_be\/#website","url":"https:\/\/inzain.bike\/fr_be\/","name":"INZAIN Cycling EXPERIENCES","description":"Cycling Adventures - for everyone","publisher":{"@id":"https:\/\/inzain.bike\/fr_be\/#organization"},"alternateName":"INZAIN Gravel & Travel","potentialAction":[{"@type":"SearchAction","target":{"@type":"EntryPoint","urlTemplate":"https:\/\/inzain.bike\/fr_be\/?s={search_term_string}"},"query-input":{"@type":"PropertyValueSpecification","valueRequired":true,"valueName":"search_term_string"}}],"inLanguage":"en-US"},{"@type":"Organization","@id":"https:\/\/inzain.bike\/fr_be\/#organization","name":"INZAIN Cycling EXPERIENCES","url":"https:\/\/inzain.bike\/fr_be\/","logo":{"@type":"ImageObject","inLanguage":"en-US","@id":"https:\/\/inzain.bike\/fr_be\/#\/schema\/logo\/image\/","url":"https:\/\/i0.wp.com\/inzain.bike\/wp-content\/uploads\/2023\/09\/cropped-INZAIN_512x512_white.png?fit=512%2C512&ssl=1","contentUrl":"https:\/\/i0.wp.com\/inzain.bike\/wp-content\/uploads\/2023\/09\/cropped-INZAIN_512x512_white.png?fit=512%2C512&ssl=1","width":512,"height":512,"caption":"INZAIN Cycling EXPERIENCES"},"image":{"@id":"https:\/\/inzain.bike\/fr_be\/#\/schema\/logo\/image\/"},"sameAs":["https:\/\/www.facebook.com\/Inzain.bike","https:\/\/www.instagram.com\/inzainbike"]}]}},"amp_enabled":true,"_links":{"self":[{"href":"https:\/\/inzain.bike\/en\/wp-json\/wp\/v2\/pages\/8144","targetHints":{"allow":["GET"]}}],"collection":[{"href":"https:\/\/inzain.bike\/en\/wp-json\/wp\/v2\/pages"}],"about":[{"href":"https:\/\/inzain.bike\/en\/wp-json\/wp\/v2\/types\/page"}],"author":[{"embeddable":true,"href":"https:\/\/inzain.bike\/en\/wp-json\/wp\/v2\/users\/203917875"}],"replies":[{"embeddable":true,"href":"https:\/\/inzain.bike\/en\/wp-json\/wp\/v2\/comments?post=8144"}],"version-history":[{"count":5,"href":"https:\/\/inzain.bike\/en\/wp-json\/wp\/v2\/pages\/8144\/revisions"}],"predecessor-version":[{"id":8160,"href":"https:\/\/inzain.bike\/en\/wp-json\/wp\/v2\/pages\/8144\/revisions\/8160"}],"wp:attachment":[{"href":"https:\/\/inzain.bike\/en\/wp-json\/wp\/v2\/media?parent=8144"}],"curies":[{"name":"wp","href":"https:\/\/api.w.org\/{rel}","templated":true}]}}