{"id":8906,"date":"2025-11-02T19:33:02","date_gmt":"2025-11-02T18:33:02","guid":{"rendered":"https:\/\/inzain.bike\/?page_id=8906"},"modified":"2026-01-12T14:22:08","modified_gmt":"2026-01-12T13:22:08","slug":"social-rides","status":"publish","type":"page","link":"https:\/\/inzain.bike\/en\/social-rides\/","title":{"rendered":"Social Rides"},"content":{"rendered":"<figure class=\"wp-block-embed is-type-video is-provider-youtube wp-block-embed-youtube wp-embed-aspect-16-9 wp-has-aspect-ratio\"><div class=\"wp-block-embed__wrapper\">\n<iframe loading=\"lazy\" title=\"My Year In Gravel 2025\" width=\"500\" height=\"281\" src=\"https:\/\/www.youtube.com\/embed\/P9BJSE-x1uE?feature=oembed\" frameborder=\"0\" allow=\"accelerometer; autoplay; clipboard-write; encrypted-media; gyroscope; picture-in-picture; web-share\" referrerpolicy=\"strict-origin-when-cross-origin\" allowfullscreen><\/iframe>\n<\/div><\/figure>\n\n\n\n<p>We arrange two Social Rides per week, weather and season permitting. Everyone is welcome to attend these. We advertise them on Facebook in the group <a href=\"https:\/\/www.facebook.com\/groups\/gravelbikesweden\" target=\"_blank\" rel=\"noreferrer noopener\">Gravel Bike Sweden<\/a> and on Strava in <a href=\"https:\/\/www.strava.com\/clubs\/gravelbikesweden\" target=\"_blank\" rel=\"noreferrer noopener\">Strava Club <\/a>with the same name.<\/p>\n\n\n\n<p>Common to these is that we cycle together and no one is dropped, while at the same time we require that participants be able to maintain a certain average speed specified at the event, usually 20 km\/h but this can vary.<\/p>\n\n\n\n<p><strong>Dual Speed<\/strong><br>We have two variations of the route. We will ride together most of the time, but will also include one or more free-paced sections and segments where we present the results after the event. We think this can be a good way to get your energy out, but at the same time keep things fun.<\/p>\n\n\n\n<p><strong>The INZAIN Score<\/strong><\/p>\n\n\n\n<p>Throughout 2026, we are running a competition, The INZAIN Score. Points are collected throughout the year and those with the most points at the end of the season can win great prizes such as a trip with us, why not Tuscany for example?<\/p>\n\n\n\n<p>Read more about The INZAIN Score <a href=\"https:\/\/inzain.bike\/en\/the-inzain-score\/\">here<\/a>.<\/p>\n\n\n\n<p><strong>What do we stand for?<\/strong><\/p>\n\n\n\n<p>We want these tours to be enjoyable, fun and moderately challenging. We always place great importance on them having a good route, preferably with one or more special things, such as a sight, an interesting object or something else.<\/p>\n\n\n\n<p>We are also careful about lunch and coffee breaks, we always choose very nice places.<br>We have had coffee delivered to the beaches, we have had places open specially for us and much more. INZAIN sometimes offers a barbecue with drinks. It is also common for us to have booked and pre-ordered food, all so that it goes smoothly once we are there.<\/p>\n\n\n\n<p>We don&#039;t ride on a fixed day of the week, but want to be able to choose the day according to the weather. We want cycling to be fun and bad weather is not so fun, if it can be avoided.<\/p>\n\n\n\n<figure class=\"wp-block-image size-large\"><img loading=\"lazy\" decoding=\"async\" width=\"1024\" height=\"669\" src=\"https:\/\/inzain.bike\/wp-content\/uploads\/2025\/11\/IMG-20250802-WA0002-1024x669.jpg\" alt=\"\" class=\"wp-image-8909\" srcset=\"https:\/\/inzain.bike\/wp-content\/uploads\/2025\/11\/IMG-20250802-WA0002-1024x669.jpg 1024w, https:\/\/inzain.bike\/wp-content\/uploads\/2025\/11\/IMG-20250802-WA0002-300x196.jpg 300w, https:\/\/inzain.bike\/wp-content\/uploads\/2025\/11\/IMG-20250802-WA0002-768x502.jpg 768w, https:\/\/inzain.bike\/wp-content\/uploads\/2025\/11\/IMG-20250802-WA0002-1536x1004.jpg 1536w, https:\/\/inzain.bike\/wp-content\/uploads\/2025\/11\/IMG-20250802-WA0002-18x12.jpg 18w, https:\/\/inzain.bike\/wp-content\/uploads\/2025\/11\/IMG-20250802-WA0002-600x392.jpg 600w, https:\/\/inzain.bike\/wp-content\/uploads\/2025\/11\/IMG-20250802-WA0002.jpg 1600w\" sizes=\"auto, (max-width: 1024px) 100vw, 1024px\" \/><\/figure>\n\n\n\n<p>We have a WhatsApp group that is primarily used to communicate during the ride, maybe someone will get a tip or help in some other way. We also advertise upcoming rides in this group.<\/p>\n\n\n\n<p>You are welcome to join us on the tour.<\/p>\n\n\n\n<p>Gravel? It&#039;s INZAIN!<br><\/p>\n\n\n\n<hr class=\"wp-block-separator has-alpha-channel-opacity\"\/>\n\n\n\n<p>Warm welcome!<\/p>\n\n\n\n<p>Planned tours for 2026 \u2013 Dates not set for all yet so stay tuned.<br><br>INZAIN Mariefred \u2013 Dunker Loop \ud83c\udd95 4<br>INZAIN 500 Degrees of \ud83c\udd95 5<br>INZAIN Gnesta Nyk\u00f6ping loop \ud83c\udd95 6<br>INZAIN Dalar\u00f6 3P \ud83c\udd95 7<br>INZAIN 100 mile (old IGG)\ud83c\udd95 8<br>INZAIN Uppsala Century \ud83c\udd95 9<br>INZAIN Golf Romeo Uniform Sierra \ud83c\udd95 10<br>INZAIN Norrt\u00e4lje V\u00e4t\u00f6 \ud83c\udd95 11<br>INZAIN Yxlan &amp; Blid\u00f6 \ud83e\uddea 12<br>INZAIN Furusund -&gt; Upplands V\u00e4sby \ud83c\udd95 13<br>INZAIN Fathers Town Ride\ud83c\udd95 14<br>INZAIN Mariefred Str\u00e4ngn\u00e4s\ud83c\udd95 15<br>Gravel SALA 16<br>INZAIN Fist mill \ud83c\udd95 17<br>INZAIN Around the B\u00e5ven \ud83c\udd95 18<br>INZAIN GIMO \ud83c\udd95 19<br>INZAIN The Dater Around \ud83c\udd95 20<br>INZAIN Uppsala B\u00e5lsta 2026 \ud83c\udd95 21<br>INZAIN December Tailwind Groads 22<br>INZAIN Stigtomta \ud83c\udd95 23<br>INZAIN Enk\u00f6ping Forsby mill \ud83c\udd95 24<br>INZAIN Pleasure trip OUT!! 26<br>INZAIN Bears &amp; Birch 28<br>INZAIN The Beech Forest and Border Island Raid \ud83c\udd95 29<br>INZAIN Uppsala B\u00e5lsta in a new way \ud83c\udd95 29<br>INZAIN Stigtomta Loop \ud83c\udd95 31<br>INZAIN Twin Peaks Nyn\u00e4s 32<br>INZAIN Tarte Flamb\u00e9e 33<br>INZAIN There &amp; Back Again 34<br>INZAIN Archipelago Raid 2026 \ud83c\udd95 35<br>INZAIN Hot Island Adventure 36<br>INZAIN Blue Salmon Lagoon 37<br>INZAIN Sela\u00f6n \ud83c\udd95 38<br>INZAIN The Old &amp; New Ride Short 39<br>INZAIN A ride in burnt land \ud83c\udd95 40<br>INZAIN The Double Nose Ride 41<br>INZAIN Laggers Bay Ride 42<br>INZAIN CookieCastle &amp; Sharp Skerry \ud83c\udd95 43<br>INZAIN Uppsala Vattholma (Power Islet) 44<br>INZAIN The Cardamon Knife Ride 45<br>INZAIN Tatin 46<br>Lis\u00f6 WIP \ud83e\uddea 47<br>V\u00e4t\u00f6 Tour WIP \ud83e\uddea 48<br>AW INZAIN \u2013 The Buffalo Raid 50<br>AW INZAIN \u2013 Nebuchadnezzar&#039;s Casque 51<br>AW INZAIN Faroe Islands 52<br>AW INZAIN Two Island Dash \u2013 Fall Edition 53<br>AW INZAIN Nighthawk Ramble \ud83c\udd95 54<br>AW INZAIN South 2 South 56<br>AW INZAIN Night Wolverine 57<br>AW INZAIN The North Path 58<br>AW INZAIN Ways of Water 2025 60<br>AW INZAIN Three Bays Ride 61<br>AW INZAIN The Golden Hour Raid 62<br>AW INZAIN Chase The Sun 63<br>AW INZAIN The Wicked East \u2013 Short 64<br>AW INZAIN The Kinder Egg Ride 65<br>AW INZAIN Madame Maya&#039;s Summer Mystery 66<br>AW INZAIN The AllRoad Raid 67<br>AW INZAIN \u2013 The Hills &amp; Sightseeing Ride 68<br>AW INZAIN The Sun &amp; Fun Ride 69<br>AW INZAIN Sundown Ride \u2013 A pleasure ride 70<br>AW INZAIN Dusk Patrol 71<br>AW INZAIN Northern Light 72<br>AW INZAIN Dark Water Ride 73<br>AW INZAIN Septentrional Ride 74<br>AW INZAIN The Twin Peaks Ride 75<\/p>\n\n\n\n<p><br><br><\/p>\n\n\n\n<p><br><\/p>","protected":false},"excerpt":{"rendered":"<p>Vi arrangerar tv\u00e5 Social Rides per vecka, n\u00e4r v\u00e4der och s\u00e4song till\u00e5ter. Alla \u00e4r v\u00e4lkomna p\u00e5 dessa. Vi annonserar dem p\u00e5 Facebook i gruppen Gravel Bike Sweden och p\u00e5 Strava i Stravaklubben med samma namn. Gemensamt f\u00f6r dessa \u00e4r vi cyklar tillsammans och ingen droppas, samtidigt som vi st\u00e4ller krav att deltagare ska kunna h\u00e5lla [&hellip;]<\/p>\n","protected":false},"author":203917875,"featured_media":0,"parent":0,"menu_order":0,"comment_status":"closed","ping_status":"closed","template":"","meta":{"_coblocks_attr":"","_coblocks_dimensions":"","_coblocks_responsive_height":"","_coblocks_accordion_ie_support":"","footnotes":""},"class_list":["post-8906","page","type-page","status-publish","hentry"],"yoast_head":"<!-- This site is optimized with the Yoast SEO plugin v27.2 - https:\/\/yoast.com\/product\/yoast-seo-wordpress\/ -->\n<title>Social Rides - INZAIN Cycling EXPERIENCES<\/title>\n<meta name=\"robots\" content=\"index, follow, max-snippet:-1, max-image-preview:large, max-video-preview:-1\" \/>\n<link rel=\"canonical\" href=\"https:\/\/inzain.bike\/en\/social-rides\/\" \/>\n<meta property=\"og:locale\" content=\"en_US\" \/>\n<meta property=\"og:type\" content=\"article\" \/>\n<meta property=\"og:title\" content=\"Social Rides - INZAIN Cycling EXPERIENCES\" \/>\n<meta property=\"og:description\" content=\"Vi arrangerar tv\u00e5 Social Rides per vecka, n\u00e4r v\u00e4der och s\u00e4song till\u00e5ter. Alla \u00e4r v\u00e4lkomna p\u00e5 dessa. Vi annonserar dem p\u00e5 Facebook i gruppen Gravel Bike Sweden och p\u00e5 Strava i Stravaklubben med samma namn. Gemensamt f\u00f6r dessa \u00e4r vi cyklar tillsammans och ingen droppas, samtidigt som vi st\u00e4ller krav att deltagare ska kunna h\u00e5lla [&hellip;]\" \/>\n<meta property=\"og:url\" content=\"https:\/\/inzain.bike\/en\/social-rides\/\" \/>\n<meta property=\"og:site_name\" content=\"INZAIN Cycling EXPERIENCES\" \/>\n<meta property=\"article:publisher\" content=\"https:\/\/www.facebook.com\/Inzain.bike\" \/>\n<meta property=\"article:modified_time\" content=\"2026-01-12T13:22:08+00:00\" \/>\n<meta property=\"og:image\" content=\"https:\/\/inzain.bike\/wp-content\/uploads\/2025\/11\/IMG-20250802-WA0002.jpg\" \/>\n\t<meta property=\"og:image:width\" content=\"1600\" \/>\n\t<meta property=\"og:image:height\" content=\"1046\" \/>\n\t<meta property=\"og:image:type\" content=\"image\/jpeg\" \/>\n<meta name=\"twitter:card\" content=\"summary_large_image\" \/>\n<meta name=\"twitter:label1\" content=\"Est. reading time\" \/>\n\t<meta name=\"twitter:data1\" content=\"4 minutes\" \/>\n<script type=\"application\/ld+json\" class=\"yoast-schema-graph\">{\"@context\":\"https:\/\/schema.org\",\"@graph\":[{\"@type\":\"WebPage\",\"@id\":\"https:\/\/inzain.bike\/social-rides\/\",\"url\":\"https:\/\/inzain.bike\/social-rides\/\",\"name\":\"Social Rides - INZAIN Cycling EXPERIENCES\",\"isPartOf\":{\"@id\":\"https:\/\/inzain.bike\/fr_be\/#website\"},\"primaryImageOfPage\":{\"@id\":\"https:\/\/inzain.bike\/social-rides\/#primaryimage\"},\"image\":{\"@id\":\"https:\/\/inzain.bike\/social-rides\/#primaryimage\"},\"thumbnailUrl\":\"https:\/\/inzain.bike\/wp-content\/uploads\/2025\/11\/IMG-20250802-WA0002-1024x669.jpg\",\"datePublished\":\"2025-11-02T18:33:02+00:00\",\"dateModified\":\"2026-01-12T13:22:08+00:00\",\"breadcrumb\":{\"@id\":\"https:\/\/inzain.bike\/social-rides\/#breadcrumb\"},\"inLanguage\":\"en-US\",\"potentialAction\":[{\"@type\":\"ReadAction\",\"target\":[\"https:\/\/inzain.bike\/social-rides\/\"]}]},{\"@type\":\"ImageObject\",\"inLanguage\":\"en-US\",\"@id\":\"https:\/\/inzain.bike\/social-rides\/#primaryimage\",\"url\":\"https:\/\/inzain.bike\/wp-content\/uploads\/2025\/11\/IMG-20250802-WA0002-1024x669.jpg\",\"contentUrl\":\"https:\/\/inzain.bike\/wp-content\/uploads\/2025\/11\/IMG-20250802-WA0002-1024x669.jpg\"},{\"@type\":\"BreadcrumbList\",\"@id\":\"https:\/\/inzain.bike\/social-rides\/#breadcrumb\",\"itemListElement\":[{\"@type\":\"ListItem\",\"position\":1,\"name\":\"Hem\",\"item\":\"https:\/\/inzain.bike\/fr_be\/\"},{\"@type\":\"ListItem\",\"position\":2,\"name\":\"Social Rides\"}]},{\"@type\":\"WebSite\",\"@id\":\"https:\/\/inzain.bike\/fr_be\/#website\",\"url\":\"https:\/\/inzain.bike\/fr_be\/\",\"name\":\"INZAIN Cycling EXPERIENCES\",\"description\":\"Cyckling Adventures  - for everyone\",\"publisher\":{\"@id\":\"https:\/\/inzain.bike\/fr_be\/#organization\"},\"alternateName\":\"INZAIN Gravel & Travel\",\"potentialAction\":[{\"@type\":\"SearchAction\",\"target\":{\"@type\":\"EntryPoint\",\"urlTemplate\":\"https:\/\/inzain.bike\/fr_be\/?s={search_term_string}\"},\"query-input\":{\"@type\":\"PropertyValueSpecification\",\"valueRequired\":true,\"valueName\":\"search_term_string\"}}],\"inLanguage\":\"en-US\"},{\"@type\":\"Organization\",\"@id\":\"https:\/\/inzain.bike\/fr_be\/#organization\",\"name\":\"INZAIN Cycling EXPERIENCES\",\"url\":\"https:\/\/inzain.bike\/fr_be\/\",\"logo\":{\"@type\":\"ImageObject\",\"inLanguage\":\"en-US\",\"@id\":\"https:\/\/inzain.bike\/fr_be\/#\/schema\/logo\/image\/\",\"url\":\"https:\/\/i0.wp.com\/inzain.bike\/wp-content\/uploads\/2023\/09\/cropped-INZAIN_512x512_white.png?fit=512%2C512&ssl=1\",\"contentUrl\":\"https:\/\/i0.wp.com\/inzain.bike\/wp-content\/uploads\/2023\/09\/cropped-INZAIN_512x512_white.png?fit=512%2C512&ssl=1\",\"width\":512,\"height\":512,\"caption\":\"INZAIN Cycling EXPERIENCES\"},\"image\":{\"@id\":\"https:\/\/inzain.bike\/fr_be\/#\/schema\/logo\/image\/\"},\"sameAs\":[\"https:\/\/www.facebook.com\/Inzain.bike\",\"https:\/\/www.instagram.com\/inzainbike\"]}]}<\/script>\n<!-- \/ Yoast SEO plugin. -->","yoast_head_json":{"title":"Social Rides - INZAIN Cycling EXPERIENCES","robots":{"index":"index","follow":"follow","max-snippet":"max-snippet:-1","max-image-preview":"max-image-preview:large","max-video-preview":"max-video-preview:-1"},"canonical":"https:\/\/inzain.bike\/en\/social-rides\/","og_locale":"en_US","og_type":"article","og_title":"Social Rides - INZAIN Cycling EXPERIENCES","og_description":"Vi arrangerar tv\u00e5 Social Rides per vecka, n\u00e4r v\u00e4der och s\u00e4song till\u00e5ter. Alla \u00e4r v\u00e4lkomna p\u00e5 dessa. Vi annonserar dem p\u00e5 Facebook i gruppen Gravel Bike Sweden och p\u00e5 Strava i Stravaklubben med samma namn. Gemensamt f\u00f6r dessa \u00e4r vi cyklar tillsammans och ingen droppas, samtidigt som vi st\u00e4ller krav att deltagare ska kunna h\u00e5lla [&hellip;]","og_url":"https:\/\/inzain.bike\/en\/social-rides\/","og_site_name":"INZAIN Cycling EXPERIENCES","article_publisher":"https:\/\/www.facebook.com\/Inzain.bike","article_modified_time":"2026-01-12T13:22:08+00:00","og_image":[{"width":1600,"height":1046,"url":"https:\/\/inzain.bike\/wp-content\/uploads\/2025\/11\/IMG-20250802-WA0002.jpg","type":"image\/jpeg"}],"twitter_card":"summary_large_image","twitter_misc":{"Est. reading time":"4 minutes"},"schema":{"@context":"https:\/\/schema.org","@graph":[{"@type":"WebPage","@id":"https:\/\/inzain.bike\/social-rides\/","url":"https:\/\/inzain.bike\/social-rides\/","name":"Social Rides - INZAIN Cycling EXPERIENCES","isPartOf":{"@id":"https:\/\/inzain.bike\/fr_be\/#website"},"primaryImageOfPage":{"@id":"https:\/\/inzain.bike\/social-rides\/#primaryimage"},"image":{"@id":"https:\/\/inzain.bike\/social-rides\/#primaryimage"},"thumbnailUrl":"https:\/\/inzain.bike\/wp-content\/uploads\/2025\/11\/IMG-20250802-WA0002-1024x669.jpg","datePublished":"2025-11-02T18:33:02+00:00","dateModified":"2026-01-12T13:22:08+00:00","breadcrumb":{"@id":"https:\/\/inzain.bike\/social-rides\/#breadcrumb"},"inLanguage":"en-US","potentialAction":[{"@type":"ReadAction","target":["https:\/\/inzain.bike\/social-rides\/"]}]},{"@type":"ImageObject","inLanguage":"en-US","@id":"https:\/\/inzain.bike\/social-rides\/#primaryimage","url":"https:\/\/inzain.bike\/wp-content\/uploads\/2025\/11\/IMG-20250802-WA0002-1024x669.jpg","contentUrl":"https:\/\/inzain.bike\/wp-content\/uploads\/2025\/11\/IMG-20250802-WA0002-1024x669.jpg"},{"@type":"BreadcrumbList","@id":"https:\/\/inzain.bike\/social-rides\/#breadcrumb","itemListElement":[{"@type":"ListItem","position":1,"name":"Hem","item":"https:\/\/inzain.bike\/fr_be\/"},{"@type":"ListItem","position":2,"name":"Social Rides"}]},{"@type":"WebSite","@id":"https:\/\/inzain.bike\/fr_be\/#website","url":"https:\/\/inzain.bike\/fr_be\/","name":"INZAIN Cycling EXPERIENCES","description":"Cycling Adventures - for everyone","publisher":{"@id":"https:\/\/inzain.bike\/fr_be\/#organization"},"alternateName":"INZAIN Gravel & Travel","potentialAction":[{"@type":"SearchAction","target":{"@type":"EntryPoint","urlTemplate":"https:\/\/inzain.bike\/fr_be\/?s={search_term_string}"},"query-input":{"@type":"PropertyValueSpecification","valueRequired":true,"valueName":"search_term_string"}}],"inLanguage":"en-US"},{"@type":"Organization","@id":"https:\/\/inzain.bike\/fr_be\/#organization","name":"INZAIN Cycling EXPERIENCES","url":"https:\/\/inzain.bike\/fr_be\/","logo":{"@type":"ImageObject","inLanguage":"en-US","@id":"https:\/\/inzain.bike\/fr_be\/#\/schema\/logo\/image\/","url":"https:\/\/i0.wp.com\/inzain.bike\/wp-content\/uploads\/2023\/09\/cropped-INZAIN_512x512_white.png?fit=512%2C512&ssl=1","contentUrl":"https:\/\/i0.wp.com\/inzain.bike\/wp-content\/uploads\/2023\/09\/cropped-INZAIN_512x512_white.png?fit=512%2C512&ssl=1","width":512,"height":512,"caption":"INZAIN Cycling EXPERIENCES"},"image":{"@id":"https:\/\/inzain.bike\/fr_be\/#\/schema\/logo\/image\/"},"sameAs":["https:\/\/www.facebook.com\/Inzain.bike","https:\/\/www.instagram.com\/inzainbike"]}]}},"amp_enabled":true,"_links":{"self":[{"href":"https:\/\/inzain.bike\/en\/wp-json\/wp\/v2\/pages\/8906","targetHints":{"allow":["GET"]}}],"collection":[{"href":"https:\/\/inzain.bike\/en\/wp-json\/wp\/v2\/pages"}],"about":[{"href":"https:\/\/inzain.bike\/en\/wp-json\/wp\/v2\/types\/page"}],"author":[{"embeddable":true,"href":"https:\/\/inzain.bike\/en\/wp-json\/wp\/v2\/users\/203917875"}],"replies":[{"embeddable":true,"href":"https:\/\/inzain.bike\/en\/wp-json\/wp\/v2\/comments?post=8906"}],"version-history":[{"count":4,"href":"https:\/\/inzain.bike\/en\/wp-json\/wp\/v2\/pages\/8906\/revisions"}],"predecessor-version":[{"id":9081,"href":"https:\/\/inzain.bike\/en\/wp-json\/wp\/v2\/pages\/8906\/revisions\/9081"}],"wp:attachment":[{"href":"https:\/\/inzain.bike\/en\/wp-json\/wp\/v2\/media?parent=8906"}],"curies":[{"name":"wp","href":"https:\/\/api.w.org\/{rel}","templated":true}]}}