{"id":9017,"date":"2026-01-11T16:43:46","date_gmt":"2026-01-11T15:43:46","guid":{"rendered":"https:\/\/inzain.bike\/?page_id=9017"},"modified":"2026-01-18T11:36:25","modified_gmt":"2026-01-18T10:36:25","slug":"gir26-cycling","status":"publish","type":"page","link":"https:\/\/inzain.bike\/en\/gir26-cycling\/","title":{"rendered":"Girona 2026 Cycling"},"content":{"rendered":"<div class=\"wp-block-columns alignwide is-layout-flex wp-container-core-columns-is-layout-28f84493 wp-block-columns-is-layout-flex\">\n<div class=\"wp-block-column is-layout-flow wp-block-column-is-layout-flow\">\n<figure class=\"wp-block-image size-large\"><img loading=\"lazy\" decoding=\"async\" width=\"1024\" height=\"576\" src=\"https:\/\/inzain.bike\/wp-content\/uploads\/2026\/01\/DSC03483-ARW_DxO_DeepPRIME-2-1-1024x576.jpg\" alt=\"\" class=\"wp-image-9062\" srcset=\"https:\/\/inzain.bike\/wp-content\/uploads\/2026\/01\/DSC03483-ARW_DxO_DeepPRIME-2-1-1024x576.jpg 1024w, https:\/\/inzain.bike\/wp-content\/uploads\/2026\/01\/DSC03483-ARW_DxO_DeepPRIME-2-1-300x169.jpg 300w, https:\/\/inzain.bike\/wp-content\/uploads\/2026\/01\/DSC03483-ARW_DxO_DeepPRIME-2-1-768x432.jpg 768w, https:\/\/inzain.bike\/wp-content\/uploads\/2026\/01\/DSC03483-ARW_DxO_DeepPRIME-2-1-1536x864.jpg 1536w, https:\/\/inzain.bike\/wp-content\/uploads\/2026\/01\/DSC03483-ARW_DxO_DeepPRIME-2-1-2048x1152.jpg 2048w, https:\/\/inzain.bike\/wp-content\/uploads\/2026\/01\/DSC03483-ARW_DxO_DeepPRIME-2-1-18x10.jpg 18w, https:\/\/inzain.bike\/wp-content\/uploads\/2026\/01\/DSC03483-ARW_DxO_DeepPRIME-2-1-600x337.jpg 600w\" sizes=\"auto, (max-width: 1024px) 100vw, 1024px\" \/><\/figure>\n\n\n\n<p><strong>Routes<\/strong><\/p>\n\n\n\n<p>Our local guides will take us on five fantastic tours. We have a planned rest day. It can be used to relax by the pool, maybe go on a nice excursion or, for those who want, a bike ride. We have lots of great extra routes to offer.<\/p>\n\n\n\n<p><strong>Speed groups<\/strong><br>We have two guides who will keep different speeds, choose the one that suits the day, a little faster or a little more leisurely. Of course, we will always keep all the groups together, just like we always do.<\/p>\n\n\n\n<p><strong>Cycle<\/strong><br>Bring your own, or rent a really good gravel bike on site. If you do, it will be delivered to the house.<\/p>\n\n\n\n<figure class=\"wp-block-image size-full\"><img decoding=\"async\" src=\"https:\/\/inzain.bike\/wp-content\/uploads\/2026\/01\/Z9B_3689.jpg\" alt=\"\" class=\"wp-image-9030\"\/><\/figure>\n\n\n\n<p><strong>Rider&#039;s Guide<\/strong><br>As usual, everyone will receive our famous Riders Guide. It is packed with information about all the tours and variants. About two weeks before departure we will hold an information meeting when it is presented and you will have a chance to meet both hosts and cycling friends. It contains of course all the routes for download but also detailed descriptions of the tours.<\/p>\n\n\n\n<p><strong>Schedule<\/strong><br><strong>Day one<\/strong> <br>Arrival, bike assembly, check-in, short checkout ride.<br><br><strong>Day two<\/strong><br>We set off on a very beautiful trip. It is 85 km and takes us to a medieval village and several nice cafes.<\/p>\n\n\n\n<p><strong>Day Three<\/strong><br>95 km We cycle along the beautiful coast of the Costa Brava, we stop for a swim, for those who want. For lunch we eat seafood of course.<br><br><strong>Day four<\/strong><br>A slightly longer trip, 100 km of winding dirt roads and wine fields. We are treated to a lovely lunch and a surprise.<br><br><strong>Day five<\/strong><br>Rest day \u2013 Excursion, hang out by the pool or take a trip on your own, we have routes on both gravel and country roads.<br>If you choose an excursion, the Dali Museum might be appealing, or Barcelona, or all the cafes in Girona, so many choices.<br><br><strong>Day six<\/strong><br>90 km towards the Pyrenees, fantastic views and small wonderful roads. This is a real gem.<br><br><strong>Day seven<\/strong><br>80 km along iconic gravel roads, the variety here is enormous and on this day we take in most of the best.<br><br><strong>Day eight<\/strong><br>We pack our bikes and head to Barcelona for the return trip.<\/p>\n<\/div>\n<\/div>\n\n\n\n<p><\/p>","protected":false},"excerpt":{"rendered":"<p>Rutter V\u00e5ra lokala guider tar med oss p\u00e5 fem fantastiska turer. Vi har en inplanerad vilodag. Den kan anv\u00e4ndas till att koppla av vid poolen, kanske g\u00f6ra en trevlig utflykt eller, f\u00f6r den som vill, en cykeltur. Vi har massor med bra extra rutter att erbjuda. FartgrupperVi har tv\u00e5 guider som kommer h\u00e5lla olika fart, [&hellip;]<\/p>\n","protected":false},"author":203917875,"featured_media":0,"parent":0,"menu_order":0,"comment_status":"closed","ping_status":"closed","template":"","meta":{"_coblocks_attr":"","_coblocks_dimensions":"","_coblocks_responsive_height":"","_coblocks_accordion_ie_support":"","footnotes":""},"class_list":["post-9017","page","type-page","status-publish","hentry"],"yoast_head":"<!-- This site is optimized with the Yoast SEO plugin v27.2 - https:\/\/yoast.com\/product\/yoast-seo-wordpress\/ -->\n<title>Girona 2026 Cykling - INZAIN Cycling EXPERIENCES<\/title>\n<meta name=\"robots\" content=\"index, follow, max-snippet:-1, max-image-preview:large, max-video-preview:-1\" \/>\n<link rel=\"canonical\" href=\"https:\/\/inzain.bike\/en\/gir26-cycling\/\" \/>\n<meta property=\"og:locale\" content=\"en_US\" \/>\n<meta property=\"og:type\" content=\"article\" \/>\n<meta property=\"og:title\" content=\"Girona 2026 Cykling - INZAIN Cycling EXPERIENCES\" \/>\n<meta property=\"og:description\" content=\"Rutter V\u00e5ra lokala guider tar med oss p\u00e5 fem fantastiska turer. Vi har en inplanerad vilodag. Den kan anv\u00e4ndas till att koppla av vid poolen, kanske g\u00f6ra en trevlig utflykt eller, f\u00f6r den som vill, en cykeltur. Vi har massor med bra extra rutter att erbjuda. FartgrupperVi har tv\u00e5 guider som kommer h\u00e5lla olika fart, [&hellip;]\" \/>\n<meta property=\"og:url\" content=\"https:\/\/inzain.bike\/en\/gir26-cycling\/\" \/>\n<meta property=\"og:site_name\" content=\"INZAIN Cycling EXPERIENCES\" \/>\n<meta property=\"article:publisher\" content=\"https:\/\/www.facebook.com\/Inzain.bike\" \/>\n<meta property=\"article:modified_time\" content=\"2026-01-18T10:36:25+00:00\" \/>\n<meta property=\"og:image\" content=\"https:\/\/inzain.bike\/wp-content\/uploads\/2026\/01\/DSC03483-ARW_DxO_DeepPRIME-2-1-scaled.jpg\" \/>\n\t<meta property=\"og:image:width\" content=\"2560\" \/>\n\t<meta property=\"og:image:height\" content=\"1440\" \/>\n\t<meta property=\"og:image:type\" content=\"image\/jpeg\" \/>\n<meta name=\"twitter:card\" content=\"summary_large_image\" \/>\n<meta name=\"twitter:label1\" content=\"Est. reading time\" \/>\n\t<meta name=\"twitter:data1\" content=\"3 minutes\" \/>\n<script type=\"application\/ld+json\" class=\"yoast-schema-graph\">{\"@context\":\"https:\/\/schema.org\",\"@graph\":[{\"@type\":\"WebPage\",\"@id\":\"https:\/\/inzain.bike\/gir26-cycling\/\",\"url\":\"https:\/\/inzain.bike\/gir26-cycling\/\",\"name\":\"Girona 2026 Cykling - INZAIN Cycling EXPERIENCES\",\"isPartOf\":{\"@id\":\"https:\/\/inzain.bike\/fr_be\/#website\"},\"primaryImageOfPage\":{\"@id\":\"https:\/\/inzain.bike\/gir26-cycling\/#primaryimage\"},\"image\":{\"@id\":\"https:\/\/inzain.bike\/gir26-cycling\/#primaryimage\"},\"thumbnailUrl\":\"https:\/\/inzain.bike\/wp-content\/uploads\/2026\/01\/DSC03483-ARW_DxO_DeepPRIME-2-1-1024x576.jpg\",\"datePublished\":\"2026-01-11T15:43:46+00:00\",\"dateModified\":\"2026-01-18T10:36:25+00:00\",\"breadcrumb\":{\"@id\":\"https:\/\/inzain.bike\/gir26-cycling\/#breadcrumb\"},\"inLanguage\":\"en-US\",\"potentialAction\":[{\"@type\":\"ReadAction\",\"target\":[\"https:\/\/inzain.bike\/gir26-cycling\/\"]}]},{\"@type\":\"ImageObject\",\"inLanguage\":\"en-US\",\"@id\":\"https:\/\/inzain.bike\/gir26-cycling\/#primaryimage\",\"url\":\"https:\/\/inzain.bike\/wp-content\/uploads\/2026\/01\/DSC03483-ARW_DxO_DeepPRIME-2-1-1024x576.jpg\",\"contentUrl\":\"https:\/\/inzain.bike\/wp-content\/uploads\/2026\/01\/DSC03483-ARW_DxO_DeepPRIME-2-1-1024x576.jpg\"},{\"@type\":\"BreadcrumbList\",\"@id\":\"https:\/\/inzain.bike\/gir26-cycling\/#breadcrumb\",\"itemListElement\":[{\"@type\":\"ListItem\",\"position\":1,\"name\":\"Hem\",\"item\":\"https:\/\/inzain.bike\/fr_be\/\"},{\"@type\":\"ListItem\",\"position\":2,\"name\":\"Girona 2026 Cykling\"}]},{\"@type\":\"WebSite\",\"@id\":\"https:\/\/inzain.bike\/fr_be\/#website\",\"url\":\"https:\/\/inzain.bike\/fr_be\/\",\"name\":\"INZAIN Cycling EXPERIENCES\",\"description\":\"Cyckling Adventures  - for everyone\",\"publisher\":{\"@id\":\"https:\/\/inzain.bike\/fr_be\/#organization\"},\"alternateName\":\"INZAIN Gravel & Travel\",\"potentialAction\":[{\"@type\":\"SearchAction\",\"target\":{\"@type\":\"EntryPoint\",\"urlTemplate\":\"https:\/\/inzain.bike\/fr_be\/?s={search_term_string}\"},\"query-input\":{\"@type\":\"PropertyValueSpecification\",\"valueRequired\":true,\"valueName\":\"search_term_string\"}}],\"inLanguage\":\"en-US\"},{\"@type\":\"Organization\",\"@id\":\"https:\/\/inzain.bike\/fr_be\/#organization\",\"name\":\"INZAIN Cycling EXPERIENCES\",\"url\":\"https:\/\/inzain.bike\/fr_be\/\",\"logo\":{\"@type\":\"ImageObject\",\"inLanguage\":\"en-US\",\"@id\":\"https:\/\/inzain.bike\/fr_be\/#\/schema\/logo\/image\/\",\"url\":\"https:\/\/i0.wp.com\/inzain.bike\/wp-content\/uploads\/2023\/09\/cropped-INZAIN_512x512_white.png?fit=512%2C512&ssl=1\",\"contentUrl\":\"https:\/\/i0.wp.com\/inzain.bike\/wp-content\/uploads\/2023\/09\/cropped-INZAIN_512x512_white.png?fit=512%2C512&ssl=1\",\"width\":512,\"height\":512,\"caption\":\"INZAIN Cycling EXPERIENCES\"},\"image\":{\"@id\":\"https:\/\/inzain.bike\/fr_be\/#\/schema\/logo\/image\/\"},\"sameAs\":[\"https:\/\/www.facebook.com\/Inzain.bike\",\"https:\/\/www.instagram.com\/inzainbike\"]}]}<\/script>\n<!-- \/ Yoast SEO plugin. -->","yoast_head_json":{"title":"Girona 2026 Cykling - INZAIN Cycling EXPERIENCES","robots":{"index":"index","follow":"follow","max-snippet":"max-snippet:-1","max-image-preview":"max-image-preview:large","max-video-preview":"max-video-preview:-1"},"canonical":"https:\/\/inzain.bike\/en\/gir26-cycling\/","og_locale":"en_US","og_type":"article","og_title":"Girona 2026 Cykling - INZAIN Cycling EXPERIENCES","og_description":"Rutter V\u00e5ra lokala guider tar med oss p\u00e5 fem fantastiska turer. Vi har en inplanerad vilodag. Den kan anv\u00e4ndas till att koppla av vid poolen, kanske g\u00f6ra en trevlig utflykt eller, f\u00f6r den som vill, en cykeltur. Vi har massor med bra extra rutter att erbjuda. FartgrupperVi har tv\u00e5 guider som kommer h\u00e5lla olika fart, [&hellip;]","og_url":"https:\/\/inzain.bike\/en\/gir26-cycling\/","og_site_name":"INZAIN Cycling EXPERIENCES","article_publisher":"https:\/\/www.facebook.com\/Inzain.bike","article_modified_time":"2026-01-18T10:36:25+00:00","og_image":[{"width":2560,"height":1440,"url":"https:\/\/inzain.bike\/wp-content\/uploads\/2026\/01\/DSC03483-ARW_DxO_DeepPRIME-2-1-scaled.jpg","type":"image\/jpeg"}],"twitter_card":"summary_large_image","twitter_misc":{"Est. reading time":"3 minutes"},"schema":{"@context":"https:\/\/schema.org","@graph":[{"@type":"WebPage","@id":"https:\/\/inzain.bike\/gir26-cycling\/","url":"https:\/\/inzain.bike\/gir26-cycling\/","name":"Girona 2026 Cykling - INZAIN Cycling EXPERIENCES","isPartOf":{"@id":"https:\/\/inzain.bike\/fr_be\/#website"},"primaryImageOfPage":{"@id":"https:\/\/inzain.bike\/gir26-cycling\/#primaryimage"},"image":{"@id":"https:\/\/inzain.bike\/gir26-cycling\/#primaryimage"},"thumbnailUrl":"https:\/\/inzain.bike\/wp-content\/uploads\/2026\/01\/DSC03483-ARW_DxO_DeepPRIME-2-1-1024x576.jpg","datePublished":"2026-01-11T15:43:46+00:00","dateModified":"2026-01-18T10:36:25+00:00","breadcrumb":{"@id":"https:\/\/inzain.bike\/gir26-cycling\/#breadcrumb"},"inLanguage":"en-US","potentialAction":[{"@type":"ReadAction","target":["https:\/\/inzain.bike\/gir26-cycling\/"]}]},{"@type":"ImageObject","inLanguage":"en-US","@id":"https:\/\/inzain.bike\/gir26-cycling\/#primaryimage","url":"https:\/\/inzain.bike\/wp-content\/uploads\/2026\/01\/DSC03483-ARW_DxO_DeepPRIME-2-1-1024x576.jpg","contentUrl":"https:\/\/inzain.bike\/wp-content\/uploads\/2026\/01\/DSC03483-ARW_DxO_DeepPRIME-2-1-1024x576.jpg"},{"@type":"BreadcrumbList","@id":"https:\/\/inzain.bike\/gir26-cycling\/#breadcrumb","itemListElement":[{"@type":"ListItem","position":1,"name":"Hem","item":"https:\/\/inzain.bike\/fr_be\/"},{"@type":"ListItem","position":2,"name":"Girona 2026 Cykling"}]},{"@type":"WebSite","@id":"https:\/\/inzain.bike\/fr_be\/#website","url":"https:\/\/inzain.bike\/fr_be\/","name":"INZAIN Cycling EXPERIENCES","description":"Cycling Adventures - for everyone","publisher":{"@id":"https:\/\/inzain.bike\/fr_be\/#organization"},"alternateName":"INZAIN Gravel & Travel","potentialAction":[{"@type":"SearchAction","target":{"@type":"EntryPoint","urlTemplate":"https:\/\/inzain.bike\/fr_be\/?s={search_term_string}"},"query-input":{"@type":"PropertyValueSpecification","valueRequired":true,"valueName":"search_term_string"}}],"inLanguage":"en-US"},{"@type":"Organization","@id":"https:\/\/inzain.bike\/fr_be\/#organization","name":"INZAIN Cycling EXPERIENCES","url":"https:\/\/inzain.bike\/fr_be\/","logo":{"@type":"ImageObject","inLanguage":"en-US","@id":"https:\/\/inzain.bike\/fr_be\/#\/schema\/logo\/image\/","url":"https:\/\/i0.wp.com\/inzain.bike\/wp-content\/uploads\/2023\/09\/cropped-INZAIN_512x512_white.png?fit=512%2C512&ssl=1","contentUrl":"https:\/\/i0.wp.com\/inzain.bike\/wp-content\/uploads\/2023\/09\/cropped-INZAIN_512x512_white.png?fit=512%2C512&ssl=1","width":512,"height":512,"caption":"INZAIN Cycling EXPERIENCES"},"image":{"@id":"https:\/\/inzain.bike\/fr_be\/#\/schema\/logo\/image\/"},"sameAs":["https:\/\/www.facebook.com\/Inzain.bike","https:\/\/www.instagram.com\/inzainbike"]}]}},"amp_enabled":true,"_links":{"self":[{"href":"https:\/\/inzain.bike\/en\/wp-json\/wp\/v2\/pages\/9017","targetHints":{"allow":["GET"]}}],"collection":[{"href":"https:\/\/inzain.bike\/en\/wp-json\/wp\/v2\/pages"}],"about":[{"href":"https:\/\/inzain.bike\/en\/wp-json\/wp\/v2\/types\/page"}],"author":[{"embeddable":true,"href":"https:\/\/inzain.bike\/en\/wp-json\/wp\/v2\/users\/203917875"}],"replies":[{"embeddable":true,"href":"https:\/\/inzain.bike\/en\/wp-json\/wp\/v2\/comments?post=9017"}],"version-history":[{"count":4,"href":"https:\/\/inzain.bike\/en\/wp-json\/wp\/v2\/pages\/9017\/revisions"}],"predecessor-version":[{"id":9135,"href":"https:\/\/inzain.bike\/en\/wp-json\/wp\/v2\/pages\/9017\/revisions\/9135"}],"wp:attachment":[{"href":"https:\/\/inzain.bike\/en\/wp-json\/wp\/v2\/media?parent=9017"}],"curies":[{"name":"wp","href":"https:\/\/api.w.org\/{rel}","templated":true}]}}