{"id":7625,"date":"2024-09-10T09:38:38","date_gmt":"2024-09-10T07:38:38","guid":{"rendered":"https:\/\/inzain.bike\/?post_type=product&#038;p=7625"},"modified":"2025-08-25T13:09:54","modified_gmt":"2025-08-25T11:09:54","slug":"bespoke_one_day","status":"publish","type":"product","link":"https:\/\/inzain.bike\/en\/product\/bespoke_one_day\/","title":{"rendered":"Customized One day"},"content":{"rendered":"<p>Tailor-made Gravel Cycling a full day.<\/p>\n<p>What is included?<br \/>\nGravel Bike Rental<br \/>\nGuide<br \/>\nLunch or coffee break<br \/>\nHelmet<br \/>\nHotel pickup<\/p>","protected":false},"excerpt":{"rendered":"<p>Tailor-made Gravel Cycling a full day.<\/p>\n<p>What is included?<br \/>\nGravel Bike Rental<br \/>\nGuide<br \/>\nLunch or coffee break<br \/>\nHelmet<br \/>\nHotel pickup<\/p>","protected":false},"featured_media":6962,"comment_status":"open","ping_status":"closed","template":"","meta":{"_coblocks_attr":"","_coblocks_dimensions":"","_coblocks_responsive_height":"","_coblocks_accordion_ie_support":""},"product_brand":[],"product_cat":[1374067],"product_tag":[],"class_list":{"0":"post-7625","1":"product","2":"type-product","3":"status-publish","4":"has-post-thumbnail","6":"product_cat-bespoke","8":"first","9":"instock","10":"virtual","11":"purchasable","12":"product-type-simple"},"composite_virtual":false,"composite_layout":"","composite_add_to_cart_form_location":"","composite_editable_in_cart":false,"composite_sold_individually_context":"","composite_shop_price_calc":"","composite_components":[],"composite_scenarios":[],"yoast_head":"<!-- This site is optimized with the Yoast SEO plugin v27.2 - https:\/\/yoast.com\/product\/yoast-seo-wordpress\/ -->\n<title>Skr\u00e4ddarsytt En dag - INZAIN Cycling EXPERIENCES<\/title>\n<meta name=\"robots\" content=\"index, follow, max-snippet:-1, max-image-preview:large, max-video-preview:-1\" \/>\n<link rel=\"canonical\" href=\"https:\/\/inzain.bike\/en\/product\/bespoke_one_day\/\" \/>\n<meta property=\"og:locale\" content=\"en_US\" \/>\n<meta property=\"og:type\" content=\"article\" \/>\n<meta property=\"og:title\" content=\"Skr\u00e4ddarsytt En dag - INZAIN Cycling EXPERIENCES\" \/>\n<meta property=\"og:description\" content=\"Skr\u00e4ddarsytt Gravel Cykling en full dag.  Vad ing\u00e5r? Hyra av Gravel Cykel Guide Lunch eller fika Hj\u00e4lm Upph\u00e4mtning vid hotell\" \/>\n<meta property=\"og:url\" content=\"https:\/\/inzain.bike\/en\/product\/bespoke_one_day\/\" \/>\n<meta property=\"og:site_name\" content=\"INZAIN Cycling EXPERIENCES\" \/>\n<meta property=\"article:publisher\" content=\"https:\/\/www.facebook.com\/Inzain.bike\" \/>\n<meta property=\"article:modified_time\" content=\"2025-08-25T11:09:54+00:00\" \/>\n<meta property=\"og:image\" content=\"https:\/\/inzain.bike\/wp-content\/uploads\/2024\/03\/bicycle.png\" \/>\n\t<meta property=\"og:image:width\" content=\"512\" \/>\n\t<meta property=\"og:image:height\" content=\"512\" \/>\n\t<meta property=\"og:image:type\" content=\"image\/png\" \/>\n<meta name=\"twitter:card\" content=\"summary_large_image\" \/>\n<meta name=\"twitter:label1\" content=\"Est. reading time\" \/>\n\t<meta name=\"twitter:data1\" content=\"1 minute\" \/>\n<script type=\"application\/ld+json\" class=\"yoast-schema-graph\">{\"@context\":\"https:\/\/schema.org\",\"@graph\":[{\"@type\":\"WebPage\",\"@id\":\"https:\/\/inzain.bike\/produkt\/bespoke_one_day\/\",\"url\":\"https:\/\/inzain.bike\/produkt\/bespoke_one_day\/\",\"name\":\"Skr\u00e4ddarsytt En dag - INZAIN Cycling EXPERIENCES\",\"isPartOf\":{\"@id\":\"https:\/\/inzain.bike\/fr_be\/#website\"},\"primaryImageOfPage\":{\"@id\":\"https:\/\/inzain.bike\/produkt\/bespoke_one_day\/#primaryimage\"},\"image\":{\"@id\":\"https:\/\/inzain.bike\/produkt\/bespoke_one_day\/#primaryimage\"},\"thumbnailUrl\":\"https:\/\/inzain.bike\/wp-content\/uploads\/2024\/03\/bicycle.png\",\"datePublished\":\"2024-09-10T07:38:38+00:00\",\"dateModified\":\"2025-08-25T11:09:54+00:00\",\"breadcrumb\":{\"@id\":\"https:\/\/inzain.bike\/produkt\/bespoke_one_day\/#breadcrumb\"},\"inLanguage\":\"en-US\",\"potentialAction\":[{\"@type\":\"ReadAction\",\"target\":[\"https:\/\/inzain.bike\/produkt\/bespoke_one_day\/\"]}]},{\"@type\":\"ImageObject\",\"inLanguage\":\"en-US\",\"@id\":\"https:\/\/inzain.bike\/produkt\/bespoke_one_day\/#primaryimage\",\"url\":\"https:\/\/inzain.bike\/wp-content\/uploads\/2024\/03\/bicycle.png\",\"contentUrl\":\"https:\/\/inzain.bike\/wp-content\/uploads\/2024\/03\/bicycle.png\",\"width\":512,\"height\":512},{\"@type\":\"BreadcrumbList\",\"@id\":\"https:\/\/inzain.bike\/produkt\/bespoke_one_day\/#breadcrumb\",\"itemListElement\":[{\"@type\":\"ListItem\",\"position\":1,\"name\":\"Hem\",\"item\":\"https:\/\/inzain.bike\/fr_be\/\"},{\"@type\":\"ListItem\",\"position\":2,\"name\":\"Webbutik\",\"item\":\"https:\/\/inzain.bike\/fi\/butik\/\"},{\"@type\":\"ListItem\",\"position\":3,\"name\":\"Skr\u00e4ddarsytt En dag\"}]},{\"@type\":\"WebSite\",\"@id\":\"https:\/\/inzain.bike\/fr_be\/#website\",\"url\":\"https:\/\/inzain.bike\/fr_be\/\",\"name\":\"INZAIN Cycling EXPERIENCES\",\"description\":\"Cyckling Adventures  - for everyone\",\"publisher\":{\"@id\":\"https:\/\/inzain.bike\/fr_be\/#organization\"},\"alternateName\":\"INZAIN Gravel & Travel\",\"potentialAction\":[{\"@type\":\"SearchAction\",\"target\":{\"@type\":\"EntryPoint\",\"urlTemplate\":\"https:\/\/inzain.bike\/fr_be\/?s={search_term_string}\"},\"query-input\":{\"@type\":\"PropertyValueSpecification\",\"valueRequired\":true,\"valueName\":\"search_term_string\"}}],\"inLanguage\":\"en-US\"},{\"@type\":\"Organization\",\"@id\":\"https:\/\/inzain.bike\/fr_be\/#organization\",\"name\":\"INZAIN Cycling EXPERIENCES\",\"url\":\"https:\/\/inzain.bike\/fr_be\/\",\"logo\":{\"@type\":\"ImageObject\",\"inLanguage\":\"en-US\",\"@id\":\"https:\/\/inzain.bike\/fr_be\/#\/schema\/logo\/image\/\",\"url\":\"https:\/\/i0.wp.com\/inzain.bike\/wp-content\/uploads\/2023\/09\/cropped-INZAIN_512x512_white.png?fit=512%2C512&ssl=1\",\"contentUrl\":\"https:\/\/i0.wp.com\/inzain.bike\/wp-content\/uploads\/2023\/09\/cropped-INZAIN_512x512_white.png?fit=512%2C512&ssl=1\",\"width\":512,\"height\":512,\"caption\":\"INZAIN Cycling EXPERIENCES\"},\"image\":{\"@id\":\"https:\/\/inzain.bike\/fr_be\/#\/schema\/logo\/image\/\"},\"sameAs\":[\"https:\/\/www.facebook.com\/Inzain.bike\",\"https:\/\/www.instagram.com\/inzainbike\"]}]}<\/script>\n<!-- \/ Yoast SEO plugin. -->","yoast_head_json":{"title":"Tailor-made One Day - INZAIN Cycling EXPERIENCES","robots":{"index":"index","follow":"follow","max-snippet":"max-snippet:-1","max-image-preview":"max-image-preview:large","max-video-preview":"max-video-preview:-1"},"canonical":"https:\/\/inzain.bike\/en\/product\/bespoke_one_day\/","og_locale":"en_US","og_type":"article","og_title":"Skr\u00e4ddarsytt En dag - INZAIN Cycling EXPERIENCES","og_description":"Skr\u00e4ddarsytt Gravel Cykling en full dag.  Vad ing\u00e5r? Hyra av Gravel Cykel Guide Lunch eller fika Hj\u00e4lm Upph\u00e4mtning vid hotell","og_url":"https:\/\/inzain.bike\/en\/product\/bespoke_one_day\/","og_site_name":"INZAIN Cycling EXPERIENCES","article_publisher":"https:\/\/www.facebook.com\/Inzain.bike","article_modified_time":"2025-08-25T11:09:54+00:00","og_image":[{"width":512,"height":512,"url":"https:\/\/inzain.bike\/wp-content\/uploads\/2024\/03\/bicycle.png","type":"image\/png"}],"twitter_card":"summary_large_image","twitter_misc":{"Est. reading time":"1 minute"},"schema":{"@context":"https:\/\/schema.org","@graph":[{"@type":"WebPage","@id":"https:\/\/inzain.bike\/produkt\/bespoke_one_day\/","url":"https:\/\/inzain.bike\/produkt\/bespoke_one_day\/","name":"Tailor-made One Day - INZAIN Cycling EXPERIENCES","isPartOf":{"@id":"https:\/\/inzain.bike\/fr_be\/#website"},"primaryImageOfPage":{"@id":"https:\/\/inzain.bike\/produkt\/bespoke_one_day\/#primaryimage"},"image":{"@id":"https:\/\/inzain.bike\/produkt\/bespoke_one_day\/#primaryimage"},"thumbnailUrl":"https:\/\/inzain.bike\/wp-content\/uploads\/2024\/03\/bicycle.png","datePublished":"2024-09-10T07:38:38+00:00","dateModified":"2025-08-25T11:09:54+00:00","breadcrumb":{"@id":"https:\/\/inzain.bike\/produkt\/bespoke_one_day\/#breadcrumb"},"inLanguage":"en-US","potentialAction":[{"@type":"ReadAction","target":["https:\/\/inzain.bike\/produkt\/bespoke_one_day\/"]}]},{"@type":"ImageObject","inLanguage":"en-US","@id":"https:\/\/inzain.bike\/produkt\/bespoke_one_day\/#primaryimage","url":"https:\/\/inzain.bike\/wp-content\/uploads\/2024\/03\/bicycle.png","contentUrl":"https:\/\/inzain.bike\/wp-content\/uploads\/2024\/03\/bicycle.png","width":512,"height":512},{"@type":"BreadcrumbList","@id":"https:\/\/inzain.bike\/produkt\/bespoke_one_day\/#breadcrumb","itemListElement":[{"@type":"ListItem","position":1,"name":"Hem","item":"https:\/\/inzain.bike\/fr_be\/"},{"@type":"ListItem","position":2,"name":"Webbutik","item":"https:\/\/inzain.bike\/fi\/butik\/"},{"@type":"ListItem","position":3,"name":"Skr\u00e4ddarsytt En dag"}]},{"@type":"WebSite","@id":"https:\/\/inzain.bike\/fr_be\/#website","url":"https:\/\/inzain.bike\/fr_be\/","name":"INZAIN Cycling EXPERIENCES","description":"Cycling Adventures - for everyone","publisher":{"@id":"https:\/\/inzain.bike\/fr_be\/#organization"},"alternateName":"INZAIN Gravel & Travel","potentialAction":[{"@type":"SearchAction","target":{"@type":"EntryPoint","urlTemplate":"https:\/\/inzain.bike\/fr_be\/?s={search_term_string}"},"query-input":{"@type":"PropertyValueSpecification","valueRequired":true,"valueName":"search_term_string"}}],"inLanguage":"en-US"},{"@type":"Organization","@id":"https:\/\/inzain.bike\/fr_be\/#organization","name":"INZAIN Cycling EXPERIENCES","url":"https:\/\/inzain.bike\/fr_be\/","logo":{"@type":"ImageObject","inLanguage":"en-US","@id":"https:\/\/inzain.bike\/fr_be\/#\/schema\/logo\/image\/","url":"https:\/\/i0.wp.com\/inzain.bike\/wp-content\/uploads\/2023\/09\/cropped-INZAIN_512x512_white.png?fit=512%2C512&ssl=1","contentUrl":"https:\/\/i0.wp.com\/inzain.bike\/wp-content\/uploads\/2023\/09\/cropped-INZAIN_512x512_white.png?fit=512%2C512&ssl=1","width":512,"height":512,"caption":"INZAIN Cycling EXPERIENCES"},"image":{"@id":"https:\/\/inzain.bike\/fr_be\/#\/schema\/logo\/image\/"},"sameAs":["https:\/\/www.facebook.com\/Inzain.bike","https:\/\/www.instagram.com\/inzainbike"]}]}},"_links":{"self":[{"href":"https:\/\/inzain.bike\/en\/wp-json\/wp\/v2\/product\/7625","targetHints":{"allow":["GET"]}}],"collection":[{"href":"https:\/\/inzain.bike\/en\/wp-json\/wp\/v2\/product"}],"about":[{"href":"https:\/\/inzain.bike\/en\/wp-json\/wp\/v2\/types\/product"}],"replies":[{"embeddable":true,"href":"https:\/\/inzain.bike\/en\/wp-json\/wp\/v2\/comments?post=7625"}],"wp:featuredmedia":[{"embeddable":true,"href":"https:\/\/inzain.bike\/en\/wp-json\/wp\/v2\/media\/6962"}],"wp:attachment":[{"href":"https:\/\/inzain.bike\/en\/wp-json\/wp\/v2\/media?parent=7625"}],"wp:term":[{"taxonomy":"product_brand","embeddable":true,"href":"https:\/\/inzain.bike\/en\/wp-json\/wp\/v2\/product_brand?post=7625"},{"taxonomy":"product_cat","embeddable":true,"href":"https:\/\/inzain.bike\/en\/wp-json\/wp\/v2\/product_cat?post=7625"},{"taxonomy":"product_tag","embeddable":true,"href":"https:\/\/inzain.bike\/en\/wp-json\/wp\/v2\/product_tag?post=7625"}],"curies":[{"name":"wp","href":"https:\/\/api.w.org\/{rel}","templated":true}]}}