{"id":1981,"date":"2022-10-02T18:24:29","date_gmt":"2022-10-02T16:24:29","guid":{"rendered":"https:\/\/inzain.bike\/?page_id=1981"},"modified":"2023-05-16T11:52:09","modified_gmt":"2023-05-16T09:52:09","slug":"sormland-gravel-camp","status":"publish","type":"page","link":"https:\/\/inzain.bike\/en_gb\/sormland-gravel-camp\/","title":{"rendered":"S\u00f6rmland Gravel Camp"},"content":{"rendered":"<p>Welcome to a fantastic weekend with Gravel in S\u00f6rmland<\/p>\n\n\n\n<figure class=\"wp-block-image size-large\"><img loading=\"lazy\" decoding=\"async\" width=\"1024\" height=\"768\" src=\"https:\/\/inzain.bike\/wp-content\/uploads\/2022\/10\/20210627_133539-1024x768.jpg\" alt=\"\" class=\"wp-image-1983\" srcset=\"https:\/\/inzain.bike\/wp-content\/uploads\/2022\/10\/20210627_133539-1024x768.jpg 1024w, https:\/\/inzain.bike\/wp-content\/uploads\/2022\/10\/20210627_133539-300x225.jpg 300w, https:\/\/inzain.bike\/wp-content\/uploads\/2022\/10\/20210627_133539-768x576.jpg 768w, https:\/\/inzain.bike\/wp-content\/uploads\/2022\/10\/20210627_133539-1536x1152.jpg 1536w, https:\/\/inzain.bike\/wp-content\/uploads\/2022\/10\/20210627_133539-2048x1536.jpg 2048w, https:\/\/inzain.bike\/wp-content\/uploads\/2022\/10\/20210627_133539-16x12.jpg 16w, https:\/\/inzain.bike\/wp-content\/uploads\/2022\/10\/20210627_133539-1320x990.jpg 1320w, https:\/\/inzain.bike\/wp-content\/uploads\/2022\/10\/20210627_133539-600x450.jpg 600w\" sizes=\"auto, (max-width: 1024px) 100vw, 1024px\" \/><\/figure>\n\n\n\n<p><strong>When<\/strong>: 20-21 May 2023.<br><strong>Where<\/strong>: S\u00f6rmland<br><strong>How<\/strong>: Gravel Camp on amazing roads<br><strong>Sleep<\/strong>: We have booked a number of rooms at <a href=\"https:\/\/www.kjesater.se\/\">Kjes\u00e4ter Castle<\/a><br><strong>Included<\/strong>: Accommodation, breakfast and three-course dinner on Saturday. <br><strong>Award<\/strong>: The event itself is free of charge, we have arranged accommodation and food packages for those who want. One night shared room, SEK 2,000, extra night SEK 700, Single room +300 per night.<br>Everyone is welcome to participate, but we want you to register anyway.<\/p>\n\n\n\n<p><strong>What can you expect?<\/strong><br>A really nice weekend on very nice gravel roads in good company and with good food and coffee. We live in a beautiful place, have a good breakfast and eat a better three-course dinner on Saturday night. You buy lunch, coffee etc. yourself, the route comes to nice places for that.<iframe loading=\"lazy\" title=\"Kjes\u00e4tter\" src=\"https:\/\/player.vimeo.com\/video\/435007512?app_id=122963&amp;wmode=opaque\" width=\"100%\" height=\"700px\" frameborder=\"0\" allowfullscreen=\"allowfullscreen\"> <\/iframe><\/p>\n\n\n\n<figure class=\"wp-block-image size-large\"><img loading=\"lazy\" decoding=\"async\" width=\"1024\" height=\"768\" src=\"https:\/\/inzain.bike\/wp-content\/uploads\/2022\/10\/G0034022-1024x768.jpg\" alt=\"\" class=\"wp-image-2083\" srcset=\"https:\/\/inzain.bike\/wp-content\/uploads\/2022\/10\/G0034022-1024x768.jpg 1024w, https:\/\/inzain.bike\/wp-content\/uploads\/2022\/10\/G0034022-300x225.jpg 300w, https:\/\/inzain.bike\/wp-content\/uploads\/2022\/10\/G0034022-768x576.jpg 768w, https:\/\/inzain.bike\/wp-content\/uploads\/2022\/10\/G0034022-1536x1152.jpg 1536w, https:\/\/inzain.bike\/wp-content\/uploads\/2022\/10\/G0034022-2048x1536.jpg 2048w, https:\/\/inzain.bike\/wp-content\/uploads\/2022\/10\/G0034022-16x12.jpg 16w, https:\/\/inzain.bike\/wp-content\/uploads\/2022\/10\/G0034022-1320x990.jpg 1320w, https:\/\/inzain.bike\/wp-content\/uploads\/2022\/10\/G0034022-600x450.jpg 600w\" sizes=\"auto, (max-width: 1024px) 100vw, 1024px\" \/><\/figure>\n\n\n\n<p><strong>Saturday<\/strong><br>We start directly from Kjes\u00e4ter&#039;s castle and cycle south. Lakes, forest and cultural landscape, it&#039;s good variety. We pass the western tip of Tissnaren and reach Hallonviken via Br\u00e4nntorp and \u00d6lnetorp. Propaganda roads! We then pass the Magnehult nature reserve. Lunch will be in Rejmyre. We eat at the Pizzeria. The Gestgiferiet is closed. Why not take the opportunity to take a look at the Glasbrukets museum? After lunch you can choose a slightly shorter route, then you take the bail below, it reconnects to the long route after about 4 miles and shortens the trip by about 4 miles. The journey continues towards Breven&#039;s mill near the lake and on excellent roads. When using the letters, you can have an extra coffee or snack if desired and then take the last three miles back to our castle.<br>Once there, a beer will probably sit pretty well. A shower and then a better three-course dinner.<\/p>\n\n\n\n<p><iframe src=\"https:\/\/ridewithgps.com\/embeds?type=route&amp;id=41111110&amp;metricUnits=true&amp;sampleGraph=true\" style=\"width: 1px; min-width: 100%; height: 700px; border: none;\" scrolling=\"no\"><\/iframe><\/p>\n\n\n\n<p><strong>Bail for Saturday<\/strong><br>Shortens the trip by about 4 miles. Straight north via the Sverigeleden with a few detours. Meet the long route which you then follow to our castle, maybe a beer and then a good dinner.<br><br><iframe style=\"width: 1px; min-width: 100%; height: 700px; border: none;\" src=\"https:\/\/ridewithgps.com\/embeds?type=route&amp;id=41111156&amp;metricUnits=true&amp;sampleGraph=true&amp;distanceMarkers=true\" scrolling=\"no\">&lt;\/p&gt;<\/iframe><\/p>\n\n\n\n<p><strong>Sunday<\/strong> <br>We start in Flen, which means car transport from the accommodation to Flen. Parking at the Hammarvallen sports hall parking or shuttle parking outside the train station. When we have left the central town, we cycle through the forest down towards Malsta to continue in open countryside to Kvarnen Caf\u00e9 and Antikt for an early cup of coffee if we want. The journey continues along the lakes to Tofta G\u00e5rd on the way to today&#039;s Lunch St\u00e4lle <a href=\"https:\/\/www.bruksholmen.se\/ata\/smedjan\/\">The forge<\/a>. After lunch you can make the choice to drive a shorter route, then you take Bailen below which takes you to Flen in 40km, a reduction of about 2 miles. If you choose to drive the entire tour, it continues past Katrineholm and makes an arc to the west to then go to Bie. From there we cycle over Granhed back to Flen.<\/p>\n\n\n<p><iframe style=\"width: 1px; min-width: 100%; height: 700px; border: none;\" src=\"https:\/\/ridewithgps.com\/embeds?type=route&amp;id=41111876&amp;metricUnits=true&amp;sampleGraph=true&amp;distanceMarkers=true\" scrolling=\"no\"><\/iframe><\/p>\n<p><strong>Sunday Bail<\/strong> <br>If you want to drive a little shorter, you choose this from the lunch place. It goes around the lakes again and takes us to the Sverigeleden, from which it makes a series of detours on fin&#039;s gravel stretches. Then it goes via Norrtorp back to Flen.<\/p>\n<p><iframe style=\"width: 1px; min-width: 100%; height: 700px; border: none;\" src=\"https:\/\/ridewithgps.com\/embeds?type=route&amp;id=41112193&amp;metricUnits=true&amp;sampleGraph=true&amp;distanceMarkers=true\" scrolling=\"no\"><\/iframe><\/p>\n\n\n<p><br><strong>We cycle according to Grusets V\u00e4nner&#039;s principles.<\/strong><br>We cycle to have fun, there are no intervals and it is not about cycling the fastest but having the best experience. If you want to splurge, of course it&#039;s fine, you wait further on. We may also split the group, if it turns out to be better. Our Guides have a lot of experience in arranging and holding these tours.<br><br>* No one is left alone, everyone must join<br>* The bounce is going well, wait until later<br>* We take care of and help each other in case of punks or other things.<br>* We cycle safely and keep our distance, remember the three second rule.<br>* It&#039;s all about having a nice day.<\/p>\n\n\n\n<p><\/p>\n\n\n\n\n\n<p>Registration is closed.<\/p>\n\n\n\n<p>If you want to ride along, send me an email  <a href=\"mailto:info@inzain.bike\">info@inzain.bike<\/a><\/p>","protected":false},"excerpt":{"rendered":"<p>V\u00e4lkommen till en fantastisk helg med Gravel i S\u00f6rmland N\u00e4r: 20-21 maj 2023.Var: S\u00f6rmlandHur: Gravel Camp p\u00e5 fantastiska v\u00e4garSova: Vi har bokat ett antal rum p\u00e5 Kjes\u00e4ter SlottIng\u00e5r: Boende, frukost och trer\u00e4tters middag p\u00e5 l\u00f6rdag. Pris: Eventet \u00e4r i sig kostnadsfritt, vi har ordnat med boende och matpaket f\u00f6r de som vill. En natt delat [&hellip;]<\/p>\n","protected":false},"author":135133094,"featured_media":0,"parent":0,"menu_order":0,"comment_status":"closed","ping_status":"closed","template":"","meta":{"_coblocks_attr":"","_coblocks_dimensions":"","_coblocks_responsive_height":"","_coblocks_accordion_ie_support":"","footnotes":""},"class_list":["post-1981","page","type-page","status-publish","hentry"],"yoast_head":"<!-- This site is optimized with the Yoast SEO plugin v27.2 - https:\/\/yoast.com\/product\/yoast-seo-wordpress\/ -->\n<title>S\u00f6rmland Gravel Camp - INZAIN Cycling EXPERIENCES<\/title>\n<meta name=\"robots\" content=\"index, follow, max-snippet:-1, max-image-preview:large, max-video-preview:-1\" \/>\n<link rel=\"canonical\" href=\"https:\/\/inzain.bike\/en_gb\/sormland-gravel-camp\/\" \/>\n<meta property=\"og:locale\" content=\"en_GB\" \/>\n<meta property=\"og:type\" content=\"article\" \/>\n<meta property=\"og:title\" content=\"S\u00f6rmland Gravel Camp - INZAIN Cycling EXPERIENCES\" \/>\n<meta property=\"og:description\" content=\"V\u00e4lkommen till en fantastisk helg med Gravel i S\u00f6rmland N\u00e4r: 20-21 maj 2023.Var: S\u00f6rmlandHur: Gravel Camp p\u00e5 fantastiska v\u00e4garSova: Vi har bokat ett antal rum p\u00e5 Kjes\u00e4ter SlottIng\u00e5r: Boende, frukost och trer\u00e4tters middag p\u00e5 l\u00f6rdag. Pris: Eventet \u00e4r i sig kostnadsfritt, vi har ordnat med boende och matpaket f\u00f6r de som vill. En natt delat [&hellip;]\" \/>\n<meta property=\"og:url\" content=\"https:\/\/inzain.bike\/en_gb\/sormland-gravel-camp\/\" \/>\n<meta property=\"og:site_name\" content=\"INZAIN Cycling EXPERIENCES\" \/>\n<meta property=\"article:publisher\" content=\"https:\/\/www.facebook.com\/Inzain.bike\" \/>\n<meta property=\"article:modified_time\" content=\"2023-05-16T09:52:09+00:00\" \/>\n<meta property=\"og:image\" content=\"https:\/\/inzain.bike\/wp-content\/uploads\/2022\/10\/20210627_133539-1024x768.jpg\" \/>\n<meta name=\"twitter:card\" content=\"summary_large_image\" \/>\n<meta name=\"twitter:label1\" content=\"Estimated reading time\" \/>\n\t<meta name=\"twitter:data1\" content=\"4 minutes\" \/>\n<script type=\"application\/ld+json\" class=\"yoast-schema-graph\">{\"@context\":\"https:\/\/schema.org\",\"@graph\":[{\"@type\":\"WebPage\",\"@id\":\"https:\/\/inzain.bike\/nl_be\/sormland-gravel-camp\/\",\"url\":\"https:\/\/inzain.bike\/nl_be\/sormland-gravel-camp\/\",\"name\":\"S\u00f6rmland Gravel Camp - INZAIN Cycling EXPERIENCES\",\"isPartOf\":{\"@id\":\"https:\/\/inzain.bike\/fr_be\/#website\"},\"primaryImageOfPage\":{\"@id\":\"https:\/\/inzain.bike\/nl_be\/sormland-gravel-camp\/#primaryimage\"},\"image\":{\"@id\":\"https:\/\/inzain.bike\/nl_be\/sormland-gravel-camp\/#primaryimage\"},\"thumbnailUrl\":\"https:\/\/inzain.bike\/wp-content\/uploads\/2022\/10\/20210627_133539-1024x768.jpg\",\"datePublished\":\"2022-10-02T16:24:29+00:00\",\"dateModified\":\"2023-05-16T09:52:09+00:00\",\"breadcrumb\":{\"@id\":\"https:\/\/inzain.bike\/nl_be\/sormland-gravel-camp\/#breadcrumb\"},\"inLanguage\":\"en-GB\",\"potentialAction\":[{\"@type\":\"ReadAction\",\"target\":[\"https:\/\/inzain.bike\/nl_be\/sormland-gravel-camp\/\"]}]},{\"@type\":\"ImageObject\",\"inLanguage\":\"en-GB\",\"@id\":\"https:\/\/inzain.bike\/nl_be\/sormland-gravel-camp\/#primaryimage\",\"url\":\"https:\/\/inzain.bike\/wp-content\/uploads\/2022\/10\/20210627_133539-1024x768.jpg\",\"contentUrl\":\"https:\/\/inzain.bike\/wp-content\/uploads\/2022\/10\/20210627_133539-1024x768.jpg\"},{\"@type\":\"BreadcrumbList\",\"@id\":\"https:\/\/inzain.bike\/nl_be\/sormland-gravel-camp\/#breadcrumb\",\"itemListElement\":[{\"@type\":\"ListItem\",\"position\":1,\"name\":\"Hem\",\"item\":\"https:\/\/inzain.bike\/fr_be\/\"},{\"@type\":\"ListItem\",\"position\":2,\"name\":\"S\u00f6rmland Gravel Camp\"}]},{\"@type\":\"WebSite\",\"@id\":\"https:\/\/inzain.bike\/fr_be\/#website\",\"url\":\"https:\/\/inzain.bike\/fr_be\/\",\"name\":\"INZAIN Cycling EXPERIENCES\",\"description\":\"Cyckling Adventures  - for everyone\",\"publisher\":{\"@id\":\"https:\/\/inzain.bike\/fr_be\/#organization\"},\"alternateName\":\"INZAIN Gravel & Travel\",\"potentialAction\":[{\"@type\":\"SearchAction\",\"target\":{\"@type\":\"EntryPoint\",\"urlTemplate\":\"https:\/\/inzain.bike\/fr_be\/?s={search_term_string}\"},\"query-input\":{\"@type\":\"PropertyValueSpecification\",\"valueRequired\":true,\"valueName\":\"search_term_string\"}}],\"inLanguage\":\"en-GB\"},{\"@type\":\"Organization\",\"@id\":\"https:\/\/inzain.bike\/fr_be\/#organization\",\"name\":\"INZAIN Cycling EXPERIENCES\",\"url\":\"https:\/\/inzain.bike\/fr_be\/\",\"logo\":{\"@type\":\"ImageObject\",\"inLanguage\":\"en-GB\",\"@id\":\"https:\/\/inzain.bike\/fr_be\/#\/schema\/logo\/image\/\",\"url\":\"https:\/\/i0.wp.com\/inzain.bike\/wp-content\/uploads\/2023\/09\/cropped-INZAIN_512x512_white.png?fit=512%2C512&ssl=1\",\"contentUrl\":\"https:\/\/i0.wp.com\/inzain.bike\/wp-content\/uploads\/2023\/09\/cropped-INZAIN_512x512_white.png?fit=512%2C512&ssl=1\",\"width\":512,\"height\":512,\"caption\":\"INZAIN Cycling EXPERIENCES\"},\"image\":{\"@id\":\"https:\/\/inzain.bike\/fr_be\/#\/schema\/logo\/image\/\"},\"sameAs\":[\"https:\/\/www.facebook.com\/Inzain.bike\",\"https:\/\/www.instagram.com\/inzainbike\"]}]}<\/script>\n<!-- \/ Yoast SEO plugin. -->","yoast_head_json":{"title":"S\u00f6rmland Gravel Camp - INZAIN Cycling EXPERIENCES","robots":{"index":"index","follow":"follow","max-snippet":"max-snippet:-1","max-image-preview":"max-image-preview:large","max-video-preview":"max-video-preview:-1"},"canonical":"https:\/\/inzain.bike\/en_gb\/sormland-gravel-camp\/","og_locale":"en_GB","og_type":"article","og_title":"S\u00f6rmland Gravel Camp - INZAIN Cycling EXPERIENCES","og_description":"V\u00e4lkommen till en fantastisk helg med Gravel i S\u00f6rmland N\u00e4r: 20-21 maj 2023.Var: S\u00f6rmlandHur: Gravel Camp p\u00e5 fantastiska v\u00e4garSova: Vi har bokat ett antal rum p\u00e5 Kjes\u00e4ter SlottIng\u00e5r: Boende, frukost och trer\u00e4tters middag p\u00e5 l\u00f6rdag. Pris: Eventet \u00e4r i sig kostnadsfritt, vi har ordnat med boende och matpaket f\u00f6r de som vill. En natt delat [&hellip;]","og_url":"https:\/\/inzain.bike\/en_gb\/sormland-gravel-camp\/","og_site_name":"INZAIN Cycling EXPERIENCES","article_publisher":"https:\/\/www.facebook.com\/Inzain.bike","article_modified_time":"2023-05-16T09:52:09+00:00","og_image":[{"url":"https:\/\/inzain.bike\/wp-content\/uploads\/2022\/10\/20210627_133539-1024x768.jpg","type":"","width":"","height":""}],"twitter_card":"summary_large_image","twitter_misc":{"Estimated reading time":"4 minutes"},"schema":{"@context":"https:\/\/schema.org","@graph":[{"@type":"WebPage","@id":"https:\/\/inzain.bike\/nl_be\/sormland-gravel-camp\/","url":"https:\/\/inzain.bike\/nl_be\/sormland-gravel-camp\/","name":"S\u00f6rmland Gravel Camp - INZAIN Cycling EXPERIENCES","isPartOf":{"@id":"https:\/\/inzain.bike\/fr_be\/#website"},"primaryImageOfPage":{"@id":"https:\/\/inzain.bike\/nl_be\/sormland-gravel-camp\/#primaryimage"},"image":{"@id":"https:\/\/inzain.bike\/nl_be\/sormland-gravel-camp\/#primaryimage"},"thumbnailUrl":"https:\/\/inzain.bike\/wp-content\/uploads\/2022\/10\/20210627_133539-1024x768.jpg","datePublished":"2022-10-02T16:24:29+00:00","dateModified":"2023-05-16T09:52:09+00:00","breadcrumb":{"@id":"https:\/\/inzain.bike\/nl_be\/sormland-gravel-camp\/#breadcrumb"},"inLanguage":"en-GB","potentialAction":[{"@type":"ReadAction","target":["https:\/\/inzain.bike\/nl_be\/sormland-gravel-camp\/"]}]},{"@type":"ImageObject","inLanguage":"en-GB","@id":"https:\/\/inzain.bike\/nl_be\/sormland-gravel-camp\/#primaryimage","url":"https:\/\/inzain.bike\/wp-content\/uploads\/2022\/10\/20210627_133539-1024x768.jpg","contentUrl":"https:\/\/inzain.bike\/wp-content\/uploads\/2022\/10\/20210627_133539-1024x768.jpg"},{"@type":"BreadcrumbList","@id":"https:\/\/inzain.bike\/nl_be\/sormland-gravel-camp\/#breadcrumb","itemListElement":[{"@type":"ListItem","position":1,"name":"Hem","item":"https:\/\/inzain.bike\/fr_be\/"},{"@type":"ListItem","position":2,"name":"S\u00f6rmland Gravel Camp"}]},{"@type":"WebSite","@id":"https:\/\/inzain.bike\/fr_be\/#website","url":"https:\/\/inzain.bike\/fr_be\/","name":"INZAIN Cycling EXPERIENCES","description":"Cycling Adventures - for everyone","publisher":{"@id":"https:\/\/inzain.bike\/fr_be\/#organization"},"alternateName":"INZAIN Gravel & Travel","potentialAction":[{"@type":"SearchAction","target":{"@type":"EntryPoint","urlTemplate":"https:\/\/inzain.bike\/fr_be\/?s={search_term_string}"},"query-input":{"@type":"PropertyValueSpecification","valueRequired":true,"valueName":"search_term_string"}}],"inLanguage":"en-GB"},{"@type":"Organization","@id":"https:\/\/inzain.bike\/fr_be\/#organization","name":"INZAIN Cycling EXPERIENCES","url":"https:\/\/inzain.bike\/fr_be\/","logo":{"@type":"ImageObject","inLanguage":"en-GB","@id":"https:\/\/inzain.bike\/fr_be\/#\/schema\/logo\/image\/","url":"https:\/\/i0.wp.com\/inzain.bike\/wp-content\/uploads\/2023\/09\/cropped-INZAIN_512x512_white.png?fit=512%2C512&ssl=1","contentUrl":"https:\/\/i0.wp.com\/inzain.bike\/wp-content\/uploads\/2023\/09\/cropped-INZAIN_512x512_white.png?fit=512%2C512&ssl=1","width":512,"height":512,"caption":"INZAIN Cycling EXPERIENCES"},"image":{"@id":"https:\/\/inzain.bike\/fr_be\/#\/schema\/logo\/image\/"},"sameAs":["https:\/\/www.facebook.com\/Inzain.bike","https:\/\/www.instagram.com\/inzainbike"]}]}},"amp_enabled":true,"_links":{"self":[{"href":"https:\/\/inzain.bike\/en_gb\/wp-json\/wp\/v2\/pages\/1981","targetHints":{"allow":["GET"]}}],"collection":[{"href":"https:\/\/inzain.bike\/en_gb\/wp-json\/wp\/v2\/pages"}],"about":[{"href":"https:\/\/inzain.bike\/en_gb\/wp-json\/wp\/v2\/types\/page"}],"author":[{"embeddable":true,"href":"https:\/\/inzain.bike\/en_gb\/wp-json\/wp\/v2\/users\/135133094"}],"replies":[{"embeddable":true,"href":"https:\/\/inzain.bike\/en_gb\/wp-json\/wp\/v2\/comments?post=1981"}],"version-history":[{"count":0,"href":"https:\/\/inzain.bike\/en_gb\/wp-json\/wp\/v2\/pages\/1981\/revisions"}],"wp:attachment":[{"href":"https:\/\/inzain.bike\/en_gb\/wp-json\/wp\/v2\/media?parent=1981"}],"curies":[{"name":"wp","href":"https:\/\/api.w.org\/{rel}","templated":true}]}}