{"id":2006,"date":"2022-10-03T09:51:16","date_gmt":"2022-10-03T07:51:16","guid":{"rendered":"https:\/\/inzain.bike\/?page_id=2006"},"modified":"2022-12-03T09:45:04","modified_gmt":"2022-12-03T08:45:04","slug":"rallarvegen-norge-2023","status":"publish","type":"page","link":"https:\/\/inzain.bike\/en_gb\/rallarvegen-norge-2023\/","title":{"rendered":"Rallarvegen Norway 2023"},"content":{"rendered":"<p>Welcome to a fantastic weekend with Gravel in Norway<\/p>\n\n\n\n<figure class=\"wp-block-image size-large\"><img loading=\"lazy\" decoding=\"async\" width=\"1024\" height=\"682\" src=\"https:\/\/inzain.bike\/wp-content\/uploads\/2022\/10\/geilo3-1024x682.jpg\" alt=\"\" class=\"wp-image-2011\" srcset=\"https:\/\/inzain.bike\/wp-content\/uploads\/2022\/10\/geilo3-1024x682.jpg 1024w, https:\/\/inzain.bike\/wp-content\/uploads\/2022\/10\/geilo3-300x200.jpg 300w, https:\/\/inzain.bike\/wp-content\/uploads\/2022\/10\/geilo3-768x511.jpg 768w, https:\/\/inzain.bike\/wp-content\/uploads\/2022\/10\/geilo3-1536x1022.jpg 1536w, https:\/\/inzain.bike\/wp-content\/uploads\/2022\/10\/geilo3-18x12.jpg 18w, https:\/\/inzain.bike\/wp-content\/uploads\/2022\/10\/geilo3-1320x879.jpg 1320w, https:\/\/inzain.bike\/wp-content\/uploads\/2022\/10\/geilo3-600x399.jpg 600w, https:\/\/inzain.bike\/wp-content\/uploads\/2022\/10\/geilo3.jpg 1920w\" sizes=\"auto, (max-width: 1024px) 100vw, 1024px\" \/><\/figure>\n\n\n\n<p><strong>When<\/strong>: 15-16 July 2023.<br><strong>Where<\/strong>: Geilo, Norway<br><strong>How<\/strong>: We go to Geilo, cycle to Fl\u00e5ms, sleep one night and take the train back to Geilo<br><strong>Sleep<\/strong>: We live in <a href=\"https:\/\/www.vangsgaarden.com\/en\/\">Vangsg\u00e5rden <\/a>in Aurland, a few kilometers from Fl\u00e5m<br><strong>Award<\/strong>: Self-cost, you book the hotel and train yourself.<\/p>\n\n\n\n<figure class=\"wp-block-embed is-type-video is-provider-youtube wp-block-embed-youtube wp-embed-aspect-16-9 wp-has-aspect-ratio\"><div class=\"wp-block-embed__wrapper\">\n<iframe loading=\"lazy\" title=\"Rallarvegen Norway Gravel Cycling GoPro 9 4K\" width=\"500\" height=\"281\" src=\"https:\/\/www.youtube.com\/embed\/RIu0XHKJoOI?feature=oembed\" frameborder=\"0\" allow=\"accelerometer; autoplay; clipboard-write; encrypted-media; gyroscope; picture-in-picture; web-share\" referrerpolicy=\"strict-origin-when-cross-origin\" allowfullscreen><\/iframe>\n<\/div><\/figure>\n\n\n\n<p><strong>What can you expect?<\/strong><br>We cycle to have fun, there are no intervals and it is not about cycling the fastest but having the best experience. If you want to splurge, of course it&#039;s fine, you wait further on. We may also split the group, if it turns out to be better. Our Guides have a lot of experience in arranging and holding these tours.<br><br><strong>Saturday<\/strong> <br>We cycle the fine road to Fl\u00e5m, 105 km 1,500 hm. We eat lunch and coffee along the way. Once there, we check in at our accommodation.<\/p>\n\n\n\n<figure class=\"wp-block-image size-large\"><img loading=\"lazy\" decoding=\"async\" width=\"856\" height=\"1024\" src=\"https:\/\/inzain.bike\/wp-content\/uploads\/2022\/10\/geilo1-856x1024.jpg\" alt=\"\" class=\"wp-image-2012\" srcset=\"https:\/\/inzain.bike\/wp-content\/uploads\/2022\/10\/geilo1-856x1024.jpg 856w, https:\/\/inzain.bike\/wp-content\/uploads\/2022\/10\/geilo1-251x300.jpg 251w, https:\/\/inzain.bike\/wp-content\/uploads\/2022\/10\/geilo1-768x919.jpg 768w, https:\/\/inzain.bike\/wp-content\/uploads\/2022\/10\/geilo1-1284x1536.jpg 1284w, https:\/\/inzain.bike\/wp-content\/uploads\/2022\/10\/geilo1-10x12.jpg 10w, https:\/\/inzain.bike\/wp-content\/uploads\/2022\/10\/geilo1-1320x1579.jpg 1320w, https:\/\/inzain.bike\/wp-content\/uploads\/2022\/10\/geilo1-600x718.jpg 600w, https:\/\/inzain.bike\/wp-content\/uploads\/2022\/10\/geilo1.jpg 1467w\" sizes=\"auto, (max-width: 856px) 100vw, 856px\" \/><\/figure>\n\n\n\n<p><\/p>\n\n\n\n<p><strong>Sunday<\/strong> <br>We and our bikes take the train back to Geilo for the return trip,<\/p>\n\n\n\n<p><br><strong>We cycle according to Grusets V\u00e4nner&#039;s principles.<\/strong><br>* No one is left alone, everyone must join<br>* The bounce is going well, wait until later<br>* We take care of and help each other in case of punks or other things.<br>* We cycle safely and keep our distance, remember the three second rule.<br>* It&#039;s all about having a nice day.<\/p>\n\n\n\n<p><\/p>\n\n\n\n<p><strong>Prices<\/strong>:<br>Own cost.<\/p>\n\n\n\n\n\n<p>Notification<\/p>\n\n\n<p><!-- \/wp:post-content --><\/p>\n<p><!-- wp:wpforms\/form-selector {\"formId\":\"1025\"} \/--><\/p>","protected":false},"excerpt":{"rendered":"<p>V\u00e4lkommen till en fantastisk helg med Gravel i Norge N\u00e4r: 15-16 juli 2023.Var: Geilo, NorgeHur: Vi \u00e5ker till Geilo, cyklar till Fl\u00e5ms, sover en natt och \u00e5ker t\u00e5g tillbaka till GeiloSova: Vi bor p\u00e5 Vangsg\u00e5rden i Aurland, n\u00e5gon kilometer fr\u00e5n Fl\u00e5msPris: Sj\u00e4lvkostnad, man bokar sj\u00e4lv hotell och t\u00e5g. Vad kan du f\u00f6rv\u00e4nta dig?Vi cyklar f\u00f6r [&hellip;]<\/p>\n","protected":false},"author":135133094,"featured_media":0,"parent":0,"menu_order":0,"comment_status":"closed","ping_status":"closed","template":"","meta":{"_coblocks_attr":"","_coblocks_dimensions":"","_coblocks_responsive_height":"","_coblocks_accordion_ie_support":"","footnotes":""},"class_list":["post-2006","page","type-page","status-publish","hentry"],"yoast_head":"<!-- This site is optimized with the Yoast SEO plugin v27.2 - https:\/\/yoast.com\/product\/yoast-seo-wordpress\/ -->\n<title>Rallarvegen Norge 2023 - INZAIN Cycling EXPERIENCES<\/title>\n<meta name=\"robots\" content=\"index, follow, max-snippet:-1, max-image-preview:large, max-video-preview:-1\" \/>\n<link rel=\"canonical\" href=\"https:\/\/inzain.bike\/en_gb\/rallarvegen-norge-2023\/\" \/>\n<meta property=\"og:locale\" content=\"en_GB\" \/>\n<meta property=\"og:type\" content=\"article\" \/>\n<meta property=\"og:title\" content=\"Rallarvegen Norge 2023 - INZAIN Cycling EXPERIENCES\" \/>\n<meta property=\"og:description\" content=\"V\u00e4lkommen till en fantastisk helg med Gravel i Norge N\u00e4r: 15-16 juli 2023.Var: Geilo, NorgeHur: Vi \u00e5ker till Geilo, cyklar till Fl\u00e5ms, sover en natt och \u00e5ker t\u00e5g tillbaka till GeiloSova: Vi bor p\u00e5 Vangsg\u00e5rden i Aurland, n\u00e5gon kilometer fr\u00e5n Fl\u00e5msPris: Sj\u00e4lvkostnad, man bokar sj\u00e4lv hotell och t\u00e5g. Vad kan du f\u00f6rv\u00e4nta dig?Vi cyklar f\u00f6r [&hellip;]\" \/>\n<meta property=\"og:url\" content=\"https:\/\/inzain.bike\/en_gb\/rallarvegen-norge-2023\/\" \/>\n<meta property=\"og:site_name\" content=\"INZAIN Cycling EXPERIENCES\" \/>\n<meta property=\"article:publisher\" content=\"https:\/\/www.facebook.com\/Inzain.bike\" \/>\n<meta property=\"article:modified_time\" content=\"2022-12-03T08:45:04+00:00\" \/>\n<meta property=\"og:image\" content=\"https:\/\/inzain.bike\/wp-content\/uploads\/2022\/10\/geilo3-1024x682.jpg\" \/>\n<meta name=\"twitter:card\" content=\"summary_large_image\" \/>\n<meta name=\"twitter:label1\" content=\"Estimated reading time\" \/>\n\t<meta name=\"twitter:data1\" content=\"1 minute\" \/>\n<script type=\"application\/ld+json\" class=\"yoast-schema-graph\">{\"@context\":\"https:\/\/schema.org\",\"@graph\":[{\"@type\":\"WebPage\",\"@id\":\"https:\/\/inzain.bike\/sv_se\/rallarvegen-norge-2023\/\",\"url\":\"https:\/\/inzain.bike\/sv_se\/rallarvegen-norge-2023\/\",\"name\":\"Rallarvegen Norge 2023 - INZAIN Cycling EXPERIENCES\",\"isPartOf\":{\"@id\":\"https:\/\/inzain.bike\/fr_be\/#website\"},\"primaryImageOfPage\":{\"@id\":\"https:\/\/inzain.bike\/sv_se\/rallarvegen-norge-2023\/#primaryimage\"},\"image\":{\"@id\":\"https:\/\/inzain.bike\/sv_se\/rallarvegen-norge-2023\/#primaryimage\"},\"thumbnailUrl\":\"https:\/\/inzain.bike\/wp-content\/uploads\/2022\/10\/geilo3-1024x682.jpg\",\"datePublished\":\"2022-10-03T07:51:16+00:00\",\"dateModified\":\"2022-12-03T08:45:04+00:00\",\"breadcrumb\":{\"@id\":\"https:\/\/inzain.bike\/sv_se\/rallarvegen-norge-2023\/#breadcrumb\"},\"inLanguage\":\"en-GB\",\"potentialAction\":[{\"@type\":\"ReadAction\",\"target\":[\"https:\/\/inzain.bike\/sv_se\/rallarvegen-norge-2023\/\"]}]},{\"@type\":\"ImageObject\",\"inLanguage\":\"en-GB\",\"@id\":\"https:\/\/inzain.bike\/sv_se\/rallarvegen-norge-2023\/#primaryimage\",\"url\":\"https:\/\/inzain.bike\/wp-content\/uploads\/2022\/10\/geilo3-1024x682.jpg\",\"contentUrl\":\"https:\/\/inzain.bike\/wp-content\/uploads\/2022\/10\/geilo3-1024x682.jpg\"},{\"@type\":\"BreadcrumbList\",\"@id\":\"https:\/\/inzain.bike\/sv_se\/rallarvegen-norge-2023\/#breadcrumb\",\"itemListElement\":[{\"@type\":\"ListItem\",\"position\":1,\"name\":\"Hem\",\"item\":\"https:\/\/inzain.bike\/fr_be\/\"},{\"@type\":\"ListItem\",\"position\":2,\"name\":\"Rallarvegen Norge 2023\"}]},{\"@type\":\"WebSite\",\"@id\":\"https:\/\/inzain.bike\/fr_be\/#website\",\"url\":\"https:\/\/inzain.bike\/fr_be\/\",\"name\":\"INZAIN Cycling EXPERIENCES\",\"description\":\"Cyckling Adventures  - for everyone\",\"publisher\":{\"@id\":\"https:\/\/inzain.bike\/fr_be\/#organization\"},\"alternateName\":\"INZAIN Gravel & Travel\",\"potentialAction\":[{\"@type\":\"SearchAction\",\"target\":{\"@type\":\"EntryPoint\",\"urlTemplate\":\"https:\/\/inzain.bike\/fr_be\/?s={search_term_string}\"},\"query-input\":{\"@type\":\"PropertyValueSpecification\",\"valueRequired\":true,\"valueName\":\"search_term_string\"}}],\"inLanguage\":\"en-GB\"},{\"@type\":\"Organization\",\"@id\":\"https:\/\/inzain.bike\/fr_be\/#organization\",\"name\":\"INZAIN Cycling EXPERIENCES\",\"url\":\"https:\/\/inzain.bike\/fr_be\/\",\"logo\":{\"@type\":\"ImageObject\",\"inLanguage\":\"en-GB\",\"@id\":\"https:\/\/inzain.bike\/fr_be\/#\/schema\/logo\/image\/\",\"url\":\"https:\/\/i0.wp.com\/inzain.bike\/wp-content\/uploads\/2023\/09\/cropped-INZAIN_512x512_white.png?fit=512%2C512&ssl=1\",\"contentUrl\":\"https:\/\/i0.wp.com\/inzain.bike\/wp-content\/uploads\/2023\/09\/cropped-INZAIN_512x512_white.png?fit=512%2C512&ssl=1\",\"width\":512,\"height\":512,\"caption\":\"INZAIN Cycling EXPERIENCES\"},\"image\":{\"@id\":\"https:\/\/inzain.bike\/fr_be\/#\/schema\/logo\/image\/\"},\"sameAs\":[\"https:\/\/www.facebook.com\/Inzain.bike\",\"https:\/\/www.instagram.com\/inzainbike\"]}]}<\/script>\n<!-- \/ Yoast SEO plugin. -->","yoast_head_json":{"title":"Rallarvegen Norway 2023 - INZAIN Cycling EXPERIENCES","robots":{"index":"index","follow":"follow","max-snippet":"max-snippet:-1","max-image-preview":"max-image-preview:large","max-video-preview":"max-video-preview:-1"},"canonical":"https:\/\/inzain.bike\/en_gb\/rallarvegen-norge-2023\/","og_locale":"en_GB","og_type":"article","og_title":"Rallarvegen Norge 2023 - INZAIN Cycling EXPERIENCES","og_description":"V\u00e4lkommen till en fantastisk helg med Gravel i Norge N\u00e4r: 15-16 juli 2023.Var: Geilo, NorgeHur: Vi \u00e5ker till Geilo, cyklar till Fl\u00e5ms, sover en natt och \u00e5ker t\u00e5g tillbaka till GeiloSova: Vi bor p\u00e5 Vangsg\u00e5rden i Aurland, n\u00e5gon kilometer fr\u00e5n Fl\u00e5msPris: Sj\u00e4lvkostnad, man bokar sj\u00e4lv hotell och t\u00e5g. Vad kan du f\u00f6rv\u00e4nta dig?Vi cyklar f\u00f6r [&hellip;]","og_url":"https:\/\/inzain.bike\/en_gb\/rallarvegen-norge-2023\/","og_site_name":"INZAIN Cycling EXPERIENCES","article_publisher":"https:\/\/www.facebook.com\/Inzain.bike","article_modified_time":"2022-12-03T08:45:04+00:00","og_image":[{"url":"https:\/\/inzain.bike\/wp-content\/uploads\/2022\/10\/geilo3-1024x682.jpg","type":"","width":"","height":""}],"twitter_card":"summary_large_image","twitter_misc":{"Estimated reading time":"1 minute"},"schema":{"@context":"https:\/\/schema.org","@graph":[{"@type":"WebPage","@id":"https:\/\/inzain.bike\/sv_se\/rallarvegen-norge-2023\/","url":"https:\/\/inzain.bike\/sv_se\/rallarvegen-norge-2023\/","name":"Rallarvegen Norway 2023 - INZAIN Cycling EXPERIENCES","isPartOf":{"@id":"https:\/\/inzain.bike\/fr_be\/#website"},"primaryImageOfPage":{"@id":"https:\/\/inzain.bike\/sv_se\/rallarvegen-norge-2023\/#primaryimage"},"image":{"@id":"https:\/\/inzain.bike\/sv_se\/rallarvegen-norge-2023\/#primaryimage"},"thumbnailUrl":"https:\/\/inzain.bike\/wp-content\/uploads\/2022\/10\/geilo3-1024x682.jpg","datePublished":"2022-10-03T07:51:16+00:00","dateModified":"2022-12-03T08:45:04+00:00","breadcrumb":{"@id":"https:\/\/inzain.bike\/sv_se\/rallarvegen-norge-2023\/#breadcrumb"},"inLanguage":"en-GB","potentialAction":[{"@type":"ReadAction","target":["https:\/\/inzain.bike\/sv_se\/rallarvegen-norge-2023\/"]}]},{"@type":"ImageObject","inLanguage":"en-GB","@id":"https:\/\/inzain.bike\/sv_se\/rallarvegen-norge-2023\/#primaryimage","url":"https:\/\/inzain.bike\/wp-content\/uploads\/2022\/10\/geilo3-1024x682.jpg","contentUrl":"https:\/\/inzain.bike\/wp-content\/uploads\/2022\/10\/geilo3-1024x682.jpg"},{"@type":"BreadcrumbList","@id":"https:\/\/inzain.bike\/sv_se\/rallarvegen-norge-2023\/#breadcrumb","itemListElement":[{"@type":"ListItem","position":1,"name":"Hem","item":"https:\/\/inzain.bike\/fr_be\/"},{"@type":"ListItem","position":2,"name":"Rallarvegen Norge 2023"}]},{"@type":"WebSite","@id":"https:\/\/inzain.bike\/fr_be\/#website","url":"https:\/\/inzain.bike\/fr_be\/","name":"INZAIN Cycling EXPERIENCES","description":"Cycling Adventures - for everyone","publisher":{"@id":"https:\/\/inzain.bike\/fr_be\/#organization"},"alternateName":"INZAIN Gravel & Travel","potentialAction":[{"@type":"SearchAction","target":{"@type":"EntryPoint","urlTemplate":"https:\/\/inzain.bike\/fr_be\/?s={search_term_string}"},"query-input":{"@type":"PropertyValueSpecification","valueRequired":true,"valueName":"search_term_string"}}],"inLanguage":"en-GB"},{"@type":"Organization","@id":"https:\/\/inzain.bike\/fr_be\/#organization","name":"INZAIN Cycling EXPERIENCES","url":"https:\/\/inzain.bike\/fr_be\/","logo":{"@type":"ImageObject","inLanguage":"en-GB","@id":"https:\/\/inzain.bike\/fr_be\/#\/schema\/logo\/image\/","url":"https:\/\/i0.wp.com\/inzain.bike\/wp-content\/uploads\/2023\/09\/cropped-INZAIN_512x512_white.png?fit=512%2C512&ssl=1","contentUrl":"https:\/\/i0.wp.com\/inzain.bike\/wp-content\/uploads\/2023\/09\/cropped-INZAIN_512x512_white.png?fit=512%2C512&ssl=1","width":512,"height":512,"caption":"INZAIN Cycling EXPERIENCES"},"image":{"@id":"https:\/\/inzain.bike\/fr_be\/#\/schema\/logo\/image\/"},"sameAs":["https:\/\/www.facebook.com\/Inzain.bike","https:\/\/www.instagram.com\/inzainbike"]}]}},"amp_enabled":true,"_links":{"self":[{"href":"https:\/\/inzain.bike\/en_gb\/wp-json\/wp\/v2\/pages\/2006","targetHints":{"allow":["GET"]}}],"collection":[{"href":"https:\/\/inzain.bike\/en_gb\/wp-json\/wp\/v2\/pages"}],"about":[{"href":"https:\/\/inzain.bike\/en_gb\/wp-json\/wp\/v2\/types\/page"}],"author":[{"embeddable":true,"href":"https:\/\/inzain.bike\/en_gb\/wp-json\/wp\/v2\/users\/135133094"}],"replies":[{"embeddable":true,"href":"https:\/\/inzain.bike\/en_gb\/wp-json\/wp\/v2\/comments?post=2006"}],"version-history":[{"count":0,"href":"https:\/\/inzain.bike\/en_gb\/wp-json\/wp\/v2\/pages\/2006\/revisions"}],"wp:attachment":[{"href":"https:\/\/inzain.bike\/en_gb\/wp-json\/wp\/v2\/media?parent=2006"}],"curies":[{"name":"wp","href":"https:\/\/api.w.org\/{rel}","templated":true}]}}