{"id":291,"date":"2021-04-11T19:09:23","date_gmt":"2021-04-11T17:09:23","guid":{"rendered":"https:\/\/inzain.bike\/?page_id=291"},"modified":"2025-07-26T08:48:22","modified_gmt":"2025-07-26T06:48:22","slug":"kit-att-ha-med-pa-turen","status":"publish","type":"page","link":"https:\/\/inzain.bike\/en_gb\/kit-att-ha-med-pa-turen\/","title":{"rendered":"Kit to take with you on the trip"},"content":{"rendered":"<p>It&#039;s not always so easy to get a ride or a taxi, especially if you&#039;re out in the woods. It can be a long walk. It always works out, but having equipment to cope with minor errors is a good idea.<\/p>\n\n\n\n<h5 class=\"wp-block-heading\">Good to have with you:<\/h5>\n\n\n\n<p>Hose(s), pump\/Co2, extra chain lock, chain breaker\/Multitool, team patches (Park tool GP-2 kit and patches of glue sandpaper from Parktool VP-1), extra gear lug, some cable ties, With that kit you can do most things. I also have some Gorillatape that I wrap around the CO2 cartridge. A file for tires is good to have, so if the hole in the tire needs to be repaired, you can file it up. I also have a tool to be able to open a chain that has QL, mine is part of a larger kit, but there are several options.<\/p>\n\n\n\n<p>Feel free to supplement with a tool to plug a tire, if you run TL (tubeless). Stans DART is best in my experience. Park Tool TB-2C Tire Boot, for repairing tires. An extra screw for SPD pedal is also good to have, preferably a whole SPD cleat, 2.5mm HEX for pedal and a Torx, good to open worn out screws. Tubolito are awesome extra tubes, if you run them, remember to bring repair patches for Tubolito, regular ones don&#039;t work. A piece of chain and TWO quick-links, can solve problems with broken chains. An extra valve core and tools for these, i.e. a valve core tool. <\/p>\n\n\n\n<p><\/p>\n\n\n\n<p>Fluid and energy in some form, and please plan (at least) a snack along the way. It splits the tour and is very nice. It is a good idea to bring reinforcements, especially in spring and autumn or if you are climbing at higher altitudes (a rule of thumb is that it gets about 1 degree colder per 200m of altitude). A warmer hat and a rain\/windproof jacket are golden if there is a shower or headwinds.<\/p>\n\n\n\n<p>Medkit in some form, good to have antihistamine, and alvedon and ipren. Takes no place, in Tuscany we cycled into a wasp nest, it can happen anywhere, antihistamine, is gold. Painkillers can help someone who is in pain. Better that the medkit is included than that it is too big. Plasters, bandages, some kind of antiseptic, e.g. you can go a long way with this canvas.<\/p>\n\n\n\n<p><\/p>","protected":false},"excerpt":{"rendered":"<p>Det \u00e4r inte alltid s\u00e5 l\u00e4tt f\u00e5 tag p\u00e5 skjuts eller taxi, s\u00e4rskilt inte om du \u00e4r ute i skogen. Det kan bli en l\u00e5ng promenad. Det l\u00f6ser sig alltid, men att ha med utrustning f\u00f6r att klara mindre fel \u00e4r en bra ide. Bra att ha med sig: Slang(ar), pump\/Co2, extra kedjel\u00e5s, kedjebrytare\/Multitool, laglappar(Park [&hellip;]<\/p>\n","protected":false},"author":135133094,"featured_media":0,"parent":0,"menu_order":0,"comment_status":"closed","ping_status":"closed","template":"","meta":{"_coblocks_attr":"","_coblocks_dimensions":"","_coblocks_responsive_height":"","_coblocks_accordion_ie_support":"","footnotes":""},"class_list":["post-291","page","type-page","status-publish","hentry"],"yoast_head":"<!-- This site is optimized with the Yoast SEO plugin v27.2 - https:\/\/yoast.com\/product\/yoast-seo-wordpress\/ -->\n<title>Kit att ha med p\u00e5 turen - INZAIN Cycling EXPERIENCES<\/title>\n<meta name=\"robots\" content=\"index, follow, max-snippet:-1, max-image-preview:large, max-video-preview:-1\" \/>\n<link rel=\"canonical\" href=\"https:\/\/inzain.bike\/en_gb\/kit-att-ha-med-pa-turen\/\" \/>\n<meta property=\"og:locale\" content=\"en_GB\" \/>\n<meta property=\"og:type\" content=\"article\" \/>\n<meta property=\"og:title\" content=\"Kit att ha med p\u00e5 turen - INZAIN Cycling EXPERIENCES\" \/>\n<meta property=\"og:description\" content=\"Det \u00e4r inte alltid s\u00e5 l\u00e4tt f\u00e5 tag p\u00e5 skjuts eller taxi, s\u00e4rskilt inte om du \u00e4r ute i skogen. Det kan bli en l\u00e5ng promenad. Det l\u00f6ser sig alltid, men att ha med utrustning f\u00f6r att klara mindre fel \u00e4r en bra ide. Bra att ha med sig: Slang(ar), pump\/Co2, extra kedjel\u00e5s, kedjebrytare\/Multitool, laglappar(Park [&hellip;]\" \/>\n<meta property=\"og:url\" content=\"https:\/\/inzain.bike\/en_gb\/kit-att-ha-med-pa-turen\/\" \/>\n<meta property=\"og:site_name\" content=\"INZAIN Cycling EXPERIENCES\" \/>\n<meta property=\"article:publisher\" content=\"https:\/\/www.facebook.com\/Inzain.bike\" \/>\n<meta property=\"article:modified_time\" content=\"2025-07-26T06:48:22+00:00\" \/>\n<meta name=\"twitter:card\" content=\"summary_large_image\" \/>\n<meta name=\"twitter:label1\" content=\"Estimated reading time\" \/>\n\t<meta name=\"twitter:data1\" content=\"2 minutes\" \/>\n<script type=\"application\/ld+json\" class=\"yoast-schema-graph\">{\"@context\":\"https:\/\/schema.org\",\"@graph\":[{\"@type\":\"WebPage\",\"@id\":\"https:\/\/inzain.bike\/sv_se\/kit-att-ha-med-pa-turen\/\",\"url\":\"https:\/\/inzain.bike\/sv_se\/kit-att-ha-med-pa-turen\/\",\"name\":\"Kit att ha med p\u00e5 turen - INZAIN Cycling EXPERIENCES\",\"isPartOf\":{\"@id\":\"https:\/\/inzain.bike\/fr_be\/#website\"},\"datePublished\":\"2021-04-11T17:09:23+00:00\",\"dateModified\":\"2025-07-26T06:48:22+00:00\",\"breadcrumb\":{\"@id\":\"https:\/\/inzain.bike\/sv_se\/kit-att-ha-med-pa-turen\/#breadcrumb\"},\"inLanguage\":\"en-GB\",\"potentialAction\":[{\"@type\":\"ReadAction\",\"target\":[\"https:\/\/inzain.bike\/sv_se\/kit-att-ha-med-pa-turen\/\"]}]},{\"@type\":\"BreadcrumbList\",\"@id\":\"https:\/\/inzain.bike\/sv_se\/kit-att-ha-med-pa-turen\/#breadcrumb\",\"itemListElement\":[{\"@type\":\"ListItem\",\"position\":1,\"name\":\"Hem\",\"item\":\"https:\/\/inzain.bike\/fr_be\/\"},{\"@type\":\"ListItem\",\"position\":2,\"name\":\"Kit att ha med p\u00e5 turen\"}]},{\"@type\":\"WebSite\",\"@id\":\"https:\/\/inzain.bike\/fr_be\/#website\",\"url\":\"https:\/\/inzain.bike\/fr_be\/\",\"name\":\"INZAIN Cycling EXPERIENCES\",\"description\":\"Cyckling Adventures  - for everyone\",\"publisher\":{\"@id\":\"https:\/\/inzain.bike\/fr_be\/#organization\"},\"alternateName\":\"INZAIN Gravel & Travel\",\"potentialAction\":[{\"@type\":\"SearchAction\",\"target\":{\"@type\":\"EntryPoint\",\"urlTemplate\":\"https:\/\/inzain.bike\/fr_be\/?s={search_term_string}\"},\"query-input\":{\"@type\":\"PropertyValueSpecification\",\"valueRequired\":true,\"valueName\":\"search_term_string\"}}],\"inLanguage\":\"en-GB\"},{\"@type\":\"Organization\",\"@id\":\"https:\/\/inzain.bike\/fr_be\/#organization\",\"name\":\"INZAIN Cycling EXPERIENCES\",\"url\":\"https:\/\/inzain.bike\/fr_be\/\",\"logo\":{\"@type\":\"ImageObject\",\"inLanguage\":\"en-GB\",\"@id\":\"https:\/\/inzain.bike\/fr_be\/#\/schema\/logo\/image\/\",\"url\":\"https:\/\/i0.wp.com\/inzain.bike\/wp-content\/uploads\/2023\/09\/cropped-INZAIN_512x512_white.png?fit=512%2C512&ssl=1\",\"contentUrl\":\"https:\/\/i0.wp.com\/inzain.bike\/wp-content\/uploads\/2023\/09\/cropped-INZAIN_512x512_white.png?fit=512%2C512&ssl=1\",\"width\":512,\"height\":512,\"caption\":\"INZAIN Cycling EXPERIENCES\"},\"image\":{\"@id\":\"https:\/\/inzain.bike\/fr_be\/#\/schema\/logo\/image\/\"},\"sameAs\":[\"https:\/\/www.facebook.com\/Inzain.bike\",\"https:\/\/www.instagram.com\/inzainbike\"]}]}<\/script>\n<!-- \/ Yoast SEO plugin. -->","yoast_head_json":{"title":"Kit to take on the tour - INZAIN Cycling EXPERIENCES","robots":{"index":"index","follow":"follow","max-snippet":"max-snippet:-1","max-image-preview":"max-image-preview:large","max-video-preview":"max-video-preview:-1"},"canonical":"https:\/\/inzain.bike\/en_gb\/kit-att-ha-med-pa-turen\/","og_locale":"en_GB","og_type":"article","og_title":"Kit att ha med p\u00e5 turen - INZAIN Cycling EXPERIENCES","og_description":"Det \u00e4r inte alltid s\u00e5 l\u00e4tt f\u00e5 tag p\u00e5 skjuts eller taxi, s\u00e4rskilt inte om du \u00e4r ute i skogen. Det kan bli en l\u00e5ng promenad. Det l\u00f6ser sig alltid, men att ha med utrustning f\u00f6r att klara mindre fel \u00e4r en bra ide. Bra att ha med sig: Slang(ar), pump\/Co2, extra kedjel\u00e5s, kedjebrytare\/Multitool, laglappar(Park [&hellip;]","og_url":"https:\/\/inzain.bike\/en_gb\/kit-att-ha-med-pa-turen\/","og_site_name":"INZAIN Cycling EXPERIENCES","article_publisher":"https:\/\/www.facebook.com\/Inzain.bike","article_modified_time":"2025-07-26T06:48:22+00:00","twitter_card":"summary_large_image","twitter_misc":{"Estimated reading time":"2 minutes"},"schema":{"@context":"https:\/\/schema.org","@graph":[{"@type":"WebPage","@id":"https:\/\/inzain.bike\/sv_se\/kit-att-ha-med-pa-turen\/","url":"https:\/\/inzain.bike\/sv_se\/kit-att-ha-med-pa-turen\/","name":"Kit to take on the tour - INZAIN Cycling EXPERIENCES","isPartOf":{"@id":"https:\/\/inzain.bike\/fr_be\/#website"},"datePublished":"2021-04-11T17:09:23+00:00","dateModified":"2025-07-26T06:48:22+00:00","breadcrumb":{"@id":"https:\/\/inzain.bike\/sv_se\/kit-att-ha-med-pa-turen\/#breadcrumb"},"inLanguage":"en-GB","potentialAction":[{"@type":"ReadAction","target":["https:\/\/inzain.bike\/sv_se\/kit-att-ha-med-pa-turen\/"]}]},{"@type":"BreadcrumbList","@id":"https:\/\/inzain.bike\/sv_se\/kit-att-ha-med-pa-turen\/#breadcrumb","itemListElement":[{"@type":"ListItem","position":1,"name":"Hem","item":"https:\/\/inzain.bike\/fr_be\/"},{"@type":"ListItem","position":2,"name":"Kit att ha med p\u00e5 turen"}]},{"@type":"WebSite","@id":"https:\/\/inzain.bike\/fr_be\/#website","url":"https:\/\/inzain.bike\/fr_be\/","name":"INZAIN Cycling EXPERIENCES","description":"Cycling Adventures - for everyone","publisher":{"@id":"https:\/\/inzain.bike\/fr_be\/#organization"},"alternateName":"INZAIN Gravel & Travel","potentialAction":[{"@type":"SearchAction","target":{"@type":"EntryPoint","urlTemplate":"https:\/\/inzain.bike\/fr_be\/?s={search_term_string}"},"query-input":{"@type":"PropertyValueSpecification","valueRequired":true,"valueName":"search_term_string"}}],"inLanguage":"en-GB"},{"@type":"Organization","@id":"https:\/\/inzain.bike\/fr_be\/#organization","name":"INZAIN Cycling EXPERIENCES","url":"https:\/\/inzain.bike\/fr_be\/","logo":{"@type":"ImageObject","inLanguage":"en-GB","@id":"https:\/\/inzain.bike\/fr_be\/#\/schema\/logo\/image\/","url":"https:\/\/i0.wp.com\/inzain.bike\/wp-content\/uploads\/2023\/09\/cropped-INZAIN_512x512_white.png?fit=512%2C512&ssl=1","contentUrl":"https:\/\/i0.wp.com\/inzain.bike\/wp-content\/uploads\/2023\/09\/cropped-INZAIN_512x512_white.png?fit=512%2C512&ssl=1","width":512,"height":512,"caption":"INZAIN Cycling EXPERIENCES"},"image":{"@id":"https:\/\/inzain.bike\/fr_be\/#\/schema\/logo\/image\/"},"sameAs":["https:\/\/www.facebook.com\/Inzain.bike","https:\/\/www.instagram.com\/inzainbike"]}]}},"amp_enabled":true,"_links":{"self":[{"href":"https:\/\/inzain.bike\/en_gb\/wp-json\/wp\/v2\/pages\/291","targetHints":{"allow":["GET"]}}],"collection":[{"href":"https:\/\/inzain.bike\/en_gb\/wp-json\/wp\/v2\/pages"}],"about":[{"href":"https:\/\/inzain.bike\/en_gb\/wp-json\/wp\/v2\/types\/page"}],"author":[{"embeddable":true,"href":"https:\/\/inzain.bike\/en_gb\/wp-json\/wp\/v2\/users\/135133094"}],"replies":[{"embeddable":true,"href":"https:\/\/inzain.bike\/en_gb\/wp-json\/wp\/v2\/comments?post=291"}],"version-history":[{"count":1,"href":"https:\/\/inzain.bike\/en_gb\/wp-json\/wp\/v2\/pages\/291\/revisions"}],"predecessor-version":[{"id":8293,"href":"https:\/\/inzain.bike\/en_gb\/wp-json\/wp\/v2\/pages\/291\/revisions\/8293"}],"wp:attachment":[{"href":"https:\/\/inzain.bike\/en_gb\/wp-json\/wp\/v2\/media?parent=291"}],"curies":[{"name":"wp","href":"https:\/\/api.w.org\/{rel}","templated":true}]}}