{"id":5037,"date":"2023-11-11T17:35:12","date_gmt":"2023-11-11T16:35:12","guid":{"rendered":"https:\/\/inzain.bike\/?page_id=5037"},"modified":"2023-11-16T19:33:22","modified_gmt":"2023-11-16T18:33:22","slug":"cha24-om","status":"publish","type":"page","link":"https:\/\/inzain.bike\/en_gb\/cha24-om\/","title":{"rendered":"About Champagne"},"content":{"rendered":"<div class=\"wp-block-columns alignwide is-layout-flex wp-container-core-columns-is-layout-28f84493 wp-block-columns-is-layout-flex\">\n<div class=\"wp-block-column is-layout-flow wp-block-column-is-layout-flow\">\n<div class=\"wp-block-jetpack-tiled-gallery aligncenter is-style-rectangular\"><div class=\"tiled-gallery__gallery\"><div class=\"tiled-gallery__row\"><div class=\"tiled-gallery__col\" style=\"flex-basis:28.73051%\"><figure class=\"tiled-gallery__item\"><img decoding=\"async\" alt=\"\" data-height=\"3459\" data-id=\"5395\" data-link=\"https:\/\/inzain.bike\/cha24-om\/20230722_091211-2\/\" data-url=\"https:\/\/inzain.bike\/wp-content\/uploads\/2023\/11\/20230722_091211-888x1024.jpg\" data-width=\"3000\" src=\"https:\/\/i0.wp.com\/inzain.bike\/wp-content\/uploads\/2023\/11\/20230722_091211-888x1024.jpg?ssl=1\" data-amp-layout=\"responsive\"\/><\/figure><\/div><div class=\"tiled-gallery__col\" style=\"flex-basis:24.85973%\"><figure class=\"tiled-gallery__item\"><img decoding=\"async\" alt=\"\" data-height=\"4000\" data-id=\"5396\" data-link=\"https:\/\/inzain.bike\/cha24-om\/20230722_141217\/\" data-url=\"https:\/\/inzain.bike\/wp-content\/uploads\/2023\/11\/20230722_141217-768x1024.jpg\" data-width=\"3000\" src=\"https:\/\/i1.wp.com\/inzain.bike\/wp-content\/uploads\/2023\/11\/20230722_141217-768x1024.jpg?ssl=1\" data-amp-layout=\"responsive\"\/><\/figure><\/div><div class=\"tiled-gallery__col\" style=\"flex-basis:24.85973%\"><figure class=\"tiled-gallery__item\"><img decoding=\"async\" alt=\"\" data-height=\"4000\" data-id=\"5397\" data-link=\"https:\/\/inzain.bike\/cha24-om\/20230722_160405\/\" data-url=\"https:\/\/inzain.bike\/wp-content\/uploads\/2023\/11\/20230722_160405-768x1024.jpg\" data-width=\"3000\" src=\"https:\/\/i2.wp.com\/inzain.bike\/wp-content\/uploads\/2023\/11\/20230722_160405-768x1024.jpg?ssl=1\" data-amp-layout=\"responsive\"\/><\/figure><\/div><div class=\"tiled-gallery__col\" style=\"flex-basis:21.55003%\"><figure class=\"tiled-gallery__item\"><img decoding=\"async\" alt=\"\" data-height=\"3674\" data-id=\"5399\" data-link=\"https:\/\/inzain.bike\/cha24-om\/20230722_195642-2\/\" data-url=\"https:\/\/inzain.bike\/wp-content\/uploads\/2023\/11\/20230722_195642-665x1024.jpg\" data-width=\"2387\" src=\"https:\/\/i0.wp.com\/inzain.bike\/wp-content\/uploads\/2023\/11\/20230722_195642-665x1024.jpg?ssl=1\" data-amp-layout=\"responsive\"\/><\/figure><\/div><\/div><div class=\"tiled-gallery__row\"><div class=\"tiled-gallery__col\" style=\"flex-basis:39.75381%\"><figure class=\"tiled-gallery__item\"><img decoding=\"async\" alt=\"\" data-height=\"3192\" data-id=\"5400\" data-link=\"https:\/\/inzain.bike\/cha24-om\/20230723_122726-2\/\" data-url=\"https:\/\/inzain.bike\/wp-content\/uploads\/2023\/11\/20230723_122726-909x1024.jpg\" data-width=\"2835\" src=\"https:\/\/i1.wp.com\/inzain.bike\/wp-content\/uploads\/2023\/11\/20230723_122726-909x1024.jpg?ssl=1\" data-amp-layout=\"responsive\"\/><\/figure><\/div><div class=\"tiled-gallery__col\" style=\"flex-basis:30.96450%\"><figure class=\"tiled-gallery__item\"><img decoding=\"async\" alt=\"\" data-height=\"3498\" data-id=\"5401\" data-link=\"https:\/\/inzain.bike\/cha24-om\/20230723_122822\/\" data-url=\"https:\/\/inzain.bike\/wp-content\/uploads\/2023\/11\/20230723_122822-708x1024.jpg\" data-width=\"2418\" src=\"https:\/\/i0.wp.com\/inzain.bike\/wp-content\/uploads\/2023\/11\/20230723_122822-708x1024.jpg?ssl=1\" data-amp-layout=\"responsive\"\/><\/figure><\/div><div class=\"tiled-gallery__col\" style=\"flex-basis:29.28169%\"><figure class=\"tiled-gallery__item\"><img decoding=\"async\" alt=\"\" data-height=\"2618\" data-id=\"5402\" data-link=\"https:\/\/inzain.bike\/cha24-om\/20230723_125318\/\" data-url=\"https:\/\/inzain.bike\/wp-content\/uploads\/2023\/11\/20230723_125318-669x1024.jpg\" data-width=\"1711\" src=\"https:\/\/i2.wp.com\/inzain.bike\/wp-content\/uploads\/2023\/11\/20230723_125318-669x1024.jpg?ssl=1\" data-amp-layout=\"responsive\"\/><\/figure><\/div><\/div><div class=\"tiled-gallery__row\"><div class=\"tiled-gallery__col\" style=\"flex-basis:72.60875%\"><figure class=\"tiled-gallery__item\"><img decoding=\"async\" alt=\"\" data-height=\"2268\" data-id=\"5403\" data-link=\"https:\/\/inzain.bike\/cha24-om\/dji_0349-2\/\" data-url=\"https:\/\/inzain.bike\/wp-content\/uploads\/2023\/11\/DJI_0349-1024x576.png\" data-width=\"4032\" src=\"https:\/\/i1.wp.com\/inzain.bike\/wp-content\/uploads\/2023\/11\/DJI_0349-1024x576.png?ssl=1\" data-amp-layout=\"responsive\"\/><\/figure><\/div><div class=\"tiled-gallery__col\" style=\"flex-basis:27.39125%\"><figure class=\"tiled-gallery__item\"><img decoding=\"async\" alt=\"\" data-height=\"2888\" data-id=\"5410\" data-link=\"https:\/\/inzain.bike\/cha24-om\/pexels-cottonbro-studio-3171770\/\" data-url=\"https:\/\/inzain.bike\/wp-content\/uploads\/2023\/11\/pexels-cottonbro-studio-3171770-684x1024.jpg\" data-width=\"1929\" src=\"https:\/\/i0.wp.com\/inzain.bike\/wp-content\/uploads\/2023\/11\/pexels-cottonbro-studio-3171770-684x1024.jpg?ssl=1\" data-amp-layout=\"responsive\"\/><\/figure><\/div><\/div><div class=\"tiled-gallery__row\"><div class=\"tiled-gallery__col\" style=\"flex-basis:33.31920%\"><figure class=\"tiled-gallery__item\"><img decoding=\"async\" alt=\"\" data-height=\"7500\" data-id=\"5411\" data-link=\"https:\/\/inzain.bike\/cha24-om\/pexels-fotograf-jylland-2995333\/\" data-url=\"https:\/\/inzain.bike\/wp-content\/uploads\/2023\/11\/pexels-fotograf-jylland-2995333-683x1024.jpg\" data-width=\"5000\" src=\"https:\/\/i0.wp.com\/inzain.bike\/wp-content\/uploads\/2023\/11\/pexels-fotograf-jylland-2995333-683x1024.jpg?ssl=1\" data-amp-layout=\"responsive\"\/><\/figure><\/div><div class=\"tiled-gallery__col\" style=\"flex-basis:33.31569%\"><figure class=\"tiled-gallery__item\"><img decoding=\"async\" alt=\"\" data-height=\"4736\" data-id=\"5412\" data-link=\"https:\/\/inzain.bike\/cha24-om\/pexels-nadi-lindsay-2672898\/\" data-url=\"https:\/\/inzain.bike\/wp-content\/uploads\/2023\/11\/pexels-nadi-lindsay-2672898-683x1024.jpg\" data-width=\"3157\" src=\"https:\/\/i1.wp.com\/inzain.bike\/wp-content\/uploads\/2023\/11\/pexels-nadi-lindsay-2672898-683x1024.jpg?ssl=1\" data-amp-layout=\"responsive\"\/><\/figure><\/div><div class=\"tiled-gallery__col\" style=\"flex-basis:33.36511%\"><figure class=\"tiled-gallery__item\"><img decoding=\"async\" alt=\"\" data-height=\"3980\" data-id=\"5414\" data-link=\"https:\/\/inzain.bike\/cha24-om\/pexels-pavel-danilyuk-6405793\/\" data-url=\"https:\/\/inzain.bike\/wp-content\/uploads\/2023\/11\/pexels-pavel-danilyuk-6405793-684x1024.jpg\" data-width=\"2657\" src=\"https:\/\/i1.wp.com\/inzain.bike\/wp-content\/uploads\/2023\/11\/pexels-pavel-danilyuk-6405793-684x1024.jpg?ssl=1\" data-amp-layout=\"responsive\"\/><\/figure><\/div><\/div><\/div><\/div>\n<\/div>\n\n\n\n<div class=\"wp-block-column is-layout-flow wp-block-column-is-layout-flow\">\n<p>You soon forget about it because the name speaks for itself so well. Along with its success, champagne has become a brand in its own right, but it is important to remember that it is first and foremost a wine. It belongs to the family of sparkling wines, as opposed to still wines.<\/p>\n\n\n\n<p>On July 4, 2015, &quot;Champagne&#039;s vineyards, wine houses and wine cellars&quot; were added to the UNESCO World Heritage List. This highest award is a recognition not only of a cultural landscape, but also of the work of a sector that has managed to produce, distribute and protect a unique product.<\/p>\n\n\n\n<p>The area that may be called AOC has been defined by a law from 1927 and covers 34,000 hectares. Champagne is a victim of its success and often subject to identity theft. You can only call a wine champagne if it was produced, harvested and prepared in the demarcated area of Champagne in France!<\/p>\n\n\n\n<p>Champagne is divided into four major regions. Farthest north, montagne de Reims, where the pinot noir grape gives strength and generosity. The Pinot meunier grape in Vall\u00e9 de la Marne, the Marne valley, gives fruitiness to champagne ros\u00e9. South of Epernay lies the C\u00f4te des Blancs with its limestone soil and it is the promised land of the chardonnay grape. Further south is the C\u00f4te des Bar and its continental climate which produces a light pinot noir.<br>But within these broad lines is a whole mosaic of micro-areas. Each vineyard gives its own identity to the wine.<\/p>\n\n\n\n<p>A blanc de blancs is a champagne made only from green grapes with chardonnay grapes. So far, everything is ready!<br>A blanc de noir is made from only blue grapes (pinot noir and\/or pinot meunier). Two grape varieties with colored skin but white inside.<\/p>\n\n\n\n<p>M\u00e9thode champenoise (or traditional method) is a carefully defined winemaking method for making champagne. Over the centuries, Champagne winegrowers have learned to &quot;tame their bubbles&quot; to ensure the diversity and excellence of their wines. &quot;Champagne&#039;s great lady&quot;, Madame Clicquot, already in the 18th century dared to defy the rules and improve this technique.<\/p>\n<\/div>\n<\/div>","protected":false},"excerpt":{"rendered":"<p>Man gl\u00f6mmer n\u00e4sta bort det eftersom namnet talar s\u00e5 bra f\u00f6r sig sj\u00e4lv. I takt med sina framg\u00e5ngar har champagne blivit ett varum\u00e4rke i sig, men det \u00e4r viktigt att komma ih\u00e5g att det framf\u00f6r allt \u00e4r ett vin. Det tillh\u00f6r familjen mousserande-viner, i motsats till stilla viner. Den 4 juli 2015 blev \u201dChampagnes ving\u00e5rdar, [&hellip;]<\/p>\n","protected":false},"author":135133094,"featured_media":0,"parent":0,"menu_order":0,"comment_status":"closed","ping_status":"closed","template":"","meta":{"_coblocks_attr":"","_coblocks_dimensions":"","_coblocks_responsive_height":"","_coblocks_accordion_ie_support":"","footnotes":""},"class_list":["post-5037","page","type-page","status-publish","hentry"],"yoast_head":"<!-- This site is optimized with the Yoast SEO plugin v27.2 - https:\/\/yoast.com\/product\/yoast-seo-wordpress\/ -->\n<title>Om Champagne - INZAIN Cycling EXPERIENCES<\/title>\n<meta name=\"robots\" content=\"index, follow, max-snippet:-1, max-image-preview:large, max-video-preview:-1\" \/>\n<link rel=\"canonical\" href=\"https:\/\/inzain.bike\/en_gb\/cha24-om\/\" \/>\n<meta property=\"og:locale\" content=\"en_GB\" \/>\n<meta property=\"og:type\" content=\"article\" \/>\n<meta property=\"og:title\" content=\"Om Champagne - INZAIN Cycling EXPERIENCES\" \/>\n<meta property=\"og:description\" content=\"Man gl\u00f6mmer n\u00e4sta bort det eftersom namnet talar s\u00e5 bra f\u00f6r sig sj\u00e4lv. I takt med sina framg\u00e5ngar har champagne blivit ett varum\u00e4rke i sig, men det \u00e4r viktigt att komma ih\u00e5g att det framf\u00f6r allt \u00e4r ett vin. Det tillh\u00f6r familjen mousserande-viner, i motsats till stilla viner. Den 4 juli 2015 blev \u201dChampagnes ving\u00e5rdar, [&hellip;]\" \/>\n<meta property=\"og:url\" content=\"https:\/\/inzain.bike\/en_gb\/cha24-om\/\" \/>\n<meta property=\"og:site_name\" content=\"INZAIN Cycling EXPERIENCES\" \/>\n<meta property=\"article:publisher\" content=\"https:\/\/www.facebook.com\/Inzain.bike\" \/>\n<meta property=\"article:modified_time\" content=\"2023-11-16T18:33:22+00:00\" \/>\n<meta property=\"og:image\" content=\"https:\/\/i0.wp.com\/inzain.bike\/wp-content\/uploads\/2023\/11\/20230722_091211-888x1024.jpg?ssl=1\" \/>\n<meta name=\"twitter:card\" content=\"summary_large_image\" \/>\n<meta name=\"twitter:label1\" content=\"Estimated reading time\" \/>\n\t<meta name=\"twitter:data1\" content=\"4 minutes\" \/>\n<script type=\"application\/ld+json\" class=\"yoast-schema-graph\">{\"@context\":\"https:\/\/schema.org\",\"@graph\":[{\"@type\":\"WebPage\",\"@id\":\"https:\/\/inzain.bike\/sv_se\/cha24-om\/\",\"url\":\"https:\/\/inzain.bike\/sv_se\/cha24-om\/\",\"name\":\"Om Champagne - INZAIN Cycling EXPERIENCES\",\"isPartOf\":{\"@id\":\"https:\/\/inzain.bike\/fr_be\/#website\"},\"primaryImageOfPage\":{\"@id\":\"https:\/\/inzain.bike\/sv_se\/cha24-om\/#primaryimage\"},\"image\":{\"@id\":\"https:\/\/inzain.bike\/sv_se\/cha24-om\/#primaryimage\"},\"thumbnailUrl\":\"https:\/\/i0.wp.com\/inzain.bike\/wp-content\/uploads\/2023\/11\/20230722_091211-888x1024.jpg?ssl=1\",\"datePublished\":\"2023-11-11T16:35:12+00:00\",\"dateModified\":\"2023-11-16T18:33:22+00:00\",\"breadcrumb\":{\"@id\":\"https:\/\/inzain.bike\/sv_se\/cha24-om\/#breadcrumb\"},\"inLanguage\":\"en-GB\",\"potentialAction\":[{\"@type\":\"ReadAction\",\"target\":[\"https:\/\/inzain.bike\/sv_se\/cha24-om\/\"]}]},{\"@type\":\"ImageObject\",\"inLanguage\":\"en-GB\",\"@id\":\"https:\/\/inzain.bike\/sv_se\/cha24-om\/#primaryimage\",\"url\":\"https:\/\/i0.wp.com\/inzain.bike\/wp-content\/uploads\/2023\/11\/20230722_091211-888x1024.jpg?ssl=1\",\"contentUrl\":\"https:\/\/i0.wp.com\/inzain.bike\/wp-content\/uploads\/2023\/11\/20230722_091211-888x1024.jpg?ssl=1\"},{\"@type\":\"BreadcrumbList\",\"@id\":\"https:\/\/inzain.bike\/sv_se\/cha24-om\/#breadcrumb\",\"itemListElement\":[{\"@type\":\"ListItem\",\"position\":1,\"name\":\"Hem\",\"item\":\"https:\/\/inzain.bike\/fr_be\/\"},{\"@type\":\"ListItem\",\"position\":2,\"name\":\"Om Champagne\"}]},{\"@type\":\"WebSite\",\"@id\":\"https:\/\/inzain.bike\/fr_be\/#website\",\"url\":\"https:\/\/inzain.bike\/fr_be\/\",\"name\":\"INZAIN Cycling EXPERIENCES\",\"description\":\"Cyckling Adventures  - for everyone\",\"publisher\":{\"@id\":\"https:\/\/inzain.bike\/fr_be\/#organization\"},\"alternateName\":\"INZAIN Gravel & Travel\",\"potentialAction\":[{\"@type\":\"SearchAction\",\"target\":{\"@type\":\"EntryPoint\",\"urlTemplate\":\"https:\/\/inzain.bike\/fr_be\/?s={search_term_string}\"},\"query-input\":{\"@type\":\"PropertyValueSpecification\",\"valueRequired\":true,\"valueName\":\"search_term_string\"}}],\"inLanguage\":\"en-GB\"},{\"@type\":\"Organization\",\"@id\":\"https:\/\/inzain.bike\/fr_be\/#organization\",\"name\":\"INZAIN Cycling EXPERIENCES\",\"url\":\"https:\/\/inzain.bike\/fr_be\/\",\"logo\":{\"@type\":\"ImageObject\",\"inLanguage\":\"en-GB\",\"@id\":\"https:\/\/inzain.bike\/fr_be\/#\/schema\/logo\/image\/\",\"url\":\"https:\/\/i0.wp.com\/inzain.bike\/wp-content\/uploads\/2023\/09\/cropped-INZAIN_512x512_white.png?fit=512%2C512&ssl=1\",\"contentUrl\":\"https:\/\/i0.wp.com\/inzain.bike\/wp-content\/uploads\/2023\/09\/cropped-INZAIN_512x512_white.png?fit=512%2C512&ssl=1\",\"width\":512,\"height\":512,\"caption\":\"INZAIN Cycling EXPERIENCES\"},\"image\":{\"@id\":\"https:\/\/inzain.bike\/fr_be\/#\/schema\/logo\/image\/\"},\"sameAs\":[\"https:\/\/www.facebook.com\/Inzain.bike\",\"https:\/\/www.instagram.com\/inzainbike\"]}]}<\/script>\n<!-- \/ Yoast SEO plugin. -->","yoast_head_json":{"title":"About Champagne - INZAIN Cycling EXPERIENCES","robots":{"index":"index","follow":"follow","max-snippet":"max-snippet:-1","max-image-preview":"max-image-preview:large","max-video-preview":"max-video-preview:-1"},"canonical":"https:\/\/inzain.bike\/en_gb\/cha24-om\/","og_locale":"en_GB","og_type":"article","og_title":"Om Champagne - INZAIN Cycling EXPERIENCES","og_description":"Man gl\u00f6mmer n\u00e4sta bort det eftersom namnet talar s\u00e5 bra f\u00f6r sig sj\u00e4lv. I takt med sina framg\u00e5ngar har champagne blivit ett varum\u00e4rke i sig, men det \u00e4r viktigt att komma ih\u00e5g att det framf\u00f6r allt \u00e4r ett vin. Det tillh\u00f6r familjen mousserande-viner, i motsats till stilla viner. Den 4 juli 2015 blev \u201dChampagnes ving\u00e5rdar, [&hellip;]","og_url":"https:\/\/inzain.bike\/en_gb\/cha24-om\/","og_site_name":"INZAIN Cycling EXPERIENCES","article_publisher":"https:\/\/www.facebook.com\/Inzain.bike","article_modified_time":"2023-11-16T18:33:22+00:00","og_image":[{"url":"https:\/\/i0.wp.com\/inzain.bike\/wp-content\/uploads\/2023\/11\/20230722_091211-888x1024.jpg?ssl=1","type":"","width":"","height":""}],"twitter_card":"summary_large_image","twitter_misc":{"Estimated reading time":"4 minutes"},"schema":{"@context":"https:\/\/schema.org","@graph":[{"@type":"WebPage","@id":"https:\/\/inzain.bike\/sv_se\/cha24-om\/","url":"https:\/\/inzain.bike\/sv_se\/cha24-om\/","name":"About Champagne - INZAIN Cycling EXPERIENCES","isPartOf":{"@id":"https:\/\/inzain.bike\/fr_be\/#website"},"primaryImageOfPage":{"@id":"https:\/\/inzain.bike\/sv_se\/cha24-om\/#primaryimage"},"image":{"@id":"https:\/\/inzain.bike\/sv_se\/cha24-om\/#primaryimage"},"thumbnailUrl":"https:\/\/i0.wp.com\/inzain.bike\/wp-content\/uploads\/2023\/11\/20230722_091211-888x1024.jpg?ssl=1","datePublished":"2023-11-11T16:35:12+00:00","dateModified":"2023-11-16T18:33:22+00:00","breadcrumb":{"@id":"https:\/\/inzain.bike\/sv_se\/cha24-om\/#breadcrumb"},"inLanguage":"en-GB","potentialAction":[{"@type":"ReadAction","target":["https:\/\/inzain.bike\/sv_se\/cha24-om\/"]}]},{"@type":"ImageObject","inLanguage":"en-GB","@id":"https:\/\/inzain.bike\/sv_se\/cha24-om\/#primaryimage","url":"https:\/\/i0.wp.com\/inzain.bike\/wp-content\/uploads\/2023\/11\/20230722_091211-888x1024.jpg?ssl=1","contentUrl":"https:\/\/i0.wp.com\/inzain.bike\/wp-content\/uploads\/2023\/11\/20230722_091211-888x1024.jpg?ssl=1"},{"@type":"BreadcrumbList","@id":"https:\/\/inzain.bike\/sv_se\/cha24-om\/#breadcrumb","itemListElement":[{"@type":"ListItem","position":1,"name":"Hem","item":"https:\/\/inzain.bike\/fr_be\/"},{"@type":"ListItem","position":2,"name":"Om Champagne"}]},{"@type":"WebSite","@id":"https:\/\/inzain.bike\/fr_be\/#website","url":"https:\/\/inzain.bike\/fr_be\/","name":"INZAIN Cycling EXPERIENCES","description":"Cycling Adventures - for everyone","publisher":{"@id":"https:\/\/inzain.bike\/fr_be\/#organization"},"alternateName":"INZAIN Gravel & Travel","potentialAction":[{"@type":"SearchAction","target":{"@type":"EntryPoint","urlTemplate":"https:\/\/inzain.bike\/fr_be\/?s={search_term_string}"},"query-input":{"@type":"PropertyValueSpecification","valueRequired":true,"valueName":"search_term_string"}}],"inLanguage":"en-GB"},{"@type":"Organization","@id":"https:\/\/inzain.bike\/fr_be\/#organization","name":"INZAIN Cycling EXPERIENCES","url":"https:\/\/inzain.bike\/fr_be\/","logo":{"@type":"ImageObject","inLanguage":"en-GB","@id":"https:\/\/inzain.bike\/fr_be\/#\/schema\/logo\/image\/","url":"https:\/\/i0.wp.com\/inzain.bike\/wp-content\/uploads\/2023\/09\/cropped-INZAIN_512x512_white.png?fit=512%2C512&ssl=1","contentUrl":"https:\/\/i0.wp.com\/inzain.bike\/wp-content\/uploads\/2023\/09\/cropped-INZAIN_512x512_white.png?fit=512%2C512&ssl=1","width":512,"height":512,"caption":"INZAIN Cycling EXPERIENCES"},"image":{"@id":"https:\/\/inzain.bike\/fr_be\/#\/schema\/logo\/image\/"},"sameAs":["https:\/\/www.facebook.com\/Inzain.bike","https:\/\/www.instagram.com\/inzainbike"]}]}},"amp_enabled":true,"_links":{"self":[{"href":"https:\/\/inzain.bike\/en_gb\/wp-json\/wp\/v2\/pages\/5037","targetHints":{"allow":["GET"]}}],"collection":[{"href":"https:\/\/inzain.bike\/en_gb\/wp-json\/wp\/v2\/pages"}],"about":[{"href":"https:\/\/inzain.bike\/en_gb\/wp-json\/wp\/v2\/types\/page"}],"author":[{"embeddable":true,"href":"https:\/\/inzain.bike\/en_gb\/wp-json\/wp\/v2\/users\/135133094"}],"replies":[{"embeddable":true,"href":"https:\/\/inzain.bike\/en_gb\/wp-json\/wp\/v2\/comments?post=5037"}],"version-history":[{"count":0,"href":"https:\/\/inzain.bike\/en_gb\/wp-json\/wp\/v2\/pages\/5037\/revisions"}],"wp:attachment":[{"href":"https:\/\/inzain.bike\/en_gb\/wp-json\/wp\/v2\/media?parent=5037"}],"curies":[{"name":"wp","href":"https:\/\/api.w.org\/{rel}","templated":true}]}}