{"id":67,"date":"2021-03-25T15:39:17","date_gmt":"2021-03-25T14:39:17","guid":{"rendered":"https:\/\/inzain.bike\/?page_id=67"},"modified":"2023-08-30T10:54:30","modified_gmt":"2023-08-30T08:54:30","slug":"event","status":"publish","type":"page","link":"https:\/\/inzain.bike\/en_gb\/event\/","title":{"rendered":"Events"},"content":{"rendered":"<p>INZAIN Gravel aims to organize high-class Gravel events.<\/p>\n\n\n\n<p>We want to offer fantastic routes, fine coffees and a focus on safety and joy. At the same time, each of us is probably triggered by challenging ourselves to cycle both faster and further than before.<br><br><strong>Events for 2023<\/strong><\/p>\n\n\n\n<p><s><a href=\"https:\/\/inzain.bike\/en_gb\/inzain-casacalma-gran-canaria-gravel-camp\/\">27 Jan \u2013 4 Feb Gran Canaria Gravel Camp<\/a> <\/s>DONE<br> <s><a href=\"https:\/\/inzain.bike\/en_gb\/lanzarote-gravel-camp-2023\/\">February 20-27 Lanzarote Gravel Camp<\/a><\/s>DONE<br><s><a href=\"https:\/\/inzain.bike\/en_gb\/inzain-mallorca-camp-easter-2023\/\">April 7-16 Mallorca Gravel Camp<\/a><\/s> DONE<br><s><a href=\"https:\/\/inzain.bike\/en_gb\/girona-gravel-camp-2023\/\">May 6-14 Girona Gravel Camp<\/a> <\/s>DONE<br> <s><a href=\"https:\/\/inzain.bike\/en_gb\/sormland-gravel-camp\/\">20-21 May S\u00f6rmland Gravel Camp<\/a><\/s> DONE<br> <s><a href=\"https:\/\/inzain.bike\/en_gb\/finland-gravel-randonee\/\">June 3-6 Finland Gravel Tour<\/a><\/s> DONE<br> <s><a href=\"https:\/\/inzain.bike\/en_gb\/dalsland-gravel-camp\/\">June 17-18 Dalsland Gravel Camp<\/a><\/s> DONE <br> <s><a href=\"https:\/\/inzain.bike\/en_gb\/inzain-solstice-gravel-ride-2023\/\">June 22-23 Solstice Ride<\/a><\/s> DONE<br><s><a href=\"https:\/\/inzain.bike\/en_gb\/savenfors-gravel-camp\/\">29-30 July S\u00e4venfors Gravel Camp<\/a><\/s> DONE<br><s><a href=\"https:\/\/inzain.bike\/en_gb\/vattern-runt-gravel-tour\/\">11-13 August V\u00e4ttern Runt, on gravel!<\/a><\/s> DONE<br><s><a href=\"https:\/\/inzain.bike\/en_gb\/bubo-falun-gravel-weekend\/\">August 25-27 BuBo Bubo Gravel Camp Falun<\/a><\/s> DONE<br>\n<a href=\"https:\/\/inzain.bike\/en_gb\/gotland-gravel-camp-2023\/\">21-24 September Gotland Aur Camp<\/a> A FEW PLACES LEFT<br>\n<a href=\"https:\/\/inzain.bike\/en_gb\/toscana-gravel-tour-2023\/\">October 7-15 Tuscany Gravel Tour<\/a>FULLY BOOKED<br><\/p>\n\n\n\n<p><strong>Event that we arranged in 2022<\/strong><\/p>\n\n\n\n<p><a href=\"https:\/\/inzain.bike\/en_gb\/inzain-lanzarote-gravel-2022\/\">February 14-21 Lanzarote Gravel<\/a><br><a href=\"https:\/\/inzain.bike\/en_gb\/inzain-mallorca-camp-easter-2022\/\">8-18 April 2022 Mallorca Gravel Camp<\/a><br><a href=\"https:\/\/inzain.bike\/en_gb\/inzain-ostergotland-gravel-camp\/\">14-15 May \u00d6sterg\u00f6tland Gravel Weekend<\/a><br><a href=\"https:\/\/inzain.bike\/en_gb\/falun-gravel-weekend\/\">May 21-22 Falun Gravel Camp<\/a><br><a href=\"https:\/\/inzain.bike\/en_gb\/inzain-skane-gravel-adventure\/\">June 4-6 Sk\u00e5ne Gravel Tour<\/a><br><a href=\"https:\/\/inzain.bike\/en_gb\/inzain-orebro-gravel-camp\/\">18-19 June Bergslagen Gravel Weekend<\/a><br><a href=\"https:\/\/inzain.bike\/en_gb\/inzain-solstice-gravel-ride\/\">23 June Solstice ride Stockholm<\/a><br><a href=\"https:\/\/inzain.bike\/en_gb\/inzain-smaland-gravel-camp\/\">13-14 August Sm\u00e5land Gravel Weekend<\/a><br>\n<a href=\"https:\/\/inzain.bike\/en_gb\/inzain-toscana-gravel-tour-2022\/\">October 8-16 Tuscany Gravel Randonn\u00e9e<\/a><\/p>\n\n\n\n<p><br><strong>Event that we arranged in 2021<\/strong>:<br>During the warm period, we arranged a trip on a weekday evening and a slightly longer distance on the weekend. Most of them in M\u00e4lardalen. The trips were between 70 and 140 km, often with the possibility of shortening and always together.<\/p>\n\n\n\n<p>Here you can see a little odyssey over the gravel year 2021.<\/p>\n\n\n\n<figure class=\"wp-block-embed is-type-video is-provider-youtube wp-block-embed-youtube wp-embed-aspect-16-9 wp-has-aspect-ratio\"><div class=\"wp-block-embed__wrapper\">\n<iframe loading=\"lazy\" title=\"Gravel 2021\" width=\"500\" height=\"281\" src=\"https:\/\/www.youtube.com\/embed\/oHZObhfHCC0?feature=oembed\" frameborder=\"0\" allow=\"accelerometer; autoplay; clipboard-write; encrypted-media; gyroscope; picture-in-picture; web-share\" referrerpolicy=\"strict-origin-when-cross-origin\" allowfullscreen><\/iframe>\n<\/div><figcaption class=\"wp-element-caption\">2021 Inzain Gravel<\/figcaption><\/figure>\n\n\n\n<p><br><br><br><strong>Gran Canaria in February 2021<\/strong><\/p>\n\n\n\n<p>Pioneers at GC together with Carl-Johan Paulin. Really nice but also tough.<br>Here is a film about the adventure.<\/p>\n\n\n\n<figure class=\"wp-block-embed is-type-video is-provider-youtube wp-block-embed-youtube wp-embed-aspect-16-9 wp-has-aspect-ratio\"><div class=\"wp-block-embed__wrapper\">\n<iframe loading=\"lazy\" title=\"Canaria Gravel Aldea\" width=\"500\" height=\"281\" src=\"https:\/\/www.youtube.com\/embed\/Ju-kwHqkF3A?feature=oembed\" frameborder=\"0\" allow=\"accelerometer; autoplay; clipboard-write; encrypted-media; gyroscope; picture-in-picture; web-share\" referrerpolicy=\"strict-origin-when-cross-origin\" allowfullscreen><\/iframe>\n<\/div><figcaption class=\"wp-element-caption\">Gable on Gran Canaria<\/figcaption><\/figure>\n\n\n\n<p><br><\/p>\n\n\n\n<p><strong>IGG200 July 2021<\/strong><\/p>\n\n\n\n<p><em>For most people, cycling 100 miles or approx. 160 km on dirt roads and paths can feel unaffordable, yes simply insanely far. A so-called &quot;Century ride&quot;, and then cycling a full 200 miles or 322 km is just crazy far. Simply <\/em>INZAIN!  <\/p>\n\n\n\n<p>We invited to a so-called &quot;Double Century Gravel Grinder&quot; in the area around Uppsala at the end of July 2021. It was possible to choose between the distances 50, 100 and 200 miles or 80, 161 and 322 km.<\/p>\n\n\n\n<p><a href=\"https:\/\/inzain.bike\/en_gb\/inzain-200-100-50-mile-gravel-grinder\/\">Inzain 200 Mile Gravel Uppland July 2021<\/a><\/p>\n\n\n\n<p>The landscape around Uppsala, Uppland generally offers quite &quot;friendly&quot; terrain, which is why we thought that many would catch our &quot;Double Century&quot; during the daylight hours. By the end of July, however, the shadows had gotten a little longer and the days shorter, so it was a real challenge after all.<\/p>\n\n\n\n<p>We set off two groups of cyclists some at 100 miles (161km) and some at 200 miles (322km). It was an incredibly beautiful and also warm day. 27 degrees in the afternoon left its mark on the participants. We who were in the pits have probably never met such enthusiastic participants before. The cycling flowed well and most eventually made it to the finish line. The second half of the long round was probably the toughest. Several sections had been covered with new coarse gravel, which made the journey extra difficult. Despite this, several heroic efforts were made by the brave participants.<br><br><br><strong>Gravel in Mallorca in October 2021<\/strong><\/p>\n\n\n\n<p>Inzain arranged a trip to Mallorca in October 2021 with fantastic gravel. We were fishing in April and had now created something completely extra.<br><br>Read everything here: <a href=\"https:\/\/inzain.bike\/en_gb\/mallorca-gravel-oktober-2021\/\">https:\/\/inzain.bike\/mallorca-gravel-oktober-2021\/<\/a><\/p>\n\n\n\n<p><\/p>","protected":false},"excerpt":{"rendered":"<p>INZAIN Gravel har som m\u00e5ls\u00e4ttning att arrangera h\u00f6gklassiga Gravel-event. Vi vill erbjuda fantastiska rutter, fina fikor och fokus p\u00e5 s\u00e4kerhet och gl\u00e4dje. Samtidigt triggas vi v\u00e4l var och en av att utmana oss sj\u00e4lva till att cykla b\u00e5de snabbare och l\u00e4ngre \u00e4n f\u00f6rut. Event f\u00f6r 2023 27 jan &#8211; 4 februari Gran Canaria Gravel Camp [&hellip;]<\/p>\n","protected":false},"author":135133094,"featured_media":0,"parent":0,"menu_order":0,"comment_status":"closed","ping_status":"closed","template":"","meta":{"_coblocks_attr":"","_coblocks_dimensions":"","_coblocks_responsive_height":"","_coblocks_accordion_ie_support":"","footnotes":""},"class_list":["post-67","page","type-page","status-publish","hentry"],"yoast_head":"<!-- This site is optimized with the Yoast SEO plugin v27.2 - https:\/\/yoast.com\/product\/yoast-seo-wordpress\/ -->\n<title>Event - INZAIN Cycling EXPERIENCES<\/title>\n<meta name=\"robots\" content=\"index, follow, max-snippet:-1, max-image-preview:large, max-video-preview:-1\" \/>\n<link rel=\"canonical\" href=\"https:\/\/inzain.bike\/en_gb\/event\/\" \/>\n<meta property=\"og:locale\" content=\"en_GB\" \/>\n<meta property=\"og:type\" content=\"article\" \/>\n<meta property=\"og:title\" content=\"Event - INZAIN Cycling EXPERIENCES\" \/>\n<meta property=\"og:description\" content=\"INZAIN Gravel har som m\u00e5ls\u00e4ttning att arrangera h\u00f6gklassiga Gravel-event. Vi vill erbjuda fantastiska rutter, fina fikor och fokus p\u00e5 s\u00e4kerhet och gl\u00e4dje. Samtidigt triggas vi v\u00e4l var och en av att utmana oss sj\u00e4lva till att cykla b\u00e5de snabbare och l\u00e4ngre \u00e4n f\u00f6rut. Event f\u00f6r 2023 27 jan &#8211; 4 februari Gran Canaria Gravel Camp [&hellip;]\" \/>\n<meta property=\"og:url\" content=\"https:\/\/inzain.bike\/en_gb\/event\/\" \/>\n<meta property=\"og:site_name\" content=\"INZAIN Cycling EXPERIENCES\" \/>\n<meta property=\"article:publisher\" content=\"https:\/\/www.facebook.com\/Inzain.bike\" \/>\n<meta property=\"article:modified_time\" content=\"2023-08-30T08:54:30+00:00\" \/>\n<meta name=\"twitter:card\" content=\"summary_large_image\" \/>\n<meta name=\"twitter:label1\" content=\"Estimated reading time\" \/>\n\t<meta name=\"twitter:data1\" content=\"3 minutes\" \/>\n<script type=\"application\/ld+json\" class=\"yoast-schema-graph\">{\"@context\":\"https:\/\/schema.org\",\"@graph\":[{\"@type\":\"WebPage\",\"@id\":\"https:\/\/inzain.bike\/en\/event\/\",\"url\":\"https:\/\/inzain.bike\/en\/event\/\",\"name\":\"Event - INZAIN Cycling EXPERIENCES\",\"isPartOf\":{\"@id\":\"https:\/\/inzain.bike\/fr_be\/#website\"},\"datePublished\":\"2021-03-25T14:39:17+00:00\",\"dateModified\":\"2023-08-30T08:54:30+00:00\",\"breadcrumb\":{\"@id\":\"https:\/\/inzain.bike\/en\/event\/#breadcrumb\"},\"inLanguage\":\"en-GB\",\"potentialAction\":[{\"@type\":\"ReadAction\",\"target\":[\"https:\/\/inzain.bike\/en\/event\/\"]}]},{\"@type\":\"BreadcrumbList\",\"@id\":\"https:\/\/inzain.bike\/en\/event\/#breadcrumb\",\"itemListElement\":[{\"@type\":\"ListItem\",\"position\":1,\"name\":\"Hem\",\"item\":\"https:\/\/inzain.bike\/fr_be\/\"},{\"@type\":\"ListItem\",\"position\":2,\"name\":\"Event\"}]},{\"@type\":\"WebSite\",\"@id\":\"https:\/\/inzain.bike\/fr_be\/#website\",\"url\":\"https:\/\/inzain.bike\/fr_be\/\",\"name\":\"INZAIN Cycling EXPERIENCES\",\"description\":\"Cyckling Adventures  - for everyone\",\"publisher\":{\"@id\":\"https:\/\/inzain.bike\/fr_be\/#organization\"},\"alternateName\":\"INZAIN Gravel & Travel\",\"potentialAction\":[{\"@type\":\"SearchAction\",\"target\":{\"@type\":\"EntryPoint\",\"urlTemplate\":\"https:\/\/inzain.bike\/fr_be\/?s={search_term_string}\"},\"query-input\":{\"@type\":\"PropertyValueSpecification\",\"valueRequired\":true,\"valueName\":\"search_term_string\"}}],\"inLanguage\":\"en-GB\"},{\"@type\":\"Organization\",\"@id\":\"https:\/\/inzain.bike\/fr_be\/#organization\",\"name\":\"INZAIN Cycling EXPERIENCES\",\"url\":\"https:\/\/inzain.bike\/fr_be\/\",\"logo\":{\"@type\":\"ImageObject\",\"inLanguage\":\"en-GB\",\"@id\":\"https:\/\/inzain.bike\/fr_be\/#\/schema\/logo\/image\/\",\"url\":\"https:\/\/i0.wp.com\/inzain.bike\/wp-content\/uploads\/2023\/09\/cropped-INZAIN_512x512_white.png?fit=512%2C512&ssl=1\",\"contentUrl\":\"https:\/\/i0.wp.com\/inzain.bike\/wp-content\/uploads\/2023\/09\/cropped-INZAIN_512x512_white.png?fit=512%2C512&ssl=1\",\"width\":512,\"height\":512,\"caption\":\"INZAIN Cycling EXPERIENCES\"},\"image\":{\"@id\":\"https:\/\/inzain.bike\/fr_be\/#\/schema\/logo\/image\/\"},\"sameAs\":[\"https:\/\/www.facebook.com\/Inzain.bike\",\"https:\/\/www.instagram.com\/inzainbike\"]}]}<\/script>\n<!-- \/ Yoast SEO plugin. -->","yoast_head_json":{"title":"Event - INZAIN Cycling EXPERIENCES","robots":{"index":"index","follow":"follow","max-snippet":"max-snippet:-1","max-image-preview":"max-image-preview:large","max-video-preview":"max-video-preview:-1"},"canonical":"https:\/\/inzain.bike\/en_gb\/event\/","og_locale":"en_GB","og_type":"article","og_title":"Event - INZAIN Cycling EXPERIENCES","og_description":"INZAIN Gravel har som m\u00e5ls\u00e4ttning att arrangera h\u00f6gklassiga Gravel-event. Vi vill erbjuda fantastiska rutter, fina fikor och fokus p\u00e5 s\u00e4kerhet och gl\u00e4dje. Samtidigt triggas vi v\u00e4l var och en av att utmana oss sj\u00e4lva till att cykla b\u00e5de snabbare och l\u00e4ngre \u00e4n f\u00f6rut. Event f\u00f6r 2023 27 jan &#8211; 4 februari Gran Canaria Gravel Camp [&hellip;]","og_url":"https:\/\/inzain.bike\/en_gb\/event\/","og_site_name":"INZAIN Cycling EXPERIENCES","article_publisher":"https:\/\/www.facebook.com\/Inzain.bike","article_modified_time":"2023-08-30T08:54:30+00:00","twitter_card":"summary_large_image","twitter_misc":{"Estimated reading time":"3 minutes"},"schema":{"@context":"https:\/\/schema.org","@graph":[{"@type":"WebPage","@id":"https:\/\/inzain.bike\/en\/event\/","url":"https:\/\/inzain.bike\/en\/event\/","name":"Event - INZAIN Cycling EXPERIENCES","isPartOf":{"@id":"https:\/\/inzain.bike\/fr_be\/#website"},"datePublished":"2021-03-25T14:39:17+00:00","dateModified":"2023-08-30T08:54:30+00:00","breadcrumb":{"@id":"https:\/\/inzain.bike\/en\/event\/#breadcrumb"},"inLanguage":"en-GB","potentialAction":[{"@type":"ReadAction","target":["https:\/\/inzain.bike\/en\/event\/"]}]},{"@type":"BreadcrumbList","@id":"https:\/\/inzain.bike\/en\/event\/#breadcrumb","itemListElement":[{"@type":"ListItem","position":1,"name":"Hem","item":"https:\/\/inzain.bike\/fr_be\/"},{"@type":"ListItem","position":2,"name":"Event"}]},{"@type":"WebSite","@id":"https:\/\/inzain.bike\/fr_be\/#website","url":"https:\/\/inzain.bike\/fr_be\/","name":"INZAIN Cycling EXPERIENCES","description":"Cycling Adventures - for everyone","publisher":{"@id":"https:\/\/inzain.bike\/fr_be\/#organization"},"alternateName":"INZAIN Gravel & Travel","potentialAction":[{"@type":"SearchAction","target":{"@type":"EntryPoint","urlTemplate":"https:\/\/inzain.bike\/fr_be\/?s={search_term_string}"},"query-input":{"@type":"PropertyValueSpecification","valueRequired":true,"valueName":"search_term_string"}}],"inLanguage":"en-GB"},{"@type":"Organization","@id":"https:\/\/inzain.bike\/fr_be\/#organization","name":"INZAIN Cycling EXPERIENCES","url":"https:\/\/inzain.bike\/fr_be\/","logo":{"@type":"ImageObject","inLanguage":"en-GB","@id":"https:\/\/inzain.bike\/fr_be\/#\/schema\/logo\/image\/","url":"https:\/\/i0.wp.com\/inzain.bike\/wp-content\/uploads\/2023\/09\/cropped-INZAIN_512x512_white.png?fit=512%2C512&ssl=1","contentUrl":"https:\/\/i0.wp.com\/inzain.bike\/wp-content\/uploads\/2023\/09\/cropped-INZAIN_512x512_white.png?fit=512%2C512&ssl=1","width":512,"height":512,"caption":"INZAIN Cycling EXPERIENCES"},"image":{"@id":"https:\/\/inzain.bike\/fr_be\/#\/schema\/logo\/image\/"},"sameAs":["https:\/\/www.facebook.com\/Inzain.bike","https:\/\/www.instagram.com\/inzainbike"]}]}},"amp_enabled":true,"_links":{"self":[{"href":"https:\/\/inzain.bike\/en_gb\/wp-json\/wp\/v2\/pages\/67","targetHints":{"allow":["GET"]}}],"collection":[{"href":"https:\/\/inzain.bike\/en_gb\/wp-json\/wp\/v2\/pages"}],"about":[{"href":"https:\/\/inzain.bike\/en_gb\/wp-json\/wp\/v2\/types\/page"}],"author":[{"embeddable":true,"href":"https:\/\/inzain.bike\/en_gb\/wp-json\/wp\/v2\/users\/135133094"}],"replies":[{"embeddable":true,"href":"https:\/\/inzain.bike\/en_gb\/wp-json\/wp\/v2\/comments?post=67"}],"version-history":[{"count":0,"href":"https:\/\/inzain.bike\/en_gb\/wp-json\/wp\/v2\/pages\/67\/revisions"}],"wp:attachment":[{"href":"https:\/\/inzain.bike\/en_gb\/wp-json\/wp\/v2\/media?parent=67"}],"curies":[{"name":"wp","href":"https:\/\/api.w.org\/{rel}","templated":true}]}}