{"id":9884,"date":"2026-01-23T17:17:14","date_gmt":"2026-01-23T16:17:14","guid":{"rendered":"https:\/\/inzain.bike\/?post_type=product&#038;p=9884"},"modified":"2026-02-01T16:58:32","modified_gmt":"2026-02-01T15:58:32","slug":"gbs-wheel-set","status":"publish","type":"product","link":"https:\/\/inzain.bike\/en_gb\/product\/gbs-wheel-set\/","title":{"rendered":"GBS Wheel Set"},"content":{"rendered":"<p><strong>GBS Gravel Wheels<\/strong><\/p>\n<p>There are a number of variants, CLASSIC, WAWE, WIDE and LITE.<\/p>\n<p><strong>CLASSIC<\/strong> are the ultimate all-round wheels, WAVE has a modern wave shape with aerodynamic advantages.<br \/>\n<strong>WIDE<\/strong> are 32mm wide internally, perfect for wide gravel tires, 42mm and up.<br \/>\n<strong>WAWE<\/strong> has a modern aero shape, perfect if you like to ride fast.<br \/>\n<strong>A LITTLE<\/strong> are the easiest for those of you who want it.<\/p>\n<p>You build the wheels you want by choosing the rim, hub and driver.<\/p>\n<p>There are several types of hubs and drivers to choose from for the gear system you have on your bike.<\/p>\n<p><strong>About Dimensions<\/strong><\/p>\n<p>Height is how high the rim is, (or depth if you prefer). Large height (H) is considered more aerodynamic. However, we mainly think it looks pretty cool. Width (B) refers to the outer width of the rim. Inner width (IB) is the width on the inside. The wider, the more your tire will swell. A new trend on Gravel wheels is large inner width, (like WIDE for example)<\/p>\n<p><strong>Characteristics of a<em>lla wheels<\/em><\/strong><\/p>\n<ul class=\"wp-block-list\">\n<li><em>Same prices and weights for hooked\/hookless<\/em><\/li>\n<li><em>For disc brake with Central Lock(CL)<\/em>, (<strong>EXTRALITE has 6 bolts!<\/strong>)<\/li>\n<li><em>Lacks braking surface<\/em><\/li>\n<li>No\u00a0<em>hole in the rim track<\/em>\u00a0&gt;<em>\u00a0No rim tape needed<\/em>\u00a0(<em><strong>LITE has holes in the rim track<\/strong><\/em>)<\/li>\n<li>N<em>ipplar are in brass<\/em>\u00a0<em>(Sapim secure lock SILS<\/em>)<\/li>\n<li>F<em>inish<\/em>\u2002<em>is UD Matte<\/em><\/li>\n<li><em>For 12\u00d7100\/12\u00d7142 Thru Axle<\/em><\/li>\n<li><em>24 Spokes.<\/em>\u00a0<em>Sapim CX Ray spokes<\/em>,\u00a0<em>Black<\/em><\/li>\n<li><em>All weights are given with tolerance (+\/- 30 gr)<\/em><\/li>\n<li><em>Rim warranty for 5 years<\/em><\/li>\n<li><em>Delivery to you is included, expect around 8 weeks delivery time<\/em><\/li>\n<\/ul>\n<p><strong>Rim warranty for five years.<\/strong><br \/>\n<em>All buyers receive a full warranty on the rims for five years. (Applies to the first owner)<br \/>\nIs your dog eating the rim? Do you run over it with<\/em>\u2002<em>the car? Are you smashing it on your radical run? It doesn&#039;t matter, you get a new rim.<br \/>\n(The requirement is that you send it in to us so that we can destroy it<\/em>)<\/p>\n<p><strong>Choose rims and hubs freely<\/strong><\/p>\n<p>All rims can be combined with all hubs.<\/p>\n<p><strong>A LITTLE<\/strong><br \/>\nIt will be easiest with EXTRALITE hubs, we think that the RD261 hubs, which are only 50g heavier BUT more than 5,000 SEK cheaper, can be a really good alternative.<\/p>\n<p><strong>Driver<\/strong><\/p>\n<p>Many people wonder about this and Shimano hasn&#039;t made it really easy to keep up. But here&#039;s the thing.<br \/>\nIf you drive 10\/11 split OR have Shimano GRX 2\u00d712 then you should choose Shimano 11sp (Which is Hyperglide, or HG). However, if you drive Shimano MTB or GRX 1\u00d712 you should choose Shimano 12spMicrospline instead.<br \/>\n<em>The guide below may provide clarity<\/em><\/p>\n<p><a href=\"https:\/\/bike.shimano.com\/stories\/article\/a-guide-to-shimanos-12-speed-freehubs-and-compatibility.html\">https:\/\/bike.shimano.com\/stories\/article\/a-guide-to-shimanos-12-speed-freehubs-and-compatibility.html<\/a><\/p>","protected":false},"excerpt":{"rendered":"<p>GBS Gravel Wheels<\/p>\n<p>Bygg dina dr\u00f6mhjul, v\u00e4lj f\u00e4lg, nav och driver.<\/p>","protected":false},"featured_media":9886,"comment_status":"open","ping_status":"closed","template":"","meta":{"_coblocks_attr":"","_coblocks_dimensions":"","_coblocks_responsive_height":"","_coblocks_accordion_ie_support":""},"product_brand":[],"product_cat":[],"product_tag":[],"class_list":{"0":"post-9884","1":"product","2":"type-product","3":"status-publish","4":"has-post-thumbnail","6":"product_shipping_class-hjul","8":"first","9":"instock","10":"shipping-taxable","11":"purchasable","12":"product-type-composite"},"composite_virtual":false,"composite_layout":"paged","composite_add_to_cart_form_location":"default","composite_editable_in_cart":false,"composite_sold_individually_context":"product","composite_shop_price_calc":"defaults","composite_components":[{"id":"1769188484","title":"Rim","description":"<p>Choose which rims you want<\/p>","query_type":"product_ids","query_ids":[9172],"default_option_id":9172,"thumbnail_id":"","thumbnail_src":"","quantity_min":1,"quantity_max":1,"priced_individually":true,"shipped_individually":false,"optional":false,"discount":"","options_style":"dropdowns","pagination_style":"classic","display_prices":"absolute","show_sorting_options":false,"show_filtering_options":false,"attribute_filter_ids":[],"select_action":"view","product_title_visible":true,"product_descr_visible":true,"product_price_visible":true,"product_thumb_visible":true,"subtotal_visible_product":true,"subtotal_visible_cart":true,"subtotal_visible_orders":true},{"id":"1769188635","title":"Hub","description":"<p>Select hub<\/p>","query_type":"product_ids","query_ids":[9873],"default_option_id":9873,"thumbnail_id":"","thumbnail_src":"","quantity_min":1,"quantity_max":1,"priced_individually":true,"shipped_individually":false,"optional":false,"discount":"","options_style":"dropdowns","pagination_style":"classic","display_prices":"absolute","show_sorting_options":false,"show_filtering_options":false,"attribute_filter_ids":[],"select_action":"view","product_title_visible":true,"product_descr_visible":true,"product_price_visible":true,"product_thumb_visible":true,"subtotal_visible_product":true,"subtotal_visible_cart":true,"subtotal_visible_orders":true},{"id":"1769188636","title":"Driver","description":"<p>Choose which driver you want, it depends on what gears you have on your bike.<\/p>","query_type":"product_ids","query_ids":[9879],"default_option_id":9879,"thumbnail_id":"","thumbnail_src":"","quantity_min":1,"quantity_max":1,"priced_individually":true,"shipped_individually":false,"optional":false,"discount":"","options_style":"dropdowns","pagination_style":"classic","display_prices":"absolute","show_sorting_options":false,"show_filtering_options":false,"attribute_filter_ids":[],"select_action":"view","product_title_visible":true,"product_descr_visible":true,"product_price_visible":true,"product_thumb_visible":true,"subtotal_visible_product":true,"subtotal_visible_cart":true,"subtotal_visible_orders":true}],"composite_scenarios":[],"yoast_head":"<!-- This site is optimized with the Yoast SEO plugin v27.2 - https:\/\/yoast.com\/product\/yoast-seo-wordpress\/ -->\n<title>GBS Wheel Set - INZAIN Cycling EXPERIENCES<\/title>\n<meta name=\"robots\" content=\"index, follow, max-snippet:-1, max-image-preview:large, max-video-preview:-1\" \/>\n<link rel=\"canonical\" href=\"https:\/\/inzain.bike\/en_gb\/product\/gbs-wheel-set\/\" \/>\n<meta property=\"og:locale\" content=\"en_GB\" \/>\n<meta property=\"og:type\" content=\"article\" \/>\n<meta property=\"og:title\" content=\"GBS Wheel Set - INZAIN Cycling EXPERIENCES\" \/>\n<meta property=\"og:description\" content=\"GBS Gravel Hjul  Bygg dina dr\u00f6mhjul, v\u00e4lj f\u00e4lg, nav och driver.\" \/>\n<meta property=\"og:url\" content=\"https:\/\/inzain.bike\/en_gb\/product\/gbs-wheel-set\/\" \/>\n<meta property=\"og:site_name\" content=\"INZAIN Cycling EXPERIENCES\" \/>\n<meta property=\"article:publisher\" content=\"https:\/\/www.facebook.com\/Inzain.bike\" \/>\n<meta property=\"article:modified_time\" content=\"2026-02-01T15:58:32+00:00\" \/>\n<meta property=\"og:image\" content=\"https:\/\/inzain.bike\/wp-content\/uploads\/2026\/01\/20220409_124721-1320x990-1.jpg\" \/>\n\t<meta property=\"og:image:width\" content=\"1320\" \/>\n\t<meta property=\"og:image:height\" content=\"990\" \/>\n\t<meta property=\"og:image:type\" content=\"image\/jpeg\" \/>\n<meta name=\"twitter:card\" content=\"summary_large_image\" \/>\n<meta name=\"twitter:label1\" content=\"Estimated reading time\" \/>\n\t<meta name=\"twitter:data1\" content=\"3 minutes\" \/>\n<script type=\"application\/ld+json\" class=\"yoast-schema-graph\">{\"@context\":\"https:\/\/schema.org\",\"@graph\":[{\"@type\":\"WebPage\",\"@id\":\"https:\/\/inzain.bike\/produkt\/gbs-wheel-set\/\",\"url\":\"https:\/\/inzain.bike\/produkt\/gbs-wheel-set\/\",\"name\":\"GBS Wheel Set - INZAIN Cycling EXPERIENCES\",\"isPartOf\":{\"@id\":\"https:\/\/inzain.bike\/fr_be\/#website\"},\"primaryImageOfPage\":{\"@id\":\"https:\/\/inzain.bike\/produkt\/gbs-wheel-set\/#primaryimage\"},\"image\":{\"@id\":\"https:\/\/inzain.bike\/produkt\/gbs-wheel-set\/#primaryimage\"},\"thumbnailUrl\":\"https:\/\/inzain.bike\/wp-content\/uploads\/2026\/01\/20220409_124721-1320x990-1.jpg\",\"datePublished\":\"2026-01-23T16:17:14+00:00\",\"dateModified\":\"2026-02-01T15:58:32+00:00\",\"breadcrumb\":{\"@id\":\"https:\/\/inzain.bike\/produkt\/gbs-wheel-set\/#breadcrumb\"},\"inLanguage\":\"en-GB\",\"potentialAction\":[{\"@type\":\"ReadAction\",\"target\":[\"https:\/\/inzain.bike\/produkt\/gbs-wheel-set\/\"]}]},{\"@type\":\"ImageObject\",\"inLanguage\":\"en-GB\",\"@id\":\"https:\/\/inzain.bike\/produkt\/gbs-wheel-set\/#primaryimage\",\"url\":\"https:\/\/inzain.bike\/wp-content\/uploads\/2026\/01\/20220409_124721-1320x990-1.jpg\",\"contentUrl\":\"https:\/\/inzain.bike\/wp-content\/uploads\/2026\/01\/20220409_124721-1320x990-1.jpg\",\"width\":1320,\"height\":990},{\"@type\":\"BreadcrumbList\",\"@id\":\"https:\/\/inzain.bike\/produkt\/gbs-wheel-set\/#breadcrumb\",\"itemListElement\":[{\"@type\":\"ListItem\",\"position\":1,\"name\":\"Hem\",\"item\":\"https:\/\/inzain.bike\/fr_be\/\"},{\"@type\":\"ListItem\",\"position\":2,\"name\":\"Webbutik\",\"item\":\"https:\/\/inzain.bike\/fi\/butik\/\"},{\"@type\":\"ListItem\",\"position\":3,\"name\":\"GBS Wheel Set\"}]},{\"@type\":\"WebSite\",\"@id\":\"https:\/\/inzain.bike\/fr_be\/#website\",\"url\":\"https:\/\/inzain.bike\/fr_be\/\",\"name\":\"INZAIN Cycling EXPERIENCES\",\"description\":\"Cyckling Adventures  - for everyone\",\"publisher\":{\"@id\":\"https:\/\/inzain.bike\/fr_be\/#organization\"},\"alternateName\":\"INZAIN Gravel & Travel\",\"potentialAction\":[{\"@type\":\"SearchAction\",\"target\":{\"@type\":\"EntryPoint\",\"urlTemplate\":\"https:\/\/inzain.bike\/fr_be\/?s={search_term_string}\"},\"query-input\":{\"@type\":\"PropertyValueSpecification\",\"valueRequired\":true,\"valueName\":\"search_term_string\"}}],\"inLanguage\":\"en-GB\"},{\"@type\":\"Organization\",\"@id\":\"https:\/\/inzain.bike\/fr_be\/#organization\",\"name\":\"INZAIN Cycling EXPERIENCES\",\"url\":\"https:\/\/inzain.bike\/fr_be\/\",\"logo\":{\"@type\":\"ImageObject\",\"inLanguage\":\"en-GB\",\"@id\":\"https:\/\/inzain.bike\/fr_be\/#\/schema\/logo\/image\/\",\"url\":\"https:\/\/i0.wp.com\/inzain.bike\/wp-content\/uploads\/2023\/09\/cropped-INZAIN_512x512_white.png?fit=512%2C512&ssl=1\",\"contentUrl\":\"https:\/\/i0.wp.com\/inzain.bike\/wp-content\/uploads\/2023\/09\/cropped-INZAIN_512x512_white.png?fit=512%2C512&ssl=1\",\"width\":512,\"height\":512,\"caption\":\"INZAIN Cycling EXPERIENCES\"},\"image\":{\"@id\":\"https:\/\/inzain.bike\/fr_be\/#\/schema\/logo\/image\/\"},\"sameAs\":[\"https:\/\/www.facebook.com\/Inzain.bike\",\"https:\/\/www.instagram.com\/inzainbike\"]}]}<\/script>\n<!-- \/ Yoast SEO plugin. -->","yoast_head_json":{"title":"GBS Wheel Set - INZAIN Cycling EXPERIENCES","robots":{"index":"index","follow":"follow","max-snippet":"max-snippet:-1","max-image-preview":"max-image-preview:large","max-video-preview":"max-video-preview:-1"},"canonical":"https:\/\/inzain.bike\/en_gb\/product\/gbs-wheel-set\/","og_locale":"en_GB","og_type":"article","og_title":"GBS Wheel Set - INZAIN Cycling EXPERIENCES","og_description":"GBS Gravel Hjul  Bygg dina dr\u00f6mhjul, v\u00e4lj f\u00e4lg, nav och driver.","og_url":"https:\/\/inzain.bike\/en_gb\/product\/gbs-wheel-set\/","og_site_name":"INZAIN Cycling EXPERIENCES","article_publisher":"https:\/\/www.facebook.com\/Inzain.bike","article_modified_time":"2026-02-01T15:58:32+00:00","og_image":[{"width":1320,"height":990,"url":"https:\/\/inzain.bike\/wp-content\/uploads\/2026\/01\/20220409_124721-1320x990-1.jpg","type":"image\/jpeg"}],"twitter_card":"summary_large_image","twitter_misc":{"Estimated reading time":"3 minutes"},"schema":{"@context":"https:\/\/schema.org","@graph":[{"@type":"WebPage","@id":"https:\/\/inzain.bike\/produkt\/gbs-wheel-set\/","url":"https:\/\/inzain.bike\/produkt\/gbs-wheel-set\/","name":"GBS Wheel Set - INZAIN Cycling EXPERIENCES","isPartOf":{"@id":"https:\/\/inzain.bike\/fr_be\/#website"},"primaryImageOfPage":{"@id":"https:\/\/inzain.bike\/produkt\/gbs-wheel-set\/#primaryimage"},"image":{"@id":"https:\/\/inzain.bike\/produkt\/gbs-wheel-set\/#primaryimage"},"thumbnailUrl":"https:\/\/inzain.bike\/wp-content\/uploads\/2026\/01\/20220409_124721-1320x990-1.jpg","datePublished":"2026-01-23T16:17:14+00:00","dateModified":"2026-02-01T15:58:32+00:00","breadcrumb":{"@id":"https:\/\/inzain.bike\/produkt\/gbs-wheel-set\/#breadcrumb"},"inLanguage":"en-GB","potentialAction":[{"@type":"ReadAction","target":["https:\/\/inzain.bike\/produkt\/gbs-wheel-set\/"]}]},{"@type":"ImageObject","inLanguage":"en-GB","@id":"https:\/\/inzain.bike\/produkt\/gbs-wheel-set\/#primaryimage","url":"https:\/\/inzain.bike\/wp-content\/uploads\/2026\/01\/20220409_124721-1320x990-1.jpg","contentUrl":"https:\/\/inzain.bike\/wp-content\/uploads\/2026\/01\/20220409_124721-1320x990-1.jpg","width":1320,"height":990},{"@type":"BreadcrumbList","@id":"https:\/\/inzain.bike\/produkt\/gbs-wheel-set\/#breadcrumb","itemListElement":[{"@type":"ListItem","position":1,"name":"Hem","item":"https:\/\/inzain.bike\/fr_be\/"},{"@type":"ListItem","position":2,"name":"Webbutik","item":"https:\/\/inzain.bike\/fi\/butik\/"},{"@type":"ListItem","position":3,"name":"GBS Wheel Set"}]},{"@type":"WebSite","@id":"https:\/\/inzain.bike\/fr_be\/#website","url":"https:\/\/inzain.bike\/fr_be\/","name":"INZAIN Cycling EXPERIENCES","description":"Cycling Adventures - for everyone","publisher":{"@id":"https:\/\/inzain.bike\/fr_be\/#organization"},"alternateName":"INZAIN Gravel & Travel","potentialAction":[{"@type":"SearchAction","target":{"@type":"EntryPoint","urlTemplate":"https:\/\/inzain.bike\/fr_be\/?s={search_term_string}"},"query-input":{"@type":"PropertyValueSpecification","valueRequired":true,"valueName":"search_term_string"}}],"inLanguage":"en-GB"},{"@type":"Organization","@id":"https:\/\/inzain.bike\/fr_be\/#organization","name":"INZAIN Cycling EXPERIENCES","url":"https:\/\/inzain.bike\/fr_be\/","logo":{"@type":"ImageObject","inLanguage":"en-GB","@id":"https:\/\/inzain.bike\/fr_be\/#\/schema\/logo\/image\/","url":"https:\/\/i0.wp.com\/inzain.bike\/wp-content\/uploads\/2023\/09\/cropped-INZAIN_512x512_white.png?fit=512%2C512&ssl=1","contentUrl":"https:\/\/i0.wp.com\/inzain.bike\/wp-content\/uploads\/2023\/09\/cropped-INZAIN_512x512_white.png?fit=512%2C512&ssl=1","width":512,"height":512,"caption":"INZAIN Cycling EXPERIENCES"},"image":{"@id":"https:\/\/inzain.bike\/fr_be\/#\/schema\/logo\/image\/"},"sameAs":["https:\/\/www.facebook.com\/Inzain.bike","https:\/\/www.instagram.com\/inzainbike"]}]}},"_links":{"self":[{"href":"https:\/\/inzain.bike\/en_gb\/wp-json\/wp\/v2\/product\/9884","targetHints":{"allow":["GET"]}}],"collection":[{"href":"https:\/\/inzain.bike\/en_gb\/wp-json\/wp\/v2\/product"}],"about":[{"href":"https:\/\/inzain.bike\/en_gb\/wp-json\/wp\/v2\/types\/product"}],"replies":[{"embeddable":true,"href":"https:\/\/inzain.bike\/en_gb\/wp-json\/wp\/v2\/comments?post=9884"}],"wp:featuredmedia":[{"embeddable":true,"href":"https:\/\/inzain.bike\/en_gb\/wp-json\/wp\/v2\/media\/9886"}],"wp:attachment":[{"href":"https:\/\/inzain.bike\/en_gb\/wp-json\/wp\/v2\/media?parent=9884"}],"wp:term":[{"taxonomy":"product_brand","embeddable":true,"href":"https:\/\/inzain.bike\/en_gb\/wp-json\/wp\/v2\/product_brand?post=9884"},{"taxonomy":"product_cat","embeddable":true,"href":"https:\/\/inzain.bike\/en_gb\/wp-json\/wp\/v2\/product_cat?post=9884"},{"taxonomy":"product_tag","embeddable":true,"href":"https:\/\/inzain.bike\/en_gb\/wp-json\/wp\/v2\/product_tag?post=9884"}],"curies":[{"name":"wp","href":"https:\/\/api.w.org\/{rel}","templated":true}]}}