{"id":114,"date":"2021-04-07T19:02:41","date_gmt":"2021-04-07T17:02:41","guid":{"rendered":"https:\/\/inzain.bike\/?page_id=114"},"modified":"2021-04-07T19:02:41","modified_gmt":"2021-04-07T17:02:41","slug":"gravel-pa-mallorca-ride-report","status":"publish","type":"page","link":"https:\/\/inzain.bike\/es\/gravel-pa-mallorca-ride-report\/","title":{"rendered":"Informe de paseo por grava en Mallorca"},"content":{"rendered":"<div class=\"wp-block-group alignfull has-background-background-color has-background is-layout-flow wp-block-group-is-layout-flow\">\n<div class=\"wp-block-jetpack-layout-grid alignfull column1-desktop-grid__span-10 column1-desktop-grid__start-2 column1-desktop-grid__row-1 column1-tablet-grid__span-8 column1-tablet-grid__row-1 column1-mobile-grid__span-4 column1-mobile-grid__row-1\">\n<div class=\"wp-block-jetpack-layout-grid-column wp-block-jetpack-layout-grid__padding-none\">\n<div class=\"wp-block-image\"><figure class=\"aligncenter size-large\"><img loading=\"lazy\" decoding=\"async\" width=\"3602\" height=\"3265\" src=\"https:\/\/inzain.bike\/wp-content\/uploads\/2021\/04\/g0013561.jpg?w=1024\" alt=\"\" class=\"wp-image-116\" \/><\/figure><\/div>\n<\/div>\n<\/div>\n\n\n\n<div class=\"wp-block-jetpack-layout-grid alignfull column1-desktop-grid__span-12 column1-desktop-grid__row-1 column1-tablet-grid__span-8 column1-tablet-grid__row-1 column1-mobile-grid__span-4 column1-mobile-grid__row-1\">\n<div class=\"wp-block-jetpack-layout-grid-column wp-block-jetpack-layout-grid__padding-none\">\n<p><strong>Mallorca \u2013 Primavera \u2013 Ciclismo en carretera<\/strong>? <\/p>\n\n\n\n<p class=\"margin-top-half\">No, en absoluto, Mallorca tiene muchos caminos de tierra incre\u00edbles por descubrir, \u00a1y nosotros lo hicimos!<\/p>\n\n\n\n<figure class=\"wp-block-image size-large\"><img loading=\"lazy\" decoding=\"async\" width=\"4000\" height=\"3000\" src=\"https:\/\/inzain.bike\/wp-content\/uploads\/2021\/04\/20210405_095406.jpg?w=1024\" alt=\"\" class=\"wp-image-119\" \/><\/figure>\n\n\n\n<p>Pero todo desde el principio. Originalmente \u00e9ramos 26 personas que \u00edbamos a Alar\u00f3, un peque\u00f1o pueblo a los pies de Oriente. Hemos hecho esto durante varios a\u00f1os, vivimos fant\u00e1sticamente en nuestra propia mansi\u00f3n con piscina, sala de yoga, bodega propia y un maravilloso jard\u00edn. Nuestra anfitriona nos mima, montamos en bicicleta, comemos bien y disfrutamos de la vida con catas de vino y tapas adem\u00e1s de todos los incre\u00edbles tours.<\/p>\n\n\n\n<figure class=\"wp-block-image size-large\"><img loading=\"lazy\" decoding=\"async\" width=\"4032\" height=\"3024\" src=\"https:\/\/inzain.bike\/wp-content\/uploads\/2021\/04\/165411931_466150988137609_3865724078445421573_n.jpg?w=1024\" alt=\"\" class=\"wp-image-117\" \/><\/figure>\n\n\n\n<p>Este a\u00f1o \u00e9ramos siete, por lo que los 1.100 metros cuadrados de superficie habitable de Can Fressa estaban, por decir lo menos, escasamente habitados.<br><br>Cuando todos se han reunido y realizado su recorrido de salida, nos encontramos con nuestro gu\u00eda, Martin, para la primera ronda de grava. Asfalto mixto, bonito camino de grava y luego algunos tramos de v\u00eda \u00fanica. Es Mallorca, as\u00ed que, por supuesto, tambi\u00e9n ganamos algo de altitud. Afortunadamente, tuvo tiempo para almorzar y tomar un caf\u00e9 en los aproximadamente 73 km y 730 m. La peor colina ten\u00eda una pendiente de 20%, por lo que aunque la cantidad de metros no da miedo, todav\u00eda duele, cuando la mayor parte es bastante empinada. Buen entrenamiento.<\/p>\n\n\n\n<figure class=\"wp-block-image size-large\"><img loading=\"lazy\" decoding=\"async\" width=\"5184\" height=\"3888\" src=\"https:\/\/inzain.bike\/wp-content\/uploads\/2021\/04\/g0011386.jpg?w=1024\" alt=\"\" class=\"wp-image-121\" \/><\/figure>\n\n\n\n<p>La temperatura sube y es como un caluroso d\u00eda de verano, se siente m\u00e1gico quitarse la ropa de invierno, andar en bicicleta con las piernas y los brazos desnudos. Martin nos cuida muy bien, incluso nos ayuda cuando uno de nosotros es atacado (Adivina la jerga o TL \ud83d\ude42).<\/p>\n\n\n\n<p>Hemos decidido de com\u00fan acuerdo que comemos en nuestra burbuja, tenemos toda la casa para nosotros solos, as\u00ed que cocinamos nosotros mismos, o pedimos comida que nos llevan directamente a casa. Una buena manera de socializar.<\/p>\n\n\n\n<figure class=\"wp-block-image size-large\"><img loading=\"lazy\" decoding=\"async\" width=\"3024\" height=\"4032\" src=\"https:\/\/inzain.bike\/wp-content\/uploads\/2021\/04\/received_163475168963992.jpeg?w=768\" alt=\"\" class=\"wp-image-124\" \/><\/figure>\n\n\n\n<p>Al d\u00eda siguiente, decidimos aceptar la oferta de Dan de ses Rote de ir a su casa despu\u00e9s del paseo en bicicleta, probar sus propios vinos, observar sus incre\u00edbles caballos y comer un poco de queso. Muy agradable y educativo sobre c\u00f3mo se elabora el vino y se dise\u00f1a el sabor, tambi\u00e9n obtuvimos vino de naranja, algo que era nuevo para m\u00ed. Dan y su esposa sueca Ellie han vivido en Mallorca durante varios a\u00f1os para brindar a sus hijas la mejor educaci\u00f3n posible y una sabia elecci\u00f3n.<\/p>\n\n\n\n<p><\/p>\n\n\n\n<figure class=\"wp-block-image size-large\"><img loading=\"lazy\" decoding=\"async\" width=\"4000\" height=\"3000\" src=\"https:\/\/inzain.bike\/wp-content\/uploads\/2021\/04\/20210331_163817.jpg?w=1024\" alt=\"\" class=\"wp-image-125\" \/><\/figure>\n\n\n\n<p><\/p>\n\n\n\n<div class=\"wp-block-buttons is-layout-flex wp-block-buttons-is-layout-flex\"><\/div>\n\n\n\n<p>Al d\u00eda siguiente decidimos probar un paseo gravel que nos regal\u00f3 Dan, pero por nuestra cuenta. Resulta ser un viaje incre\u00edblemente agradable con una gran proporci\u00f3n de grava y caminos encantadores.<\/p>\n\n\n\n<figure class=\"wp-block-image size-large\"><img decoding=\"async\" src=\"https:\/\/inzain.bike\/wp-content\/uploads\/2021\/04\/20210401_125754.jpg?w=1024\" alt=\"\" class=\"wp-image-127\" \/><\/figure>\n\n\n\n<p>Caminos polvorientos, avenidas y antiguos cauces de r\u00edos se mezclan con frescas arboledas y peque\u00f1as colinas. Los kil\u00f3metros pasan f\u00e1cilmente y para m\u00ed \u00e9ste resulta ser uno de mis mejores d\u00edas en la isla.<\/p>\n\n\n\n<figure class=\"wp-block-image size-large\"><img decoding=\"async\" src=\"https:\/\/inzain.bike\/wp-content\/uploads\/2021\/04\/g0012041.jpg?w=1024\" alt=\"\" class=\"wp-image-130\" \/><\/figure>\n\n\n\n<p>El viaje ser\u00e1 de unas 10 millas y 850 metros de altura. Tenemos tiempo para almorzar y tomar un caf\u00e9.<\/p>\n\n\n\n<figure class=\"wp-block-image size-large\"><img decoding=\"async\" src=\"https:\/\/inzain.bike\/wp-content\/uploads\/2021\/04\/g0012084.jpg?w=1024\" alt=\"\" class=\"wp-image-132\" \/><\/figure>\n\n\n\n<p>Por la noche, se prepara estofado de calabac\u00edn picante y les presento al grupo el glorioso juego del mentiroso, o lur, como lo llaman en LiTH y KTH. Aunque parezca mentira, yo tambi\u00e9n gano :).<br><br>El vino que Helga, nuestra anfitriona, nos trae de Sa Portassa, nuestra propia bodega, es realmente de primera calidad, aqu\u00ed en esta isla paradis\u00edaca nos lo pasamos genial.<\/p>\n\n\n\n<figure class=\"wp-block-image size-large\"><img decoding=\"async\" src=\"https:\/\/inzain.bike\/wp-content\/uploads\/2021\/04\/g0012664.jpg?w=1024\" alt=\"\" class=\"wp-image-133\" \/><\/figure>\n\n\n\n<p>Mallorca tambi\u00e9n tiene asfalto y ahora es el momento de probar un viaje as\u00ed. Hemos decidido pedalear por la colina de Lluc o el collado de Batalla y luego hacia Puerto Pollen\u00e7a, para almorzar y luego a casa por caminos secundarios m\u00e1s peque\u00f1os que explor\u00e9 en otra ocasi\u00f3n. La subida a &quot;Tankstette&quot;, la monta\u00f1a en la cima, es una de las favoritas, bonitas serpentinas y algo de sombra junto con una gran vista y luego un &quot;falso llano&quot; despu\u00e9s de 2\/3 para que puedas descansar un minuto.<\/p>\n\n\n\n<p>Pronto ser\u00e1 una bajada brutal hasta Pollen\u00e7a por el collado de Femenia, pero primero un caf\u00e9 y algunas peque\u00f1as colinas hasta la cima. Este descenso es realmente divertido, con bonitas curvas y vistas reales, luego un largo camino hasta Puerto Pollen\u00e7a, para un mejor almuerzo junto al mar.<\/p>\n\n\n\n<figure class=\"wp-block-image size-large\"><img decoding=\"async\" src=\"https:\/\/inzain.bike\/wp-content\/uploads\/2021\/04\/g0033027.jpg?w=1024\" alt=\"\" class=\"wp-image-135\" \/><\/figure>\n\n\n\n<p>Para m\u00ed, sin embargo, la mejor parte comienza con el d\u00eda de ahora, recorriendo estas peque\u00f1as carreteras que llenan Mallorca, sin coches, interminables patios con paredes de piedra, aromas de flores y puro disfrute.<\/p>\n\n\n\n<figure class=\"wp-block-image size-large\"><img decoding=\"async\" src=\"https:\/\/inzain.bike\/wp-content\/uploads\/2021\/04\/g0033177.jpg?w=1024\" alt=\"\" class=\"wp-image-137\" \/><\/figure>\n\n\n\n<p><br>Por la noche comemos at\u00fan ligeramente asado con ensaladas de chile de varios tipos y luego crema brul\u00e9, la vida podr\u00eda ser peor.<\/p>\n\n\n\n<p><strong>Parque de Llevant<\/strong><\/p>\n\n\n\n<p>En el noreste de Mallorca se encuentra el Parque Nacional de Llevant, es una parte completamente nueva para m\u00ed y ten\u00eda muchas ganas de ver lo que pod\u00eda ofrecer. Hab\u00edamos creado una ruta que comenzaba en el estacionamiento del parque y hab\u00edamos acordado transportarnos a nosotros y a nuestras bicicletas hasta all\u00ed. Hace un poco de fr\u00edo en el aire pero la primera subida soluciona el calor. Entonces comienza nuestro viaje hacia el mar. Probablemente sea una de las cosas m\u00e1s bonitas que he visto desde el sill\u00edn de una bicicleta.<br>Todos perdimos un poco el aliento.<\/p>\n\n\n\n<figure class=\"wp-block-image size-large\"><img decoding=\"async\" src=\"https:\/\/inzain.bike\/wp-content\/uploads\/2021\/04\/20210404_094354.jpg?w=1024\" alt=\"\" class=\"wp-image-139\" \/><\/figure>\n\n\n\n<p>Muchas partes de bajada eran bastante empinadas y aquellos con neum\u00e1ticos estrechos a veces optaban por bajar, yo ten\u00eda mis neum\u00e1ticos MTB de 52 mm y encontr\u00e9 agarre. El camino va bajando pero todo el tiempo vemos el mar y la monta\u00f1a frente a nosotros.<\/p>\n\n\n\n<p>Una vez en la playa, desear\u00edamos haber tra\u00eddo una peque\u00f1a bolsa de almuerzo, pero disfrutamos del sonido y las vistas antes de que comience el arduo viaje de regreso.<\/p>\n\n\n\n<figure class=\"wp-block-image size-large\"><img decoding=\"async\" src=\"https:\/\/inzain.bike\/wp-content\/uploads\/2021\/04\/20210404_102625.jpg?w=1024\" alt=\"\" class=\"wp-image-141\" \/><\/figure>\n\n\n\n<p>Hay muchas secciones dif\u00edciles con grava t\u00e9cnica y tambi\u00e9n algunas secciones empinadas, principalmente la 22%. La funci\u00f3n Garmin Climb Pro adquiri\u00f3 un color que no hab\u00eda visto antes: \u00a1negro! Pero nos levantamos. Fueron necesarias unas tres horas para recorrer 18 kil\u00f3metros, un r\u00e9cord en s\u00ed mismo. Poder bajar hasta Art\u00e0 sobre asfalto fue bastante agradable, al igual que un almuerzo de pasta en la plaza.<\/p>\n\n\n\n<p>La siguiente parte del recorrido ser\u00e1 hasta Manacor y elegimos probar V\u00edas Verdes, un antiguo terrapl\u00e9n del ferrocarril de tres millas que se ha convertido en un camino de tierra, todas las estaciones siguen ah\u00ed y todo es bastante divertido y Un poco extra\u00f1o porque es muy moderno. \u00bfPor qu\u00e9 se quitaron los rieles? Al menos para nosotros fue una suerte.<\/p>\n\n\n\n<figure class=\"wp-block-image size-large\"><img decoding=\"async\" src=\"https:\/\/inzain.bike\/wp-content\/uploads\/2021\/04\/g0023909.jpg?w=1024\" alt=\"\" class=\"wp-image-143\" \/><\/figure>\n\n\n\n<p>Cuando llegamos a Manacor sentimos que ya era suficiente por hoy, y es bastante conveniente que en Mallorca haya trenes. Por supuesto, las bicicletas son bienvenidas, al fin y al cabo es un pa\u00eds civilizado...<\/p>\n\n\n\n<p>Por la noche, Helga organiz\u00f3 catas de vino y tapas, incre\u00edblemente ricas y deliciosas. A m\u00ed mismo me ense\u00f1aron que quiz\u00e1s hab\u00eda que usar la escupidera a veces, hab\u00eda muchas copas de vino. Tambi\u00e9n llegamos a la conclusi\u00f3n de que necesit\u00e1bamos nombres de pandillas, por eso nacieron Shiny Rider, Shady Riser, Slack Blatter, Dark Klingon, Ghost Rider y, lo mejor de todo, Dirk Diggler.<\/p>\n\n\n\n<p>El \u00faltimo d\u00eda, algunos eligieron un paseo por la monta\u00f1a con el col de Soller y el Puig Major (tambi\u00e9n conocido como Piggen), mientras que otros hicieron un paseo m\u00e1s suave por grava en llano, antes de que llegara el momento de recoger las bicicletas, limpiar la nevera y empezar a mirar hacia adelante. Para el pr\u00f3ximo viaje aqu\u00ed, por suerte ser\u00e1 en octubre, luego tambi\u00e9n aprovecharemos para probar Gravel en Menorca y Martin tiene nuevas sorpresas, no te lo pierdas.<br><br><\/p>\n\n\n\n<figure class=\"wp-block-image size-large\"><img decoding=\"async\" src=\"https:\/\/inzain.bike\/wp-content\/uploads\/2021\/04\/20210405_090449.jpg?w=1024\" alt=\"\" class=\"wp-image-145\" \/><\/figure>\n\n\n\n<figure class=\"wp-block-image size-large\"><img decoding=\"async\" src=\"https:\/\/inzain.bike\/wp-content\/uploads\/2021\/04\/20210405_090456.jpg?w=1024\" alt=\"\" class=\"wp-image-146\" \/><\/figure>\n\n\n\n<p><br><\/p>\n\n\n\n<p><br><\/p>\n<\/div>\n<\/div>\n<\/div>","protected":false},"excerpt":{"rendered":"<p>Mallorca &#8211; V\u00e5r &#8211; Landsv\u00e4gscykling? Nejd\u00e5 inte alls, Mallorca har m\u00e5nga grymma grusv\u00e4gar att uppt\u00e4cka, och det gjorde vi! Men allt fr\u00e5n b\u00f6rjan. Ursprungligen var vi 26 personer som skulle \u00e5ka till Alar\u00f3, en liten by vid foten av Orient. Vi har gjort s\u00e5 i flera \u00e5r, vi bor fantastiskt i ett eget mansion med [&hellip;]<\/p>\n","protected":false},"author":135133094,"featured_media":0,"parent":0,"menu_order":0,"comment_status":"closed","ping_status":"closed","template":"","meta":{"_coblocks_attr":"","_coblocks_dimensions":"","_coblocks_responsive_height":"","_coblocks_accordion_ie_support":"","footnotes":""},"class_list":["post-114","page","type-page","status-publish","hentry"],"yoast_head":"<!-- This site is optimized with the Yoast SEO plugin v27.2 - https:\/\/yoast.com\/product\/yoast-seo-wordpress\/ -->\n<title>Gravel p\u00e5 Mallorca Ride Report - INZAIN Cycling EXPERIENCES<\/title>\n<meta name=\"robots\" content=\"index, follow, max-snippet:-1, max-image-preview:large, max-video-preview:-1\" \/>\n<link rel=\"canonical\" href=\"https:\/\/inzain.bike\/es\/gravel-pa-mallorca-ride-report\/\" \/>\n<meta property=\"og:locale\" content=\"es_ES\" \/>\n<meta property=\"og:type\" content=\"article\" \/>\n<meta property=\"og:title\" content=\"Gravel p\u00e5 Mallorca Ride Report - INZAIN Cycling EXPERIENCES\" \/>\n<meta property=\"og:description\" content=\"Mallorca &#8211; V\u00e5r &#8211; Landsv\u00e4gscykling? Nejd\u00e5 inte alls, Mallorca har m\u00e5nga grymma grusv\u00e4gar att uppt\u00e4cka, och det gjorde vi! Men allt fr\u00e5n b\u00f6rjan. Ursprungligen var vi 26 personer som skulle \u00e5ka till Alar\u00f3, en liten by vid foten av Orient. Vi har gjort s\u00e5 i flera \u00e5r, vi bor fantastiskt i ett eget mansion med [&hellip;]\" \/>\n<meta property=\"og:url\" content=\"https:\/\/inzain.bike\/es\/gravel-pa-mallorca-ride-report\/\" \/>\n<meta property=\"og:site_name\" content=\"INZAIN Cycling EXPERIENCES\" \/>\n<meta property=\"article:publisher\" content=\"https:\/\/www.facebook.com\/Inzain.bike\" \/>\n<meta property=\"og:image\" content=\"https:\/\/inzain.bike\/wp-content\/uploads\/2021\/04\/g0013561.jpg?w=1024\" \/>\n<meta name=\"twitter:card\" content=\"summary_large_image\" \/>\n<meta name=\"twitter:label1\" content=\"Tiempo de lectura\" \/>\n\t<meta name=\"twitter:data1\" content=\"6 minutos\" \/>\n<script type=\"application\/ld+json\" class=\"yoast-schema-graph\">{\"@context\":\"https:\/\/schema.org\",\"@graph\":[{\"@type\":\"WebPage\",\"@id\":\"https:\/\/inzain.bike\/en_gb\/gravel-pa-mallorca-ride-report\/\",\"url\":\"https:\/\/inzain.bike\/en_gb\/gravel-pa-mallorca-ride-report\/\",\"name\":\"Gravel p\u00e5 Mallorca Ride Report - INZAIN Cycling EXPERIENCES\",\"isPartOf\":{\"@id\":\"https:\/\/inzain.bike\/fr_be\/#website\"},\"primaryImageOfPage\":{\"@id\":\"https:\/\/inzain.bike\/en_gb\/gravel-pa-mallorca-ride-report\/#primaryimage\"},\"image\":{\"@id\":\"https:\/\/inzain.bike\/en_gb\/gravel-pa-mallorca-ride-report\/#primaryimage\"},\"thumbnailUrl\":\"https:\/\/inzain.bike\/wp-content\/uploads\/2021\/04\/g0013561.jpg?w=1024\",\"datePublished\":\"2021-04-07T17:02:41+00:00\",\"breadcrumb\":{\"@id\":\"https:\/\/inzain.bike\/en_gb\/gravel-pa-mallorca-ride-report\/#breadcrumb\"},\"inLanguage\":\"es\",\"potentialAction\":[{\"@type\":\"ReadAction\",\"target\":[\"https:\/\/inzain.bike\/en_gb\/gravel-pa-mallorca-ride-report\/\"]}]},{\"@type\":\"ImageObject\",\"inLanguage\":\"es\",\"@id\":\"https:\/\/inzain.bike\/en_gb\/gravel-pa-mallorca-ride-report\/#primaryimage\",\"url\":\"https:\/\/inzain.bike\/wp-content\/uploads\/2021\/04\/g0013561.jpg?w=1024\",\"contentUrl\":\"https:\/\/inzain.bike\/wp-content\/uploads\/2021\/04\/g0013561.jpg?w=1024\"},{\"@type\":\"BreadcrumbList\",\"@id\":\"https:\/\/inzain.bike\/en_gb\/gravel-pa-mallorca-ride-report\/#breadcrumb\",\"itemListElement\":[{\"@type\":\"ListItem\",\"position\":1,\"name\":\"Hem\",\"item\":\"https:\/\/inzain.bike\/fr_be\/\"},{\"@type\":\"ListItem\",\"position\":2,\"name\":\"Gravel p\u00e5 Mallorca Ride Report\"}]},{\"@type\":\"WebSite\",\"@id\":\"https:\/\/inzain.bike\/fr_be\/#website\",\"url\":\"https:\/\/inzain.bike\/fr_be\/\",\"name\":\"INZAIN Cycling EXPERIENCES\",\"description\":\"Cyckling Adventures  - for everyone\",\"publisher\":{\"@id\":\"https:\/\/inzain.bike\/fr_be\/#organization\"},\"alternateName\":\"INZAIN Gravel & Travel\",\"potentialAction\":[{\"@type\":\"SearchAction\",\"target\":{\"@type\":\"EntryPoint\",\"urlTemplate\":\"https:\/\/inzain.bike\/fr_be\/?s={search_term_string}\"},\"query-input\":{\"@type\":\"PropertyValueSpecification\",\"valueRequired\":true,\"valueName\":\"search_term_string\"}}],\"inLanguage\":\"es\"},{\"@type\":\"Organization\",\"@id\":\"https:\/\/inzain.bike\/fr_be\/#organization\",\"name\":\"INZAIN Cycling EXPERIENCES\",\"url\":\"https:\/\/inzain.bike\/fr_be\/\",\"logo\":{\"@type\":\"ImageObject\",\"inLanguage\":\"es\",\"@id\":\"https:\/\/inzain.bike\/fr_be\/#\/schema\/logo\/image\/\",\"url\":\"https:\/\/i0.wp.com\/inzain.bike\/wp-content\/uploads\/2023\/09\/cropped-INZAIN_512x512_white.png?fit=512%2C512&ssl=1\",\"contentUrl\":\"https:\/\/i0.wp.com\/inzain.bike\/wp-content\/uploads\/2023\/09\/cropped-INZAIN_512x512_white.png?fit=512%2C512&ssl=1\",\"width\":512,\"height\":512,\"caption\":\"INZAIN Cycling EXPERIENCES\"},\"image\":{\"@id\":\"https:\/\/inzain.bike\/fr_be\/#\/schema\/logo\/image\/\"},\"sameAs\":[\"https:\/\/www.facebook.com\/Inzain.bike\",\"https:\/\/www.instagram.com\/inzainbike\"]}]}<\/script>\n<!-- \/ Yoast SEO plugin. -->","yoast_head_json":{"title":"Informe de ruta Gravel en Mallorca - INZAIN Cycling EXPERIENCES","robots":{"index":"index","follow":"follow","max-snippet":"max-snippet:-1","max-image-preview":"max-image-preview:large","max-video-preview":"max-video-preview:-1"},"canonical":"https:\/\/inzain.bike\/es\/gravel-pa-mallorca-ride-report\/","og_locale":"es_ES","og_type":"article","og_title":"Gravel p\u00e5 Mallorca Ride Report - INZAIN Cycling EXPERIENCES","og_description":"Mallorca &#8211; V\u00e5r &#8211; Landsv\u00e4gscykling? Nejd\u00e5 inte alls, Mallorca har m\u00e5nga grymma grusv\u00e4gar att uppt\u00e4cka, och det gjorde vi! Men allt fr\u00e5n b\u00f6rjan. Ursprungligen var vi 26 personer som skulle \u00e5ka till Alar\u00f3, en liten by vid foten av Orient. Vi har gjort s\u00e5 i flera \u00e5r, vi bor fantastiskt i ett eget mansion med [&hellip;]","og_url":"https:\/\/inzain.bike\/es\/gravel-pa-mallorca-ride-report\/","og_site_name":"INZAIN Cycling EXPERIENCES","article_publisher":"https:\/\/www.facebook.com\/Inzain.bike","og_image":[{"url":"https:\/\/inzain.bike\/wp-content\/uploads\/2021\/04\/g0013561.jpg?w=1024","type":"","width":"","height":""}],"twitter_card":"summary_large_image","twitter_misc":{"Tiempo de lectura":"6 minutos"},"schema":{"@context":"https:\/\/schema.org","@graph":[{"@type":"WebPage","@id":"https:\/\/inzain.bike\/en_gb\/gravel-pa-mallorca-ride-report\/","url":"https:\/\/inzain.bike\/en_gb\/gravel-pa-mallorca-ride-report\/","name":"Informe de ruta Gravel en Mallorca - INZAIN Cycling EXPERIENCES","isPartOf":{"@id":"https:\/\/inzain.bike\/fr_be\/#website"},"primaryImageOfPage":{"@id":"https:\/\/inzain.bike\/en_gb\/gravel-pa-mallorca-ride-report\/#primaryimage"},"image":{"@id":"https:\/\/inzain.bike\/en_gb\/gravel-pa-mallorca-ride-report\/#primaryimage"},"thumbnailUrl":"https:\/\/inzain.bike\/wp-content\/uploads\/2021\/04\/g0013561.jpg?w=1024","datePublished":"2021-04-07T17:02:41+00:00","breadcrumb":{"@id":"https:\/\/inzain.bike\/en_gb\/gravel-pa-mallorca-ride-report\/#breadcrumb"},"inLanguage":"es","potentialAction":[{"@type":"ReadAction","target":["https:\/\/inzain.bike\/en_gb\/gravel-pa-mallorca-ride-report\/"]}]},{"@type":"ImageObject","inLanguage":"es","@id":"https:\/\/inzain.bike\/en_gb\/gravel-pa-mallorca-ride-report\/#primaryimage","url":"https:\/\/inzain.bike\/wp-content\/uploads\/2021\/04\/g0013561.jpg?w=1024","contentUrl":"https:\/\/inzain.bike\/wp-content\/uploads\/2021\/04\/g0013561.jpg?w=1024"},{"@type":"BreadcrumbList","@id":"https:\/\/inzain.bike\/en_gb\/gravel-pa-mallorca-ride-report\/#breadcrumb","itemListElement":[{"@type":"ListItem","position":1,"name":"Hem","item":"https:\/\/inzain.bike\/fr_be\/"},{"@type":"ListItem","position":2,"name":"Gravel p\u00e5 Mallorca Ride Report"}]},{"@type":"WebSite","@id":"https:\/\/inzain.bike\/fr_be\/#website","url":"https:\/\/inzain.bike\/fr_be\/","name":"EXPERIENCIAS Ciclismo INZAIN","description":"Aventuras en bicicleta: para todos","publisher":{"@id":"https:\/\/inzain.bike\/fr_be\/#organization"},"alternateName":"INZAIN Gravel & Travel","potentialAction":[{"@type":"SearchAction","target":{"@type":"EntryPoint","urlTemplate":"https:\/\/inzain.bike\/fr_be\/?s={search_term_string}"},"query-input":{"@type":"PropertyValueSpecification","valueRequired":true,"valueName":"search_term_string"}}],"inLanguage":"es"},{"@type":"Organization","@id":"https:\/\/inzain.bike\/fr_be\/#organization","name":"EXPERIENCIAS Ciclismo INZAIN","url":"https:\/\/inzain.bike\/fr_be\/","logo":{"@type":"ImageObject","inLanguage":"es","@id":"https:\/\/inzain.bike\/fr_be\/#\/schema\/logo\/image\/","url":"https:\/\/i0.wp.com\/inzain.bike\/wp-content\/uploads\/2023\/09\/cropped-INZAIN_512x512_white.png?fit=512%2C512&ssl=1","contentUrl":"https:\/\/i0.wp.com\/inzain.bike\/wp-content\/uploads\/2023\/09\/cropped-INZAIN_512x512_white.png?fit=512%2C512&ssl=1","width":512,"height":512,"caption":"INZAIN Cycling EXPERIENCES"},"image":{"@id":"https:\/\/inzain.bike\/fr_be\/#\/schema\/logo\/image\/"},"sameAs":["https:\/\/www.facebook.com\/Inzain.bike","https:\/\/www.instagram.com\/inzainbike"]}]}},"amp_enabled":true,"_links":{"self":[{"href":"https:\/\/inzain.bike\/es\/wp-json\/wp\/v2\/pages\/114","targetHints":{"allow":["GET"]}}],"collection":[{"href":"https:\/\/inzain.bike\/es\/wp-json\/wp\/v2\/pages"}],"about":[{"href":"https:\/\/inzain.bike\/es\/wp-json\/wp\/v2\/types\/page"}],"author":[{"embeddable":true,"href":"https:\/\/inzain.bike\/es\/wp-json\/wp\/v2\/users\/135133094"}],"replies":[{"embeddable":true,"href":"https:\/\/inzain.bike\/es\/wp-json\/wp\/v2\/comments?post=114"}],"version-history":[{"count":0,"href":"https:\/\/inzain.bike\/es\/wp-json\/wp\/v2\/pages\/114\/revisions"}],"wp:attachment":[{"href":"https:\/\/inzain.bike\/es\/wp-json\/wp\/v2\/media?parent=114"}],"curies":[{"name":"gracias","href":"https:\/\/api.w.org\/{rel}","templated":true}]}}