{"id":1585,"date":"2022-03-08T11:05:33","date_gmt":"2022-03-08T10:05:33","guid":{"rendered":"https:\/\/inzain.bike\/?page_id=1585"},"modified":"2024-03-10T14:31:42","modified_gmt":"2024-03-10T13:31:42","slug":"terms","status":"publish","type":"page","link":"https:\/\/inzain.bike\/es\/terms\/","title":{"rendered":"Condiciones para el evento"},"content":{"rendered":"<h4 class=\"wp-block-heading\" id=\"dina-skyldigheter\"><strong>Tus obligaciones&nbsp;<\/strong><\/h4>\n\n\n\n<p><strong>Usted deber\u00e1:<\/strong><\/p>\n\n\n\n<ul class=\"wp-block-list\">\n<li>Sigue las instrucciones de los gu\u00edas durante todo el recorrido.<\/li>\n\n\n\n<li>Use un casco mientras anda en bicicleta<\/li>\n\n\n\n<li>No andar en bicicleta bajo los efectos del alcohol o drogas.<\/li>\n\n\n\n<li>Aseg\u00farate de tener un seguro de viaje que cubra equipaje, material de ciclismo y gastos m\u00e9dicos.<\/li>\n<\/ul>\n\n\n\n<h4 class=\"wp-block-heading\" id=\"vara-rattigheter\"><strong>Nuestros derechos<\/strong><\/h4>\n\n\n\n<p>Nos reservamos el derecho de cancelar o cambiar su viaje en cualquier momento antes de la salida debido a eventos fuera de nuestro control, tales como, entre otros:<\/p>\n\n\n\n<ul class=\"wp-block-list\">\n<li>Fuerza mayor; Inundaci\u00f3n; Sequ\u00eda; Armas nucleares, Contaminaci\u00f3n qu\u00edmica o biol\u00f3gica, Colapso de edificios, Incendio, Explosi\u00f3n o Accidente, (colectivamente \u201cEventos fuera de nuestro control\u201d).<\/li>\n<\/ul>\n\n\n\n<p>Tambi\u00e9n nos reservamos el derecho de cancelar o cambiar su viaje en cualquier momento antes de la salida (a nuestro exclusivo criterio), aunque le aseguramos que nos esforzaremos por hacerlo s\u00f3lo cuando sea absolutamente necesario.<\/p>\n\n\n\n<h4 class=\"wp-block-heading\" id=\"overfora-resan\"><strong>Transferir el viaje&nbsp;<\/strong><\/h4>\n\n\n\n<p>Si una emergencia empresarial o personal te impidiera realizar tu viaje, podr\u00e1s transferirlo a otra persona para que sea aprobada por INZAIN. Si se aprueba a la persona, usted y su reemplazo liquidan el costo.<br>INZAIN no realiza devoluci\u00f3n, salvo que la cancelaci\u00f3n se produzca en el plazo estipulado, ver apartado devoluciones.<\/p>\n\n\n\n<h4 class=\"wp-block-heading\" id=\"andringar-av-din-resa\"><strong>Cambios en tu viaje<\/strong><\/h4>\n\n\n\n<p>Haremos todo lo posible para garantizar que no sea necesario cambiar el itinerario de su viaje. Sin embargo, si ocurre un evento fuera de nuestro control (es posible que no podamos seguir nuestros itinerarios u horarios anunciados). Si cualquier costo adicional incurrido por retraso, accidente o interrupci\u00f3n del itinerario planificado se debe a eventos fuera de nuestro control, no podemos reembolsarle dichos costos.<\/p>\n\n\n\n<h4 class=\"wp-block-heading\" id=\"upphavande\"><strong>Revocar&nbsp;<\/strong><\/h4>\n\n\n\n<p><strong>Al reservar:<\/strong><\/p>\n\n\n\n<ul class=\"wp-block-list\">\n<li>Usted acepta que ha recibido y le\u00eddo toda la informaci\u00f3n que le proporcionamos sobre el viaje.<\/li>\n\n\n\n<li>Usted acepta que cualquier recomendaci\u00f3n que hagamos sobre el clima, la vestimenta, el equipo especial, la topograf\u00eda, etc. se hace de buena fe, pero que no podemos garantizar su exactitud o integridad.<\/li>\n\n\n\n<li>Aceptas que es tu responsabilidad contratar un seguro que te cubra durante todo el viaje.<\/li>\n\n\n\n<li>Usted reconoce que es consciente de la naturaleza f\u00edsicamente exigente de nuestros viajes y acepta los riesgos y peligros de nuestros viajes, incluidos los peligros al andar en bicicleta, ya sea dentro o fuera de la carretera, y cualquier riesgo que surja (entre otras cosas) del mal tiempo y las condiciones variables de las carreteras. y\/o pistas<\/li>\n\n\n\n<li>Acepta el riesgo de (entre otras cosas) retrasos, cambios, p\u00e9rdida o da\u00f1o a la propiedad, inconvenientes e inconvenientes.<\/li>\n\n\n\n<li>Adem\u00e1s de aceptar lo siguiente en el punto siguiente, usted participa en el viaje y viaja bajo su propia responsabilidad.<\/li>\n<\/ul>\n\n\n\n<h4 class=\"wp-block-heading\" id=\"tillamplig-lag-och-jurisdiktion\"><strong>Ley Aplicable y Jurisdicci\u00f3n<\/strong><\/h4>\n\n\n\n<p>Cualquier disputa se resolver\u00e1 de acuerdo con esto: <a href=\"https:\/\/sccinstitute.se\/vara-tjanster\/forenklat-skiljeforfarande\/\">https:\/\/sccinstitute.se\/vara-tjanster\/forenklat-skiljeforfarande\/<\/a>\u2018&#039;\u2018<\/p>\n\n\n\n<p><strong>Enfermedad<\/strong><\/p>\n\n\n\n<p>Como participante, debes revisar tu seguro, para que cubra el costo si tienes que cancelar por enfermedad. INZAIN no se hace responsable del reembolso en caso de enfermedad, si \u00e9sta se produce despu\u00e9s de haber realizado el pago<\/p>\n\n\n\n<p><strong>Reembolso<\/strong><\/p>\n\n\n\n<p>Al realizar la reserva, el viaje est\u00e1 pagado. Si elige cancelar, se aplica lo siguiente:<br>30% nunca es reembolsable, es la tarifa de reserva.<br>70% se reembolsa en caso de cancelaci\u00f3n a m\u00e1s tardar 120 d\u00edas antes de la salida, despu\u00e9s de eso no se realizar\u00e1 ning\u00fan reembolso.<\/p>\n\n\n\n<p><\/p>\n\n\n\n<p><\/p>","protected":false},"excerpt":{"rendered":"<p>Dina skyldigheter&nbsp; Du skall: V\u00e5ra r\u00e4ttigheter Vi f\u00f6rbeh\u00e5ller oss r\u00e4tten att avbryta eller \u00e4ndra din resa n\u00e4r som helst innan avresa p\u00e5 grund av h\u00e4ndelser utanf\u00f6r v\u00e5r kontroll, s\u00e5som men inte begr\u00e4nsat till: Vi f\u00f6rbeh\u00e5ller oss ocks\u00e5 r\u00e4tten att st\u00e4lla in eller \u00e4ndra din resa n\u00e4r som helst f\u00f6re avresa (efter eget godtycke), \u00e4ven om [&hellip;]<\/p>\n","protected":false},"author":135133094,"featured_media":0,"parent":0,"menu_order":0,"comment_status":"closed","ping_status":"closed","template":"","meta":{"_coblocks_attr":"","_coblocks_dimensions":"","_coblocks_responsive_height":"","_coblocks_accordion_ie_support":"","footnotes":""},"class_list":["post-1585","page","type-page","status-publish","hentry"],"yoast_head":"<!-- This site is optimized with the Yoast SEO plugin v27.2 - https:\/\/yoast.com\/product\/yoast-seo-wordpress\/ -->\n<title>Villkor f\u00f6r eventet - INZAIN Cycling EXPERIENCES<\/title>\n<meta name=\"robots\" content=\"index, follow, max-snippet:-1, max-image-preview:large, max-video-preview:-1\" \/>\n<link rel=\"canonical\" href=\"https:\/\/inzain.bike\/es\/terms\/\" \/>\n<meta property=\"og:locale\" content=\"es_ES\" \/>\n<meta property=\"og:type\" content=\"article\" \/>\n<meta property=\"og:title\" content=\"Villkor f\u00f6r eventet - INZAIN Cycling EXPERIENCES\" \/>\n<meta property=\"og:description\" content=\"Dina skyldigheter&nbsp; Du skall: V\u00e5ra r\u00e4ttigheter Vi f\u00f6rbeh\u00e5ller oss r\u00e4tten att avbryta eller \u00e4ndra din resa n\u00e4r som helst innan avresa p\u00e5 grund av h\u00e4ndelser utanf\u00f6r v\u00e5r kontroll, s\u00e5som men inte begr\u00e4nsat till: Vi f\u00f6rbeh\u00e5ller oss ocks\u00e5 r\u00e4tten att st\u00e4lla in eller \u00e4ndra din resa n\u00e4r som helst f\u00f6re avresa (efter eget godtycke), \u00e4ven om [&hellip;]\" \/>\n<meta property=\"og:url\" content=\"https:\/\/inzain.bike\/es\/terms\/\" \/>\n<meta property=\"og:site_name\" content=\"INZAIN Cycling EXPERIENCES\" \/>\n<meta property=\"article:publisher\" content=\"https:\/\/www.facebook.com\/Inzain.bike\" \/>\n<meta property=\"article:modified_time\" content=\"2024-03-10T13:31:42+00:00\" \/>\n<meta name=\"twitter:card\" content=\"summary_large_image\" \/>\n<meta name=\"twitter:label1\" content=\"Tiempo de lectura\" \/>\n\t<meta name=\"twitter:data1\" content=\"3 minutos\" \/>\n<script type=\"application\/ld+json\" class=\"yoast-schema-graph\">{\"@context\":\"https:\/\/schema.org\",\"@graph\":[{\"@type\":\"WebPage\",\"@id\":\"https:\/\/inzain.bike\/nl_be\/terms\/\",\"url\":\"https:\/\/inzain.bike\/nl_be\/terms\/\",\"name\":\"Villkor f\u00f6r eventet - INZAIN Cycling EXPERIENCES\",\"isPartOf\":{\"@id\":\"https:\/\/inzain.bike\/fr_be\/#website\"},\"datePublished\":\"2022-03-08T10:05:33+00:00\",\"dateModified\":\"2024-03-10T13:31:42+00:00\",\"breadcrumb\":{\"@id\":\"https:\/\/inzain.bike\/nl_be\/terms\/#breadcrumb\"},\"inLanguage\":\"es\",\"potentialAction\":[{\"@type\":\"ReadAction\",\"target\":[\"https:\/\/inzain.bike\/nl_be\/terms\/\"]}]},{\"@type\":\"BreadcrumbList\",\"@id\":\"https:\/\/inzain.bike\/nl_be\/terms\/#breadcrumb\",\"itemListElement\":[{\"@type\":\"ListItem\",\"position\":1,\"name\":\"Hem\",\"item\":\"https:\/\/inzain.bike\/fr_be\/\"},{\"@type\":\"ListItem\",\"position\":2,\"name\":\"Villkor f\u00f6r eventet\"}]},{\"@type\":\"WebSite\",\"@id\":\"https:\/\/inzain.bike\/fr_be\/#website\",\"url\":\"https:\/\/inzain.bike\/fr_be\/\",\"name\":\"INZAIN Cycling EXPERIENCES\",\"description\":\"Cyckling Adventures  - for everyone\",\"publisher\":{\"@id\":\"https:\/\/inzain.bike\/fr_be\/#organization\"},\"alternateName\":\"INZAIN Gravel & Travel\",\"potentialAction\":[{\"@type\":\"SearchAction\",\"target\":{\"@type\":\"EntryPoint\",\"urlTemplate\":\"https:\/\/inzain.bike\/fr_be\/?s={search_term_string}\"},\"query-input\":{\"@type\":\"PropertyValueSpecification\",\"valueRequired\":true,\"valueName\":\"search_term_string\"}}],\"inLanguage\":\"es\"},{\"@type\":\"Organization\",\"@id\":\"https:\/\/inzain.bike\/fr_be\/#organization\",\"name\":\"INZAIN Cycling EXPERIENCES\",\"url\":\"https:\/\/inzain.bike\/fr_be\/\",\"logo\":{\"@type\":\"ImageObject\",\"inLanguage\":\"es\",\"@id\":\"https:\/\/inzain.bike\/fr_be\/#\/schema\/logo\/image\/\",\"url\":\"https:\/\/i0.wp.com\/inzain.bike\/wp-content\/uploads\/2023\/09\/cropped-INZAIN_512x512_white.png?fit=512%2C512&ssl=1\",\"contentUrl\":\"https:\/\/i0.wp.com\/inzain.bike\/wp-content\/uploads\/2023\/09\/cropped-INZAIN_512x512_white.png?fit=512%2C512&ssl=1\",\"width\":512,\"height\":512,\"caption\":\"INZAIN Cycling EXPERIENCES\"},\"image\":{\"@id\":\"https:\/\/inzain.bike\/fr_be\/#\/schema\/logo\/image\/\"},\"sameAs\":[\"https:\/\/www.facebook.com\/Inzain.bike\",\"https:\/\/www.instagram.com\/inzainbike\"]}]}<\/script>\n<!-- \/ Yoast SEO plugin. -->","yoast_head_json":{"title":"T\u00e9rminos y condiciones del evento - INZAIN Cycling EXPERIENCES","robots":{"index":"index","follow":"follow","max-snippet":"max-snippet:-1","max-image-preview":"max-image-preview:large","max-video-preview":"max-video-preview:-1"},"canonical":"https:\/\/inzain.bike\/es\/terms\/","og_locale":"es_ES","og_type":"article","og_title":"Villkor f\u00f6r eventet - INZAIN Cycling EXPERIENCES","og_description":"Dina skyldigheter&nbsp; Du skall: V\u00e5ra r\u00e4ttigheter Vi f\u00f6rbeh\u00e5ller oss r\u00e4tten att avbryta eller \u00e4ndra din resa n\u00e4r som helst innan avresa p\u00e5 grund av h\u00e4ndelser utanf\u00f6r v\u00e5r kontroll, s\u00e5som men inte begr\u00e4nsat till: Vi f\u00f6rbeh\u00e5ller oss ocks\u00e5 r\u00e4tten att st\u00e4lla in eller \u00e4ndra din resa n\u00e4r som helst f\u00f6re avresa (efter eget godtycke), \u00e4ven om [&hellip;]","og_url":"https:\/\/inzain.bike\/es\/terms\/","og_site_name":"INZAIN Cycling EXPERIENCES","article_publisher":"https:\/\/www.facebook.com\/Inzain.bike","article_modified_time":"2024-03-10T13:31:42+00:00","twitter_card":"summary_large_image","twitter_misc":{"Tiempo de lectura":"3 minutos"},"schema":{"@context":"https:\/\/schema.org","@graph":[{"@type":"WebPage","@id":"https:\/\/inzain.bike\/nl_be\/terms\/","url":"https:\/\/inzain.bike\/nl_be\/terms\/","name":"T\u00e9rminos y condiciones del evento - INZAIN Cycling EXPERIENCES","isPartOf":{"@id":"https:\/\/inzain.bike\/fr_be\/#website"},"datePublished":"2022-03-08T10:05:33+00:00","dateModified":"2024-03-10T13:31:42+00:00","breadcrumb":{"@id":"https:\/\/inzain.bike\/nl_be\/terms\/#breadcrumb"},"inLanguage":"es","potentialAction":[{"@type":"ReadAction","target":["https:\/\/inzain.bike\/nl_be\/terms\/"]}]},{"@type":"BreadcrumbList","@id":"https:\/\/inzain.bike\/nl_be\/terms\/#breadcrumb","itemListElement":[{"@type":"ListItem","position":1,"name":"Hem","item":"https:\/\/inzain.bike\/fr_be\/"},{"@type":"ListItem","position":2,"name":"Villkor f\u00f6r eventet"}]},{"@type":"WebSite","@id":"https:\/\/inzain.bike\/fr_be\/#website","url":"https:\/\/inzain.bike\/fr_be\/","name":"EXPERIENCIAS Ciclismo INZAIN","description":"Aventuras en bicicleta: para todos","publisher":{"@id":"https:\/\/inzain.bike\/fr_be\/#organization"},"alternateName":"INZAIN Gravel & Travel","potentialAction":[{"@type":"SearchAction","target":{"@type":"EntryPoint","urlTemplate":"https:\/\/inzain.bike\/fr_be\/?s={search_term_string}"},"query-input":{"@type":"PropertyValueSpecification","valueRequired":true,"valueName":"search_term_string"}}],"inLanguage":"es"},{"@type":"Organization","@id":"https:\/\/inzain.bike\/fr_be\/#organization","name":"EXPERIENCIAS Ciclismo INZAIN","url":"https:\/\/inzain.bike\/fr_be\/","logo":{"@type":"ImageObject","inLanguage":"es","@id":"https:\/\/inzain.bike\/fr_be\/#\/schema\/logo\/image\/","url":"https:\/\/i0.wp.com\/inzain.bike\/wp-content\/uploads\/2023\/09\/cropped-INZAIN_512x512_white.png?fit=512%2C512&ssl=1","contentUrl":"https:\/\/i0.wp.com\/inzain.bike\/wp-content\/uploads\/2023\/09\/cropped-INZAIN_512x512_white.png?fit=512%2C512&ssl=1","width":512,"height":512,"caption":"INZAIN Cycling EXPERIENCES"},"image":{"@id":"https:\/\/inzain.bike\/fr_be\/#\/schema\/logo\/image\/"},"sameAs":["https:\/\/www.facebook.com\/Inzain.bike","https:\/\/www.instagram.com\/inzainbike"]}]}},"amp_enabled":true,"_links":{"self":[{"href":"https:\/\/inzain.bike\/es\/wp-json\/wp\/v2\/pages\/1585","targetHints":{"allow":["GET"]}}],"collection":[{"href":"https:\/\/inzain.bike\/es\/wp-json\/wp\/v2\/pages"}],"about":[{"href":"https:\/\/inzain.bike\/es\/wp-json\/wp\/v2\/types\/page"}],"author":[{"embeddable":true,"href":"https:\/\/inzain.bike\/es\/wp-json\/wp\/v2\/users\/135133094"}],"replies":[{"embeddable":true,"href":"https:\/\/inzain.bike\/es\/wp-json\/wp\/v2\/comments?post=1585"}],"version-history":[{"count":0,"href":"https:\/\/inzain.bike\/es\/wp-json\/wp\/v2\/pages\/1585\/revisions"}],"wp:attachment":[{"href":"https:\/\/inzain.bike\/es\/wp-json\/wp\/v2\/media?parent=1585"}],"curies":[{"name":"gracias","href":"https:\/\/api.w.org\/{rel}","templated":true}]}}