{"id":1969,"date":"2022-10-02T18:06:05","date_gmt":"2022-10-02T16:06:05","guid":{"rendered":"https:\/\/inzain.bike\/?page_id=1969"},"modified":"2023-06-09T09:00:18","modified_gmt":"2023-06-09T07:00:18","slug":"dalsland-gravel-camp","status":"publish","type":"page","link":"https:\/\/inzain.bike\/es\/dalsland-gravel-camp\/","title":{"rendered":"Campamento de grava de Dalsland"},"content":{"rendered":"<p>Bienvenidos a un fant\u00e1stico fin de semana de ciclismo gravel en Dalsland.<\/p>\n\n\n\n<figure class=\"wp-block-image size-full\"><img loading=\"lazy\" decoding=\"async\" width=\"945\" height=\"630\" src=\"https:\/\/inzain.bike\/wp-content\/uploads\/2022\/10\/dalsland2.webp\" alt=\"\" class=\"wp-image-1976\" srcset=\"https:\/\/inzain.bike\/wp-content\/uploads\/2022\/10\/dalsland2.webp 945w, https:\/\/inzain.bike\/wp-content\/uploads\/2022\/10\/dalsland2-300x200.webp 300w, https:\/\/inzain.bike\/wp-content\/uploads\/2022\/10\/dalsland2-768x512.webp 768w, https:\/\/inzain.bike\/wp-content\/uploads\/2022\/10\/dalsland2-18x12.webp 18w, https:\/\/inzain.bike\/wp-content\/uploads\/2022\/10\/dalsland2-600x400.webp 600w\" sizes=\"auto, (max-width: 945px) 100vw, 945px\" \/><\/figure>\n\n\n\n<p><strong>Cuando<\/strong>: 17-18 de junio de 2023.<br><strong>D\u00f3nde<\/strong>: Dalslandia<br><strong>C\u00f3mo<\/strong>: Gravel Camp en carreteras incre\u00edbles<br><strong>Dormir<\/strong>: Hemos reservado varias habitaciones en <a href=\"https:\/\/www.kroppefjall.com\/\">B\u00e1sculas corporales<\/a><br><strong>Incluido<\/strong>: Participar es gratuito, pero hemos concertado paquetes de alojamiento para quienes quieran,<br>El alojamiento, el desayuno y la cena del s\u00e1bado por la noche est\u00e1n incluidos. Pagas t\u00fa mismo el almuerzo y el caf\u00e9 en los tours.<br><strong>Otorgar<\/strong>: 1.150 kr por persona, +300 kr en habitaci\u00f3n individual, noche extra (645 kr parte de habitaci\u00f3n doble 895 kr en habitaci\u00f3n individual). Si s\u00f3lo quieres comer nuestra cena de tres platos, est\u00e1 bien. Cuesta 495 coronas. El agua est\u00e1 incluida en la cena, se pueden comprar bebidas sin alcohol, si quieres alcohol debes traerlo t\u00fa mismo.<\/p>\n\n\n\n<figure class=\"wp-block-embed is-type-video is-provider-youtube wp-block-embed-youtube wp-embed-aspect-16-9 wp-has-aspect-ratio\"><div class=\"wp-block-embed__wrapper\">\n<iframe loading=\"lazy\" title=\"De vuelta a la naturaleza - Dalsland, Suecia occidental\" width=\"500\" height=\"281\" src=\"https:\/\/www.youtube.com\/embed\/NADfCRF_mcU?feature=oembed\" frameborder=\"0\" allow=\"accelerometer; autoplay; clipboard-write; encrypted-media; gyroscope; picture-in-picture; web-share\" referrerpolicy=\"strict-origin-when-cross-origin\" allowfullscreen><\/iframe>\n<\/div><\/figure>\n\n\n\n<p><strong>\u00bfQu\u00e9 puedes esperar?<\/strong><\/p>\n\n\n\n<p>Un fin de semana encantador con fant\u00e1sticos caminos de tierra y buena compa\u00f1\u00eda. Vivimos muy bien junto al agua y tenemos acceso a un ba\u00f1o y a una sauna. La cena se preparar\u00e1 al aire libre con productos locales y tendr\u00e1 un sabor maravilloso. Si quieres beber cerveza o vino, tr\u00e1elo t\u00fa mismo. Se puede guardar en el frigor\u00edfico si se desea.<\/p>\n\n\n\n<div class=\"wp-block-jetpack-tiled-gallery aligncenter is-style-rectangular\"><div class=\"tiled-gallery__gallery\"><div class=\"tiled-gallery__row\"><div class=\"tiled-gallery__col\" style=\"flex-basis:66.24822%\"><figure class=\"tiled-gallery__item\"><img decoding=\"async\" alt=\"\" data-height=\"3900\" data-id=\"2048\" data-link=\"https:\/\/inzain.bike\/dalsland-gravel-camp\/pexels-daniel-torobekov-5694144\/\" data-url=\"https:\/\/inzain.bike\/wp-content\/uploads\/2022\/10\/pexels-daniel-torobekov-5694144-1010x1024.jpg\" data-width=\"3845\" src=\"https:\/\/i2.wp.com\/inzain.bike\/wp-content\/uploads\/2022\/10\/pexels-daniel-torobekov-5694144-1010x1024.jpg?ssl=1\" data-amp-layout=\"responsive\"\/><\/figure><\/div><div class=\"tiled-gallery__col\" style=\"flex-basis:33.75178%\"><figure class=\"tiled-gallery__item\"><img decoding=\"async\" alt=\"\" data-height=\"1707\" data-id=\"2049\" data-link=\"https:\/\/inzain.bike\/dalsland-gravel-camp\/dalsland_bastu\/\" data-url=\"https:\/\/inzain.bike\/wp-content\/uploads\/2022\/10\/dalsland_bastu-1024x683.jpeg\" data-width=\"2560\" src=\"https:\/\/i2.wp.com\/inzain.bike\/wp-content\/uploads\/2022\/10\/dalsland_bastu-1024x683.jpeg?ssl=1\" data-amp-layout=\"responsive\"\/><\/figure><figure class=\"tiled-gallery__item\"><img decoding=\"async\" alt=\"\" data-height=\"1136\" data-id=\"2051\" data-link=\"https:\/\/inzain.bike\/dalsland-gravel-camp\/dalsland_mat\/\" data-url=\"https:\/\/inzain.bike\/wp-content\/uploads\/2022\/10\/dalsland_mat-1024x568.jpg\" data-width=\"2048\" src=\"https:\/\/i1.wp.com\/inzain.bike\/wp-content\/uploads\/2022\/10\/dalsland_mat-1024x568.jpg?ssl=1\" data-amp-layout=\"responsive\"\/><\/figure><figure class=\"tiled-gallery__item\"><img decoding=\"async\" alt=\"\" data-height=\"283\" data-id=\"2053\" data-link=\"https:\/\/inzain.bike\/dalsland-gravel-camp\/dalsland5-1\/\" data-url=\"https:\/\/inzain.bike\/wp-content\/uploads\/2022\/10\/dalsland5-1.png\" data-width=\"377\" src=\"https:\/\/i1.wp.com\/inzain.bike\/wp-content\/uploads\/2022\/10\/dalsland5-1.png?ssl=1\" data-amp-layout=\"responsive\"\/><\/figure><\/div><\/div><\/div><\/div>\n\n\n\n<p><br><\/p>\n\n\n\n<figure class=\"wp-block-image size-full\"><img loading=\"lazy\" decoding=\"async\" width=\"945\" height=\"630\" src=\"https:\/\/inzain.bike\/wp-content\/uploads\/2022\/10\/dalsland3.webp\" alt=\"\" class=\"wp-image-1977\" srcset=\"https:\/\/inzain.bike\/wp-content\/uploads\/2022\/10\/dalsland3.webp 945w, https:\/\/inzain.bike\/wp-content\/uploads\/2022\/10\/dalsland3-300x200.webp 300w, https:\/\/inzain.bike\/wp-content\/uploads\/2022\/10\/dalsland3-768x512.webp 768w, https:\/\/inzain.bike\/wp-content\/uploads\/2022\/10\/dalsland3-18x12.webp 18w, https:\/\/inzain.bike\/wp-content\/uploads\/2022\/10\/dalsland3-600x400.webp 600w\" sizes=\"auto, (max-width: 945px) 100vw, 945px\" \/><\/figure>\n\n\n\n<p><br><strong>Canal de Dalslands<\/strong><\/p>\n\n\n\n<p>El canal de Dalsland es un fant\u00e1stico laberinto de lagos grandes y peque\u00f1os, r\u00edos y tocones de canales sinuosos en Dalsland. El canal es una gran zona para paseos en bote y pirag\u00fcismo. S\u00f3lo un kil\u00f3metro y medio es un canal excavado o volado, el resto es un sistema lacustre navegable de 40 kil\u00f3metros de largo entre K\u00f6pmannebro, en el lago V\u00e4nern, y la frontera con Noruega. El canal de Dalsland se complet\u00f3 en los a\u00f1os 1864-1868. Las obras fueron dirigidas por el famoso constructor del canal Nils Ericson. La atracci\u00f3n principal es el acueducto de H\u00e5verud.<\/p>\n\n\n\n<figure class=\"wp-block-image size-full\"><img loading=\"lazy\" decoding=\"async\" width=\"800\" height=\"800\" src=\"https:\/\/inzain.bike\/wp-content\/uploads\/2022\/10\/dalsland6.jpg\" alt=\"\" class=\"wp-image-2038\" srcset=\"https:\/\/inzain.bike\/wp-content\/uploads\/2022\/10\/dalsland6.jpg 800w, https:\/\/inzain.bike\/wp-content\/uploads\/2022\/10\/dalsland6-300x300.jpg 300w, https:\/\/inzain.bike\/wp-content\/uploads\/2022\/10\/dalsland6-150x150.jpg 150w, https:\/\/inzain.bike\/wp-content\/uploads\/2022\/10\/dalsland6-768x768.jpg 768w, https:\/\/inzain.bike\/wp-content\/uploads\/2022\/10\/dalsland6-12x12.jpg 12w, https:\/\/inzain.bike\/wp-content\/uploads\/2022\/10\/dalsland6-600x600.jpg 600w, https:\/\/inzain.bike\/wp-content\/uploads\/2022\/10\/dalsland6-100x100.jpg 100w\" sizes=\"auto, (max-width: 800px) 100vw, 800px\" \/><\/figure>\n\n\n\n<p><br><strong>S\u00e1bado<\/strong> <br>Comenzamos en Skog pasando por Famsheden, Blikseud y Gullesby y luego nos adentramos en el vasto paisaje cultural hacia Br\u00e5landa. All\u00ed almorzaremos antes de continuar por S\u00f6rhagen y Luserup hacia Udden. Unas cuantas fotos m\u00e1s tarde, continuamos por la costa de V\u00e4nern hasta Mellerud y luego regresamos a las instalaciones para tomar una merecida cerveza y una mejor cena.<\/p>\n\n\n\n<figure class=\"wp-block-image size-large\"><img loading=\"lazy\" decoding=\"async\" width=\"1024\" height=\"685\" src=\"https:\/\/inzain.bike\/wp-content\/uploads\/2022\/10\/dalsland4-1024x685.jpg\" alt=\"\" class=\"wp-image-2034\" srcset=\"https:\/\/inzain.bike\/wp-content\/uploads\/2022\/10\/dalsland4-1024x685.jpg 1024w, https:\/\/inzain.bike\/wp-content\/uploads\/2022\/10\/dalsland4-300x201.jpg 300w, https:\/\/inzain.bike\/wp-content\/uploads\/2022\/10\/dalsland4-768x514.jpg 768w, https:\/\/inzain.bike\/wp-content\/uploads\/2022\/10\/dalsland4-18x12.jpg 18w, https:\/\/inzain.bike\/wp-content\/uploads\/2022\/10\/dalsland4-600x402.jpg 600w, https:\/\/inzain.bike\/wp-content\/uploads\/2022\/10\/dalsland4.jpg 1200w\" sizes=\"auto, (max-width: 1024px) 100vw, 1024px\" \/><\/figure>\n\n\n<p><iframe style=\"width: 1px; min-width: 100%; height: 700px; border: none;\" src=\"https:\/\/ridewithgps.com\/embeds?type=route&amp;id=41058165&amp;title=Dalsland%20L%C3%B6rdag&amp;metricUnits=true&amp;sampleGraph=true&amp;distanceMarkers=true&amp;privacyCode=H6LHVljgNwVKkWPA\" scrolling=\"no\"><\/iframe><\/p>\n\n\n<p><strong>Domingo<\/strong> <br>Nos dirigiremos hacia el norte, en direcci\u00f3n al canal. Despu\u00e9s de Linderyd, seguimos el Svanfjorden y comenzamos nuestro recorrido por \u00c5nimmen. En el km 40 tomamos un caf\u00e9 en Larssons G\u00e5rdsbutik. Llegamos a Str\u00f6mmens sluss despu\u00e9s de 45 km de camino a H\u00e5verud y su famoso canal. Almorzamos en el ahumadero y disfrutamos del canal. Conducimos a trav\u00e9s de la Reserva Natural de Svankila, pasamos Sk\u00e5llerud y luego volvemos a Kroppefj\u00e4ll.<\/p>\n\n\n\n<p><iframe src=\"https:\/\/ridewithgps.com\/embeds?type=route&amp;id=43216379&amp;metricUnits=true&amp;sampleGraph=true&amp;privacyCode=t7tn8sUq9wDh4zW3\" style=\"width: 1px; min-width: 100%; height: 700px; border: none;\" scrolling=\"no\"><\/iframe><\/p>\n\n\n\n<figure class=\"wp-block-image size-large\"><img loading=\"lazy\" decoding=\"async\" width=\"1024\" height=\"683\" src=\"https:\/\/inzain.bike\/wp-content\/uploads\/2022\/10\/dalsland1-1024x683.jpg\" alt=\"\" class=\"wp-image-1978\" srcset=\"https:\/\/inzain.bike\/wp-content\/uploads\/2022\/10\/dalsland1-1024x683.jpg 1024w, https:\/\/inzain.bike\/wp-content\/uploads\/2022\/10\/dalsland1-300x200.jpg 300w, https:\/\/inzain.bike\/wp-content\/uploads\/2022\/10\/dalsland1-768x512.jpg 768w, https:\/\/inzain.bike\/wp-content\/uploads\/2022\/10\/dalsland1-18x12.jpg 18w, https:\/\/inzain.bike\/wp-content\/uploads\/2022\/10\/dalsland1-600x400.jpg 600w, https:\/\/inzain.bike\/wp-content\/uploads\/2022\/10\/dalsland1.jpg 1080w\" sizes=\"auto, (max-width: 1024px) 100vw, 1024px\" \/><\/figure>\n\n\n\n<h6 class=\"wp-block-heading\"><strong>Pedaleamos seg\u00fan los principios de Grusets V\u00e4nner.<\/strong><\/h6>\n\n\n\n<p>Pedaleamos para divertirnos, no hay intervalos y no se trata de andar m\u00e1s r\u00e1pido sino de tener la mejor experiencia. Si quieres derrochar, claro que est\u00e1 bien, esperas m\u00e1s adelante. Tambi\u00e9n podemos dividir el grupo, si resulta mejor. Nuestros gu\u00edas tienen mucha experiencia en la organizaci\u00f3n y realizaci\u00f3n de estos tours.<\/p>\n\n\n\n<p>*Nadie se queda solo, todos deben sumarse<br>*El rebote va bien, espera hasta m\u00e1s tarde<br>*Nos cuidamos y ayudamos en caso de punks u otras cosas.<br>* Pedaleamos con seguridad y mantenemos la distancia, recuerda la regla de los tres segundos.<br>*Se trata de pasar un lindo d\u00eda.<\/p>\n\n\n\n<h6 class=\"wp-block-heading\">Inscripci\u00f3n cerrada<\/h6>","protected":false},"excerpt":{"rendered":"<p>V\u00e4lkommen till en fantastisk helg med gravel cykling i Dalsland. N\u00e4r: 17-18 juni 2023.Var: DalslandHur: Gravel Camp p\u00e5 fantastiska v\u00e4garSova: Vi har bokat ett antal rum p\u00e5 Kroppefj\u00e4llIng\u00e5r: Att delta \u00e4r kostnadsfritt men vi ordnat med boendepaket f\u00f6r de som vill,boende, frukost och middag l\u00f6rdag kv\u00e4ll ing\u00e5r i det. Lunch och fika p\u00e5 turerna betalar [&hellip;]<\/p>\n","protected":false},"author":135133094,"featured_media":0,"parent":0,"menu_order":0,"comment_status":"closed","ping_status":"closed","template":"","meta":{"_coblocks_attr":"","_coblocks_dimensions":"","_coblocks_responsive_height":"","_coblocks_accordion_ie_support":"","footnotes":""},"class_list":["post-1969","page","type-page","status-publish","hentry"],"yoast_head":"<!-- This site is optimized with the Yoast SEO plugin v27.2 - https:\/\/yoast.com\/product\/yoast-seo-wordpress\/ -->\n<title>Dalsland Gravel Camp - INZAIN Cycling EXPERIENCES<\/title>\n<meta name=\"robots\" content=\"index, follow, max-snippet:-1, max-image-preview:large, max-video-preview:-1\" \/>\n<link rel=\"canonical\" href=\"https:\/\/inzain.bike\/es\/dalsland-gravel-camp\/\" \/>\n<meta property=\"og:locale\" content=\"es_ES\" \/>\n<meta property=\"og:type\" content=\"article\" \/>\n<meta property=\"og:title\" content=\"Dalsland Gravel Camp - INZAIN Cycling EXPERIENCES\" \/>\n<meta property=\"og:description\" content=\"V\u00e4lkommen till en fantastisk helg med gravel cykling i Dalsland. N\u00e4r: 17-18 juni 2023.Var: DalslandHur: Gravel Camp p\u00e5 fantastiska v\u00e4garSova: Vi har bokat ett antal rum p\u00e5 Kroppefj\u00e4llIng\u00e5r: Att delta \u00e4r kostnadsfritt men vi ordnat med boendepaket f\u00f6r de som vill,boende, frukost och middag l\u00f6rdag kv\u00e4ll ing\u00e5r i det. Lunch och fika p\u00e5 turerna betalar [&hellip;]\" \/>\n<meta property=\"og:url\" content=\"https:\/\/inzain.bike\/es\/dalsland-gravel-camp\/\" \/>\n<meta property=\"og:site_name\" content=\"INZAIN Cycling EXPERIENCES\" \/>\n<meta property=\"article:publisher\" content=\"https:\/\/www.facebook.com\/Inzain.bike\" \/>\n<meta property=\"article:modified_time\" content=\"2023-06-09T07:00:18+00:00\" \/>\n<meta property=\"og:image\" content=\"https:\/\/inzain.bike\/wp-content\/uploads\/2022\/10\/dalsland2.webp\" \/>\n<meta name=\"twitter:card\" content=\"summary_large_image\" \/>\n<meta name=\"twitter:label1\" content=\"Tiempo de lectura\" \/>\n\t<meta name=\"twitter:data1\" content=\"3 minutos\" \/>\n<script type=\"application\/ld+json\" class=\"yoast-schema-graph\">{\"@context\":\"https:\/\/schema.org\",\"@graph\":[{\"@type\":\"WebPage\",\"@id\":\"https:\/\/inzain.bike\/fr_be\/dalsland-gravel-camp\/\",\"url\":\"https:\/\/inzain.bike\/fr_be\/dalsland-gravel-camp\/\",\"name\":\"Dalsland Gravel Camp - INZAIN Cycling EXPERIENCES\",\"isPartOf\":{\"@id\":\"https:\/\/inzain.bike\/fr_be\/#website\"},\"primaryImageOfPage\":{\"@id\":\"https:\/\/inzain.bike\/fr_be\/dalsland-gravel-camp\/#primaryimage\"},\"image\":{\"@id\":\"https:\/\/inzain.bike\/fr_be\/dalsland-gravel-camp\/#primaryimage\"},\"thumbnailUrl\":\"https:\/\/inzain.bike\/wp-content\/uploads\/2022\/10\/dalsland2.webp\",\"datePublished\":\"2022-10-02T16:06:05+00:00\",\"dateModified\":\"2023-06-09T07:00:18+00:00\",\"breadcrumb\":{\"@id\":\"https:\/\/inzain.bike\/fr_be\/dalsland-gravel-camp\/#breadcrumb\"},\"inLanguage\":\"es\",\"potentialAction\":[{\"@type\":\"ReadAction\",\"target\":[\"https:\/\/inzain.bike\/fr_be\/dalsland-gravel-camp\/\"]}]},{\"@type\":\"ImageObject\",\"inLanguage\":\"es\",\"@id\":\"https:\/\/inzain.bike\/fr_be\/dalsland-gravel-camp\/#primaryimage\",\"url\":\"https:\/\/inzain.bike\/wp-content\/uploads\/2022\/10\/dalsland2.webp\",\"contentUrl\":\"https:\/\/inzain.bike\/wp-content\/uploads\/2022\/10\/dalsland2.webp\"},{\"@type\":\"BreadcrumbList\",\"@id\":\"https:\/\/inzain.bike\/fr_be\/dalsland-gravel-camp\/#breadcrumb\",\"itemListElement\":[{\"@type\":\"ListItem\",\"position\":1,\"name\":\"Hem\",\"item\":\"https:\/\/inzain.bike\/fr_be\/\"},{\"@type\":\"ListItem\",\"position\":2,\"name\":\"Dalsland Gravel Camp\"}]},{\"@type\":\"WebSite\",\"@id\":\"https:\/\/inzain.bike\/fr_be\/#website\",\"url\":\"https:\/\/inzain.bike\/fr_be\/\",\"name\":\"INZAIN Cycling EXPERIENCES\",\"description\":\"Cyckling Adventures  - for everyone\",\"publisher\":{\"@id\":\"https:\/\/inzain.bike\/fr_be\/#organization\"},\"alternateName\":\"INZAIN Gravel & Travel\",\"potentialAction\":[{\"@type\":\"SearchAction\",\"target\":{\"@type\":\"EntryPoint\",\"urlTemplate\":\"https:\/\/inzain.bike\/fr_be\/?s={search_term_string}\"},\"query-input\":{\"@type\":\"PropertyValueSpecification\",\"valueRequired\":true,\"valueName\":\"search_term_string\"}}],\"inLanguage\":\"es\"},{\"@type\":\"Organization\",\"@id\":\"https:\/\/inzain.bike\/fr_be\/#organization\",\"name\":\"INZAIN Cycling EXPERIENCES\",\"url\":\"https:\/\/inzain.bike\/fr_be\/\",\"logo\":{\"@type\":\"ImageObject\",\"inLanguage\":\"es\",\"@id\":\"https:\/\/inzain.bike\/fr_be\/#\/schema\/logo\/image\/\",\"url\":\"https:\/\/i0.wp.com\/inzain.bike\/wp-content\/uploads\/2023\/09\/cropped-INZAIN_512x512_white.png?fit=512%2C512&ssl=1\",\"contentUrl\":\"https:\/\/i0.wp.com\/inzain.bike\/wp-content\/uploads\/2023\/09\/cropped-INZAIN_512x512_white.png?fit=512%2C512&ssl=1\",\"width\":512,\"height\":512,\"caption\":\"INZAIN Cycling EXPERIENCES\"},\"image\":{\"@id\":\"https:\/\/inzain.bike\/fr_be\/#\/schema\/logo\/image\/\"},\"sameAs\":[\"https:\/\/www.facebook.com\/Inzain.bike\",\"https:\/\/www.instagram.com\/inzainbike\"]}]}<\/script>\n<!-- \/ Yoast SEO plugin. -->","yoast_head_json":{"title":"Campamento de Gravel Dalsland - EXPERIENCIAS CICLISMO INZAIN","robots":{"index":"index","follow":"follow","max-snippet":"max-snippet:-1","max-image-preview":"max-image-preview:large","max-video-preview":"max-video-preview:-1"},"canonical":"https:\/\/inzain.bike\/es\/dalsland-gravel-camp\/","og_locale":"es_ES","og_type":"article","og_title":"Dalsland Gravel Camp - INZAIN Cycling EXPERIENCES","og_description":"V\u00e4lkommen till en fantastisk helg med gravel cykling i Dalsland. N\u00e4r: 17-18 juni 2023.Var: DalslandHur: Gravel Camp p\u00e5 fantastiska v\u00e4garSova: Vi har bokat ett antal rum p\u00e5 Kroppefj\u00e4llIng\u00e5r: Att delta \u00e4r kostnadsfritt men vi ordnat med boendepaket f\u00f6r de som vill,boende, frukost och middag l\u00f6rdag kv\u00e4ll ing\u00e5r i det. Lunch och fika p\u00e5 turerna betalar [&hellip;]","og_url":"https:\/\/inzain.bike\/es\/dalsland-gravel-camp\/","og_site_name":"INZAIN Cycling EXPERIENCES","article_publisher":"https:\/\/www.facebook.com\/Inzain.bike","article_modified_time":"2023-06-09T07:00:18+00:00","og_image":[{"url":"https:\/\/inzain.bike\/wp-content\/uploads\/2022\/10\/dalsland2.webp","type":"","width":"","height":""}],"twitter_card":"summary_large_image","twitter_misc":{"Tiempo de lectura":"3 minutos"},"schema":{"@context":"https:\/\/schema.org","@graph":[{"@type":"WebPage","@id":"https:\/\/inzain.bike\/fr_be\/dalsland-gravel-camp\/","url":"https:\/\/inzain.bike\/fr_be\/dalsland-gravel-camp\/","name":"Campamento de Gravel Dalsland - EXPERIENCIAS CICLISMO INZAIN","isPartOf":{"@id":"https:\/\/inzain.bike\/fr_be\/#website"},"primaryImageOfPage":{"@id":"https:\/\/inzain.bike\/fr_be\/dalsland-gravel-camp\/#primaryimage"},"image":{"@id":"https:\/\/inzain.bike\/fr_be\/dalsland-gravel-camp\/#primaryimage"},"thumbnailUrl":"https:\/\/inzain.bike\/wp-content\/uploads\/2022\/10\/dalsland2.webp","datePublished":"2022-10-02T16:06:05+00:00","dateModified":"2023-06-09T07:00:18+00:00","breadcrumb":{"@id":"https:\/\/inzain.bike\/fr_be\/dalsland-gravel-camp\/#breadcrumb"},"inLanguage":"es","potentialAction":[{"@type":"ReadAction","target":["https:\/\/inzain.bike\/fr_be\/dalsland-gravel-camp\/"]}]},{"@type":"ImageObject","inLanguage":"es","@id":"https:\/\/inzain.bike\/fr_be\/dalsland-gravel-camp\/#primaryimage","url":"https:\/\/inzain.bike\/wp-content\/uploads\/2022\/10\/dalsland2.webp","contentUrl":"https:\/\/inzain.bike\/wp-content\/uploads\/2022\/10\/dalsland2.webp"},{"@type":"BreadcrumbList","@id":"https:\/\/inzain.bike\/fr_be\/dalsland-gravel-camp\/#breadcrumb","itemListElement":[{"@type":"ListItem","position":1,"name":"Hem","item":"https:\/\/inzain.bike\/fr_be\/"},{"@type":"ListItem","position":2,"name":"Dalsland Gravel Camp"}]},{"@type":"WebSite","@id":"https:\/\/inzain.bike\/fr_be\/#website","url":"https:\/\/inzain.bike\/fr_be\/","name":"EXPERIENCIAS Ciclismo INZAIN","description":"Aventuras en bicicleta: para todos","publisher":{"@id":"https:\/\/inzain.bike\/fr_be\/#organization"},"alternateName":"INZAIN Gravel & Travel","potentialAction":[{"@type":"SearchAction","target":{"@type":"EntryPoint","urlTemplate":"https:\/\/inzain.bike\/fr_be\/?s={search_term_string}"},"query-input":{"@type":"PropertyValueSpecification","valueRequired":true,"valueName":"search_term_string"}}],"inLanguage":"es"},{"@type":"Organization","@id":"https:\/\/inzain.bike\/fr_be\/#organization","name":"EXPERIENCIAS Ciclismo INZAIN","url":"https:\/\/inzain.bike\/fr_be\/","logo":{"@type":"ImageObject","inLanguage":"es","@id":"https:\/\/inzain.bike\/fr_be\/#\/schema\/logo\/image\/","url":"https:\/\/i0.wp.com\/inzain.bike\/wp-content\/uploads\/2023\/09\/cropped-INZAIN_512x512_white.png?fit=512%2C512&ssl=1","contentUrl":"https:\/\/i0.wp.com\/inzain.bike\/wp-content\/uploads\/2023\/09\/cropped-INZAIN_512x512_white.png?fit=512%2C512&ssl=1","width":512,"height":512,"caption":"INZAIN Cycling EXPERIENCES"},"image":{"@id":"https:\/\/inzain.bike\/fr_be\/#\/schema\/logo\/image\/"},"sameAs":["https:\/\/www.facebook.com\/Inzain.bike","https:\/\/www.instagram.com\/inzainbike"]}]}},"amp_enabled":true,"_links":{"self":[{"href":"https:\/\/inzain.bike\/es\/wp-json\/wp\/v2\/pages\/1969","targetHints":{"allow":["GET"]}}],"collection":[{"href":"https:\/\/inzain.bike\/es\/wp-json\/wp\/v2\/pages"}],"about":[{"href":"https:\/\/inzain.bike\/es\/wp-json\/wp\/v2\/types\/page"}],"author":[{"embeddable":true,"href":"https:\/\/inzain.bike\/es\/wp-json\/wp\/v2\/users\/135133094"}],"replies":[{"embeddable":true,"href":"https:\/\/inzain.bike\/es\/wp-json\/wp\/v2\/comments?post=1969"}],"version-history":[{"count":0,"href":"https:\/\/inzain.bike\/es\/wp-json\/wp\/v2\/pages\/1969\/revisions"}],"wp:attachment":[{"href":"https:\/\/inzain.bike\/es\/wp-json\/wp\/v2\/media?parent=1969"}],"curies":[{"name":"gracias","href":"https:\/\/api.w.org\/{rel}","templated":true}]}}