{"id":1981,"date":"2022-10-02T18:24:29","date_gmt":"2022-10-02T16:24:29","guid":{"rendered":"https:\/\/inzain.bike\/?page_id=1981"},"modified":"2023-05-16T11:52:09","modified_gmt":"2023-05-16T09:52:09","slug":"sormland-gravel-camp","status":"publish","type":"page","link":"https:\/\/inzain.bike\/es\/sormland-gravel-camp\/","title":{"rendered":"Campamento de grava de S\u00f6rmland"},"content":{"rendered":"<p>Bienvenidos a un fin de semana fant\u00e1stico con Gravel en S\u00f6rmland<\/p>\n\n\n\n<figure class=\"wp-block-image size-large\"><img loading=\"lazy\" decoding=\"async\" width=\"1024\" height=\"768\" src=\"https:\/\/inzain.bike\/wp-content\/uploads\/2022\/10\/20210627_133539-1024x768.jpg\" alt=\"\" class=\"wp-image-1983\" srcset=\"https:\/\/inzain.bike\/wp-content\/uploads\/2022\/10\/20210627_133539-1024x768.jpg 1024w, https:\/\/inzain.bike\/wp-content\/uploads\/2022\/10\/20210627_133539-300x225.jpg 300w, https:\/\/inzain.bike\/wp-content\/uploads\/2022\/10\/20210627_133539-768x576.jpg 768w, https:\/\/inzain.bike\/wp-content\/uploads\/2022\/10\/20210627_133539-1536x1152.jpg 1536w, https:\/\/inzain.bike\/wp-content\/uploads\/2022\/10\/20210627_133539-2048x1536.jpg 2048w, https:\/\/inzain.bike\/wp-content\/uploads\/2022\/10\/20210627_133539-16x12.jpg 16w, https:\/\/inzain.bike\/wp-content\/uploads\/2022\/10\/20210627_133539-1320x990.jpg 1320w, https:\/\/inzain.bike\/wp-content\/uploads\/2022\/10\/20210627_133539-600x450.jpg 600w\" sizes=\"auto, (max-width: 1024px) 100vw, 1024px\" \/><\/figure>\n\n\n\n<p><strong>Cuando<\/strong>: 20-21 de mayo de 2023.<br><strong>D\u00f3nde<\/strong>: S\u00f6rmland<br><strong>C\u00f3mo<\/strong>: Gravel Camp en carreteras incre\u00edbles<br><strong>Dormir<\/strong>: Hemos reservado varias habitaciones en <a href=\"https:\/\/www.kjesater.se\/\">Castillo de Kjes\u00e4ter<\/a><br><strong>Incluido<\/strong>: Alojamiento, desayuno y cena de tres platos el s\u00e1bado. <br><strong>Otorgar<\/strong>: El evento en s\u00ed es gratuito, hemos organizado paquetes de alojamiento y comida para quienes quieran. Una noche en habitaci\u00f3n compartida, 2.000 SEK, noche adicional 700 SEK, habitaci\u00f3n individual +300 por noche.<br>Todos son bienvenidos a participar, pero queremos que se registren de todos modos.<\/p>\n\n\n\n<p><strong>\u00bfQu\u00e9 puedes esperar?<\/strong><br>Un fin de semana realmente agradable por bonitos caminos de grava, en buena compa\u00f1\u00eda y con buena comida y caf\u00e9. Vivimos en un lugar hermoso, desayunamos bien y comemos una mejor cena de tres platos el s\u00e1bado por la noche. Compras el almuerzo, el caf\u00e9, etc. t\u00fa mismo, la ruta llega a buenos lugares para eso.<iframe loading=\"lazy\" title=\"Kjes\u00e4tter\" src=\"https:\/\/player.vimeo.com\/video\/435007512?app_id=122963&amp;wmode=opaque\" width=\"100%\" height=\"700px\" frameborder=\"0\" allowfullscreen=\"allowfullscreen\"> <\/iframe><\/p>\n\n\n\n<figure class=\"wp-block-image size-large\"><img loading=\"lazy\" decoding=\"async\" width=\"1024\" height=\"768\" src=\"https:\/\/inzain.bike\/wp-content\/uploads\/2022\/10\/G0034022-1024x768.jpg\" alt=\"\" class=\"wp-image-2083\" srcset=\"https:\/\/inzain.bike\/wp-content\/uploads\/2022\/10\/G0034022-1024x768.jpg 1024w, https:\/\/inzain.bike\/wp-content\/uploads\/2022\/10\/G0034022-300x225.jpg 300w, https:\/\/inzain.bike\/wp-content\/uploads\/2022\/10\/G0034022-768x576.jpg 768w, https:\/\/inzain.bike\/wp-content\/uploads\/2022\/10\/G0034022-1536x1152.jpg 1536w, https:\/\/inzain.bike\/wp-content\/uploads\/2022\/10\/G0034022-2048x1536.jpg 2048w, https:\/\/inzain.bike\/wp-content\/uploads\/2022\/10\/G0034022-16x12.jpg 16w, https:\/\/inzain.bike\/wp-content\/uploads\/2022\/10\/G0034022-1320x990.jpg 1320w, https:\/\/inzain.bike\/wp-content\/uploads\/2022\/10\/G0034022-600x450.jpg 600w\" sizes=\"auto, (max-width: 1024px) 100vw, 1024px\" \/><\/figure>\n\n\n\n<p><strong>S\u00e1bado<\/strong><br>Partimos directamente del castillo de Kjes\u00e4ter y pedaleamos hacia el sur. Lagos, bosques y paisaje cultural, es buena variedad. Pasamos el extremo occidental de Tissnaren y llegamos a Hallonviken pasando por Br\u00e4nntorp y \u00d6lnetorp. \u00a1Caminos de propaganda! Luego pasamos por la reserva natural de Magnehult. El almuerzo ser\u00e1 en Rejmyre. Comemos en la Pizzer\u00eda. La Gestgiferiet est\u00e1 cerrada. \u00bfPor qu\u00e9 no aprovechar la oportunidad para echar un vistazo al museo Glasbrukets? Despu\u00e9s del almuerzo puedes elegir una ruta un poco m\u00e1s corta, luego tomas la fianza de abajo, se reconecta a la ruta larga despu\u00e9s de aproximadamente 4 millas y acorta el viaje en aproximadamente 4 millas. El viaje contin\u00faa hacia el molino de Breven, cerca del lago y por excelentes carreteras. Al usar las letras, puedes tomar un caf\u00e9 o un refrigerio extra si lo deseas y luego recorrer las \u00faltimas tres millas de regreso a nuestro castillo.<br>Una vez all\u00ed, una cerveza probablemente le sentar\u00e1 bastante bien. Una ducha y luego una mejor cena de tres platos.<\/p>\n\n\n\n<p><iframe src=\"https:\/\/ridewithgps.com\/embeds?type=route&amp;id=41111110&amp;metricUnits=true&amp;sampleGraph=true\" style=\"width: 1px; min-width: 100%; height: 700px; border: none;\" scrolling=\"no\"><\/iframe><\/p>\n\n\n\n<p><strong>Fianza para el s\u00e1bado<\/strong><br>Acorta el viaje en unas 4 millas. Directamente hacia el norte por Sverigeleden con algunos desv\u00edos. Conoce el largo camino que luego seguir\u00e1s hasta nuestro castillo, tal vez una cerveza y luego una buena cena.<br><br><iframe style=\"width: 1px; min-width: 100%; height: 700px; border: none;\" src=\"https:\/\/ridewithgps.com\/embeds?type=route&amp;id=41111156&amp;metricUnits=true&amp;sampleGraph=true&amp;distanceMarkers=true\" scrolling=\"no\">&lt;\/p&gt;<\/iframe><\/p>\n\n\n\n<p><strong>Domingo<\/strong> <br>Empezamos en Flen, lo que significa transporte en coche desde el alojamiento hasta Flen. Aparcamiento en el pabell\u00f3n de deportes de Hammarvallen o aparcamiento de traslado fuera de la estaci\u00f3n de tren. Cuando dejamos el centro de la ciudad, pedaleamos a trav\u00e9s del bosque hacia Malsta para continuar en campo abierto hasta Kvarnen Caf\u00e9 y Antikt para tomar una taza de caf\u00e9 temprano si queremos. El viaje contin\u00faa a lo largo de los lagos hasta Tofta G\u00e5rd de camino al almuerzo St\u00e4lle de hoy. <a href=\"https:\/\/www.bruksholmen.se\/ata\/smedjan\/\">La forja<\/a>. Despu\u00e9s del almuerzo, puede optar por conducir una ruta m\u00e1s corta y luego tomar Bail\u00e9n, que le llevar\u00e1 a Flen en 40 km, una reducci\u00f3n de aproximadamente 2 millas. Si eliges hacer todo el recorrido en coche, contin\u00faa pasando Katrineholm y forma un arco hacia el oeste para luego dirigirte a Bie. Desde all\u00ed pasaremos por Granhed de regreso a Flen.<\/p>\n\n\n<p><iframe style=\"width: 1px; min-width: 100%; height: 700px; border: none;\" src=\"https:\/\/ridewithgps.com\/embeds?type=route&amp;id=41111876&amp;metricUnits=true&amp;sampleGraph=true&amp;distanceMarkers=true\" scrolling=\"no\"><\/iframe><\/p>\n<p><strong>fianza dominical<\/strong> <br>Si desea conducir un poco m\u00e1s corto, elija este lugar en el lugar del almuerzo. Vuelve a rodear los lagos y nos lleva hasta Sverigeleden, desde donde realiza una serie de desv\u00edos por tramos de grava de Fin. Luego pasa por Norrtorp y regresa a Flen.<\/p>\n<p><iframe style=\"width: 1px; min-width: 100%; height: 700px; border: none;\" src=\"https:\/\/ridewithgps.com\/embeds?type=route&amp;id=41112193&amp;metricUnits=true&amp;sampleGraph=true&amp;distanceMarkers=true\" scrolling=\"no\"><\/iframe><\/p>\n\n\n<p><br><strong>Pedaleamos seg\u00fan los principios de Grusets V\u00e4nner.<\/strong><br>Pedaleamos para divertirnos, no hay intervalos y no se trata de andar m\u00e1s r\u00e1pido sino de tener la mejor experiencia. Si quieres derrochar, claro que est\u00e1 bien, esperas m\u00e1s adelante. Tambi\u00e9n podemos dividir el grupo, si resulta mejor. Nuestros gu\u00edas tienen mucha experiencia en la organizaci\u00f3n y realizaci\u00f3n de estos tours.<br><br>*Nadie se queda solo, todos deben sumarse<br>*El rebote va bien, espera hasta m\u00e1s tarde<br>*Nos cuidamos y ayudamos en caso de punks u otras cosas.<br>* Pedaleamos con seguridad y mantenemos la distancia, recuerda la regla de los tres segundos.<br>*Se trata de pasar un lindo d\u00eda.<\/p>\n\n\n\n<p><\/p>\n\n\n\n\n\n<p>La inscripci\u00f3n est\u00e1 cerrada.<\/p>\n\n\n\n<p>Si quieres acompa\u00f1arme, env\u00edame un correo electr\u00f3nico.  <a href=\"mailto:info@inzain.bike\">info@inzain.bike<\/a><\/p>","protected":false},"excerpt":{"rendered":"<p>V\u00e4lkommen till en fantastisk helg med Gravel i S\u00f6rmland N\u00e4r: 20-21 maj 2023.Var: S\u00f6rmlandHur: Gravel Camp p\u00e5 fantastiska v\u00e4garSova: Vi har bokat ett antal rum p\u00e5 Kjes\u00e4ter SlottIng\u00e5r: Boende, frukost och trer\u00e4tters middag p\u00e5 l\u00f6rdag. Pris: Eventet \u00e4r i sig kostnadsfritt, vi har ordnat med boende och matpaket f\u00f6r de som vill. En natt delat [&hellip;]<\/p>\n","protected":false},"author":135133094,"featured_media":0,"parent":0,"menu_order":0,"comment_status":"closed","ping_status":"closed","template":"","meta":{"_coblocks_attr":"","_coblocks_dimensions":"","_coblocks_responsive_height":"","_coblocks_accordion_ie_support":"","footnotes":""},"class_list":["post-1981","page","type-page","status-publish","hentry"],"yoast_head":"<!-- This site is optimized with the Yoast SEO plugin v27.2 - https:\/\/yoast.com\/product\/yoast-seo-wordpress\/ -->\n<title>S\u00f6rmland Gravel Camp - INZAIN Cycling EXPERIENCES<\/title>\n<meta name=\"robots\" content=\"index, follow, max-snippet:-1, max-image-preview:large, max-video-preview:-1\" \/>\n<link rel=\"canonical\" href=\"https:\/\/inzain.bike\/es\/sormland-gravel-camp\/\" \/>\n<meta property=\"og:locale\" content=\"es_ES\" \/>\n<meta property=\"og:type\" content=\"article\" \/>\n<meta property=\"og:title\" content=\"S\u00f6rmland Gravel Camp - INZAIN Cycling EXPERIENCES\" \/>\n<meta property=\"og:description\" content=\"V\u00e4lkommen till en fantastisk helg med Gravel i S\u00f6rmland N\u00e4r: 20-21 maj 2023.Var: S\u00f6rmlandHur: Gravel Camp p\u00e5 fantastiska v\u00e4garSova: Vi har bokat ett antal rum p\u00e5 Kjes\u00e4ter SlottIng\u00e5r: Boende, frukost och trer\u00e4tters middag p\u00e5 l\u00f6rdag. Pris: Eventet \u00e4r i sig kostnadsfritt, vi har ordnat med boende och matpaket f\u00f6r de som vill. En natt delat [&hellip;]\" \/>\n<meta property=\"og:url\" content=\"https:\/\/inzain.bike\/es\/sormland-gravel-camp\/\" \/>\n<meta property=\"og:site_name\" content=\"INZAIN Cycling EXPERIENCES\" \/>\n<meta property=\"article:publisher\" content=\"https:\/\/www.facebook.com\/Inzain.bike\" \/>\n<meta property=\"article:modified_time\" content=\"2023-05-16T09:52:09+00:00\" \/>\n<meta property=\"og:image\" content=\"https:\/\/inzain.bike\/wp-content\/uploads\/2022\/10\/20210627_133539-1024x768.jpg\" \/>\n<meta name=\"twitter:card\" content=\"summary_large_image\" \/>\n<meta name=\"twitter:label1\" content=\"Tiempo de lectura\" \/>\n\t<meta name=\"twitter:data1\" content=\"4 minutos\" \/>\n<script type=\"application\/ld+json\" class=\"yoast-schema-graph\">{\"@context\":\"https:\/\/schema.org\",\"@graph\":[{\"@type\":\"WebPage\",\"@id\":\"https:\/\/inzain.bike\/nl_be\/sormland-gravel-camp\/\",\"url\":\"https:\/\/inzain.bike\/nl_be\/sormland-gravel-camp\/\",\"name\":\"S\u00f6rmland Gravel Camp - INZAIN Cycling EXPERIENCES\",\"isPartOf\":{\"@id\":\"https:\/\/inzain.bike\/fr_be\/#website\"},\"primaryImageOfPage\":{\"@id\":\"https:\/\/inzain.bike\/nl_be\/sormland-gravel-camp\/#primaryimage\"},\"image\":{\"@id\":\"https:\/\/inzain.bike\/nl_be\/sormland-gravel-camp\/#primaryimage\"},\"thumbnailUrl\":\"https:\/\/inzain.bike\/wp-content\/uploads\/2022\/10\/20210627_133539-1024x768.jpg\",\"datePublished\":\"2022-10-02T16:24:29+00:00\",\"dateModified\":\"2023-05-16T09:52:09+00:00\",\"breadcrumb\":{\"@id\":\"https:\/\/inzain.bike\/nl_be\/sormland-gravel-camp\/#breadcrumb\"},\"inLanguage\":\"es\",\"potentialAction\":[{\"@type\":\"ReadAction\",\"target\":[\"https:\/\/inzain.bike\/nl_be\/sormland-gravel-camp\/\"]}]},{\"@type\":\"ImageObject\",\"inLanguage\":\"es\",\"@id\":\"https:\/\/inzain.bike\/nl_be\/sormland-gravel-camp\/#primaryimage\",\"url\":\"https:\/\/inzain.bike\/wp-content\/uploads\/2022\/10\/20210627_133539-1024x768.jpg\",\"contentUrl\":\"https:\/\/inzain.bike\/wp-content\/uploads\/2022\/10\/20210627_133539-1024x768.jpg\"},{\"@type\":\"BreadcrumbList\",\"@id\":\"https:\/\/inzain.bike\/nl_be\/sormland-gravel-camp\/#breadcrumb\",\"itemListElement\":[{\"@type\":\"ListItem\",\"position\":1,\"name\":\"Hem\",\"item\":\"https:\/\/inzain.bike\/fr_be\/\"},{\"@type\":\"ListItem\",\"position\":2,\"name\":\"S\u00f6rmland Gravel Camp\"}]},{\"@type\":\"WebSite\",\"@id\":\"https:\/\/inzain.bike\/fr_be\/#website\",\"url\":\"https:\/\/inzain.bike\/fr_be\/\",\"name\":\"INZAIN Cycling EXPERIENCES\",\"description\":\"Cyckling Adventures  - for everyone\",\"publisher\":{\"@id\":\"https:\/\/inzain.bike\/fr_be\/#organization\"},\"alternateName\":\"INZAIN Gravel & Travel\",\"potentialAction\":[{\"@type\":\"SearchAction\",\"target\":{\"@type\":\"EntryPoint\",\"urlTemplate\":\"https:\/\/inzain.bike\/fr_be\/?s={search_term_string}\"},\"query-input\":{\"@type\":\"PropertyValueSpecification\",\"valueRequired\":true,\"valueName\":\"search_term_string\"}}],\"inLanguage\":\"es\"},{\"@type\":\"Organization\",\"@id\":\"https:\/\/inzain.bike\/fr_be\/#organization\",\"name\":\"INZAIN Cycling EXPERIENCES\",\"url\":\"https:\/\/inzain.bike\/fr_be\/\",\"logo\":{\"@type\":\"ImageObject\",\"inLanguage\":\"es\",\"@id\":\"https:\/\/inzain.bike\/fr_be\/#\/schema\/logo\/image\/\",\"url\":\"https:\/\/i0.wp.com\/inzain.bike\/wp-content\/uploads\/2023\/09\/cropped-INZAIN_512x512_white.png?fit=512%2C512&ssl=1\",\"contentUrl\":\"https:\/\/i0.wp.com\/inzain.bike\/wp-content\/uploads\/2023\/09\/cropped-INZAIN_512x512_white.png?fit=512%2C512&ssl=1\",\"width\":512,\"height\":512,\"caption\":\"INZAIN Cycling EXPERIENCES\"},\"image\":{\"@id\":\"https:\/\/inzain.bike\/fr_be\/#\/schema\/logo\/image\/\"},\"sameAs\":[\"https:\/\/www.facebook.com\/Inzain.bike\",\"https:\/\/www.instagram.com\/inzainbike\"]}]}<\/script>\n<!-- \/ Yoast SEO plugin. -->","yoast_head_json":{"title":"Campamento de Gravel de S\u00f6rmland - EXPERIENCIAS CICLISMO INZAIN","robots":{"index":"index","follow":"follow","max-snippet":"max-snippet:-1","max-image-preview":"max-image-preview:large","max-video-preview":"max-video-preview:-1"},"canonical":"https:\/\/inzain.bike\/es\/sormland-gravel-camp\/","og_locale":"es_ES","og_type":"article","og_title":"S\u00f6rmland Gravel Camp - INZAIN Cycling EXPERIENCES","og_description":"V\u00e4lkommen till en fantastisk helg med Gravel i S\u00f6rmland N\u00e4r: 20-21 maj 2023.Var: S\u00f6rmlandHur: Gravel Camp p\u00e5 fantastiska v\u00e4garSova: Vi har bokat ett antal rum p\u00e5 Kjes\u00e4ter SlottIng\u00e5r: Boende, frukost och trer\u00e4tters middag p\u00e5 l\u00f6rdag. Pris: Eventet \u00e4r i sig kostnadsfritt, vi har ordnat med boende och matpaket f\u00f6r de som vill. En natt delat [&hellip;]","og_url":"https:\/\/inzain.bike\/es\/sormland-gravel-camp\/","og_site_name":"INZAIN Cycling EXPERIENCES","article_publisher":"https:\/\/www.facebook.com\/Inzain.bike","article_modified_time":"2023-05-16T09:52:09+00:00","og_image":[{"url":"https:\/\/inzain.bike\/wp-content\/uploads\/2022\/10\/20210627_133539-1024x768.jpg","type":"","width":"","height":""}],"twitter_card":"summary_large_image","twitter_misc":{"Tiempo de lectura":"4 minutos"},"schema":{"@context":"https:\/\/schema.org","@graph":[{"@type":"WebPage","@id":"https:\/\/inzain.bike\/nl_be\/sormland-gravel-camp\/","url":"https:\/\/inzain.bike\/nl_be\/sormland-gravel-camp\/","name":"Campamento de Gravel de S\u00f6rmland - EXPERIENCIAS CICLISMO INZAIN","isPartOf":{"@id":"https:\/\/inzain.bike\/fr_be\/#website"},"primaryImageOfPage":{"@id":"https:\/\/inzain.bike\/nl_be\/sormland-gravel-camp\/#primaryimage"},"image":{"@id":"https:\/\/inzain.bike\/nl_be\/sormland-gravel-camp\/#primaryimage"},"thumbnailUrl":"https:\/\/inzain.bike\/wp-content\/uploads\/2022\/10\/20210627_133539-1024x768.jpg","datePublished":"2022-10-02T16:24:29+00:00","dateModified":"2023-05-16T09:52:09+00:00","breadcrumb":{"@id":"https:\/\/inzain.bike\/nl_be\/sormland-gravel-camp\/#breadcrumb"},"inLanguage":"es","potentialAction":[{"@type":"ReadAction","target":["https:\/\/inzain.bike\/nl_be\/sormland-gravel-camp\/"]}]},{"@type":"ImageObject","inLanguage":"es","@id":"https:\/\/inzain.bike\/nl_be\/sormland-gravel-camp\/#primaryimage","url":"https:\/\/inzain.bike\/wp-content\/uploads\/2022\/10\/20210627_133539-1024x768.jpg","contentUrl":"https:\/\/inzain.bike\/wp-content\/uploads\/2022\/10\/20210627_133539-1024x768.jpg"},{"@type":"BreadcrumbList","@id":"https:\/\/inzain.bike\/nl_be\/sormland-gravel-camp\/#breadcrumb","itemListElement":[{"@type":"ListItem","position":1,"name":"Hem","item":"https:\/\/inzain.bike\/fr_be\/"},{"@type":"ListItem","position":2,"name":"S\u00f6rmland Gravel Camp"}]},{"@type":"WebSite","@id":"https:\/\/inzain.bike\/fr_be\/#website","url":"https:\/\/inzain.bike\/fr_be\/","name":"EXPERIENCIAS Ciclismo INZAIN","description":"Aventuras en bicicleta: para todos","publisher":{"@id":"https:\/\/inzain.bike\/fr_be\/#organization"},"alternateName":"INZAIN Gravel & Travel","potentialAction":[{"@type":"SearchAction","target":{"@type":"EntryPoint","urlTemplate":"https:\/\/inzain.bike\/fr_be\/?s={search_term_string}"},"query-input":{"@type":"PropertyValueSpecification","valueRequired":true,"valueName":"search_term_string"}}],"inLanguage":"es"},{"@type":"Organization","@id":"https:\/\/inzain.bike\/fr_be\/#organization","name":"EXPERIENCIAS Ciclismo INZAIN","url":"https:\/\/inzain.bike\/fr_be\/","logo":{"@type":"ImageObject","inLanguage":"es","@id":"https:\/\/inzain.bike\/fr_be\/#\/schema\/logo\/image\/","url":"https:\/\/i0.wp.com\/inzain.bike\/wp-content\/uploads\/2023\/09\/cropped-INZAIN_512x512_white.png?fit=512%2C512&ssl=1","contentUrl":"https:\/\/i0.wp.com\/inzain.bike\/wp-content\/uploads\/2023\/09\/cropped-INZAIN_512x512_white.png?fit=512%2C512&ssl=1","width":512,"height":512,"caption":"INZAIN Cycling EXPERIENCES"},"image":{"@id":"https:\/\/inzain.bike\/fr_be\/#\/schema\/logo\/image\/"},"sameAs":["https:\/\/www.facebook.com\/Inzain.bike","https:\/\/www.instagram.com\/inzainbike"]}]}},"amp_enabled":true,"_links":{"self":[{"href":"https:\/\/inzain.bike\/es\/wp-json\/wp\/v2\/pages\/1981","targetHints":{"allow":["GET"]}}],"collection":[{"href":"https:\/\/inzain.bike\/es\/wp-json\/wp\/v2\/pages"}],"about":[{"href":"https:\/\/inzain.bike\/es\/wp-json\/wp\/v2\/types\/page"}],"author":[{"embeddable":true,"href":"https:\/\/inzain.bike\/es\/wp-json\/wp\/v2\/users\/135133094"}],"replies":[{"embeddable":true,"href":"https:\/\/inzain.bike\/es\/wp-json\/wp\/v2\/comments?post=1981"}],"version-history":[{"count":0,"href":"https:\/\/inzain.bike\/es\/wp-json\/wp\/v2\/pages\/1981\/revisions"}],"wp:attachment":[{"href":"https:\/\/inzain.bike\/es\/wp-json\/wp\/v2\/media?parent=1981"}],"curies":[{"name":"gracias","href":"https:\/\/api.w.org\/{rel}","templated":true}]}}