{"id":1994,"date":"2022-10-02T18:37:40","date_gmt":"2022-10-02T16:37:40","guid":{"rendered":"https:\/\/inzain.bike\/?page_id=1994"},"modified":"2023-07-12T09:01:13","modified_gmt":"2023-07-12T07:01:13","slug":"finland-gravel-randonee","status":"publish","type":"page","link":"https:\/\/inzain.bike\/es\/finland-gravel-randonee\/","title":{"rendered":"Finlandia Grava Randone\u00e9"},"content":{"rendered":"<p>Bienvenido a un fant\u00e1stico tour gravel en Finlandia<\/p>\n\n\n\n<figure class=\"wp-block-image size-large\"><img loading=\"lazy\" decoding=\"async\" width=\"1024\" height=\"607\" src=\"https:\/\/inzain.bike\/wp-content\/uploads\/2022\/11\/the-Moth-1024x607.png\" alt=\"\" class=\"wp-image-2461\" srcset=\"https:\/\/inzain.bike\/wp-content\/uploads\/2022\/11\/the-Moth-1024x607.png 1024w, https:\/\/inzain.bike\/wp-content\/uploads\/2022\/11\/the-Moth-300x178.png 300w, https:\/\/inzain.bike\/wp-content\/uploads\/2022\/11\/the-Moth-768x455.png 768w, https:\/\/inzain.bike\/wp-content\/uploads\/2022\/11\/the-Moth-1536x910.png 1536w, https:\/\/inzain.bike\/wp-content\/uploads\/2022\/11\/the-Moth-18x12.png 18w, https:\/\/inzain.bike\/wp-content\/uploads\/2022\/11\/the-Moth-1320x782.png 1320w, https:\/\/inzain.bike\/wp-content\/uploads\/2022\/11\/the-Moth-600x355.png 600w, https:\/\/inzain.bike\/wp-content\/uploads\/2022\/11\/the-Moth.png 1668w\" sizes=\"auto, (max-width: 1024px) 100vw, 1024px\" \/><\/figure>\n\n\n\n<p><strong>Cuando<\/strong>: 3-6 de junio de 2023.<br><strong>D\u00f3nde<\/strong>: Helsinki<br><strong>Viaje<\/strong>: Tallink Sthlm -&gt; Helsinki 2\/6 16:45 y Helsinki -&gt; Sthlm 5\/6 17:00<br><strong>C\u00f3mo<\/strong>: Gravel Camp en carreteras incre\u00edbles<br><strong>Alojamiento<\/strong>: Vivimos en lugares bonitos a lo largo de la ruta. Vea abajo<br><\/p>\n\n\n\n<figure class=\"wp-block-image size-large\"><img loading=\"lazy\" decoding=\"async\" width=\"1024\" height=\"684\" src=\"https:\/\/inzain.bike\/wp-content\/uploads\/2022\/10\/sf2-1024x684.jpeg\" alt=\"\" class=\"wp-image-2121\" srcset=\"https:\/\/inzain.bike\/wp-content\/uploads\/2022\/10\/sf2-1024x684.jpeg 1024w, https:\/\/inzain.bike\/wp-content\/uploads\/2022\/10\/sf2-300x200.jpeg 300w, https:\/\/inzain.bike\/wp-content\/uploads\/2022\/10\/sf2-768x513.jpeg 768w, https:\/\/inzain.bike\/wp-content\/uploads\/2022\/10\/sf2-18x12.jpeg 18w, https:\/\/inzain.bike\/wp-content\/uploads\/2022\/10\/sf2-1320x881.jpeg 1320w, https:\/\/inzain.bike\/wp-content\/uploads\/2022\/10\/sf2-600x401.jpeg 600w, https:\/\/inzain.bike\/wp-content\/uploads\/2022\/10\/sf2.jpeg 1450w\" sizes=\"auto, (max-width: 1024px) 100vw, 1024px\" \/><\/figure>\n\n\n\n<p><strong>\u00bfQu\u00e9 puedes esperar?<\/strong><br>Pedaleamos para divertirnos, no hay intervalos y no se trata de andar m\u00e1s r\u00e1pido sino de tener la mejor experiencia. Si quieres derrochar, claro que est\u00e1 bien, esperas m\u00e1s adelante. Tambi\u00e9n podemos dividir el grupo, si resulta mejor. Nuestros gu\u00edas tienen mucha experiencia en la organizaci\u00f3n y realizaci\u00f3n de estos tours.<\/p>\n\n\n\n<p>Silja <a href=\"https:\/\/se.tallink.com\/stockholm-helsingfors-tidtabell\">Horarios y reservas<\/a><\/p>\n\n\n\n<figure class=\"wp-block-image size-large\"><img loading=\"lazy\" decoding=\"async\" width=\"1024\" height=\"322\" src=\"https:\/\/inzain.bike\/wp-content\/uploads\/2022\/10\/sf1-1-1024x322.jpg\" alt=\"\" class=\"wp-image-2122\" srcset=\"https:\/\/inzain.bike\/wp-content\/uploads\/2022\/10\/sf1-1-1024x322.jpg 1024w, https:\/\/inzain.bike\/wp-content\/uploads\/2022\/10\/sf1-1-300x94.jpg 300w, https:\/\/inzain.bike\/wp-content\/uploads\/2022\/10\/sf1-1-768x242.jpg 768w, https:\/\/inzain.bike\/wp-content\/uploads\/2022\/10\/sf1-1-1536x483.jpg 1536w, https:\/\/inzain.bike\/wp-content\/uploads\/2022\/10\/sf1-1-18x6.jpg 18w, https:\/\/inzain.bike\/wp-content\/uploads\/2022\/10\/sf1-1-1320x415.jpg 1320w, https:\/\/inzain.bike\/wp-content\/uploads\/2022\/10\/sf1-1-600x189.jpg 600w, https:\/\/inzain.bike\/wp-content\/uploads\/2022\/10\/sf1-1.jpg 1920w\" sizes=\"auto, (max-width: 1024px) 100vw, 1024px\" \/><\/figure>\n\n\n\n<p><strong>Viernes<\/strong><br>Barco por la tarde desde Estocolmo, a las 16:45. Comemos bien, tal vez tomamos una cerveza o dos y nos quedamos a dormir en Helsinki, con una hora de llegada a las 10:30.<br><br><strong>S\u00e1bado<\/strong> <br>Llegamos a Helsinki con nuestras bicicletas y partimos directamente desde el puerto. Almorzamos en el camino y llegamos a nuestro alojamiento por la tarde. D\u00eda m\u00e1s duro, unas 11 millas y 1.500 hm. Despu\u00e9s de 27 km hacemos una sencilla pausa para tomar caf\u00e9 y despu\u00e9s de 54 km almorzamos en el restaurante Tila, que adem\u00e1s de buena comida tambi\u00e9n tiene su propia producci\u00f3n de queso. El restaurante est\u00e1 situado en medio del Parque Nacional Sibbo. Luego hay caf\u00e9 disponible en 75 alt 82 km. Vivimos en <a href=\"https:\/\/www.korpilampi.fi\/en\/\">Hotel Korpilampi<\/a> en la estaci\u00f3n de esqu\u00ed Serena.<\/p>\n\n\n\n<p><strong>Domingo<\/strong> <br>Desayunamos y volvemos a subir a nuestros veloc\u00edpedos. Hoy tenemos por delante 12 millas y 1300 hm. El recorrido comienza hacia el sur v\u00eda Solvik hasta Espoo. El almuerzo se toma en el puerto de Karl\u00f6fj\u00e4rden, despu\u00e9s de 46 km en Nokkalan Mjakka, donde tambi\u00e9n puedes comprar un helado :). Seguimos bordeando la costa hasta Tapiola donde volvemos a girar hacia el este. A 80 km pasamos por una tienda por si hay que comprar algo. Rodeamos Vittr\u00e4sk y despu\u00e9s de 96 km tomamos un caf\u00e9 en Lappb\u00f6le. <a href=\"https:\/\/polkuhotel.com\/\">Hotel Polku Nuuksio<\/a> alcanzado despu\u00e9s de 12 millas. Entonces la cena y el sue\u00f1o probablemente le convengan bastante bien.<\/p>\n\n\n\n<p><strong>Lunes<\/strong><br>El \u00faltimo d\u00eda volvemos en bicicleta a Helsinki, aproximadamente 80 km y 1.000 hm y all\u00ed nos espera el barco que nos llevar\u00e1 de regreso a Estocolmo con salida a las 17:00, llegando a Estocolmo a las 09:00 del martes. Desde el hotel nos dirigimos a En\u00e4j\u00e4rvi, cuya tribuna occidental seguimos. Tomamos un caf\u00e9 despu\u00e9s de unos 20 km en la pista de esqu\u00ed Pohjoinen Pirtti. Reforzados, continuamos pedaleando por Skogby y Luk. Almorzaremos all\u00ed despu\u00e9s de unos 40 km. Ahora el recorrido gira hacia el sur y nos lleva por bonitas carreteras hasta el puerto y el barco que nos espera.<br><br><\/p>\n\n\n\n<p><strong>La ruta - &quot;<em>La polilla<\/em>\u201c<\/strong><\/p>\n\n\n\n<figure class=\"wp-block-image size-large\"><img loading=\"lazy\" decoding=\"async\" width=\"1024\" height=\"658\" src=\"https:\/\/inzain.bike\/wp-content\/uploads\/2022\/11\/image-28-1024x658.png\" alt=\"\" class=\"wp-image-2463\" srcset=\"https:\/\/inzain.bike\/wp-content\/uploads\/2022\/11\/image-28-1024x658.png 1024w, https:\/\/inzain.bike\/wp-content\/uploads\/2022\/11\/image-28-300x193.png 300w, https:\/\/inzain.bike\/wp-content\/uploads\/2022\/11\/image-28-768x493.png 768w, https:\/\/inzain.bike\/wp-content\/uploads\/2022\/11\/image-28-1536x987.png 1536w, https:\/\/inzain.bike\/wp-content\/uploads\/2022\/11\/image-28-2048x1316.png 2048w, https:\/\/inzain.bike\/wp-content\/uploads\/2022\/11\/image-28-18x12.png 18w, https:\/\/inzain.bike\/wp-content\/uploads\/2022\/11\/image-28-1320x848.png 1320w, https:\/\/inzain.bike\/wp-content\/uploads\/2022\/11\/image-28-600x385.png 600w\" sizes=\"auto, (max-width: 1024px) 100vw, 1024px\" \/><\/figure>\n\n\n\n<p>315 km, 3.500 hm tres d\u00edas. Lagos, mares, bosques y campos, a veces lejos y a veces cerca de la ciudad. Un viaje emocionante que va en sentido antihorario. \u00daltimo d\u00eda lo m\u00e1s corto posible para tener un margen para el regreso a casa a las 17.00 horas.<\/p>\n\n\n\n<p><br><strong>Pedaleamos seg\u00fan los principios de Grusets V\u00e4nner.<\/strong><br>*Nadie se queda solo, todos deben sumarse<br>*El rebote va bien, espera hasta m\u00e1s tarde<br>*Nos cuidamos y ayudamos en caso de punks u otras cosas.<br>* Pedaleamos con seguridad y mantenemos la distancia, recuerda la regla de los tres segundos.<br>*Se trata de pasar un lindo d\u00eda.<\/p>\n\n\n\n<p><strong>\u00bfC\u00f3mo puedo participar?<\/strong><\/p>\n\n\n\n<p>Reserva alguna forma de llegar a Helsinki, somos un grupo que iremos con el barco el viernes por la noche (ver introducci\u00f3n) y reservaremos alojamiento, preferiblemente en el mismo hotel que reservamos, ver tambi\u00e9n arriba.<\/p>\n\n\n\n<p><strong>Precios<\/strong>: Gratis<br><br><a href=\"https:\/\/inzain.bike\/es\/finland-gravel-tour-riders-guide\/\"><strong>Gu\u00eda del ciclista<\/strong> <\/a><br><\/p>\n\n\n\n<p><strong>Notificaci\u00f3n<\/strong> <strong>Cerrado<\/strong><br><\/p>","protected":false},"excerpt":{"rendered":"<p>V\u00e4lkommen till en fantastisk gravel tour i Finland N\u00e4r: 3-6 juni 2023.Var: HelsingforsResa: Tallink Sthlm -&gt; Helsingfors 2\/6 16:45 &amp; Helsingfors -&gt; Sthlm 5\/6 17:00Hur: Gravel Camp p\u00e5 fantastiska v\u00e4garBoende: Vi bor fina st\u00e4llen l\u00e4ngs rutten. Se nedan Vad kan du f\u00f6rv\u00e4nta dig?Vi cyklar f\u00f6r att ha trevligt, det \u00e4r inte n\u00e5gra intervaller och det [&hellip;]<\/p>\n","protected":false},"author":135133094,"featured_media":0,"parent":0,"menu_order":0,"comment_status":"closed","ping_status":"closed","template":"","meta":{"_coblocks_attr":"","_coblocks_dimensions":"","_coblocks_responsive_height":"","_coblocks_accordion_ie_support":"","footnotes":""},"class_list":["post-1994","page","type-page","status-publish","hentry"],"yoast_head":"<!-- This site is optimized with the Yoast SEO plugin v27.2 - https:\/\/yoast.com\/product\/yoast-seo-wordpress\/ -->\n<title>Finland Gravel Randone\u00e9 - INZAIN Cycling EXPERIENCES<\/title>\n<meta name=\"robots\" content=\"index, follow, max-snippet:-1, max-image-preview:large, max-video-preview:-1\" \/>\n<link rel=\"canonical\" href=\"https:\/\/inzain.bike\/es\/finland-gravel-randonee\/\" \/>\n<meta property=\"og:locale\" content=\"es_ES\" \/>\n<meta property=\"og:type\" content=\"article\" \/>\n<meta property=\"og:title\" content=\"Finland Gravel Randone\u00e9 - INZAIN Cycling EXPERIENCES\" \/>\n<meta property=\"og:description\" content=\"V\u00e4lkommen till en fantastisk gravel tour i Finland N\u00e4r: 3-6 juni 2023.Var: HelsingforsResa: Tallink Sthlm -&gt; Helsingfors 2\/6 16:45 &amp; Helsingfors -&gt; Sthlm 5\/6 17:00Hur: Gravel Camp p\u00e5 fantastiska v\u00e4garBoende: Vi bor fina st\u00e4llen l\u00e4ngs rutten. Se nedan Vad kan du f\u00f6rv\u00e4nta dig?Vi cyklar f\u00f6r att ha trevligt, det \u00e4r inte n\u00e5gra intervaller och det [&hellip;]\" \/>\n<meta property=\"og:url\" content=\"https:\/\/inzain.bike\/es\/finland-gravel-randonee\/\" \/>\n<meta property=\"og:site_name\" content=\"INZAIN Cycling EXPERIENCES\" \/>\n<meta property=\"article:publisher\" content=\"https:\/\/www.facebook.com\/Inzain.bike\" \/>\n<meta property=\"article:modified_time\" content=\"2023-07-12T07:01:13+00:00\" \/>\n<meta property=\"og:image\" content=\"https:\/\/inzain.bike\/wp-content\/uploads\/2022\/11\/the-Moth-1024x607.png\" \/>\n<meta name=\"twitter:card\" content=\"summary_large_image\" \/>\n<meta name=\"twitter:label1\" content=\"Tiempo de lectura\" \/>\n\t<meta name=\"twitter:data1\" content=\"3 minutos\" \/>\n<script type=\"application\/ld+json\" class=\"yoast-schema-graph\">{\"@context\":\"https:\/\/schema.org\",\"@graph\":[{\"@type\":\"WebPage\",\"@id\":\"https:\/\/inzain.bike\/en_gb\/finland-gravel-randonee\/\",\"url\":\"https:\/\/inzain.bike\/en_gb\/finland-gravel-randonee\/\",\"name\":\"Finland Gravel Randone\u00e9 - INZAIN Cycling EXPERIENCES\",\"isPartOf\":{\"@id\":\"https:\/\/inzain.bike\/fr_be\/#website\"},\"primaryImageOfPage\":{\"@id\":\"https:\/\/inzain.bike\/en_gb\/finland-gravel-randonee\/#primaryimage\"},\"image\":{\"@id\":\"https:\/\/inzain.bike\/en_gb\/finland-gravel-randonee\/#primaryimage\"},\"thumbnailUrl\":\"https:\/\/inzain.bike\/wp-content\/uploads\/2022\/11\/the-Moth-1024x607.png\",\"datePublished\":\"2022-10-02T16:37:40+00:00\",\"dateModified\":\"2023-07-12T07:01:13+00:00\",\"breadcrumb\":{\"@id\":\"https:\/\/inzain.bike\/en_gb\/finland-gravel-randonee\/#breadcrumb\"},\"inLanguage\":\"es\",\"potentialAction\":[{\"@type\":\"ReadAction\",\"target\":[\"https:\/\/inzain.bike\/en_gb\/finland-gravel-randonee\/\"]}]},{\"@type\":\"ImageObject\",\"inLanguage\":\"es\",\"@id\":\"https:\/\/inzain.bike\/en_gb\/finland-gravel-randonee\/#primaryimage\",\"url\":\"https:\/\/inzain.bike\/wp-content\/uploads\/2022\/11\/the-Moth-1024x607.png\",\"contentUrl\":\"https:\/\/inzain.bike\/wp-content\/uploads\/2022\/11\/the-Moth-1024x607.png\"},{\"@type\":\"BreadcrumbList\",\"@id\":\"https:\/\/inzain.bike\/en_gb\/finland-gravel-randonee\/#breadcrumb\",\"itemListElement\":[{\"@type\":\"ListItem\",\"position\":1,\"name\":\"Hem\",\"item\":\"https:\/\/inzain.bike\/fr_be\/\"},{\"@type\":\"ListItem\",\"position\":2,\"name\":\"Finland Gravel Randone\u00e9\"}]},{\"@type\":\"WebSite\",\"@id\":\"https:\/\/inzain.bike\/fr_be\/#website\",\"url\":\"https:\/\/inzain.bike\/fr_be\/\",\"name\":\"INZAIN Cycling EXPERIENCES\",\"description\":\"Cyckling Adventures  - for everyone\",\"publisher\":{\"@id\":\"https:\/\/inzain.bike\/fr_be\/#organization\"},\"alternateName\":\"INZAIN Gravel & Travel\",\"potentialAction\":[{\"@type\":\"SearchAction\",\"target\":{\"@type\":\"EntryPoint\",\"urlTemplate\":\"https:\/\/inzain.bike\/fr_be\/?s={search_term_string}\"},\"query-input\":{\"@type\":\"PropertyValueSpecification\",\"valueRequired\":true,\"valueName\":\"search_term_string\"}}],\"inLanguage\":\"es\"},{\"@type\":\"Organization\",\"@id\":\"https:\/\/inzain.bike\/fr_be\/#organization\",\"name\":\"INZAIN Cycling EXPERIENCES\",\"url\":\"https:\/\/inzain.bike\/fr_be\/\",\"logo\":{\"@type\":\"ImageObject\",\"inLanguage\":\"es\",\"@id\":\"https:\/\/inzain.bike\/fr_be\/#\/schema\/logo\/image\/\",\"url\":\"https:\/\/i0.wp.com\/inzain.bike\/wp-content\/uploads\/2023\/09\/cropped-INZAIN_512x512_white.png?fit=512%2C512&ssl=1\",\"contentUrl\":\"https:\/\/i0.wp.com\/inzain.bike\/wp-content\/uploads\/2023\/09\/cropped-INZAIN_512x512_white.png?fit=512%2C512&ssl=1\",\"width\":512,\"height\":512,\"caption\":\"INZAIN Cycling EXPERIENCES\"},\"image\":{\"@id\":\"https:\/\/inzain.bike\/fr_be\/#\/schema\/logo\/image\/\"},\"sameAs\":[\"https:\/\/www.facebook.com\/Inzain.bike\",\"https:\/\/www.instagram.com\/inzainbike\"]}]}<\/script>\n<!-- \/ Yoast SEO plugin. -->","yoast_head_json":{"title":"Randone\u00e9 de Gravel en Finlandia - EXPERIENCIAS Ciclista INZAIN","robots":{"index":"index","follow":"follow","max-snippet":"max-snippet:-1","max-image-preview":"max-image-preview:large","max-video-preview":"max-video-preview:-1"},"canonical":"https:\/\/inzain.bike\/es\/finland-gravel-randonee\/","og_locale":"es_ES","og_type":"article","og_title":"Finland Gravel Randone\u00e9 - INZAIN Cycling EXPERIENCES","og_description":"V\u00e4lkommen till en fantastisk gravel tour i Finland N\u00e4r: 3-6 juni 2023.Var: HelsingforsResa: Tallink Sthlm -&gt; Helsingfors 2\/6 16:45 &amp; Helsingfors -&gt; Sthlm 5\/6 17:00Hur: Gravel Camp p\u00e5 fantastiska v\u00e4garBoende: Vi bor fina st\u00e4llen l\u00e4ngs rutten. Se nedan Vad kan du f\u00f6rv\u00e4nta dig?Vi cyklar f\u00f6r att ha trevligt, det \u00e4r inte n\u00e5gra intervaller och det [&hellip;]","og_url":"https:\/\/inzain.bike\/es\/finland-gravel-randonee\/","og_site_name":"INZAIN Cycling EXPERIENCES","article_publisher":"https:\/\/www.facebook.com\/Inzain.bike","article_modified_time":"2023-07-12T07:01:13+00:00","og_image":[{"url":"https:\/\/inzain.bike\/wp-content\/uploads\/2022\/11\/the-Moth-1024x607.png","type":"","width":"","height":""}],"twitter_card":"summary_large_image","twitter_misc":{"Tiempo de lectura":"3 minutos"},"schema":{"@context":"https:\/\/schema.org","@graph":[{"@type":"WebPage","@id":"https:\/\/inzain.bike\/en_gb\/finland-gravel-randonee\/","url":"https:\/\/inzain.bike\/en_gb\/finland-gravel-randonee\/","name":"Randone\u00e9 de Gravel en Finlandia - EXPERIENCIAS Ciclista INZAIN","isPartOf":{"@id":"https:\/\/inzain.bike\/fr_be\/#website"},"primaryImageOfPage":{"@id":"https:\/\/inzain.bike\/en_gb\/finland-gravel-randonee\/#primaryimage"},"image":{"@id":"https:\/\/inzain.bike\/en_gb\/finland-gravel-randonee\/#primaryimage"},"thumbnailUrl":"https:\/\/inzain.bike\/wp-content\/uploads\/2022\/11\/the-Moth-1024x607.png","datePublished":"2022-10-02T16:37:40+00:00","dateModified":"2023-07-12T07:01:13+00:00","breadcrumb":{"@id":"https:\/\/inzain.bike\/en_gb\/finland-gravel-randonee\/#breadcrumb"},"inLanguage":"es","potentialAction":[{"@type":"ReadAction","target":["https:\/\/inzain.bike\/en_gb\/finland-gravel-randonee\/"]}]},{"@type":"ImageObject","inLanguage":"es","@id":"https:\/\/inzain.bike\/en_gb\/finland-gravel-randonee\/#primaryimage","url":"https:\/\/inzain.bike\/wp-content\/uploads\/2022\/11\/the-Moth-1024x607.png","contentUrl":"https:\/\/inzain.bike\/wp-content\/uploads\/2022\/11\/the-Moth-1024x607.png"},{"@type":"BreadcrumbList","@id":"https:\/\/inzain.bike\/en_gb\/finland-gravel-randonee\/#breadcrumb","itemListElement":[{"@type":"ListItem","position":1,"name":"Hem","item":"https:\/\/inzain.bike\/fr_be\/"},{"@type":"ListItem","position":2,"name":"Finland Gravel Randone\u00e9"}]},{"@type":"WebSite","@id":"https:\/\/inzain.bike\/fr_be\/#website","url":"https:\/\/inzain.bike\/fr_be\/","name":"EXPERIENCIAS Ciclismo INZAIN","description":"Aventuras en bicicleta: para todos","publisher":{"@id":"https:\/\/inzain.bike\/fr_be\/#organization"},"alternateName":"INZAIN Gravel & Travel","potentialAction":[{"@type":"SearchAction","target":{"@type":"EntryPoint","urlTemplate":"https:\/\/inzain.bike\/fr_be\/?s={search_term_string}"},"query-input":{"@type":"PropertyValueSpecification","valueRequired":true,"valueName":"search_term_string"}}],"inLanguage":"es"},{"@type":"Organization","@id":"https:\/\/inzain.bike\/fr_be\/#organization","name":"EXPERIENCIAS Ciclismo INZAIN","url":"https:\/\/inzain.bike\/fr_be\/","logo":{"@type":"ImageObject","inLanguage":"es","@id":"https:\/\/inzain.bike\/fr_be\/#\/schema\/logo\/image\/","url":"https:\/\/i0.wp.com\/inzain.bike\/wp-content\/uploads\/2023\/09\/cropped-INZAIN_512x512_white.png?fit=512%2C512&ssl=1","contentUrl":"https:\/\/i0.wp.com\/inzain.bike\/wp-content\/uploads\/2023\/09\/cropped-INZAIN_512x512_white.png?fit=512%2C512&ssl=1","width":512,"height":512,"caption":"INZAIN Cycling EXPERIENCES"},"image":{"@id":"https:\/\/inzain.bike\/fr_be\/#\/schema\/logo\/image\/"},"sameAs":["https:\/\/www.facebook.com\/Inzain.bike","https:\/\/www.instagram.com\/inzainbike"]}]}},"amp_enabled":true,"_links":{"self":[{"href":"https:\/\/inzain.bike\/es\/wp-json\/wp\/v2\/pages\/1994","targetHints":{"allow":["GET"]}}],"collection":[{"href":"https:\/\/inzain.bike\/es\/wp-json\/wp\/v2\/pages"}],"about":[{"href":"https:\/\/inzain.bike\/es\/wp-json\/wp\/v2\/types\/page"}],"author":[{"embeddable":true,"href":"https:\/\/inzain.bike\/es\/wp-json\/wp\/v2\/users\/135133094"}],"replies":[{"embeddable":true,"href":"https:\/\/inzain.bike\/es\/wp-json\/wp\/v2\/comments?post=1994"}],"version-history":[{"count":0,"href":"https:\/\/inzain.bike\/es\/wp-json\/wp\/v2\/pages\/1994\/revisions"}],"wp:attachment":[{"href":"https:\/\/inzain.bike\/es\/wp-json\/wp\/v2\/media?parent=1994"}],"curies":[{"name":"gracias","href":"https:\/\/api.w.org\/{rel}","templated":true}]}}