{"id":2019,"date":"2022-10-03T10:12:43","date_gmt":"2022-10-03T08:12:43","guid":{"rendered":"https:\/\/inzain.bike\/?page_id=2019"},"modified":"2023-06-27T23:32:27","modified_gmt":"2023-06-27T21:32:27","slug":"vattern-runt-gravel-tour","status":"publish","type":"page","link":"https:\/\/inzain.bike\/es\/vattern-runt-gravel-tour\/","title":{"rendered":"Tour de grava alrededor del lago V\u00e4ttern"},"content":{"rendered":"<p>Bienvenidos al Round V\u00e4ttern, pero ahora sobre tierra y durante tres d\u00edas.<\/p>\n\n\n\n<figure class=\"wp-block-image size-full\"><img loading=\"lazy\" decoding=\"async\" width=\"800\" height=\"800\" src=\"https:\/\/inzain.bike\/wp-content\/uploads\/2022\/08\/fully.jpg\" alt=\"\" class=\"wp-image-1869\" srcset=\"https:\/\/inzain.bike\/wp-content\/uploads\/2022\/08\/fully.jpg 800w, https:\/\/inzain.bike\/wp-content\/uploads\/2022\/08\/fully-300x300.jpg 300w, https:\/\/inzain.bike\/wp-content\/uploads\/2022\/08\/fully-150x150.jpg 150w, https:\/\/inzain.bike\/wp-content\/uploads\/2022\/08\/fully-768x768.jpg 768w, https:\/\/inzain.bike\/wp-content\/uploads\/2022\/08\/fully-12x12.jpg 12w, https:\/\/inzain.bike\/wp-content\/uploads\/2022\/08\/fully-600x600.jpg 600w, https:\/\/inzain.bike\/wp-content\/uploads\/2022\/08\/fully-100x100.jpg 100w\" sizes=\"auto, (max-width: 800px) 100vw, 800px\" \/><\/figure>\n\n\n\n<figure class=\"wp-block-image size-large\"><img loading=\"lazy\" decoding=\"async\" width=\"1024\" height=\"683\" src=\"https:\/\/inzain.bike\/wp-content\/uploads\/2022\/10\/vr1-1024x683.jpg\" alt=\"\" class=\"wp-image-2022\" srcset=\"https:\/\/inzain.bike\/wp-content\/uploads\/2022\/10\/vr1-1024x683.jpg 1024w, https:\/\/inzain.bike\/wp-content\/uploads\/2022\/10\/vr1-300x200.jpg 300w, https:\/\/inzain.bike\/wp-content\/uploads\/2022\/10\/vr1-768x512.jpg 768w, https:\/\/inzain.bike\/wp-content\/uploads\/2022\/10\/vr1-18x12.jpg 18w, https:\/\/inzain.bike\/wp-content\/uploads\/2022\/10\/vr1-1320x880.jpg 1320w, https:\/\/inzain.bike\/wp-content\/uploads\/2022\/10\/vr1-600x400.jpg 600w, https:\/\/inzain.bike\/wp-content\/uploads\/2022\/10\/vr1.jpg 1536w\" sizes=\"auto, (max-width: 1024px) 100vw, 1024px\" \/><\/figure>\n\n\n\n<p><strong>Cuando<\/strong>: 11-13 de agosto de 2023.<br><strong>D\u00f3nde<\/strong>: Salida y llegada en Motala.<br><strong>C\u00f3mo<\/strong>: Recorremos el lago V\u00e4ttern en bicicleta sobre grava.<br><strong>Dormir<\/strong>: Hemos reservado varias habitaciones en hoteles de J\u00f6nk\u00f6ping y Karlsborg.<br>Si quieres dormir la noche del d\u00eda 11, lo arreglas t\u00fa mismo.<br><strong>Otorgar<\/strong>: Es rentable. El alojamiento se pagar\u00e1 directamente al hotel.<\/p>\n\n\n\n<p><strong>\u00bfQu\u00e9 puedes esperar?<\/strong><br>Pedaleamos para divertirnos, no hay intervalos y no se trata de andar m\u00e1s r\u00e1pido sino de tener la mejor experiencia. Si quieres derrochar, claro que est\u00e1 bien, esperas m\u00e1s adelante. Tambi\u00e9n podemos dividir el grupo, si resulta mejor. Nuestros gu\u00edas tienen mucha experiencia en la organizaci\u00f3n y realizaci\u00f3n de estos tours. El recorrido es esencialmente autosuficiente. Caf\u00e9, alojamiento y lugares para comer est\u00e1n incluidos en la ruta, pero por supuesto son opcionales.<br>Los participantes son responsables de su propia navegaci\u00f3n y de las reparaciones de sus bicicletas.<\/p>\n\n\n\n<p>El recorrido es relativamente duro, 24 kil\u00f3metros por d\u00eda con aproximadamente 1.500 hm. No es posible escapar, estamos dando vueltas en bicicleta alrededor de un lago. Tenemos mucha luz, el sol sale a las 5 de la ma\u00f1ana y se pone sobre las 21 horas.<br><br><strong>Viernes<\/strong><br>Motala -&gt; J\u00f6nk\u00f6ping<\/p>\n\n\n\n<figure class=\"wp-block-image size-large\"><img loading=\"lazy\" decoding=\"async\" width=\"1024\" height=\"781\" src=\"https:\/\/inzain.bike\/wp-content\/uploads\/2022\/10\/vr2-1024x781.jpg\" alt=\"\" class=\"wp-image-2023\" srcset=\"https:\/\/inzain.bike\/wp-content\/uploads\/2022\/10\/vr2-1024x781.jpg 1024w, https:\/\/inzain.bike\/wp-content\/uploads\/2022\/10\/vr2-300x229.jpg 300w, https:\/\/inzain.bike\/wp-content\/uploads\/2022\/10\/vr2-768x586.jpg 768w, https:\/\/inzain.bike\/wp-content\/uploads\/2022\/10\/vr2-16x12.jpg 16w, https:\/\/inzain.bike\/wp-content\/uploads\/2022\/10\/vr2-1320x1006.jpg 1320w, https:\/\/inzain.bike\/wp-content\/uploads\/2022\/10\/vr2-600x457.jpg 600w, https:\/\/inzain.bike\/wp-content\/uploads\/2022\/10\/vr2.jpg 1536w\" sizes=\"auto, (max-width: 1024px) 100vw, 1024px\" \/><\/figure>\n\n\n\n<p>Despu\u00e9s del desayuno, saldremos a las 08.00 horas. Pasaremos por Vadstena y llegaremos a Borghamn despu\u00e9s de unos 51 km. Un caf\u00e9 r\u00e1pido antes de iniciar la subida a Omberg. Quien quiera desviarse hasta Stocklycke Hamn. El km 60-109 es un camino largo y flojo. En el medio almorzamos en \u00d6desh\u00f6g. Una vez finalizada la subida, nos espera un aut\u00e9ntico descenso hasta Gr\u00e4nna. All\u00ed se sienta bastante bien el caf\u00e9. La \u00faltima subida del d\u00eda comienza en Gr\u00e4nna y termina en el km 135. Desde all\u00ed hay una bonita bajada hasta J\u00f6nk\u00f6ping, donde pasaremos la primera noche en el cl\u00e1sico VOX Hotell.<\/p>\n\n\n\n<p><strong>S\u00e1bado<\/strong><br>J\u00f6nk\u00f6ping -&gt; Karlsborg<br>Despu\u00e9s de un abundante desayuno, pedalearemos hacia el norte. Ya despu\u00e9s del km pasamos un Willys por si quiz\u00e1s hace falta complementar con algo. Tomamos un caf\u00e9 despu\u00e9s de aproximadamente 6 millas en Brandstorp y almorzamos en el puerto de Hjo 3 millas m\u00e1s tarde. M\u00f6lltorp es la siguiente parada, est\u00e1 a 5 kil\u00f3metros, hay una tienda y una pizzer\u00eda, pero lo m\u00e1s probable es que sigamos en bicicleta hacia Karlsborg, un kil\u00f3metro m\u00e1s adelante. Visitamos la fortaleza y tal vez un mejor caf\u00e9. Nos alojamos en el Hotel Wettern.<\/p>\n\n\n\n<p><strong>Domingo<\/strong><br>Karlsborg -&gt; Motala, regreso,<br>Salida de Karlsborg a las 08:00 y llegamos a Askersund despu\u00e9s de 6 millas, un caf\u00e9 r\u00e1pido sin duda sienta bien. Pronto llegamos a la zona minera con Garpa y Zinkgruvan, donde tambi\u00e9n hay una cafeter\u00eda. La siguiente etapa nos lleva a Bona Handelstr\u00e4dg\u00e5rd despu\u00e9s de unos siete kil\u00f3metros. Aqu\u00ed almorzamos. Los \u00faltimos cuatro kil\u00f3metros hasta Motala nos llevan hasta la playa de V\u00e4ttern antes de llegar a Motala bastante satisfechos y cansados.<\/p>\n\n\n\n<figure class=\"wp-block-image size-large\"><img loading=\"lazy\" decoding=\"async\" width=\"1024\" height=\"360\" src=\"https:\/\/inzain.bike\/wp-content\/uploads\/2022\/10\/vr3-1024x360.jpg\" alt=\"\" class=\"wp-image-2024\" srcset=\"https:\/\/inzain.bike\/wp-content\/uploads\/2022\/10\/vr3-1024x360.jpg 1024w, https:\/\/inzain.bike\/wp-content\/uploads\/2022\/10\/vr3-300x105.jpg 300w, https:\/\/inzain.bike\/wp-content\/uploads\/2022\/10\/vr3-768x270.jpg 768w, https:\/\/inzain.bike\/wp-content\/uploads\/2022\/10\/vr3-18x6.jpg 18w, https:\/\/inzain.bike\/wp-content\/uploads\/2022\/10\/vr3-600x211.jpg 600w, https:\/\/inzain.bike\/wp-content\/uploads\/2022\/10\/vr3.jpg 1280w\" sizes=\"auto, (max-width: 1024px) 100vw, 1024px\" \/><\/figure>\n\n\n\n<p><iframe src=\"https:\/\/ridewithgps.com\/embeds?type=route&amp;id=40264044&amp;title=V%C3%A4ttern%20Runt%20Gravel&amp;metricUnits=true&amp;sampleGraph=true&amp;distanceMarkers=true\" style=\"width: 1px; min-width: 100%; height: 700px; border: none;\" scrolling=\"no\"><\/iframe><\/p>\n\n\n\n<p><br><strong>Pedaleamos seg\u00fan los principios de Grusets V\u00e4nner.<\/strong><br>*Nadie se queda solo, todos deben sumarse<br>*El rebote va bien, espera hasta m\u00e1s tarde<br>*Nos cuidamos y ayudamos en caso de punks u otras cosas.<br>* Pedaleamos con seguridad y mantenemos la distancia, recuerda la regla de los tres segundos.<br>*Se trata de pasar un lindo d\u00eda.<\/p>\n\n\n\n<p><strong>Precios<\/strong>:<\/p>\n\n\n\n<p>La participaci\u00f3n es gratuita, hemos concertado paquetes de alimentaci\u00f3n y alojamiento para quienes quieran.<br>Cuando hacemos una reserva de grupo, esta se paga durante el mes de junio, nos comunicaremos contigo cuando sea el momento adecuado.<br><\/p>\n\n\n\n<p><strong>motala<\/strong><br>Cualquier noche en Motala la puedes decidir t\u00fa mismo.<br><br><strong>J\u00f6nk\u00f6ping VOX Hotel 11\/8<\/strong><br><br>Habitaci\u00f3n est\u00e1ndar <em>20 m\u00b2 aproximadamente, tiene 2 camas de 90 cm con somier, no se puede dividir, tiene ventanas<\/em><br>1.420 SEK Dos personas pueden compartir una habitaci\u00f3n.<br><br>Se puede adquirir una cena de tres platos por 620 SEK.<br><br><strong>Karlsborg Hotel R\u00f6desund 12\/8<\/strong><br>Habitaci\u00f3n individual con ducha en pasillo y desayuno 1.400 lr<br><\/p>\n\n\n\n<p><strong>Notificaci\u00f3n<\/strong>  <strong>Cerrado<\/strong><\/p>","protected":false},"excerpt":{"rendered":"<p>V\u00e4lkommen till V\u00e4ttern Rundan, fast nu p\u00e5 grus och p\u00e5 tre dagar. N\u00e4r: 11-13 augusti 2023.Var: Start och m\u00e5l i MotalaHur: Vi cyklar Runt V\u00e4ttern p\u00e5 grusSova: Vi har bokat ett antal rum p\u00e5 hotell i J\u00f6nk\u00f6ping och Karlsborg.Vill man sova natten till den 11e ordnar man det sj\u00e4lv.Pris: Det \u00e4r sj\u00e4lvkostnad. Man kommer betala [&hellip;]<\/p>\n","protected":false},"author":135133094,"featured_media":0,"parent":0,"menu_order":0,"comment_status":"closed","ping_status":"closed","template":"","meta":{"_coblocks_attr":"","_coblocks_dimensions":"","_coblocks_responsive_height":"","_coblocks_accordion_ie_support":"","footnotes":""},"class_list":["post-2019","page","type-page","status-publish","hentry"],"yoast_head":"<!-- This site is optimized with the Yoast SEO plugin v27.2 - https:\/\/yoast.com\/product\/yoast-seo-wordpress\/ -->\n<title>Runt V\u00e4ttern Gravel Tour - INZAIN Cycling EXPERIENCES<\/title>\n<meta name=\"robots\" content=\"index, follow, max-snippet:-1, max-image-preview:large, max-video-preview:-1\" \/>\n<link rel=\"canonical\" href=\"https:\/\/inzain.bike\/es\/vattern-runt-gravel-tour\/\" \/>\n<meta property=\"og:locale\" content=\"es_ES\" \/>\n<meta property=\"og:type\" content=\"article\" \/>\n<meta property=\"og:title\" content=\"Runt V\u00e4ttern Gravel Tour - INZAIN Cycling EXPERIENCES\" \/>\n<meta property=\"og:description\" content=\"V\u00e4lkommen till V\u00e4ttern Rundan, fast nu p\u00e5 grus och p\u00e5 tre dagar. N\u00e4r: 11-13 augusti 2023.Var: Start och m\u00e5l i MotalaHur: Vi cyklar Runt V\u00e4ttern p\u00e5 grusSova: Vi har bokat ett antal rum p\u00e5 hotell i J\u00f6nk\u00f6ping och Karlsborg.Vill man sova natten till den 11e ordnar man det sj\u00e4lv.Pris: Det \u00e4r sj\u00e4lvkostnad. Man kommer betala [&hellip;]\" \/>\n<meta property=\"og:url\" content=\"https:\/\/inzain.bike\/es\/vattern-runt-gravel-tour\/\" \/>\n<meta property=\"og:site_name\" content=\"INZAIN Cycling EXPERIENCES\" \/>\n<meta property=\"article:publisher\" content=\"https:\/\/www.facebook.com\/Inzain.bike\" \/>\n<meta property=\"article:modified_time\" content=\"2023-06-27T21:32:27+00:00\" \/>\n<meta property=\"og:image\" content=\"https:\/\/inzain.bike\/wp-content\/uploads\/2022\/08\/fully.jpg\" \/>\n<meta name=\"twitter:card\" content=\"summary_large_image\" \/>\n<meta name=\"twitter:label1\" content=\"Tiempo de lectura\" \/>\n\t<meta name=\"twitter:data1\" content=\"3 minutos\" \/>\n<script type=\"application\/ld+json\" class=\"yoast-schema-graph\">{\"@context\":\"https:\/\/schema.org\",\"@graph\":[{\"@type\":\"WebPage\",\"@id\":\"https:\/\/inzain.bike\/fr\/vattern-runt-gravel-tour\/\",\"url\":\"https:\/\/inzain.bike\/fr\/vattern-runt-gravel-tour\/\",\"name\":\"Runt V\u00e4ttern Gravel Tour - INZAIN Cycling EXPERIENCES\",\"isPartOf\":{\"@id\":\"https:\/\/inzain.bike\/fr_be\/#website\"},\"primaryImageOfPage\":{\"@id\":\"https:\/\/inzain.bike\/fr\/vattern-runt-gravel-tour\/#primaryimage\"},\"image\":{\"@id\":\"https:\/\/inzain.bike\/fr\/vattern-runt-gravel-tour\/#primaryimage\"},\"thumbnailUrl\":\"https:\/\/inzain.bike\/wp-content\/uploads\/2022\/08\/fully.jpg\",\"datePublished\":\"2022-10-03T08:12:43+00:00\",\"dateModified\":\"2023-06-27T21:32:27+00:00\",\"breadcrumb\":{\"@id\":\"https:\/\/inzain.bike\/fr\/vattern-runt-gravel-tour\/#breadcrumb\"},\"inLanguage\":\"es\",\"potentialAction\":[{\"@type\":\"ReadAction\",\"target\":[\"https:\/\/inzain.bike\/fr\/vattern-runt-gravel-tour\/\"]}]},{\"@type\":\"ImageObject\",\"inLanguage\":\"es\",\"@id\":\"https:\/\/inzain.bike\/fr\/vattern-runt-gravel-tour\/#primaryimage\",\"url\":\"https:\/\/inzain.bike\/wp-content\/uploads\/2022\/08\/fully.jpg\",\"contentUrl\":\"https:\/\/inzain.bike\/wp-content\/uploads\/2022\/08\/fully.jpg\"},{\"@type\":\"BreadcrumbList\",\"@id\":\"https:\/\/inzain.bike\/fr\/vattern-runt-gravel-tour\/#breadcrumb\",\"itemListElement\":[{\"@type\":\"ListItem\",\"position\":1,\"name\":\"Hem\",\"item\":\"https:\/\/inzain.bike\/fr_be\/\"},{\"@type\":\"ListItem\",\"position\":2,\"name\":\"Runt V\u00e4ttern Gravel Tour\"}]},{\"@type\":\"WebSite\",\"@id\":\"https:\/\/inzain.bike\/fr_be\/#website\",\"url\":\"https:\/\/inzain.bike\/fr_be\/\",\"name\":\"INZAIN Cycling EXPERIENCES\",\"description\":\"Cyckling Adventures  - for everyone\",\"publisher\":{\"@id\":\"https:\/\/inzain.bike\/fr_be\/#organization\"},\"alternateName\":\"INZAIN Gravel & Travel\",\"potentialAction\":[{\"@type\":\"SearchAction\",\"target\":{\"@type\":\"EntryPoint\",\"urlTemplate\":\"https:\/\/inzain.bike\/fr_be\/?s={search_term_string}\"},\"query-input\":{\"@type\":\"PropertyValueSpecification\",\"valueRequired\":true,\"valueName\":\"search_term_string\"}}],\"inLanguage\":\"es\"},{\"@type\":\"Organization\",\"@id\":\"https:\/\/inzain.bike\/fr_be\/#organization\",\"name\":\"INZAIN Cycling EXPERIENCES\",\"url\":\"https:\/\/inzain.bike\/fr_be\/\",\"logo\":{\"@type\":\"ImageObject\",\"inLanguage\":\"es\",\"@id\":\"https:\/\/inzain.bike\/fr_be\/#\/schema\/logo\/image\/\",\"url\":\"https:\/\/i0.wp.com\/inzain.bike\/wp-content\/uploads\/2023\/09\/cropped-INZAIN_512x512_white.png?fit=512%2C512&ssl=1\",\"contentUrl\":\"https:\/\/i0.wp.com\/inzain.bike\/wp-content\/uploads\/2023\/09\/cropped-INZAIN_512x512_white.png?fit=512%2C512&ssl=1\",\"width\":512,\"height\":512,\"caption\":\"INZAIN Cycling EXPERIENCES\"},\"image\":{\"@id\":\"https:\/\/inzain.bike\/fr_be\/#\/schema\/logo\/image\/\"},\"sameAs\":[\"https:\/\/www.facebook.com\/Inzain.bike\",\"https:\/\/www.instagram.com\/inzainbike\"]}]}<\/script>\n<!-- \/ Yoast SEO plugin. -->","yoast_head_json":{"title":"Ruta de grava alrededor del lago V\u00e4ttern - INZAIN Cycling EXPERIENCES","robots":{"index":"index","follow":"follow","max-snippet":"max-snippet:-1","max-image-preview":"max-image-preview:large","max-video-preview":"max-video-preview:-1"},"canonical":"https:\/\/inzain.bike\/es\/vattern-runt-gravel-tour\/","og_locale":"es_ES","og_type":"article","og_title":"Runt V\u00e4ttern Gravel Tour - INZAIN Cycling EXPERIENCES","og_description":"V\u00e4lkommen till V\u00e4ttern Rundan, fast nu p\u00e5 grus och p\u00e5 tre dagar. N\u00e4r: 11-13 augusti 2023.Var: Start och m\u00e5l i MotalaHur: Vi cyklar Runt V\u00e4ttern p\u00e5 grusSova: Vi har bokat ett antal rum p\u00e5 hotell i J\u00f6nk\u00f6ping och Karlsborg.Vill man sova natten till den 11e ordnar man det sj\u00e4lv.Pris: Det \u00e4r sj\u00e4lvkostnad. Man kommer betala [&hellip;]","og_url":"https:\/\/inzain.bike\/es\/vattern-runt-gravel-tour\/","og_site_name":"INZAIN Cycling EXPERIENCES","article_publisher":"https:\/\/www.facebook.com\/Inzain.bike","article_modified_time":"2023-06-27T21:32:27+00:00","og_image":[{"url":"https:\/\/inzain.bike\/wp-content\/uploads\/2022\/08\/fully.jpg","type":"","width":"","height":""}],"twitter_card":"summary_large_image","twitter_misc":{"Tiempo de lectura":"3 minutos"},"schema":{"@context":"https:\/\/schema.org","@graph":[{"@type":"WebPage","@id":"https:\/\/inzain.bike\/fr\/vattern-runt-gravel-tour\/","url":"https:\/\/inzain.bike\/fr\/vattern-runt-gravel-tour\/","name":"Ruta de grava alrededor del lago V\u00e4ttern - INZAIN Cycling EXPERIENCES","isPartOf":{"@id":"https:\/\/inzain.bike\/fr_be\/#website"},"primaryImageOfPage":{"@id":"https:\/\/inzain.bike\/fr\/vattern-runt-gravel-tour\/#primaryimage"},"image":{"@id":"https:\/\/inzain.bike\/fr\/vattern-runt-gravel-tour\/#primaryimage"},"thumbnailUrl":"https:\/\/inzain.bike\/wp-content\/uploads\/2022\/08\/fully.jpg","datePublished":"2022-10-03T08:12:43+00:00","dateModified":"2023-06-27T21:32:27+00:00","breadcrumb":{"@id":"https:\/\/inzain.bike\/fr\/vattern-runt-gravel-tour\/#breadcrumb"},"inLanguage":"es","potentialAction":[{"@type":"ReadAction","target":["https:\/\/inzain.bike\/fr\/vattern-runt-gravel-tour\/"]}]},{"@type":"ImageObject","inLanguage":"es","@id":"https:\/\/inzain.bike\/fr\/vattern-runt-gravel-tour\/#primaryimage","url":"https:\/\/inzain.bike\/wp-content\/uploads\/2022\/08\/fully.jpg","contentUrl":"https:\/\/inzain.bike\/wp-content\/uploads\/2022\/08\/fully.jpg"},{"@type":"BreadcrumbList","@id":"https:\/\/inzain.bike\/fr\/vattern-runt-gravel-tour\/#breadcrumb","itemListElement":[{"@type":"ListItem","position":1,"name":"Hem","item":"https:\/\/inzain.bike\/fr_be\/"},{"@type":"ListItem","position":2,"name":"Runt V\u00e4ttern Gravel Tour"}]},{"@type":"WebSite","@id":"https:\/\/inzain.bike\/fr_be\/#website","url":"https:\/\/inzain.bike\/fr_be\/","name":"EXPERIENCIAS Ciclismo INZAIN","description":"Aventuras en bicicleta: para todos","publisher":{"@id":"https:\/\/inzain.bike\/fr_be\/#organization"},"alternateName":"INZAIN Gravel & Travel","potentialAction":[{"@type":"SearchAction","target":{"@type":"EntryPoint","urlTemplate":"https:\/\/inzain.bike\/fr_be\/?s={search_term_string}"},"query-input":{"@type":"PropertyValueSpecification","valueRequired":true,"valueName":"search_term_string"}}],"inLanguage":"es"},{"@type":"Organization","@id":"https:\/\/inzain.bike\/fr_be\/#organization","name":"EXPERIENCIAS Ciclismo INZAIN","url":"https:\/\/inzain.bike\/fr_be\/","logo":{"@type":"ImageObject","inLanguage":"es","@id":"https:\/\/inzain.bike\/fr_be\/#\/schema\/logo\/image\/","url":"https:\/\/i0.wp.com\/inzain.bike\/wp-content\/uploads\/2023\/09\/cropped-INZAIN_512x512_white.png?fit=512%2C512&ssl=1","contentUrl":"https:\/\/i0.wp.com\/inzain.bike\/wp-content\/uploads\/2023\/09\/cropped-INZAIN_512x512_white.png?fit=512%2C512&ssl=1","width":512,"height":512,"caption":"INZAIN Cycling EXPERIENCES"},"image":{"@id":"https:\/\/inzain.bike\/fr_be\/#\/schema\/logo\/image\/"},"sameAs":["https:\/\/www.facebook.com\/Inzain.bike","https:\/\/www.instagram.com\/inzainbike"]}]}},"amp_enabled":true,"_links":{"self":[{"href":"https:\/\/inzain.bike\/es\/wp-json\/wp\/v2\/pages\/2019","targetHints":{"allow":["GET"]}}],"collection":[{"href":"https:\/\/inzain.bike\/es\/wp-json\/wp\/v2\/pages"}],"about":[{"href":"https:\/\/inzain.bike\/es\/wp-json\/wp\/v2\/types\/page"}],"author":[{"embeddable":true,"href":"https:\/\/inzain.bike\/es\/wp-json\/wp\/v2\/users\/135133094"}],"replies":[{"embeddable":true,"href":"https:\/\/inzain.bike\/es\/wp-json\/wp\/v2\/comments?post=2019"}],"version-history":[{"count":0,"href":"https:\/\/inzain.bike\/es\/wp-json\/wp\/v2\/pages\/2019\/revisions"}],"wp:attachment":[{"href":"https:\/\/inzain.bike\/es\/wp-json\/wp\/v2\/media?parent=2019"}],"curies":[{"name":"gracias","href":"https:\/\/api.w.org\/{rel}","templated":true}]}}