{"id":291,"date":"2021-04-11T19:09:23","date_gmt":"2021-04-11T17:09:23","guid":{"rendered":"https:\/\/inzain.bike\/?page_id=291"},"modified":"2025-07-26T08:48:22","modified_gmt":"2025-07-26T06:48:22","slug":"kit-att-ha-med-pa-turen","status":"publish","type":"page","link":"https:\/\/inzain.bike\/es\/kit-att-ha-med-pa-turen\/","title":{"rendered":"Kit para llevar contigo de viaje"},"content":{"rendered":"<p>No siempre es tan f\u00e1cil conseguir un avent\u00f3n o un taxi, especialmente si est\u00e1s en el bosque. Puede ser una larga caminata. Siempre funciona, pero tener equipo para hacer frente a errores menores es una buena idea.<\/p>\n\n\n\n<h5 class=\"wp-block-heading\">Es bueno tener contigo:<\/h5>\n\n\n\n<p>Manguera(s), bomba\/Co2, candado de cadena adicional, rompecadenas\/multiherramienta, parches del equipo (kit Park Tool GP-2 y parches de papel de lija adhesivo de Parktool VP-1), orejeta de engranaje adicional, algunas bridas para cables, con ese kit puedes hacer la mayor\u00eda de las cosas. Tambi\u00e9n tengo Gorillatape que envuelvo alrededor del cartucho de CO2. Es bueno tener una lima para neum\u00e1ticos, de modo que si es necesario reparar el agujero del neum\u00e1tico, puede limarla. Tambi\u00e9n tengo una herramienta para poder abrir una cadena que tiene QL, la m\u00eda es parte de un kit m\u00e1s grande, pero hay varias opciones.<\/p>\n\n\n\n<p>Si usas TL (tubeless), puedes complementar con una herramienta para reparar neum\u00e1ticos. En mi experiencia, Stans DART es la mejor opci\u00f3n. Park Tool TB-2C Tire Boot sirve para reparar neum\u00e1ticos. Tambi\u00e9n es recomendable tener un tornillo extra para el pedal SPD, preferiblemente una cala SPD completa, una llave hexagonal de 2,5 mm para el pedal y una Torx para abrir tornillos desgastados. Las c\u00e1maras Tubolito son excelentes; si las usas, recuerda llevar parches de reparaci\u00f3n para Tubolito, ya que los normales no sirven. Un trozo de cadena y dos eslabones r\u00e1pidos pueden solucionar problemas con cadenas rotas. Un ob\u00fas de v\u00e1lvula extra y herramientas para estos, como una herramienta para ob\u00fas de v\u00e1lvula. <\/p>\n\n\n\n<p><\/p>\n\n\n\n<p>L\u00edquido y energ\u00eda de alguna forma, y planifique (al menos) un refrigerio durante el camino. Se divide el recorrido y es muy bonito. Es una buena idea llevar refuerzos, especialmente en primavera y oto\u00f1o o si se escala a mayor altitud (la regla general es que hace aproximadamente 1 grado menos por cada 200 m de altitud). Un gorro m\u00e1s abrigado y una chaqueta impermeable\/cortavientos son dorados si hay aguacero o viento en contra.<\/p>\n\n\n\n<p>Botiqu\u00edn de alguna forma, es bueno tener antihistam\u00ednicos, alvedon e ipren. No ocupa lugar, en Toscana nos metimos en un nido de avispas, puede pasar en cualquier lugar, el antihistam\u00ednico es oro. Los analg\u00e9sicos pueden ayudar a alguien que siente dolor. Es mejor que el botiqu\u00edn est\u00e9 incluido que que sea demasiado grande. Tiritas, vendas, alg\u00fan tipo de antis\u00e9ptico, p.e. puedes recorrer un largo camino con este lienzo.<\/p>\n\n\n\n<p><\/p>","protected":false},"excerpt":{"rendered":"<p>Det \u00e4r inte alltid s\u00e5 l\u00e4tt f\u00e5 tag p\u00e5 skjuts eller taxi, s\u00e4rskilt inte om du \u00e4r ute i skogen. Det kan bli en l\u00e5ng promenad. Det l\u00f6ser sig alltid, men att ha med utrustning f\u00f6r att klara mindre fel \u00e4r en bra ide. Bra att ha med sig: Slang(ar), pump\/Co2, extra kedjel\u00e5s, kedjebrytare\/Multitool, laglappar(Park [&hellip;]<\/p>\n","protected":false},"author":135133094,"featured_media":0,"parent":0,"menu_order":0,"comment_status":"closed","ping_status":"closed","template":"","meta":{"_coblocks_attr":"","_coblocks_dimensions":"","_coblocks_responsive_height":"","_coblocks_accordion_ie_support":"","footnotes":""},"class_list":["post-291","page","type-page","status-publish","hentry"],"yoast_head":"<!-- This site is optimized with the Yoast SEO plugin v27.2 - https:\/\/yoast.com\/product\/yoast-seo-wordpress\/ -->\n<title>Kit att ha med p\u00e5 turen - INZAIN Cycling EXPERIENCES<\/title>\n<meta name=\"robots\" content=\"index, follow, max-snippet:-1, max-image-preview:large, max-video-preview:-1\" \/>\n<link rel=\"canonical\" href=\"https:\/\/inzain.bike\/es\/kit-att-ha-med-pa-turen\/\" \/>\n<meta property=\"og:locale\" content=\"es_ES\" \/>\n<meta property=\"og:type\" content=\"article\" \/>\n<meta property=\"og:title\" content=\"Kit att ha med p\u00e5 turen - INZAIN Cycling EXPERIENCES\" \/>\n<meta property=\"og:description\" content=\"Det \u00e4r inte alltid s\u00e5 l\u00e4tt f\u00e5 tag p\u00e5 skjuts eller taxi, s\u00e4rskilt inte om du \u00e4r ute i skogen. Det kan bli en l\u00e5ng promenad. Det l\u00f6ser sig alltid, men att ha med utrustning f\u00f6r att klara mindre fel \u00e4r en bra ide. Bra att ha med sig: Slang(ar), pump\/Co2, extra kedjel\u00e5s, kedjebrytare\/Multitool, laglappar(Park [&hellip;]\" \/>\n<meta property=\"og:url\" content=\"https:\/\/inzain.bike\/es\/kit-att-ha-med-pa-turen\/\" \/>\n<meta property=\"og:site_name\" content=\"INZAIN Cycling EXPERIENCES\" \/>\n<meta property=\"article:publisher\" content=\"https:\/\/www.facebook.com\/Inzain.bike\" \/>\n<meta property=\"article:modified_time\" content=\"2025-07-26T06:48:22+00:00\" \/>\n<meta name=\"twitter:card\" content=\"summary_large_image\" \/>\n<meta name=\"twitter:label1\" content=\"Tiempo de lectura\" \/>\n\t<meta name=\"twitter:data1\" content=\"2 minutos\" \/>\n<script type=\"application\/ld+json\" class=\"yoast-schema-graph\">{\"@context\":\"https:\/\/schema.org\",\"@graph\":[{\"@type\":\"WebPage\",\"@id\":\"https:\/\/inzain.bike\/sv_se\/kit-att-ha-med-pa-turen\/\",\"url\":\"https:\/\/inzain.bike\/sv_se\/kit-att-ha-med-pa-turen\/\",\"name\":\"Kit att ha med p\u00e5 turen - INZAIN Cycling EXPERIENCES\",\"isPartOf\":{\"@id\":\"https:\/\/inzain.bike\/fr_be\/#website\"},\"datePublished\":\"2021-04-11T17:09:23+00:00\",\"dateModified\":\"2025-07-26T06:48:22+00:00\",\"breadcrumb\":{\"@id\":\"https:\/\/inzain.bike\/sv_se\/kit-att-ha-med-pa-turen\/#breadcrumb\"},\"inLanguage\":\"es\",\"potentialAction\":[{\"@type\":\"ReadAction\",\"target\":[\"https:\/\/inzain.bike\/sv_se\/kit-att-ha-med-pa-turen\/\"]}]},{\"@type\":\"BreadcrumbList\",\"@id\":\"https:\/\/inzain.bike\/sv_se\/kit-att-ha-med-pa-turen\/#breadcrumb\",\"itemListElement\":[{\"@type\":\"ListItem\",\"position\":1,\"name\":\"Hem\",\"item\":\"https:\/\/inzain.bike\/fr_be\/\"},{\"@type\":\"ListItem\",\"position\":2,\"name\":\"Kit att ha med p\u00e5 turen\"}]},{\"@type\":\"WebSite\",\"@id\":\"https:\/\/inzain.bike\/fr_be\/#website\",\"url\":\"https:\/\/inzain.bike\/fr_be\/\",\"name\":\"INZAIN Cycling EXPERIENCES\",\"description\":\"Cyckling Adventures  - for everyone\",\"publisher\":{\"@id\":\"https:\/\/inzain.bike\/fr_be\/#organization\"},\"alternateName\":\"INZAIN Gravel & Travel\",\"potentialAction\":[{\"@type\":\"SearchAction\",\"target\":{\"@type\":\"EntryPoint\",\"urlTemplate\":\"https:\/\/inzain.bike\/fr_be\/?s={search_term_string}\"},\"query-input\":{\"@type\":\"PropertyValueSpecification\",\"valueRequired\":true,\"valueName\":\"search_term_string\"}}],\"inLanguage\":\"es\"},{\"@type\":\"Organization\",\"@id\":\"https:\/\/inzain.bike\/fr_be\/#organization\",\"name\":\"INZAIN Cycling EXPERIENCES\",\"url\":\"https:\/\/inzain.bike\/fr_be\/\",\"logo\":{\"@type\":\"ImageObject\",\"inLanguage\":\"es\",\"@id\":\"https:\/\/inzain.bike\/fr_be\/#\/schema\/logo\/image\/\",\"url\":\"https:\/\/i0.wp.com\/inzain.bike\/wp-content\/uploads\/2023\/09\/cropped-INZAIN_512x512_white.png?fit=512%2C512&ssl=1\",\"contentUrl\":\"https:\/\/i0.wp.com\/inzain.bike\/wp-content\/uploads\/2023\/09\/cropped-INZAIN_512x512_white.png?fit=512%2C512&ssl=1\",\"width\":512,\"height\":512,\"caption\":\"INZAIN Cycling EXPERIENCES\"},\"image\":{\"@id\":\"https:\/\/inzain.bike\/fr_be\/#\/schema\/logo\/image\/\"},\"sameAs\":[\"https:\/\/www.facebook.com\/Inzain.bike\",\"https:\/\/www.instagram.com\/inzainbike\"]}]}<\/script>\n<!-- \/ Yoast SEO plugin. -->","yoast_head_json":{"title":"Kit para llevar en el recorrido - INZAIN Cycling EXPERIENCES","robots":{"index":"index","follow":"follow","max-snippet":"max-snippet:-1","max-image-preview":"max-image-preview:large","max-video-preview":"max-video-preview:-1"},"canonical":"https:\/\/inzain.bike\/es\/kit-att-ha-med-pa-turen\/","og_locale":"es_ES","og_type":"article","og_title":"Kit att ha med p\u00e5 turen - INZAIN Cycling EXPERIENCES","og_description":"Det \u00e4r inte alltid s\u00e5 l\u00e4tt f\u00e5 tag p\u00e5 skjuts eller taxi, s\u00e4rskilt inte om du \u00e4r ute i skogen. Det kan bli en l\u00e5ng promenad. Det l\u00f6ser sig alltid, men att ha med utrustning f\u00f6r att klara mindre fel \u00e4r en bra ide. Bra att ha med sig: Slang(ar), pump\/Co2, extra kedjel\u00e5s, kedjebrytare\/Multitool, laglappar(Park [&hellip;]","og_url":"https:\/\/inzain.bike\/es\/kit-att-ha-med-pa-turen\/","og_site_name":"INZAIN Cycling EXPERIENCES","article_publisher":"https:\/\/www.facebook.com\/Inzain.bike","article_modified_time":"2025-07-26T06:48:22+00:00","twitter_card":"summary_large_image","twitter_misc":{"Tiempo de lectura":"2 minutos"},"schema":{"@context":"https:\/\/schema.org","@graph":[{"@type":"WebPage","@id":"https:\/\/inzain.bike\/sv_se\/kit-att-ha-med-pa-turen\/","url":"https:\/\/inzain.bike\/sv_se\/kit-att-ha-med-pa-turen\/","name":"Kit para llevar en el recorrido - INZAIN Cycling EXPERIENCES","isPartOf":{"@id":"https:\/\/inzain.bike\/fr_be\/#website"},"datePublished":"2021-04-11T17:09:23+00:00","dateModified":"2025-07-26T06:48:22+00:00","breadcrumb":{"@id":"https:\/\/inzain.bike\/sv_se\/kit-att-ha-med-pa-turen\/#breadcrumb"},"inLanguage":"es","potentialAction":[{"@type":"ReadAction","target":["https:\/\/inzain.bike\/sv_se\/kit-att-ha-med-pa-turen\/"]}]},{"@type":"BreadcrumbList","@id":"https:\/\/inzain.bike\/sv_se\/kit-att-ha-med-pa-turen\/#breadcrumb","itemListElement":[{"@type":"ListItem","position":1,"name":"Hem","item":"https:\/\/inzain.bike\/fr_be\/"},{"@type":"ListItem","position":2,"name":"Kit att ha med p\u00e5 turen"}]},{"@type":"WebSite","@id":"https:\/\/inzain.bike\/fr_be\/#website","url":"https:\/\/inzain.bike\/fr_be\/","name":"EXPERIENCIAS Ciclismo INZAIN","description":"Aventuras en bicicleta: para todos","publisher":{"@id":"https:\/\/inzain.bike\/fr_be\/#organization"},"alternateName":"INZAIN Gravel & Travel","potentialAction":[{"@type":"SearchAction","target":{"@type":"EntryPoint","urlTemplate":"https:\/\/inzain.bike\/fr_be\/?s={search_term_string}"},"query-input":{"@type":"PropertyValueSpecification","valueRequired":true,"valueName":"search_term_string"}}],"inLanguage":"es"},{"@type":"Organization","@id":"https:\/\/inzain.bike\/fr_be\/#organization","name":"EXPERIENCIAS Ciclismo INZAIN","url":"https:\/\/inzain.bike\/fr_be\/","logo":{"@type":"ImageObject","inLanguage":"es","@id":"https:\/\/inzain.bike\/fr_be\/#\/schema\/logo\/image\/","url":"https:\/\/i0.wp.com\/inzain.bike\/wp-content\/uploads\/2023\/09\/cropped-INZAIN_512x512_white.png?fit=512%2C512&ssl=1","contentUrl":"https:\/\/i0.wp.com\/inzain.bike\/wp-content\/uploads\/2023\/09\/cropped-INZAIN_512x512_white.png?fit=512%2C512&ssl=1","width":512,"height":512,"caption":"INZAIN Cycling EXPERIENCES"},"image":{"@id":"https:\/\/inzain.bike\/fr_be\/#\/schema\/logo\/image\/"},"sameAs":["https:\/\/www.facebook.com\/Inzain.bike","https:\/\/www.instagram.com\/inzainbike"]}]}},"amp_enabled":true,"_links":{"self":[{"href":"https:\/\/inzain.bike\/es\/wp-json\/wp\/v2\/pages\/291","targetHints":{"allow":["GET"]}}],"collection":[{"href":"https:\/\/inzain.bike\/es\/wp-json\/wp\/v2\/pages"}],"about":[{"href":"https:\/\/inzain.bike\/es\/wp-json\/wp\/v2\/types\/page"}],"author":[{"embeddable":true,"href":"https:\/\/inzain.bike\/es\/wp-json\/wp\/v2\/users\/135133094"}],"replies":[{"embeddable":true,"href":"https:\/\/inzain.bike\/es\/wp-json\/wp\/v2\/comments?post=291"}],"version-history":[{"count":1,"href":"https:\/\/inzain.bike\/es\/wp-json\/wp\/v2\/pages\/291\/revisions"}],"predecessor-version":[{"id":8293,"href":"https:\/\/inzain.bike\/es\/wp-json\/wp\/v2\/pages\/291\/revisions\/8293"}],"wp:attachment":[{"href":"https:\/\/inzain.bike\/es\/wp-json\/wp\/v2\/media?parent=291"}],"curies":[{"name":"gracias","href":"https:\/\/api.w.org\/{rel}","templated":true}]}}