{"id":3315,"date":"2023-09-19T13:38:11","date_gmt":"2023-09-19T11:38:11","guid":{"rendered":"https:\/\/inzain.bike\/?page_id=3315"},"modified":"2023-09-19T13:38:11","modified_gmt":"2023-09-19T11:38:11","slug":"kanarieoarna-gravel-camp","status":"publish","type":"page","link":"https:\/\/inzain.bike\/es\/kanarieoarna-gravel-camp\/","title":{"rendered":"Campamento Gravel Islas Canarias"},"content":{"rendered":"<figure class=\"wp-block-image size-large\"><img loading=\"lazy\" decoding=\"async\" width=\"1024\" height=\"768\" src=\"https:\/\/inzain.bike\/wp-content\/uploads\/2022\/02\/20220220_115636-1-1024x768.jpg\" alt=\"\" class=\"wp-image-1551\" srcset=\"https:\/\/inzain.bike\/wp-content\/uploads\/2022\/02\/20220220_115636-1-1024x768.jpg 1024w, https:\/\/inzain.bike\/wp-content\/uploads\/2022\/02\/20220220_115636-1-300x225.jpg 300w, https:\/\/inzain.bike\/wp-content\/uploads\/2022\/02\/20220220_115636-1-768x576.jpg 768w, https:\/\/inzain.bike\/wp-content\/uploads\/2022\/02\/20220220_115636-1-1536x1152.jpg 1536w, https:\/\/inzain.bike\/wp-content\/uploads\/2022\/02\/20220220_115636-1-2048x1536.jpg 2048w, https:\/\/inzain.bike\/wp-content\/uploads\/2022\/02\/20220220_115636-1-16x12.jpg 16w, https:\/\/inzain.bike\/wp-content\/uploads\/2022\/02\/20220220_115636-1-1320x990.jpg 1320w, https:\/\/inzain.bike\/wp-content\/uploads\/2022\/02\/20220220_115636-1-600x450.jpg 600w\" sizes=\"auto, (max-width: 1024px) 100vw, 1024px\" \/><\/figure>\n\n\n\n<p><strong>Cuando<\/strong>: Viaje 1 20\/1 \u2013 27\/1 Viaje 2 27\/1 \u2013 3\/2<br><strong>Otorgar<\/strong>: Por determinar<br><strong>D\u00f3nde<\/strong>: Islas Canarias<br><strong>C\u00f3mo<\/strong>: Gravel Camp en carreteras incre\u00edbles<br><strong>Hotel<\/strong>: Por determinar<br><strong>Comer<\/strong>: Por determinar<br><strong>Viaje<\/strong>: Reserva el tuyo o elige nuestro paquete con vuelo y traslado<\/p>","protected":false},"excerpt":{"rendered":"<p>Cu\u00e1ndo: Viaje 1 20\/1 \u2013 27\/1 Viaje 2 27\/1 \u2013 3\/2 Precio: Por determinar Lugares: Islas Canarias C\u00f3mo: Gravel Camp en carreteras fant\u00e1sticas Hotel: Por determinar Comer: Por determinar Viaje: Reserva el tuyo o elige nuestro paquete con vuelos y traslados<\/p>","protected":false},"author":135133094,"featured_media":0,"parent":0,"menu_order":0,"comment_status":"closed","ping_status":"closed","template":"","meta":{"_coblocks_attr":"","_coblocks_dimensions":"","_coblocks_responsive_height":"","_coblocks_accordion_ie_support":"","footnotes":""},"class_list":["post-3315","page","type-page","status-publish","hentry"],"yoast_head":"<!-- This site is optimized with the Yoast SEO plugin v27.2 - https:\/\/yoast.com\/product\/yoast-seo-wordpress\/ -->\n<title>Kanarie\u00f6arna Gravel Camp - INZAIN Cycling EXPERIENCES<\/title>\n<meta name=\"robots\" content=\"index, follow, max-snippet:-1, max-image-preview:large, max-video-preview:-1\" \/>\n<link rel=\"canonical\" href=\"https:\/\/inzain.bike\/es\/kanarieoarna-gravel-camp\/\" \/>\n<meta property=\"og:locale\" content=\"es_ES\" \/>\n<meta property=\"og:type\" content=\"article\" \/>\n<meta property=\"og:title\" content=\"Kanarie\u00f6arna Gravel Camp - INZAIN Cycling EXPERIENCES\" \/>\n<meta property=\"og:description\" content=\"N\u00e4r: Resa 1 20\/1 &#8211; 27\/1 Resa 2 27\/1 &#8211; 3\/2Pris: TBAVar: Kanarie\u00f6arnaHur: Gravel Camp p\u00e5 fantastiska v\u00e4garHotell: TBA\u00c4ta: TBAResa: Boka eget eller v\u00e4lj v\u00e5rt paket med flyg och transfer\" \/>\n<meta property=\"og:url\" content=\"https:\/\/inzain.bike\/es\/kanarieoarna-gravel-camp\/\" \/>\n<meta property=\"og:site_name\" content=\"INZAIN Cycling EXPERIENCES\" \/>\n<meta property=\"article:publisher\" content=\"https:\/\/www.facebook.com\/Inzain.bike\" \/>\n<meta property=\"og:image\" content=\"https:\/\/inzain.bike\/wp-content\/uploads\/2022\/02\/20220220_115636-1-1024x768.jpg\" \/>\n<meta name=\"twitter:card\" content=\"summary_large_image\" \/>\n<script type=\"application\/ld+json\" class=\"yoast-schema-graph\">{\"@context\":\"https:\/\/schema.org\",\"@graph\":[{\"@type\":\"WebPage\",\"@id\":\"https:\/\/inzain.bike\/sv_se\/kanarieoarna-gravel-camp\/\",\"url\":\"https:\/\/inzain.bike\/sv_se\/kanarieoarna-gravel-camp\/\",\"name\":\"Kanarie\u00f6arna Gravel Camp - INZAIN Cycling EXPERIENCES\",\"isPartOf\":{\"@id\":\"https:\/\/inzain.bike\/fr_be\/#website\"},\"primaryImageOfPage\":{\"@id\":\"https:\/\/inzain.bike\/sv_se\/kanarieoarna-gravel-camp\/#primaryimage\"},\"image\":{\"@id\":\"https:\/\/inzain.bike\/sv_se\/kanarieoarna-gravel-camp\/#primaryimage\"},\"thumbnailUrl\":\"https:\/\/inzain.bike\/wp-content\/uploads\/2022\/02\/20220220_115636-1-1024x768.jpg\",\"datePublished\":\"2023-09-19T11:38:11+00:00\",\"breadcrumb\":{\"@id\":\"https:\/\/inzain.bike\/sv_se\/kanarieoarna-gravel-camp\/#breadcrumb\"},\"inLanguage\":\"es\",\"potentialAction\":[{\"@type\":\"ReadAction\",\"target\":[\"https:\/\/inzain.bike\/sv_se\/kanarieoarna-gravel-camp\/\"]}]},{\"@type\":\"ImageObject\",\"inLanguage\":\"es\",\"@id\":\"https:\/\/inzain.bike\/sv_se\/kanarieoarna-gravel-camp\/#primaryimage\",\"url\":\"https:\/\/inzain.bike\/wp-content\/uploads\/2022\/02\/20220220_115636-1-1024x768.jpg\",\"contentUrl\":\"https:\/\/inzain.bike\/wp-content\/uploads\/2022\/02\/20220220_115636-1-1024x768.jpg\"},{\"@type\":\"BreadcrumbList\",\"@id\":\"https:\/\/inzain.bike\/sv_se\/kanarieoarna-gravel-camp\/#breadcrumb\",\"itemListElement\":[{\"@type\":\"ListItem\",\"position\":1,\"name\":\"Hem\",\"item\":\"https:\/\/inzain.bike\/fr_be\/\"},{\"@type\":\"ListItem\",\"position\":2,\"name\":\"Kanarie\u00f6arna Gravel Camp\"}]},{\"@type\":\"WebSite\",\"@id\":\"https:\/\/inzain.bike\/fr_be\/#website\",\"url\":\"https:\/\/inzain.bike\/fr_be\/\",\"name\":\"INZAIN Cycling EXPERIENCES\",\"description\":\"Cyckling Adventures  - for everyone\",\"publisher\":{\"@id\":\"https:\/\/inzain.bike\/fr_be\/#organization\"},\"alternateName\":\"INZAIN Gravel & Travel\",\"potentialAction\":[{\"@type\":\"SearchAction\",\"target\":{\"@type\":\"EntryPoint\",\"urlTemplate\":\"https:\/\/inzain.bike\/fr_be\/?s={search_term_string}\"},\"query-input\":{\"@type\":\"PropertyValueSpecification\",\"valueRequired\":true,\"valueName\":\"search_term_string\"}}],\"inLanguage\":\"es\"},{\"@type\":\"Organization\",\"@id\":\"https:\/\/inzain.bike\/fr_be\/#organization\",\"name\":\"INZAIN Cycling EXPERIENCES\",\"url\":\"https:\/\/inzain.bike\/fr_be\/\",\"logo\":{\"@type\":\"ImageObject\",\"inLanguage\":\"es\",\"@id\":\"https:\/\/inzain.bike\/fr_be\/#\/schema\/logo\/image\/\",\"url\":\"https:\/\/i0.wp.com\/inzain.bike\/wp-content\/uploads\/2023\/09\/cropped-INZAIN_512x512_white.png?fit=512%2C512&ssl=1\",\"contentUrl\":\"https:\/\/i0.wp.com\/inzain.bike\/wp-content\/uploads\/2023\/09\/cropped-INZAIN_512x512_white.png?fit=512%2C512&ssl=1\",\"width\":512,\"height\":512,\"caption\":\"INZAIN Cycling EXPERIENCES\"},\"image\":{\"@id\":\"https:\/\/inzain.bike\/fr_be\/#\/schema\/logo\/image\/\"},\"sameAs\":[\"https:\/\/www.facebook.com\/Inzain.bike\",\"https:\/\/www.instagram.com\/inzainbike\"]}]}<\/script>\n<!-- \/ Yoast SEO plugin. -->","yoast_head_json":{"title":"Campamento de Gravel en Canarias - EXPERIENCIAS Ciclista INZAIN","robots":{"index":"index","follow":"follow","max-snippet":"max-snippet:-1","max-image-preview":"max-image-preview:large","max-video-preview":"max-video-preview:-1"},"canonical":"https:\/\/inzain.bike\/es\/kanarieoarna-gravel-camp\/","og_locale":"es_ES","og_type":"article","og_title":"Kanarie\u00f6arna Gravel Camp - INZAIN Cycling EXPERIENCES","og_description":"N\u00e4r: Resa 1 20\/1 &#8211; 27\/1 Resa 2 27\/1 &#8211; 3\/2Pris: TBAVar: Kanarie\u00f6arnaHur: Gravel Camp p\u00e5 fantastiska v\u00e4garHotell: TBA\u00c4ta: TBAResa: Boka eget eller v\u00e4lj v\u00e5rt paket med flyg och transfer","og_url":"https:\/\/inzain.bike\/es\/kanarieoarna-gravel-camp\/","og_site_name":"INZAIN Cycling EXPERIENCES","article_publisher":"https:\/\/www.facebook.com\/Inzain.bike","og_image":[{"url":"https:\/\/inzain.bike\/wp-content\/uploads\/2022\/02\/20220220_115636-1-1024x768.jpg","type":"","width":"","height":""}],"twitter_card":"summary_large_image","schema":{"@context":"https:\/\/schema.org","@graph":[{"@type":"WebPage","@id":"https:\/\/inzain.bike\/sv_se\/kanarieoarna-gravel-camp\/","url":"https:\/\/inzain.bike\/sv_se\/kanarieoarna-gravel-camp\/","name":"Campamento de Gravel en Canarias - EXPERIENCIAS Ciclista INZAIN","isPartOf":{"@id":"https:\/\/inzain.bike\/fr_be\/#website"},"primaryImageOfPage":{"@id":"https:\/\/inzain.bike\/sv_se\/kanarieoarna-gravel-camp\/#primaryimage"},"image":{"@id":"https:\/\/inzain.bike\/sv_se\/kanarieoarna-gravel-camp\/#primaryimage"},"thumbnailUrl":"https:\/\/inzain.bike\/wp-content\/uploads\/2022\/02\/20220220_115636-1-1024x768.jpg","datePublished":"2023-09-19T11:38:11+00:00","breadcrumb":{"@id":"https:\/\/inzain.bike\/sv_se\/kanarieoarna-gravel-camp\/#breadcrumb"},"inLanguage":"es","potentialAction":[{"@type":"ReadAction","target":["https:\/\/inzain.bike\/sv_se\/kanarieoarna-gravel-camp\/"]}]},{"@type":"ImageObject","inLanguage":"es","@id":"https:\/\/inzain.bike\/sv_se\/kanarieoarna-gravel-camp\/#primaryimage","url":"https:\/\/inzain.bike\/wp-content\/uploads\/2022\/02\/20220220_115636-1-1024x768.jpg","contentUrl":"https:\/\/inzain.bike\/wp-content\/uploads\/2022\/02\/20220220_115636-1-1024x768.jpg"},{"@type":"BreadcrumbList","@id":"https:\/\/inzain.bike\/sv_se\/kanarieoarna-gravel-camp\/#breadcrumb","itemListElement":[{"@type":"ListItem","position":1,"name":"Hem","item":"https:\/\/inzain.bike\/fr_be\/"},{"@type":"ListItem","position":2,"name":"Kanarie\u00f6arna Gravel Camp"}]},{"@type":"WebSite","@id":"https:\/\/inzain.bike\/fr_be\/#website","url":"https:\/\/inzain.bike\/fr_be\/","name":"EXPERIENCIAS Ciclismo INZAIN","description":"Aventuras en bicicleta: para todos","publisher":{"@id":"https:\/\/inzain.bike\/fr_be\/#organization"},"alternateName":"INZAIN Gravel & Travel","potentialAction":[{"@type":"SearchAction","target":{"@type":"EntryPoint","urlTemplate":"https:\/\/inzain.bike\/fr_be\/?s={search_term_string}"},"query-input":{"@type":"PropertyValueSpecification","valueRequired":true,"valueName":"search_term_string"}}],"inLanguage":"es"},{"@type":"Organization","@id":"https:\/\/inzain.bike\/fr_be\/#organization","name":"EXPERIENCIAS Ciclismo INZAIN","url":"https:\/\/inzain.bike\/fr_be\/","logo":{"@type":"ImageObject","inLanguage":"es","@id":"https:\/\/inzain.bike\/fr_be\/#\/schema\/logo\/image\/","url":"https:\/\/i0.wp.com\/inzain.bike\/wp-content\/uploads\/2023\/09\/cropped-INZAIN_512x512_white.png?fit=512%2C512&ssl=1","contentUrl":"https:\/\/i0.wp.com\/inzain.bike\/wp-content\/uploads\/2023\/09\/cropped-INZAIN_512x512_white.png?fit=512%2C512&ssl=1","width":512,"height":512,"caption":"INZAIN Cycling EXPERIENCES"},"image":{"@id":"https:\/\/inzain.bike\/fr_be\/#\/schema\/logo\/image\/"},"sameAs":["https:\/\/www.facebook.com\/Inzain.bike","https:\/\/www.instagram.com\/inzainbike"]}]}},"amp_enabled":true,"_links":{"self":[{"href":"https:\/\/inzain.bike\/es\/wp-json\/wp\/v2\/pages\/3315","targetHints":{"allow":["GET"]}}],"collection":[{"href":"https:\/\/inzain.bike\/es\/wp-json\/wp\/v2\/pages"}],"about":[{"href":"https:\/\/inzain.bike\/es\/wp-json\/wp\/v2\/types\/page"}],"author":[{"embeddable":true,"href":"https:\/\/inzain.bike\/es\/wp-json\/wp\/v2\/users\/135133094"}],"replies":[{"embeddable":true,"href":"https:\/\/inzain.bike\/es\/wp-json\/wp\/v2\/comments?post=3315"}],"version-history":[{"count":0,"href":"https:\/\/inzain.bike\/es\/wp-json\/wp\/v2\/pages\/3315\/revisions"}],"wp:attachment":[{"href":"https:\/\/inzain.bike\/es\/wp-json\/wp\/v2\/media?parent=3315"}],"curies":[{"name":"gracias","href":"https:\/\/api.w.org\/{rel}","templated":true}]}}