{"id":4766,"date":"2023-11-21T18:57:49","date_gmt":"2023-11-21T17:57:49","guid":{"rendered":"https:\/\/inzain.bike\/?page_id=4766"},"modified":"2023-11-26T21:27:52","modified_gmt":"2023-11-26T20:27:52","slug":"bas24-baskien","status":"publish","type":"page","link":"https:\/\/inzain.bike\/es\/bas24-baskien\/","title":{"rendered":"Sobre el Pa\u00eds Vasco"},"content":{"rendered":"<div class=\"wp-block-columns alignwide is-layout-flex wp-container-core-columns-is-layout-28f84493 wp-block-columns-is-layout-flex\">\n<div class=\"wp-block-column is-layout-flow wp-block-column-is-layout-flow\">\n<figure class=\"wp-block-image size-large\"><img loading=\"lazy\" decoding=\"async\" width=\"1024\" height=\"683\" src=\"https:\/\/inzain.bike\/wp-content\/uploads\/2023\/11\/pexels-enrique-19119892-1024x683.jpg\" alt=\"\" class=\"wp-image-6297\" srcset=\"https:\/\/inzain.bike\/wp-content\/uploads\/2023\/11\/pexels-enrique-19119892-1024x683.jpg 1024w, https:\/\/inzain.bike\/wp-content\/uploads\/2023\/11\/pexels-enrique-19119892-300x200.jpg 300w, https:\/\/inzain.bike\/wp-content\/uploads\/2023\/11\/pexels-enrique-19119892-768x512.jpg 768w, https:\/\/inzain.bike\/wp-content\/uploads\/2023\/11\/pexels-enrique-19119892-1536x1024.jpg 1536w, https:\/\/inzain.bike\/wp-content\/uploads\/2023\/11\/pexels-enrique-19119892-2048x1365.jpg 2048w, https:\/\/inzain.bike\/wp-content\/uploads\/2023\/11\/pexels-enrique-19119892-18x12.jpg 18w, https:\/\/inzain.bike\/wp-content\/uploads\/2023\/11\/pexels-enrique-19119892-1320x880.jpg 1320w, https:\/\/inzain.bike\/wp-content\/uploads\/2023\/11\/pexels-enrique-19119892-600x400.jpg 600w\" sizes=\"auto, (max-width: 1024px) 100vw, 1024px\" \/><\/figure>\n<\/div>\n\n\n\n<div class=\"wp-block-column is-layout-flow wp-block-column-is-layout-flow\">\n<p>El Pa\u00eds Vasco es quiz\u00e1s mejor conocido por su cultura gastron\u00f3mica y sus tapas\/pintxos. Pero la provincia es tambi\u00e9n la m\u00e1s pr\u00f3spera de Espa\u00f1a en muchos sentidos. Y tiene una cultura incre\u00edblemente fascinante. Probablemente a nadie se le ha escapado lo patri\u00f3ticos que son los vascos, y esto con \u00e9xito. Algo de lo que atestiguan los dos clubes de f\u00fatbol Sociedad y Athletic. Para jugar all\u00ed no s\u00f3lo se requiere ser bueno en el f\u00fatbol. Tambi\u00e9n debes haber nacido en el Pa\u00eds Vasco de padres vascos. El Pa\u00eds Vasco y los vascos han estado muchas veces al borde de la extinci\u00f3n pero siempre logran sobrevivir y mantener su cultura. Y su lengua propia y \u00fanica puede ser una de las m\u00e1s antiguas del mundo.<\/p>\n<\/div>\n<\/div>\n\n\n\n<div class=\"wp-block-columns alignwide is-layout-flex wp-container-core-columns-is-layout-28f84493 wp-block-columns-is-layout-flex\">\n<div class=\"wp-block-column is-layout-flow wp-block-column-is-layout-flow\">\n<p>Cuenta la leyenda que los vikingos conquistaron Bayona en el a\u00f1o 844 y gobernaron all\u00ed durante m\u00e1s de 100 a\u00f1os. Tambi\u00e9n hay leyendas que aseguran que vikingos y vascos se llevaban muy bien. Bla. Entonces ambos eran muy buenos constructores de barcos. Y se dice que los vikingos ayudaron a los vascos contra, entre otros, los moros. Tambi\u00e9n se dice que los vikingos se aficionaron a las tradiciones y &quot;deportes&quot; de los vascos de aquella \u00e9poca. Como levantar una piedra grande hacia arriba, talar un \u00e1rbol en el menor tiempo, etc. <\/p>\n<\/div>\n\n\n\n<div class=\"wp-block-column is-layout-flow wp-block-column-is-layout-flow\">\n<figure class=\"wp-block-image size-large\"><img loading=\"lazy\" decoding=\"async\" width=\"1024\" height=\"681\" src=\"https:\/\/inzain.bike\/wp-content\/uploads\/2023\/11\/pexels-barnabas-davoti-8876097-1024x681.jpg\" alt=\"\" class=\"wp-image-6298\" srcset=\"https:\/\/inzain.bike\/wp-content\/uploads\/2023\/11\/pexels-barnabas-davoti-8876097-1024x681.jpg 1024w, https:\/\/inzain.bike\/wp-content\/uploads\/2023\/11\/pexels-barnabas-davoti-8876097-300x200.jpg 300w, https:\/\/inzain.bike\/wp-content\/uploads\/2023\/11\/pexels-barnabas-davoti-8876097-768x511.jpg 768w, https:\/\/inzain.bike\/wp-content\/uploads\/2023\/11\/pexels-barnabas-davoti-8876097-1536x1022.jpg 1536w, https:\/\/inzain.bike\/wp-content\/uploads\/2023\/11\/pexels-barnabas-davoti-8876097-2048x1363.jpg 2048w, https:\/\/inzain.bike\/wp-content\/uploads\/2023\/11\/pexels-barnabas-davoti-8876097-18x12.jpg 18w, https:\/\/inzain.bike\/wp-content\/uploads\/2023\/11\/pexels-barnabas-davoti-8876097-1320x878.jpg 1320w, https:\/\/inzain.bike\/wp-content\/uploads\/2023\/11\/pexels-barnabas-davoti-8876097-600x399.jpg 600w\" sizes=\"auto, (max-width: 1024px) 100vw, 1024px\" \/><\/figure>\n<\/div>\n<\/div>","protected":false},"excerpt":{"rendered":"<p>Baskien \u00e4r kanske mest k\u00e4nt f\u00f6r sin matkultur och sina tapas \/ pintxos. Men provinsen \u00e4r \u00e4ven Spaniens mest v\u00e4lm\u00e5ende p\u00e5 m\u00e5nga s\u00e4tt. Och har en otroligt fascinerande kultur. Ingen har v\u00e4l heller missat hur patriotiska Baskerna \u00e4r och detta med framg\u00e5ng. N\u00e5got som de b\u00e5da fotbollsklubbarna Sociedad och Athletic vittnar om. F\u00f6r att f\u00e5 [&hellip;]<\/p>\n","protected":false},"author":135133094,"featured_media":0,"parent":0,"menu_order":0,"comment_status":"closed","ping_status":"closed","template":"","meta":{"_coblocks_attr":"","_coblocks_dimensions":"","_coblocks_responsive_height":"","_coblocks_accordion_ie_support":"","footnotes":""},"class_list":["post-4766","page","type-page","status-publish","hentry"],"yoast_head":"<!-- This site is optimized with the Yoast SEO plugin v27.2 - https:\/\/yoast.com\/product\/yoast-seo-wordpress\/ -->\n<title>Om Baskien - INZAIN Cycling EXPERIENCES<\/title>\n<meta name=\"robots\" content=\"index, follow, max-snippet:-1, max-image-preview:large, max-video-preview:-1\" \/>\n<link rel=\"canonical\" href=\"https:\/\/inzain.bike\/es\/bas24-baskien\/\" \/>\n<meta property=\"og:locale\" content=\"es_ES\" \/>\n<meta property=\"og:type\" content=\"article\" \/>\n<meta property=\"og:title\" content=\"Om Baskien - INZAIN Cycling EXPERIENCES\" \/>\n<meta property=\"og:description\" content=\"Baskien \u00e4r kanske mest k\u00e4nt f\u00f6r sin matkultur och sina tapas \/ pintxos. Men provinsen \u00e4r \u00e4ven Spaniens mest v\u00e4lm\u00e5ende p\u00e5 m\u00e5nga s\u00e4tt. Och har en otroligt fascinerande kultur. Ingen har v\u00e4l heller missat hur patriotiska Baskerna \u00e4r och detta med framg\u00e5ng. N\u00e5got som de b\u00e5da fotbollsklubbarna Sociedad och Athletic vittnar om. F\u00f6r att f\u00e5 [&hellip;]\" \/>\n<meta property=\"og:url\" content=\"https:\/\/inzain.bike\/es\/bas24-baskien\/\" \/>\n<meta property=\"og:site_name\" content=\"INZAIN Cycling EXPERIENCES\" \/>\n<meta property=\"article:publisher\" content=\"https:\/\/www.facebook.com\/Inzain.bike\" \/>\n<meta property=\"article:modified_time\" content=\"2023-11-26T20:27:52+00:00\" \/>\n<meta property=\"og:image\" content=\"https:\/\/inzain.bike\/wp-content\/uploads\/2023\/11\/pexels-enrique-19119892-1024x683.jpg\" \/>\n<meta name=\"twitter:card\" content=\"summary_large_image\" \/>\n<meta name=\"twitter:label1\" content=\"Tiempo de lectura\" \/>\n\t<meta name=\"twitter:data1\" content=\"2 minutos\" \/>\n<script type=\"application\/ld+json\" class=\"yoast-schema-graph\">{\"@context\":\"https:\/\/schema.org\",\"@graph\":[{\"@type\":\"WebPage\",\"@id\":\"https:\/\/inzain.bike\/sv_se\/bas24-baskien\/\",\"url\":\"https:\/\/inzain.bike\/sv_se\/bas24-baskien\/\",\"name\":\"Om Baskien - INZAIN Cycling EXPERIENCES\",\"isPartOf\":{\"@id\":\"https:\/\/inzain.bike\/fr_be\/#website\"},\"primaryImageOfPage\":{\"@id\":\"https:\/\/inzain.bike\/sv_se\/bas24-baskien\/#primaryimage\"},\"image\":{\"@id\":\"https:\/\/inzain.bike\/sv_se\/bas24-baskien\/#primaryimage\"},\"thumbnailUrl\":\"https:\/\/inzain.bike\/wp-content\/uploads\/2023\/11\/pexels-enrique-19119892-1024x683.jpg\",\"datePublished\":\"2023-11-21T17:57:49+00:00\",\"dateModified\":\"2023-11-26T20:27:52+00:00\",\"breadcrumb\":{\"@id\":\"https:\/\/inzain.bike\/sv_se\/bas24-baskien\/#breadcrumb\"},\"inLanguage\":\"es\",\"potentialAction\":[{\"@type\":\"ReadAction\",\"target\":[\"https:\/\/inzain.bike\/sv_se\/bas24-baskien\/\"]}]},{\"@type\":\"ImageObject\",\"inLanguage\":\"es\",\"@id\":\"https:\/\/inzain.bike\/sv_se\/bas24-baskien\/#primaryimage\",\"url\":\"https:\/\/inzain.bike\/wp-content\/uploads\/2023\/11\/pexels-enrique-19119892-1024x683.jpg\",\"contentUrl\":\"https:\/\/inzain.bike\/wp-content\/uploads\/2023\/11\/pexels-enrique-19119892-1024x683.jpg\"},{\"@type\":\"BreadcrumbList\",\"@id\":\"https:\/\/inzain.bike\/sv_se\/bas24-baskien\/#breadcrumb\",\"itemListElement\":[{\"@type\":\"ListItem\",\"position\":1,\"name\":\"Hem\",\"item\":\"https:\/\/inzain.bike\/fr_be\/\"},{\"@type\":\"ListItem\",\"position\":2,\"name\":\"Om Baskien\"}]},{\"@type\":\"WebSite\",\"@id\":\"https:\/\/inzain.bike\/fr_be\/#website\",\"url\":\"https:\/\/inzain.bike\/fr_be\/\",\"name\":\"INZAIN Cycling EXPERIENCES\",\"description\":\"Cyckling Adventures  - for everyone\",\"publisher\":{\"@id\":\"https:\/\/inzain.bike\/fr_be\/#organization\"},\"alternateName\":\"INZAIN Gravel & Travel\",\"potentialAction\":[{\"@type\":\"SearchAction\",\"target\":{\"@type\":\"EntryPoint\",\"urlTemplate\":\"https:\/\/inzain.bike\/fr_be\/?s={search_term_string}\"},\"query-input\":{\"@type\":\"PropertyValueSpecification\",\"valueRequired\":true,\"valueName\":\"search_term_string\"}}],\"inLanguage\":\"es\"},{\"@type\":\"Organization\",\"@id\":\"https:\/\/inzain.bike\/fr_be\/#organization\",\"name\":\"INZAIN Cycling EXPERIENCES\",\"url\":\"https:\/\/inzain.bike\/fr_be\/\",\"logo\":{\"@type\":\"ImageObject\",\"inLanguage\":\"es\",\"@id\":\"https:\/\/inzain.bike\/fr_be\/#\/schema\/logo\/image\/\",\"url\":\"https:\/\/i0.wp.com\/inzain.bike\/wp-content\/uploads\/2023\/09\/cropped-INZAIN_512x512_white.png?fit=512%2C512&ssl=1\",\"contentUrl\":\"https:\/\/i0.wp.com\/inzain.bike\/wp-content\/uploads\/2023\/09\/cropped-INZAIN_512x512_white.png?fit=512%2C512&ssl=1\",\"width\":512,\"height\":512,\"caption\":\"INZAIN Cycling EXPERIENCES\"},\"image\":{\"@id\":\"https:\/\/inzain.bike\/fr_be\/#\/schema\/logo\/image\/\"},\"sameAs\":[\"https:\/\/www.facebook.com\/Inzain.bike\",\"https:\/\/www.instagram.com\/inzainbike\"]}]}<\/script>\n<!-- \/ Yoast SEO plugin. -->","yoast_head_json":{"title":"Sobre el Pa\u00eds Vasco - INZAIN Cycling EXPERIENCES","robots":{"index":"index","follow":"follow","max-snippet":"max-snippet:-1","max-image-preview":"max-image-preview:large","max-video-preview":"max-video-preview:-1"},"canonical":"https:\/\/inzain.bike\/es\/bas24-baskien\/","og_locale":"es_ES","og_type":"article","og_title":"Om Baskien - INZAIN Cycling EXPERIENCES","og_description":"Baskien \u00e4r kanske mest k\u00e4nt f\u00f6r sin matkultur och sina tapas \/ pintxos. Men provinsen \u00e4r \u00e4ven Spaniens mest v\u00e4lm\u00e5ende p\u00e5 m\u00e5nga s\u00e4tt. Och har en otroligt fascinerande kultur. Ingen har v\u00e4l heller missat hur patriotiska Baskerna \u00e4r och detta med framg\u00e5ng. N\u00e5got som de b\u00e5da fotbollsklubbarna Sociedad och Athletic vittnar om. F\u00f6r att f\u00e5 [&hellip;]","og_url":"https:\/\/inzain.bike\/es\/bas24-baskien\/","og_site_name":"INZAIN Cycling EXPERIENCES","article_publisher":"https:\/\/www.facebook.com\/Inzain.bike","article_modified_time":"2023-11-26T20:27:52+00:00","og_image":[{"url":"https:\/\/inzain.bike\/wp-content\/uploads\/2023\/11\/pexels-enrique-19119892-1024x683.jpg","type":"","width":"","height":""}],"twitter_card":"summary_large_image","twitter_misc":{"Tiempo de lectura":"2 minutos"},"schema":{"@context":"https:\/\/schema.org","@graph":[{"@type":"WebPage","@id":"https:\/\/inzain.bike\/sv_se\/bas24-baskien\/","url":"https:\/\/inzain.bike\/sv_se\/bas24-baskien\/","name":"Sobre el Pa\u00eds Vasco - INZAIN Cycling EXPERIENCES","isPartOf":{"@id":"https:\/\/inzain.bike\/fr_be\/#website"},"primaryImageOfPage":{"@id":"https:\/\/inzain.bike\/sv_se\/bas24-baskien\/#primaryimage"},"image":{"@id":"https:\/\/inzain.bike\/sv_se\/bas24-baskien\/#primaryimage"},"thumbnailUrl":"https:\/\/inzain.bike\/wp-content\/uploads\/2023\/11\/pexels-enrique-19119892-1024x683.jpg","datePublished":"2023-11-21T17:57:49+00:00","dateModified":"2023-11-26T20:27:52+00:00","breadcrumb":{"@id":"https:\/\/inzain.bike\/sv_se\/bas24-baskien\/#breadcrumb"},"inLanguage":"es","potentialAction":[{"@type":"ReadAction","target":["https:\/\/inzain.bike\/sv_se\/bas24-baskien\/"]}]},{"@type":"ImageObject","inLanguage":"es","@id":"https:\/\/inzain.bike\/sv_se\/bas24-baskien\/#primaryimage","url":"https:\/\/inzain.bike\/wp-content\/uploads\/2023\/11\/pexels-enrique-19119892-1024x683.jpg","contentUrl":"https:\/\/inzain.bike\/wp-content\/uploads\/2023\/11\/pexels-enrique-19119892-1024x683.jpg"},{"@type":"BreadcrumbList","@id":"https:\/\/inzain.bike\/sv_se\/bas24-baskien\/#breadcrumb","itemListElement":[{"@type":"ListItem","position":1,"name":"Hem","item":"https:\/\/inzain.bike\/fr_be\/"},{"@type":"ListItem","position":2,"name":"Om Baskien"}]},{"@type":"WebSite","@id":"https:\/\/inzain.bike\/fr_be\/#website","url":"https:\/\/inzain.bike\/fr_be\/","name":"EXPERIENCIAS Ciclismo INZAIN","description":"Aventuras en bicicleta: para todos","publisher":{"@id":"https:\/\/inzain.bike\/fr_be\/#organization"},"alternateName":"INZAIN Gravel & Travel","potentialAction":[{"@type":"SearchAction","target":{"@type":"EntryPoint","urlTemplate":"https:\/\/inzain.bike\/fr_be\/?s={search_term_string}"},"query-input":{"@type":"PropertyValueSpecification","valueRequired":true,"valueName":"search_term_string"}}],"inLanguage":"es"},{"@type":"Organization","@id":"https:\/\/inzain.bike\/fr_be\/#organization","name":"EXPERIENCIAS Ciclismo INZAIN","url":"https:\/\/inzain.bike\/fr_be\/","logo":{"@type":"ImageObject","inLanguage":"es","@id":"https:\/\/inzain.bike\/fr_be\/#\/schema\/logo\/image\/","url":"https:\/\/i0.wp.com\/inzain.bike\/wp-content\/uploads\/2023\/09\/cropped-INZAIN_512x512_white.png?fit=512%2C512&ssl=1","contentUrl":"https:\/\/i0.wp.com\/inzain.bike\/wp-content\/uploads\/2023\/09\/cropped-INZAIN_512x512_white.png?fit=512%2C512&ssl=1","width":512,"height":512,"caption":"INZAIN Cycling EXPERIENCES"},"image":{"@id":"https:\/\/inzain.bike\/fr_be\/#\/schema\/logo\/image\/"},"sameAs":["https:\/\/www.facebook.com\/Inzain.bike","https:\/\/www.instagram.com\/inzainbike"]}]}},"amp_enabled":true,"_links":{"self":[{"href":"https:\/\/inzain.bike\/es\/wp-json\/wp\/v2\/pages\/4766","targetHints":{"allow":["GET"]}}],"collection":[{"href":"https:\/\/inzain.bike\/es\/wp-json\/wp\/v2\/pages"}],"about":[{"href":"https:\/\/inzain.bike\/es\/wp-json\/wp\/v2\/types\/page"}],"author":[{"embeddable":true,"href":"https:\/\/inzain.bike\/es\/wp-json\/wp\/v2\/users\/135133094"}],"replies":[{"embeddable":true,"href":"https:\/\/inzain.bike\/es\/wp-json\/wp\/v2\/comments?post=4766"}],"version-history":[{"count":0,"href":"https:\/\/inzain.bike\/es\/wp-json\/wp\/v2\/pages\/4766\/revisions"}],"wp:attachment":[{"href":"https:\/\/inzain.bike\/es\/wp-json\/wp\/v2\/media?parent=4766"}],"curies":[{"name":"gracias","href":"https:\/\/api.w.org\/{rel}","templated":true}]}}