{"id":4769,"date":"2023-11-11T18:13:58","date_gmt":"2023-11-11T17:13:58","guid":{"rendered":"https:\/\/inzain.bike\/?page_id=4769"},"modified":"2023-11-25T16:50:24","modified_gmt":"2023-11-25T15:50:24","slug":"bas24-cycling","status":"publish","type":"page","link":"https:\/\/inzain.bike\/es\/bas24-cycling\/","title":{"rendered":"Ciclismo en el Pa\u00eds Vasco"},"content":{"rendered":"<div class=\"wp-block-columns alignwide is-layout-flex wp-container-core-columns-is-layout-28f84493 wp-block-columns-is-layout-flex\">\n<div class=\"wp-block-column is-layout-flow wp-block-column-is-layout-flow\">\n<p class=\"has-roboto-font-family has-custom-font\" style=\"font-family:Roboto\">\u00a1Montar en bicicleta en el Pa\u00eds Vasco es absolutamente maravilloso! Paisaje cambiante y verde con pocos coches. Comenzamos el descenso en la costa atl\u00e1ntica de Biarritz y apuntamos a Pamplona y nuestro primer destino en Espa\u00f1a. Cuando volvamos a Biarritz seis d\u00edas despu\u00e9s. \u00bfHemos vivido d\u00edas con todo, desde caminos forestales hasta paisajes abiertos con maravillosas vistas? El ciclismo es incre\u00edblemente popular en el Pa\u00eds Vasco. Y no es dif\u00edcil entender por qu\u00e9 en muchos lugares de aqu\u00ed se considera el deporte nacional incluso antes que el f\u00fatbol.<\/p>\n<\/div>\n<\/div>\n\n\n\n<p class=\"has-text-align-left has-roboto-font-family has-custom-font has-custom-weight\" style=\"font-weight:bold;font-family:Roboto;font-size:30px\">Cronograma<\/p>\n\n\n\n<div class=\"wp-block-columns alignwide is-layout-flex wp-container-core-columns-is-layout-28f84493 wp-block-columns-is-layout-flex\">\n<div class=\"wp-block-column is-layout-flow wp-block-column-is-layout-flow\">\n<figure class=\"wp-block-image size-full\"><img decoding=\"async\" src=\"https:\/\/inzain.bike\/wp-content\/uploads\/2023\/11\/IMG_5220.jpg\" alt=\"\" class=\"wp-image-4911\"\/><\/figure>\n<\/div>\n\n\n\n<div class=\"wp-block-column is-layout-flow wp-block-column-is-layout-flow\">\n<p><strong>D\u00eda uno <\/strong><\/p>\n\n\n\n<p>Despu\u00e9s de empezar en Biarritz, ya conocida por nosotros, nos dirigimos hacia el este. Ya despu\u00e9s de 3 millas pasamos la frontera con Espa\u00f1a. El entorno es exuberante y a menudo pasa por zonas forestales. Despu\u00e9s de 8 millas llegamos al punto m\u00e1s alto del d\u00eda (poco menos de 1.000 m) y contemplamos la llanura y nuestro destino Pamplona. Llegaremos aproximadamente una semana antes de San Ferm\u00edn, pero el ambiente en la ciudad ser\u00e1 m\u00e1gico y expectante de todos modos.<\/p>\n<\/div>\n<\/div>\n\n\n\n<div class=\"wp-block-columns alignwide is-layout-flex wp-container-core-columns-is-layout-28f84493 wp-block-columns-is-layout-flex\">\n<div class=\"wp-block-column is-layout-flow wp-block-column-is-layout-flow\">\n<p><strong>D\u00eda dos <\/strong><\/p>\n\n\n\n<p>Ahora nos dirigimos hacia el sur. Nuestro destino y nuestro vi\u00f1edo Eguren Ugarte se vislumbra a lo lejos. Este es inicialmente el tramo con menor desnivel de nuestro recorrido. Pero justo antes de nuestra meta subimos hasta el peque\u00f1o pueblo de Lapoblac\u00f3n a casi 1.000 m, antes de bajar rodando hasta nuestro alojamiento. Hemos llegado ya a la frontera donde toman el relevo todos los vi\u00f1edos de Rioja.<\/p>\n<\/div>\n\n\n\n<div class=\"wp-block-column is-layout-flow wp-block-column-is-layout-flow\">\n<figure class=\"wp-block-image size-full\"><img decoding=\"async\" src=\"https:\/\/inzain.bike\/wp-content\/uploads\/2023\/11\/IMG_4819.jpg\" alt=\"\" class=\"wp-image-4880\"\/><\/figure>\n<\/div>\n<\/div>\n\n\n\n<div class=\"wp-block-columns alignwide is-layout-flex wp-container-core-columns-is-layout-28f84493 wp-block-columns-is-layout-flex\">\n<div class=\"wp-block-column is-layout-flow wp-block-column-is-layout-flow\">\n<figure class=\"wp-block-image size-full\"><img decoding=\"async\" src=\"https:\/\/inzain.bike\/wp-content\/uploads\/2023\/11\/IMG_6269.jpg\" alt=\"\" class=\"wp-image-4886\"\/><\/figure>\n<\/div>\n\n\n\n<div class=\"wp-block-column is-layout-flow wp-block-column-is-layout-flow\">\n<p><strong>D\u00eda tres <\/strong><\/p>\n\n\n\n<p>Ahora hemos llegado al destino m\u00e1s al sur de nuestro viaje. Antes de llegar a la gran ciudad cl\u00e1sica y m\u00e1s apasionante del viaje, Bilbao, pasamos por Vitoria - Gasteiz, la capital del Pa\u00eds Vasco. S\u00f3lo un breve caf\u00e9, pero el horario est\u00e1 hecho para que tengas tiempo de visitar el museo Guggenheim antes de cenar.<\/p>\n<\/div>\n<\/div>\n\n\n\n<div class=\"wp-block-columns alignwide is-layout-flex wp-container-core-columns-is-layout-28f84493 wp-block-columns-is-layout-flex\">\n<div class=\"wp-block-column is-layout-flow wp-block-column-is-layout-flow\">\n<p><strong>D\u00eda cuatro <\/strong><\/p>\n\n\n\n<p>Esta ma\u00f1ana seguimos la costa y el mar en nuestro camino. Elegimos pr\u00e1cticamente el mismo recorrido que el Tour de Francia en su gran salida de 2023. As\u00ed que, una vez m\u00e1s, carreteras cl\u00e1sicas y con un inmenso mar a nuestra izquierda y monta\u00f1as y pistas a nuestra derecha. Y estad atentos si os gusta Juego de Tronos, \u00a1nuestro destino San Juan Gaztelugatxe fue uno de los lugares de rodaje m\u00e1s cl\u00e1sicos!<\/p>\n<\/div>\n\n\n\n<div class=\"wp-block-column is-layout-flow wp-block-column-is-layout-flow\">\n<figure class=\"wp-block-image size-full\"><img loading=\"lazy\" decoding=\"async\" width=\"1600\" height=\"1200\" src=\"https:\/\/inzain.bike\/wp-content\/uploads\/2023\/11\/59d8cc2a-c457-4bdb-8cbb-0106a4f346b7.jpg\" alt=\"\" class=\"wp-image-4917\" srcset=\"https:\/\/inzain.bike\/wp-content\/uploads\/2023\/11\/59d8cc2a-c457-4bdb-8cbb-0106a4f346b7.jpg 1600w, https:\/\/inzain.bike\/wp-content\/uploads\/2023\/11\/59d8cc2a-c457-4bdb-8cbb-0106a4f346b7-300x225.jpg 300w, https:\/\/inzain.bike\/wp-content\/uploads\/2023\/11\/59d8cc2a-c457-4bdb-8cbb-0106a4f346b7-1024x768.jpg 1024w, https:\/\/inzain.bike\/wp-content\/uploads\/2023\/11\/59d8cc2a-c457-4bdb-8cbb-0106a4f346b7-768x576.jpg 768w, https:\/\/inzain.bike\/wp-content\/uploads\/2023\/11\/59d8cc2a-c457-4bdb-8cbb-0106a4f346b7-1536x1152.jpg 1536w, https:\/\/inzain.bike\/wp-content\/uploads\/2023\/11\/59d8cc2a-c457-4bdb-8cbb-0106a4f346b7-16x12.jpg 16w, https:\/\/inzain.bike\/wp-content\/uploads\/2023\/11\/59d8cc2a-c457-4bdb-8cbb-0106a4f346b7-1320x990.jpg 1320w, https:\/\/inzain.bike\/wp-content\/uploads\/2023\/11\/59d8cc2a-c457-4bdb-8cbb-0106a4f346b7-600x450.jpg 600w\" sizes=\"auto, (max-width: 1600px) 100vw, 1600px\" \/><\/figure>\n<\/div>\n<\/div>\n\n\n\n<div class=\"wp-block-columns alignwide is-layout-flex wp-container-core-columns-is-layout-28f84493 wp-block-columns-is-layout-flex\">\n<div class=\"wp-block-column is-layout-flow wp-block-column-is-layout-flow\">\n<figure class=\"wp-block-image size-full\"><img decoding=\"async\" src=\"https:\/\/inzain.bike\/wp-content\/uploads\/2023\/11\/IMG_4677.jpg\" alt=\"\" class=\"wp-image-4918\"\/><\/figure>\n<\/div>\n\n\n\n<div class=\"wp-block-column is-layout-flow wp-block-column-is-layout-flow\">\n<p><strong>D\u00eda cinco <\/strong><\/p>\n\n\n\n<p>Mar m\u00e1s maravilloso este d\u00eda. Pero tambi\u00e9n dos fascinantes objetivos intermedios. Primero Mundaca, maravilloso pueblo\/pueblo costero, amado por todos y quiz\u00e1s sobre todo por los surfistas del mundo que peregrinan hasta aqu\u00ed. Despu\u00e9s de Guernica, quiz\u00e1s mejor conocido por el cuadro que Picasso pint\u00f3 como monumento conmemorativo despu\u00e9s de la Guerra Civil Espa\u00f1ola. Cada ciudad de nuestro viaje es famosa por su buena comida. Pero quiz\u00e1s el objetivo de hoy sea el n\u00famero 1, \u00a1San Sebasti\u00e1n!&nbsp;<\/p>\n<\/div>\n<\/div>\n\n\n\n<div class=\"wp-block-columns alignwide is-layout-flex wp-container-core-columns-is-layout-28f84493 wp-block-columns-is-layout-flex\">\n<div class=\"wp-block-column is-layout-flow wp-block-column-is-layout-flow\">\n<p><strong>D\u00eda seis <\/strong><\/p>\n\n\n\n<p>Gran final: Biarritz y su hermosa playa Grand Plage se vislumbran. O tomamos la carretera m\u00e1s cercana (aproximadamente 5 millas) a lo largo de la costa y tal vez tomamos un largo caf\u00e9 en la playa de San Juan de Luz. O escalamos algunas de las monta\u00f1as (aprox. 1000 m de altura) en el lado derecho y obtenemos una \u00faltima vista bonita de nuestra ruta anterior en el este, antes de unirnos a los dem\u00e1s en nuestro destino final. En cualquier caso, muy delicioso para ser comentado y digerido durante la tarde y la noche con una copa de champ\u00e1n.&nbsp;<\/p>\n<\/div>\n\n\n\n<div class=\"wp-block-column is-layout-flow wp-block-column-is-layout-flow\">\n<figure class=\"wp-block-image size-full\"><img decoding=\"async\" src=\"https:\/\/inzain.bike\/wp-content\/uploads\/2023\/11\/IMG_4125-2.jpg\" alt=\"\" class=\"wp-image-4743\"\/><\/figure>\n<\/div>\n<\/div>\n\n\n\n<p><br><\/p>","protected":false},"excerpt":{"rendered":"<p>Cyklingen i Baskien \u00e4r helt underbar! Skiftande och gr\u00f6nskande landskap med f\u00e5 bilar. Vi startar nere vid Atlantkusten i Biarritz och tar sikte p\u00e5 Pamplona och v\u00e5rt f\u00f6rsta m\u00e5l i Spanien. N\u00e4r vi sen rullar tillbaka in i Biarritz sex dagar senare. Har vi f\u00e5tt uppleva dagar med allt fr\u00e5n skogsv\u00e4gar till \u00f6ppna landskap med [&hellip;]<\/p>\n","protected":false},"author":135133094,"featured_media":0,"parent":0,"menu_order":0,"comment_status":"closed","ping_status":"closed","template":"","meta":{"_coblocks_attr":"Roboto,Roboto","_coblocks_dimensions":"","_coblocks_responsive_height":"","_coblocks_accordion_ie_support":"","footnotes":""},"class_list":["post-4769","page","type-page","status-publish","hentry"],"yoast_head":"<!-- This site is optimized with the Yoast SEO plugin v27.2 - https:\/\/yoast.com\/product\/yoast-seo-wordpress\/ -->\n<title>Baskien Cykling - INZAIN Cycling EXPERIENCES<\/title>\n<meta name=\"robots\" content=\"index, follow, max-snippet:-1, max-image-preview:large, max-video-preview:-1\" \/>\n<link rel=\"canonical\" href=\"https:\/\/inzain.bike\/es\/bas24-cycling\/\" \/>\n<meta property=\"og:locale\" content=\"es_ES\" \/>\n<meta property=\"og:type\" content=\"article\" \/>\n<meta property=\"og:title\" content=\"Baskien Cykling - INZAIN Cycling EXPERIENCES\" \/>\n<meta property=\"og:description\" content=\"Cyklingen i Baskien \u00e4r helt underbar! Skiftande och gr\u00f6nskande landskap med f\u00e5 bilar. Vi startar nere vid Atlantkusten i Biarritz och tar sikte p\u00e5 Pamplona och v\u00e5rt f\u00f6rsta m\u00e5l i Spanien. N\u00e4r vi sen rullar tillbaka in i Biarritz sex dagar senare. Har vi f\u00e5tt uppleva dagar med allt fr\u00e5n skogsv\u00e4gar till \u00f6ppna landskap med [&hellip;]\" \/>\n<meta property=\"og:url\" content=\"https:\/\/inzain.bike\/es\/bas24-cycling\/\" \/>\n<meta property=\"og:site_name\" content=\"INZAIN Cycling EXPERIENCES\" \/>\n<meta property=\"article:publisher\" content=\"https:\/\/www.facebook.com\/Inzain.bike\" \/>\n<meta property=\"article:modified_time\" content=\"2023-11-25T15:50:24+00:00\" \/>\n<meta property=\"og:image\" content=\"https:\/\/inzain.bike\/wp-content\/uploads\/2023\/11\/IMG_5220.jpg\" \/>\n<meta name=\"twitter:card\" content=\"summary_large_image\" \/>\n<meta name=\"twitter:label1\" content=\"Tiempo de lectura\" \/>\n\t<meta name=\"twitter:data1\" content=\"4 minutos\" \/>\n<script type=\"application\/ld+json\" class=\"yoast-schema-graph\">{\"@context\":\"https:\/\/schema.org\",\"@graph\":[{\"@type\":\"WebPage\",\"@id\":\"https:\/\/inzain.bike\/en\/bas24-cycling\/\",\"url\":\"https:\/\/inzain.bike\/en\/bas24-cycling\/\",\"name\":\"Baskien Cykling - INZAIN Cycling EXPERIENCES\",\"isPartOf\":{\"@id\":\"https:\/\/inzain.bike\/fr_be\/#website\"},\"primaryImageOfPage\":{\"@id\":\"https:\/\/inzain.bike\/en\/bas24-cycling\/#primaryimage\"},\"image\":{\"@id\":\"https:\/\/inzain.bike\/en\/bas24-cycling\/#primaryimage\"},\"thumbnailUrl\":\"https:\/\/inzain.bike\/wp-content\/uploads\/2023\/11\/IMG_5220.jpg\",\"datePublished\":\"2023-11-11T17:13:58+00:00\",\"dateModified\":\"2023-11-25T15:50:24+00:00\",\"breadcrumb\":{\"@id\":\"https:\/\/inzain.bike\/en\/bas24-cycling\/#breadcrumb\"},\"inLanguage\":\"es\",\"potentialAction\":[{\"@type\":\"ReadAction\",\"target\":[\"https:\/\/inzain.bike\/en\/bas24-cycling\/\"]}]},{\"@type\":\"ImageObject\",\"inLanguage\":\"es\",\"@id\":\"https:\/\/inzain.bike\/en\/bas24-cycling\/#primaryimage\",\"url\":\"https:\/\/inzain.bike\/wp-content\/uploads\/2023\/11\/IMG_5220.jpg\",\"contentUrl\":\"https:\/\/inzain.bike\/wp-content\/uploads\/2023\/11\/IMG_5220.jpg\"},{\"@type\":\"BreadcrumbList\",\"@id\":\"https:\/\/inzain.bike\/en\/bas24-cycling\/#breadcrumb\",\"itemListElement\":[{\"@type\":\"ListItem\",\"position\":1,\"name\":\"Hem\",\"item\":\"https:\/\/inzain.bike\/fr_be\/\"},{\"@type\":\"ListItem\",\"position\":2,\"name\":\"Baskien Cykling\"}]},{\"@type\":\"WebSite\",\"@id\":\"https:\/\/inzain.bike\/fr_be\/#website\",\"url\":\"https:\/\/inzain.bike\/fr_be\/\",\"name\":\"INZAIN Cycling EXPERIENCES\",\"description\":\"Cyckling Adventures  - for everyone\",\"publisher\":{\"@id\":\"https:\/\/inzain.bike\/fr_be\/#organization\"},\"alternateName\":\"INZAIN Gravel & Travel\",\"potentialAction\":[{\"@type\":\"SearchAction\",\"target\":{\"@type\":\"EntryPoint\",\"urlTemplate\":\"https:\/\/inzain.bike\/fr_be\/?s={search_term_string}\"},\"query-input\":{\"@type\":\"PropertyValueSpecification\",\"valueRequired\":true,\"valueName\":\"search_term_string\"}}],\"inLanguage\":\"es\"},{\"@type\":\"Organization\",\"@id\":\"https:\/\/inzain.bike\/fr_be\/#organization\",\"name\":\"INZAIN Cycling EXPERIENCES\",\"url\":\"https:\/\/inzain.bike\/fr_be\/\",\"logo\":{\"@type\":\"ImageObject\",\"inLanguage\":\"es\",\"@id\":\"https:\/\/inzain.bike\/fr_be\/#\/schema\/logo\/image\/\",\"url\":\"https:\/\/i0.wp.com\/inzain.bike\/wp-content\/uploads\/2023\/09\/cropped-INZAIN_512x512_white.png?fit=512%2C512&ssl=1\",\"contentUrl\":\"https:\/\/i0.wp.com\/inzain.bike\/wp-content\/uploads\/2023\/09\/cropped-INZAIN_512x512_white.png?fit=512%2C512&ssl=1\",\"width\":512,\"height\":512,\"caption\":\"INZAIN Cycling EXPERIENCES\"},\"image\":{\"@id\":\"https:\/\/inzain.bike\/fr_be\/#\/schema\/logo\/image\/\"},\"sameAs\":[\"https:\/\/www.facebook.com\/Inzain.bike\",\"https:\/\/www.instagram.com\/inzainbike\"]}]}<\/script>\n<!-- \/ Yoast SEO plugin. -->","yoast_head_json":{"title":"Ciclismo en el Pa\u00eds Vasco - EXPERIENCIAS Ciclista INZAIN","robots":{"index":"index","follow":"follow","max-snippet":"max-snippet:-1","max-image-preview":"max-image-preview:large","max-video-preview":"max-video-preview:-1"},"canonical":"https:\/\/inzain.bike\/es\/bas24-cycling\/","og_locale":"es_ES","og_type":"article","og_title":"Baskien Cykling - INZAIN Cycling EXPERIENCES","og_description":"Cyklingen i Baskien \u00e4r helt underbar! Skiftande och gr\u00f6nskande landskap med f\u00e5 bilar. Vi startar nere vid Atlantkusten i Biarritz och tar sikte p\u00e5 Pamplona och v\u00e5rt f\u00f6rsta m\u00e5l i Spanien. N\u00e4r vi sen rullar tillbaka in i Biarritz sex dagar senare. Har vi f\u00e5tt uppleva dagar med allt fr\u00e5n skogsv\u00e4gar till \u00f6ppna landskap med [&hellip;]","og_url":"https:\/\/inzain.bike\/es\/bas24-cycling\/","og_site_name":"INZAIN Cycling EXPERIENCES","article_publisher":"https:\/\/www.facebook.com\/Inzain.bike","article_modified_time":"2023-11-25T15:50:24+00:00","og_image":[{"url":"https:\/\/inzain.bike\/wp-content\/uploads\/2023\/11\/IMG_5220.jpg","type":"","width":"","height":""}],"twitter_card":"summary_large_image","twitter_misc":{"Tiempo de lectura":"4 minutos"},"schema":{"@context":"https:\/\/schema.org","@graph":[{"@type":"WebPage","@id":"https:\/\/inzain.bike\/en\/bas24-cycling\/","url":"https:\/\/inzain.bike\/en\/bas24-cycling\/","name":"Ciclismo en el Pa\u00eds Vasco - EXPERIENCIAS Ciclista INZAIN","isPartOf":{"@id":"https:\/\/inzain.bike\/fr_be\/#website"},"primaryImageOfPage":{"@id":"https:\/\/inzain.bike\/en\/bas24-cycling\/#primaryimage"},"image":{"@id":"https:\/\/inzain.bike\/en\/bas24-cycling\/#primaryimage"},"thumbnailUrl":"https:\/\/inzain.bike\/wp-content\/uploads\/2023\/11\/IMG_5220.jpg","datePublished":"2023-11-11T17:13:58+00:00","dateModified":"2023-11-25T15:50:24+00:00","breadcrumb":{"@id":"https:\/\/inzain.bike\/en\/bas24-cycling\/#breadcrumb"},"inLanguage":"es","potentialAction":[{"@type":"ReadAction","target":["https:\/\/inzain.bike\/en\/bas24-cycling\/"]}]},{"@type":"ImageObject","inLanguage":"es","@id":"https:\/\/inzain.bike\/en\/bas24-cycling\/#primaryimage","url":"https:\/\/inzain.bike\/wp-content\/uploads\/2023\/11\/IMG_5220.jpg","contentUrl":"https:\/\/inzain.bike\/wp-content\/uploads\/2023\/11\/IMG_5220.jpg"},{"@type":"BreadcrumbList","@id":"https:\/\/inzain.bike\/en\/bas24-cycling\/#breadcrumb","itemListElement":[{"@type":"ListItem","position":1,"name":"Hem","item":"https:\/\/inzain.bike\/fr_be\/"},{"@type":"ListItem","position":2,"name":"Baskien Cykling"}]},{"@type":"WebSite","@id":"https:\/\/inzain.bike\/fr_be\/#website","url":"https:\/\/inzain.bike\/fr_be\/","name":"EXPERIENCIAS Ciclismo INZAIN","description":"Aventuras en bicicleta: para todos","publisher":{"@id":"https:\/\/inzain.bike\/fr_be\/#organization"},"alternateName":"INZAIN Gravel & Travel","potentialAction":[{"@type":"SearchAction","target":{"@type":"EntryPoint","urlTemplate":"https:\/\/inzain.bike\/fr_be\/?s={search_term_string}"},"query-input":{"@type":"PropertyValueSpecification","valueRequired":true,"valueName":"search_term_string"}}],"inLanguage":"es"},{"@type":"Organization","@id":"https:\/\/inzain.bike\/fr_be\/#organization","name":"EXPERIENCIAS Ciclismo INZAIN","url":"https:\/\/inzain.bike\/fr_be\/","logo":{"@type":"ImageObject","inLanguage":"es","@id":"https:\/\/inzain.bike\/fr_be\/#\/schema\/logo\/image\/","url":"https:\/\/i0.wp.com\/inzain.bike\/wp-content\/uploads\/2023\/09\/cropped-INZAIN_512x512_white.png?fit=512%2C512&ssl=1","contentUrl":"https:\/\/i0.wp.com\/inzain.bike\/wp-content\/uploads\/2023\/09\/cropped-INZAIN_512x512_white.png?fit=512%2C512&ssl=1","width":512,"height":512,"caption":"INZAIN Cycling EXPERIENCES"},"image":{"@id":"https:\/\/inzain.bike\/fr_be\/#\/schema\/logo\/image\/"},"sameAs":["https:\/\/www.facebook.com\/Inzain.bike","https:\/\/www.instagram.com\/inzainbike"]}]}},"amp_enabled":true,"_links":{"self":[{"href":"https:\/\/inzain.bike\/es\/wp-json\/wp\/v2\/pages\/4769","targetHints":{"allow":["GET"]}}],"collection":[{"href":"https:\/\/inzain.bike\/es\/wp-json\/wp\/v2\/pages"}],"about":[{"href":"https:\/\/inzain.bike\/es\/wp-json\/wp\/v2\/types\/page"}],"author":[{"embeddable":true,"href":"https:\/\/inzain.bike\/es\/wp-json\/wp\/v2\/users\/135133094"}],"replies":[{"embeddable":true,"href":"https:\/\/inzain.bike\/es\/wp-json\/wp\/v2\/comments?post=4769"}],"version-history":[{"count":0,"href":"https:\/\/inzain.bike\/es\/wp-json\/wp\/v2\/pages\/4769\/revisions"}],"wp:attachment":[{"href":"https:\/\/inzain.bike\/es\/wp-json\/wp\/v2\/media?parent=4769"}],"curies":[{"name":"gracias","href":"https:\/\/api.w.org\/{rel}","templated":true}]}}