{"id":5144,"date":"2023-11-11T20:47:14","date_gmt":"2023-11-11T19:47:14","guid":{"rendered":"https:\/\/inzain.bike\/?page_id=5144"},"modified":"2026-01-12T12:13:18","modified_gmt":"2026-01-12T11:13:18","slug":"gir24-aktiviteter","status":"publish","type":"page","link":"https:\/\/inzain.bike\/es\/gir24-aktiviteter\/","title":{"rendered":"Actividades en Gerona"},"content":{"rendered":"<div class=\"wp-block-columns alignwide is-layout-flex wp-container-core-columns-is-layout-28f84493 wp-block-columns-is-layout-flex\">\n<div class=\"wp-block-column is-layout-flow wp-block-column-is-layout-flow\">\n<p class=\"has-roboto-font-family has-custom-font\" style=\"font-family:Roboto\">En nuestro d\u00eda de descanso, existen varias opciones. Quiz\u00e1s simplemente quieras tom\u00e1rtelo con calma, explorar Girona, tomar un buen caf\u00e9 y descansar. Si te apetece una excursi\u00f3n, \u00bfpor qu\u00e9 no pruebas una de estas?<\/p>\n\n\n\n<div class=\"wp-block-columns is-layout-flex wp-container-core-columns-is-layout-28f84493 wp-block-columns-is-layout-flex\">\n<div class=\"wp-block-column is-layout-flow wp-block-column-is-layout-flow\">\n<figure class=\"wp-block-image size-large\"><img loading=\"lazy\" decoding=\"async\" width=\"791\" height=\"1024\" src=\"https:\/\/inzain.bike\/wp-content\/uploads\/2023\/11\/pexels-spolyakov-16762185-791x1024.jpg\" alt=\"\" class=\"wp-image-5330\" srcset=\"https:\/\/inzain.bike\/wp-content\/uploads\/2023\/11\/pexels-spolyakov-16762185-791x1024.jpg 791w, https:\/\/inzain.bike\/wp-content\/uploads\/2023\/11\/pexels-spolyakov-16762185-232x300.jpg 232w, https:\/\/inzain.bike\/wp-content\/uploads\/2023\/11\/pexels-spolyakov-16762185-768x994.jpg 768w, https:\/\/inzain.bike\/wp-content\/uploads\/2023\/11\/pexels-spolyakov-16762185-1187x1536.jpg 1187w, https:\/\/inzain.bike\/wp-content\/uploads\/2023\/11\/pexels-spolyakov-16762185-1582x2048.jpg 1582w, https:\/\/inzain.bike\/wp-content\/uploads\/2023\/11\/pexels-spolyakov-16762185-9x12.jpg 9w, https:\/\/inzain.bike\/wp-content\/uploads\/2023\/11\/pexels-spolyakov-16762185-1320x1708.jpg 1320w, https:\/\/inzain.bike\/wp-content\/uploads\/2023\/11\/pexels-spolyakov-16762185-600x777.jpg 600w, https:\/\/inzain.bike\/wp-content\/uploads\/2023\/11\/pexels-spolyakov-16762185-scaled.jpg 1978w\" sizes=\"auto, (max-width: 791px) 100vw, 791px\" \/><figcaption class=\"wp-element-caption\">\u2013<\/figcaption><\/figure>\n<\/div>\n\n\n\n<div class=\"wp-block-column is-layout-flow wp-block-column-is-layout-flow\">\n<p><strong>Visita Barcelona<\/strong><br><br>La ciudad mediterr\u00e1nea de Barcelona est\u00e1 situada entre monta\u00f1as y mar, y ofrece tanto la sensaci\u00f3n de un pueblo peque\u00f1o como el pulso metropolitano de una gran ciudad. Los 1,6 millones de habitantes trabajan duro y disfrutan de la vida con la misma intensidad. Durante todas las etapas de su historia, la ciudad ha estado en el centro de los acontecimientos y contin\u00faa si\u00e9ndolo hasta el d\u00eda de hoy como un para\u00edso tur\u00edstico amado internacionalmente.<\/p>\n\n\n\n<p>Barcelona es conocida por obras maestras art\u00edsticas como la Sagrada Familia y el Parque G\u00fcell, as\u00ed como por sus numerosas playas, el estadio de f\u00fatbol Camp Nou y sus exuberantes parques. Lo que debes hacer exactamente en Barcelona depende de tus intereses<\/p>\n\n\n\n<p>Barcelona tambi\u00e9n es conocida por haber acogido los Juegos Ol\u00edmpicos de Verano de 1992, algo que fue muy importante para la ciudad. En relaci\u00f3n con la celebraci\u00f3n de los Juegos Ol\u00edmpicos, la direcci\u00f3n de la ciudad comenz\u00f3 a renovar algunas zonas deterioradas, se mejor\u00f3 la infraestructura en varios lugares y, en general, el nivel de vida aument\u00f3 considerablemente. Todo esto contribuy\u00f3 a que Barcelona invirtiera m\u00e1s dinero en turismo, y esto convirti\u00f3 a Barcelona en una de las ciudades m\u00e1s visitadas de Europa, a la par de Par\u00eds, Madrid, Londres y similares.<br><br>Es f\u00e1cil llegar en tren expreso en menos de 40 minutos.<br><br><br><\/p>\n<\/div>\n<\/div>\n<\/div>\n<\/div>\n\n\n\n<div class=\"wp-block-columns alignwide is-layout-flex wp-container-core-columns-is-layout-28f84493 wp-block-columns-is-layout-flex\">\n<div class=\"wp-block-column is-layout-flow wp-block-column-is-layout-flow\">\n<p><strong>Museo Salvador Dal\u00ed en Figueres<\/strong><br><br>Salvador Dal\u00ed fue un genio. Una visita a este museo absolutamente magn\u00edfico es imprescindible. No te arrepentir\u00e1s.<\/p>\n\n\n\n<p>El Museo de Salvador Dal\u00ed, conocido como Teatre-Museu Dal\u00ed, se encuentra en Figueres, Espa\u00f1a, y es una gran atracci\u00f3n tanto para los amantes del arte como para los turistas. A continuaci\u00f3n, algunos puntos clave sobre el museo:<br>Historia y Arquitectura<br>\u2022 Fundaci\u00f3n: El museo se inaugur\u00f3 en 1974 y est\u00e1 construido sobre el solar del antiguo teatro de Figueres, donde el propio Dal\u00ed realiz\u00f3 sus primeras representaciones art\u00edsticas.<br>\u2022 Arquitectura: El museo es una mezcla \u00fanica de surrealismo y arquitectura moderna. Se caracteriza por su dise\u00f1o extravagante, incluyendo las famosas c\u00fapulas ovaladas del techo.<br>Exposiciones<br>\u2022 Obras de Dal\u00ed: El Teatro-Museo alberga la mayor colecci\u00f3n de obras de Dal\u00ed, que incluye pinturas, esculturas, dibujos y obras de arte de diferentes per\u00edodos de su vida. Entre las obras se incluyen cuadros famosos como \u201cLa persistent de la m\u00e9moire\u201d (La persistencia de la memoria).<br>\u2022 Experiencias interactivas: El museo tambi\u00e9n ofrece exposiciones y experiencias interactivas que invitan a los visitantes a explorar el estilo \u00fanico de Dal\u00ed y su fascinaci\u00f3n por los sue\u00f1os y el subconsciente.<br>La vida y el legado de Dal\u00ed<br>\u2022 Toque personal: Muchas de las exposiciones ofrecen una visi\u00f3n de la vida y la personalidad de Dal\u00ed, creando una comprensi\u00f3n m\u00e1s profunda de su obra de arte y su proceso creativo.<br>\u2022 Esculturas e instalaciones: Adem\u00e1s de pinturas, tambi\u00e9n hay muchas esculturas e instalaciones, lo que hace del museo una experiencia art\u00edstica multifac\u00e9tica.<br>Informaci\u00f3n para visitantes<br>\u2022 Horario de apertura: El museo est\u00e1 abierto todo el a\u00f1o, con algunas variaciones durante las vacaciones, por lo que siempre es mejor consultar el horario de apertura actual antes de planificar su visita.<br>\u2022 Entradas: Se recomienda reservar las entradas con antelaci\u00f3n, especialmente en temporada alta, para evitar largas colas.<\/p>\n\n\n\n<p><br><\/p>\n<\/div>\n\n\n\n<div class=\"wp-block-column is-layout-flow wp-block-column-is-layout-flow\">\n<div class=\"wp-block-jetpack-tiled-gallery aligncenter is-style-rectangular\"><div class=\"tiled-gallery__gallery\"><div class=\"tiled-gallery__row\"><div class=\"tiled-gallery__col\" style=\"flex-basis:22.83568%\"><figure class=\"tiled-gallery__item\"><img decoding=\"async\" alt=\"\" data-height=\"3988\" data-id=\"5336\" data-link=\"https:\/\/inzain.bike\/gir24-aktiviteter\/20230511_105007-1\/\" data-url=\"https:\/\/inzain.bike\/wp-content\/uploads\/2023\/11\/20230511_105007-1-767x1024.jpg\" data-width=\"2989\" src=\"https:\/\/i0.wp.com\/inzain.bike\/wp-content\/uploads\/2023\/11\/20230511_105007-1-767x1024.jpg?ssl=1\" data-amp-layout=\"responsive\"\/><\/figure><\/div><div class=\"tiled-gallery__col\" style=\"flex-basis:22.09321%\"><figure class=\"tiled-gallery__item\"><img decoding=\"async\" alt=\"\" data-height=\"4000\" data-id=\"5337\" data-link=\"https:\/\/inzain.bike\/gir24-aktiviteter\/20230511_121648\/\" data-url=\"https:\/\/inzain.bike\/wp-content\/uploads\/2023\/11\/20230511_121648-742x1024.jpg\" data-width=\"2900\" src=\"https:\/\/i0.wp.com\/inzain.bike\/wp-content\/uploads\/2023\/11\/20230511_121648-742x1024.jpg?ssl=1\" data-amp-layout=\"responsive\"\/><\/figure><\/div><div class=\"tiled-gallery__col\" style=\"flex-basis:27.31497%\"><figure class=\"tiled-gallery__item\"><img decoding=\"async\" alt=\"\" data-height=\"3145\" data-id=\"5338\" data-link=\"https:\/\/inzain.bike\/gir24-aktiviteter\/20230511_122810-2\/\" data-url=\"https:\/\/inzain.bike\/wp-content\/uploads\/2023\/11\/20230511_122810-919x1024.jpg\" data-width=\"2822\" src=\"https:\/\/i2.wp.com\/inzain.bike\/wp-content\/uploads\/2023\/11\/20230511_122810-919x1024.jpg?ssl=1\" data-amp-layout=\"responsive\"\/><\/figure><\/div><div class=\"tiled-gallery__col\" style=\"flex-basis:27.75614%\"><figure class=\"tiled-gallery__item\"><img decoding=\"async\" alt=\"\" data-height=\"3290\" data-id=\"5339\" data-link=\"https:\/\/inzain.bike\/gir24-aktiviteter\/20230511_123748\/\" data-url=\"https:\/\/inzain.bike\/wp-content\/uploads\/2023\/11\/20230511_123748-934x1024.jpg\" data-width=\"3000\" src=\"https:\/\/i0.wp.com\/inzain.bike\/wp-content\/uploads\/2023\/11\/20230511_123748-934x1024.jpg?ssl=1\" data-amp-layout=\"responsive\"\/><\/figure><\/div><\/div><div class=\"tiled-gallery__row\"><div class=\"tiled-gallery__col\" style=\"flex-basis:31.25821%\"><figure class=\"tiled-gallery__item\"><img decoding=\"async\" alt=\"\" data-height=\"2805\" data-id=\"5340\" data-link=\"https:\/\/inzain.bike\/gir24-aktiviteter\/20230511_124244-2\/\" data-url=\"https:\/\/inzain.bike\/wp-content\/uploads\/2023\/11\/20230511_124244-534x1024.jpg\" data-width=\"1464\" src=\"https:\/\/i2.wp.com\/inzain.bike\/wp-content\/uploads\/2023\/11\/20230511_124244-534x1024.jpg?ssl=1\" data-amp-layout=\"responsive\"\/><\/figure><\/div><div class=\"tiled-gallery__col\" style=\"flex-basis:68.74179%\"><figure class=\"tiled-gallery__item\"><img decoding=\"async\" alt=\"\" data-height=\"2263\" data-id=\"5341\" data-link=\"https:\/\/inzain.bike\/gir24-aktiviteter\/20230511_124615\/\" data-url=\"https:\/\/inzain.bike\/wp-content\/uploads\/2023\/11\/20230511_124615-1024x890.jpg\" data-width=\"2603\" src=\"https:\/\/i2.wp.com\/inzain.bike\/wp-content\/uploads\/2023\/11\/20230511_124615-1024x890.jpg?ssl=1\" data-amp-layout=\"responsive\"\/><\/figure><\/div><\/div><\/div><\/div>\n<\/div>\n<\/div>\n\n\n\n<div class=\"wp-block-columns alignwide is-layout-flex wp-container-core-columns-is-layout-28f84493 wp-block-columns-is-layout-flex\">\n<div class=\"wp-block-column is-layout-flow wp-block-column-is-layout-flow\">\n<figure class=\"wp-block-image size-full\"><img loading=\"lazy\" decoding=\"async\" width=\"1024\" height=\"479\" src=\"https:\/\/inzain.bike\/wp-content\/uploads\/2023\/11\/Torre-del-Mar-2-1024x479-1.jpg\" alt=\"\" class=\"wp-image-5347\" srcset=\"https:\/\/inzain.bike\/wp-content\/uploads\/2023\/11\/Torre-del-Mar-2-1024x479-1.jpg 1024w, https:\/\/inzain.bike\/wp-content\/uploads\/2023\/11\/Torre-del-Mar-2-1024x479-1-300x140.jpg 300w, https:\/\/inzain.bike\/wp-content\/uploads\/2023\/11\/Torre-del-Mar-2-1024x479-1-768x359.jpg 768w, https:\/\/inzain.bike\/wp-content\/uploads\/2023\/11\/Torre-del-Mar-2-1024x479-1-18x8.jpg 18w, https:\/\/inzain.bike\/wp-content\/uploads\/2023\/11\/Torre-del-Mar-2-1024x479-1-600x281.jpg 600w\" sizes=\"auto, (max-width: 1024px) 100vw, 1024px\" \/><\/figure>\n<\/div>\n\n\n\n<div class=\"wp-block-column is-layout-flow wp-block-column-is-layout-flow\">\n<p><strong>Torre del Mar<\/strong><br>La vista desde Torre del Mar, situada entre el mar Mediterr\u00e1neo y las monta\u00f1as de Sierra Nevada, es impresionante. A diferencia de otras partes de la Costa del Sol, Torre del Mar ha logrado en gran medida preservar el aut\u00e9ntico ambiente espa\u00f1ol, a pesar del aumento del turismo. El largo paseo est\u00e1 lleno de discotecas, excelentes restaurantes de pescado y cafeter\u00edas. Adem\u00e1s, la amplia playa de arena es sencillamente fant\u00e1stica. La ciudad tiene buenas conexiones en tranv\u00eda con la preciosa y encantadora V\u00e9lez-M\u00e1laga, que bien merece una visita.<\/p>\n\n\n\n<p><br><\/p>\n<\/div>\n<\/div>","protected":false},"excerpt":{"rendered":"<p>P\u00e5 v\u00e5r vilodag s\u00e5 finns flera val. Kanske vill man bara ta det lugnt, utforska Girona, dricka lite gott kaffe och vila. \u00c4r man sugen p\u00e5 utflykt varf\u00f6r inte prova n\u00e5gon av dessa. Bes\u00f6k Barcelona Melhavsstaden Barcelona ligger inspr\u00e4ngd mellan berg och hav, och erbjuder s\u00e5v\u00e4l sm\u00e5stadsk\u00e4nsla som storstadsmetropolisk puls. De 1,6 miljoner inv\u00e5narna jobbar [&hellip;]<\/p>\n","protected":false},"author":135133094,"featured_media":0,"parent":0,"menu_order":0,"comment_status":"closed","ping_status":"closed","template":"","meta":{"_coblocks_attr":"Roboto","_coblocks_dimensions":"","_coblocks_responsive_height":"","_coblocks_accordion_ie_support":"","footnotes":""},"class_list":["post-5144","page","type-page","status-publish","hentry"],"yoast_head":"<!-- This site is optimized with the Yoast SEO plugin v27.2 - https:\/\/yoast.com\/product\/yoast-seo-wordpress\/ -->\n<title>Girona Aktiviteter - INZAIN Cycling EXPERIENCES<\/title>\n<meta name=\"robots\" content=\"index, follow, max-snippet:-1, max-image-preview:large, max-video-preview:-1\" \/>\n<link rel=\"canonical\" href=\"https:\/\/inzain.bike\/es\/gir24-aktiviteter\/\" \/>\n<meta property=\"og:locale\" content=\"es_ES\" \/>\n<meta property=\"og:type\" content=\"article\" \/>\n<meta property=\"og:title\" content=\"Girona Aktiviteter - INZAIN Cycling EXPERIENCES\" \/>\n<meta property=\"og:description\" content=\"P\u00e5 v\u00e5r vilodag s\u00e5 finns flera val. Kanske vill man bara ta det lugnt, utforska Girona, dricka lite gott kaffe och vila. \u00c4r man sugen p\u00e5 utflykt varf\u00f6r inte prova n\u00e5gon av dessa. Bes\u00f6k Barcelona Melhavsstaden Barcelona ligger inspr\u00e4ngd mellan berg och hav, och erbjuder s\u00e5v\u00e4l sm\u00e5stadsk\u00e4nsla som storstadsmetropolisk puls. De 1,6 miljoner inv\u00e5narna jobbar [&hellip;]\" \/>\n<meta property=\"og:url\" content=\"https:\/\/inzain.bike\/es\/gir24-aktiviteter\/\" \/>\n<meta property=\"og:site_name\" content=\"INZAIN Cycling EXPERIENCES\" \/>\n<meta property=\"article:publisher\" content=\"https:\/\/www.facebook.com\/Inzain.bike\" \/>\n<meta property=\"article:modified_time\" content=\"2026-01-12T11:13:18+00:00\" \/>\n<meta property=\"og:image\" content=\"https:\/\/inzain.bike\/wp-content\/uploads\/2023\/11\/pexels-spolyakov-16762185-scaled.jpg\" \/>\n\t<meta property=\"og:image:width\" content=\"1978\" \/>\n\t<meta property=\"og:image:height\" content=\"2560\" \/>\n\t<meta property=\"og:image:type\" content=\"image\/jpeg\" \/>\n<meta name=\"twitter:card\" content=\"summary_large_image\" \/>\n<meta name=\"twitter:label1\" content=\"Tiempo de lectura\" \/>\n\t<meta name=\"twitter:data1\" content=\"5 minutos\" \/>\n<script type=\"application\/ld+json\" class=\"yoast-schema-graph\">{\"@context\":\"https:\/\/schema.org\",\"@graph\":[{\"@type\":\"WebPage\",\"@id\":\"https:\/\/inzain.bike\/gir24-aktiviteter\/\",\"url\":\"https:\/\/inzain.bike\/gir24-aktiviteter\/\",\"name\":\"Girona Aktiviteter - INZAIN Cycling EXPERIENCES\",\"isPartOf\":{\"@id\":\"https:\/\/inzain.bike\/fr_be\/#website\"},\"primaryImageOfPage\":{\"@id\":\"https:\/\/inzain.bike\/gir24-aktiviteter\/#primaryimage\"},\"image\":{\"@id\":\"https:\/\/inzain.bike\/gir24-aktiviteter\/#primaryimage\"},\"thumbnailUrl\":\"https:\/\/inzain.bike\/wp-content\/uploads\/2023\/11\/pexels-spolyakov-16762185-791x1024.jpg\",\"datePublished\":\"2023-11-11T19:47:14+00:00\",\"dateModified\":\"2026-01-12T11:13:18+00:00\",\"breadcrumb\":{\"@id\":\"https:\/\/inzain.bike\/gir24-aktiviteter\/#breadcrumb\"},\"inLanguage\":\"es\",\"potentialAction\":[{\"@type\":\"ReadAction\",\"target\":[\"https:\/\/inzain.bike\/gir24-aktiviteter\/\"]}]},{\"@type\":\"ImageObject\",\"inLanguage\":\"es\",\"@id\":\"https:\/\/inzain.bike\/gir24-aktiviteter\/#primaryimage\",\"url\":\"https:\/\/inzain.bike\/wp-content\/uploads\/2023\/11\/pexels-spolyakov-16762185-791x1024.jpg\",\"contentUrl\":\"https:\/\/inzain.bike\/wp-content\/uploads\/2023\/11\/pexels-spolyakov-16762185-791x1024.jpg\"},{\"@type\":\"BreadcrumbList\",\"@id\":\"https:\/\/inzain.bike\/gir24-aktiviteter\/#breadcrumb\",\"itemListElement\":[{\"@type\":\"ListItem\",\"position\":1,\"name\":\"Hem\",\"item\":\"https:\/\/inzain.bike\/fr_be\/\"},{\"@type\":\"ListItem\",\"position\":2,\"name\":\"Girona Aktiviteter\"}]},{\"@type\":\"WebSite\",\"@id\":\"https:\/\/inzain.bike\/fr_be\/#website\",\"url\":\"https:\/\/inzain.bike\/fr_be\/\",\"name\":\"INZAIN Cycling EXPERIENCES\",\"description\":\"Cyckling Adventures  - for everyone\",\"publisher\":{\"@id\":\"https:\/\/inzain.bike\/fr_be\/#organization\"},\"alternateName\":\"INZAIN Gravel & Travel\",\"potentialAction\":[{\"@type\":\"SearchAction\",\"target\":{\"@type\":\"EntryPoint\",\"urlTemplate\":\"https:\/\/inzain.bike\/fr_be\/?s={search_term_string}\"},\"query-input\":{\"@type\":\"PropertyValueSpecification\",\"valueRequired\":true,\"valueName\":\"search_term_string\"}}],\"inLanguage\":\"es\"},{\"@type\":\"Organization\",\"@id\":\"https:\/\/inzain.bike\/fr_be\/#organization\",\"name\":\"INZAIN Cycling EXPERIENCES\",\"url\":\"https:\/\/inzain.bike\/fr_be\/\",\"logo\":{\"@type\":\"ImageObject\",\"inLanguage\":\"es\",\"@id\":\"https:\/\/inzain.bike\/fr_be\/#\/schema\/logo\/image\/\",\"url\":\"https:\/\/i0.wp.com\/inzain.bike\/wp-content\/uploads\/2023\/09\/cropped-INZAIN_512x512_white.png?fit=512%2C512&ssl=1\",\"contentUrl\":\"https:\/\/i0.wp.com\/inzain.bike\/wp-content\/uploads\/2023\/09\/cropped-INZAIN_512x512_white.png?fit=512%2C512&ssl=1\",\"width\":512,\"height\":512,\"caption\":\"INZAIN Cycling EXPERIENCES\"},\"image\":{\"@id\":\"https:\/\/inzain.bike\/fr_be\/#\/schema\/logo\/image\/\"},\"sameAs\":[\"https:\/\/www.facebook.com\/Inzain.bike\",\"https:\/\/www.instagram.com\/inzainbike\"]}]}<\/script>\n<!-- \/ Yoast SEO plugin. -->","yoast_head_json":{"title":"Actividades en Girona - INZAIN Cycling EXPERIENCES","robots":{"index":"index","follow":"follow","max-snippet":"max-snippet:-1","max-image-preview":"max-image-preview:large","max-video-preview":"max-video-preview:-1"},"canonical":"https:\/\/inzain.bike\/es\/gir24-aktiviteter\/","og_locale":"es_ES","og_type":"article","og_title":"Girona Aktiviteter - INZAIN Cycling EXPERIENCES","og_description":"P\u00e5 v\u00e5r vilodag s\u00e5 finns flera val. Kanske vill man bara ta det lugnt, utforska Girona, dricka lite gott kaffe och vila. \u00c4r man sugen p\u00e5 utflykt varf\u00f6r inte prova n\u00e5gon av dessa. Bes\u00f6k Barcelona Melhavsstaden Barcelona ligger inspr\u00e4ngd mellan berg och hav, och erbjuder s\u00e5v\u00e4l sm\u00e5stadsk\u00e4nsla som storstadsmetropolisk puls. De 1,6 miljoner inv\u00e5narna jobbar [&hellip;]","og_url":"https:\/\/inzain.bike\/es\/gir24-aktiviteter\/","og_site_name":"INZAIN Cycling EXPERIENCES","article_publisher":"https:\/\/www.facebook.com\/Inzain.bike","article_modified_time":"2026-01-12T11:13:18+00:00","og_image":[{"width":1978,"height":2560,"url":"https:\/\/inzain.bike\/wp-content\/uploads\/2023\/11\/pexels-spolyakov-16762185-scaled.jpg","type":"image\/jpeg"}],"twitter_card":"summary_large_image","twitter_misc":{"Tiempo de lectura":"5 minutos"},"schema":{"@context":"https:\/\/schema.org","@graph":[{"@type":"WebPage","@id":"https:\/\/inzain.bike\/gir24-aktiviteter\/","url":"https:\/\/inzain.bike\/gir24-aktiviteter\/","name":"Actividades en Girona - INZAIN Cycling EXPERIENCES","isPartOf":{"@id":"https:\/\/inzain.bike\/fr_be\/#website"},"primaryImageOfPage":{"@id":"https:\/\/inzain.bike\/gir24-aktiviteter\/#primaryimage"},"image":{"@id":"https:\/\/inzain.bike\/gir24-aktiviteter\/#primaryimage"},"thumbnailUrl":"https:\/\/inzain.bike\/wp-content\/uploads\/2023\/11\/pexels-spolyakov-16762185-791x1024.jpg","datePublished":"2023-11-11T19:47:14+00:00","dateModified":"2026-01-12T11:13:18+00:00","breadcrumb":{"@id":"https:\/\/inzain.bike\/gir24-aktiviteter\/#breadcrumb"},"inLanguage":"es","potentialAction":[{"@type":"ReadAction","target":["https:\/\/inzain.bike\/gir24-aktiviteter\/"]}]},{"@type":"ImageObject","inLanguage":"es","@id":"https:\/\/inzain.bike\/gir24-aktiviteter\/#primaryimage","url":"https:\/\/inzain.bike\/wp-content\/uploads\/2023\/11\/pexels-spolyakov-16762185-791x1024.jpg","contentUrl":"https:\/\/inzain.bike\/wp-content\/uploads\/2023\/11\/pexels-spolyakov-16762185-791x1024.jpg"},{"@type":"BreadcrumbList","@id":"https:\/\/inzain.bike\/gir24-aktiviteter\/#breadcrumb","itemListElement":[{"@type":"ListItem","position":1,"name":"Hem","item":"https:\/\/inzain.bike\/fr_be\/"},{"@type":"ListItem","position":2,"name":"Girona Aktiviteter"}]},{"@type":"WebSite","@id":"https:\/\/inzain.bike\/fr_be\/#website","url":"https:\/\/inzain.bike\/fr_be\/","name":"EXPERIENCIAS Ciclismo INZAIN","description":"Aventuras en bicicleta: para todos","publisher":{"@id":"https:\/\/inzain.bike\/fr_be\/#organization"},"alternateName":"INZAIN Gravel & Travel","potentialAction":[{"@type":"SearchAction","target":{"@type":"EntryPoint","urlTemplate":"https:\/\/inzain.bike\/fr_be\/?s={search_term_string}"},"query-input":{"@type":"PropertyValueSpecification","valueRequired":true,"valueName":"search_term_string"}}],"inLanguage":"es"},{"@type":"Organization","@id":"https:\/\/inzain.bike\/fr_be\/#organization","name":"EXPERIENCIAS Ciclismo INZAIN","url":"https:\/\/inzain.bike\/fr_be\/","logo":{"@type":"ImageObject","inLanguage":"es","@id":"https:\/\/inzain.bike\/fr_be\/#\/schema\/logo\/image\/","url":"https:\/\/i0.wp.com\/inzain.bike\/wp-content\/uploads\/2023\/09\/cropped-INZAIN_512x512_white.png?fit=512%2C512&ssl=1","contentUrl":"https:\/\/i0.wp.com\/inzain.bike\/wp-content\/uploads\/2023\/09\/cropped-INZAIN_512x512_white.png?fit=512%2C512&ssl=1","width":512,"height":512,"caption":"INZAIN Cycling EXPERIENCES"},"image":{"@id":"https:\/\/inzain.bike\/fr_be\/#\/schema\/logo\/image\/"},"sameAs":["https:\/\/www.facebook.com\/Inzain.bike","https:\/\/www.instagram.com\/inzainbike"]}]}},"amp_enabled":true,"_links":{"self":[{"href":"https:\/\/inzain.bike\/es\/wp-json\/wp\/v2\/pages\/5144","targetHints":{"allow":["GET"]}}],"collection":[{"href":"https:\/\/inzain.bike\/es\/wp-json\/wp\/v2\/pages"}],"about":[{"href":"https:\/\/inzain.bike\/es\/wp-json\/wp\/v2\/types\/page"}],"author":[{"embeddable":true,"href":"https:\/\/inzain.bike\/es\/wp-json\/wp\/v2\/users\/135133094"}],"replies":[{"embeddable":true,"href":"https:\/\/inzain.bike\/es\/wp-json\/wp\/v2\/comments?post=5144"}],"version-history":[{"count":1,"href":"https:\/\/inzain.bike\/es\/wp-json\/wp\/v2\/pages\/5144\/revisions"}],"predecessor-version":[{"id":9057,"href":"https:\/\/inzain.bike\/es\/wp-json\/wp\/v2\/pages\/5144\/revisions\/9057"}],"wp:attachment":[{"href":"https:\/\/inzain.bike\/es\/wp-json\/wp\/v2\/media?parent=5144"}],"curies":[{"name":"gracias","href":"https:\/\/api.w.org\/{rel}","templated":true}]}}