{"id":5232,"date":"2023-11-15T15:38:13","date_gmt":"2023-11-15T14:38:13","guid":{"rendered":"https:\/\/inzain.bike\/?page_id=5232"},"modified":"2023-11-15T15:53:37","modified_gmt":"2023-11-15T14:53:37","slug":"om-aland","status":"publish","type":"page","link":"https:\/\/inzain.bike\/es\/om-aland\/","title":{"rendered":"Acerca de \u00c5land"},"content":{"rendered":"<div class=\"wp-block-columns alignwide is-layout-flex wp-container-core-columns-is-layout-28f84493 wp-block-columns-is-layout-flex\">\n<div class=\"wp-block-column is-layout-flow wp-block-column-is-layout-flow\">\n<figure class=\"wp-block-image size-full\"><img loading=\"lazy\" decoding=\"async\" width=\"640\" height=\"425\" src=\"https:\/\/inzain.bike\/wp-content\/uploads\/2023\/11\/Aland.jpg\" alt=\"\" class=\"wp-image-5230\" srcset=\"https:\/\/inzain.bike\/wp-content\/uploads\/2023\/11\/Aland.jpg 640w, https:\/\/inzain.bike\/wp-content\/uploads\/2023\/11\/Aland-300x199.jpg 300w, https:\/\/inzain.bike\/wp-content\/uploads\/2023\/11\/Aland-18x12.jpg 18w, https:\/\/inzain.bike\/wp-content\/uploads\/2023\/11\/Aland-600x398.jpg 600w\" sizes=\"auto, (max-width: 640px) 100vw, 640px\" \/><\/figure>\n\n\n\n<p>En \u00c5land encontrar\u00e1 el archipi\u00e9lago m\u00e1s bello del mundo y mucha naturaleza virgen. Aqu\u00ed podr\u00e1s disfrutar de una vida donde reina el tiempo en la isla. La proximidad a todo significa que tienes m\u00e1s tiempo para vivir. Tienes 10 minutos para la carrera. A 10 minutos de la guarder\u00eda y la escuela. A 10 minutos de ocio y actividades.<\/p>\n\n\n\n<h2 class=\"wp-block-heading\">En medio de los n\u00f3rdicos<\/h2>\n\n\n\n<p>\u00c5land pertenece a Finlandia, pero la proximidad con Suecia es clara en cultura y costumbres. Los platos n\u00f3rdicos cl\u00e1sicos, como las alb\u00f3ndigas, por ejemplo, se sienten tan de \u00c5land como suecos. Los habitantes de \u00c5land tambi\u00e9n hablan sueco y les gusta ver la televisi\u00f3n sueca.<\/p>\n\n\n\n<h2 class=\"wp-block-heading\">Archipi\u00e9lago, campo y mucho sol.<\/h2>\n\n\n\n<p>El entorno es variado, desde los escarpados acantilados del archipi\u00e9lago exterior hasta los bosques y los f\u00e9rtiles paisajes agr\u00edcolas de la s\u00f3lida \u00c5land.<\/p>\n\n\n\n<p>El clima es t\u00edpico mar\u00edtimo con inviernos relativamente suaves, primaveras frescas, veranos normales y oto\u00f1os ligeramente m\u00e1s c\u00e1lidos. La isla tiene la mayor cantidad de horas de sol de los pa\u00edses n\u00f3rdicos durante el semestre de verano.<\/p>\n\n\n\n<h2 class=\"wp-block-heading\">Red de carreteras con carreteras rojas, puentes y transbordadores de coches<\/h2>\n\n\n\n<p>Los caminos rurales son rojos, el color proviene del granito rojo de la roca. Aqu\u00ed no hay tren ni metro, pero donde terminan las carreteras se puede continuar el viaje en ferry hasta las islas del archipi\u00e9lago.<\/p>\n\n\n\n<p>La historia de \u00c5land comenz\u00f3 entonces con la superficie terrestre que ahora forma&nbsp;<a href=\"https:\/\/sv.wikipedia.org\/wiki\/%C3%85land\">Una tierra<\/a>&nbsp;poblado alrededor del 4200 a.C. \u00c5land fue cristianizada a principios del siglo XI. \u00c5land era parte de&nbsp;<a href=\"https:\/\/sv.wikipedia.org\/wiki\/Sverige\">Suecia<\/a>hasta 1809 entonces&nbsp;<a href=\"https:\/\/sv.wikipedia.org\/wiki\/Finland\">Finlandia<\/a>&nbsp;incluyendo \u00c5land i&nbsp;<a href=\"https:\/\/sv.wikipedia.org\/wiki\/Freden_i_Fredrikshamn\">Paz en Fredrikshamn<\/a>&nbsp;cay\u00f3 ante Rusia. <\/p>\n\n\n\n<p>Durante el per\u00edodo ruso, 1809-1917, se construy\u00f3&nbsp;<a href=\"https:\/\/sv.wikipedia.org\/wiki\/Bomarsunds_f%C3%A4stning\">La fortaleza de Bomarsund<\/a>&nbsp;y&nbsp;<a href=\"https:\/\/sv.wikipedia.org\/wiki\/Mariehamn\">Mariehamn<\/a>&nbsp;fue fundada. Despu\u00e9s&nbsp;<a href=\"https:\/\/sv.wikipedia.org\/wiki\/Finlands_sj%C3%A4lvst%C3%A4ndighet\">Finlandia declar\u00f3 su independencia<\/a>&nbsp;Quer\u00eda que los habitantes de \u00c5land se reunieran con Suecia. En cambio, \u00c5land consigui\u00f3&nbsp;<a href=\"https:\/\/sv.wikipedia.org\/wiki\/%C3%85lands_sj%C3%A4lvstyrelse\">autonom\u00eda<\/a>&nbsp;1922 tras la intervenci\u00f3n de la Sociedad de Naciones. Al panorama aut\u00f3nomo se le ha otorgado una autonom\u00eda ampliada desde 1922 hasta la actualidad.<\/p>\n<\/div>\n<\/div>","protected":false},"excerpt":{"rendered":"<p>P\u00e5 \u00c5land hittar du v\u00e4rldens vackraste sk\u00e4rg\u00e5rd och m\u00e4ngder av or\u00f6rd natur. H\u00e4r kan du njuta av ett liv d\u00e4r \u00f6-tiden styr. N\u00e4rheten till allt betyder att du f\u00e5r mer tid till livet. Du har 10 minuter till karri\u00e4ren. 10 minuter till dagis och skola. 10 minuter till fritid och aktiviteter. Mitt i Norden \u00c5land [&hellip;]<\/p>\n","protected":false},"author":135133094,"featured_media":0,"parent":0,"menu_order":0,"comment_status":"closed","ping_status":"closed","template":"","meta":{"_coblocks_attr":"","_coblocks_dimensions":"","_coblocks_responsive_height":"","_coblocks_accordion_ie_support":"","footnotes":""},"class_list":["post-5232","page","type-page","status-publish","hentry"],"yoast_head":"<!-- This site is optimized with the Yoast SEO plugin v27.2 - https:\/\/yoast.com\/product\/yoast-seo-wordpress\/ -->\n<title>Om \u00c5land - INZAIN Cycling EXPERIENCES<\/title>\n<meta name=\"robots\" content=\"index, follow, max-snippet:-1, max-image-preview:large, max-video-preview:-1\" \/>\n<link rel=\"canonical\" href=\"https:\/\/inzain.bike\/es\/om-aland\/\" \/>\n<meta property=\"og:locale\" content=\"es_ES\" \/>\n<meta property=\"og:type\" content=\"article\" \/>\n<meta property=\"og:title\" content=\"Om \u00c5land - INZAIN Cycling EXPERIENCES\" \/>\n<meta property=\"og:description\" content=\"P\u00e5 \u00c5land hittar du v\u00e4rldens vackraste sk\u00e4rg\u00e5rd och m\u00e4ngder av or\u00f6rd natur. H\u00e4r kan du njuta av ett liv d\u00e4r \u00f6-tiden styr. N\u00e4rheten till allt betyder att du f\u00e5r mer tid till livet. Du har 10 minuter till karri\u00e4ren. 10 minuter till dagis och skola. 10 minuter till fritid och aktiviteter. Mitt i Norden \u00c5land [&hellip;]\" \/>\n<meta property=\"og:url\" content=\"https:\/\/inzain.bike\/es\/om-aland\/\" \/>\n<meta property=\"og:site_name\" content=\"INZAIN Cycling EXPERIENCES\" \/>\n<meta property=\"article:publisher\" content=\"https:\/\/www.facebook.com\/Inzain.bike\" \/>\n<meta property=\"article:modified_time\" content=\"2023-11-15T14:53:37+00:00\" \/>\n<meta property=\"og:image\" content=\"https:\/\/inzain.bike\/wp-content\/uploads\/2023\/11\/Aland.jpg\" \/>\n<meta name=\"twitter:card\" content=\"summary_large_image\" \/>\n<meta name=\"twitter:label1\" content=\"Tiempo de lectura\" \/>\n\t<meta name=\"twitter:data1\" content=\"2 minutos\" \/>\n<script type=\"application\/ld+json\" class=\"yoast-schema-graph\">{\"@context\":\"https:\/\/schema.org\",\"@graph\":[{\"@type\":\"WebPage\",\"@id\":\"https:\/\/inzain.bike\/en_gb\/om-aland\/\",\"url\":\"https:\/\/inzain.bike\/en_gb\/om-aland\/\",\"name\":\"Om \u00c5land - INZAIN Cycling EXPERIENCES\",\"isPartOf\":{\"@id\":\"https:\/\/inzain.bike\/fr_be\/#website\"},\"primaryImageOfPage\":{\"@id\":\"https:\/\/inzain.bike\/en_gb\/om-aland\/#primaryimage\"},\"image\":{\"@id\":\"https:\/\/inzain.bike\/en_gb\/om-aland\/#primaryimage\"},\"thumbnailUrl\":\"https:\/\/inzain.bike\/wp-content\/uploads\/2023\/11\/Aland.jpg\",\"datePublished\":\"2023-11-15T14:38:13+00:00\",\"dateModified\":\"2023-11-15T14:53:37+00:00\",\"breadcrumb\":{\"@id\":\"https:\/\/inzain.bike\/en_gb\/om-aland\/#breadcrumb\"},\"inLanguage\":\"es\",\"potentialAction\":[{\"@type\":\"ReadAction\",\"target\":[\"https:\/\/inzain.bike\/en_gb\/om-aland\/\"]}]},{\"@type\":\"ImageObject\",\"inLanguage\":\"es\",\"@id\":\"https:\/\/inzain.bike\/en_gb\/om-aland\/#primaryimage\",\"url\":\"https:\/\/inzain.bike\/wp-content\/uploads\/2023\/11\/Aland.jpg\",\"contentUrl\":\"https:\/\/inzain.bike\/wp-content\/uploads\/2023\/11\/Aland.jpg\"},{\"@type\":\"BreadcrumbList\",\"@id\":\"https:\/\/inzain.bike\/en_gb\/om-aland\/#breadcrumb\",\"itemListElement\":[{\"@type\":\"ListItem\",\"position\":1,\"name\":\"Hem\",\"item\":\"https:\/\/inzain.bike\/fr_be\/\"},{\"@type\":\"ListItem\",\"position\":2,\"name\":\"Om \u00c5land\"}]},{\"@type\":\"WebSite\",\"@id\":\"https:\/\/inzain.bike\/fr_be\/#website\",\"url\":\"https:\/\/inzain.bike\/fr_be\/\",\"name\":\"INZAIN Cycling EXPERIENCES\",\"description\":\"Cyckling Adventures  - for everyone\",\"publisher\":{\"@id\":\"https:\/\/inzain.bike\/fr_be\/#organization\"},\"alternateName\":\"INZAIN Gravel & Travel\",\"potentialAction\":[{\"@type\":\"SearchAction\",\"target\":{\"@type\":\"EntryPoint\",\"urlTemplate\":\"https:\/\/inzain.bike\/fr_be\/?s={search_term_string}\"},\"query-input\":{\"@type\":\"PropertyValueSpecification\",\"valueRequired\":true,\"valueName\":\"search_term_string\"}}],\"inLanguage\":\"es\"},{\"@type\":\"Organization\",\"@id\":\"https:\/\/inzain.bike\/fr_be\/#organization\",\"name\":\"INZAIN Cycling EXPERIENCES\",\"url\":\"https:\/\/inzain.bike\/fr_be\/\",\"logo\":{\"@type\":\"ImageObject\",\"inLanguage\":\"es\",\"@id\":\"https:\/\/inzain.bike\/fr_be\/#\/schema\/logo\/image\/\",\"url\":\"https:\/\/i0.wp.com\/inzain.bike\/wp-content\/uploads\/2023\/09\/cropped-INZAIN_512x512_white.png?fit=512%2C512&ssl=1\",\"contentUrl\":\"https:\/\/i0.wp.com\/inzain.bike\/wp-content\/uploads\/2023\/09\/cropped-INZAIN_512x512_white.png?fit=512%2C512&ssl=1\",\"width\":512,\"height\":512,\"caption\":\"INZAIN Cycling EXPERIENCES\"},\"image\":{\"@id\":\"https:\/\/inzain.bike\/fr_be\/#\/schema\/logo\/image\/\"},\"sameAs\":[\"https:\/\/www.facebook.com\/Inzain.bike\",\"https:\/\/www.instagram.com\/inzainbike\"]}]}<\/script>\n<!-- \/ Yoast SEO plugin. -->","yoast_head_json":{"title":"Acerca de \u00c5land - EXPERIENCIAS CICLISMO INZAIN","robots":{"index":"index","follow":"follow","max-snippet":"max-snippet:-1","max-image-preview":"max-image-preview:large","max-video-preview":"max-video-preview:-1"},"canonical":"https:\/\/inzain.bike\/es\/om-aland\/","og_locale":"es_ES","og_type":"article","og_title":"Om \u00c5land - INZAIN Cycling EXPERIENCES","og_description":"P\u00e5 \u00c5land hittar du v\u00e4rldens vackraste sk\u00e4rg\u00e5rd och m\u00e4ngder av or\u00f6rd natur. H\u00e4r kan du njuta av ett liv d\u00e4r \u00f6-tiden styr. N\u00e4rheten till allt betyder att du f\u00e5r mer tid till livet. Du har 10 minuter till karri\u00e4ren. 10 minuter till dagis och skola. 10 minuter till fritid och aktiviteter. Mitt i Norden \u00c5land [&hellip;]","og_url":"https:\/\/inzain.bike\/es\/om-aland\/","og_site_name":"INZAIN Cycling EXPERIENCES","article_publisher":"https:\/\/www.facebook.com\/Inzain.bike","article_modified_time":"2023-11-15T14:53:37+00:00","og_image":[{"url":"https:\/\/inzain.bike\/wp-content\/uploads\/2023\/11\/Aland.jpg","type":"","width":"","height":""}],"twitter_card":"summary_large_image","twitter_misc":{"Tiempo de lectura":"2 minutos"},"schema":{"@context":"https:\/\/schema.org","@graph":[{"@type":"WebPage","@id":"https:\/\/inzain.bike\/en_gb\/om-aland\/","url":"https:\/\/inzain.bike\/en_gb\/om-aland\/","name":"Acerca de \u00c5land - EXPERIENCIAS CICLISMO INZAIN","isPartOf":{"@id":"https:\/\/inzain.bike\/fr_be\/#website"},"primaryImageOfPage":{"@id":"https:\/\/inzain.bike\/en_gb\/om-aland\/#primaryimage"},"image":{"@id":"https:\/\/inzain.bike\/en_gb\/om-aland\/#primaryimage"},"thumbnailUrl":"https:\/\/inzain.bike\/wp-content\/uploads\/2023\/11\/Aland.jpg","datePublished":"2023-11-15T14:38:13+00:00","dateModified":"2023-11-15T14:53:37+00:00","breadcrumb":{"@id":"https:\/\/inzain.bike\/en_gb\/om-aland\/#breadcrumb"},"inLanguage":"es","potentialAction":[{"@type":"ReadAction","target":["https:\/\/inzain.bike\/en_gb\/om-aland\/"]}]},{"@type":"ImageObject","inLanguage":"es","@id":"https:\/\/inzain.bike\/en_gb\/om-aland\/#primaryimage","url":"https:\/\/inzain.bike\/wp-content\/uploads\/2023\/11\/Aland.jpg","contentUrl":"https:\/\/inzain.bike\/wp-content\/uploads\/2023\/11\/Aland.jpg"},{"@type":"BreadcrumbList","@id":"https:\/\/inzain.bike\/en_gb\/om-aland\/#breadcrumb","itemListElement":[{"@type":"ListItem","position":1,"name":"Hem","item":"https:\/\/inzain.bike\/fr_be\/"},{"@type":"ListItem","position":2,"name":"Om \u00c5land"}]},{"@type":"WebSite","@id":"https:\/\/inzain.bike\/fr_be\/#website","url":"https:\/\/inzain.bike\/fr_be\/","name":"EXPERIENCIAS Ciclismo INZAIN","description":"Aventuras en bicicleta: para todos","publisher":{"@id":"https:\/\/inzain.bike\/fr_be\/#organization"},"alternateName":"INZAIN Gravel & Travel","potentialAction":[{"@type":"SearchAction","target":{"@type":"EntryPoint","urlTemplate":"https:\/\/inzain.bike\/fr_be\/?s={search_term_string}"},"query-input":{"@type":"PropertyValueSpecification","valueRequired":true,"valueName":"search_term_string"}}],"inLanguage":"es"},{"@type":"Organization","@id":"https:\/\/inzain.bike\/fr_be\/#organization","name":"EXPERIENCIAS Ciclismo INZAIN","url":"https:\/\/inzain.bike\/fr_be\/","logo":{"@type":"ImageObject","inLanguage":"es","@id":"https:\/\/inzain.bike\/fr_be\/#\/schema\/logo\/image\/","url":"https:\/\/i0.wp.com\/inzain.bike\/wp-content\/uploads\/2023\/09\/cropped-INZAIN_512x512_white.png?fit=512%2C512&ssl=1","contentUrl":"https:\/\/i0.wp.com\/inzain.bike\/wp-content\/uploads\/2023\/09\/cropped-INZAIN_512x512_white.png?fit=512%2C512&ssl=1","width":512,"height":512,"caption":"INZAIN Cycling EXPERIENCES"},"image":{"@id":"https:\/\/inzain.bike\/fr_be\/#\/schema\/logo\/image\/"},"sameAs":["https:\/\/www.facebook.com\/Inzain.bike","https:\/\/www.instagram.com\/inzainbike"]}]}},"amp_enabled":true,"_links":{"self":[{"href":"https:\/\/inzain.bike\/es\/wp-json\/wp\/v2\/pages\/5232","targetHints":{"allow":["GET"]}}],"collection":[{"href":"https:\/\/inzain.bike\/es\/wp-json\/wp\/v2\/pages"}],"about":[{"href":"https:\/\/inzain.bike\/es\/wp-json\/wp\/v2\/types\/page"}],"author":[{"embeddable":true,"href":"https:\/\/inzain.bike\/es\/wp-json\/wp\/v2\/users\/135133094"}],"replies":[{"embeddable":true,"href":"https:\/\/inzain.bike\/es\/wp-json\/wp\/v2\/comments?post=5232"}],"version-history":[{"count":0,"href":"https:\/\/inzain.bike\/es\/wp-json\/wp\/v2\/pages\/5232\/revisions"}],"wp:attachment":[{"href":"https:\/\/inzain.bike\/es\/wp-json\/wp\/v2\/media?parent=5232"}],"curies":[{"name":"gracias","href":"https:\/\/api.w.org\/{rel}","templated":true}]}}