{"id":5475,"date":"2023-11-17T13:39:29","date_gmt":"2023-11-17T12:39:29","guid":{"rendered":"https:\/\/inzain.bike\/?page_id=5475"},"modified":"2024-03-09T09:52:54","modified_gmt":"2024-03-09T08:52:54","slug":"pyr-24-anmalan","status":"publish","type":"page","link":"https:\/\/inzain.bike\/es\/pyr-24-anmalan\/","title":{"rendered":"Inscripci\u00f3n Pirineo 2024"},"content":{"rendered":"<figure class=\"wp-block-image alignwide size-full\"><img decoding=\"async\" src=\"https:\/\/inzain.bike\/wp-content\/uploads\/2023\/11\/pyreneerna_pic-1.jpg\" alt=\"\" class=\"wp-image-5476\"\/><\/figure>\n\n\n\n<div class=\"wp-block-columns alignwide is-layout-flex wp-container-core-columns-is-layout-28f84493 wp-block-columns-is-layout-flex\" style=\"border-width:18px;border-radius:0px\">\n<div class=\"wp-block-column has-pale-cyan-blue-background-color has-background is-layout-flow wp-block-column-is-layout-flow\">\n<p class=\"has-roboto-font-family has-custom-font\" style=\"padding-top:var(--wp--preset--spacing--40);padding-right:var(--wp--preset--spacing--70);padding-bottom:var(--wp--preset--spacing--40);padding-left:var(--wp--preset--spacing--70);font-family:Roboto;font-size:30px\"><strong>\u00bfQu\u00e9 puedes esperar?<\/strong>?<\/p>\n\n\n\n<p class=\"has-roboto-font-family has-custom-font\" style=\"padding-top:0;padding-right:var(--wp--preset--spacing--70);padding-bottom:0;padding-left:var(--wp--preset--spacing--70);font-family:Roboto;font-size:30px\">Puedes elegir entre varios grupos de velocidades diferentes: tranquila, r\u00e1pida e intermedia. No importa lo que elijas, nuestros gu\u00edas se asegurar\u00e1n de que nadie se quede atr\u00e1s y que tengas una gran experiencia. Con suficiente antelaci\u00f3n al evento, le enviaremos cuestionarios sobre ciclismo y nuestra famosa gu\u00eda del ciclista, que contiene todo lo que necesita saber.<br><br><\/p>\n<\/div>\n<\/div>\n\n\n\n<div class=\"wp-block-columns alignwide is-layout-flex wp-container-core-columns-is-layout-28f84493 wp-block-columns-is-layout-flex\" style=\"border-width:18px;border-radius:0px\">\n<div class=\"wp-block-column has-cyan-bluish-gray-background-color has-background is-layout-flow wp-block-column-is-layout-flow\">\n<p class=\"has-roboto-font-family has-custom-font\" style=\"padding-top:0;padding-right:var(--wp--preset--spacing--70);padding-bottom:0;padding-left:var(--wp--preset--spacing--70);font-family:Roboto;font-size:30px\"><br><strong> Selecciona tipo de alojamiento<\/strong><\/p>\n\n\n\n<p class=\"has-roboto-font-family has-custom-font\" style=\"padding-top:0;padding-right:var(--wp--preset--spacing--70);padding-bottom:0;padding-left:var(--wp--preset--spacing--70);font-family:Roboto;font-size:25px\"><strong>\u00bfQue esta incluido?<\/strong><br>Alojamiento 6 noches en hotel muy bonito.<br>Desayuno <br>Energ\u00eda<br>Gu\u00edas<br>Coche de escolta que lleva maletas.<br><br><\/p>\n<\/div>\n\n\n\n<div class=\"wp-block-column is-layout-flow wp-block-column-is-layout-flow\" style=\"border-style:none;border-width:0px\">\n<figure class=\"wp-block-image size-full\"><img loading=\"lazy\" decoding=\"async\" width=\"800\" height=\"800\" src=\"https:\/\/inzain.bike\/wp-content\/uploads\/2022\/06\/fully.jpg\" alt=\"\" class=\"wp-image-1677\" srcset=\"https:\/\/inzain.bike\/wp-content\/uploads\/2022\/06\/fully.jpg 800w, https:\/\/inzain.bike\/wp-content\/uploads\/2022\/06\/fully-300x300.jpg 300w, https:\/\/inzain.bike\/wp-content\/uploads\/2022\/06\/fully-150x150.jpg 150w, https:\/\/inzain.bike\/wp-content\/uploads\/2022\/06\/fully-768x768.jpg 768w, https:\/\/inzain.bike\/wp-content\/uploads\/2022\/06\/fully-12x12.jpg 12w, https:\/\/inzain.bike\/wp-content\/uploads\/2022\/06\/fully-600x600.jpg 600w, https:\/\/inzain.bike\/wp-content\/uploads\/2022\/06\/fully-100x100.jpg 100w\" sizes=\"auto, (max-width: 800px) 100vw, 800px\" \/><\/figure>\n<\/div>\n<\/div>\n\n\n\n<div class=\"wp-block-columns alignwide is-layout-flex wp-container-core-columns-is-layout-28f84493 wp-block-columns-is-layout-flex\">\n<div class=\"wp-block-column is-layout-flow wp-block-column-is-layout-flow\"><\/div>\n\n\n\n<div class=\"wp-block-column is-layout-flow wp-block-column-is-layout-flow\">\n<div class=\"wp-block-buttons is-content-justification-right is-layout-flex wp-container-core-buttons-is-layout-d445cf74 wp-block-buttons-is-layout-flex\">\n<div class=\"wp-block-button has-custom-width wp-block-button__width-75 is-style-circular\"><a class=\"wp-block-button__link has-vivid-cyan-blue-background-color has-background wp-element-button\" href=\"https:\/\/inzain.bike\/es\/varukorg\/\">Siga adelante<\/a><\/div>\n<\/div>\n<\/div>\n<\/div>","protected":false},"excerpt":{"rendered":"<p>Vad kan du f\u00f6rv\u00e4nta dig? Du kan v\u00e4lja bland flera olika fartgrupper lugn, snabb och mellan. Oavsett vad du v\u00e4ljer kommer v\u00e5ra guider att se till att ingen l\u00e4mnas och att du f\u00e5r en fantastisk upplevelse. I god tid innan eventet kommer vi skicka ut fr\u00e5geformul\u00e4r om cyklingen och v\u00e5r ber\u00f6mda riders guide som inneh\u00e5ller [&hellip;]<\/p>\n","protected":false},"author":135133094,"featured_media":0,"parent":0,"menu_order":0,"comment_status":"closed","ping_status":"closed","template":"","meta":{"_coblocks_attr":"","_coblocks_dimensions":"","_coblocks_responsive_height":"","_coblocks_accordion_ie_support":"","footnotes":""},"class_list":["post-5475","page","type-page","status-publish","hentry"],"yoast_head":"<!-- This site is optimized with the Yoast SEO plugin v27.2 - https:\/\/yoast.com\/product\/yoast-seo-wordpress\/ -->\n<title>Pyren\u00e9erna 2024 Anm\u00e4lan - INZAIN Cycling EXPERIENCES<\/title>\n<meta name=\"robots\" content=\"index, follow, max-snippet:-1, max-image-preview:large, max-video-preview:-1\" \/>\n<link rel=\"canonical\" href=\"https:\/\/inzain.bike\/es\/pyr-24-anmalan\/\" \/>\n<meta property=\"og:locale\" content=\"es_ES\" \/>\n<meta property=\"og:type\" content=\"article\" \/>\n<meta property=\"og:title\" content=\"Pyren\u00e9erna 2024 Anm\u00e4lan - INZAIN Cycling EXPERIENCES\" \/>\n<meta property=\"og:description\" content=\"Vad kan du f\u00f6rv\u00e4nta dig? Du kan v\u00e4lja bland flera olika fartgrupper lugn, snabb och mellan. Oavsett vad du v\u00e4ljer kommer v\u00e5ra guider att se till att ingen l\u00e4mnas och att du f\u00e5r en fantastisk upplevelse. I god tid innan eventet kommer vi skicka ut fr\u00e5geformul\u00e4r om cyklingen och v\u00e5r ber\u00f6mda riders guide som inneh\u00e5ller [&hellip;]\" \/>\n<meta property=\"og:url\" content=\"https:\/\/inzain.bike\/es\/pyr-24-anmalan\/\" \/>\n<meta property=\"og:site_name\" content=\"INZAIN Cycling EXPERIENCES\" \/>\n<meta property=\"article:publisher\" content=\"https:\/\/www.facebook.com\/Inzain.bike\" \/>\n<meta property=\"article:modified_time\" content=\"2024-03-09T08:52:54+00:00\" \/>\n<meta property=\"og:image\" content=\"https:\/\/inzain.bike\/wp-content\/uploads\/2023\/11\/pyreneerna_pic-1.jpg\" \/>\n<meta name=\"twitter:card\" content=\"summary_large_image\" \/>\n<meta name=\"twitter:label1\" content=\"Tiempo de lectura\" \/>\n\t<meta name=\"twitter:data1\" content=\"1 minuto\" \/>\n<script type=\"application\/ld+json\" class=\"yoast-schema-graph\">{\"@context\":\"https:\/\/schema.org\",\"@graph\":[{\"@type\":\"WebPage\",\"@id\":\"https:\/\/inzain.bike\/en_gb\/pyr-24-anmalan\/\",\"url\":\"https:\/\/inzain.bike\/en_gb\/pyr-24-anmalan\/\",\"name\":\"Pyren\u00e9erna 2024 Anm\u00e4lan - INZAIN Cycling EXPERIENCES\",\"isPartOf\":{\"@id\":\"https:\/\/inzain.bike\/fr_be\/#website\"},\"primaryImageOfPage\":{\"@id\":\"https:\/\/inzain.bike\/en_gb\/pyr-24-anmalan\/#primaryimage\"},\"image\":{\"@id\":\"https:\/\/inzain.bike\/en_gb\/pyr-24-anmalan\/#primaryimage\"},\"thumbnailUrl\":\"https:\/\/inzain.bike\/wp-content\/uploads\/2023\/11\/pyreneerna_pic-1.jpg\",\"datePublished\":\"2023-11-17T12:39:29+00:00\",\"dateModified\":\"2024-03-09T08:52:54+00:00\",\"breadcrumb\":{\"@id\":\"https:\/\/inzain.bike\/en_gb\/pyr-24-anmalan\/#breadcrumb\"},\"inLanguage\":\"es\",\"potentialAction\":[{\"@type\":\"ReadAction\",\"target\":[\"https:\/\/inzain.bike\/en_gb\/pyr-24-anmalan\/\"]}]},{\"@type\":\"ImageObject\",\"inLanguage\":\"es\",\"@id\":\"https:\/\/inzain.bike\/en_gb\/pyr-24-anmalan\/#primaryimage\",\"url\":\"https:\/\/inzain.bike\/wp-content\/uploads\/2023\/11\/pyreneerna_pic-1.jpg\",\"contentUrl\":\"https:\/\/inzain.bike\/wp-content\/uploads\/2023\/11\/pyreneerna_pic-1.jpg\"},{\"@type\":\"BreadcrumbList\",\"@id\":\"https:\/\/inzain.bike\/en_gb\/pyr-24-anmalan\/#breadcrumb\",\"itemListElement\":[{\"@type\":\"ListItem\",\"position\":1,\"name\":\"Hem\",\"item\":\"https:\/\/inzain.bike\/fr_be\/\"},{\"@type\":\"ListItem\",\"position\":2,\"name\":\"Pyren\u00e9erna 2024 Anm\u00e4lan\"}]},{\"@type\":\"WebSite\",\"@id\":\"https:\/\/inzain.bike\/fr_be\/#website\",\"url\":\"https:\/\/inzain.bike\/fr_be\/\",\"name\":\"INZAIN Cycling EXPERIENCES\",\"description\":\"Cyckling Adventures  - for everyone\",\"publisher\":{\"@id\":\"https:\/\/inzain.bike\/fr_be\/#organization\"},\"alternateName\":\"INZAIN Gravel & Travel\",\"potentialAction\":[{\"@type\":\"SearchAction\",\"target\":{\"@type\":\"EntryPoint\",\"urlTemplate\":\"https:\/\/inzain.bike\/fr_be\/?s={search_term_string}\"},\"query-input\":{\"@type\":\"PropertyValueSpecification\",\"valueRequired\":true,\"valueName\":\"search_term_string\"}}],\"inLanguage\":\"es\"},{\"@type\":\"Organization\",\"@id\":\"https:\/\/inzain.bike\/fr_be\/#organization\",\"name\":\"INZAIN Cycling EXPERIENCES\",\"url\":\"https:\/\/inzain.bike\/fr_be\/\",\"logo\":{\"@type\":\"ImageObject\",\"inLanguage\":\"es\",\"@id\":\"https:\/\/inzain.bike\/fr_be\/#\/schema\/logo\/image\/\",\"url\":\"https:\/\/i0.wp.com\/inzain.bike\/wp-content\/uploads\/2023\/09\/cropped-INZAIN_512x512_white.png?fit=512%2C512&ssl=1\",\"contentUrl\":\"https:\/\/i0.wp.com\/inzain.bike\/wp-content\/uploads\/2023\/09\/cropped-INZAIN_512x512_white.png?fit=512%2C512&ssl=1\",\"width\":512,\"height\":512,\"caption\":\"INZAIN Cycling EXPERIENCES\"},\"image\":{\"@id\":\"https:\/\/inzain.bike\/fr_be\/#\/schema\/logo\/image\/\"},\"sameAs\":[\"https:\/\/www.facebook.com\/Inzain.bike\",\"https:\/\/www.instagram.com\/inzainbike\"]}]}<\/script>\n<!-- \/ Yoast SEO plugin. -->","yoast_head_json":{"title":"Inscripci\u00f3n Pirineos 2024 - INZAIN Cycling EXPERIENCES","robots":{"index":"index","follow":"follow","max-snippet":"max-snippet:-1","max-image-preview":"max-image-preview:large","max-video-preview":"max-video-preview:-1"},"canonical":"https:\/\/inzain.bike\/es\/pyr-24-anmalan\/","og_locale":"es_ES","og_type":"article","og_title":"Pyren\u00e9erna 2024 Anm\u00e4lan - INZAIN Cycling EXPERIENCES","og_description":"Vad kan du f\u00f6rv\u00e4nta dig? Du kan v\u00e4lja bland flera olika fartgrupper lugn, snabb och mellan. Oavsett vad du v\u00e4ljer kommer v\u00e5ra guider att se till att ingen l\u00e4mnas och att du f\u00e5r en fantastisk upplevelse. I god tid innan eventet kommer vi skicka ut fr\u00e5geformul\u00e4r om cyklingen och v\u00e5r ber\u00f6mda riders guide som inneh\u00e5ller [&hellip;]","og_url":"https:\/\/inzain.bike\/es\/pyr-24-anmalan\/","og_site_name":"INZAIN Cycling EXPERIENCES","article_publisher":"https:\/\/www.facebook.com\/Inzain.bike","article_modified_time":"2024-03-09T08:52:54+00:00","og_image":[{"url":"https:\/\/inzain.bike\/wp-content\/uploads\/2023\/11\/pyreneerna_pic-1.jpg","type":"","width":"","height":""}],"twitter_card":"summary_large_image","twitter_misc":{"Tiempo de lectura":"1 minuto"},"schema":{"@context":"https:\/\/schema.org","@graph":[{"@type":"WebPage","@id":"https:\/\/inzain.bike\/en_gb\/pyr-24-anmalan\/","url":"https:\/\/inzain.bike\/en_gb\/pyr-24-anmalan\/","name":"Inscripci\u00f3n Pirineos 2024 - INZAIN Cycling EXPERIENCES","isPartOf":{"@id":"https:\/\/inzain.bike\/fr_be\/#website"},"primaryImageOfPage":{"@id":"https:\/\/inzain.bike\/en_gb\/pyr-24-anmalan\/#primaryimage"},"image":{"@id":"https:\/\/inzain.bike\/en_gb\/pyr-24-anmalan\/#primaryimage"},"thumbnailUrl":"https:\/\/inzain.bike\/wp-content\/uploads\/2023\/11\/pyreneerna_pic-1.jpg","datePublished":"2023-11-17T12:39:29+00:00","dateModified":"2024-03-09T08:52:54+00:00","breadcrumb":{"@id":"https:\/\/inzain.bike\/en_gb\/pyr-24-anmalan\/#breadcrumb"},"inLanguage":"es","potentialAction":[{"@type":"ReadAction","target":["https:\/\/inzain.bike\/en_gb\/pyr-24-anmalan\/"]}]},{"@type":"ImageObject","inLanguage":"es","@id":"https:\/\/inzain.bike\/en_gb\/pyr-24-anmalan\/#primaryimage","url":"https:\/\/inzain.bike\/wp-content\/uploads\/2023\/11\/pyreneerna_pic-1.jpg","contentUrl":"https:\/\/inzain.bike\/wp-content\/uploads\/2023\/11\/pyreneerna_pic-1.jpg"},{"@type":"BreadcrumbList","@id":"https:\/\/inzain.bike\/en_gb\/pyr-24-anmalan\/#breadcrumb","itemListElement":[{"@type":"ListItem","position":1,"name":"Hem","item":"https:\/\/inzain.bike\/fr_be\/"},{"@type":"ListItem","position":2,"name":"Pyren\u00e9erna 2024 Anm\u00e4lan"}]},{"@type":"WebSite","@id":"https:\/\/inzain.bike\/fr_be\/#website","url":"https:\/\/inzain.bike\/fr_be\/","name":"EXPERIENCIAS Ciclismo INZAIN","description":"Aventuras en bicicleta: para todos","publisher":{"@id":"https:\/\/inzain.bike\/fr_be\/#organization"},"alternateName":"INZAIN Gravel & Travel","potentialAction":[{"@type":"SearchAction","target":{"@type":"EntryPoint","urlTemplate":"https:\/\/inzain.bike\/fr_be\/?s={search_term_string}"},"query-input":{"@type":"PropertyValueSpecification","valueRequired":true,"valueName":"search_term_string"}}],"inLanguage":"es"},{"@type":"Organization","@id":"https:\/\/inzain.bike\/fr_be\/#organization","name":"EXPERIENCIAS Ciclismo INZAIN","url":"https:\/\/inzain.bike\/fr_be\/","logo":{"@type":"ImageObject","inLanguage":"es","@id":"https:\/\/inzain.bike\/fr_be\/#\/schema\/logo\/image\/","url":"https:\/\/i0.wp.com\/inzain.bike\/wp-content\/uploads\/2023\/09\/cropped-INZAIN_512x512_white.png?fit=512%2C512&ssl=1","contentUrl":"https:\/\/i0.wp.com\/inzain.bike\/wp-content\/uploads\/2023\/09\/cropped-INZAIN_512x512_white.png?fit=512%2C512&ssl=1","width":512,"height":512,"caption":"INZAIN Cycling EXPERIENCES"},"image":{"@id":"https:\/\/inzain.bike\/fr_be\/#\/schema\/logo\/image\/"},"sameAs":["https:\/\/www.facebook.com\/Inzain.bike","https:\/\/www.instagram.com\/inzainbike"]}]}},"amp_enabled":true,"_links":{"self":[{"href":"https:\/\/inzain.bike\/es\/wp-json\/wp\/v2\/pages\/5475","targetHints":{"allow":["GET"]}}],"collection":[{"href":"https:\/\/inzain.bike\/es\/wp-json\/wp\/v2\/pages"}],"about":[{"href":"https:\/\/inzain.bike\/es\/wp-json\/wp\/v2\/types\/page"}],"author":[{"embeddable":true,"href":"https:\/\/inzain.bike\/es\/wp-json\/wp\/v2\/users\/135133094"}],"replies":[{"embeddable":true,"href":"https:\/\/inzain.bike\/es\/wp-json\/wp\/v2\/comments?post=5475"}],"version-history":[{"count":0,"href":"https:\/\/inzain.bike\/es\/wp-json\/wp\/v2\/pages\/5475\/revisions"}],"wp:attachment":[{"href":"https:\/\/inzain.bike\/es\/wp-json\/wp\/v2\/media?parent=5475"}],"curies":[{"name":"gracias","href":"https:\/\/api.w.org\/{rel}","templated":true}]}}