{"id":5577,"date":"2023-11-20T15:50:03","date_gmt":"2023-11-20T14:50:03","guid":{"rendered":"https:\/\/inzain.bike\/?page_id=5577"},"modified":"2026-01-31T15:09:24","modified_gmt":"2026-01-31T14:09:24","slug":"tus26-cycling","status":"publish","type":"page","link":"https:\/\/inzain.bike\/es\/tus26-cycling\/","title":{"rendered":"Ciclismo Toscana 2026"},"content":{"rendered":"<div class=\"wp-block-columns alignwide is-layout-flex wp-container-core-columns-is-layout-28f84493 wp-block-columns-is-layout-flex\">\n<div class=\"wp-block-column is-layout-flow wp-block-column-is-layout-flow\">\n<div class=\"wp-block-jetpack-tiled-gallery aligncenter is-style-rectangular\"><div class=\"tiled-gallery__gallery\"><div class=\"tiled-gallery__row\"><div class=\"tiled-gallery__col\" style=\"flex-basis:39.20905%\"><figure class=\"tiled-gallery__item\"><img decoding=\"async\" alt=\"\" data-height=\"2048\" data-id=\"5579\" data-link=\"https:\/\/inzain.bike\/?attachment_id=5579\" data-url=\"https:\/\/inzain.bike\/wp-content\/uploads\/2023\/11\/391555264_10161259493983729_2748440254249460024_n-495x1024.jpg\" data-width=\"990\" src=\"https:\/\/i0.wp.com\/inzain.bike\/wp-content\/uploads\/2023\/11\/391555264_10161259493983729_2748440254249460024_n-495x1024.jpg?ssl=1\" data-amp-layout=\"responsive\"\/><\/figure><\/div><div class=\"tiled-gallery__col\" style=\"flex-basis:60.79095%\"><figure class=\"tiled-gallery__item\"><img decoding=\"async\" alt=\"\" data-height=\"1095\" data-id=\"5580\" data-link=\"https:\/\/inzain.bike\/?attachment_id=5580\" data-url=\"https:\/\/inzain.bike\/wp-content\/uploads\/2023\/11\/391559238_10161259494403729_2619039197846273304_n-1-768x1024.jpg\" data-width=\"821\" src=\"https:\/\/i2.wp.com\/inzain.bike\/wp-content\/uploads\/2023\/11\/391559238_10161259494403729_2619039197846273304_n-1-768x1024.jpg?ssl=1\" data-amp-layout=\"responsive\"\/><\/figure><\/div><\/div><div class=\"tiled-gallery__row\"><div class=\"tiled-gallery__col\" style=\"flex-basis:39.87482%\"><figure class=\"tiled-gallery__item\"><img decoding=\"async\" alt=\"\" data-height=\"5504\" data-id=\"5582\" data-link=\"https:\/\/inzain.bike\/?attachment_id=5582\" data-url=\"https:\/\/inzain.bike\/wp-content\/uploads\/2023\/11\/DSC1645-1-1024x683.jpg\" data-width=\"8256\" src=\"https:\/\/i2.wp.com\/inzain.bike\/wp-content\/uploads\/2023\/11\/DSC1645-1-1024x683.jpg?ssl=1\" data-amp-layout=\"responsive\"\/><\/figure><figure class=\"tiled-gallery__item\"><img decoding=\"async\" alt=\"\" data-height=\"5504\" data-id=\"5584\" data-link=\"https:\/\/inzain.bike\/?attachment_id=5584\" data-url=\"https:\/\/inzain.bike\/wp-content\/uploads\/2023\/11\/DSC1678-1024x683.jpg\" data-width=\"8256\" src=\"https:\/\/i2.wp.com\/inzain.bike\/wp-content\/uploads\/2023\/11\/DSC1678-1024x683.jpg?ssl=1\" data-amp-layout=\"responsive\"\/><\/figure><figure class=\"tiled-gallery__item\"><img decoding=\"async\" alt=\"\" data-height=\"5504\" data-id=\"5585\" data-link=\"https:\/\/inzain.bike\/?attachment_id=5585\" data-url=\"https:\/\/inzain.bike\/wp-content\/uploads\/2023\/11\/fb6-1024x683.jpg\" data-width=\"8256\" src=\"https:\/\/i1.wp.com\/inzain.bike\/wp-content\/uploads\/2023\/11\/fb6-1024x683.jpg?ssl=1\" data-amp-layout=\"responsive\"\/><\/figure><\/div><div class=\"tiled-gallery__col\" style=\"flex-basis:60.12518%\"><figure class=\"tiled-gallery__item\"><img decoding=\"async\" alt=\"\" data-height=\"4000\" data-id=\"5587\" data-link=\"https:\/\/inzain.bike\/?attachment_id=5587\" data-url=\"https:\/\/inzain.bike\/wp-content\/uploads\/2023\/11\/20231009_121052-768x1024.jpg\" data-width=\"3000\" src=\"https:\/\/i2.wp.com\/inzain.bike\/wp-content\/uploads\/2023\/11\/20231009_121052-768x1024.jpg?ssl=1\" data-amp-layout=\"responsive\"\/><\/figure><\/div><\/div><div class=\"tiled-gallery__row\"><div class=\"tiled-gallery__col\" style=\"flex-basis:29.70657%\"><figure class=\"tiled-gallery__item\"><img decoding=\"async\" alt=\"\" data-height=\"1600\" data-id=\"5588\" data-link=\"https:\/\/inzain.bike\/?attachment_id=5588\" data-url=\"https:\/\/inzain.bike\/wp-content\/uploads\/2023\/11\/3DBK40EFLGzota4vp3gwf3vgqXdt2rQ68Ru4Hw5MsHo-1536x2048-1-768x1024.jpg\" data-width=\"1200\" src=\"https:\/\/i0.wp.com\/inzain.bike\/wp-content\/uploads\/2023\/11\/3DBK40EFLGzota4vp3gwf3vgqXdt2rQ68Ru4Hw5MsHo-1536x2048-1-768x1024.jpg?ssl=1\" data-amp-layout=\"responsive\"\/><\/figure><\/div><div class=\"tiled-gallery__col\" style=\"flex-basis:70.29343%\"><figure class=\"tiled-gallery__item\"><img decoding=\"async\" alt=\"\" data-height=\"1134\" data-id=\"5589\" data-link=\"https:\/\/inzain.bike\/?attachment_id=5589\" data-url=\"https:\/\/inzain.bike\/wp-content\/uploads\/2023\/11\/fU7UatdBb5UgZIWuJSnnSAs08T5LB7x5eF6jjQ50VDk-2048x1152-1-1024x576.jpg\" data-width=\"2016\" src=\"https:\/\/i2.wp.com\/inzain.bike\/wp-content\/uploads\/2023\/11\/fU7UatdBb5UgZIWuJSnnSAs08T5LB7x5eF6jjQ50VDk-2048x1152-1-1024x576.jpg?ssl=1\" data-amp-layout=\"responsive\"\/><\/figure><\/div><\/div><\/div><\/div>\n<\/div>\n<\/div>\n\n\n\n<div class=\"wp-block-columns alignwide is-layout-flex wp-container-core-columns-is-layout-28f84493 wp-block-columns-is-layout-flex\">\n<div class=\"wp-block-column is-layout-flow wp-block-column-is-layout-flow\">\n<p>Andar en bicicleta en Toscana es hermoso, incre\u00edblemente hermoso. Hay pendientes onduladas. Hemos creado varias rutas por d\u00eda, para que puedas elegir seg\u00fan la distancia y la altitud que desees en los diferentes d\u00edas. Las rutas nos llevan por hermosas carreteras y llegamos a restaurantes y cafeter\u00edas a una distancia razonable. La mayor\u00eda de las veces, las rutas se crean para que converjas para almorzar independientemente de la ruta que elijas. Nuestro coche acompa\u00f1ante est\u00e1 ah\u00ed si algo sale mal con tu bicicleta o contigo mismo, una gran seguridad.<\/p>\n<\/div>\n<\/div>\n\n\n\n<hr class=\"wp-block-separator alignwide has-alpha-channel-opacity\"\/>\n\n\n\n<div class=\"wp-block-columns alignwide is-layout-flex wp-container-core-columns-is-layout-28f84493 wp-block-columns-is-layout-flex\">\n<div class=\"wp-block-column is-layout-flow wp-block-column-is-layout-flow\">\n<p><strong>Agenda d\u00eda a d\u00eda<\/strong><\/p>\n\n\n\n<p><br><strong>Viernes 2 de octubre<\/strong> <strong>Llegada<\/strong><br>Llegada a Florencia. Nuestro traslado privado nos lleva con nuestras bicicletas directamente al alojamiento. Llegamos bastante temprano, as\u00ed que, tras registrarnos y montar las bicicletas, iniciamos un recorrido un poco m\u00e1s corto.<\/p>\n\n\n\n<p><strong>Generalmente<\/strong><\/p>\n\n\n\n<p>Las rutas ser\u00e1n desafiantes y tendr\u00e1n entre 6 y 13 millas de largo. Varios de ellos est\u00e1n disponibles en diferentes versiones, para que puedas elegir seg\u00fan el tipo de d\u00eda. El siguiente coche significa que podemos apoyar si alguien tiene alg\u00fan problema o se cansa. Entregaremos a todos los participantes uno&nbsp;<strong>Gu\u00eda del ciclista<\/strong>, con las rutas y mucha informaci\u00f3n sobre ellas con mucha antelaci\u00f3n al viaje.<\/p>\n\n\n\n<p><br><strong>D\u00eda 1 S\u00e1bado 3 de octubre<\/strong>\u00a0(65-92 kil\u00f3metros y 1.050-1.700 kil\u00f3metros)<\/p>\n\n\n\n<figure class=\"wp-block-image\"><img loading=\"lazy\" decoding=\"async\" width=\"3247\" height=\"348\" src=\"https:\/\/i0.wp.com\/inzain.bike\/wp-content\/uploads\/2023\/03\/image.png?resize=1024%2C110&amp;ssl=1\" alt=\"\" class=\"wp-image-2807\" srcset=\"https:\/\/inzain.bike\/wp-content\/uploads\/2023\/03\/image.png 3247w, https:\/\/inzain.bike\/wp-content\/uploads\/2023\/03\/image-300x32.png 300w, https:\/\/inzain.bike\/wp-content\/uploads\/2023\/03\/image-1024x110.png 1024w, https:\/\/inzain.bike\/wp-content\/uploads\/2023\/03\/image-768x82.png 768w, https:\/\/inzain.bike\/wp-content\/uploads\/2023\/03\/image-1536x165.png 1536w, https:\/\/inzain.bike\/wp-content\/uploads\/2023\/03\/image-2048x219.png 2048w, https:\/\/inzain.bike\/wp-content\/uploads\/2023\/03\/image-18x2.png 18w, https:\/\/inzain.bike\/wp-content\/uploads\/2023\/03\/image-1320x141.png 1320w, https:\/\/inzain.bike\/wp-content\/uploads\/2023\/03\/image-600x64.png 600w\" sizes=\"auto, (max-width: 3247px) 100vw, 3247px\" \/><\/figure>\n\n\n\n<p>Al norte, hacia Chianti, la cl\u00e1sica grava blanca. Recorremos parte de la Heroica, de asfalto sinuoso y de una belleza excepcional. Pasamos por el parque de esculturas de Chianti. Hay varias reducciones que puedes hacer. El d\u00eda tiene dos subidas importantes, est\u00e1n en buen terreno y son suaves y divertidas.<\/p>\n\n\n\n<p><strong>D\u00eda 2 Domingo 4 de octubre\u00a0<\/strong>(55 -115 kil\u00f3metros, 900-2,2170 kil\u00f3metros)<\/p>\n\n\n\n<figure class=\"wp-block-image\"><img loading=\"lazy\" decoding=\"async\" width=\"3196\" height=\"355\" src=\"https:\/\/i0.wp.com\/inzain.bike\/wp-content\/uploads\/2023\/03\/image-1.png?resize=1024%2C114&amp;ssl=1\" alt=\"\" class=\"wp-image-2809\" srcset=\"https:\/\/inzain.bike\/wp-content\/uploads\/2023\/03\/image-1.png 3196w, https:\/\/inzain.bike\/wp-content\/uploads\/2023\/03\/image-1-300x33.png 300w, https:\/\/inzain.bike\/wp-content\/uploads\/2023\/03\/image-1-1024x114.png 1024w, https:\/\/inzain.bike\/wp-content\/uploads\/2023\/03\/image-1-768x85.png 768w, https:\/\/inzain.bike\/wp-content\/uploads\/2023\/03\/image-1-1536x171.png 1536w, https:\/\/inzain.bike\/wp-content\/uploads\/2023\/03\/image-1-2048x227.png 2048w, https:\/\/inzain.bike\/wp-content\/uploads\/2023\/03\/image-1-18x2.png 18w, https:\/\/inzain.bike\/wp-content\/uploads\/2023\/03\/image-1-1320x147.png 1320w, https:\/\/inzain.bike\/wp-content\/uploads\/2023\/03\/image-1-600x67.png 600w\" sizes=\"auto, (max-width: 3196px) 100vw, 3196px\" \/><\/figure>\n\n\n\n<p>Noroeste, en las carreteras de all\u00ed.&nbsp;<strong>Ruta de la Toscana<\/strong>&nbsp;va Se pasan por muchas ciudades fant\u00e1sticas. Este es un recorrido desafiante, que se puede acortar de varias maneras diferentes si se desea. Alguna pista \u00fanica pero nada demasiado desafiante.<\/p>\n\n\n\n<p><strong>D\u00eda 3 Lunes 5 de octubre<\/strong>\u00a0(55- 103 km \/ 760 \u2013 1.836 hm)<\/p>\n\n\n\n<figure class=\"wp-block-image\"><img loading=\"lazy\" decoding=\"async\" width=\"3226\" height=\"352\" src=\"https:\/\/i0.wp.com\/inzain.bike\/wp-content\/uploads\/2023\/03\/image-2.png?resize=1024%2C112&amp;ssl=1\" alt=\"\" class=\"wp-image-2811\" srcset=\"https:\/\/inzain.bike\/wp-content\/uploads\/2023\/03\/image-2.png 3226w, https:\/\/inzain.bike\/wp-content\/uploads\/2023\/03\/image-2-300x33.png 300w, https:\/\/inzain.bike\/wp-content\/uploads\/2023\/03\/image-2-1024x112.png 1024w, https:\/\/inzain.bike\/wp-content\/uploads\/2023\/03\/image-2-768x84.png 768w, https:\/\/inzain.bike\/wp-content\/uploads\/2023\/03\/image-2-1536x168.png 1536w, https:\/\/inzain.bike\/wp-content\/uploads\/2023\/03\/image-2-2048x223.png 2048w, https:\/\/inzain.bike\/wp-content\/uploads\/2023\/03\/image-2-18x2.png 18w, https:\/\/inzain.bike\/wp-content\/uploads\/2023\/03\/image-2-1320x144.png 1320w, https:\/\/inzain.bike\/wp-content\/uploads\/2023\/03\/image-2-600x65.png 600w\" sizes=\"auto, (max-width: 3226px) 100vw, 3226px\" \/><\/figure>\n\n\n\n<p>Nos dirigimos hacia el este, por hermosos caminos de tierra en el cl\u00e1sico paisaje ondulado de la Toscana. Muchas oportunidades para tomar helado y caf\u00e9 y, por supuesto, buena comida. Aqu\u00ed tambi\u00e9n hay una serie de cortes si las piernas o el deseo as\u00ed lo requieren.<\/p>\n\n\n\n<p><strong>D\u00eda 4 Martes 6 de octubre<\/strong><br>\u00a1D\u00eda de descanso!<br>Si quieres andar en bicicleta, por supuesto que es genial, pero resulta bastante prudente tomarse un d\u00eda de descanso. \u00bfQuiz\u00e1s hacer un viaje al mar, visitar Siena o pasar el rato en el vi\u00f1edo y disfrutar de la tranquilidad?<\/p>\n\n\n\n<p><strong>D\u00eda 5 Mi\u00e9rcoles 7 de octubre<\/strong>\u00a0(72 km \/ 1.200 hm)<\/p>\n\n\n\n<figure class=\"wp-block-image\"><img loading=\"lazy\" decoding=\"async\" width=\"3232\" height=\"364\" src=\"https:\/\/i0.wp.com\/inzain.bike\/wp-content\/uploads\/2023\/03\/image-5.png?resize=1024%2C115&amp;ssl=1\" alt=\"\" class=\"wp-image-2818\" srcset=\"https:\/\/inzain.bike\/wp-content\/uploads\/2023\/03\/image-5.png 3232w, https:\/\/inzain.bike\/wp-content\/uploads\/2023\/03\/image-5-300x34.png 300w, https:\/\/inzain.bike\/wp-content\/uploads\/2023\/03\/image-5-1024x115.png 1024w, https:\/\/inzain.bike\/wp-content\/uploads\/2023\/03\/image-5-768x86.png 768w, https:\/\/inzain.bike\/wp-content\/uploads\/2023\/03\/image-5-1536x173.png 1536w, https:\/\/inzain.bike\/wp-content\/uploads\/2023\/03\/image-5-2048x231.png 2048w, https:\/\/inzain.bike\/wp-content\/uploads\/2023\/03\/image-5-18x2.png 18w, https:\/\/inzain.bike\/wp-content\/uploads\/2023\/03\/image-5-1320x149.png 1320w, https:\/\/inzain.bike\/wp-content\/uploads\/2023\/03\/image-5-600x68.png 600w\" sizes=\"auto, (max-width: 3232px) 100vw, 3232px\" \/><\/figure>\n\n\n\n<p>\u00a1El mejor transporte en bicicleta del mundo! Eroica y Strade Bianchi, incre\u00edblemente agradables. Mientras disfrutamos de un gran d\u00eda montando en bicicleta, todo nuestro equipaje es transportado hasta el siguiente alojamiento en San Quirico d&#039;Orcia. Si se rompen las piernas u otras cosas, est\u00e1 bien viajar en el autom\u00f3vil. Una vez all\u00ed, nos instalamos, tal vez celebremos con una cerveza y cenemos.<\/p>\n\n\n\n<p><strong>D\u00eda 6 Jueves 8 de octubre<\/strong>\u00a0(57 -96 km \/ 744 -1860 hm)<\/p>\n\n\n\n<figure class=\"wp-block-image\"><img loading=\"lazy\" decoding=\"async\" width=\"3222\" height=\"363\" src=\"https:\/\/i0.wp.com\/inzain.bike\/wp-content\/uploads\/2023\/03\/image-6.png?resize=1024%2C115&amp;ssl=1\" alt=\"\" class=\"wp-image-2820\" srcset=\"https:\/\/inzain.bike\/wp-content\/uploads\/2023\/03\/image-6.png 3222w, https:\/\/inzain.bike\/wp-content\/uploads\/2023\/03\/image-6-300x34.png 300w, https:\/\/inzain.bike\/wp-content\/uploads\/2023\/03\/image-6-1024x115.png 1024w, https:\/\/inzain.bike\/wp-content\/uploads\/2023\/03\/image-6-768x87.png 768w, https:\/\/inzain.bike\/wp-content\/uploads\/2023\/03\/image-6-1536x173.png 1536w, https:\/\/inzain.bike\/wp-content\/uploads\/2023\/03\/image-6-2048x231.png 2048w, https:\/\/inzain.bike\/wp-content\/uploads\/2023\/03\/image-6-18x2.png 18w, https:\/\/inzain.bike\/wp-content\/uploads\/2023\/03\/image-6-1320x149.png 1320w, https:\/\/inzain.bike\/wp-content\/uploads\/2023\/03\/image-6-600x68.png 600w\" sizes=\"auto, (max-width: 3222px) 100vw, 3222px\" \/><\/figure>\n\n\n\n<p>\u00a1La grava blanca! Pasamos por muchas estaciones cl\u00e1sicas, hay muchas maneras de acortar el viaje si se quiere, volvemos a utilizar varios tramos desde Eroica y Strade Bianchi. \u00bfQuiz\u00e1s sea hora de establecer un KOM?<\/p>\n\n\n\n<p><strong>D\u00eda 7 Viernes 9 de octubre<\/strong>\u00a0Viaje a casa<\/p>\n\n\n\n<p>Nuestro autob\u00fas lanzadera nos recoge directamente en el alojamiento y nos lleva con nuestro equipaje al aeropuerto de Florencia.<br><br><\/p>\n<\/div>\n<\/div>","protected":false},"excerpt":{"rendered":"<p>Cyklingen i Toscana \u00e4r vacker, oerh\u00f6rt vacker. Det \u00e4r b\u00f6ljande backar. Vi har skapat ett flertal rutter per dag, s\u00e5 att man kan v\u00e4lja efter hur l\u00e5ngt och hur mycket h\u00f6jdmeter man vill ha de olika dagarna. Rutterna leder oss l\u00e4ngs vackra v\u00e4gar och vi n\u00e5r restauranger och caf\u00e9er p\u00e5 lagom avst\u00e5nd. Oftast \u00e4r rutterna [&hellip;]<\/p>\n","protected":false},"author":135133094,"featured_media":0,"parent":0,"menu_order":0,"comment_status":"closed","ping_status":"closed","template":"","meta":{"_coblocks_attr":"Roboto","_coblocks_dimensions":"","_coblocks_responsive_height":"","_coblocks_accordion_ie_support":"","footnotes":""},"class_list":["post-5577","page","type-page","status-publish","hentry"],"yoast_head":"<!-- This site is optimized with the Yoast SEO plugin v27.2 - https:\/\/yoast.com\/product\/yoast-seo-wordpress\/ -->\n<title>Toscana 2026 Cykling - INZAIN Cycling EXPERIENCES<\/title>\n<meta name=\"robots\" content=\"index, follow, max-snippet:-1, max-image-preview:large, max-video-preview:-1\" \/>\n<link rel=\"canonical\" href=\"https:\/\/inzain.bike\/es\/tus26-cycling\/\" \/>\n<meta property=\"og:locale\" content=\"es_ES\" \/>\n<meta property=\"og:type\" content=\"article\" \/>\n<meta property=\"og:title\" content=\"Toscana 2026 Cykling - INZAIN Cycling EXPERIENCES\" \/>\n<meta property=\"og:description\" content=\"Cyklingen i Toscana \u00e4r vacker, oerh\u00f6rt vacker. Det \u00e4r b\u00f6ljande backar. Vi har skapat ett flertal rutter per dag, s\u00e5 att man kan v\u00e4lja efter hur l\u00e5ngt och hur mycket h\u00f6jdmeter man vill ha de olika dagarna. Rutterna leder oss l\u00e4ngs vackra v\u00e4gar och vi n\u00e5r restauranger och caf\u00e9er p\u00e5 lagom avst\u00e5nd. Oftast \u00e4r rutterna [&hellip;]\" \/>\n<meta property=\"og:url\" content=\"https:\/\/inzain.bike\/es\/tus26-cycling\/\" \/>\n<meta property=\"og:site_name\" content=\"INZAIN Cycling EXPERIENCES\" \/>\n<meta property=\"article:publisher\" content=\"https:\/\/www.facebook.com\/Inzain.bike\" \/>\n<meta property=\"article:modified_time\" content=\"2026-01-31T14:09:24+00:00\" \/>\n<meta property=\"og:image\" content=\"https:\/\/i0.wp.com\/inzain.bike\/wp-content\/uploads\/2023\/11\/391555264_10161259493983729_2748440254249460024_n-495x1024.jpg?ssl=1\" \/>\n<meta name=\"twitter:card\" content=\"summary_large_image\" \/>\n<meta name=\"twitter:label1\" content=\"Tiempo de lectura\" \/>\n\t<meta name=\"twitter:data1\" content=\"6 minutos\" \/>\n<script type=\"application\/ld+json\" class=\"yoast-schema-graph\">{\"@context\":\"https:\/\/schema.org\",\"@graph\":[{\"@type\":\"WebPage\",\"@id\":\"https:\/\/inzain.bike\/tus26-cycling\/\",\"url\":\"https:\/\/inzain.bike\/tus26-cycling\/\",\"name\":\"Toscana 2026 Cykling - INZAIN Cycling EXPERIENCES\",\"isPartOf\":{\"@id\":\"https:\/\/inzain.bike\/fr_be\/#website\"},\"primaryImageOfPage\":{\"@id\":\"https:\/\/inzain.bike\/tus26-cycling\/#primaryimage\"},\"image\":{\"@id\":\"https:\/\/inzain.bike\/tus26-cycling\/#primaryimage\"},\"thumbnailUrl\":\"https:\/\/i0.wp.com\/inzain.bike\/wp-content\/uploads\/2023\/11\/391555264_10161259493983729_2748440254249460024_n-495x1024.jpg?ssl=1\",\"datePublished\":\"2023-11-20T14:50:03+00:00\",\"dateModified\":\"2026-01-31T14:09:24+00:00\",\"breadcrumb\":{\"@id\":\"https:\/\/inzain.bike\/tus26-cycling\/#breadcrumb\"},\"inLanguage\":\"es\",\"potentialAction\":[{\"@type\":\"ReadAction\",\"target\":[\"https:\/\/inzain.bike\/tus26-cycling\/\"]}]},{\"@type\":\"ImageObject\",\"inLanguage\":\"es\",\"@id\":\"https:\/\/inzain.bike\/tus26-cycling\/#primaryimage\",\"url\":\"https:\/\/i0.wp.com\/inzain.bike\/wp-content\/uploads\/2023\/11\/391555264_10161259493983729_2748440254249460024_n-495x1024.jpg?ssl=1\",\"contentUrl\":\"https:\/\/i0.wp.com\/inzain.bike\/wp-content\/uploads\/2023\/11\/391555264_10161259493983729_2748440254249460024_n-495x1024.jpg?ssl=1\"},{\"@type\":\"BreadcrumbList\",\"@id\":\"https:\/\/inzain.bike\/tus26-cycling\/#breadcrumb\",\"itemListElement\":[{\"@type\":\"ListItem\",\"position\":1,\"name\":\"Hem\",\"item\":\"https:\/\/inzain.bike\/fr_be\/\"},{\"@type\":\"ListItem\",\"position\":2,\"name\":\"Toscana 2026 Cykling\"}]},{\"@type\":\"WebSite\",\"@id\":\"https:\/\/inzain.bike\/fr_be\/#website\",\"url\":\"https:\/\/inzain.bike\/fr_be\/\",\"name\":\"INZAIN Cycling EXPERIENCES\",\"description\":\"Cyckling Adventures  - for everyone\",\"publisher\":{\"@id\":\"https:\/\/inzain.bike\/fr_be\/#organization\"},\"alternateName\":\"INZAIN Gravel & Travel\",\"potentialAction\":[{\"@type\":\"SearchAction\",\"target\":{\"@type\":\"EntryPoint\",\"urlTemplate\":\"https:\/\/inzain.bike\/fr_be\/?s={search_term_string}\"},\"query-input\":{\"@type\":\"PropertyValueSpecification\",\"valueRequired\":true,\"valueName\":\"search_term_string\"}}],\"inLanguage\":\"es\"},{\"@type\":\"Organization\",\"@id\":\"https:\/\/inzain.bike\/fr_be\/#organization\",\"name\":\"INZAIN Cycling EXPERIENCES\",\"url\":\"https:\/\/inzain.bike\/fr_be\/\",\"logo\":{\"@type\":\"ImageObject\",\"inLanguage\":\"es\",\"@id\":\"https:\/\/inzain.bike\/fr_be\/#\/schema\/logo\/image\/\",\"url\":\"https:\/\/i0.wp.com\/inzain.bike\/wp-content\/uploads\/2023\/09\/cropped-INZAIN_512x512_white.png?fit=512%2C512&ssl=1\",\"contentUrl\":\"https:\/\/i0.wp.com\/inzain.bike\/wp-content\/uploads\/2023\/09\/cropped-INZAIN_512x512_white.png?fit=512%2C512&ssl=1\",\"width\":512,\"height\":512,\"caption\":\"INZAIN Cycling EXPERIENCES\"},\"image\":{\"@id\":\"https:\/\/inzain.bike\/fr_be\/#\/schema\/logo\/image\/\"},\"sameAs\":[\"https:\/\/www.facebook.com\/Inzain.bike\",\"https:\/\/www.instagram.com\/inzainbike\"]}]}<\/script>\n<!-- \/ Yoast SEO plugin. -->","yoast_head_json":{"title":"Toscana 2026 Cykling - INZAIN Cycling EXPERIENCES","robots":{"index":"index","follow":"follow","max-snippet":"max-snippet:-1","max-image-preview":"max-image-preview:large","max-video-preview":"max-video-preview:-1"},"canonical":"https:\/\/inzain.bike\/es\/tus26-cycling\/","og_locale":"es_ES","og_type":"article","og_title":"Toscana 2026 Cykling - INZAIN Cycling EXPERIENCES","og_description":"Cyklingen i Toscana \u00e4r vacker, oerh\u00f6rt vacker. Det \u00e4r b\u00f6ljande backar. Vi har skapat ett flertal rutter per dag, s\u00e5 att man kan v\u00e4lja efter hur l\u00e5ngt och hur mycket h\u00f6jdmeter man vill ha de olika dagarna. Rutterna leder oss l\u00e4ngs vackra v\u00e4gar och vi n\u00e5r restauranger och caf\u00e9er p\u00e5 lagom avst\u00e5nd. Oftast \u00e4r rutterna [&hellip;]","og_url":"https:\/\/inzain.bike\/es\/tus26-cycling\/","og_site_name":"INZAIN Cycling EXPERIENCES","article_publisher":"https:\/\/www.facebook.com\/Inzain.bike","article_modified_time":"2026-01-31T14:09:24+00:00","og_image":[{"url":"https:\/\/i0.wp.com\/inzain.bike\/wp-content\/uploads\/2023\/11\/391555264_10161259493983729_2748440254249460024_n-495x1024.jpg?ssl=1","type":"","width":"","height":""}],"twitter_card":"summary_large_image","twitter_misc":{"Tiempo de lectura":"6 minutos"},"schema":{"@context":"https:\/\/schema.org","@graph":[{"@type":"WebPage","@id":"https:\/\/inzain.bike\/tus26-cycling\/","url":"https:\/\/inzain.bike\/tus26-cycling\/","name":"Toscana 2026 Cykling - INZAIN Cycling EXPERIENCES","isPartOf":{"@id":"https:\/\/inzain.bike\/fr_be\/#website"},"primaryImageOfPage":{"@id":"https:\/\/inzain.bike\/tus26-cycling\/#primaryimage"},"image":{"@id":"https:\/\/inzain.bike\/tus26-cycling\/#primaryimage"},"thumbnailUrl":"https:\/\/i0.wp.com\/inzain.bike\/wp-content\/uploads\/2023\/11\/391555264_10161259493983729_2748440254249460024_n-495x1024.jpg?ssl=1","datePublished":"2023-11-20T14:50:03+00:00","dateModified":"2026-01-31T14:09:24+00:00","breadcrumb":{"@id":"https:\/\/inzain.bike\/tus26-cycling\/#breadcrumb"},"inLanguage":"es","potentialAction":[{"@type":"ReadAction","target":["https:\/\/inzain.bike\/tus26-cycling\/"]}]},{"@type":"ImageObject","inLanguage":"es","@id":"https:\/\/inzain.bike\/tus26-cycling\/#primaryimage","url":"https:\/\/i0.wp.com\/inzain.bike\/wp-content\/uploads\/2023\/11\/391555264_10161259493983729_2748440254249460024_n-495x1024.jpg?ssl=1","contentUrl":"https:\/\/i0.wp.com\/inzain.bike\/wp-content\/uploads\/2023\/11\/391555264_10161259493983729_2748440254249460024_n-495x1024.jpg?ssl=1"},{"@type":"BreadcrumbList","@id":"https:\/\/inzain.bike\/tus26-cycling\/#breadcrumb","itemListElement":[{"@type":"ListItem","position":1,"name":"Hem","item":"https:\/\/inzain.bike\/fr_be\/"},{"@type":"ListItem","position":2,"name":"Toscana 2026 Cykling"}]},{"@type":"WebSite","@id":"https:\/\/inzain.bike\/fr_be\/#website","url":"https:\/\/inzain.bike\/fr_be\/","name":"EXPERIENCIAS Ciclismo INZAIN","description":"Aventuras en bicicleta: para todos","publisher":{"@id":"https:\/\/inzain.bike\/fr_be\/#organization"},"alternateName":"INZAIN Gravel & Travel","potentialAction":[{"@type":"SearchAction","target":{"@type":"EntryPoint","urlTemplate":"https:\/\/inzain.bike\/fr_be\/?s={search_term_string}"},"query-input":{"@type":"PropertyValueSpecification","valueRequired":true,"valueName":"search_term_string"}}],"inLanguage":"es"},{"@type":"Organization","@id":"https:\/\/inzain.bike\/fr_be\/#organization","name":"EXPERIENCIAS Ciclismo INZAIN","url":"https:\/\/inzain.bike\/fr_be\/","logo":{"@type":"ImageObject","inLanguage":"es","@id":"https:\/\/inzain.bike\/fr_be\/#\/schema\/logo\/image\/","url":"https:\/\/i0.wp.com\/inzain.bike\/wp-content\/uploads\/2023\/09\/cropped-INZAIN_512x512_white.png?fit=512%2C512&ssl=1","contentUrl":"https:\/\/i0.wp.com\/inzain.bike\/wp-content\/uploads\/2023\/09\/cropped-INZAIN_512x512_white.png?fit=512%2C512&ssl=1","width":512,"height":512,"caption":"INZAIN Cycling EXPERIENCES"},"image":{"@id":"https:\/\/inzain.bike\/fr_be\/#\/schema\/logo\/image\/"},"sameAs":["https:\/\/www.facebook.com\/Inzain.bike","https:\/\/www.instagram.com\/inzainbike"]}]}},"amp_enabled":true,"_links":{"self":[{"href":"https:\/\/inzain.bike\/es\/wp-json\/wp\/v2\/pages\/5577","targetHints":{"allow":["GET"]}}],"collection":[{"href":"https:\/\/inzain.bike\/es\/wp-json\/wp\/v2\/pages"}],"about":[{"href":"https:\/\/inzain.bike\/es\/wp-json\/wp\/v2\/types\/page"}],"author":[{"embeddable":true,"href":"https:\/\/inzain.bike\/es\/wp-json\/wp\/v2\/users\/135133094"}],"replies":[{"embeddable":true,"href":"https:\/\/inzain.bike\/es\/wp-json\/wp\/v2\/comments?post=5577"}],"version-history":[{"count":4,"href":"https:\/\/inzain.bike\/es\/wp-json\/wp\/v2\/pages\/5577\/revisions"}],"predecessor-version":[{"id":10026,"href":"https:\/\/inzain.bike\/es\/wp-json\/wp\/v2\/pages\/5577\/revisions\/10026"}],"wp:attachment":[{"href":"https:\/\/inzain.bike\/es\/wp-json\/wp\/v2\/media?parent=5577"}],"curies":[{"name":"gracias","href":"https:\/\/api.w.org\/{rel}","templated":true}]}}