{"id":5659,"date":"2023-11-21T14:18:42","date_gmt":"2023-11-21T13:18:42","guid":{"rendered":"https:\/\/inzain.bike\/?page_id=5659"},"modified":"2023-11-21T14:50:58","modified_gmt":"2023-11-21T13:50:58","slug":"got-gotland","status":"publish","type":"page","link":"https:\/\/inzain.bike\/es\/got-gotland\/","title":{"rendered":"Acerca de Gotland"},"content":{"rendered":"<div class=\"wp-block-columns alignwide is-layout-flex wp-container-core-columns-is-layout-28f84493 wp-block-columns-is-layout-flex\">\n<div class=\"wp-block-column is-layout-flow wp-block-column-is-layout-flow\">\n<figure class=\"wp-block-image size-large\"><img loading=\"lazy\" decoding=\"async\" width=\"1024\" height=\"583\" src=\"https:\/\/inzain.bike\/wp-content\/uploads\/2023\/11\/hogklint-CMSTemplate.width-1650-1024x583.jpg\" alt=\"\" class=\"wp-image-5689\" srcset=\"https:\/\/inzain.bike\/wp-content\/uploads\/2023\/11\/hogklint-CMSTemplate.width-1650-1024x583.jpg 1024w, https:\/\/inzain.bike\/wp-content\/uploads\/2023\/11\/hogklint-CMSTemplate.width-1650-300x171.jpg 300w, https:\/\/inzain.bike\/wp-content\/uploads\/2023\/11\/hogklint-CMSTemplate.width-1650-768x438.jpg 768w, https:\/\/inzain.bike\/wp-content\/uploads\/2023\/11\/hogklint-CMSTemplate.width-1650-1536x875.jpg 1536w, https:\/\/inzain.bike\/wp-content\/uploads\/2023\/11\/hogklint-CMSTemplate.width-1650-18x10.jpg 18w, https:\/\/inzain.bike\/wp-content\/uploads\/2023\/11\/hogklint-CMSTemplate.width-1650-1320x752.jpg 1320w, https:\/\/inzain.bike\/wp-content\/uploads\/2023\/11\/hogklint-CMSTemplate.width-1650-600x342.jpg 600w, https:\/\/inzain.bike\/wp-content\/uploads\/2023\/11\/hogklint-CMSTemplate.width-1650.jpg 1650w\" sizes=\"auto, (max-width: 1024px) 100vw, 1024px\" \/><\/figure>\n<\/div>\n\n\n\n<div class=\"wp-block-column is-layout-flow wp-block-column-is-layout-flow\">\n<p>Mucho antes de nuestra \u00e9poca, la isla estaba m\u00e1s cerca del ecuador en aguas tropicales y desde all\u00ed se construy\u00f3 la base de piedra caliza sobre la que se asienta Gotland. A trav\u00e9s del clima, el viento y la era del hielo, la isla ha adquirido una naturaleza \u00fanica que no se puede encontrar en ning\u00fan otro lugar. En varios lugares de la costa se pueden ver y sentir erizos de mar. Los Hoburgsgubben en el sur de Gotland y los &quot;Hunden&quot; en Gamla hamn en F\u00e5r\u00f6 son quiz\u00e1s los rauks m\u00e1s famosos, mientras que las zonas de Digerhuvud y Langhammars en F\u00e5r\u00f6 y la reserva natural Folhammar en el este de Gotland son las que m\u00e1s ofrecen.<\/p>\n\n\n\n<p>Gotland tambi\u00e9n tiene largas playas de guijarros donde a mucha gente le gusta caminar.<\/p>\n<\/div>\n<\/div>\n\n\n\n<div class=\"wp-block-columns alignwide is-layout-flex wp-container-core-columns-is-layout-28f84493 wp-block-columns-is-layout-flex\">\n<div class=\"wp-block-column is-layout-flow wp-block-column-is-layout-flow\">\n<p>Visby es una conurbaci\u00f3n que es el centro de la regi\u00f3n de Gotland y la sede del condado de Gotland. Visby es tambi\u00e9n la ciudad diocesana de la di\u00f3cesis de Visby. Visby tiene 23.402 habitantes La ciudad medieval hanse\u00e1tica de Visby es una de las ciudades medievales mejor conservadas de Escandinavia y est\u00e1 inscrita en la Lista del Patrimonio Mundial de la UNESCO desde 1995.<\/p>\n\n\n\n<p>Visby es llamada &quot;la ciudad de las rosas y las ruinas&quot;.<\/p>\n<\/div>\n\n\n\n<div class=\"wp-block-column is-layout-flow wp-block-column-is-layout-flow\">\n<figure class=\"wp-block-image size-full\"><img loading=\"lazy\" decoding=\"async\" width=\"862\" height=\"485\" src=\"https:\/\/inzain.bike\/wp-content\/uploads\/2023\/11\/b020bfe0f65a93a4ad26fc96cdbcb483.jpg\" alt=\"\" class=\"wp-image-5691\" srcset=\"https:\/\/inzain.bike\/wp-content\/uploads\/2023\/11\/b020bfe0f65a93a4ad26fc96cdbcb483.jpg 862w, https:\/\/inzain.bike\/wp-content\/uploads\/2023\/11\/b020bfe0f65a93a4ad26fc96cdbcb483-300x169.jpg 300w, https:\/\/inzain.bike\/wp-content\/uploads\/2023\/11\/b020bfe0f65a93a4ad26fc96cdbcb483-768x432.jpg 768w, https:\/\/inzain.bike\/wp-content\/uploads\/2023\/11\/b020bfe0f65a93a4ad26fc96cdbcb483-18x10.jpg 18w, https:\/\/inzain.bike\/wp-content\/uploads\/2023\/11\/b020bfe0f65a93a4ad26fc96cdbcb483-600x338.jpg 600w\" sizes=\"auto, (max-width: 862px) 100vw, 862px\" \/><\/figure>\n<\/div>\n<\/div>","protected":false},"excerpt":{"rendered":"<p>L\u00e5ngt innan v\u00e5r tid l\u00e5g \u00f6n n\u00e4rmare ekvatorn i tropiska vatten och d\u00e4rifr\u00e5n byggdes kalkstensgrunden, som Gotland vilar p\u00e5, upp. Genom v\u00e4der, vind och istid har \u00f6n getts en unik natur som inte finns n\u00e5gon annanstans. P\u00e5 flera platser l\u00e4ngst kusten kan du se och k\u00e4nna p\u00e5 raukar. Hoburgsgubben p\u00e5 s\u00f6dra Gotland och \u201dHunden\u201d vid [&hellip;]<\/p>\n","protected":false},"author":135133094,"featured_media":0,"parent":0,"menu_order":0,"comment_status":"closed","ping_status":"closed","template":"","meta":{"_coblocks_attr":"","_coblocks_dimensions":"","_coblocks_responsive_height":"","_coblocks_accordion_ie_support":"","footnotes":""},"class_list":["post-5659","page","type-page","status-publish","hentry"],"yoast_head":"<!-- This site is optimized with the Yoast SEO plugin v27.2 - https:\/\/yoast.com\/product\/yoast-seo-wordpress\/ -->\n<title>Om Gotland - INZAIN Cycling EXPERIENCES<\/title>\n<meta name=\"robots\" content=\"index, follow, max-snippet:-1, max-image-preview:large, max-video-preview:-1\" \/>\n<link rel=\"canonical\" href=\"https:\/\/inzain.bike\/es\/got-gotland\/\" \/>\n<meta property=\"og:locale\" content=\"es_ES\" \/>\n<meta property=\"og:type\" content=\"article\" \/>\n<meta property=\"og:title\" content=\"Om Gotland - INZAIN Cycling EXPERIENCES\" \/>\n<meta property=\"og:description\" content=\"L\u00e5ngt innan v\u00e5r tid l\u00e5g \u00f6n n\u00e4rmare ekvatorn i tropiska vatten och d\u00e4rifr\u00e5n byggdes kalkstensgrunden, som Gotland vilar p\u00e5, upp. Genom v\u00e4der, vind och istid har \u00f6n getts en unik natur som inte finns n\u00e5gon annanstans. P\u00e5 flera platser l\u00e4ngst kusten kan du se och k\u00e4nna p\u00e5 raukar. Hoburgsgubben p\u00e5 s\u00f6dra Gotland och \u201dHunden\u201d vid [&hellip;]\" \/>\n<meta property=\"og:url\" content=\"https:\/\/inzain.bike\/es\/got-gotland\/\" \/>\n<meta property=\"og:site_name\" content=\"INZAIN Cycling EXPERIENCES\" \/>\n<meta property=\"article:publisher\" content=\"https:\/\/www.facebook.com\/Inzain.bike\" \/>\n<meta property=\"article:modified_time\" content=\"2023-11-21T13:50:58+00:00\" \/>\n<meta property=\"og:image\" content=\"https:\/\/inzain.bike\/wp-content\/uploads\/2023\/11\/hogklint-CMSTemplate.width-1650-1024x583.jpg\" \/>\n<meta name=\"twitter:card\" content=\"summary_large_image\" \/>\n<meta name=\"twitter:label1\" content=\"Tiempo de lectura\" \/>\n\t<meta name=\"twitter:data1\" content=\"2 minutos\" \/>\n<script type=\"application\/ld+json\" class=\"yoast-schema-graph\">{\"@context\":\"https:\/\/schema.org\",\"@graph\":[{\"@type\":\"WebPage\",\"@id\":\"https:\/\/inzain.bike\/nl\/got-gotland\/\",\"url\":\"https:\/\/inzain.bike\/nl\/got-gotland\/\",\"name\":\"Om Gotland - INZAIN Cycling EXPERIENCES\",\"isPartOf\":{\"@id\":\"https:\/\/inzain.bike\/fr_be\/#website\"},\"primaryImageOfPage\":{\"@id\":\"https:\/\/inzain.bike\/nl\/got-gotland\/#primaryimage\"},\"image\":{\"@id\":\"https:\/\/inzain.bike\/nl\/got-gotland\/#primaryimage\"},\"thumbnailUrl\":\"https:\/\/inzain.bike\/wp-content\/uploads\/2023\/11\/hogklint-CMSTemplate.width-1650-1024x583.jpg\",\"datePublished\":\"2023-11-21T13:18:42+00:00\",\"dateModified\":\"2023-11-21T13:50:58+00:00\",\"breadcrumb\":{\"@id\":\"https:\/\/inzain.bike\/nl\/got-gotland\/#breadcrumb\"},\"inLanguage\":\"es\",\"potentialAction\":[{\"@type\":\"ReadAction\",\"target\":[\"https:\/\/inzain.bike\/nl\/got-gotland\/\"]}]},{\"@type\":\"ImageObject\",\"inLanguage\":\"es\",\"@id\":\"https:\/\/inzain.bike\/nl\/got-gotland\/#primaryimage\",\"url\":\"https:\/\/inzain.bike\/wp-content\/uploads\/2023\/11\/hogklint-CMSTemplate.width-1650-1024x583.jpg\",\"contentUrl\":\"https:\/\/inzain.bike\/wp-content\/uploads\/2023\/11\/hogklint-CMSTemplate.width-1650-1024x583.jpg\"},{\"@type\":\"BreadcrumbList\",\"@id\":\"https:\/\/inzain.bike\/nl\/got-gotland\/#breadcrumb\",\"itemListElement\":[{\"@type\":\"ListItem\",\"position\":1,\"name\":\"Hem\",\"item\":\"https:\/\/inzain.bike\/fr_be\/\"},{\"@type\":\"ListItem\",\"position\":2,\"name\":\"Om Gotland\"}]},{\"@type\":\"WebSite\",\"@id\":\"https:\/\/inzain.bike\/fr_be\/#website\",\"url\":\"https:\/\/inzain.bike\/fr_be\/\",\"name\":\"INZAIN Cycling EXPERIENCES\",\"description\":\"Cyckling Adventures  - for everyone\",\"publisher\":{\"@id\":\"https:\/\/inzain.bike\/fr_be\/#organization\"},\"alternateName\":\"INZAIN Gravel & Travel\",\"potentialAction\":[{\"@type\":\"SearchAction\",\"target\":{\"@type\":\"EntryPoint\",\"urlTemplate\":\"https:\/\/inzain.bike\/fr_be\/?s={search_term_string}\"},\"query-input\":{\"@type\":\"PropertyValueSpecification\",\"valueRequired\":true,\"valueName\":\"search_term_string\"}}],\"inLanguage\":\"es\"},{\"@type\":\"Organization\",\"@id\":\"https:\/\/inzain.bike\/fr_be\/#organization\",\"name\":\"INZAIN Cycling EXPERIENCES\",\"url\":\"https:\/\/inzain.bike\/fr_be\/\",\"logo\":{\"@type\":\"ImageObject\",\"inLanguage\":\"es\",\"@id\":\"https:\/\/inzain.bike\/fr_be\/#\/schema\/logo\/image\/\",\"url\":\"https:\/\/i0.wp.com\/inzain.bike\/wp-content\/uploads\/2023\/09\/cropped-INZAIN_512x512_white.png?fit=512%2C512&ssl=1\",\"contentUrl\":\"https:\/\/i0.wp.com\/inzain.bike\/wp-content\/uploads\/2023\/09\/cropped-INZAIN_512x512_white.png?fit=512%2C512&ssl=1\",\"width\":512,\"height\":512,\"caption\":\"INZAIN Cycling EXPERIENCES\"},\"image\":{\"@id\":\"https:\/\/inzain.bike\/fr_be\/#\/schema\/logo\/image\/\"},\"sameAs\":[\"https:\/\/www.facebook.com\/Inzain.bike\",\"https:\/\/www.instagram.com\/inzainbike\"]}]}<\/script>\n<!-- \/ Yoast SEO plugin. -->","yoast_head_json":{"title":"Acerca de Gotland - EXPERIENCIAS CICLISMO INZAIN","robots":{"index":"index","follow":"follow","max-snippet":"max-snippet:-1","max-image-preview":"max-image-preview:large","max-video-preview":"max-video-preview:-1"},"canonical":"https:\/\/inzain.bike\/es\/got-gotland\/","og_locale":"es_ES","og_type":"article","og_title":"Om Gotland - INZAIN Cycling EXPERIENCES","og_description":"L\u00e5ngt innan v\u00e5r tid l\u00e5g \u00f6n n\u00e4rmare ekvatorn i tropiska vatten och d\u00e4rifr\u00e5n byggdes kalkstensgrunden, som Gotland vilar p\u00e5, upp. Genom v\u00e4der, vind och istid har \u00f6n getts en unik natur som inte finns n\u00e5gon annanstans. P\u00e5 flera platser l\u00e4ngst kusten kan du se och k\u00e4nna p\u00e5 raukar. Hoburgsgubben p\u00e5 s\u00f6dra Gotland och \u201dHunden\u201d vid [&hellip;]","og_url":"https:\/\/inzain.bike\/es\/got-gotland\/","og_site_name":"INZAIN Cycling EXPERIENCES","article_publisher":"https:\/\/www.facebook.com\/Inzain.bike","article_modified_time":"2023-11-21T13:50:58+00:00","og_image":[{"url":"https:\/\/inzain.bike\/wp-content\/uploads\/2023\/11\/hogklint-CMSTemplate.width-1650-1024x583.jpg","type":"","width":"","height":""}],"twitter_card":"summary_large_image","twitter_misc":{"Tiempo de lectura":"2 minutos"},"schema":{"@context":"https:\/\/schema.org","@graph":[{"@type":"WebPage","@id":"https:\/\/inzain.bike\/nl\/got-gotland\/","url":"https:\/\/inzain.bike\/nl\/got-gotland\/","name":"Acerca de Gotland - EXPERIENCIAS CICLISMO INZAIN","isPartOf":{"@id":"https:\/\/inzain.bike\/fr_be\/#website"},"primaryImageOfPage":{"@id":"https:\/\/inzain.bike\/nl\/got-gotland\/#primaryimage"},"image":{"@id":"https:\/\/inzain.bike\/nl\/got-gotland\/#primaryimage"},"thumbnailUrl":"https:\/\/inzain.bike\/wp-content\/uploads\/2023\/11\/hogklint-CMSTemplate.width-1650-1024x583.jpg","datePublished":"2023-11-21T13:18:42+00:00","dateModified":"2023-11-21T13:50:58+00:00","breadcrumb":{"@id":"https:\/\/inzain.bike\/nl\/got-gotland\/#breadcrumb"},"inLanguage":"es","potentialAction":[{"@type":"ReadAction","target":["https:\/\/inzain.bike\/nl\/got-gotland\/"]}]},{"@type":"ImageObject","inLanguage":"es","@id":"https:\/\/inzain.bike\/nl\/got-gotland\/#primaryimage","url":"https:\/\/inzain.bike\/wp-content\/uploads\/2023\/11\/hogklint-CMSTemplate.width-1650-1024x583.jpg","contentUrl":"https:\/\/inzain.bike\/wp-content\/uploads\/2023\/11\/hogklint-CMSTemplate.width-1650-1024x583.jpg"},{"@type":"BreadcrumbList","@id":"https:\/\/inzain.bike\/nl\/got-gotland\/#breadcrumb","itemListElement":[{"@type":"ListItem","position":1,"name":"Hem","item":"https:\/\/inzain.bike\/fr_be\/"},{"@type":"ListItem","position":2,"name":"Om Gotland"}]},{"@type":"WebSite","@id":"https:\/\/inzain.bike\/fr_be\/#website","url":"https:\/\/inzain.bike\/fr_be\/","name":"EXPERIENCIAS Ciclismo INZAIN","description":"Aventuras en bicicleta: para todos","publisher":{"@id":"https:\/\/inzain.bike\/fr_be\/#organization"},"alternateName":"INZAIN Gravel & Travel","potentialAction":[{"@type":"SearchAction","target":{"@type":"EntryPoint","urlTemplate":"https:\/\/inzain.bike\/fr_be\/?s={search_term_string}"},"query-input":{"@type":"PropertyValueSpecification","valueRequired":true,"valueName":"search_term_string"}}],"inLanguage":"es"},{"@type":"Organization","@id":"https:\/\/inzain.bike\/fr_be\/#organization","name":"EXPERIENCIAS Ciclismo INZAIN","url":"https:\/\/inzain.bike\/fr_be\/","logo":{"@type":"ImageObject","inLanguage":"es","@id":"https:\/\/inzain.bike\/fr_be\/#\/schema\/logo\/image\/","url":"https:\/\/i0.wp.com\/inzain.bike\/wp-content\/uploads\/2023\/09\/cropped-INZAIN_512x512_white.png?fit=512%2C512&ssl=1","contentUrl":"https:\/\/i0.wp.com\/inzain.bike\/wp-content\/uploads\/2023\/09\/cropped-INZAIN_512x512_white.png?fit=512%2C512&ssl=1","width":512,"height":512,"caption":"INZAIN Cycling EXPERIENCES"},"image":{"@id":"https:\/\/inzain.bike\/fr_be\/#\/schema\/logo\/image\/"},"sameAs":["https:\/\/www.facebook.com\/Inzain.bike","https:\/\/www.instagram.com\/inzainbike"]}]}},"amp_enabled":true,"_links":{"self":[{"href":"https:\/\/inzain.bike\/es\/wp-json\/wp\/v2\/pages\/5659","targetHints":{"allow":["GET"]}}],"collection":[{"href":"https:\/\/inzain.bike\/es\/wp-json\/wp\/v2\/pages"}],"about":[{"href":"https:\/\/inzain.bike\/es\/wp-json\/wp\/v2\/types\/page"}],"author":[{"embeddable":true,"href":"https:\/\/inzain.bike\/es\/wp-json\/wp\/v2\/users\/135133094"}],"replies":[{"embeddable":true,"href":"https:\/\/inzain.bike\/es\/wp-json\/wp\/v2\/comments?post=5659"}],"version-history":[{"count":0,"href":"https:\/\/inzain.bike\/es\/wp-json\/wp\/v2\/pages\/5659\/revisions"}],"wp:attachment":[{"href":"https:\/\/inzain.bike\/es\/wp-json\/wp\/v2\/media?parent=5659"}],"curies":[{"name":"gracias","href":"https:\/\/api.w.org\/{rel}","templated":true}]}}