{"id":5808,"date":"2023-11-22T19:14:43","date_gmt":"2023-11-22T18:14:43","guid":{"rendered":"https:\/\/inzain.bike\/?page_id=5808"},"modified":"2025-03-17T16:13:49","modified_gmt":"2025-03-17T15:13:49","slug":"sor25-cykling","status":"publish","type":"page","link":"https:\/\/inzain.bike\/es\/sor25-cykling\/","title":{"rendered":"Ciclismo en S\u00f6rmland"},"content":{"rendered":"<p>Bienvenido al campamento de grava INZAIN en S\u00f6rmland. Esta es la cuarta vez que organizamos un campamento aqu\u00ed, en la meca de la grava de Suecia. Esta vez estamos en medio de la acci\u00f3n y vivimos y trabajamos desde Eskilstuna.<br><br>Nuestros campamentos de grava son para todos, \u00bfquieres pedalear r\u00e1pido, tom\u00e1rtelo con calma o mezclarlo todo? Va genial. Habr\u00e1 recorridos de diferentes longitudes, la mayor\u00eda de los cuales tambi\u00e9n se pueden acortar. Tambi\u00e9n disponemos de un veh\u00edculo de apoyo en caso de que sea necesario atender a alguna bicicleta o ciclista.<\/p>\n\n\n\n<p>Creemos que el caf\u00e9 y la comida son importantes, por eso pasaremos por lugares agradables donde podr\u00e1s conseguir algo bueno para tu est\u00f3mago.<br>Si hace calor, el veh\u00edculo de apoyo estar\u00e1 disponible con agua extra y otras cosas.<\/p>\n\n\n\n<div class=\"wp-block-columns alignwide is-layout-flex wp-container-core-columns-is-layout-28f84493 wp-block-columns-is-layout-flex\">\n<div class=\"wp-block-column is-layout-flow wp-block-column-is-layout-flow\">\n<figure class=\"wp-block-image size-large\"><img loading=\"lazy\" decoding=\"async\" width=\"990\" height=\"1024\" src=\"https:\/\/inzain.bike\/wp-content\/uploads\/2023\/11\/20220522_141723-990x1024.jpg\" alt=\"\" class=\"wp-image-5792\" srcset=\"https:\/\/inzain.bike\/wp-content\/uploads\/2023\/11\/20220522_141723-990x1024.jpg 990w, https:\/\/inzain.bike\/wp-content\/uploads\/2023\/11\/20220522_141723-290x300.jpg 290w, https:\/\/inzain.bike\/wp-content\/uploads\/2023\/11\/20220522_141723-768x794.jpg 768w, https:\/\/inzain.bike\/wp-content\/uploads\/2023\/11\/20220522_141723-1485x1536.jpg 1485w, https:\/\/inzain.bike\/wp-content\/uploads\/2023\/11\/20220522_141723-1980x2048.jpg 1980w, https:\/\/inzain.bike\/wp-content\/uploads\/2023\/11\/20220522_141723-12x12.jpg 12w, https:\/\/inzain.bike\/wp-content\/uploads\/2023\/11\/20220522_141723-1320x1365.jpg 1320w, https:\/\/inzain.bike\/wp-content\/uploads\/2023\/11\/20220522_141723-600x621.jpg 600w\" sizes=\"auto, (max-width: 990px) 100vw, 990px\" \/><\/figure>\n<\/div>\n\n\n\n<div class=\"wp-block-column is-layout-flow wp-block-column-is-layout-flow\">\n<div style=\"height:254px\" aria-hidden=\"true\" class=\"wp-block-spacer\"><\/div>\n\n\n\n<p class=\"has-roboto-font-family has-custom-font\" style=\"font-family:Roboto\">Los dos d\u00edas tienen un car\u00e1cter claramente diferente, pero ambos son recorridos absolutamente fant\u00e1sticos. Nuestros gu\u00edas se encargan de que todos lo pasen bien y adaptamos el ritmo al grupo. Si resulta ser el mejor, nos dividiremos en diferentes grupos de velocidad, pero independientemente de la velocidad, podemos prometer que todos tendr\u00e1n dos d\u00edas fant\u00e1sticos.<\/p>\n\n\n\n<p>Con suficiente antelaci\u00f3n al fin de semana, enviamos nuestra famosa Gu\u00eda del Jinete, un documento que contiene toda la informaci\u00f3n sobre rutas, caf\u00e9, almuerzo y mucho, mucho m\u00e1s.<\/p>\n<\/div>\n<\/div>\n\n\n\n<div class=\"wp-block-columns alignwide is-layout-flex wp-container-core-columns-is-layout-28f84493 wp-block-columns-is-layout-flex\">\n<div class=\"wp-block-column is-layout-flow wp-block-column-is-layout-flow\">\n<p class=\"has-roboto-font-family has-custom-font\" style=\"font-family:Roboto;font-size:52px\">Cronograma<\/p>\n\n\n\n<div style=\"height:65px\" aria-hidden=\"true\" class=\"wp-block-spacer\"><\/div>\n<\/div>\n<\/div>\n\n\n\n<div class=\"wp-block-columns alignwide is-layout-flex wp-container-core-columns-is-layout-28f84493 wp-block-columns-is-layout-flex\">\n<div class=\"wp-block-column is-layout-flow wp-block-column-is-layout-flow\">\n<figure class=\"wp-block-image size-large\"><img loading=\"lazy\" decoding=\"async\" width=\"768\" height=\"1024\" src=\"https:\/\/inzain.bike\/wp-content\/uploads\/2025\/03\/442445534_384192111250484_1074260929087877590_n-768x1024.jpg\" alt=\"\" class=\"wp-image-7858\" srcset=\"https:\/\/inzain.bike\/wp-content\/uploads\/2025\/03\/442445534_384192111250484_1074260929087877590_n-768x1024.jpg 768w, https:\/\/inzain.bike\/wp-content\/uploads\/2025\/03\/442445534_384192111250484_1074260929087877590_n-225x300.jpg 225w, https:\/\/inzain.bike\/wp-content\/uploads\/2025\/03\/442445534_384192111250484_1074260929087877590_n-1152x1536.jpg 1152w, https:\/\/inzain.bike\/wp-content\/uploads\/2025\/03\/442445534_384192111250484_1074260929087877590_n-9x12.jpg 9w, https:\/\/inzain.bike\/wp-content\/uploads\/2025\/03\/442445534_384192111250484_1074260929087877590_n-1320x1760.jpg 1320w, https:\/\/inzain.bike\/wp-content\/uploads\/2025\/03\/442445534_384192111250484_1074260929087877590_n-600x800.jpg 600w, https:\/\/inzain.bike\/wp-content\/uploads\/2025\/03\/442445534_384192111250484_1074260929087877590_n.jpg 1536w\" sizes=\"auto, (max-width: 768px) 100vw, 768px\" \/><\/figure>\n<\/div>\n\n\n\n<div class=\"wp-block-column is-layout-flow wp-block-column-is-layout-flow\">\n<div style=\"height:200px\" aria-hidden=\"true\" class=\"wp-block-spacer\"><\/div>\n\n\n\n<p><strong>Viernes<\/strong><br>Check-in en el hotel y reuni\u00f3n de bienvenida donde pasan nuestros gu\u00edas durante el fin de semana. Si algo sali\u00f3 mal, podemos ayudar con la mayor\u00eda de las cosas. Tenemos algunos repuestos, bombas, cremalleras y m\u00e1s en nuestro remolque.<\/p>\n<\/div>\n<\/div>\n\n\n\n<div class=\"wp-block-columns alignwide is-layout-flex wp-container-core-columns-is-layout-28f84493 wp-block-columns-is-layout-flex\">\n<div class=\"wp-block-column is-layout-flow wp-block-column-is-layout-flow\">\n<figure class=\"wp-block-image size-full\"><img loading=\"lazy\" decoding=\"async\" width=\"2048\" height=\"1152\" src=\"https:\/\/inzain.bike\/wp-content\/uploads\/2025\/03\/444137743_10220282087841186_161621335968714480_n.jpg\" alt=\"\" class=\"wp-image-7859\" srcset=\"https:\/\/inzain.bike\/wp-content\/uploads\/2025\/03\/444137743_10220282087841186_161621335968714480_n.jpg 2048w, https:\/\/inzain.bike\/wp-content\/uploads\/2025\/03\/444137743_10220282087841186_161621335968714480_n-300x169.jpg 300w, https:\/\/inzain.bike\/wp-content\/uploads\/2025\/03\/444137743_10220282087841186_161621335968714480_n-1024x576.jpg 1024w, https:\/\/inzain.bike\/wp-content\/uploads\/2025\/03\/444137743_10220282087841186_161621335968714480_n-768x432.jpg 768w, https:\/\/inzain.bike\/wp-content\/uploads\/2025\/03\/444137743_10220282087841186_161621335968714480_n-1536x864.jpg 1536w, https:\/\/inzain.bike\/wp-content\/uploads\/2025\/03\/444137743_10220282087841186_161621335968714480_n-18x10.jpg 18w, https:\/\/inzain.bike\/wp-content\/uploads\/2025\/03\/444137743_10220282087841186_161621335968714480_n-1320x743.jpg 1320w, https:\/\/inzain.bike\/wp-content\/uploads\/2025\/03\/444137743_10220282087841186_161621335968714480_n-600x338.jpg 600w\" sizes=\"auto, (max-width: 2048px) 100vw, 2048px\" \/><\/figure>\n<\/div>\n\n\n\n<div class=\"wp-block-column is-layout-flow wp-block-column-is-layout-flow\">\n<div style=\"height:148px\" aria-hidden=\"true\" class=\"wp-block-spacer\"><\/div>\n\n\n\n<p><strong>S\u00e1bado<\/strong><br>Pedaleamos hacia el este por carreteras muy bonitas y variadas. Regresamos al hotel en bicicleta por una ruta muy bonita.<\/p>\n<\/div>\n<\/div>\n\n\n\n<div class=\"wp-block-columns alignwide is-layout-flex wp-container-core-columns-is-layout-28f84493 wp-block-columns-is-layout-flex\">\n<div class=\"wp-block-column is-layout-flow wp-block-column-is-layout-flow\">\n<div style=\"height:200px\" aria-hidden=\"true\" class=\"wp-block-spacer\"><\/div>\n\n\n\n<p><strong>Domingo<\/strong><br>El recorrido se dirige hacia el oeste a trav\u00e9s de campos y bosques. La mayor parte es camino de grava, pero tambi\u00e9n hay algunos senderos bonitos. <\/p>\n<\/div>\n\n\n\n<div class=\"wp-block-column is-layout-flow wp-block-column-is-layout-flow\">\n<figure class=\"wp-block-image size-full\"><img loading=\"lazy\" decoding=\"async\" width=\"2048\" height=\"1536\" src=\"https:\/\/inzain.bike\/wp-content\/uploads\/2025\/03\/440840536_1030803585079291_8100511238053424564_n.jpg\" alt=\"\" class=\"wp-image-7861\" srcset=\"https:\/\/inzain.bike\/wp-content\/uploads\/2025\/03\/440840536_1030803585079291_8100511238053424564_n.jpg 2048w, https:\/\/inzain.bike\/wp-content\/uploads\/2025\/03\/440840536_1030803585079291_8100511238053424564_n-300x225.jpg 300w, https:\/\/inzain.bike\/wp-content\/uploads\/2025\/03\/440840536_1030803585079291_8100511238053424564_n-1024x768.jpg 1024w, https:\/\/inzain.bike\/wp-content\/uploads\/2025\/03\/440840536_1030803585079291_8100511238053424564_n-768x576.jpg 768w, https:\/\/inzain.bike\/wp-content\/uploads\/2025\/03\/440840536_1030803585079291_8100511238053424564_n-1536x1152.jpg 1536w, https:\/\/inzain.bike\/wp-content\/uploads\/2025\/03\/440840536_1030803585079291_8100511238053424564_n-16x12.jpg 16w, https:\/\/inzain.bike\/wp-content\/uploads\/2025\/03\/440840536_1030803585079291_8100511238053424564_n-1320x990.jpg 1320w, https:\/\/inzain.bike\/wp-content\/uploads\/2025\/03\/440840536_1030803585079291_8100511238053424564_n-600x450.jpg 600w\" sizes=\"auto, (max-width: 2048px) 100vw, 2048px\" \/><\/figure>\n<\/div>\n<\/div>","protected":false},"excerpt":{"rendered":"<p>V\u00e4lkommen till INZAIN Gravel Camp i S\u00f6rmland. Det \u00e4r fj\u00e4rde g\u00e5ngen vi k\u00f6r ett camp, h\u00e4r i Sveriges grusmecka. Denna g\u00e5ng l\u00e4gger vi oss mitt i gr\u00e4ddfilen och bor och utg\u00e5r fr\u00e5n Eskilstuna. V\u00e5ra gravelcamp \u00e4r till f\u00f6r alla, vill du cykla snabbt, ta det lugnt eller mixa? Det g\u00e5r utm\u00e4rkt. Det kommer finnas rutter [&hellip;]<\/p>\n","protected":false},"author":135133094,"featured_media":0,"parent":0,"menu_order":0,"comment_status":"closed","ping_status":"closed","template":"","meta":{"_coblocks_attr":"Roboto,Roboto","_coblocks_dimensions":"","_coblocks_responsive_height":"","_coblocks_accordion_ie_support":"","footnotes":""},"class_list":["post-5808","page","type-page","status-publish","hentry"],"yoast_head":"<!-- This site is optimized with the Yoast SEO plugin v27.2 - https:\/\/yoast.com\/product\/yoast-seo-wordpress\/ -->\n<title>S\u00f6rmland Cykling - INZAIN Cycling EXPERIENCES<\/title>\n<meta name=\"robots\" content=\"index, follow, max-snippet:-1, max-image-preview:large, max-video-preview:-1\" \/>\n<link rel=\"canonical\" href=\"https:\/\/inzain.bike\/es\/sor25-cykling\/\" \/>\n<meta property=\"og:locale\" content=\"es_ES\" \/>\n<meta property=\"og:type\" content=\"article\" \/>\n<meta property=\"og:title\" content=\"S\u00f6rmland Cykling - INZAIN Cycling EXPERIENCES\" \/>\n<meta property=\"og:description\" content=\"V\u00e4lkommen till INZAIN Gravel Camp i S\u00f6rmland. Det \u00e4r fj\u00e4rde g\u00e5ngen vi k\u00f6r ett camp, h\u00e4r i Sveriges grusmecka. Denna g\u00e5ng l\u00e4gger vi oss mitt i gr\u00e4ddfilen och bor och utg\u00e5r fr\u00e5n Eskilstuna. V\u00e5ra gravelcamp \u00e4r till f\u00f6r alla, vill du cykla snabbt, ta det lugnt eller mixa? Det g\u00e5r utm\u00e4rkt. Det kommer finnas rutter [&hellip;]\" \/>\n<meta property=\"og:url\" content=\"https:\/\/inzain.bike\/es\/sor25-cykling\/\" \/>\n<meta property=\"og:site_name\" content=\"INZAIN Cycling EXPERIENCES\" \/>\n<meta property=\"article:publisher\" content=\"https:\/\/www.facebook.com\/Inzain.bike\" \/>\n<meta property=\"article:modified_time\" content=\"2025-03-17T15:13:49+00:00\" \/>\n<meta property=\"og:image\" content=\"https:\/\/inzain.bike\/wp-content\/uploads\/2023\/11\/20220522_141723-990x1024.jpg\" \/>\n<meta name=\"twitter:card\" content=\"summary_large_image\" \/>\n<meta name=\"twitter:label1\" content=\"Tiempo de lectura\" \/>\n\t<meta name=\"twitter:data1\" content=\"3 minutos\" \/>\n<script type=\"application\/ld+json\" class=\"yoast-schema-graph\">{\"@context\":\"https:\/\/schema.org\",\"@graph\":[{\"@type\":\"WebPage\",\"@id\":\"https:\/\/inzain.bike\/en\/sor25-cykling\/\",\"url\":\"https:\/\/inzain.bike\/en\/sor25-cykling\/\",\"name\":\"S\u00f6rmland Cykling - INZAIN Cycling EXPERIENCES\",\"isPartOf\":{\"@id\":\"https:\/\/inzain.bike\/fr_be\/#website\"},\"primaryImageOfPage\":{\"@id\":\"https:\/\/inzain.bike\/en\/sor25-cykling\/#primaryimage\"},\"image\":{\"@id\":\"https:\/\/inzain.bike\/en\/sor25-cykling\/#primaryimage\"},\"thumbnailUrl\":\"https:\/\/inzain.bike\/wp-content\/uploads\/2023\/11\/20220522_141723-990x1024.jpg\",\"datePublished\":\"2023-11-22T18:14:43+00:00\",\"dateModified\":\"2025-03-17T15:13:49+00:00\",\"breadcrumb\":{\"@id\":\"https:\/\/inzain.bike\/en\/sor25-cykling\/#breadcrumb\"},\"inLanguage\":\"es\",\"potentialAction\":[{\"@type\":\"ReadAction\",\"target\":[\"https:\/\/inzain.bike\/en\/sor25-cykling\/\"]}]},{\"@type\":\"ImageObject\",\"inLanguage\":\"es\",\"@id\":\"https:\/\/inzain.bike\/en\/sor25-cykling\/#primaryimage\",\"url\":\"https:\/\/inzain.bike\/wp-content\/uploads\/2023\/11\/20220522_141723-990x1024.jpg\",\"contentUrl\":\"https:\/\/inzain.bike\/wp-content\/uploads\/2023\/11\/20220522_141723-990x1024.jpg\"},{\"@type\":\"BreadcrumbList\",\"@id\":\"https:\/\/inzain.bike\/en\/sor25-cykling\/#breadcrumb\",\"itemListElement\":[{\"@type\":\"ListItem\",\"position\":1,\"name\":\"Hem\",\"item\":\"https:\/\/inzain.bike\/fr_be\/\"},{\"@type\":\"ListItem\",\"position\":2,\"name\":\"S\u00f6rmland Cykling\"}]},{\"@type\":\"WebSite\",\"@id\":\"https:\/\/inzain.bike\/fr_be\/#website\",\"url\":\"https:\/\/inzain.bike\/fr_be\/\",\"name\":\"INZAIN Cycling EXPERIENCES\",\"description\":\"Cyckling Adventures  - for everyone\",\"publisher\":{\"@id\":\"https:\/\/inzain.bike\/fr_be\/#organization\"},\"alternateName\":\"INZAIN Gravel & Travel\",\"potentialAction\":[{\"@type\":\"SearchAction\",\"target\":{\"@type\":\"EntryPoint\",\"urlTemplate\":\"https:\/\/inzain.bike\/fr_be\/?s={search_term_string}\"},\"query-input\":{\"@type\":\"PropertyValueSpecification\",\"valueRequired\":true,\"valueName\":\"search_term_string\"}}],\"inLanguage\":\"es\"},{\"@type\":\"Organization\",\"@id\":\"https:\/\/inzain.bike\/fr_be\/#organization\",\"name\":\"INZAIN Cycling EXPERIENCES\",\"url\":\"https:\/\/inzain.bike\/fr_be\/\",\"logo\":{\"@type\":\"ImageObject\",\"inLanguage\":\"es\",\"@id\":\"https:\/\/inzain.bike\/fr_be\/#\/schema\/logo\/image\/\",\"url\":\"https:\/\/i0.wp.com\/inzain.bike\/wp-content\/uploads\/2023\/09\/cropped-INZAIN_512x512_white.png?fit=512%2C512&ssl=1\",\"contentUrl\":\"https:\/\/i0.wp.com\/inzain.bike\/wp-content\/uploads\/2023\/09\/cropped-INZAIN_512x512_white.png?fit=512%2C512&ssl=1\",\"width\":512,\"height\":512,\"caption\":\"INZAIN Cycling EXPERIENCES\"},\"image\":{\"@id\":\"https:\/\/inzain.bike\/fr_be\/#\/schema\/logo\/image\/\"},\"sameAs\":[\"https:\/\/www.facebook.com\/Inzain.bike\",\"https:\/\/www.instagram.com\/inzainbike\"]}]}<\/script>\n<!-- \/ Yoast SEO plugin. -->","yoast_head_json":{"title":"Ciclismo en S\u00f6rmland - EXPERIENCIAS Ciclista INZAIN","robots":{"index":"index","follow":"follow","max-snippet":"max-snippet:-1","max-image-preview":"max-image-preview:large","max-video-preview":"max-video-preview:-1"},"canonical":"https:\/\/inzain.bike\/es\/sor25-cykling\/","og_locale":"es_ES","og_type":"article","og_title":"S\u00f6rmland Cykling - INZAIN Cycling EXPERIENCES","og_description":"V\u00e4lkommen till INZAIN Gravel Camp i S\u00f6rmland. Det \u00e4r fj\u00e4rde g\u00e5ngen vi k\u00f6r ett camp, h\u00e4r i Sveriges grusmecka. Denna g\u00e5ng l\u00e4gger vi oss mitt i gr\u00e4ddfilen och bor och utg\u00e5r fr\u00e5n Eskilstuna. V\u00e5ra gravelcamp \u00e4r till f\u00f6r alla, vill du cykla snabbt, ta det lugnt eller mixa? Det g\u00e5r utm\u00e4rkt. Det kommer finnas rutter [&hellip;]","og_url":"https:\/\/inzain.bike\/es\/sor25-cykling\/","og_site_name":"INZAIN Cycling EXPERIENCES","article_publisher":"https:\/\/www.facebook.com\/Inzain.bike","article_modified_time":"2025-03-17T15:13:49+00:00","og_image":[{"url":"https:\/\/inzain.bike\/wp-content\/uploads\/2023\/11\/20220522_141723-990x1024.jpg","type":"","width":"","height":""}],"twitter_card":"summary_large_image","twitter_misc":{"Tiempo de lectura":"3 minutos"},"schema":{"@context":"https:\/\/schema.org","@graph":[{"@type":"WebPage","@id":"https:\/\/inzain.bike\/en\/sor25-cykling\/","url":"https:\/\/inzain.bike\/en\/sor25-cykling\/","name":"Ciclismo en S\u00f6rmland - EXPERIENCIAS Ciclista INZAIN","isPartOf":{"@id":"https:\/\/inzain.bike\/fr_be\/#website"},"primaryImageOfPage":{"@id":"https:\/\/inzain.bike\/en\/sor25-cykling\/#primaryimage"},"image":{"@id":"https:\/\/inzain.bike\/en\/sor25-cykling\/#primaryimage"},"thumbnailUrl":"https:\/\/inzain.bike\/wp-content\/uploads\/2023\/11\/20220522_141723-990x1024.jpg","datePublished":"2023-11-22T18:14:43+00:00","dateModified":"2025-03-17T15:13:49+00:00","breadcrumb":{"@id":"https:\/\/inzain.bike\/en\/sor25-cykling\/#breadcrumb"},"inLanguage":"es","potentialAction":[{"@type":"ReadAction","target":["https:\/\/inzain.bike\/en\/sor25-cykling\/"]}]},{"@type":"ImageObject","inLanguage":"es","@id":"https:\/\/inzain.bike\/en\/sor25-cykling\/#primaryimage","url":"https:\/\/inzain.bike\/wp-content\/uploads\/2023\/11\/20220522_141723-990x1024.jpg","contentUrl":"https:\/\/inzain.bike\/wp-content\/uploads\/2023\/11\/20220522_141723-990x1024.jpg"},{"@type":"BreadcrumbList","@id":"https:\/\/inzain.bike\/en\/sor25-cykling\/#breadcrumb","itemListElement":[{"@type":"ListItem","position":1,"name":"Hem","item":"https:\/\/inzain.bike\/fr_be\/"},{"@type":"ListItem","position":2,"name":"S\u00f6rmland Cykling"}]},{"@type":"WebSite","@id":"https:\/\/inzain.bike\/fr_be\/#website","url":"https:\/\/inzain.bike\/fr_be\/","name":"EXPERIENCIAS Ciclismo INZAIN","description":"Aventuras en bicicleta: para todos","publisher":{"@id":"https:\/\/inzain.bike\/fr_be\/#organization"},"alternateName":"INZAIN Gravel & Travel","potentialAction":[{"@type":"SearchAction","target":{"@type":"EntryPoint","urlTemplate":"https:\/\/inzain.bike\/fr_be\/?s={search_term_string}"},"query-input":{"@type":"PropertyValueSpecification","valueRequired":true,"valueName":"search_term_string"}}],"inLanguage":"es"},{"@type":"Organization","@id":"https:\/\/inzain.bike\/fr_be\/#organization","name":"EXPERIENCIAS Ciclismo INZAIN","url":"https:\/\/inzain.bike\/fr_be\/","logo":{"@type":"ImageObject","inLanguage":"es","@id":"https:\/\/inzain.bike\/fr_be\/#\/schema\/logo\/image\/","url":"https:\/\/i0.wp.com\/inzain.bike\/wp-content\/uploads\/2023\/09\/cropped-INZAIN_512x512_white.png?fit=512%2C512&ssl=1","contentUrl":"https:\/\/i0.wp.com\/inzain.bike\/wp-content\/uploads\/2023\/09\/cropped-INZAIN_512x512_white.png?fit=512%2C512&ssl=1","width":512,"height":512,"caption":"INZAIN Cycling EXPERIENCES"},"image":{"@id":"https:\/\/inzain.bike\/fr_be\/#\/schema\/logo\/image\/"},"sameAs":["https:\/\/www.facebook.com\/Inzain.bike","https:\/\/www.instagram.com\/inzainbike"]}]}},"amp_enabled":true,"_links":{"self":[{"href":"https:\/\/inzain.bike\/es\/wp-json\/wp\/v2\/pages\/5808","targetHints":{"allow":["GET"]}}],"collection":[{"href":"https:\/\/inzain.bike\/es\/wp-json\/wp\/v2\/pages"}],"about":[{"href":"https:\/\/inzain.bike\/es\/wp-json\/wp\/v2\/types\/page"}],"author":[{"embeddable":true,"href":"https:\/\/inzain.bike\/es\/wp-json\/wp\/v2\/users\/135133094"}],"replies":[{"embeddable":true,"href":"https:\/\/inzain.bike\/es\/wp-json\/wp\/v2\/comments?post=5808"}],"version-history":[{"count":3,"href":"https:\/\/inzain.bike\/es\/wp-json\/wp\/v2\/pages\/5808\/revisions"}],"predecessor-version":[{"id":7864,"href":"https:\/\/inzain.bike\/es\/wp-json\/wp\/v2\/pages\/5808\/revisions\/7864"}],"wp:attachment":[{"href":"https:\/\/inzain.bike\/es\/wp-json\/wp\/v2\/media?parent=5808"}],"curies":[{"name":"gracias","href":"https:\/\/api.w.org\/{rel}","templated":true}]}}