{"id":588,"date":"2021-06-25T13:50:18","date_gmt":"2021-06-25T11:50:18","guid":{"rendered":"https:\/\/inzain.bike\/?page_id=588"},"modified":"2021-06-25T13:50:18","modified_gmt":"2021-06-25T11:50:18","slug":"solstice-ride-2021","status":"publish","type":"page","link":"https:\/\/inzain.bike\/es\/solstice-ride-2021\/","title":{"rendered":"Paseo del solsticio 2021"},"content":{"rendered":"<figure class=\"wp-block-image size-large\"><img decoding=\"async\" src=\"https:\/\/inzain.bike\/wp-content\/uploads\/2021\/06\/20210624_215137.jpg?w=1024\" alt=\"\" class=\"wp-image-592\" \/><figcaption>Toro<\/figcaption><\/figure>\n\n\n\n<p>Grusets V\u00e4nner repiti\u00f3 el Solstice de 2020. Comenz\u00f3 en \u00d6smo, gravilla hasta Tor\u00f6, para disfrutar del atardecer y tomar un caf\u00e9. Luego subiremos a G\u00e5l\u00f6 Havsbad para ver el amanecer.<\/p>\n\n\n\n<p>Pedalear en la noche m\u00e1s corta del a\u00f1o, con buenos amigos, olores de animales y todas las impresiones es algo que me parece fant\u00e1stico. Ya en 30 minutos nos encontramos con una familia de jabal\u00edes, un \u00e1guila, ciervos, ranas y m\u00e1s.<\/p>\n\n\n\n<p>La bajada contin\u00faa sin incidencias, se avanza a bastante buena velocidad y como siempre entre charlas y risas constantes.<\/p>\n\n\n\n<figure class=\"wp-block-image size-large\"><img decoding=\"async\" src=\"https:\/\/inzain.bike\/wp-content\/uploads\/2021\/06\/g0016217.jpg?w=1024\" alt=\"\" class=\"wp-image-594\" \/><\/figure>\n\n\n\n<p>Camino, camino de tierra y un poco de asfalto se mezclan de forma agradable, el sol se pone, la vida es buena.<\/p>\n\n\n\n<figure class=\"wp-block-image size-large\"><img decoding=\"async\" src=\"https:\/\/inzain.bike\/wp-content\/uploads\/2021\/06\/g0016242.jpg?w=1024\" alt=\"\" class=\"wp-image-596\" \/><\/figure>\n\n\n\n<p>Cuando bajamos a Tor\u00f6, hay un lugar especial donde tenemos una panor\u00e1mica del encuentro del sol con el mar.<\/p>\n\n\n\n<figure class=\"wp-block-image size-large\"><img decoding=\"async\" src=\"https:\/\/inzain.bike\/wp-content\/uploads\/2021\/06\/g0016416.jpg?w=1024\" alt=\"\" class=\"wp-image-597\" \/><\/figure>\n\n\n\n<p>Cuando hayamos participado en \u00e9l, hayamos tomado mucho caf\u00e9 y bueno, comience el viaje hacia G\u00e5l\u00f6 y comience el amanecer, resultar\u00eda que tenemos un poco m\u00e1s de aventura para nosotros...<\/p>\n\n\n\n<figure class=\"wp-block-image size-large\"><img decoding=\"async\" src=\"https:\/\/inzain.bike\/wp-content\/uploads\/2021\/06\/g0016382.jpg?w=1024\" alt=\"\" class=\"wp-image-599\" \/><\/figure>\n\n\n\n<p>Rodamos por asfalto el primer kil\u00f3metro, a bastante buen ritmo, nos hemos vestido para el fr\u00edo pero pronto nos vemos obligados a parar y volver a quitarnos la ropa.<\/p>\n\n\n\n<figure class=\"wp-block-image size-large\"><img decoding=\"async\" src=\"https:\/\/inzain.bike\/wp-content\/uploads\/2021\/06\/g0036485.jpg?w=1024\" alt=\"\" class=\"wp-image-601\" \/><\/figure>\n\n\n\n<p>Pronto llegamos a las horas m\u00e1s oscuras, aparecen rayos de niebla, se oye un susurro entre los arbustos y lo \u00fanico que puedes hacer es disfrutar.<\/p>\n\n\n\n<figure class=\"wp-block-image size-large\"><img decoding=\"async\" src=\"https:\/\/inzain.bike\/wp-content\/uploads\/2021\/06\/g0036587.jpg?w=1024\" alt=\"\" class=\"wp-image-603\" \/><\/figure>\n\n\n\n<p>Despu\u00e9s de la \u00fanica subida del recorrido y de un paso de roca rugosa y volada, siento una sensaci\u00f3n familiar. PUNK. Por suerte, conduzco con inserciones, porque hay un gran desgarro en el lateral del neum\u00e1tico, de unos 1,5 cm. Todo el aire y el sellador se hab\u00edan subido inmediatamente y, sin los insertos, el neum\u00e1tico probablemente se habr\u00eda partido y yo habr\u00eda quedado parado sobre mis orejas. Ahora fue solo una reparaci\u00f3n importante donde se empezaron a utilizar los ba\u00fales de Park Tools antes de que se instalara la manguera, es un producto de oro para desgarros grandes. Sin \u00e9l, f\u00e1cilmente vuelve a ser punk.<\/p>\n\n\n\n<figure class=\"wp-block-image size-large\"><img decoding=\"async\" src=\"https:\/\/inzain.bike\/wp-content\/uploads\/2021\/06\/g0036613.jpg?w=1024\" alt=\"\" class=\"wp-image-605\" \/><\/figure>\n\n\n\n<p>La carretera hasta Tungelsta, sin embargo, ofrecer\u00eda m\u00e1s, la primera fue cuando accidentalmente met\u00ed el anillo met\u00e1lico de la v\u00e1lvula entre la manguera y el neum\u00e1tico. El otro probablemente de grava que no he podido quitar. Sin embargo, despu\u00e9s de una limpieza a fondo, los punks desaparecieron. Conseguir\u00e9 un neum\u00e1tico nuevo y lo arreglar\u00e9 ahora.<\/p>\n\n\n\n<p>El viaje hasta Tungelsta es fant\u00e1stico, muy divertido de hacer de noche, todo parece muy diferente.<\/p>\n\n\n\n<figure class=\"wp-block-image size-large\"><img decoding=\"async\" src=\"https:\/\/inzain.bike\/wp-content\/uploads\/2021\/06\/g0036579.jpg?w=1024\" alt=\"\" class=\"wp-image-607\" \/><\/figure>\n\n\n\n<p>Fuimos 17 personas y se dieron dos estrenos, te damos una cordial bienvenida y esperamos que quieras pedalear m\u00e1s veces con nosotros!<\/p>\n\n\n\n<figure class=\"wp-block-image size-large\"><img decoding=\"async\" src=\"https:\/\/inzain.bike\/wp-content\/uploads\/2021\/06\/206205315_4120180721353018_5858387706086174893_n.jpg?w=1024\" alt=\"\" class=\"wp-image-609\" \/><figcaption>Foto de : Ponto<\/figcaption><\/figure>\n\n\n\n<figure class=\"wp-block-embed is-type-rich is-provider-youtube wp-block-embed-youtube wp-embed-aspect-16-9 wp-has-aspect-ratio\"><div class=\"wp-block-embed__wrapper\">\n<iframe loading=\"lazy\" title=\"Paseo del solsticio 2021\" width=\"500\" height=\"281\" src=\"https:\/\/www.youtube.com\/embed\/vqWK1COziTI?feature=oembed\" frameborder=\"0\" allow=\"accelerometer; autoplay; clipboard-write; encrypted-media; gyroscope; picture-in-picture; web-share\" referrerpolicy=\"strict-origin-when-cross-origin\" allowfullscreen><\/iframe>\n<\/div><\/figure>\n\n\n\n<p>Gracias a todos los que participaron, \u00a1sois los mejores!<\/p>\n\n\n\n<p><br><\/p>\n\n\n\n<div class=\"wp-block-jetpack-tiled-gallery aligncenter is-style-rectangular\"><div class=\"tiled-gallery__gallery\"><div class=\"tiled-gallery__row\"><div class=\"tiled-gallery__col\" style=\"flex-basis:66.78241%;\"><figure class=\"tiled-gallery__item\"><img decoding=\"async\" alt=\"\" data-height=\"1080\" data-id=\"612\" data-link=\"https:\/\/inzain.bike\/202396928_926175654614014_7064991511395429120_n\/\" data-url=\"https:\/\/inzain.bike\/wp-content\/uploads\/2021\/06\/202396928_926175654614014_7064991511395429120_n.jpg\" data-width=\"1440\" src=\"https:\/\/inzain.bike\/wp-content\/uploads\/2021\/06\/202396928_926175654614014_7064991511395429120_n.jpg\" data-amp-layout=\"responsive\" \/><\/figure><\/div><div class=\"tiled-gallery__col\" style=\"flex-basis:33.21759%;\"><figure class=\"tiled-gallery__item\"><img decoding=\"async\" alt=\"\" data-height=\"3888\" data-id=\"613\" data-link=\"https:\/\/inzain.bike\/dcim100goprog0016290-jpg\/\" data-url=\"https:\/\/inzain.bike\/wp-content\/uploads\/2021\/06\/g0016290.jpg\" data-width=\"5184\" src=\"https:\/\/inzain.bike\/wp-content\/uploads\/2021\/06\/g0016290.jpg\" data-amp-layout=\"responsive\" \/><\/figure><figure class=\"tiled-gallery__item\"><img decoding=\"async\" alt=\"\" data-height=\"3888\" data-id=\"614\" data-link=\"https:\/\/inzain.bike\/dcim100goprog0036497-jpg\/\" data-url=\"https:\/\/inzain.bike\/wp-content\/uploads\/2021\/06\/g0036497.jpg\" data-width=\"5184\" src=\"https:\/\/inzain.bike\/wp-content\/uploads\/2021\/06\/g0036497.jpg\" data-amp-layout=\"responsive\" \/><\/figure><\/div><\/div><div class=\"tiled-gallery__row\"><div class=\"tiled-gallery__col\" style=\"flex-basis:33.33333%;\"><figure class=\"tiled-gallery__item\"><img decoding=\"async\" alt=\"\" data-height=\"3888\" data-id=\"615\" data-link=\"https:\/\/inzain.bike\/dcim100goprog0036582-jpg\/\" data-url=\"https:\/\/inzain.bike\/wp-content\/uploads\/2021\/06\/g0036582.jpg\" data-width=\"5184\" src=\"https:\/\/inzain.bike\/wp-content\/uploads\/2021\/06\/g0036582.jpg\" data-amp-layout=\"responsive\" \/><\/figure><\/div><div class=\"tiled-gallery__col\" style=\"flex-basis:33.33333%;\"><figure class=\"tiled-gallery__item\"><img decoding=\"async\" alt=\"\" data-height=\"3888\" data-id=\"616\" data-link=\"https:\/\/inzain.bike\/dcim100goprog0036634-jpg\/\" data-url=\"https:\/\/inzain.bike\/wp-content\/uploads\/2021\/06\/g0036634.jpg\" data-width=\"5184\" src=\"https:\/\/inzain.bike\/wp-content\/uploads\/2021\/06\/g0036634.jpg\" data-amp-layout=\"responsive\" \/><\/figure><\/div><div class=\"tiled-gallery__col\" style=\"flex-basis:33.33333%;\"><figure class=\"tiled-gallery__item\"><img decoding=\"async\" alt=\"\" data-height=\"3888\" data-id=\"617\" data-link=\"https:\/\/inzain.bike\/dcim100goprog0036675-jpg\/\" data-url=\"https:\/\/inzain.bike\/wp-content\/uploads\/2021\/06\/g0036675.jpg\" data-width=\"5184\" src=\"https:\/\/inzain.bike\/wp-content\/uploads\/2021\/06\/g0036675.jpg\" data-amp-layout=\"responsive\" \/><\/figure><\/div><\/div><div class=\"tiled-gallery__row\"><div class=\"tiled-gallery__col\" style=\"flex-basis:50%;\"><figure class=\"tiled-gallery__item\"><img decoding=\"async\" alt=\"\" data-height=\"3888\" data-id=\"619\" data-link=\"https:\/\/inzain.bike\/dcim100goprog0036741-jpg\/\" data-url=\"https:\/\/inzain.bike\/wp-content\/uploads\/2021\/06\/g0036741.jpg\" data-width=\"5184\" src=\"https:\/\/inzain.bike\/wp-content\/uploads\/2021\/06\/g0036741.jpg\" data-amp-layout=\"responsive\" \/><\/figure><\/div><div class=\"tiled-gallery__col\" style=\"flex-basis:50%;\"><figure class=\"tiled-gallery__item\"><img decoding=\"async\" alt=\"\" data-height=\"3888\" data-id=\"620\" data-link=\"https:\/\/inzain.bike\/dcim100goprog0046870-jpg\/\" data-url=\"https:\/\/inzain.bike\/wp-content\/uploads\/2021\/06\/g0046870.jpg\" data-width=\"5184\" src=\"https:\/\/inzain.bike\/wp-content\/uploads\/2021\/06\/g0046870.jpg\" data-amp-layout=\"responsive\" \/><\/figure><\/div><\/div><\/div><\/div>","protected":false},"excerpt":{"rendered":"<p>Grusets V\u00e4nner k\u00f6rde en repris p\u00e5 Solstice fr\u00e5n 2020. Start i \u00d6smo, grus ner till Tor\u00f6, f\u00f6r solnedg\u00e5ng och en kaffe. Sedan upp till G\u00e5l\u00f6 Havsbad f\u00f6r soluppg\u00e5ng. Att cykla p\u00e5 \u00e5rets kortaste natt, med goda v\u00e4nner, djur dofter och alla intryck \u00e4r n\u00e5got jag tycker \u00e4r fantastiskt. Redan inom 30 minuter har vi st\u00f6tt [&hellip;]<\/p>\n","protected":false},"author":135133094,"featured_media":0,"parent":0,"menu_order":0,"comment_status":"closed","ping_status":"closed","template":"","meta":{"_coblocks_attr":"","_coblocks_dimensions":"","_coblocks_responsive_height":"","_coblocks_accordion_ie_support":"","footnotes":""},"class_list":["post-588","page","type-page","status-publish","hentry"],"yoast_head":"<!-- This site is optimized with the Yoast SEO plugin v27.2 - https:\/\/yoast.com\/product\/yoast-seo-wordpress\/ -->\n<title>Solstice Ride 2021 - INZAIN Cycling EXPERIENCES<\/title>\n<meta name=\"robots\" content=\"index, follow, max-snippet:-1, max-image-preview:large, max-video-preview:-1\" \/>\n<link rel=\"canonical\" href=\"https:\/\/inzain.bike\/es\/solstice-ride-2021\/\" \/>\n<meta property=\"og:locale\" content=\"es_ES\" \/>\n<meta property=\"og:type\" content=\"article\" \/>\n<meta property=\"og:title\" content=\"Solstice Ride 2021 - INZAIN Cycling EXPERIENCES\" \/>\n<meta property=\"og:description\" content=\"Grusets V\u00e4nner k\u00f6rde en repris p\u00e5 Solstice fr\u00e5n 2020. Start i \u00d6smo, grus ner till Tor\u00f6, f\u00f6r solnedg\u00e5ng och en kaffe. Sedan upp till G\u00e5l\u00f6 Havsbad f\u00f6r soluppg\u00e5ng. Att cykla p\u00e5 \u00e5rets kortaste natt, med goda v\u00e4nner, djur dofter och alla intryck \u00e4r n\u00e5got jag tycker \u00e4r fantastiskt. Redan inom 30 minuter har vi st\u00f6tt [&hellip;]\" \/>\n<meta property=\"og:url\" content=\"https:\/\/inzain.bike\/es\/solstice-ride-2021\/\" \/>\n<meta property=\"og:site_name\" content=\"INZAIN Cycling EXPERIENCES\" \/>\n<meta property=\"article:publisher\" content=\"https:\/\/www.facebook.com\/Inzain.bike\" \/>\n<meta property=\"og:image\" content=\"https:\/\/inzain.bike\/wp-content\/uploads\/2021\/06\/20210624_215137.jpg?w=1024\" \/>\n<meta name=\"twitter:card\" content=\"summary_large_image\" \/>\n<meta name=\"twitter:label1\" content=\"Tiempo de lectura\" \/>\n\t<meta name=\"twitter:data1\" content=\"2 minutos\" \/>\n<script type=\"application\/ld+json\" class=\"yoast-schema-graph\">{\"@context\":\"https:\/\/schema.org\",\"@graph\":[{\"@type\":\"WebPage\",\"@id\":\"https:\/\/inzain.bike\/sv_se\/solstice-ride-2021\/\",\"url\":\"https:\/\/inzain.bike\/sv_se\/solstice-ride-2021\/\",\"name\":\"Solstice Ride 2021 - INZAIN Cycling EXPERIENCES\",\"isPartOf\":{\"@id\":\"https:\/\/inzain.bike\/fr_be\/#website\"},\"primaryImageOfPage\":{\"@id\":\"https:\/\/inzain.bike\/sv_se\/solstice-ride-2021\/#primaryimage\"},\"image\":{\"@id\":\"https:\/\/inzain.bike\/sv_se\/solstice-ride-2021\/#primaryimage\"},\"thumbnailUrl\":\"https:\/\/inzain.bike\/wp-content\/uploads\/2021\/06\/20210624_215137.jpg?w=1024\",\"datePublished\":\"2021-06-25T11:50:18+00:00\",\"breadcrumb\":{\"@id\":\"https:\/\/inzain.bike\/sv_se\/solstice-ride-2021\/#breadcrumb\"},\"inLanguage\":\"es\",\"potentialAction\":[{\"@type\":\"ReadAction\",\"target\":[\"https:\/\/inzain.bike\/sv_se\/solstice-ride-2021\/\"]}]},{\"@type\":\"ImageObject\",\"inLanguage\":\"es\",\"@id\":\"https:\/\/inzain.bike\/sv_se\/solstice-ride-2021\/#primaryimage\",\"url\":\"https:\/\/inzain.bike\/wp-content\/uploads\/2021\/06\/20210624_215137.jpg?w=1024\",\"contentUrl\":\"https:\/\/inzain.bike\/wp-content\/uploads\/2021\/06\/20210624_215137.jpg?w=1024\"},{\"@type\":\"BreadcrumbList\",\"@id\":\"https:\/\/inzain.bike\/sv_se\/solstice-ride-2021\/#breadcrumb\",\"itemListElement\":[{\"@type\":\"ListItem\",\"position\":1,\"name\":\"Hem\",\"item\":\"https:\/\/inzain.bike\/fr_be\/\"},{\"@type\":\"ListItem\",\"position\":2,\"name\":\"Solstice Ride 2021\"}]},{\"@type\":\"WebSite\",\"@id\":\"https:\/\/inzain.bike\/fr_be\/#website\",\"url\":\"https:\/\/inzain.bike\/fr_be\/\",\"name\":\"INZAIN Cycling EXPERIENCES\",\"description\":\"Cyckling Adventures  - for everyone\",\"publisher\":{\"@id\":\"https:\/\/inzain.bike\/fr_be\/#organization\"},\"alternateName\":\"INZAIN Gravel & Travel\",\"potentialAction\":[{\"@type\":\"SearchAction\",\"target\":{\"@type\":\"EntryPoint\",\"urlTemplate\":\"https:\/\/inzain.bike\/fr_be\/?s={search_term_string}\"},\"query-input\":{\"@type\":\"PropertyValueSpecification\",\"valueRequired\":true,\"valueName\":\"search_term_string\"}}],\"inLanguage\":\"es\"},{\"@type\":\"Organization\",\"@id\":\"https:\/\/inzain.bike\/fr_be\/#organization\",\"name\":\"INZAIN Cycling EXPERIENCES\",\"url\":\"https:\/\/inzain.bike\/fr_be\/\",\"logo\":{\"@type\":\"ImageObject\",\"inLanguage\":\"es\",\"@id\":\"https:\/\/inzain.bike\/fr_be\/#\/schema\/logo\/image\/\",\"url\":\"https:\/\/i0.wp.com\/inzain.bike\/wp-content\/uploads\/2023\/09\/cropped-INZAIN_512x512_white.png?fit=512%2C512&ssl=1\",\"contentUrl\":\"https:\/\/i0.wp.com\/inzain.bike\/wp-content\/uploads\/2023\/09\/cropped-INZAIN_512x512_white.png?fit=512%2C512&ssl=1\",\"width\":512,\"height\":512,\"caption\":\"INZAIN Cycling EXPERIENCES\"},\"image\":{\"@id\":\"https:\/\/inzain.bike\/fr_be\/#\/schema\/logo\/image\/\"},\"sameAs\":[\"https:\/\/www.facebook.com\/Inzain.bike\",\"https:\/\/www.instagram.com\/inzainbike\"]}]}<\/script>\n<!-- \/ Yoast SEO plugin. -->","yoast_head_json":{"title":"Paseo del Solsticio 2021 - EXPERIENCIAS Ciclista INZAIN","robots":{"index":"index","follow":"follow","max-snippet":"max-snippet:-1","max-image-preview":"max-image-preview:large","max-video-preview":"max-video-preview:-1"},"canonical":"https:\/\/inzain.bike\/es\/solstice-ride-2021\/","og_locale":"es_ES","og_type":"article","og_title":"Solstice Ride 2021 - INZAIN Cycling EXPERIENCES","og_description":"Grusets V\u00e4nner k\u00f6rde en repris p\u00e5 Solstice fr\u00e5n 2020. Start i \u00d6smo, grus ner till Tor\u00f6, f\u00f6r solnedg\u00e5ng och en kaffe. Sedan upp till G\u00e5l\u00f6 Havsbad f\u00f6r soluppg\u00e5ng. Att cykla p\u00e5 \u00e5rets kortaste natt, med goda v\u00e4nner, djur dofter och alla intryck \u00e4r n\u00e5got jag tycker \u00e4r fantastiskt. Redan inom 30 minuter har vi st\u00f6tt [&hellip;]","og_url":"https:\/\/inzain.bike\/es\/solstice-ride-2021\/","og_site_name":"INZAIN Cycling EXPERIENCES","article_publisher":"https:\/\/www.facebook.com\/Inzain.bike","og_image":[{"url":"https:\/\/inzain.bike\/wp-content\/uploads\/2021\/06\/20210624_215137.jpg?w=1024","type":"","width":"","height":""}],"twitter_card":"summary_large_image","twitter_misc":{"Tiempo de lectura":"2 minutos"},"schema":{"@context":"https:\/\/schema.org","@graph":[{"@type":"WebPage","@id":"https:\/\/inzain.bike\/sv_se\/solstice-ride-2021\/","url":"https:\/\/inzain.bike\/sv_se\/solstice-ride-2021\/","name":"Paseo del Solsticio 2021 - EXPERIENCIAS Ciclista INZAIN","isPartOf":{"@id":"https:\/\/inzain.bike\/fr_be\/#website"},"primaryImageOfPage":{"@id":"https:\/\/inzain.bike\/sv_se\/solstice-ride-2021\/#primaryimage"},"image":{"@id":"https:\/\/inzain.bike\/sv_se\/solstice-ride-2021\/#primaryimage"},"thumbnailUrl":"https:\/\/inzain.bike\/wp-content\/uploads\/2021\/06\/20210624_215137.jpg?w=1024","datePublished":"2021-06-25T11:50:18+00:00","breadcrumb":{"@id":"https:\/\/inzain.bike\/sv_se\/solstice-ride-2021\/#breadcrumb"},"inLanguage":"es","potentialAction":[{"@type":"ReadAction","target":["https:\/\/inzain.bike\/sv_se\/solstice-ride-2021\/"]}]},{"@type":"ImageObject","inLanguage":"es","@id":"https:\/\/inzain.bike\/sv_se\/solstice-ride-2021\/#primaryimage","url":"https:\/\/inzain.bike\/wp-content\/uploads\/2021\/06\/20210624_215137.jpg?w=1024","contentUrl":"https:\/\/inzain.bike\/wp-content\/uploads\/2021\/06\/20210624_215137.jpg?w=1024"},{"@type":"BreadcrumbList","@id":"https:\/\/inzain.bike\/sv_se\/solstice-ride-2021\/#breadcrumb","itemListElement":[{"@type":"ListItem","position":1,"name":"Hem","item":"https:\/\/inzain.bike\/fr_be\/"},{"@type":"ListItem","position":2,"name":"Solstice Ride 2021"}]},{"@type":"WebSite","@id":"https:\/\/inzain.bike\/fr_be\/#website","url":"https:\/\/inzain.bike\/fr_be\/","name":"EXPERIENCIAS Ciclismo INZAIN","description":"Aventuras en bicicleta: para todos","publisher":{"@id":"https:\/\/inzain.bike\/fr_be\/#organization"},"alternateName":"INZAIN Gravel & Travel","potentialAction":[{"@type":"SearchAction","target":{"@type":"EntryPoint","urlTemplate":"https:\/\/inzain.bike\/fr_be\/?s={search_term_string}"},"query-input":{"@type":"PropertyValueSpecification","valueRequired":true,"valueName":"search_term_string"}}],"inLanguage":"es"},{"@type":"Organization","@id":"https:\/\/inzain.bike\/fr_be\/#organization","name":"EXPERIENCIAS Ciclismo INZAIN","url":"https:\/\/inzain.bike\/fr_be\/","logo":{"@type":"ImageObject","inLanguage":"es","@id":"https:\/\/inzain.bike\/fr_be\/#\/schema\/logo\/image\/","url":"https:\/\/i0.wp.com\/inzain.bike\/wp-content\/uploads\/2023\/09\/cropped-INZAIN_512x512_white.png?fit=512%2C512&ssl=1","contentUrl":"https:\/\/i0.wp.com\/inzain.bike\/wp-content\/uploads\/2023\/09\/cropped-INZAIN_512x512_white.png?fit=512%2C512&ssl=1","width":512,"height":512,"caption":"INZAIN Cycling EXPERIENCES"},"image":{"@id":"https:\/\/inzain.bike\/fr_be\/#\/schema\/logo\/image\/"},"sameAs":["https:\/\/www.facebook.com\/Inzain.bike","https:\/\/www.instagram.com\/inzainbike"]}]}},"amp_enabled":true,"_links":{"self":[{"href":"https:\/\/inzain.bike\/es\/wp-json\/wp\/v2\/pages\/588","targetHints":{"allow":["GET"]}}],"collection":[{"href":"https:\/\/inzain.bike\/es\/wp-json\/wp\/v2\/pages"}],"about":[{"href":"https:\/\/inzain.bike\/es\/wp-json\/wp\/v2\/types\/page"}],"author":[{"embeddable":true,"href":"https:\/\/inzain.bike\/es\/wp-json\/wp\/v2\/users\/135133094"}],"replies":[{"embeddable":true,"href":"https:\/\/inzain.bike\/es\/wp-json\/wp\/v2\/comments?post=588"}],"version-history":[{"count":0,"href":"https:\/\/inzain.bike\/es\/wp-json\/wp\/v2\/pages\/588\/revisions"}],"wp:attachment":[{"href":"https:\/\/inzain.bike\/es\/wp-json\/wp\/v2\/media?parent=588"}],"curies":[{"name":"gracias","href":"https:\/\/api.w.org\/{rel}","templated":true}]}}