{"id":5958,"date":"2023-11-24T16:30:13","date_gmt":"2023-11-24T15:30:13","guid":{"rendered":"https:\/\/inzain.bike\/?page_id=5958"},"modified":"2023-11-24T19:43:01","modified_gmt":"2023-11-24T18:43:01","slug":"vrg24-accomodation","status":"publish","type":"page","link":"https:\/\/inzain.bike\/es\/vrg24-accomodation\/","title":{"rendered":"Alojamiento VRG"},"content":{"rendered":"<div class=\"wp-block-columns alignwide is-layout-flex wp-container-core-columns-is-layout-28f84493 wp-block-columns-is-layout-flex\">\n<div class=\"wp-block-column is-layout-flow wp-block-column-is-layout-flow\">\n<p><strong>J\u00f6nk\u00f6ping \u2013 Primera noche VRG y VRG XL<\/strong><br><br><strong>Hotel grande de \u00e9lite <\/strong>est\u00e1 ubicado en un hermoso edificio del siglo XIX en J\u00f6nk\u00f6ping y tiene una hermosa vista del lago V\u00e4ttern y una ubicaci\u00f3n conveniente en la ciudad. Ofrece habitaciones con TV de pantalla plana y conexi\u00f3n Wi-Fi gratuita.<\/p>\n\n\n\n<p>Todas las habitaciones del Elite J\u00f6nk\u00f6ping tienen ba\u00f1o privado, minibar, escritorio y secador de pelo. La mayor\u00eda de las habitaciones dan al lago V\u00e4ttern o al patio, mientras que algunas dan a una calle peatonal.<\/p>\n\n\n\n<p>Los hu\u00e9spedes pueden relajarse en la sauna o hacer ejercicio en el gimnasio despu\u00e9s de un largo d\u00eda.<\/p>\n\n\n\n<p>El pub Bishop&#039;s Arms ofrece comidas y una amplia selecci\u00f3n de cervezas y whiskies en un ambiente relajado y elegante. El cl\u00e1sico Sal\u00f3n de los Espejos est\u00e1 disponible para banquetes y eventos.<\/p>\n\n\n\n<p><\/p>\n\n\n\n<p><\/p>\n\n\n\n<p><br><\/p>\n<\/div>\n\n\n\n<div class=\"wp-block-column is-layout-flow wp-block-column-is-layout-flow\">\n<div class=\"wp-block-jetpack-tiled-gallery aligncenter is-style-rectangular\"><div class=\"tiled-gallery__gallery\"><div class=\"tiled-gallery__row\"><div class=\"tiled-gallery__col\" style=\"flex-basis:66.90932%\"><figure class=\"tiled-gallery__item\"><img decoding=\"async\" alt=\"\" data-height=\"680\" data-id=\"5980\" data-link=\"https:\/\/inzain.bike\/vrg24-accomodation\/20230811_085931-1\/\" data-url=\"https:\/\/inzain.bike\/wp-content\/uploads\/2023\/11\/20230811_085931-1.jpg\" data-width=\"1024\" src=\"https:\/\/i1.wp.com\/inzain.bike\/wp-content\/uploads\/2023\/11\/20230811_085931-1.jpg?ssl=1\" data-amp-layout=\"responsive\"\/><\/figure><\/div><div class=\"tiled-gallery__col\" style=\"flex-basis:33.09068%\"><figure class=\"tiled-gallery__item\"><img decoding=\"async\" alt=\"\" data-height=\"683\" data-id=\"5981\" data-link=\"https:\/\/inzain.bike\/vrg24-accomodation\/attachment\/223759325\/\" data-url=\"https:\/\/inzain.bike\/wp-content\/uploads\/2023\/11\/223759325.jpg\" data-width=\"1024\" src=\"https:\/\/i2.wp.com\/inzain.bike\/wp-content\/uploads\/2023\/11\/223759325.jpg?ssl=1\" data-amp-layout=\"responsive\"\/><\/figure><figure class=\"tiled-gallery__item\"><img decoding=\"async\" alt=\"\" data-height=\"683\" data-id=\"5982\" data-link=\"https:\/\/inzain.bike\/vrg24-accomodation\/attachment\/329046107\/\" data-url=\"https:\/\/inzain.bike\/wp-content\/uploads\/2023\/11\/329046107.jpg\" data-width=\"1024\" src=\"https:\/\/i2.wp.com\/inzain.bike\/wp-content\/uploads\/2023\/11\/329046107.jpg?ssl=1\" data-amp-layout=\"responsive\"\/><\/figure><\/div><\/div><div class=\"tiled-gallery__row\"><div class=\"tiled-gallery__col\" style=\"flex-basis:100.00000%\"><figure class=\"tiled-gallery__item\"><img decoding=\"async\" alt=\"\" data-height=\"446\" data-id=\"5983\" data-link=\"https:\/\/inzain.bike\/vrg24-accomodation\/attachment\/329050079\/\" data-url=\"https:\/\/inzain.bike\/wp-content\/uploads\/2023\/11\/329050079.jpg\" data-width=\"1024\" src=\"https:\/\/i2.wp.com\/inzain.bike\/wp-content\/uploads\/2023\/11\/329050079.jpg?ssl=1\" data-amp-layout=\"responsive\"\/><\/figure><\/div><\/div><\/div><\/div>\n<\/div>\n<\/div>\n\n\n\n<div class=\"wp-block-columns alignwide is-layout-flex wp-container-core-columns-is-layout-28f84493 wp-block-columns-is-layout-flex\">\n<div class=\"wp-block-column is-layout-flow wp-block-column-is-layout-flow\">\n<div class=\"wp-block-jetpack-tiled-gallery aligncenter is-style-rectangular\"><div class=\"tiled-gallery__gallery\"><div class=\"tiled-gallery__row\"><div class=\"tiled-gallery__col\" style=\"flex-basis:68.05515%\"><figure class=\"tiled-gallery__item\"><img decoding=\"async\" alt=\"\" data-height=\"680\" data-id=\"5988\" data-link=\"https:\/\/inzain.bike\/vrg24-accomodation\/attachment\/189075047\/\" data-url=\"https:\/\/inzain.bike\/wp-content\/uploads\/2023\/11\/189075047.jpg\" data-width=\"1024\" src=\"https:\/\/i0.wp.com\/inzain.bike\/wp-content\/uploads\/2023\/11\/189075047.jpg?ssl=1\" data-amp-layout=\"responsive\"\/><\/figure><\/div><div class=\"tiled-gallery__col\" style=\"flex-basis:31.94485%\"><figure class=\"tiled-gallery__item\"><img decoding=\"async\" alt=\"\" data-height=\"720\" data-id=\"5989\" data-link=\"https:\/\/inzain.bike\/vrg24-accomodation\/attachment\/250517665\/\" data-url=\"https:\/\/inzain.bike\/wp-content\/uploads\/2023\/11\/250517665.jpg\" data-width=\"1024\" src=\"https:\/\/i0.wp.com\/inzain.bike\/wp-content\/uploads\/2023\/11\/250517665.jpg?ssl=1\" data-amp-layout=\"responsive\"\/><\/figure><figure class=\"tiled-gallery__item\"><img decoding=\"async\" alt=\"\" data-height=\"720\" data-id=\"5990\" data-link=\"https:\/\/inzain.bike\/vrg24-accomodation\/attachment\/250714667\/\" data-url=\"https:\/\/inzain.bike\/wp-content\/uploads\/2023\/11\/250714667.jpg\" data-width=\"1024\" src=\"https:\/\/i1.wp.com\/inzain.bike\/wp-content\/uploads\/2023\/11\/250714667.jpg?ssl=1\" data-amp-layout=\"responsive\"\/><\/figure><\/div><\/div><div class=\"tiled-gallery__row\"><div class=\"tiled-gallery__col\" style=\"flex-basis:100.00000%\"><figure class=\"tiled-gallery__item\"><img decoding=\"async\" alt=\"\" data-height=\"720\" data-id=\"5991\" data-link=\"https:\/\/inzain.bike\/vrg24-accomodation\/attachment\/250714672\/\" data-url=\"https:\/\/inzain.bike\/wp-content\/uploads\/2023\/11\/250714672.jpg\" data-width=\"1024\" src=\"https:\/\/i0.wp.com\/inzain.bike\/wp-content\/uploads\/2023\/11\/250714672.jpg?ssl=1\" data-amp-layout=\"responsive\"\/><\/figure><\/div><\/div><\/div><\/div>\n<\/div>\n\n\n\n<div class=\"wp-block-column is-layout-flow wp-block-column-is-layout-flow\">\n<p><strong>HJO \u2013 Segunda noche VRG<\/strong><br><br><strong>Hotel Bellevue<\/strong> Est\u00e1 situado en Stadsparken, en el centro de Hjo, justo al lado del lago V\u00e4ttern. Ofrece conexi\u00f3n Wi-Fi gratuita, aparcamiento privado y una zona de relajaci\u00f3n con sauna.<\/p>\n\n\n\n<p>Algunas habitaciones est\u00e1n en el edificio principal y otras en Villa Viktoria. Todas las habitaciones del hotel disponen de TV y muchas tienen vistas al parque o al puerto deportivo cercano.<\/p>\n\n\n\n<p>Algunas partes del hotel datan de finales del siglo XIX. Las instalaciones generales del Hotel Bellevue incluyen un sal\u00f3n con TV de pantalla plana.<\/p>\n\n\n\n<p>Lugares de inter\u00e9s como la fortaleza de Karlsborg y el canal de G\u00f6ta se encuentran a 30 minutos en coche y el campo de golf de H\u00f6kens\u00e5s est\u00e1 a solo 10 km.<\/p>\n\n\n\n<p><br><\/p>\n<\/div>\n<\/div>\n\n\n\n<div class=\"wp-block-columns alignwide is-layout-flex wp-container-core-columns-is-layout-28f84493 wp-block-columns-is-layout-flex\">\n<div class=\"wp-block-column is-layout-flow wp-block-column-is-layout-flow\">\n<p>horas<strong>hotel y bistr\u00f3 R\u00f6desund<\/strong> El hotel est\u00e1 situado en Karlsborg, a 47 km del Sk\u00f6vde Arena, y cuenta con bar, habitaciones para no fumadores y conexi\u00f3n WiFi gratuita. <\/p>\n\n\n\n<p>El hotel dispone de habitaciones familiares. Las habitaciones del hotel est\u00e1n equipadas con escritorio, TV de pantalla plana, ba\u00f1o privado, ropa de cama y toallas. <\/p>\n\n\n\n<p>Las habitaciones disponen de armario. El Hotell &amp; Bistro R\u00f6desund ofrece un desayuno vegetariano o sin gluten. En la propiedad encontrar\u00e1 un restaurante que sirve platos locales e internacionales. Tambi\u00e9n se pueden solicitar opciones vegetarianas, sin l\u00e1cteos y sin gluten.<\/p>\n\n\n\n<p> <\/p>\n\n\n\n<p><br><\/p>\n<\/div>\n\n\n\n<div class=\"wp-block-column is-layout-flow wp-block-column-is-layout-flow\">\n<div class=\"wp-block-jetpack-tiled-gallery aligncenter is-style-rectangular\"><div class=\"tiled-gallery__gallery\"><div class=\"tiled-gallery__row\"><div class=\"tiled-gallery__col\" style=\"flex-basis:34.22094%\"><figure class=\"tiled-gallery__item\"><img decoding=\"async\" alt=\"\" data-height=\"768\" data-id=\"5996\" data-link=\"https:\/\/inzain.bike\/vrg24-accomodation\/attachment\/283200671\/\" data-url=\"https:\/\/inzain.bike\/wp-content\/uploads\/2023\/11\/283200671.jpg\" data-width=\"576\" src=\"https:\/\/i0.wp.com\/inzain.bike\/wp-content\/uploads\/2023\/11\/283200671.jpg?ssl=1\" data-amp-layout=\"responsive\"\/><\/figure><\/div><div class=\"tiled-gallery__col\" style=\"flex-basis:33.44326%\"><figure class=\"tiled-gallery__item\"><img decoding=\"async\" alt=\"\" data-height=\"563\" data-id=\"5995\" data-link=\"https:\/\/inzain.bike\/vrg24-accomodation\/20230811_085931-2\/\" data-url=\"https:\/\/inzain.bike\/wp-content\/uploads\/2023\/11\/20230811_085931-2.jpg\" data-width=\"828\" src=\"https:\/\/i1.wp.com\/inzain.bike\/wp-content\/uploads\/2023\/11\/20230811_085931-2.jpg?ssl=1\" data-amp-layout=\"responsive\"\/><\/figure><figure class=\"tiled-gallery__item\"><img decoding=\"async\" alt=\"\" data-height=\"683\" data-id=\"5997\" data-link=\"https:\/\/inzain.bike\/vrg24-accomodation\/attachment\/285977668\/\" data-url=\"https:\/\/inzain.bike\/wp-content\/uploads\/2023\/11\/285977668.jpg\" data-width=\"1024\" src=\"https:\/\/i0.wp.com\/inzain.bike\/wp-content\/uploads\/2023\/11\/285977668.jpg?ssl=1\" data-amp-layout=\"responsive\"\/><\/figure><\/div><div class=\"tiled-gallery__col\" style=\"flex-basis:32.33581%\"><figure class=\"tiled-gallery__item\"><img decoding=\"async\" alt=\"\" data-height=\"768\" data-id=\"5998\" data-link=\"https:\/\/inzain.bike\/vrg24-accomodation\/attachment\/299119572\/\" data-url=\"https:\/\/inzain.bike\/wp-content\/uploads\/2023\/11\/299119572.jpg\" data-width=\"544\" src=\"https:\/\/i1.wp.com\/inzain.bike\/wp-content\/uploads\/2023\/11\/299119572.jpg?ssl=1\" data-amp-layout=\"responsive\"\/><\/figure><\/div><\/div><\/div><\/div>\n<\/div>\n<\/div>\n\n\n\n<div class=\"wp-block-columns alignwide is-layout-flex wp-container-core-columns-is-layout-28f84493 wp-block-columns-is-layout-flex\">\n<div class=\"wp-block-column is-layout-flow wp-block-column-is-layout-flow\">\n<div class=\"wp-block-jetpack-tiled-gallery aligncenter is-style-rectangular\"><div class=\"tiled-gallery__gallery\"><div class=\"tiled-gallery__row\"><div class=\"tiled-gallery__col\" style=\"flex-basis:66.81216%\"><figure class=\"tiled-gallery__item\"><img decoding=\"async\" alt=\"\" data-height=\"683\" data-id=\"6002\" data-link=\"https:\/\/inzain.bike\/vrg24-accomodation\/attachment\/406454239\/\" data-url=\"https:\/\/inzain.bike\/wp-content\/uploads\/2023\/11\/406454239.jpg\" data-width=\"1024\" src=\"https:\/\/i2.wp.com\/inzain.bike\/wp-content\/uploads\/2023\/11\/406454239.jpg?ssl=1\" data-amp-layout=\"responsive\"\/><\/figure><\/div><div class=\"tiled-gallery__col\" style=\"flex-basis:33.18784%\"><figure class=\"tiled-gallery__item\"><img decoding=\"async\" alt=\"\" data-height=\"683\" data-id=\"6003\" data-link=\"https:\/\/inzain.bike\/vrg24-accomodation\/attachment\/406454285\/\" data-url=\"https:\/\/inzain.bike\/wp-content\/uploads\/2023\/11\/406454285.jpg\" data-width=\"1024\" src=\"https:\/\/i2.wp.com\/inzain.bike\/wp-content\/uploads\/2023\/11\/406454285.jpg?ssl=1\" data-amp-layout=\"responsive\"\/><\/figure><figure class=\"tiled-gallery__item\"><img decoding=\"async\" alt=\"\" data-height=\"683\" data-id=\"6004\" data-link=\"https:\/\/inzain.bike\/vrg24-accomodation\/attachment\/406454315\/\" data-url=\"https:\/\/inzain.bike\/wp-content\/uploads\/2023\/11\/406454315.jpg\" data-width=\"1024\" src=\"https:\/\/i1.wp.com\/inzain.bike\/wp-content\/uploads\/2023\/11\/406454315.jpg?ssl=1\" data-amp-layout=\"responsive\"\/><\/figure><\/div><\/div><div class=\"tiled-gallery__row\"><div class=\"tiled-gallery__col\" style=\"flex-basis:100.00000%\"><figure class=\"tiled-gallery__item\"><img decoding=\"async\" alt=\"\" data-height=\"683\" data-id=\"6005\" data-link=\"https:\/\/inzain.bike\/vrg24-accomodation\/attachment\/406454347\/\" data-url=\"https:\/\/inzain.bike\/wp-content\/uploads\/2023\/11\/406454347.jpg\" data-width=\"1024\" src=\"https:\/\/i1.wp.com\/inzain.bike\/wp-content\/uploads\/2023\/11\/406454347.jpg?ssl=1\" data-amp-layout=\"responsive\"\/><\/figure><\/div><\/div><\/div><\/div>\n<\/div>\n\n\n\n<div class=\"wp-block-column is-layout-flow wp-block-column-is-layout-flow\">\n<p><strong>Askersund Tercera noche VRG<\/strong><br><\/p>\n\n\n\n<p><strong>Best Western Norra V\u00e4ttern<\/strong><br>El hotel est\u00e1 situado en Askersund, a 500 metros del norte de V\u00e4tternviken. Ofrece acceso gratuito a la sauna, un restaurante con vistas al puerto y habitaciones con TV de pantalla plana.<\/p>\n\n\n\n<p>Las habitaciones del Best Western Hotel Norra V\u00e4ttern tienen suelos de madera y escritorio. Todas las habitaciones disponen de tetera y cafetera.<\/p>\n\n\n\n<p>El restaurante del Hotel Norra V\u00e4ttern ofrece men\u00fas de 3 platos y platos a la carta. En el bar, donde los hu\u00e9spedes pueden jugar al billar o a los dardos, se sirven cervezas fr\u00edas y c\u00f3cteles por la noche.<\/p>\n\n\n\n<p><\/p>\n\n\n\n<p><br><\/p>\n\n\n\n<p><br><\/p>\n<\/div>\n<\/div>","protected":false},"excerpt":{"rendered":"<p>J\u00f6nk\u00f6ping &#8211; F\u00f6rsta natten VRG och VRG XL Elite Stora Hotellet ligger i en vacker 1800-talsbyggnad i J\u00f6nk\u00f6ping och har vacker utsikt \u00f6ver V\u00e4ttern och ett bekv\u00e4mt l\u00e4ge i staden. H\u00e4r erbjuds rum med platt-TV och gratis WiFi. Alla rum p\u00e5 Elite J\u00f6nk\u00f6ping har eget badrum, minibar, skrivbord och h\u00e5rtork. De flesta rum har utsikt [&hellip;]<\/p>\n","protected":false},"author":135133094,"featured_media":0,"parent":0,"menu_order":0,"comment_status":"closed","ping_status":"closed","template":"","meta":{"_coblocks_attr":"Roboto","_coblocks_dimensions":"","_coblocks_responsive_height":"","_coblocks_accordion_ie_support":"","footnotes":""},"class_list":["post-5958","page","type-page","status-publish","hentry"],"yoast_head":"<!-- This site is optimized with the Yoast SEO plugin v27.2 - https:\/\/yoast.com\/product\/yoast-seo-wordpress\/ -->\n<title>VRG Boende - INZAIN Cycling EXPERIENCES<\/title>\n<meta name=\"robots\" content=\"index, follow, max-snippet:-1, max-image-preview:large, max-video-preview:-1\" \/>\n<link rel=\"canonical\" href=\"https:\/\/inzain.bike\/es\/vrg24-accomodation\/\" \/>\n<meta property=\"og:locale\" content=\"es_ES\" \/>\n<meta property=\"og:type\" content=\"article\" \/>\n<meta property=\"og:title\" content=\"VRG Boende - INZAIN Cycling EXPERIENCES\" \/>\n<meta property=\"og:description\" content=\"J\u00f6nk\u00f6ping &#8211; F\u00f6rsta natten VRG och VRG XL Elite Stora Hotellet ligger i en vacker 1800-talsbyggnad i J\u00f6nk\u00f6ping och har vacker utsikt \u00f6ver V\u00e4ttern och ett bekv\u00e4mt l\u00e4ge i staden. H\u00e4r erbjuds rum med platt-TV och gratis WiFi. Alla rum p\u00e5 Elite J\u00f6nk\u00f6ping har eget badrum, minibar, skrivbord och h\u00e5rtork. De flesta rum har utsikt [&hellip;]\" \/>\n<meta property=\"og:url\" content=\"https:\/\/inzain.bike\/es\/vrg24-accomodation\/\" \/>\n<meta property=\"og:site_name\" content=\"INZAIN Cycling EXPERIENCES\" \/>\n<meta property=\"article:publisher\" content=\"https:\/\/www.facebook.com\/Inzain.bike\" \/>\n<meta property=\"article:modified_time\" content=\"2023-11-24T18:43:01+00:00\" \/>\n<meta property=\"og:image\" content=\"https:\/\/i1.wp.com\/inzain.bike\/wp-content\/uploads\/2023\/11\/20230811_085931-1.jpg?ssl=1\" \/>\n<meta name=\"twitter:card\" content=\"summary_large_image\" \/>\n<meta name=\"twitter:label1\" content=\"Tiempo de lectura\" \/>\n\t<meta name=\"twitter:data1\" content=\"5 minutos\" \/>\n<script type=\"application\/ld+json\" class=\"yoast-schema-graph\">{\"@context\":\"https:\/\/schema.org\",\"@graph\":[{\"@type\":\"WebPage\",\"@id\":\"https:\/\/inzain.bike\/en\/vrg24-accomodation\/\",\"url\":\"https:\/\/inzain.bike\/en\/vrg24-accomodation\/\",\"name\":\"VRG Boende - INZAIN Cycling EXPERIENCES\",\"isPartOf\":{\"@id\":\"https:\/\/inzain.bike\/fr_be\/#website\"},\"primaryImageOfPage\":{\"@id\":\"https:\/\/inzain.bike\/en\/vrg24-accomodation\/#primaryimage\"},\"image\":{\"@id\":\"https:\/\/inzain.bike\/en\/vrg24-accomodation\/#primaryimage\"},\"thumbnailUrl\":\"https:\/\/i1.wp.com\/inzain.bike\/wp-content\/uploads\/2023\/11\/20230811_085931-1.jpg?ssl=1\",\"datePublished\":\"2023-11-24T15:30:13+00:00\",\"dateModified\":\"2023-11-24T18:43:01+00:00\",\"breadcrumb\":{\"@id\":\"https:\/\/inzain.bike\/en\/vrg24-accomodation\/#breadcrumb\"},\"inLanguage\":\"es\",\"potentialAction\":[{\"@type\":\"ReadAction\",\"target\":[\"https:\/\/inzain.bike\/en\/vrg24-accomodation\/\"]}]},{\"@type\":\"ImageObject\",\"inLanguage\":\"es\",\"@id\":\"https:\/\/inzain.bike\/en\/vrg24-accomodation\/#primaryimage\",\"url\":\"https:\/\/i1.wp.com\/inzain.bike\/wp-content\/uploads\/2023\/11\/20230811_085931-1.jpg?ssl=1\",\"contentUrl\":\"https:\/\/i1.wp.com\/inzain.bike\/wp-content\/uploads\/2023\/11\/20230811_085931-1.jpg?ssl=1\"},{\"@type\":\"BreadcrumbList\",\"@id\":\"https:\/\/inzain.bike\/en\/vrg24-accomodation\/#breadcrumb\",\"itemListElement\":[{\"@type\":\"ListItem\",\"position\":1,\"name\":\"Hem\",\"item\":\"https:\/\/inzain.bike\/fr_be\/\"},{\"@type\":\"ListItem\",\"position\":2,\"name\":\"VRG Boende\"}]},{\"@type\":\"WebSite\",\"@id\":\"https:\/\/inzain.bike\/fr_be\/#website\",\"url\":\"https:\/\/inzain.bike\/fr_be\/\",\"name\":\"INZAIN Cycling EXPERIENCES\",\"description\":\"Cyckling Adventures  - for everyone\",\"publisher\":{\"@id\":\"https:\/\/inzain.bike\/fr_be\/#organization\"},\"alternateName\":\"INZAIN Gravel & Travel\",\"potentialAction\":[{\"@type\":\"SearchAction\",\"target\":{\"@type\":\"EntryPoint\",\"urlTemplate\":\"https:\/\/inzain.bike\/fr_be\/?s={search_term_string}\"},\"query-input\":{\"@type\":\"PropertyValueSpecification\",\"valueRequired\":true,\"valueName\":\"search_term_string\"}}],\"inLanguage\":\"es\"},{\"@type\":\"Organization\",\"@id\":\"https:\/\/inzain.bike\/fr_be\/#organization\",\"name\":\"INZAIN Cycling EXPERIENCES\",\"url\":\"https:\/\/inzain.bike\/fr_be\/\",\"logo\":{\"@type\":\"ImageObject\",\"inLanguage\":\"es\",\"@id\":\"https:\/\/inzain.bike\/fr_be\/#\/schema\/logo\/image\/\",\"url\":\"https:\/\/i0.wp.com\/inzain.bike\/wp-content\/uploads\/2023\/09\/cropped-INZAIN_512x512_white.png?fit=512%2C512&ssl=1\",\"contentUrl\":\"https:\/\/i0.wp.com\/inzain.bike\/wp-content\/uploads\/2023\/09\/cropped-INZAIN_512x512_white.png?fit=512%2C512&ssl=1\",\"width\":512,\"height\":512,\"caption\":\"INZAIN Cycling EXPERIENCES\"},\"image\":{\"@id\":\"https:\/\/inzain.bike\/fr_be\/#\/schema\/logo\/image\/\"},\"sameAs\":[\"https:\/\/www.facebook.com\/Inzain.bike\",\"https:\/\/www.instagram.com\/inzainbike\"]}]}<\/script>\n<!-- \/ Yoast SEO plugin. -->","yoast_head_json":{"title":"Alojamiento VRG - EXPERIENCIAS CICLISMO INZAIN","robots":{"index":"index","follow":"follow","max-snippet":"max-snippet:-1","max-image-preview":"max-image-preview:large","max-video-preview":"max-video-preview:-1"},"canonical":"https:\/\/inzain.bike\/es\/vrg24-accomodation\/","og_locale":"es_ES","og_type":"article","og_title":"VRG Boende - INZAIN Cycling EXPERIENCES","og_description":"J\u00f6nk\u00f6ping &#8211; F\u00f6rsta natten VRG och VRG XL Elite Stora Hotellet ligger i en vacker 1800-talsbyggnad i J\u00f6nk\u00f6ping och har vacker utsikt \u00f6ver V\u00e4ttern och ett bekv\u00e4mt l\u00e4ge i staden. H\u00e4r erbjuds rum med platt-TV och gratis WiFi. Alla rum p\u00e5 Elite J\u00f6nk\u00f6ping har eget badrum, minibar, skrivbord och h\u00e5rtork. De flesta rum har utsikt [&hellip;]","og_url":"https:\/\/inzain.bike\/es\/vrg24-accomodation\/","og_site_name":"INZAIN Cycling EXPERIENCES","article_publisher":"https:\/\/www.facebook.com\/Inzain.bike","article_modified_time":"2023-11-24T18:43:01+00:00","og_image":[{"url":"https:\/\/i1.wp.com\/inzain.bike\/wp-content\/uploads\/2023\/11\/20230811_085931-1.jpg?ssl=1","type":"","width":"","height":""}],"twitter_card":"summary_large_image","twitter_misc":{"Tiempo de lectura":"5 minutos"},"schema":{"@context":"https:\/\/schema.org","@graph":[{"@type":"WebPage","@id":"https:\/\/inzain.bike\/en\/vrg24-accomodation\/","url":"https:\/\/inzain.bike\/en\/vrg24-accomodation\/","name":"Alojamiento VRG - EXPERIENCIAS CICLISMO INZAIN","isPartOf":{"@id":"https:\/\/inzain.bike\/fr_be\/#website"},"primaryImageOfPage":{"@id":"https:\/\/inzain.bike\/en\/vrg24-accomodation\/#primaryimage"},"image":{"@id":"https:\/\/inzain.bike\/en\/vrg24-accomodation\/#primaryimage"},"thumbnailUrl":"https:\/\/i1.wp.com\/inzain.bike\/wp-content\/uploads\/2023\/11\/20230811_085931-1.jpg?ssl=1","datePublished":"2023-11-24T15:30:13+00:00","dateModified":"2023-11-24T18:43:01+00:00","breadcrumb":{"@id":"https:\/\/inzain.bike\/en\/vrg24-accomodation\/#breadcrumb"},"inLanguage":"es","potentialAction":[{"@type":"ReadAction","target":["https:\/\/inzain.bike\/en\/vrg24-accomodation\/"]}]},{"@type":"ImageObject","inLanguage":"es","@id":"https:\/\/inzain.bike\/en\/vrg24-accomodation\/#primaryimage","url":"https:\/\/i1.wp.com\/inzain.bike\/wp-content\/uploads\/2023\/11\/20230811_085931-1.jpg?ssl=1","contentUrl":"https:\/\/i1.wp.com\/inzain.bike\/wp-content\/uploads\/2023\/11\/20230811_085931-1.jpg?ssl=1"},{"@type":"BreadcrumbList","@id":"https:\/\/inzain.bike\/en\/vrg24-accomodation\/#breadcrumb","itemListElement":[{"@type":"ListItem","position":1,"name":"Hem","item":"https:\/\/inzain.bike\/fr_be\/"},{"@type":"ListItem","position":2,"name":"VRG Boende"}]},{"@type":"WebSite","@id":"https:\/\/inzain.bike\/fr_be\/#website","url":"https:\/\/inzain.bike\/fr_be\/","name":"EXPERIENCIAS Ciclismo INZAIN","description":"Aventuras en bicicleta: para todos","publisher":{"@id":"https:\/\/inzain.bike\/fr_be\/#organization"},"alternateName":"INZAIN Gravel & Travel","potentialAction":[{"@type":"SearchAction","target":{"@type":"EntryPoint","urlTemplate":"https:\/\/inzain.bike\/fr_be\/?s={search_term_string}"},"query-input":{"@type":"PropertyValueSpecification","valueRequired":true,"valueName":"search_term_string"}}],"inLanguage":"es"},{"@type":"Organization","@id":"https:\/\/inzain.bike\/fr_be\/#organization","name":"EXPERIENCIAS Ciclismo INZAIN","url":"https:\/\/inzain.bike\/fr_be\/","logo":{"@type":"ImageObject","inLanguage":"es","@id":"https:\/\/inzain.bike\/fr_be\/#\/schema\/logo\/image\/","url":"https:\/\/i0.wp.com\/inzain.bike\/wp-content\/uploads\/2023\/09\/cropped-INZAIN_512x512_white.png?fit=512%2C512&ssl=1","contentUrl":"https:\/\/i0.wp.com\/inzain.bike\/wp-content\/uploads\/2023\/09\/cropped-INZAIN_512x512_white.png?fit=512%2C512&ssl=1","width":512,"height":512,"caption":"INZAIN Cycling EXPERIENCES"},"image":{"@id":"https:\/\/inzain.bike\/fr_be\/#\/schema\/logo\/image\/"},"sameAs":["https:\/\/www.facebook.com\/Inzain.bike","https:\/\/www.instagram.com\/inzainbike"]}]}},"amp_enabled":true,"_links":{"self":[{"href":"https:\/\/inzain.bike\/es\/wp-json\/wp\/v2\/pages\/5958","targetHints":{"allow":["GET"]}}],"collection":[{"href":"https:\/\/inzain.bike\/es\/wp-json\/wp\/v2\/pages"}],"about":[{"href":"https:\/\/inzain.bike\/es\/wp-json\/wp\/v2\/types\/page"}],"author":[{"embeddable":true,"href":"https:\/\/inzain.bike\/es\/wp-json\/wp\/v2\/users\/135133094"}],"replies":[{"embeddable":true,"href":"https:\/\/inzain.bike\/es\/wp-json\/wp\/v2\/comments?post=5958"}],"version-history":[{"count":0,"href":"https:\/\/inzain.bike\/es\/wp-json\/wp\/v2\/pages\/5958\/revisions"}],"wp:attachment":[{"href":"https:\/\/inzain.bike\/es\/wp-json\/wp\/v2\/media?parent=5958"}],"curies":[{"name":"gracias","href":"https:\/\/api.w.org\/{rel}","templated":true}]}}