{"id":6172,"date":"2023-11-25T20:33:28","date_gmt":"2023-11-25T19:33:28","guid":{"rendered":"https:\/\/inzain.bike\/?page_id=6172"},"modified":"2024-01-08T10:51:51","modified_gmt":"2024-01-08T09:51:51","slug":"jap24-cykling","status":"publish","type":"page","link":"https:\/\/inzain.bike\/es\/jap24-cykling\/","title":{"rendered":"Ciclismo en Jap\u00f3n"},"content":{"rendered":"<div class=\"wp-block-columns alignwide is-layout-flex wp-container-core-columns-is-layout-28f84493 wp-block-columns-is-layout-flex\">\n<div class=\"wp-block-column is-layout-flow wp-block-column-is-layout-flow\">\n<p class=\"has-roboto-font-family has-custom-font\" style=\"font-family:Roboto\">En Jap\u00f3n todo es amable y humilde, incluido el ciclismo. Por lo tanto, a menudo nos mantenemos por debajo de los 16 kil\u00f3metros diarios y a unos 1.000 metros de altitud. La zona al norte de Nikko es absolutamente fant\u00e1stica y, por supuesto, el parque nacional est\u00e1 incluido en la lista de la UNESCO. Pedalearemos en un entorno rodeado de cascadas, lagos, pueblos de monta\u00f1a, templos y monasterios. Para describir esta zona de la manera m\u00e1s sencilla, en realidad es como una escena de El Se\u00f1or de los Anillos y luego, por supuesto, Lorien, el hogar de los elfos.<\/p>\n\n\n\n<p class=\"has-roboto-font-family has-custom-font\" style=\"font-family:Roboto\">Nos dirigiremos por carreteras que tienen muy poco tr\u00e1fico. Y cuando nos encontramos con coches, son muy considerados. La mayor\u00eda de los d\u00edas terminan con un maravilloso ba\u00f1o en una de las muchas aguas termales\/Onsen de la zona. <\/p>\n<\/div>\n<\/div>\n\n\n\n<p class=\"has-text-align-left has-roboto-font-family has-custom-font has-custom-weight\" style=\"font-family:Roboto;font-weight:bold;font-size:30px\">Cronograma<\/p>\n\n\n\n<div class=\"wp-block-columns alignwide is-layout-flex wp-container-core-columns-is-layout-28f84493 wp-block-columns-is-layout-flex\">\n<div class=\"wp-block-column is-layout-flow wp-block-column-is-layout-flow\">\n<figure class=\"wp-block-image size-full\"><img decoding=\"async\" src=\"https:\/\/inzain.bike\/wp-content\/uploads\/2024\/01\/pexels-axp-photography-18848782.jpg\" alt=\"\" class=\"wp-image-6585\"\/><\/figure>\n<\/div>\n\n\n\n<div class=\"wp-block-column is-layout-flow wp-block-column-is-layout-flow\">\n<p><strong>D\u00eda uno <\/strong><\/p>\n\n\n\n<p>Despu\u00e9s de salir temprano en autob\u00fas desde nuestro hotel en Tokio, llegaremos al inicio del viaje, Nikko. Antes de poner rumbo al lago Chuzenji, visitaremos, por supuesto, uno de los muchos templos de Nikko. Este d\u00eda es un poco m\u00e1s tranquilo con aproximadamente 5 millas en el programa.<\/p>\n<\/div>\n<\/div>\n\n\n\n<div class=\"wp-block-columns alignwide is-layout-flex wp-container-core-columns-is-layout-28f84493 wp-block-columns-is-layout-flex\">\n<div class=\"wp-block-column is-layout-flow wp-block-column-is-layout-flow\">\n<p><strong>D\u00eda dos <\/strong><\/p>\n\n\n\n<p>Despu\u00e9s de un delicioso desayuno junto al lago Chuzenji, tambi\u00e9n llamado Lago de la Felicidad, nos dirigimos hacia el este hacia Kawai, donde nos hospedaremos en Ichityukaku y podremos disfrutar de sus encantadores ba\u00f1os Onsen.<\/p>\n<\/div>\n\n\n\n<div class=\"wp-block-column is-layout-flow wp-block-column-is-layout-flow\">\n<figure class=\"wp-block-image size-full\"><img decoding=\"async\" src=\"https:\/\/inzain.bike\/wp-content\/uploads\/2024\/01\/pexels-ryutaro-tsukata-6249515.jpg\" alt=\"\" class=\"wp-image-6587\"\/><\/figure>\n<\/div>\n<\/div>\n\n\n\n<div class=\"wp-block-columns alignwide is-layout-flex wp-container-core-columns-is-layout-28f84493 wp-block-columns-is-layout-flex\">\n<div class=\"wp-block-column is-layout-flow wp-block-column-is-layout-flow\">\n<figure class=\"wp-block-image size-full is-resized\"><img decoding=\"async\" src=\"https:\/\/inzain.bike\/wp-content\/uploads\/2024\/01\/pexels-satoshi-hirayama-1876568.jpg\" alt=\"\" class=\"wp-image-6588\" style=\"width:350px;height:auto\"\/><\/figure>\n<\/div>\n\n\n\n<div class=\"wp-block-column is-layout-flow wp-block-column-is-layout-flow\">\n<p><strong>D\u00eda tres <\/strong><\/p>\n\n\n\n<p>Despu\u00e9s de dos d\u00edas un poco m\u00e1s tranquilos, ahora nos dirigimos directamente hacia el este, hacia Kitakata. La ciudad y la zona son conocidas por su producci\u00f3n de sake. Si no lo hemos probado antes seguramente ser\u00e1 una imagen de destino para muchos de nosotros. Ciclismo un poco m\u00e1s largo hoy, 9 millas y 800 metros de desnivel.<\/p>\n<\/div>\n<\/div>\n\n\n\n<div class=\"wp-block-columns alignwide is-layout-flex wp-container-core-columns-is-layout-28f84493 wp-block-columns-is-layout-flex\">\n<div class=\"wp-block-column is-layout-flow wp-block-column-is-layout-flow\">\n<p><strong>D\u00eda cuatro <\/strong><\/p>\n\n\n\n<p>Esta ma\u00f1ana empezamos un poco m\u00e1s temprano. Nuestro destino es la ciudad de Nagai que se encuentra a casi 12 millas al norte. As\u00ed que hoy el ciclismo ser\u00e1 un poco m\u00e1s duro, ya que las maravillosas laderas de las monta\u00f1as nos habr\u00e1n hecho subir y bajar un total de casi 1.800 metros de altitud. \u00a1\u00a1Te esperan aguas termales y cerveza local fr\u00eda!!<\/p>\n<\/div>\n\n\n\n<div class=\"wp-block-column is-layout-flow wp-block-column-is-layout-flow\">\n<figure class=\"wp-block-image size-full\"><img decoding=\"async\" src=\"https:\/\/inzain.bike\/wp-content\/uploads\/2024\/01\/pexels-rajesh-tp-2098085.jpg\" alt=\"\" class=\"wp-image-6589\"\/><\/figure>\n<\/div>\n<\/div>\n\n\n\n<div class=\"wp-block-columns alignwide is-layout-flex wp-container-core-columns-is-layout-28f84493 wp-block-columns-is-layout-flex\">\n<div class=\"wp-block-column is-layout-flow wp-block-column-is-layout-flow\">\n<figure class=\"wp-block-image size-full\"><img decoding=\"async\" src=\"https:\/\/inzain.bike\/wp-content\/uploads\/2024\/01\/pexels-arthouse-studio-4534200.jpg\" alt=\"\" class=\"wp-image-6590\"\/><\/figure>\n<\/div>\n\n\n\n<div class=\"wp-block-column is-layout-flow wp-block-column-is-layout-flow\">\n<p><strong>D\u00eda cinco <\/strong><\/p>\n\n\n\n<p>Un poco m\u00e1s tranquilo hoy despu\u00e9s del alta de ayer. Hoy tiene menos de 10 millas y apenas 600 metros de altura. Sin embargo, es maravillosamente hermoso comenzar en esta meseta y luego bajar hacia Shinjo. <\/p>\n<\/div>\n<\/div>\n\n\n\n<div class=\"wp-block-columns alignwide is-layout-flex wp-container-core-columns-is-layout-28f84493 wp-block-columns-is-layout-flex\">\n<div class=\"wp-block-column is-layout-flow wp-block-column-is-layout-flow\">\n<p><strong>D\u00eda seis <\/strong><\/p>\n\n\n\n<p>Hoy el ciclismo ser\u00e1 un poco m\u00e1s duro porque nos dirigimos directamente hacia el este, hacia Ichinoseki. 11 millas y casi 1.200 metros de altitud. Pero para entonces ya estamos completamente aclimatados y a la maravilla de simplemente &quot;ser&quot;. Y comer, montar y dormir.<\/p>\n<\/div>\n\n\n\n<div class=\"wp-block-column is-layout-flow wp-block-column-is-layout-flow\">\n<figure class=\"wp-block-image size-full\"><img decoding=\"async\" src=\"https:\/\/inzain.bike\/wp-content\/uploads\/2024\/01\/pexels-aleksandar-pasaric-2339009.jpg\" alt=\"\" class=\"wp-image-6591\"\/><\/figure>\n<\/div>\n<\/div>\n\n\n\n<div class=\"wp-block-columns is-layout-flex wp-container-core-columns-is-layout-28f84493 wp-block-columns-is-layout-flex\">\n<div class=\"wp-block-column is-layout-flow wp-block-column-is-layout-flow\" style=\"flex-basis:100%\">\n<p><br><\/p>\n\n\n\n<div class=\"wp-block-columns alignwide is-layout-flex wp-container-core-columns-is-layout-28f84493 wp-block-columns-is-layout-flex\">\n<div class=\"wp-block-column is-layout-flow wp-block-column-is-layout-flow\">\n<figure class=\"wp-block-image size-full\"><img decoding=\"async\" src=\"https:\/\/inzain.bike\/wp-content\/uploads\/2024\/01\/pexels-enric-cruz-lopez-9989617.jpg\" alt=\"\" class=\"wp-image-6592\"\/><\/figure>\n<\/div>\n\n\n\n<div class=\"wp-block-column is-layout-flow wp-block-column-is-layout-flow\">\n<p><strong>D\u00eda <\/strong>Siete<\/p>\n\n\n\n<p>Ciclismo bastante largo hoy. 9 millas y 1.100 metros de altitud. El destino del d\u00eda es la ciudad de Nishiwaga. Y el maravillosamente hermoso lago Kinshu. Este es el \u00faltimo d\u00eda de ciclismo desde la ma\u00f1ana hasta la tarde.  <\/p>\n<\/div>\n<\/div>\n<\/div>\n<\/div>\n\n\n\n<div class=\"wp-block-columns alignwide is-layout-flex wp-container-core-columns-is-layout-28f84493 wp-block-columns-is-layout-flex\">\n<div class=\"wp-block-column is-layout-flow wp-block-column-is-layout-flow\">\n<p><strong>D\u00eda <\/strong>Ocho<\/p>\n\n\n\n<p>Salida razonablemente temprano desde Nishiwaga. Hoy solo pedaleamos medio d\u00eda. Nuestro destino es la ciudad de Morika donde nos espera nuestro tren expreso\/Shinkansen que nos llevar\u00e1 de regreso a Tokio. Si tenemos suerte, cada uno de nosotros tendr\u00e1 tiempo para comer Morioka Reimen, que es la famosa sopa de fideos por la que la ciudad es conocida. <\/p>\n\n\n\n<div class=\"wp-block-columns is-layout-flex wp-container-core-columns-is-layout-28f84493 wp-block-columns-is-layout-flex\">\n<div class=\"wp-block-column is-layout-flow wp-block-column-is-layout-flow\" style=\"flex-basis:100%\">\n<p><br><\/p>\n\n\n\n<div class=\"wp-block-columns alignwide is-layout-flex wp-container-core-columns-is-layout-28f84493 wp-block-columns-is-layout-flex\"><\/div>\n<\/div>\n<\/div>\n<\/div>\n\n\n\n<div class=\"wp-block-column is-layout-flow wp-block-column-is-layout-flow\">\n<figure class=\"wp-block-image size-full\"><img decoding=\"async\" src=\"https:\/\/inzain.bike\/wp-content\/uploads\/2024\/01\/pexels-justin-brinkhoff-5194487.jpg\" alt=\"\" class=\"wp-image-6593\"\/><\/figure>\n<\/div>\n<\/div>","protected":false},"excerpt":{"rendered":"<p>I Japan \u00e4r allt sn\u00e4llt och \u00f6dmjukt s\u00e5 \u00e4ven cyklingen. Vi h\u00e5ller oss d\u00e4rf\u00f6r ofta under 10 mil om dagen och runt 1.000 h\u00f6jdmeter. Omr\u00e5det norr om Nikko \u00e4r helt fantastiskt och nationalparken d\u00e4r \u00e4r sj\u00e4lvklart med p\u00e5 UNESCOS lista. Vi kommer att cykla i en milj\u00f6 som \u00e4r omgiven av vattenfall, sj\u00f6ar, bergsbyar, tempel [&hellip;]<\/p>\n","protected":false},"author":135133094,"featured_media":0,"parent":0,"menu_order":0,"comment_status":"closed","ping_status":"closed","template":"","meta":{"_coblocks_attr":"","_coblocks_dimensions":"","_coblocks_responsive_height":"","_coblocks_accordion_ie_support":"","footnotes":""},"class_list":["post-6172","page","type-page","status-publish","hentry"],"yoast_head":"<!-- This site is optimized with the Yoast SEO plugin v27.2 - https:\/\/yoast.com\/product\/yoast-seo-wordpress\/ -->\n<title>Japan Cykling - INZAIN Cycling EXPERIENCES<\/title>\n<meta name=\"robots\" content=\"index, follow, max-snippet:-1, max-image-preview:large, max-video-preview:-1\" \/>\n<link rel=\"canonical\" href=\"https:\/\/inzain.bike\/es\/jap24-cykling\/\" \/>\n<meta property=\"og:locale\" content=\"es_ES\" \/>\n<meta property=\"og:type\" content=\"article\" \/>\n<meta property=\"og:title\" content=\"Japan Cykling - INZAIN Cycling EXPERIENCES\" \/>\n<meta property=\"og:description\" content=\"I Japan \u00e4r allt sn\u00e4llt och \u00f6dmjukt s\u00e5 \u00e4ven cyklingen. Vi h\u00e5ller oss d\u00e4rf\u00f6r ofta under 10 mil om dagen och runt 1.000 h\u00f6jdmeter. Omr\u00e5det norr om Nikko \u00e4r helt fantastiskt och nationalparken d\u00e4r \u00e4r sj\u00e4lvklart med p\u00e5 UNESCOS lista. Vi kommer att cykla i en milj\u00f6 som \u00e4r omgiven av vattenfall, sj\u00f6ar, bergsbyar, tempel [&hellip;]\" \/>\n<meta property=\"og:url\" content=\"https:\/\/inzain.bike\/es\/jap24-cykling\/\" \/>\n<meta property=\"og:site_name\" content=\"INZAIN Cycling EXPERIENCES\" \/>\n<meta property=\"article:publisher\" content=\"https:\/\/www.facebook.com\/Inzain.bike\" \/>\n<meta property=\"article:modified_time\" content=\"2024-01-08T09:51:51+00:00\" \/>\n<meta property=\"og:image\" content=\"https:\/\/inzain.bike\/wp-content\/uploads\/2024\/01\/pexels-axp-photography-18848782.jpg\" \/>\n<meta name=\"twitter:card\" content=\"summary_large_image\" \/>\n<meta name=\"twitter:label1\" content=\"Tiempo de lectura\" \/>\n\t<meta name=\"twitter:data1\" content=\"4 minutos\" \/>\n<script type=\"application\/ld+json\" class=\"yoast-schema-graph\">{\"@context\":\"https:\/\/schema.org\",\"@graph\":[{\"@type\":\"WebPage\",\"@id\":\"https:\/\/inzain.bike\/en_gb\/jap24-cykling\/\",\"url\":\"https:\/\/inzain.bike\/en_gb\/jap24-cykling\/\",\"name\":\"Japan Cykling - INZAIN Cycling EXPERIENCES\",\"isPartOf\":{\"@id\":\"https:\/\/inzain.bike\/fr_be\/#website\"},\"primaryImageOfPage\":{\"@id\":\"https:\/\/inzain.bike\/en_gb\/jap24-cykling\/#primaryimage\"},\"image\":{\"@id\":\"https:\/\/inzain.bike\/en_gb\/jap24-cykling\/#primaryimage\"},\"thumbnailUrl\":\"https:\/\/inzain.bike\/wp-content\/uploads\/2024\/01\/pexels-axp-photography-18848782.jpg\",\"datePublished\":\"2023-11-25T19:33:28+00:00\",\"dateModified\":\"2024-01-08T09:51:51+00:00\",\"breadcrumb\":{\"@id\":\"https:\/\/inzain.bike\/en_gb\/jap24-cykling\/#breadcrumb\"},\"inLanguage\":\"es\",\"potentialAction\":[{\"@type\":\"ReadAction\",\"target\":[\"https:\/\/inzain.bike\/en_gb\/jap24-cykling\/\"]}]},{\"@type\":\"ImageObject\",\"inLanguage\":\"es\",\"@id\":\"https:\/\/inzain.bike\/en_gb\/jap24-cykling\/#primaryimage\",\"url\":\"https:\/\/inzain.bike\/wp-content\/uploads\/2024\/01\/pexels-axp-photography-18848782.jpg\",\"contentUrl\":\"https:\/\/inzain.bike\/wp-content\/uploads\/2024\/01\/pexels-axp-photography-18848782.jpg\"},{\"@type\":\"BreadcrumbList\",\"@id\":\"https:\/\/inzain.bike\/en_gb\/jap24-cykling\/#breadcrumb\",\"itemListElement\":[{\"@type\":\"ListItem\",\"position\":1,\"name\":\"Hem\",\"item\":\"https:\/\/inzain.bike\/fr_be\/\"},{\"@type\":\"ListItem\",\"position\":2,\"name\":\"Japan Cykling\"}]},{\"@type\":\"WebSite\",\"@id\":\"https:\/\/inzain.bike\/fr_be\/#website\",\"url\":\"https:\/\/inzain.bike\/fr_be\/\",\"name\":\"INZAIN Cycling EXPERIENCES\",\"description\":\"Cyckling Adventures  - for everyone\",\"publisher\":{\"@id\":\"https:\/\/inzain.bike\/fr_be\/#organization\"},\"alternateName\":\"INZAIN Gravel & Travel\",\"potentialAction\":[{\"@type\":\"SearchAction\",\"target\":{\"@type\":\"EntryPoint\",\"urlTemplate\":\"https:\/\/inzain.bike\/fr_be\/?s={search_term_string}\"},\"query-input\":{\"@type\":\"PropertyValueSpecification\",\"valueRequired\":true,\"valueName\":\"search_term_string\"}}],\"inLanguage\":\"es\"},{\"@type\":\"Organization\",\"@id\":\"https:\/\/inzain.bike\/fr_be\/#organization\",\"name\":\"INZAIN Cycling EXPERIENCES\",\"url\":\"https:\/\/inzain.bike\/fr_be\/\",\"logo\":{\"@type\":\"ImageObject\",\"inLanguage\":\"es\",\"@id\":\"https:\/\/inzain.bike\/fr_be\/#\/schema\/logo\/image\/\",\"url\":\"https:\/\/i0.wp.com\/inzain.bike\/wp-content\/uploads\/2023\/09\/cropped-INZAIN_512x512_white.png?fit=512%2C512&ssl=1\",\"contentUrl\":\"https:\/\/i0.wp.com\/inzain.bike\/wp-content\/uploads\/2023\/09\/cropped-INZAIN_512x512_white.png?fit=512%2C512&ssl=1\",\"width\":512,\"height\":512,\"caption\":\"INZAIN Cycling EXPERIENCES\"},\"image\":{\"@id\":\"https:\/\/inzain.bike\/fr_be\/#\/schema\/logo\/image\/\"},\"sameAs\":[\"https:\/\/www.facebook.com\/Inzain.bike\",\"https:\/\/www.instagram.com\/inzainbike\"]}]}<\/script>\n<!-- \/ Yoast SEO plugin. -->","yoast_head_json":{"title":"Ciclismo en Jap\u00f3n - EXPERIENCIAS Ciclista INZAIN","robots":{"index":"index","follow":"follow","max-snippet":"max-snippet:-1","max-image-preview":"max-image-preview:large","max-video-preview":"max-video-preview:-1"},"canonical":"https:\/\/inzain.bike\/es\/jap24-cykling\/","og_locale":"es_ES","og_type":"article","og_title":"Japan Cykling - INZAIN Cycling EXPERIENCES","og_description":"I Japan \u00e4r allt sn\u00e4llt och \u00f6dmjukt s\u00e5 \u00e4ven cyklingen. Vi h\u00e5ller oss d\u00e4rf\u00f6r ofta under 10 mil om dagen och runt 1.000 h\u00f6jdmeter. Omr\u00e5det norr om Nikko \u00e4r helt fantastiskt och nationalparken d\u00e4r \u00e4r sj\u00e4lvklart med p\u00e5 UNESCOS lista. Vi kommer att cykla i en milj\u00f6 som \u00e4r omgiven av vattenfall, sj\u00f6ar, bergsbyar, tempel [&hellip;]","og_url":"https:\/\/inzain.bike\/es\/jap24-cykling\/","og_site_name":"INZAIN Cycling EXPERIENCES","article_publisher":"https:\/\/www.facebook.com\/Inzain.bike","article_modified_time":"2024-01-08T09:51:51+00:00","og_image":[{"url":"https:\/\/inzain.bike\/wp-content\/uploads\/2024\/01\/pexels-axp-photography-18848782.jpg","type":"","width":"","height":""}],"twitter_card":"summary_large_image","twitter_misc":{"Tiempo de lectura":"4 minutos"},"schema":{"@context":"https:\/\/schema.org","@graph":[{"@type":"WebPage","@id":"https:\/\/inzain.bike\/en_gb\/jap24-cykling\/","url":"https:\/\/inzain.bike\/en_gb\/jap24-cykling\/","name":"Ciclismo en Jap\u00f3n - EXPERIENCIAS Ciclista INZAIN","isPartOf":{"@id":"https:\/\/inzain.bike\/fr_be\/#website"},"primaryImageOfPage":{"@id":"https:\/\/inzain.bike\/en_gb\/jap24-cykling\/#primaryimage"},"image":{"@id":"https:\/\/inzain.bike\/en_gb\/jap24-cykling\/#primaryimage"},"thumbnailUrl":"https:\/\/inzain.bike\/wp-content\/uploads\/2024\/01\/pexels-axp-photography-18848782.jpg","datePublished":"2023-11-25T19:33:28+00:00","dateModified":"2024-01-08T09:51:51+00:00","breadcrumb":{"@id":"https:\/\/inzain.bike\/en_gb\/jap24-cykling\/#breadcrumb"},"inLanguage":"es","potentialAction":[{"@type":"ReadAction","target":["https:\/\/inzain.bike\/en_gb\/jap24-cykling\/"]}]},{"@type":"ImageObject","inLanguage":"es","@id":"https:\/\/inzain.bike\/en_gb\/jap24-cykling\/#primaryimage","url":"https:\/\/inzain.bike\/wp-content\/uploads\/2024\/01\/pexels-axp-photography-18848782.jpg","contentUrl":"https:\/\/inzain.bike\/wp-content\/uploads\/2024\/01\/pexels-axp-photography-18848782.jpg"},{"@type":"BreadcrumbList","@id":"https:\/\/inzain.bike\/en_gb\/jap24-cykling\/#breadcrumb","itemListElement":[{"@type":"ListItem","position":1,"name":"Hem","item":"https:\/\/inzain.bike\/fr_be\/"},{"@type":"ListItem","position":2,"name":"Japan Cykling"}]},{"@type":"WebSite","@id":"https:\/\/inzain.bike\/fr_be\/#website","url":"https:\/\/inzain.bike\/fr_be\/","name":"EXPERIENCIAS Ciclismo INZAIN","description":"Aventuras en bicicleta: para todos","publisher":{"@id":"https:\/\/inzain.bike\/fr_be\/#organization"},"alternateName":"INZAIN Gravel & Travel","potentialAction":[{"@type":"SearchAction","target":{"@type":"EntryPoint","urlTemplate":"https:\/\/inzain.bike\/fr_be\/?s={search_term_string}"},"query-input":{"@type":"PropertyValueSpecification","valueRequired":true,"valueName":"search_term_string"}}],"inLanguage":"es"},{"@type":"Organization","@id":"https:\/\/inzain.bike\/fr_be\/#organization","name":"EXPERIENCIAS Ciclismo INZAIN","url":"https:\/\/inzain.bike\/fr_be\/","logo":{"@type":"ImageObject","inLanguage":"es","@id":"https:\/\/inzain.bike\/fr_be\/#\/schema\/logo\/image\/","url":"https:\/\/i0.wp.com\/inzain.bike\/wp-content\/uploads\/2023\/09\/cropped-INZAIN_512x512_white.png?fit=512%2C512&ssl=1","contentUrl":"https:\/\/i0.wp.com\/inzain.bike\/wp-content\/uploads\/2023\/09\/cropped-INZAIN_512x512_white.png?fit=512%2C512&ssl=1","width":512,"height":512,"caption":"INZAIN Cycling EXPERIENCES"},"image":{"@id":"https:\/\/inzain.bike\/fr_be\/#\/schema\/logo\/image\/"},"sameAs":["https:\/\/www.facebook.com\/Inzain.bike","https:\/\/www.instagram.com\/inzainbike"]}]}},"amp_enabled":true,"_links":{"self":[{"href":"https:\/\/inzain.bike\/es\/wp-json\/wp\/v2\/pages\/6172","targetHints":{"allow":["GET"]}}],"collection":[{"href":"https:\/\/inzain.bike\/es\/wp-json\/wp\/v2\/pages"}],"about":[{"href":"https:\/\/inzain.bike\/es\/wp-json\/wp\/v2\/types\/page"}],"author":[{"embeddable":true,"href":"https:\/\/inzain.bike\/es\/wp-json\/wp\/v2\/users\/135133094"}],"replies":[{"embeddable":true,"href":"https:\/\/inzain.bike\/es\/wp-json\/wp\/v2\/comments?post=6172"}],"version-history":[{"count":0,"href":"https:\/\/inzain.bike\/es\/wp-json\/wp\/v2\/pages\/6172\/revisions"}],"wp:attachment":[{"href":"https:\/\/inzain.bike\/es\/wp-json\/wp\/v2\/media?parent=6172"}],"curies":[{"name":"gracias","href":"https:\/\/api.w.org\/{rel}","templated":true}]}}