{"id":6182,"date":"2023-11-25T20:38:20","date_gmt":"2023-11-25T19:38:20","guid":{"rendered":"https:\/\/inzain.bike\/?page_id=6182"},"modified":"2024-01-17T19:50:57","modified_gmt":"2024-01-17T18:50:57","slug":"jap25-travel","status":"publish","type":"page","link":"https:\/\/inzain.bike\/es\/jap25-travel\/","title":{"rendered":"Viajes y transporte en Jap\u00f3n"},"content":{"rendered":"<figure class=\"wp-block-image alignwide size-large\"><img loading=\"lazy\" decoding=\"async\" width=\"1024\" height=\"682\" src=\"https:\/\/inzain.bike\/wp-content\/uploads\/2023\/11\/pexels-pixabay-47044-1024x682.jpg\" alt=\"\" class=\"wp-image-4035\" srcset=\"https:\/\/inzain.bike\/wp-content\/uploads\/2023\/11\/pexels-pixabay-47044-1024x682.jpg 1024w, https:\/\/inzain.bike\/wp-content\/uploads\/2023\/11\/pexels-pixabay-47044-300x200.jpg 300w, https:\/\/inzain.bike\/wp-content\/uploads\/2023\/11\/pexels-pixabay-47044-768x512.jpg 768w, https:\/\/inzain.bike\/wp-content\/uploads\/2023\/11\/pexels-pixabay-47044-1536x1024.jpg 1536w, https:\/\/inzain.bike\/wp-content\/uploads\/2023\/11\/pexels-pixabay-47044-18x12.jpg 18w, https:\/\/inzain.bike\/wp-content\/uploads\/2023\/11\/pexels-pixabay-47044-1320x880.jpg 1320w, https:\/\/inzain.bike\/wp-content\/uploads\/2023\/11\/pexels-pixabay-47044-600x400.jpg 600w, https:\/\/inzain.bike\/wp-content\/uploads\/2023\/11\/pexels-pixabay-47044.jpg 2000w\" sizes=\"auto, (max-width: 1024px) 100vw, 1024px\" \/><\/figure>\n\n\n\n<div class=\"wp-block-columns alignwide is-layout-flex wp-container-core-columns-is-layout-28f84493 wp-block-columns-is-layout-flex\">\n<div class=\"wp-block-column is-layout-flow wp-block-column-is-layout-flow\">\n<p class=\"has-roboto-font-family has-custom-font\" style=\"font-family:Roboto\">En el viaje de 2024 volamos a Tokio con escala en Beijing.<\/p>\n\n\n\n<p><strong>Transferir <\/strong><\/p>\n\n\n\n<div class=\"wp-block-columns is-layout-flex wp-container-core-columns-is-layout-28f84493 wp-block-columns-is-layout-flex\">\n<div class=\"wp-block-column is-layout-flow wp-block-column-is-layout-flow\">\n<figure class=\"wp-block-image size-large\"><img loading=\"lazy\" decoding=\"async\" width=\"1024\" height=\"565\" src=\"https:\/\/inzain.bike\/wp-content\/uploads\/2024\/01\/Screenshot-2024-01-09-at-20.40.43-1-1024x565.png\" alt=\"\" class=\"wp-image-6688\" srcset=\"https:\/\/inzain.bike\/wp-content\/uploads\/2024\/01\/Screenshot-2024-01-09-at-20.40.43-1-1024x565.png 1024w, https:\/\/inzain.bike\/wp-content\/uploads\/2024\/01\/Screenshot-2024-01-09-at-20.40.43-1-300x166.png 300w, https:\/\/inzain.bike\/wp-content\/uploads\/2024\/01\/Screenshot-2024-01-09-at-20.40.43-1-768x424.png 768w, https:\/\/inzain.bike\/wp-content\/uploads\/2024\/01\/Screenshot-2024-01-09-at-20.40.43-1-18x10.png 18w, https:\/\/inzain.bike\/wp-content\/uploads\/2024\/01\/Screenshot-2024-01-09-at-20.40.43-1-600x331.png 600w, https:\/\/inzain.bike\/wp-content\/uploads\/2024\/01\/Screenshot-2024-01-09-at-20.40.43-1.png 1214w\" sizes=\"auto, (max-width: 1024px) 100vw, 1024px\" \/><\/figure>\n<\/div>\n\n\n\n<div class=\"wp-block-column is-layout-flow wp-block-column-is-layout-flow\">\n<div style=\"height:145px\" aria-hidden=\"true\" class=\"wp-block-spacer\"><\/div>\n\n\n\n<p>Nuestro hotel en Tokio est\u00e1 muy cerca del aeropuerto de Haneda. Lo que significa que tenemos un traslado corto el d\u00eda de llegada. Por supuesto, el hotel tambi\u00e9n dispone aqu\u00ed de un ba\u00f1o Onsen. <\/p>\n<\/div>\n<\/div>\n<\/div>\n<\/div>\n\n\n\n<div class=\"wp-block-columns alignwide is-layout-flex wp-container-core-columns-is-layout-28f84493 wp-block-columns-is-layout-flex\">\n<div class=\"wp-block-column is-layout-flow wp-block-column-is-layout-flow\">\n<div style=\"height:222px\" aria-hidden=\"true\" class=\"wp-block-spacer\"><\/div>\n\n\n\n<p>En este viaje a Jap\u00f3n el traslado tambi\u00e9n ser\u00e1 toda una experiencia. Ya que se realiza en autob\u00fas y sobre todo con los famosos trenes Shikansen. As\u00ed que esperamos no s\u00f3lo viajar en uno de los trenes m\u00e1s r\u00e1pidos del mundo (270 km\/hora), sino tambi\u00e9n en el m\u00e1s seguro con diferencia. <\/p>\n\n\n\n<p><\/p>\n<\/div>\n\n\n\n<div class=\"wp-block-column is-layout-flow wp-block-column-is-layout-flow\">\n<figure class=\"wp-block-image size-large\"><img loading=\"lazy\" decoding=\"async\" width=\"1024\" height=\"709\" src=\"https:\/\/inzain.bike\/wp-content\/uploads\/2024\/01\/pexels-justin-brinkhoff-5194487-1-1024x709.jpg\" alt=\"\" class=\"wp-image-6686\" srcset=\"https:\/\/inzain.bike\/wp-content\/uploads\/2024\/01\/pexels-justin-brinkhoff-5194487-1-1024x709.jpg 1024w, https:\/\/inzain.bike\/wp-content\/uploads\/2024\/01\/pexels-justin-brinkhoff-5194487-1-300x208.jpg 300w, https:\/\/inzain.bike\/wp-content\/uploads\/2024\/01\/pexels-justin-brinkhoff-5194487-1-768x532.jpg 768w, https:\/\/inzain.bike\/wp-content\/uploads\/2024\/01\/pexels-justin-brinkhoff-5194487-1-1536x1064.jpg 1536w, https:\/\/inzain.bike\/wp-content\/uploads\/2024\/01\/pexels-justin-brinkhoff-5194487-1-2048x1419.jpg 2048w, https:\/\/inzain.bike\/wp-content\/uploads\/2024\/01\/pexels-justin-brinkhoff-5194487-1-18x12.jpg 18w, https:\/\/inzain.bike\/wp-content\/uploads\/2024\/01\/pexels-justin-brinkhoff-5194487-1-1320x915.jpg 1320w, https:\/\/inzain.bike\/wp-content\/uploads\/2024\/01\/pexels-justin-brinkhoff-5194487-1-600x416.jpg 600w\" sizes=\"auto, (max-width: 1024px) 100vw, 1024px\" \/><\/figure>\n<\/div>\n<\/div>","protected":false},"excerpt":{"rendered":"<p>P\u00e5 2024 \u00e5rs resa flyger vi till Tokyo med mellanlandning i Peking. Transfer V\u00e5rt hotell i Tokyo ligger v\u00e4ldigt n\u00e4ra flygplatsen Haneda. Vilket g\u00f6r att vi har en kort transfer p\u00e5 ankomst dagen. Sj\u00e4lvklart har \u00e4ven hotellet redan h\u00e4r ett Onsenbad. P\u00e5 denna Japanresa kommer \u00e4ven transfern att bli en upplevelse. D\u00e5 den sker med [&hellip;]<\/p>\n","protected":false},"author":135133094,"featured_media":0,"parent":0,"menu_order":0,"comment_status":"closed","ping_status":"closed","template":"","meta":{"_coblocks_attr":"","_coblocks_dimensions":"","_coblocks_responsive_height":"","_coblocks_accordion_ie_support":"","footnotes":""},"class_list":["post-6182","page","type-page","status-publish","hentry"],"yoast_head":"<!-- This site is optimized with the Yoast SEO plugin v27.2 - https:\/\/yoast.com\/product\/yoast-seo-wordpress\/ -->\n<title>Japan Resa och Transport - INZAIN Cycling EXPERIENCES<\/title>\n<meta name=\"robots\" content=\"index, follow, max-snippet:-1, max-image-preview:large, max-video-preview:-1\" \/>\n<link rel=\"canonical\" href=\"https:\/\/inzain.bike\/es\/jap25-travel\/\" \/>\n<meta property=\"og:locale\" content=\"es_ES\" \/>\n<meta property=\"og:type\" content=\"article\" \/>\n<meta property=\"og:title\" content=\"Japan Resa och Transport - INZAIN Cycling EXPERIENCES\" \/>\n<meta property=\"og:description\" content=\"P\u00e5 2024 \u00e5rs resa flyger vi till Tokyo med mellanlandning i Peking. Transfer V\u00e5rt hotell i Tokyo ligger v\u00e4ldigt n\u00e4ra flygplatsen Haneda. Vilket g\u00f6r att vi har en kort transfer p\u00e5 ankomst dagen. Sj\u00e4lvklart har \u00e4ven hotellet redan h\u00e4r ett Onsenbad. P\u00e5 denna Japanresa kommer \u00e4ven transfern att bli en upplevelse. D\u00e5 den sker med [&hellip;]\" \/>\n<meta property=\"og:url\" content=\"https:\/\/inzain.bike\/es\/jap25-travel\/\" \/>\n<meta property=\"og:site_name\" content=\"INZAIN Cycling EXPERIENCES\" \/>\n<meta property=\"article:publisher\" content=\"https:\/\/www.facebook.com\/Inzain.bike\" \/>\n<meta property=\"article:modified_time\" content=\"2024-01-17T18:50:57+00:00\" \/>\n<meta property=\"og:image\" content=\"https:\/\/inzain.bike\/wp-content\/uploads\/2023\/11\/pexels-pixabay-47044-1024x682.jpg\" \/>\n<meta name=\"twitter:card\" content=\"summary_large_image\" \/>\n<meta name=\"twitter:label1\" content=\"Tiempo de lectura\" \/>\n\t<meta name=\"twitter:data1\" content=\"2 minutos\" \/>\n<script type=\"application\/ld+json\" class=\"yoast-schema-graph\">{\"@context\":\"https:\/\/schema.org\",\"@graph\":[{\"@type\":\"WebPage\",\"@id\":\"https:\/\/inzain.bike\/sv_se\/jap25-travel\/\",\"url\":\"https:\/\/inzain.bike\/sv_se\/jap25-travel\/\",\"name\":\"Japan Resa och Transport - INZAIN Cycling EXPERIENCES\",\"isPartOf\":{\"@id\":\"https:\/\/inzain.bike\/fr_be\/#website\"},\"primaryImageOfPage\":{\"@id\":\"https:\/\/inzain.bike\/sv_se\/jap25-travel\/#primaryimage\"},\"image\":{\"@id\":\"https:\/\/inzain.bike\/sv_se\/jap25-travel\/#primaryimage\"},\"thumbnailUrl\":\"https:\/\/inzain.bike\/wp-content\/uploads\/2023\/11\/pexels-pixabay-47044-1024x682.jpg\",\"datePublished\":\"2023-11-25T19:38:20+00:00\",\"dateModified\":\"2024-01-17T18:50:57+00:00\",\"breadcrumb\":{\"@id\":\"https:\/\/inzain.bike\/sv_se\/jap25-travel\/#breadcrumb\"},\"inLanguage\":\"es\",\"potentialAction\":[{\"@type\":\"ReadAction\",\"target\":[\"https:\/\/inzain.bike\/sv_se\/jap25-travel\/\"]}]},{\"@type\":\"ImageObject\",\"inLanguage\":\"es\",\"@id\":\"https:\/\/inzain.bike\/sv_se\/jap25-travel\/#primaryimage\",\"url\":\"https:\/\/inzain.bike\/wp-content\/uploads\/2023\/11\/pexels-pixabay-47044-1024x682.jpg\",\"contentUrl\":\"https:\/\/inzain.bike\/wp-content\/uploads\/2023\/11\/pexels-pixabay-47044-1024x682.jpg\"},{\"@type\":\"BreadcrumbList\",\"@id\":\"https:\/\/inzain.bike\/sv_se\/jap25-travel\/#breadcrumb\",\"itemListElement\":[{\"@type\":\"ListItem\",\"position\":1,\"name\":\"Hem\",\"item\":\"https:\/\/inzain.bike\/fr_be\/\"},{\"@type\":\"ListItem\",\"position\":2,\"name\":\"Japan Resa och Transport\"}]},{\"@type\":\"WebSite\",\"@id\":\"https:\/\/inzain.bike\/fr_be\/#website\",\"url\":\"https:\/\/inzain.bike\/fr_be\/\",\"name\":\"INZAIN Cycling EXPERIENCES\",\"description\":\"Cyckling Adventures  - for everyone\",\"publisher\":{\"@id\":\"https:\/\/inzain.bike\/fr_be\/#organization\"},\"alternateName\":\"INZAIN Gravel & Travel\",\"potentialAction\":[{\"@type\":\"SearchAction\",\"target\":{\"@type\":\"EntryPoint\",\"urlTemplate\":\"https:\/\/inzain.bike\/fr_be\/?s={search_term_string}\"},\"query-input\":{\"@type\":\"PropertyValueSpecification\",\"valueRequired\":true,\"valueName\":\"search_term_string\"}}],\"inLanguage\":\"es\"},{\"@type\":\"Organization\",\"@id\":\"https:\/\/inzain.bike\/fr_be\/#organization\",\"name\":\"INZAIN Cycling EXPERIENCES\",\"url\":\"https:\/\/inzain.bike\/fr_be\/\",\"logo\":{\"@type\":\"ImageObject\",\"inLanguage\":\"es\",\"@id\":\"https:\/\/inzain.bike\/fr_be\/#\/schema\/logo\/image\/\",\"url\":\"https:\/\/i0.wp.com\/inzain.bike\/wp-content\/uploads\/2023\/09\/cropped-INZAIN_512x512_white.png?fit=512%2C512&ssl=1\",\"contentUrl\":\"https:\/\/i0.wp.com\/inzain.bike\/wp-content\/uploads\/2023\/09\/cropped-INZAIN_512x512_white.png?fit=512%2C512&ssl=1\",\"width\":512,\"height\":512,\"caption\":\"INZAIN Cycling EXPERIENCES\"},\"image\":{\"@id\":\"https:\/\/inzain.bike\/fr_be\/#\/schema\/logo\/image\/\"},\"sameAs\":[\"https:\/\/www.facebook.com\/Inzain.bike\",\"https:\/\/www.instagram.com\/inzainbike\"]}]}<\/script>\n<!-- \/ Yoast SEO plugin. -->","yoast_head_json":{"title":"Viajes y transporte en Jap\u00f3n - EXPERIENCIAS CICLISMO INZAIN","robots":{"index":"index","follow":"follow","max-snippet":"max-snippet:-1","max-image-preview":"max-image-preview:large","max-video-preview":"max-video-preview:-1"},"canonical":"https:\/\/inzain.bike\/es\/jap25-travel\/","og_locale":"es_ES","og_type":"article","og_title":"Japan Resa och Transport - INZAIN Cycling EXPERIENCES","og_description":"P\u00e5 2024 \u00e5rs resa flyger vi till Tokyo med mellanlandning i Peking. Transfer V\u00e5rt hotell i Tokyo ligger v\u00e4ldigt n\u00e4ra flygplatsen Haneda. Vilket g\u00f6r att vi har en kort transfer p\u00e5 ankomst dagen. Sj\u00e4lvklart har \u00e4ven hotellet redan h\u00e4r ett Onsenbad. P\u00e5 denna Japanresa kommer \u00e4ven transfern att bli en upplevelse. D\u00e5 den sker med [&hellip;]","og_url":"https:\/\/inzain.bike\/es\/jap25-travel\/","og_site_name":"INZAIN Cycling EXPERIENCES","article_publisher":"https:\/\/www.facebook.com\/Inzain.bike","article_modified_time":"2024-01-17T18:50:57+00:00","og_image":[{"url":"https:\/\/inzain.bike\/wp-content\/uploads\/2023\/11\/pexels-pixabay-47044-1024x682.jpg","type":"","width":"","height":""}],"twitter_card":"summary_large_image","twitter_misc":{"Tiempo de lectura":"2 minutos"},"schema":{"@context":"https:\/\/schema.org","@graph":[{"@type":"WebPage","@id":"https:\/\/inzain.bike\/sv_se\/jap25-travel\/","url":"https:\/\/inzain.bike\/sv_se\/jap25-travel\/","name":"Viajes y transporte en Jap\u00f3n - EXPERIENCIAS CICLISMO INZAIN","isPartOf":{"@id":"https:\/\/inzain.bike\/fr_be\/#website"},"primaryImageOfPage":{"@id":"https:\/\/inzain.bike\/sv_se\/jap25-travel\/#primaryimage"},"image":{"@id":"https:\/\/inzain.bike\/sv_se\/jap25-travel\/#primaryimage"},"thumbnailUrl":"https:\/\/inzain.bike\/wp-content\/uploads\/2023\/11\/pexels-pixabay-47044-1024x682.jpg","datePublished":"2023-11-25T19:38:20+00:00","dateModified":"2024-01-17T18:50:57+00:00","breadcrumb":{"@id":"https:\/\/inzain.bike\/sv_se\/jap25-travel\/#breadcrumb"},"inLanguage":"es","potentialAction":[{"@type":"ReadAction","target":["https:\/\/inzain.bike\/sv_se\/jap25-travel\/"]}]},{"@type":"ImageObject","inLanguage":"es","@id":"https:\/\/inzain.bike\/sv_se\/jap25-travel\/#primaryimage","url":"https:\/\/inzain.bike\/wp-content\/uploads\/2023\/11\/pexels-pixabay-47044-1024x682.jpg","contentUrl":"https:\/\/inzain.bike\/wp-content\/uploads\/2023\/11\/pexels-pixabay-47044-1024x682.jpg"},{"@type":"BreadcrumbList","@id":"https:\/\/inzain.bike\/sv_se\/jap25-travel\/#breadcrumb","itemListElement":[{"@type":"ListItem","position":1,"name":"Hem","item":"https:\/\/inzain.bike\/fr_be\/"},{"@type":"ListItem","position":2,"name":"Japan Resa och Transport"}]},{"@type":"WebSite","@id":"https:\/\/inzain.bike\/fr_be\/#website","url":"https:\/\/inzain.bike\/fr_be\/","name":"EXPERIENCIAS Ciclismo INZAIN","description":"Aventuras en bicicleta: para todos","publisher":{"@id":"https:\/\/inzain.bike\/fr_be\/#organization"},"alternateName":"INZAIN Gravel & Travel","potentialAction":[{"@type":"SearchAction","target":{"@type":"EntryPoint","urlTemplate":"https:\/\/inzain.bike\/fr_be\/?s={search_term_string}"},"query-input":{"@type":"PropertyValueSpecification","valueRequired":true,"valueName":"search_term_string"}}],"inLanguage":"es"},{"@type":"Organization","@id":"https:\/\/inzain.bike\/fr_be\/#organization","name":"EXPERIENCIAS Ciclismo INZAIN","url":"https:\/\/inzain.bike\/fr_be\/","logo":{"@type":"ImageObject","inLanguage":"es","@id":"https:\/\/inzain.bike\/fr_be\/#\/schema\/logo\/image\/","url":"https:\/\/i0.wp.com\/inzain.bike\/wp-content\/uploads\/2023\/09\/cropped-INZAIN_512x512_white.png?fit=512%2C512&ssl=1","contentUrl":"https:\/\/i0.wp.com\/inzain.bike\/wp-content\/uploads\/2023\/09\/cropped-INZAIN_512x512_white.png?fit=512%2C512&ssl=1","width":512,"height":512,"caption":"INZAIN Cycling EXPERIENCES"},"image":{"@id":"https:\/\/inzain.bike\/fr_be\/#\/schema\/logo\/image\/"},"sameAs":["https:\/\/www.facebook.com\/Inzain.bike","https:\/\/www.instagram.com\/inzainbike"]}]}},"amp_enabled":true,"_links":{"self":[{"href":"https:\/\/inzain.bike\/es\/wp-json\/wp\/v2\/pages\/6182","targetHints":{"allow":["GET"]}}],"collection":[{"href":"https:\/\/inzain.bike\/es\/wp-json\/wp\/v2\/pages"}],"about":[{"href":"https:\/\/inzain.bike\/es\/wp-json\/wp\/v2\/types\/page"}],"author":[{"embeddable":true,"href":"https:\/\/inzain.bike\/es\/wp-json\/wp\/v2\/users\/135133094"}],"replies":[{"embeddable":true,"href":"https:\/\/inzain.bike\/es\/wp-json\/wp\/v2\/comments?post=6182"}],"version-history":[{"count":0,"href":"https:\/\/inzain.bike\/es\/wp-json\/wp\/v2\/pages\/6182\/revisions"}],"wp:attachment":[{"href":"https:\/\/inzain.bike\/es\/wp-json\/wp\/v2\/media?parent=6182"}],"curies":[{"name":"gracias","href":"https:\/\/api.w.org\/{rel}","templated":true}]}}