{"id":67,"date":"2021-03-25T15:39:17","date_gmt":"2021-03-25T14:39:17","guid":{"rendered":"https:\/\/inzain.bike\/?page_id=67"},"modified":"2023-08-30T10:54:30","modified_gmt":"2023-08-30T08:54:30","slug":"event","status":"publish","type":"page","link":"https:\/\/inzain.bike\/es\/event\/","title":{"rendered":"Eventos"},"content":{"rendered":"<p>INZAIN Gravel tiene como objetivo la organizaci\u00f3n de eventos Gravel de primer nivel.<\/p>\n\n\n\n<p>Queremos ofrecer rutas fant\u00e1sticas, excelentes caf\u00e9s y un enfoque en la seguridad y la alegr\u00eda. Al mismo tiempo, es probable que cada uno de nosotros se sienta motivado a desafiarse a s\u00ed mismo a andar en bicicleta m\u00e1s r\u00e1pido y m\u00e1s lejos que antes.<br><br><strong>Eventos para 2023<\/strong><\/p>\n\n\n\n<p><s><a href=\"https:\/\/inzain.bike\/es\/inzain-casacalma-gran-canaria-gravel-camp\/\">27 enero \u2013 4 febrero Gran Canaria Gravel Camp<\/a> <\/s>HECHO<br> <s><a href=\"https:\/\/inzain.bike\/es\/lanzarote-gravel-camp-2023\/\">20-27 de febrero Lanzarote Gravel Camp<\/a><\/s>HECHO<br><s><a href=\"https:\/\/inzain.bike\/es\/inzain-mallorca-camp-easter-2023\/\">7-16 de abril Mallorca Gravel Camp<\/a><\/s> HECHO<br><s><a href=\"https:\/\/inzain.bike\/es\/girona-gravel-camp-2023\/\">Del 6 al 14 de mayo Girona Gravel Camp<\/a> <\/s>HECHO<br> <s><a href=\"https:\/\/inzain.bike\/es\/sormland-gravel-camp\/\">20-21 de mayo Campamento de gravel de S\u00f6rmland<\/a><\/s> HECHO<br> <s><a href=\"https:\/\/inzain.bike\/es\/finland-gravel-randonee\/\">Del 3 al 6 de junio Tour de gravel por Finlandia<\/a><\/s> HECHO<br> <s><a href=\"https:\/\/inzain.bike\/es\/dalsland-gravel-camp\/\">17 y 18 de junio Campamento de grava en Dalsland<\/a><\/s> HECHO <br> <s><a href=\"https:\/\/inzain.bike\/es\/inzain-solstice-gravel-ride-2023\/\">22 y 23 de junio Paseo por el solsticio<\/a><\/s> HECHO<br><s><a href=\"https:\/\/inzain.bike\/es\/savenfors-gravel-camp\/\">29-30 de julio Campamento de gravel de S\u00e4venfors<\/a><\/s> HECHO<br><s><a href=\"https:\/\/inzain.bike\/es\/vattern-runt-gravel-tour\/\">Del 11 al 13 de agosto \u00a1V\u00e4ttern Runt, sobre grava!<\/a><\/s> HECHO<br><s><a href=\"https:\/\/inzain.bike\/es\/bubo-falun-gravel-weekend\/\">25-27 de agosto Campamento de grava BuBo Bubo Falun<\/a><\/s> HECHO<br>\n<a href=\"https:\/\/inzain.bike\/es\/gotland-gravel-camp-2023\/\">21-24 de septiembre Campamento Gotland Aur<\/a> QUEDAN POCAS LUGARES<br>\n<a href=\"https:\/\/inzain.bike\/es\/toscana-gravel-tour-2023\/\">Del 7 al 15 de octubre Tour de gravel por la Toscana<\/a>COMPLETAMENTE LLENO<br><\/p>\n\n\n\n<p><strong>Evento que organizamos en 2022<\/strong><\/p>\n\n\n\n<p><a href=\"https:\/\/inzain.bike\/es\/inzain-lanzarote-gravel-2022\/\">14-21 de febrero Lanzarote Gravel<\/a><br><a href=\"https:\/\/inzain.bike\/es\/inzain-mallorca-camp-easter-2022\/\">8-18 abril 2022 Mallorca Gravel Camp<\/a><br><a href=\"https:\/\/inzain.bike\/es\/inzain-ostergotland-gravel-camp\/\">14 y 15 de mayo Fin de semana de gravel en \u00d6sterg\u00f6tland<\/a><br><a href=\"https:\/\/inzain.bike\/es\/falun-gravel-weekend\/\">21 y 22 de mayo Campamento de grava de Falun<\/a><br><a href=\"https:\/\/inzain.bike\/es\/inzain-skane-gravel-adventure\/\">Del 4 al 6 de junio Sk\u00e5ne Gravel Tour<\/a><br><a href=\"https:\/\/inzain.bike\/es\/inzain-orebro-gravel-camp\/\">18 y 19 de junio Fin de semana de grava en Bergslagen<\/a><br><a href=\"https:\/\/inzain.bike\/es\/inzain-solstice-gravel-ride\/\">23 de junio Paseo por el solsticio de Estocolmo<\/a><br><a href=\"https:\/\/inzain.bike\/es\/inzain-smaland-gravel-camp\/\">13 y 14 de agosto Fin de semana de grava en Sm\u00e5land<\/a><br>\n<a href=\"https:\/\/inzain.bike\/es\/inzain-toscana-gravel-tour-2022\/\">Del 8 al 16 de octubre Toscana Gravel Randonn\u00e9e<\/a><\/p>\n\n\n\n<p><br><strong>Evento que organizamos en 2021<\/strong>:<br>Durante la \u00e9poca c\u00e1lida organizamos un viaje una noche entre semana y un recorrido un poco m\u00e1s largo el fin de semana. La mayor\u00eda de ellos en M\u00e4lardalen. Los viajes eran de entre 70 y 140 km, muchas veces con posibilidad de acortarlos y siempre juntos.<\/p>\n\n\n\n<p>Aqu\u00ed pod\u00e9is ver una peque\u00f1a odisea durante el a\u00f1o gravel 2021.<\/p>\n\n\n\n<figure class=\"wp-block-embed is-type-video is-provider-youtube wp-block-embed-youtube wp-embed-aspect-16-9 wp-has-aspect-ratio\"><div class=\"wp-block-embed__wrapper\">\n<iframe loading=\"lazy\" title=\"Grava 2021\" width=\"500\" height=\"281\" src=\"https:\/\/www.youtube.com\/embed\/oHZObhfHCC0?feature=oembed\" frameborder=\"0\" allow=\"accelerometer; autoplay; clipboard-write; encrypted-media; gyroscope; picture-in-picture; web-share\" referrerpolicy=\"strict-origin-when-cross-origin\" allowfullscreen><\/iframe>\n<\/div><figcaption class=\"wp-element-caption\">2021 Inzain Grava<\/figcaption><\/figure>\n\n\n\n<p><br><br><br><strong>Gran Canaria en febrero de 2021<\/strong><\/p>\n\n\n\n<p>Pioneros en GC junto con Carl-Johan Paulin. Realmente bonito pero tambi\u00e9n duro.<br>Aqu\u00ed ten\u00e9is una pel\u00edcula sobre la aventura.<\/p>\n\n\n\n<figure class=\"wp-block-embed is-type-video is-provider-youtube wp-block-embed-youtube wp-embed-aspect-16-9 wp-has-aspect-ratio\"><div class=\"wp-block-embed__wrapper\">\n<iframe loading=\"lazy\" title=\"Canaria Grava Aldea\" width=\"500\" height=\"281\" src=\"https:\/\/www.youtube.com\/embed\/Ju-kwHqkF3A?feature=oembed\" frameborder=\"0\" allow=\"accelerometer; autoplay; clipboard-write; encrypted-media; gyroscope; picture-in-picture; web-share\" referrerpolicy=\"strict-origin-when-cross-origin\" allowfullscreen><\/iframe>\n<\/div><figcaption class=\"wp-element-caption\">Gable en Gran Canaria<\/figcaption><\/figure>\n\n\n\n<p><br><\/p>\n\n\n\n<p><strong>IGG200 Julio 2021<\/strong><\/p>\n\n\n\n<p><em>Para la mayor\u00eda de las personas, andar en bicicleta 100 millas o aproximadamente 160 km por caminos y caminos de tierra puede parecer inasequible, s\u00ed, simplemente incre\u00edblemente lejos. Un llamado &quot;paseo del siglo&quot; y luego recorrer 200 millas o 322 km en bicicleta es una locura. Simplemente <\/em>\u00a1INZA\u00cdN!  <\/p>\n\n\n\n<p>A finales de julio de 2021 invitamos a un llamado &quot;Double Century Gravel Grinder&quot; en los alrededores de Uppsala. Se pod\u00eda elegir entre las distancias de 50, 100 y 200 millas o 80, 161 y 322 km.<\/p>\n\n\n\n<p><a href=\"https:\/\/inzain.bike\/es\/inzain-200-100-50-mile-gravel-grinder\/\">Inzain 200 Millas Grava Uppland Julio 2021<\/a><\/p>\n\n\n\n<p>El paisaje alrededor de Uppsala, Uppland, ofrece en general un terreno bastante &quot;agradable&quot;, por lo que pensamos que mucha gente llegar\u00eda a nuestro &quot;Double Century&quot; durante las horas del d\u00eda. Sin embargo, a finales de julio, las sombras se hab\u00edan hecho un poco m\u00e1s largas y los d\u00edas m\u00e1s cortos, por lo que, despu\u00e9s de todo, fue un verdadero desaf\u00edo.<\/p>\n\n\n\n<p>Salimos con dos grupos de ciclistas, algunos a 100 millas (161 km) y otros a 200 millas (322 km). Fue un d\u00eda incre\u00edblemente hermoso y tambi\u00e9n c\u00e1lido. Los 27 grados de la tarde dejaron huella en los participantes. Los que est\u00e1bamos en boxes probablemente nunca antes hab\u00edamos conocido a participantes tan entusiastas. El ciclismo fluy\u00f3 bien y la mayor\u00eda finalmente lleg\u00f3 a la meta. La segunda mitad de la ronda larga fue probablemente la m\u00e1s dura. Varios tramos estaban cubiertos de grava nueva y gruesa, lo que dificultaba a\u00fan m\u00e1s el viaje. A pesar de esto, los valientes participantes hicieron varios esfuerzos heroicos.<br><br><br><strong>Gravel en Mallorca en octubre de 2021<\/strong><\/p>\n\n\n\n<p>Inzain organiz\u00f3 un viaje a Mallorca en octubre de 2021 con un gravel fant\u00e1stico. Est\u00e1bamos pescando en abril y ahora hab\u00edamos creado algo completamente extra.<br><br>Lee todo aqu\u00ed: <a href=\"https:\/\/inzain.bike\/es\/mallorca-gravel-oktober-2021\/\">https:\/\/inzain.bike\/mallorca-gravel-oktober-2021\/<\/a><\/p>\n\n\n\n<p><\/p>","protected":false},"excerpt":{"rendered":"<p>INZAIN Gravel har som m\u00e5ls\u00e4ttning att arrangera h\u00f6gklassiga Gravel-event. Vi vill erbjuda fantastiska rutter, fina fikor och fokus p\u00e5 s\u00e4kerhet och gl\u00e4dje. Samtidigt triggas vi v\u00e4l var och en av att utmana oss sj\u00e4lva till att cykla b\u00e5de snabbare och l\u00e4ngre \u00e4n f\u00f6rut. Event f\u00f6r 2023 27 jan &#8211; 4 februari Gran Canaria Gravel Camp [&hellip;]<\/p>\n","protected":false},"author":135133094,"featured_media":0,"parent":0,"menu_order":0,"comment_status":"closed","ping_status":"closed","template":"","meta":{"_coblocks_attr":"","_coblocks_dimensions":"","_coblocks_responsive_height":"","_coblocks_accordion_ie_support":"","footnotes":""},"class_list":["post-67","page","type-page","status-publish","hentry"],"yoast_head":"<!-- This site is optimized with the Yoast SEO plugin v27.2 - https:\/\/yoast.com\/product\/yoast-seo-wordpress\/ -->\n<title>Event - INZAIN Cycling EXPERIENCES<\/title>\n<meta name=\"robots\" content=\"index, follow, max-snippet:-1, max-image-preview:large, max-video-preview:-1\" \/>\n<link rel=\"canonical\" href=\"https:\/\/inzain.bike\/es\/event\/\" \/>\n<meta property=\"og:locale\" content=\"es_ES\" \/>\n<meta property=\"og:type\" content=\"article\" \/>\n<meta property=\"og:title\" content=\"Event - INZAIN Cycling EXPERIENCES\" \/>\n<meta property=\"og:description\" content=\"INZAIN Gravel har som m\u00e5ls\u00e4ttning att arrangera h\u00f6gklassiga Gravel-event. Vi vill erbjuda fantastiska rutter, fina fikor och fokus p\u00e5 s\u00e4kerhet och gl\u00e4dje. Samtidigt triggas vi v\u00e4l var och en av att utmana oss sj\u00e4lva till att cykla b\u00e5de snabbare och l\u00e4ngre \u00e4n f\u00f6rut. Event f\u00f6r 2023 27 jan &#8211; 4 februari Gran Canaria Gravel Camp [&hellip;]\" \/>\n<meta property=\"og:url\" content=\"https:\/\/inzain.bike\/es\/event\/\" \/>\n<meta property=\"og:site_name\" content=\"INZAIN Cycling EXPERIENCES\" \/>\n<meta property=\"article:publisher\" content=\"https:\/\/www.facebook.com\/Inzain.bike\" \/>\n<meta property=\"article:modified_time\" content=\"2023-08-30T08:54:30+00:00\" \/>\n<meta name=\"twitter:card\" content=\"summary_large_image\" \/>\n<meta name=\"twitter:label1\" content=\"Tiempo de lectura\" \/>\n\t<meta name=\"twitter:data1\" content=\"3 minutos\" \/>\n<script type=\"application\/ld+json\" class=\"yoast-schema-graph\">{\"@context\":\"https:\/\/schema.org\",\"@graph\":[{\"@type\":\"WebPage\",\"@id\":\"https:\/\/inzain.bike\/en\/event\/\",\"url\":\"https:\/\/inzain.bike\/en\/event\/\",\"name\":\"Event - INZAIN Cycling EXPERIENCES\",\"isPartOf\":{\"@id\":\"https:\/\/inzain.bike\/fr_be\/#website\"},\"datePublished\":\"2021-03-25T14:39:17+00:00\",\"dateModified\":\"2023-08-30T08:54:30+00:00\",\"breadcrumb\":{\"@id\":\"https:\/\/inzain.bike\/en\/event\/#breadcrumb\"},\"inLanguage\":\"es\",\"potentialAction\":[{\"@type\":\"ReadAction\",\"target\":[\"https:\/\/inzain.bike\/en\/event\/\"]}]},{\"@type\":\"BreadcrumbList\",\"@id\":\"https:\/\/inzain.bike\/en\/event\/#breadcrumb\",\"itemListElement\":[{\"@type\":\"ListItem\",\"position\":1,\"name\":\"Hem\",\"item\":\"https:\/\/inzain.bike\/fr_be\/\"},{\"@type\":\"ListItem\",\"position\":2,\"name\":\"Event\"}]},{\"@type\":\"WebSite\",\"@id\":\"https:\/\/inzain.bike\/fr_be\/#website\",\"url\":\"https:\/\/inzain.bike\/fr_be\/\",\"name\":\"INZAIN Cycling EXPERIENCES\",\"description\":\"Cyckling Adventures  - for everyone\",\"publisher\":{\"@id\":\"https:\/\/inzain.bike\/fr_be\/#organization\"},\"alternateName\":\"INZAIN Gravel & Travel\",\"potentialAction\":[{\"@type\":\"SearchAction\",\"target\":{\"@type\":\"EntryPoint\",\"urlTemplate\":\"https:\/\/inzain.bike\/fr_be\/?s={search_term_string}\"},\"query-input\":{\"@type\":\"PropertyValueSpecification\",\"valueRequired\":true,\"valueName\":\"search_term_string\"}}],\"inLanguage\":\"es\"},{\"@type\":\"Organization\",\"@id\":\"https:\/\/inzain.bike\/fr_be\/#organization\",\"name\":\"INZAIN Cycling EXPERIENCES\",\"url\":\"https:\/\/inzain.bike\/fr_be\/\",\"logo\":{\"@type\":\"ImageObject\",\"inLanguage\":\"es\",\"@id\":\"https:\/\/inzain.bike\/fr_be\/#\/schema\/logo\/image\/\",\"url\":\"https:\/\/i0.wp.com\/inzain.bike\/wp-content\/uploads\/2023\/09\/cropped-INZAIN_512x512_white.png?fit=512%2C512&ssl=1\",\"contentUrl\":\"https:\/\/i0.wp.com\/inzain.bike\/wp-content\/uploads\/2023\/09\/cropped-INZAIN_512x512_white.png?fit=512%2C512&ssl=1\",\"width\":512,\"height\":512,\"caption\":\"INZAIN Cycling EXPERIENCES\"},\"image\":{\"@id\":\"https:\/\/inzain.bike\/fr_be\/#\/schema\/logo\/image\/\"},\"sameAs\":[\"https:\/\/www.facebook.com\/Inzain.bike\",\"https:\/\/www.instagram.com\/inzainbike\"]}]}<\/script>\n<!-- \/ Yoast SEO plugin. -->","yoast_head_json":{"title":"Evento - EXPERIENCIAS Ciclista INZAIN","robots":{"index":"index","follow":"follow","max-snippet":"max-snippet:-1","max-image-preview":"max-image-preview:large","max-video-preview":"max-video-preview:-1"},"canonical":"https:\/\/inzain.bike\/es\/event\/","og_locale":"es_ES","og_type":"article","og_title":"Event - INZAIN Cycling EXPERIENCES","og_description":"INZAIN Gravel har som m\u00e5ls\u00e4ttning att arrangera h\u00f6gklassiga Gravel-event. Vi vill erbjuda fantastiska rutter, fina fikor och fokus p\u00e5 s\u00e4kerhet och gl\u00e4dje. Samtidigt triggas vi v\u00e4l var och en av att utmana oss sj\u00e4lva till att cykla b\u00e5de snabbare och l\u00e4ngre \u00e4n f\u00f6rut. Event f\u00f6r 2023 27 jan &#8211; 4 februari Gran Canaria Gravel Camp [&hellip;]","og_url":"https:\/\/inzain.bike\/es\/event\/","og_site_name":"INZAIN Cycling EXPERIENCES","article_publisher":"https:\/\/www.facebook.com\/Inzain.bike","article_modified_time":"2023-08-30T08:54:30+00:00","twitter_card":"summary_large_image","twitter_misc":{"Tiempo de lectura":"3 minutos"},"schema":{"@context":"https:\/\/schema.org","@graph":[{"@type":"WebPage","@id":"https:\/\/inzain.bike\/en\/event\/","url":"https:\/\/inzain.bike\/en\/event\/","name":"Evento - EXPERIENCIAS Ciclista INZAIN","isPartOf":{"@id":"https:\/\/inzain.bike\/fr_be\/#website"},"datePublished":"2021-03-25T14:39:17+00:00","dateModified":"2023-08-30T08:54:30+00:00","breadcrumb":{"@id":"https:\/\/inzain.bike\/en\/event\/#breadcrumb"},"inLanguage":"es","potentialAction":[{"@type":"ReadAction","target":["https:\/\/inzain.bike\/en\/event\/"]}]},{"@type":"BreadcrumbList","@id":"https:\/\/inzain.bike\/en\/event\/#breadcrumb","itemListElement":[{"@type":"ListItem","position":1,"name":"Hem","item":"https:\/\/inzain.bike\/fr_be\/"},{"@type":"ListItem","position":2,"name":"Event"}]},{"@type":"WebSite","@id":"https:\/\/inzain.bike\/fr_be\/#website","url":"https:\/\/inzain.bike\/fr_be\/","name":"EXPERIENCIAS Ciclismo INZAIN","description":"Aventuras en bicicleta: para todos","publisher":{"@id":"https:\/\/inzain.bike\/fr_be\/#organization"},"alternateName":"INZAIN Gravel & Travel","potentialAction":[{"@type":"SearchAction","target":{"@type":"EntryPoint","urlTemplate":"https:\/\/inzain.bike\/fr_be\/?s={search_term_string}"},"query-input":{"@type":"PropertyValueSpecification","valueRequired":true,"valueName":"search_term_string"}}],"inLanguage":"es"},{"@type":"Organization","@id":"https:\/\/inzain.bike\/fr_be\/#organization","name":"EXPERIENCIAS Ciclismo INZAIN","url":"https:\/\/inzain.bike\/fr_be\/","logo":{"@type":"ImageObject","inLanguage":"es","@id":"https:\/\/inzain.bike\/fr_be\/#\/schema\/logo\/image\/","url":"https:\/\/i0.wp.com\/inzain.bike\/wp-content\/uploads\/2023\/09\/cropped-INZAIN_512x512_white.png?fit=512%2C512&ssl=1","contentUrl":"https:\/\/i0.wp.com\/inzain.bike\/wp-content\/uploads\/2023\/09\/cropped-INZAIN_512x512_white.png?fit=512%2C512&ssl=1","width":512,"height":512,"caption":"INZAIN Cycling EXPERIENCES"},"image":{"@id":"https:\/\/inzain.bike\/fr_be\/#\/schema\/logo\/image\/"},"sameAs":["https:\/\/www.facebook.com\/Inzain.bike","https:\/\/www.instagram.com\/inzainbike"]}]}},"amp_enabled":true,"_links":{"self":[{"href":"https:\/\/inzain.bike\/es\/wp-json\/wp\/v2\/pages\/67","targetHints":{"allow":["GET"]}}],"collection":[{"href":"https:\/\/inzain.bike\/es\/wp-json\/wp\/v2\/pages"}],"about":[{"href":"https:\/\/inzain.bike\/es\/wp-json\/wp\/v2\/types\/page"}],"author":[{"embeddable":true,"href":"https:\/\/inzain.bike\/es\/wp-json\/wp\/v2\/users\/135133094"}],"replies":[{"embeddable":true,"href":"https:\/\/inzain.bike\/es\/wp-json\/wp\/v2\/comments?post=67"}],"version-history":[{"count":0,"href":"https:\/\/inzain.bike\/es\/wp-json\/wp\/v2\/pages\/67\/revisions"}],"wp:attachment":[{"href":"https:\/\/inzain.bike\/es\/wp-json\/wp\/v2\/media?parent=67"}],"curies":[{"name":"gracias","href":"https:\/\/api.w.org\/{rel}","templated":true}]}}