{"id":678,"date":"2021-10-06T10:30:32","date_gmt":"2021-10-06T08:30:32","guid":{"rendered":"https:\/\/inzain.bike\/?page_id=678"},"modified":"2022-05-30T11:01:00","modified_gmt":"2022-05-30T09:01:00","slug":"inzain-skane-gravel-adventure","status":"publish","type":"page","link":"https:\/\/inzain.bike\/es\/inzain-skane-gravel-adventure\/","title":{"rendered":"Aventura Gravel Inzain Scania"},"content":{"rendered":"\n<figure class=\"wp-block-image size-large\"><img decoding=\"async\" src=\"https:\/\/inzain.bike\/wp-content\/uploads\/2021\/10\/g0064445.jpg?w=1024\" alt=\"\" class=\"wp-image-679\"\/><\/figure>\n\n\n\n<p>V\u00e4lkommen till en fantastisk helg med Gravel i Sk\u00e5ne<\/p>\n\n\n\n<p><strong>N\u00e4r<\/strong>: 4-6 Juni 2022.<br><strong>Var<\/strong>: Sk\u00e5ne<br><strong>Hur<\/strong>: Gravel  p\u00e5 fantastiska v\u00e4gar<br><strong>Bo<\/strong>: Hotell Ystad och Malm\u00f6. Kommer man l\u00e5ngv\u00e4ga s\u00e5 troligen \u00e4ven i \u00c5hus<\/p>\n\n\n\n<p>Man bokar sitt eget boende.<\/p>\n\n\n\n<p>En tur p\u00e5 Sk\u00e5nes b\u00e4sta grusv\u00e4gar. Start och m\u00e5l i \u00c5hus p\u00e5 \u00f6stkusten. Vi b\u00f6rjar kustn\u00e4ra, \u00d6sterlens p\u00e4rlor, Skan\u00f6r Falsterbo, Smygehuk, Ale Stenar mm. F\u00f6rsta natten tillbringas i Ystad och andra i Malm\u00f6. D\u00e4rifr\u00e5n s\u00f6ker vi oss \u00e5ter till \u00c5hus l\u00e4ngs slingrade v\u00e4gar, men skog och \u00f6ppna f\u00e4lt.<\/p>\n\n\n\n<p><strong>Vad kan du f\u00f6rv\u00e4nta dig?<\/strong><br>Vi cyklar f\u00f6r att ha trevligt, det \u00e4r inte n\u00e5gra intervaller och det handlar inte om att cykla snabbast utan att f\u00e5 den b\u00e4sta upplevelsen. Vill man spr\u00e4tta s\u00e5 g\u00e5r det naturligtvis bra, man v\u00e4ntar in l\u00e4ngre fram. Vi kan ocks\u00e5 komma att dela gruppen, om det visar sig att det blir b\u00e4ttre. V\u00e5ra Guider har v\u00e4ldigt stor erfarenhet av att arrangera och h\u00e5lla i dessa turer. <br><br><strong>L\u00f6rdag<\/strong> (123km\/ 740hm)<br>Start i \u00c5hus. Vi f\u00f6ljer kusten ner p\u00e5 en blandning av grus och asfalt. Dagens st\u00f6rsta utmaning blir Stenshuvud, d\u00e4r vi ocks\u00e5 tar en fika. Lunch i klassiska Simrishamn innan vi forts\u00e4tter v\u00e4sterut. Efter Skillinge blir det strand ner till Sandhammaren, den ber\u00f6mda stranden, kanske en glass d\u00e4r? Vi g\u00e5r vidare mot K\u00e5seberga &amp; Ale Stenar.  D\u00e4r blir det b\u00f6ljande backar och en del lyft. Den ena platsen mer fantastisk \u00e4n den andra. M\u00e5let f\u00f6r dagen \u00e4r Ystad. Middag och s\u00f6mn kommer sitta fint.<\/p>\n\n\n\n<p><strong>S\u00f6ndag<\/strong> (150km\/611hm)<br>Vi forts\u00e4tter v\u00e4sterut delvis p\u00e5 asfalt n\u00e4ra vattnet och grus en bit in i landet. Vi kommer \u00e4ta lunch i Smygehuk, Sveriges sydligaste punkt. Gisl\u00f6vs strandpark och Trelleborg rundar vi  p\u00e5 v\u00e4g mot dagens h\u00f6jdpunkt, Skan\u00f6r Falsterbo. Fullkomligt fantastisk plats! St\u00e4rkta av en fika f\u00f6ljer vi sedan kusten upp mot Malm\u00f6 d\u00e4r vi tillbringar natten.<\/p>\n\n\n\n<p><strong>M\u00e5ndag<\/strong> (143km\/1,060 hm) &#8211; <em>Sk\u00e5ne Divide<\/em><br>Nu byter turen karakt\u00e4r, vi l\u00e4mnar kusten och k\u00f6r genom Sk\u00e5nes sl\u00e4ttland. Vi \u00e4ter lunch efter halva dagen och tr\u00f6tta men n\u00f6jda n\u00e5r vi \u00e5ter \u00c5hus. Vi startar p\u00e5 asfalt fr\u00e5n Malm\u00f6 och dagens f\u00f6rsta m\u00e5l, Bokskogen vid Ydingesj\u00f6n. Vi forts\u00e4tter ner i skogarna s\u00f6der om Holmeja vidare mot klassiska H\u00e4ckeberga. Lunch p\u00e5 Torna H\u00e4llestad Lanthandel kommer sitta fint. Dagens stigning direkt efter leder oss vidare mot Degerberga och s\u00e5 slutligen \u00e5ter till \u00c5hus.<\/p>\n\n\n\n<p><br><strong>Vi cyklar enligt Grusets V\u00e4nners principer.<\/strong><br>* Ingen l\u00e4mnas ensam, alla ska med<br>* Spr\u00e4tta g\u00e5r bra, v\u00e4nta in l\u00e4ngre fram<br>* Vi tar hand om och hj\u00e4lper varandra vid punkor eller annat.<br>* Vi cyklar s\u00e4kert och h\u00e5ller avst\u00e5nd, t\u00e4nk tre sekunders regeln.<br>* Allt handlar om att f\u00e5 en trevlig dag.<\/p>\n\n\n\n<p><strong>Hotell<\/strong><\/p>\n\n\n\n<p>TBD<\/p>\n\n\n\n<p><strong>Priser<\/strong>:<br>Sj\u00e4lvkostnad.<\/p>\n\n\n\n<div class=\"wp-block-jetpack-tiled-gallery aligncenter is-style-rectangular\"><div class=\"tiled-gallery__gallery\"><div class=\"tiled-gallery__row\"><div class=\"tiled-gallery__col\" style=\"flex-basis:66.78241%\"><figure class=\"tiled-gallery__item\"><img decoding=\"async\" alt=\"\" data-height=\"3000\" data-id=\"681\" data-link=\"https:\/\/inzain.bike\/20210606_112853-2\/\" data-url=\"https:\/\/inzain.bike\/wp-content\/uploads\/2021\/10\/20210606_112853.jpg?w=1024\" data-width=\"4000\" src=\"https:\/\/i2.wp.com\/inzain.bike\/wp-content\/uploads\/2021\/10\/20210606_112853.jpg?ssl=1\" data-amp-layout=\"responsive\"\/><\/figure><\/div><div class=\"tiled-gallery__col\" style=\"flex-basis:33.21759%\"><figure class=\"tiled-gallery__item\"><img decoding=\"async\" alt=\"\" data-height=\"3888\" data-id=\"683\" data-link=\"https:\/\/inzain.bike\/dcim101goprog0082592-jpg\/\" data-url=\"https:\/\/inzain.bike\/wp-content\/uploads\/2021\/10\/g0082592.jpg?w=1024\" data-width=\"5184\" src=\"https:\/\/i0.wp.com\/inzain.bike\/wp-content\/uploads\/2021\/10\/g0082592.jpg?ssl=1\" data-amp-layout=\"responsive\"\/><\/figure><figure class=\"tiled-gallery__item\"><img decoding=\"async\" alt=\"\" data-height=\"3888\" data-id=\"684\" data-link=\"https:\/\/inzain.bike\/dcim101goprog0102947-jpg-2\/\" data-url=\"https:\/\/inzain.bike\/wp-content\/uploads\/2021\/10\/g0102947.jpg?w=1024\" data-width=\"5184\" src=\"https:\/\/i1.wp.com\/inzain.bike\/wp-content\/uploads\/2021\/10\/g0102947.jpg?ssl=1\" data-amp-layout=\"responsive\"\/><\/figure><\/div><\/div><\/div><\/div>\n\n\n\n<p>Anm\u00e4lan<\/p>\n\n\n<div class=\"wpforms-container wpforms-container-full wpforms-block wpforms-render-modern\" id=\"wpforms-1025\"><form id=\"wpforms-form-1025\" class=\"wpforms-validate wpforms-form wpforms-ajax-form\" data-formid=\"1025\" method=\"post\" enctype=\"multipart\/form-data\" action=\"\/es\/wp-json\/wp\/v2\/pages\/678\" data-token=\"df4d0e0cba828cc748addae476cd8532\" data-token-time=\"1775590862\"><noscript class=\"wpforms-error-noscript\">Por favor, activa JavaScript en tu navegador para completar este formulario.<\/noscript><div id=\"wpforms-error-noscript\" style=\"display: none;\">Por favor, activa JavaScript en tu navegador para completar este formulario.<\/div><div class=\"wpforms-field-container\"><div id=\"wpforms-1025-field_0-container\" class=\"wpforms-field wpforms-field-name\" data-field-id=\"0\"><label class=\"wpforms-field-label\" for=\"wpforms-1025-field_0\">Name <span class=\"wpforms-required-label\" aria-hidden=\"true\">*<\/span><\/label><input type=\"text\" id=\"wpforms-1025-field_0\" class=\"wpforms-field-medium wpforms-field-required\" name=\"wpforms[fields][0]\" aria-errormessage=\"wpforms-1025-field_0-error\" required><\/div><div id=\"wpforms-1025-field_1-container\" class=\"wpforms-field wpforms-field-email\" data-field-id=\"1\"><label class=\"wpforms-field-label\" for=\"wpforms-1025-field_1\">Email <span class=\"wpforms-required-label\" aria-hidden=\"true\">*<\/span><\/label><input type=\"email\" id=\"wpforms-1025-field_1\" class=\"wpforms-field-medium wpforms-field-required\" name=\"wpforms[fields][1]\" spellcheck=\"false\" aria-errormessage=\"wpforms-1025-field_1-error\" required><\/div><div id=\"wpforms-1025-field_3-container\" class=\"wpforms-field wpforms-field-text\" data-field-id=\"3\"><label class=\"wpforms-field-label\" for=\"wpforms-1025-field_3\">Mobilnummer <span class=\"wpforms-required-label\" aria-hidden=\"true\">*<\/span><\/label><input type=\"text\" id=\"wpforms-1025-field_3\" class=\"wpforms-field-medium wpforms-field-required\" name=\"wpforms[fields][3]\" aria-errormessage=\"wpforms-1025-field_3-error\" required><\/div><div id=\"wpforms-1025-field_6-container\" class=\"wpforms-field wpforms-field-select wpforms-field-select-style-classic\" data-field-id=\"6\"><label class=\"wpforms-field-label\" for=\"wpforms-1025-field_6\">V\u00e4lj Event <span class=\"wpforms-required-label\" aria-hidden=\"true\">*<\/span><\/label><select id=\"wpforms-1025-field_6\" class=\"wpforms-field-medium wpforms-field-required\" name=\"wpforms[fields][6]\" required=\"required\"><option value=\"Dalsland Gravel Camp\"  class=\"choice-2 depth-1\"  >Dalsland Gravel Camp<\/option><option value=\"\u00d6sterg\u00f6tland Gravel Camp\"  class=\"choice-3 depth-1\"  >\u00d6sterg\u00f6tland Gravel Camp<\/option><option value=\"Finland Gravel Tour\"  class=\"choice-4 depth-1\"  >Finland Gravel Tour<\/option><option value=\"S\u00e4venfors Gravel Camp\"  class=\"choice-5 depth-1\"  >S\u00e4venfors Gravel Camp<\/option><option value=\"Solstice Ride 2023\"  class=\"choice-6 depth-1\"  >Solstice Ride 2023<\/option><option value=\"S\u00f6rmland Gravel Camp\"  class=\"choice-7 depth-1\"  >S\u00f6rmland Gravel Camp<\/option><option value=\"V\u00e4ttern Runt Gravel\"  class=\"choice-8 depth-1\"  >V\u00e4ttern Runt Gravel<\/option><option value=\"Bubo Bubo Gravel Camp\"  class=\"choice-9 depth-1\"  >Bubo Bubo Gravel Camp<\/option><option value=\"Rallarvegen Gravel Camp\"  class=\"choice-10 depth-1\"  >Rallarvegen Gravel Camp<\/option><option value=\"Lanzarote Gravel Week\"  class=\"choice-11 depth-1\"  >Lanzarote Gravel Week<\/option><\/select><div id=\"wpforms-1025-field_6-description\" class=\"wpforms-field-description\">V\u00e4lj vilket event du vill anm\u00e4la dig eller st\u00e4lla fr\u00e5gor om.<\/div><\/div><div id=\"wpforms-1025-field_5-container\" class=\"wpforms-field wpforms-field-text\" data-field-id=\"5\"><label class=\"wpforms-field-label\" for=\"wpforms-1025-field_5\">Ev allergier eller preferenser p\u00e5 mat<\/label><input type=\"text\" id=\"wpforms-1025-field_5\" class=\"wpforms-field-medium\" name=\"wpforms[fields][5]\" aria-errormessage=\"wpforms-1025-field_5-error\" aria-describedby=\"wpforms-1025-field_5-description\" ><div id=\"wpforms-1025-field_5-description\" class=\"wpforms-field-description\">Har du allergier? \u00c4ter du bara vegeratiskt?<\/div><\/div><div id=\"wpforms-1025-field_7-container\" class=\"wpforms-field wpforms-field-checkbox\" data-field-id=\"7\"><fieldset><legend class=\"wpforms-field-label\">Anm\u00e4lan eller fr\u00e5ga <span class=\"wpforms-required-label\" aria-hidden=\"true\">*<\/span><\/legend><ul id=\"wpforms-1025-field_7\" class=\"wpforms-field-required\"><li class=\"choice-1 depth-1 wpforms-selected\"><input type=\"checkbox\" id=\"wpforms-1025-field_7_1\" name=\"wpforms[fields][7][]\" value=\"Jag anm\u00e4ler mig\" aria-errormessage=\"wpforms-1025-field_7_1-error\" required  checked='checked'><label class=\"wpforms-field-label-inline\" for=\"wpforms-1025-field_7_1\">Jag anm\u00e4ler mig<\/label><\/li><li class=\"choice-2 depth-1\"><input type=\"checkbox\" id=\"wpforms-1025-field_7_2\" name=\"wpforms[fields][7][]\" value=\"Jag vill st\u00e4lla en fr\u00e5ga\" aria-errormessage=\"wpforms-1025-field_7_2-error\" required ><label class=\"wpforms-field-label-inline\" for=\"wpforms-1025-field_7_2\">Jag vill st\u00e4lla en fr\u00e5ga<\/label><\/li><\/ul><\/fieldset><\/div><div id=\"wpforms-1025-field_2-container\" class=\"wpforms-field wpforms-field-textarea\" data-field-id=\"2\"><label class=\"wpforms-field-label\" for=\"wpforms-1025-field_2\">Anm\u00e4lan eller din fr\u00e5ga<\/label><textarea id=\"wpforms-1025-field_2\" class=\"wpforms-field-medium\" name=\"wpforms[fields][2]\" aria-errormessage=\"wpforms-1025-field_2-error\" aria-describedby=\"wpforms-1025-field_2-description\" ><\/textarea><div id=\"wpforms-1025-field_2-description\" class=\"wpforms-field-description\">Skriv om du vill anm\u00e4la dig eller om du har fr\u00e5gor. Vi \u00e5terkommer inom kort.<\/div><\/div><\/div><!-- .wpforms-field-container --><div class=\"wpforms-submit-container\" ><input type=\"hidden\" name=\"wpforms[id]\" value=\"1025\"><input type=\"hidden\" name=\"page_title\" value=\"\"><input type=\"hidden\" name=\"page_url\" value=\"https:\/\/inzain.bike\/es\/wp-json\/wp\/v2\/pages\/678\"><input type=\"hidden\" name=\"url_referer\" value=\"\"><button type=\"submit\" name=\"wpforms[submit]\" id=\"wpforms-submit-1025\" class=\"wpforms-submit\" data-alt-text=\"Sending...\" data-submit-text=\"Submit\" aria-live=\"assertive\" value=\"wpforms-submit\">Submit<\/button><img loading=\"lazy\" decoding=\"async\" src=\"https:\/\/inzain.bike\/wp-content\/plugins\/wpforms\/assets\/images\/submit-spin.svg\" class=\"wpforms-submit-spinner\" style=\"display: none;\" width=\"26\" height=\"26\" alt=\"Cargando\"><\/div><\/form><\/div>  <!-- .wpforms-container -->","protected":false},"excerpt":{"rendered":"<p>V\u00e4lkommen till en fantastisk helg med Gravel i Sk\u00e5ne N\u00e4r: 4-6 Juni 2022.Var: Sk\u00e5neHur: Gravel p\u00e5 fantastiska v\u00e4garBo: Hotell Ystad och Malm\u00f6. Kommer man l\u00e5ngv\u00e4ga s\u00e5 troligen \u00e4ven i \u00c5hus Man bokar sitt eget boende. En tur p\u00e5 Sk\u00e5nes b\u00e4sta grusv\u00e4gar. Start och m\u00e5l i \u00c5hus p\u00e5 \u00f6stkusten. Vi b\u00f6rjar kustn\u00e4ra, \u00d6sterlens p\u00e4rlor, Skan\u00f6r Falsterbo, [&hellip;]<\/p>\n","protected":false},"author":135133094,"featured_media":0,"parent":0,"menu_order":0,"comment_status":"closed","ping_status":"closed","template":"","meta":{"_coblocks_attr":"","_coblocks_dimensions":"","_coblocks_responsive_height":"","_coblocks_accordion_ie_support":"","footnotes":""},"class_list":["post-678","page","type-page","status-publish","hentry"],"yoast_head":"<!-- This site is optimized with the Yoast SEO plugin v27.2 - https:\/\/yoast.com\/product\/yoast-seo-wordpress\/ -->\n<title>Inzain Sk\u00e5ne Gravel Adventure - INZAIN Cycling EXPERIENCES<\/title>\n<meta name=\"robots\" content=\"index, follow, max-snippet:-1, max-image-preview:large, max-video-preview:-1\" \/>\n<link rel=\"canonical\" href=\"https:\/\/inzain.bike\/es\/inzain-skane-gravel-adventure\/\" \/>\n<meta property=\"og:locale\" content=\"es_ES\" \/>\n<meta property=\"og:type\" content=\"article\" \/>\n<meta property=\"og:title\" content=\"Inzain Sk\u00e5ne Gravel Adventure - INZAIN Cycling EXPERIENCES\" \/>\n<meta property=\"og:description\" content=\"V\u00e4lkommen till en fantastisk helg med Gravel i Sk\u00e5ne N\u00e4r: 4-6 Juni 2022.Var: Sk\u00e5neHur: Gravel p\u00e5 fantastiska v\u00e4garBo: Hotell Ystad och Malm\u00f6. Kommer man l\u00e5ngv\u00e4ga s\u00e5 troligen \u00e4ven i \u00c5hus Man bokar sitt eget boende. En tur p\u00e5 Sk\u00e5nes b\u00e4sta grusv\u00e4gar. Start och m\u00e5l i \u00c5hus p\u00e5 \u00f6stkusten. Vi b\u00f6rjar kustn\u00e4ra, \u00d6sterlens p\u00e4rlor, Skan\u00f6r Falsterbo, [&hellip;]\" \/>\n<meta property=\"og:url\" content=\"https:\/\/inzain.bike\/es\/inzain-skane-gravel-adventure\/\" \/>\n<meta property=\"og:site_name\" content=\"INZAIN Cycling EXPERIENCES\" \/>\n<meta property=\"article:publisher\" content=\"https:\/\/www.facebook.com\/Inzain.bike\" \/>\n<meta property=\"article:modified_time\" content=\"2022-05-30T09:01:00+00:00\" \/>\n<meta property=\"og:image\" content=\"https:\/\/inzain.bike\/wp-content\/uploads\/2021\/10\/g0064445.jpg?w=1024\" \/>\n<meta name=\"twitter:card\" content=\"summary_large_image\" \/>\n<meta name=\"twitter:label1\" content=\"Tiempo de lectura\" \/>\n\t<meta name=\"twitter:data1\" content=\"3 minutos\" \/>\n<script type=\"application\/ld+json\" class=\"yoast-schema-graph\">{\"@context\":\"https:\/\/schema.org\",\"@graph\":[{\"@type\":\"WebPage\",\"@id\":\"https:\/\/inzain.bike\/fi\/inzain-skane-gravel-adventure\/\",\"url\":\"https:\/\/inzain.bike\/fi\/inzain-skane-gravel-adventure\/\",\"name\":\"Inzain Sk\u00e5ne Gravel Adventure - INZAIN Cycling EXPERIENCES\",\"isPartOf\":{\"@id\":\"https:\/\/inzain.bike\/fr_be\/#website\"},\"primaryImageOfPage\":{\"@id\":\"https:\/\/inzain.bike\/fi\/inzain-skane-gravel-adventure\/#primaryimage\"},\"image\":{\"@id\":\"https:\/\/inzain.bike\/fi\/inzain-skane-gravel-adventure\/#primaryimage\"},\"thumbnailUrl\":\"https:\/\/inzain.bike\/wp-content\/uploads\/2021\/10\/g0064445.jpg?w=1024\",\"datePublished\":\"2021-10-06T08:30:32+00:00\",\"dateModified\":\"2022-05-30T09:01:00+00:00\",\"breadcrumb\":{\"@id\":\"https:\/\/inzain.bike\/fi\/inzain-skane-gravel-adventure\/#breadcrumb\"},\"inLanguage\":\"es\",\"potentialAction\":[{\"@type\":\"ReadAction\",\"target\":[\"https:\/\/inzain.bike\/fi\/inzain-skane-gravel-adventure\/\"]}]},{\"@type\":\"ImageObject\",\"inLanguage\":\"es\",\"@id\":\"https:\/\/inzain.bike\/fi\/inzain-skane-gravel-adventure\/#primaryimage\",\"url\":\"https:\/\/inzain.bike\/wp-content\/uploads\/2021\/10\/g0064445.jpg?w=1024\",\"contentUrl\":\"https:\/\/inzain.bike\/wp-content\/uploads\/2021\/10\/g0064445.jpg?w=1024\"},{\"@type\":\"BreadcrumbList\",\"@id\":\"https:\/\/inzain.bike\/fi\/inzain-skane-gravel-adventure\/#breadcrumb\",\"itemListElement\":[{\"@type\":\"ListItem\",\"position\":1,\"name\":\"Hem\",\"item\":\"https:\/\/inzain.bike\/fr_be\/\"},{\"@type\":\"ListItem\",\"position\":2,\"name\":\"Inzain Sk\u00e5ne Gravel Adventure\"}]},{\"@type\":\"WebSite\",\"@id\":\"https:\/\/inzain.bike\/fr_be\/#website\",\"url\":\"https:\/\/inzain.bike\/fr_be\/\",\"name\":\"INZAIN Cycling EXPERIENCES\",\"description\":\"Cyckling Adventures  - for everyone\",\"publisher\":{\"@id\":\"https:\/\/inzain.bike\/fr_be\/#organization\"},\"alternateName\":\"INZAIN Gravel & Travel\",\"potentialAction\":[{\"@type\":\"SearchAction\",\"target\":{\"@type\":\"EntryPoint\",\"urlTemplate\":\"https:\/\/inzain.bike\/fr_be\/?s={search_term_string}\"},\"query-input\":{\"@type\":\"PropertyValueSpecification\",\"valueRequired\":true,\"valueName\":\"search_term_string\"}}],\"inLanguage\":\"es\"},{\"@type\":\"Organization\",\"@id\":\"https:\/\/inzain.bike\/fr_be\/#organization\",\"name\":\"INZAIN Cycling EXPERIENCES\",\"url\":\"https:\/\/inzain.bike\/fr_be\/\",\"logo\":{\"@type\":\"ImageObject\",\"inLanguage\":\"es\",\"@id\":\"https:\/\/inzain.bike\/fr_be\/#\/schema\/logo\/image\/\",\"url\":\"https:\/\/i0.wp.com\/inzain.bike\/wp-content\/uploads\/2023\/09\/cropped-INZAIN_512x512_white.png?fit=512%2C512&ssl=1\",\"contentUrl\":\"https:\/\/i0.wp.com\/inzain.bike\/wp-content\/uploads\/2023\/09\/cropped-INZAIN_512x512_white.png?fit=512%2C512&ssl=1\",\"width\":512,\"height\":512,\"caption\":\"INZAIN Cycling EXPERIENCES\"},\"image\":{\"@id\":\"https:\/\/inzain.bike\/fr_be\/#\/schema\/logo\/image\/\"},\"sameAs\":[\"https:\/\/www.facebook.com\/Inzain.bike\",\"https:\/\/www.instagram.com\/inzainbike\"]}]}<\/script>\n<!-- \/ Yoast SEO plugin. -->","yoast_head_json":{"title":"Aventura en grava en Sk\u00e5ne - EXPERIENCIAS CICLISMO EN INZAIN","robots":{"index":"index","follow":"follow","max-snippet":"max-snippet:-1","max-image-preview":"max-image-preview:large","max-video-preview":"max-video-preview:-1"},"canonical":"https:\/\/inzain.bike\/es\/inzain-skane-gravel-adventure\/","og_locale":"es_ES","og_type":"article","og_title":"Inzain Sk\u00e5ne Gravel Adventure - INZAIN Cycling EXPERIENCES","og_description":"V\u00e4lkommen till en fantastisk helg med Gravel i Sk\u00e5ne N\u00e4r: 4-6 Juni 2022.Var: Sk\u00e5neHur: Gravel p\u00e5 fantastiska v\u00e4garBo: Hotell Ystad och Malm\u00f6. Kommer man l\u00e5ngv\u00e4ga s\u00e5 troligen \u00e4ven i \u00c5hus Man bokar sitt eget boende. En tur p\u00e5 Sk\u00e5nes b\u00e4sta grusv\u00e4gar. Start och m\u00e5l i \u00c5hus p\u00e5 \u00f6stkusten. Vi b\u00f6rjar kustn\u00e4ra, \u00d6sterlens p\u00e4rlor, Skan\u00f6r Falsterbo, [&hellip;]","og_url":"https:\/\/inzain.bike\/es\/inzain-skane-gravel-adventure\/","og_site_name":"INZAIN Cycling EXPERIENCES","article_publisher":"https:\/\/www.facebook.com\/Inzain.bike","article_modified_time":"2022-05-30T09:01:00+00:00","og_image":[{"url":"https:\/\/inzain.bike\/wp-content\/uploads\/2021\/10\/g0064445.jpg?w=1024","type":"","width":"","height":""}],"twitter_card":"summary_large_image","twitter_misc":{"Tiempo de lectura":"3 minutos"},"schema":{"@context":"https:\/\/schema.org","@graph":[{"@type":"WebPage","@id":"https:\/\/inzain.bike\/fi\/inzain-skane-gravel-adventure\/","url":"https:\/\/inzain.bike\/fi\/inzain-skane-gravel-adventure\/","name":"Aventura en grava en Sk\u00e5ne - EXPERIENCIAS CICLISMO EN INZAIN","isPartOf":{"@id":"https:\/\/inzain.bike\/fr_be\/#website"},"primaryImageOfPage":{"@id":"https:\/\/inzain.bike\/fi\/inzain-skane-gravel-adventure\/#primaryimage"},"image":{"@id":"https:\/\/inzain.bike\/fi\/inzain-skane-gravel-adventure\/#primaryimage"},"thumbnailUrl":"https:\/\/inzain.bike\/wp-content\/uploads\/2021\/10\/g0064445.jpg?w=1024","datePublished":"2021-10-06T08:30:32+00:00","dateModified":"2022-05-30T09:01:00+00:00","breadcrumb":{"@id":"https:\/\/inzain.bike\/fi\/inzain-skane-gravel-adventure\/#breadcrumb"},"inLanguage":"es","potentialAction":[{"@type":"ReadAction","target":["https:\/\/inzain.bike\/fi\/inzain-skane-gravel-adventure\/"]}]},{"@type":"ImageObject","inLanguage":"es","@id":"https:\/\/inzain.bike\/fi\/inzain-skane-gravel-adventure\/#primaryimage","url":"https:\/\/inzain.bike\/wp-content\/uploads\/2021\/10\/g0064445.jpg?w=1024","contentUrl":"https:\/\/inzain.bike\/wp-content\/uploads\/2021\/10\/g0064445.jpg?w=1024"},{"@type":"BreadcrumbList","@id":"https:\/\/inzain.bike\/fi\/inzain-skane-gravel-adventure\/#breadcrumb","itemListElement":[{"@type":"ListItem","position":1,"name":"Hem","item":"https:\/\/inzain.bike\/fr_be\/"},{"@type":"ListItem","position":2,"name":"Inzain Sk\u00e5ne Gravel Adventure"}]},{"@type":"WebSite","@id":"https:\/\/inzain.bike\/fr_be\/#website","url":"https:\/\/inzain.bike\/fr_be\/","name":"EXPERIENCIAS Ciclismo INZAIN","description":"Aventuras en bicicleta: para todos","publisher":{"@id":"https:\/\/inzain.bike\/fr_be\/#organization"},"alternateName":"INZAIN Gravel & Travel","potentialAction":[{"@type":"SearchAction","target":{"@type":"EntryPoint","urlTemplate":"https:\/\/inzain.bike\/fr_be\/?s={search_term_string}"},"query-input":{"@type":"PropertyValueSpecification","valueRequired":true,"valueName":"search_term_string"}}],"inLanguage":"es"},{"@type":"Organization","@id":"https:\/\/inzain.bike\/fr_be\/#organization","name":"EXPERIENCIAS Ciclismo INZAIN","url":"https:\/\/inzain.bike\/fr_be\/","logo":{"@type":"ImageObject","inLanguage":"es","@id":"https:\/\/inzain.bike\/fr_be\/#\/schema\/logo\/image\/","url":"https:\/\/i0.wp.com\/inzain.bike\/wp-content\/uploads\/2023\/09\/cropped-INZAIN_512x512_white.png?fit=512%2C512&ssl=1","contentUrl":"https:\/\/i0.wp.com\/inzain.bike\/wp-content\/uploads\/2023\/09\/cropped-INZAIN_512x512_white.png?fit=512%2C512&ssl=1","width":512,"height":512,"caption":"INZAIN Cycling EXPERIENCES"},"image":{"@id":"https:\/\/inzain.bike\/fr_be\/#\/schema\/logo\/image\/"},"sameAs":["https:\/\/www.facebook.com\/Inzain.bike","https:\/\/www.instagram.com\/inzainbike"]}]}},"amp_enabled":true,"_links":{"self":[{"href":"https:\/\/inzain.bike\/es\/wp-json\/wp\/v2\/pages\/678","targetHints":{"allow":["GET"]}}],"collection":[{"href":"https:\/\/inzain.bike\/es\/wp-json\/wp\/v2\/pages"}],"about":[{"href":"https:\/\/inzain.bike\/es\/wp-json\/wp\/v2\/types\/page"}],"author":[{"embeddable":true,"href":"https:\/\/inzain.bike\/es\/wp-json\/wp\/v2\/users\/135133094"}],"replies":[{"embeddable":true,"href":"https:\/\/inzain.bike\/es\/wp-json\/wp\/v2\/comments?post=678"}],"version-history":[{"count":0,"href":"https:\/\/inzain.bike\/es\/wp-json\/wp\/v2\/pages\/678\/revisions"}],"wp:attachment":[{"href":"https:\/\/inzain.bike\/es\/wp-json\/wp\/v2\/media?parent=678"}],"curies":[{"name":"gracias","href":"https:\/\/api.w.org\/{rel}","templated":true}]}}