{"id":7996,"date":"2025-03-31T10:33:24","date_gmt":"2025-03-31T08:33:24","guid":{"rendered":"https:\/\/inzain.bike\/?page_id=7996"},"modified":"2025-09-12T08:40:27","modified_gmt":"2025-09-12T06:40:27","slug":"tosca","status":"publish","type":"page","link":"https:\/\/inzain.bike\/es\/tosca\/","title":{"rendered":"Iremos a la \u00f3pera el 1 de octubre de 2025."},"content":{"rendered":"<p class=\"has-text-align-center has-vivid-red-color has-text-color has-link-color has-custom-weight wp-elements-ed4c48e87ce205128c0054ff20d06de5\" style=\"font-weight:bold;font-size:65px\"><strong>TOSCA <\/strong> <\/p>\n\n\n\n<p class=\"has-contrast-color has-text-color has-link-color has-custom-weight has-custom-letterspacing wp-elements-fefb69acae13ec32ed2f877cad462543\" style=\"letter-spacing:1.2px;font-weight:bold;font-size:51px\"><em>Un d\u00eda, tres maneras de morir.<\/em><\/p>\n\n\n\n<figure class=\"wp-block-image size-full\"><img loading=\"lazy\" decoding=\"async\" width=\"750\" height=\"1000\" src=\"https:\/\/inzain.bike\/wp-content\/uploads\/2025\/03\/tosca2.webp\" alt=\"\" class=\"wp-image-7999\" srcset=\"https:\/\/inzain.bike\/wp-content\/uploads\/2025\/03\/tosca2.webp 750w, https:\/\/inzain.bike\/wp-content\/uploads\/2025\/03\/tosca2-225x300.webp 225w, https:\/\/inzain.bike\/wp-content\/uploads\/2025\/03\/tosca2-9x12.webp 9w, https:\/\/inzain.bike\/wp-content\/uploads\/2025\/03\/tosca2-600x800.webp 600w\" sizes=\"auto, (max-width: 750px) 100vw, 750px\" \/><\/figure>\n\n\n\n<p>Vamos a la \u00f3pera otra vez. Una larga tradici\u00f3n contin\u00faa. Esta vez se trata de una fant\u00e1stica producci\u00f3n de la cl\u00e1sica \u00f3pera Tosca.<br><br><em>Una \u00f3pera de estilo thriller que se desarrolla en una \u00e9poca de agitaci\u00f3n pol\u00edtica y guerra. En el centro est\u00e1n la cantante de \u00f3pera Floria Tosca, su amante, el artista y luchador por la libertad Mario Cavaradossi, y el cruel y todopoderoso jefe de polic\u00eda Scarpia. Un drama de tri\u00e1ngulo amoroso creado bajo la direcci\u00f3n minimalista y profundamente personal de Stub\u00f8.<\/em><\/p>\n\n\n\n<p><em>En el escenario \u00edntimo de Folkoperan, Tosca se convierte en un apasionante estudio en primer plano de la pasi\u00f3n, el abuso de poder, la rebeli\u00f3n y el terror. Un drama mortal con la cantante de \u00f3pera Tosca y la m\u00fasica incomparablemente bella de Puccini en el centro.<\/em><\/p>\n\n\n\n<p><em>El director musical de Folkoperan, Henrik Schaefer, da vida al drama triangular junto con una banda de metales. Aqu\u00ed se busca lo \u00edntimo en lugar de lo pomposo en la m\u00fasica de Puccini. Da paso a nuevos matices musicales que enriquecen la historia y el drama.&nbsp;<\/em><\/p>\n\n\n\n<p><em>Eirik Stub\u00f8 hizo su debut sueco como director de \u00f3pera con Norma de Bellini en el Folkoperan en 2022, que fue elogiada tanto por el p\u00fablico como por la cr\u00edtica. Ahora regresa con el mismo equipo; la escen\u00f3grafa y dise\u00f1adora de vestuario Magdalena \u00c5berg, la dise\u00f1adora de iluminaci\u00f3n Ellen Ruge, la maquilladora Ther\u00e9sia Frisk y la traductora Tuvalisa Rangstr\u00f6m.&nbsp;<\/em><\/p>\n\n\n\n<p><em>La Tosca de Puccini se estren\u00f3 en Roma en 1900 y est\u00e1 considerada una de las obras maestras de la literatura oper\u00edstica. Con canciones como \u00c9 lucivan e stelle (El canto de la vida), Vissi d&#039;arte (La oraci\u00f3n de Tosca) y Tre sbirri\u2026 una carozza de Scarpia (que termina con la parte coral Te Deum), no deja a nadie indiferente.<br>El italiano Giacomo Puccini es uno de los compositores m\u00e1s importantes del mundo, con \u00f3peras como La Boh\u00e9me, Turandot y Madama Butterfly en su curr\u00edculum. Viv\u00eda como la superestrella que era, con amor\u00edos ad\u00falteros, predilecci\u00f3n por la ropa exclusiva, villas, yates y coches. Pero su vida tambi\u00e9n estuvo marcada por la depresi\u00f3n, la enfermedad y la tragedia. Puccini muri\u00f3 despu\u00e9s de una operaci\u00f3n fallida en 1924.<\/em><br><\/p>\n\n\n\n<p>Reg\u00edstrate t\u00fa mismo y un posible amigo utilizando el formulario a continuaci\u00f3n.<br>Compramos los billetes y como siempre nos sentamos en la fila 2.<br>Para los que quieran, tomaremos algo en el Restaurante Tapas Madrid, justo al lado del Folklore. Si quieres formar parte tambi\u00e9n, selecci\u00f3nalo en el formulario.<\/p>\n\n\n\n<p>El pago se efectuar\u00e1 en oto\u00f1o. Las entradas cuestan 415 coronas suecas por persona.<\/p>\n\n\n\n<p>Inscripci\u00f3n cerrada<\/p>","protected":false},"excerpt":{"rendered":"<p>TOSCA En dag, tre s\u00e4tt att d\u00f6. Vi g\u00e5r p\u00e5 Opera igen. En l\u00e5ng tradition forts\u00e4tter. Denna g\u00e5ng \u00e4r det en fantastisk upps\u00e4ttning av den klassiska operan Tosca. En thrillerartad opera som utspelar sig i en tid av politisk oro och krig. I centrum st\u00e5r operas\u00e5ngerskan Floria Tosca, hennes \u00e4lskade, konstn\u00e4ren och frihetsk\u00e4mpen Mario Cavaradossi [&hellip;]<\/p>\n","protected":false},"author":203917875,"featured_media":0,"parent":0,"menu_order":0,"comment_status":"closed","ping_status":"closed","template":"","meta":{"_coblocks_attr":"","_coblocks_dimensions":"","_coblocks_responsive_height":"","_coblocks_accordion_ie_support":"","footnotes":""},"class_list":["post-7996","page","type-page","status-publish","hentry"],"yoast_head":"<!-- This site is optimized with the Yoast SEO plugin v27.2 - https:\/\/yoast.com\/product\/yoast-seo-wordpress\/ -->\n<title>Vi g\u00e5r p\u00e5 Opera 1 Oktober 2025 - INZAIN Cycling EXPERIENCES<\/title>\n<meta name=\"robots\" content=\"index, follow, max-snippet:-1, max-image-preview:large, max-video-preview:-1\" \/>\n<link rel=\"canonical\" href=\"https:\/\/inzain.bike\/es\/tosca\/\" \/>\n<meta property=\"og:locale\" content=\"es_ES\" \/>\n<meta property=\"og:type\" content=\"article\" \/>\n<meta property=\"og:title\" content=\"Vi g\u00e5r p\u00e5 Opera 1 Oktober 2025 - INZAIN Cycling EXPERIENCES\" \/>\n<meta property=\"og:description\" content=\"TOSCA En dag, tre s\u00e4tt att d\u00f6. Vi g\u00e5r p\u00e5 Opera igen. En l\u00e5ng tradition forts\u00e4tter. Denna g\u00e5ng \u00e4r det en fantastisk upps\u00e4ttning av den klassiska operan Tosca. En thrillerartad opera som utspelar sig i en tid av politisk oro och krig. I centrum st\u00e5r operas\u00e5ngerskan Floria Tosca, hennes \u00e4lskade, konstn\u00e4ren och frihetsk\u00e4mpen Mario Cavaradossi [&hellip;]\" \/>\n<meta property=\"og:url\" content=\"https:\/\/inzain.bike\/es\/tosca\/\" \/>\n<meta property=\"og:site_name\" content=\"INZAIN Cycling EXPERIENCES\" \/>\n<meta property=\"article:publisher\" content=\"https:\/\/www.facebook.com\/Inzain.bike\" \/>\n<meta property=\"article:modified_time\" content=\"2025-09-12T06:40:27+00:00\" \/>\n<meta property=\"og:image\" content=\"https:\/\/inzain.bike\/wp-content\/uploads\/2025\/03\/tosca2.webp\" \/>\n\t<meta property=\"og:image:width\" content=\"750\" \/>\n\t<meta property=\"og:image:height\" content=\"1000\" \/>\n\t<meta property=\"og:image:type\" content=\"image\/webp\" \/>\n<meta name=\"twitter:card\" content=\"summary_large_image\" \/>\n<meta name=\"twitter:label1\" content=\"Tiempo de lectura\" \/>\n\t<meta name=\"twitter:data1\" content=\"2 minutos\" \/>\n<script type=\"application\/ld+json\" class=\"yoast-schema-graph\">{\"@context\":\"https:\/\/schema.org\",\"@graph\":[{\"@type\":\"WebPage\",\"@id\":\"https:\/\/inzain.bike\/tosca\/\",\"url\":\"https:\/\/inzain.bike\/tosca\/\",\"name\":\"Vi g\u00e5r p\u00e5 Opera 1 Oktober 2025 - INZAIN Cycling EXPERIENCES\",\"isPartOf\":{\"@id\":\"https:\/\/inzain.bike\/fr_be\/#website\"},\"primaryImageOfPage\":{\"@id\":\"https:\/\/inzain.bike\/tosca\/#primaryimage\"},\"image\":{\"@id\":\"https:\/\/inzain.bike\/tosca\/#primaryimage\"},\"thumbnailUrl\":\"https:\/\/inzain.bike\/wp-content\/uploads\/2025\/03\/tosca2.webp\",\"datePublished\":\"2025-03-31T08:33:24+00:00\",\"dateModified\":\"2025-09-12T06:40:27+00:00\",\"breadcrumb\":{\"@id\":\"https:\/\/inzain.bike\/tosca\/#breadcrumb\"},\"inLanguage\":\"es\",\"potentialAction\":[{\"@type\":\"ReadAction\",\"target\":[\"https:\/\/inzain.bike\/tosca\/\"]}]},{\"@type\":\"ImageObject\",\"inLanguage\":\"es\",\"@id\":\"https:\/\/inzain.bike\/tosca\/#primaryimage\",\"url\":\"https:\/\/inzain.bike\/wp-content\/uploads\/2025\/03\/tosca2.webp\",\"contentUrl\":\"https:\/\/inzain.bike\/wp-content\/uploads\/2025\/03\/tosca2.webp\"},{\"@type\":\"BreadcrumbList\",\"@id\":\"https:\/\/inzain.bike\/tosca\/#breadcrumb\",\"itemListElement\":[{\"@type\":\"ListItem\",\"position\":1,\"name\":\"Hem\",\"item\":\"https:\/\/inzain.bike\/fr_be\/\"},{\"@type\":\"ListItem\",\"position\":2,\"name\":\"Vi g\u00e5r p\u00e5 Opera 1 Oktober 2025\"}]},{\"@type\":\"WebSite\",\"@id\":\"https:\/\/inzain.bike\/fr_be\/#website\",\"url\":\"https:\/\/inzain.bike\/fr_be\/\",\"name\":\"INZAIN Cycling EXPERIENCES\",\"description\":\"Cyckling Adventures  - for everyone\",\"publisher\":{\"@id\":\"https:\/\/inzain.bike\/fr_be\/#organization\"},\"alternateName\":\"INZAIN Gravel & Travel\",\"potentialAction\":[{\"@type\":\"SearchAction\",\"target\":{\"@type\":\"EntryPoint\",\"urlTemplate\":\"https:\/\/inzain.bike\/fr_be\/?s={search_term_string}\"},\"query-input\":{\"@type\":\"PropertyValueSpecification\",\"valueRequired\":true,\"valueName\":\"search_term_string\"}}],\"inLanguage\":\"es\"},{\"@type\":\"Organization\",\"@id\":\"https:\/\/inzain.bike\/fr_be\/#organization\",\"name\":\"INZAIN Cycling EXPERIENCES\",\"url\":\"https:\/\/inzain.bike\/fr_be\/\",\"logo\":{\"@type\":\"ImageObject\",\"inLanguage\":\"es\",\"@id\":\"https:\/\/inzain.bike\/fr_be\/#\/schema\/logo\/image\/\",\"url\":\"https:\/\/i0.wp.com\/inzain.bike\/wp-content\/uploads\/2023\/09\/cropped-INZAIN_512x512_white.png?fit=512%2C512&ssl=1\",\"contentUrl\":\"https:\/\/i0.wp.com\/inzain.bike\/wp-content\/uploads\/2023\/09\/cropped-INZAIN_512x512_white.png?fit=512%2C512&ssl=1\",\"width\":512,\"height\":512,\"caption\":\"INZAIN Cycling EXPERIENCES\"},\"image\":{\"@id\":\"https:\/\/inzain.bike\/fr_be\/#\/schema\/logo\/image\/\"},\"sameAs\":[\"https:\/\/www.facebook.com\/Inzain.bike\",\"https:\/\/www.instagram.com\/inzainbike\"]}]}<\/script>\n<!-- \/ Yoast SEO plugin. -->","yoast_head_json":{"title":"Vi g\u00e5r p\u00e5 Opera 1 Oktober 2025 - INZAIN Cycling EXPERIENCES","robots":{"index":"index","follow":"follow","max-snippet":"max-snippet:-1","max-image-preview":"max-image-preview:large","max-video-preview":"max-video-preview:-1"},"canonical":"https:\/\/inzain.bike\/es\/tosca\/","og_locale":"es_ES","og_type":"article","og_title":"Vi g\u00e5r p\u00e5 Opera 1 Oktober 2025 - INZAIN Cycling EXPERIENCES","og_description":"TOSCA En dag, tre s\u00e4tt att d\u00f6. Vi g\u00e5r p\u00e5 Opera igen. En l\u00e5ng tradition forts\u00e4tter. Denna g\u00e5ng \u00e4r det en fantastisk upps\u00e4ttning av den klassiska operan Tosca. En thrillerartad opera som utspelar sig i en tid av politisk oro och krig. I centrum st\u00e5r operas\u00e5ngerskan Floria Tosca, hennes \u00e4lskade, konstn\u00e4ren och frihetsk\u00e4mpen Mario Cavaradossi [&hellip;]","og_url":"https:\/\/inzain.bike\/es\/tosca\/","og_site_name":"INZAIN Cycling EXPERIENCES","article_publisher":"https:\/\/www.facebook.com\/Inzain.bike","article_modified_time":"2025-09-12T06:40:27+00:00","og_image":[{"width":750,"height":1000,"url":"https:\/\/inzain.bike\/wp-content\/uploads\/2025\/03\/tosca2.webp","type":"image\/webp"}],"twitter_card":"summary_large_image","twitter_misc":{"Tiempo de lectura":"2 minutos"},"schema":{"@context":"https:\/\/schema.org","@graph":[{"@type":"WebPage","@id":"https:\/\/inzain.bike\/tosca\/","url":"https:\/\/inzain.bike\/tosca\/","name":"Vi g\u00e5r p\u00e5 Opera 1 Oktober 2025 - INZAIN Cycling EXPERIENCES","isPartOf":{"@id":"https:\/\/inzain.bike\/fr_be\/#website"},"primaryImageOfPage":{"@id":"https:\/\/inzain.bike\/tosca\/#primaryimage"},"image":{"@id":"https:\/\/inzain.bike\/tosca\/#primaryimage"},"thumbnailUrl":"https:\/\/inzain.bike\/wp-content\/uploads\/2025\/03\/tosca2.webp","datePublished":"2025-03-31T08:33:24+00:00","dateModified":"2025-09-12T06:40:27+00:00","breadcrumb":{"@id":"https:\/\/inzain.bike\/tosca\/#breadcrumb"},"inLanguage":"es","potentialAction":[{"@type":"ReadAction","target":["https:\/\/inzain.bike\/tosca\/"]}]},{"@type":"ImageObject","inLanguage":"es","@id":"https:\/\/inzain.bike\/tosca\/#primaryimage","url":"https:\/\/inzain.bike\/wp-content\/uploads\/2025\/03\/tosca2.webp","contentUrl":"https:\/\/inzain.bike\/wp-content\/uploads\/2025\/03\/tosca2.webp"},{"@type":"BreadcrumbList","@id":"https:\/\/inzain.bike\/tosca\/#breadcrumb","itemListElement":[{"@type":"ListItem","position":1,"name":"Hem","item":"https:\/\/inzain.bike\/fr_be\/"},{"@type":"ListItem","position":2,"name":"Vi g\u00e5r p\u00e5 Opera 1 Oktober 2025"}]},{"@type":"WebSite","@id":"https:\/\/inzain.bike\/fr_be\/#website","url":"https:\/\/inzain.bike\/fr_be\/","name":"EXPERIENCIAS Ciclismo INZAIN","description":"Aventuras en bicicleta: para todos","publisher":{"@id":"https:\/\/inzain.bike\/fr_be\/#organization"},"alternateName":"INZAIN Gravel & Travel","potentialAction":[{"@type":"SearchAction","target":{"@type":"EntryPoint","urlTemplate":"https:\/\/inzain.bike\/fr_be\/?s={search_term_string}"},"query-input":{"@type":"PropertyValueSpecification","valueRequired":true,"valueName":"search_term_string"}}],"inLanguage":"es"},{"@type":"Organization","@id":"https:\/\/inzain.bike\/fr_be\/#organization","name":"EXPERIENCIAS Ciclismo INZAIN","url":"https:\/\/inzain.bike\/fr_be\/","logo":{"@type":"ImageObject","inLanguage":"es","@id":"https:\/\/inzain.bike\/fr_be\/#\/schema\/logo\/image\/","url":"https:\/\/i0.wp.com\/inzain.bike\/wp-content\/uploads\/2023\/09\/cropped-INZAIN_512x512_white.png?fit=512%2C512&ssl=1","contentUrl":"https:\/\/i0.wp.com\/inzain.bike\/wp-content\/uploads\/2023\/09\/cropped-INZAIN_512x512_white.png?fit=512%2C512&ssl=1","width":512,"height":512,"caption":"INZAIN Cycling EXPERIENCES"},"image":{"@id":"https:\/\/inzain.bike\/fr_be\/#\/schema\/logo\/image\/"},"sameAs":["https:\/\/www.facebook.com\/Inzain.bike","https:\/\/www.instagram.com\/inzainbike"]}]}},"amp_enabled":true,"_links":{"self":[{"href":"https:\/\/inzain.bike\/es\/wp-json\/wp\/v2\/pages\/7996","targetHints":{"allow":["GET"]}}],"collection":[{"href":"https:\/\/inzain.bike\/es\/wp-json\/wp\/v2\/pages"}],"about":[{"href":"https:\/\/inzain.bike\/es\/wp-json\/wp\/v2\/types\/page"}],"author":[{"embeddable":true,"href":"https:\/\/inzain.bike\/es\/wp-json\/wp\/v2\/users\/203917875"}],"replies":[{"embeddable":true,"href":"https:\/\/inzain.bike\/es\/wp-json\/wp\/v2\/comments?post=7996"}],"version-history":[{"count":5,"href":"https:\/\/inzain.bike\/es\/wp-json\/wp\/v2\/pages\/7996\/revisions"}],"predecessor-version":[{"id":8716,"href":"https:\/\/inzain.bike\/es\/wp-json\/wp\/v2\/pages\/7996\/revisions\/8716"}],"wp:attachment":[{"href":"https:\/\/inzain.bike\/es\/wp-json\/wp\/v2\/media?parent=7996"}],"curies":[{"name":"gracias","href":"https:\/\/api.w.org\/{rel}","templated":true}]}}