{"id":8144,"date":"2025-06-02T20:32:31","date_gmt":"2025-06-02T18:32:31","guid":{"rendered":"https:\/\/inzain.bike\/?page_id=8144"},"modified":"2025-06-25T08:28:46","modified_gmt":"2025-06-25T06:28:46","slug":"apr25","status":"publish","type":"page","link":"https:\/\/inzain.bike\/es\/apr25\/","title":{"rendered":"Incursi\u00f3n al Archipi\u00e9lago 2025"},"content":{"rendered":"<figure class=\"wp-block-image size-full\"><img loading=\"lazy\" decoding=\"async\" width=\"800\" height=\"800\" src=\"https:\/\/inzain.bike\/wp-content\/uploads\/2022\/08\/fully.jpg\" alt=\"\" class=\"wp-image-1869\" srcset=\"https:\/\/inzain.bike\/wp-content\/uploads\/2022\/08\/fully.jpg 800w, https:\/\/inzain.bike\/wp-content\/uploads\/2022\/08\/fully-300x300.jpg 300w, https:\/\/inzain.bike\/wp-content\/uploads\/2022\/08\/fully-150x150.jpg 150w, https:\/\/inzain.bike\/wp-content\/uploads\/2022\/08\/fully-768x768.jpg 768w, https:\/\/inzain.bike\/wp-content\/uploads\/2022\/08\/fully-12x12.jpg 12w, https:\/\/inzain.bike\/wp-content\/uploads\/2022\/08\/fully-600x600.jpg 600w, https:\/\/inzain.bike\/wp-content\/uploads\/2022\/08\/fully-100x100.jpg 100w\" sizes=\"auto, (max-width: 800px) 100vw, 800px\" \/><\/figure>\n\n\n\n<figure class=\"wp-block-image alignwide size-large\"><img loading=\"lazy\" decoding=\"async\" width=\"1024\" height=\"768\" src=\"https:\/\/inzain.bike\/wp-content\/uploads\/2025\/06\/20250516_160618-1024x768.jpg\" alt=\"\" class=\"wp-image-8146\" srcset=\"https:\/\/inzain.bike\/wp-content\/uploads\/2025\/06\/20250516_160618-1024x768.jpg 1024w, https:\/\/inzain.bike\/wp-content\/uploads\/2025\/06\/20250516_160618-300x225.jpg 300w, https:\/\/inzain.bike\/wp-content\/uploads\/2025\/06\/20250516_160618-768x576.jpg 768w, https:\/\/inzain.bike\/wp-content\/uploads\/2025\/06\/20250516_160618-1536x1152.jpg 1536w, https:\/\/inzain.bike\/wp-content\/uploads\/2025\/06\/20250516_160618-2048x1536.jpg 2048w, https:\/\/inzain.bike\/wp-content\/uploads\/2025\/06\/20250516_160618-16x12.jpg 16w, https:\/\/inzain.bike\/wp-content\/uploads\/2025\/06\/20250516_160618-1320x990.jpg 1320w, https:\/\/inzain.bike\/wp-content\/uploads\/2025\/06\/20250516_160618-600x450.jpg 600w\" sizes=\"auto, (max-width: 1024px) 100vw, 1024px\" \/><\/figure>\n\n\n\n<p>Bienvenido a un fant\u00e1stico recorrido por el archipi\u00e9lago de Estocolmo.<\/p>\n\n\n\n<p><strong>Cuando<\/strong>:29 de junio de 2025<br><strong>D\u00f3nde<\/strong>: V\u00e4rmd\u00f6\/Djur\u00f6\/Vind\u00f6<br><strong>C\u00f3mo<\/strong>: Salida y llegada en Grisslinge<br><strong>Otorgar<\/strong>: Gratis<br><strong>Informaci\u00f3n<\/strong>Una panader\u00eda entrega caf\u00e9 a domicilio en la playa. Pide y paga al registrarte.<\/p>\n\n\n\n<p>Este es un viaje realmente emocionante al archipi\u00e9lago. Empezamos en Grisslinge (hay una buena cafeter\u00eda para tomar un caf\u00e9 antes y despu\u00e9s de la ruta). Pasamos por lugares realmente hermosos e interesantes como la bah\u00eda de Brevik, la zona de ba\u00f1o de V\u00e5mfj\u00e4rden, los cr\u00e1teres tras el bombardeo ruso de Stavsn\u00e4s y la vista absolutamente m\u00e1gica de Havs\u00e4ngen.<br>Tuvimos nuestra primera pausa para el caf\u00e9 en la preciosa playa de Helgarsvik. La panader\u00eda casera sirve caf\u00e9, pasteles y bebidas. (Se reserva y paga al registrarse).<\/p>\n\n\n\n<p>Recorrimos en bicicleta muchas islas y cerca del mar. Un paseo realmente agradable. Almorzamos junto al mar en Djur\u00f6n\u00e4sets Sj\u00f6bod.<\/p>\n\n\n\n<p>Ciclismo f\u00e1cil con algunos tramos en los que tendr\u00e1s que conducir la bicicleta una corta distancia.<\/p>\n\n\n\n<figure class=\"wp-block-image alignwide size-large\"><img loading=\"lazy\" decoding=\"async\" width=\"1024\" height=\"768\" src=\"https:\/\/inzain.bike\/wp-content\/uploads\/2025\/06\/20250516_155125-1024x768.jpg\" alt=\"\" class=\"wp-image-8147\" srcset=\"https:\/\/inzain.bike\/wp-content\/uploads\/2025\/06\/20250516_155125-1024x768.jpg 1024w, https:\/\/inzain.bike\/wp-content\/uploads\/2025\/06\/20250516_155125-300x225.jpg 300w, https:\/\/inzain.bike\/wp-content\/uploads\/2025\/06\/20250516_155125-768x576.jpg 768w, https:\/\/inzain.bike\/wp-content\/uploads\/2025\/06\/20250516_155125-1536x1152.jpg 1536w, https:\/\/inzain.bike\/wp-content\/uploads\/2025\/06\/20250516_155125-2048x1536.jpg 2048w, https:\/\/inzain.bike\/wp-content\/uploads\/2025\/06\/20250516_155125-16x12.jpg 16w, https:\/\/inzain.bike\/wp-content\/uploads\/2025\/06\/20250516_155125-1320x990.jpg 1320w, https:\/\/inzain.bike\/wp-content\/uploads\/2025\/06\/20250516_155125-600x450.jpg 600w\" sizes=\"auto, (max-width: 1024px) 100vw, 1024px\" \/><\/figure>\n\n\n\n<p><br><\/p>\n\n\n\n<p><strong>\u00bfQu\u00e9 puedes esperar?<\/strong><br>Pedaleamos para divertirnos, no hay intervalos y no se trata de andar m\u00e1s r\u00e1pido sino de tener la mejor experiencia. Si quieres derrochar, claro que est\u00e1 bien, esperas m\u00e1s adelante. Tambi\u00e9n podemos dividir el grupo, si resulta mejor. Nuestros gu\u00edas tienen mucha experiencia en la organizaci\u00f3n y realizaci\u00f3n de estos tours.<br><\/p>\n\n\n\n<figure class=\"wp-block-image alignwide size-large\"><img loading=\"lazy\" decoding=\"async\" width=\"768\" height=\"1024\" src=\"https:\/\/inzain.bike\/wp-content\/uploads\/2025\/06\/20250515_132442-768x1024.jpg\" alt=\"\" class=\"wp-image-8148\" srcset=\"https:\/\/inzain.bike\/wp-content\/uploads\/2025\/06\/20250515_132442-768x1024.jpg 768w, https:\/\/inzain.bike\/wp-content\/uploads\/2025\/06\/20250515_132442-225x300.jpg 225w, https:\/\/inzain.bike\/wp-content\/uploads\/2025\/06\/20250515_132442-1152x1536.jpg 1152w, https:\/\/inzain.bike\/wp-content\/uploads\/2025\/06\/20250515_132442-1536x2048.jpg 1536w, https:\/\/inzain.bike\/wp-content\/uploads\/2025\/06\/20250515_132442-9x12.jpg 9w, https:\/\/inzain.bike\/wp-content\/uploads\/2025\/06\/20250515_132442-1320x1760.jpg 1320w, https:\/\/inzain.bike\/wp-content\/uploads\/2025\/06\/20250515_132442-600x800.jpg 600w, https:\/\/inzain.bike\/wp-content\/uploads\/2025\/06\/20250515_132442-scaled.jpg 1920w\" sizes=\"auto, (max-width: 768px) 100vw, 768px\" \/><\/figure>\n\n\n\n<p><br><strong>Pedaleamos seg\u00fan los principios de Grusets V\u00e4nner.<\/strong><br>*Nadie se queda solo, todos deben sumarse<br>*El rebote va bien, espera hasta m\u00e1s tarde<br>*Nos cuidamos y ayudamos en caso de punks u otras cosas.<br>* Pedaleamos con seguridad y mantenemos la distancia, recuerda la regla de los tres segundos.<br>*Se trata de pasar un lindo d\u00eda.<\/p>\n\n\n\n<p>Inscripci\u00f3n cerrada<\/p>","protected":false},"excerpt":{"rendered":"<p>V\u00e4lkommen till en fantastisk tur i Stockholms Sk\u00e4rg\u00e5rd N\u00e4r: 29 Juni 2025Var: V\u00e4rmd\u00f6\/Djur\u00f6\/Vind\u00f6Hur: Start och m\u00e5l i GrisslingePris: GratisInfo: Ett bageri k\u00f6r ut fika till en strand. Man best\u00e4ller &amp; betalar vid anm\u00e4lan Det h\u00e4r \u00e4r en riktigt sp\u00e4nnande tur ut i sk\u00e4rg\u00e5rden. Start vid Grisslinge, (d\u00e4r finns ett bra fik f\u00f6r pre\/post ride fika). [&hellip;]<\/p>\n","protected":false},"author":203917875,"featured_media":0,"parent":0,"menu_order":0,"comment_status":"closed","ping_status":"closed","template":"","meta":{"_coblocks_attr":"","_coblocks_dimensions":"","_coblocks_responsive_height":"","_coblocks_accordion_ie_support":"","footnotes":""},"class_list":["post-8144","page","type-page","status-publish","hentry"],"yoast_head":"<!-- This site is optimized with the Yoast SEO plugin v27.2 - https:\/\/yoast.com\/product\/yoast-seo-wordpress\/ -->\n<title>Archipelago Raid 2025 - INZAIN Cycling EXPERIENCES<\/title>\n<meta name=\"robots\" content=\"index, follow, max-snippet:-1, max-image-preview:large, max-video-preview:-1\" \/>\n<link rel=\"canonical\" href=\"https:\/\/inzain.bike\/es\/apr25\/\" \/>\n<meta property=\"og:locale\" content=\"es_ES\" \/>\n<meta property=\"og:type\" content=\"article\" \/>\n<meta property=\"og:title\" content=\"Archipelago Raid 2025 - INZAIN Cycling EXPERIENCES\" \/>\n<meta property=\"og:description\" content=\"V\u00e4lkommen till en fantastisk tur i Stockholms Sk\u00e4rg\u00e5rd N\u00e4r: 29 Juni 2025Var: V\u00e4rmd\u00f6\/Djur\u00f6\/Vind\u00f6Hur: Start och m\u00e5l i GrisslingePris: GratisInfo: Ett bageri k\u00f6r ut fika till en strand. Man best\u00e4ller &amp; betalar vid anm\u00e4lan Det h\u00e4r \u00e4r en riktigt sp\u00e4nnande tur ut i sk\u00e4rg\u00e5rden. Start vid Grisslinge, (d\u00e4r finns ett bra fik f\u00f6r pre\/post ride fika). [&hellip;]\" \/>\n<meta property=\"og:url\" content=\"https:\/\/inzain.bike\/es\/apr25\/\" \/>\n<meta property=\"og:site_name\" content=\"INZAIN Cycling EXPERIENCES\" \/>\n<meta property=\"article:publisher\" content=\"https:\/\/www.facebook.com\/Inzain.bike\" \/>\n<meta property=\"article:modified_time\" content=\"2025-06-25T06:28:46+00:00\" \/>\n<meta property=\"og:image\" content=\"https:\/\/inzain.bike\/wp-content\/uploads\/2022\/08\/fully.jpg\" \/>\n<meta name=\"twitter:card\" content=\"summary_large_image\" \/>\n<meta name=\"twitter:label1\" content=\"Tiempo de lectura\" \/>\n\t<meta name=\"twitter:data1\" content=\"3 minutos\" \/>\n<script type=\"application\/ld+json\" class=\"yoast-schema-graph\">{\"@context\":\"https:\/\/schema.org\",\"@graph\":[{\"@type\":\"WebPage\",\"@id\":\"https:\/\/inzain.bike\/es\/apr25\/\",\"url\":\"https:\/\/inzain.bike\/es\/apr25\/\",\"name\":\"Archipelago Raid 2025 - INZAIN Cycling EXPERIENCES\",\"isPartOf\":{\"@id\":\"https:\/\/inzain.bike\/fr_be\/#website\"},\"primaryImageOfPage\":{\"@id\":\"https:\/\/inzain.bike\/es\/apr25\/#primaryimage\"},\"image\":{\"@id\":\"https:\/\/inzain.bike\/es\/apr25\/#primaryimage\"},\"thumbnailUrl\":\"https:\/\/inzain.bike\/wp-content\/uploads\/2022\/08\/fully.jpg\",\"datePublished\":\"2025-06-02T18:32:31+00:00\",\"dateModified\":\"2025-06-25T06:28:46+00:00\",\"breadcrumb\":{\"@id\":\"https:\/\/inzain.bike\/es\/apr25\/#breadcrumb\"},\"inLanguage\":\"es\",\"potentialAction\":[{\"@type\":\"ReadAction\",\"target\":[\"https:\/\/inzain.bike\/es\/apr25\/\"]}]},{\"@type\":\"ImageObject\",\"inLanguage\":\"es\",\"@id\":\"https:\/\/inzain.bike\/es\/apr25\/#primaryimage\",\"url\":\"https:\/\/inzain.bike\/wp-content\/uploads\/2022\/08\/fully.jpg\",\"contentUrl\":\"https:\/\/inzain.bike\/wp-content\/uploads\/2022\/08\/fully.jpg\"},{\"@type\":\"BreadcrumbList\",\"@id\":\"https:\/\/inzain.bike\/es\/apr25\/#breadcrumb\",\"itemListElement\":[{\"@type\":\"ListItem\",\"position\":1,\"name\":\"Hem\",\"item\":\"https:\/\/inzain.bike\/fr_be\/\"},{\"@type\":\"ListItem\",\"position\":2,\"name\":\"Archipelago Raid 2025\"}]},{\"@type\":\"WebSite\",\"@id\":\"https:\/\/inzain.bike\/fr_be\/#website\",\"url\":\"https:\/\/inzain.bike\/fr_be\/\",\"name\":\"INZAIN Cycling EXPERIENCES\",\"description\":\"Cyckling Adventures  - for everyone\",\"publisher\":{\"@id\":\"https:\/\/inzain.bike\/fr_be\/#organization\"},\"alternateName\":\"INZAIN Gravel & Travel\",\"potentialAction\":[{\"@type\":\"SearchAction\",\"target\":{\"@type\":\"EntryPoint\",\"urlTemplate\":\"https:\/\/inzain.bike\/fr_be\/?s={search_term_string}\"},\"query-input\":{\"@type\":\"PropertyValueSpecification\",\"valueRequired\":true,\"valueName\":\"search_term_string\"}}],\"inLanguage\":\"es\"},{\"@type\":\"Organization\",\"@id\":\"https:\/\/inzain.bike\/fr_be\/#organization\",\"name\":\"INZAIN Cycling EXPERIENCES\",\"url\":\"https:\/\/inzain.bike\/fr_be\/\",\"logo\":{\"@type\":\"ImageObject\",\"inLanguage\":\"es\",\"@id\":\"https:\/\/inzain.bike\/fr_be\/#\/schema\/logo\/image\/\",\"url\":\"https:\/\/i0.wp.com\/inzain.bike\/wp-content\/uploads\/2023\/09\/cropped-INZAIN_512x512_white.png?fit=512%2C512&ssl=1\",\"contentUrl\":\"https:\/\/i0.wp.com\/inzain.bike\/wp-content\/uploads\/2023\/09\/cropped-INZAIN_512x512_white.png?fit=512%2C512&ssl=1\",\"width\":512,\"height\":512,\"caption\":\"INZAIN Cycling EXPERIENCES\"},\"image\":{\"@id\":\"https:\/\/inzain.bike\/fr_be\/#\/schema\/logo\/image\/\"},\"sameAs\":[\"https:\/\/www.facebook.com\/Inzain.bike\",\"https:\/\/www.instagram.com\/inzainbike\"]}]}<\/script>\n<!-- \/ Yoast SEO plugin. -->","yoast_head_json":{"title":"Archipi\u00e9lago Raid 2025 - EXPERIENCIAS CICLISMO INZAIN","robots":{"index":"index","follow":"follow","max-snippet":"max-snippet:-1","max-image-preview":"max-image-preview:large","max-video-preview":"max-video-preview:-1"},"canonical":"https:\/\/inzain.bike\/es\/apr25\/","og_locale":"es_ES","og_type":"article","og_title":"Archipelago Raid 2025 - INZAIN Cycling EXPERIENCES","og_description":"V\u00e4lkommen till en fantastisk tur i Stockholms Sk\u00e4rg\u00e5rd N\u00e4r: 29 Juni 2025Var: V\u00e4rmd\u00f6\/Djur\u00f6\/Vind\u00f6Hur: Start och m\u00e5l i GrisslingePris: GratisInfo: Ett bageri k\u00f6r ut fika till en strand. Man best\u00e4ller &amp; betalar vid anm\u00e4lan Det h\u00e4r \u00e4r en riktigt sp\u00e4nnande tur ut i sk\u00e4rg\u00e5rden. Start vid Grisslinge, (d\u00e4r finns ett bra fik f\u00f6r pre\/post ride fika). [&hellip;]","og_url":"https:\/\/inzain.bike\/es\/apr25\/","og_site_name":"INZAIN Cycling EXPERIENCES","article_publisher":"https:\/\/www.facebook.com\/Inzain.bike","article_modified_time":"2025-06-25T06:28:46+00:00","og_image":[{"url":"https:\/\/inzain.bike\/wp-content\/uploads\/2022\/08\/fully.jpg","type":"","width":"","height":""}],"twitter_card":"summary_large_image","twitter_misc":{"Tiempo de lectura":"3 minutos"},"schema":{"@context":"https:\/\/schema.org","@graph":[{"@type":"WebPage","@id":"https:\/\/inzain.bike\/es\/apr25\/","url":"https:\/\/inzain.bike\/es\/apr25\/","name":"Archipi\u00e9lago Raid 2025 - EXPERIENCIAS CICLISMO INZAIN","isPartOf":{"@id":"https:\/\/inzain.bike\/fr_be\/#website"},"primaryImageOfPage":{"@id":"https:\/\/inzain.bike\/es\/apr25\/#primaryimage"},"image":{"@id":"https:\/\/inzain.bike\/es\/apr25\/#primaryimage"},"thumbnailUrl":"https:\/\/inzain.bike\/wp-content\/uploads\/2022\/08\/fully.jpg","datePublished":"2025-06-02T18:32:31+00:00","dateModified":"2025-06-25T06:28:46+00:00","breadcrumb":{"@id":"https:\/\/inzain.bike\/es\/apr25\/#breadcrumb"},"inLanguage":"es","potentialAction":[{"@type":"ReadAction","target":["https:\/\/inzain.bike\/es\/apr25\/"]}]},{"@type":"ImageObject","inLanguage":"es","@id":"https:\/\/inzain.bike\/es\/apr25\/#primaryimage","url":"https:\/\/inzain.bike\/wp-content\/uploads\/2022\/08\/fully.jpg","contentUrl":"https:\/\/inzain.bike\/wp-content\/uploads\/2022\/08\/fully.jpg"},{"@type":"BreadcrumbList","@id":"https:\/\/inzain.bike\/es\/apr25\/#breadcrumb","itemListElement":[{"@type":"ListItem","position":1,"name":"Hem","item":"https:\/\/inzain.bike\/fr_be\/"},{"@type":"ListItem","position":2,"name":"Archipelago Raid 2025"}]},{"@type":"WebSite","@id":"https:\/\/inzain.bike\/fr_be\/#website","url":"https:\/\/inzain.bike\/fr_be\/","name":"EXPERIENCIAS Ciclismo INZAIN","description":"Aventuras en bicicleta: para todos","publisher":{"@id":"https:\/\/inzain.bike\/fr_be\/#organization"},"alternateName":"INZAIN Gravel & Travel","potentialAction":[{"@type":"SearchAction","target":{"@type":"EntryPoint","urlTemplate":"https:\/\/inzain.bike\/fr_be\/?s={search_term_string}"},"query-input":{"@type":"PropertyValueSpecification","valueRequired":true,"valueName":"search_term_string"}}],"inLanguage":"es"},{"@type":"Organization","@id":"https:\/\/inzain.bike\/fr_be\/#organization","name":"EXPERIENCIAS Ciclismo INZAIN","url":"https:\/\/inzain.bike\/fr_be\/","logo":{"@type":"ImageObject","inLanguage":"es","@id":"https:\/\/inzain.bike\/fr_be\/#\/schema\/logo\/image\/","url":"https:\/\/i0.wp.com\/inzain.bike\/wp-content\/uploads\/2023\/09\/cropped-INZAIN_512x512_white.png?fit=512%2C512&ssl=1","contentUrl":"https:\/\/i0.wp.com\/inzain.bike\/wp-content\/uploads\/2023\/09\/cropped-INZAIN_512x512_white.png?fit=512%2C512&ssl=1","width":512,"height":512,"caption":"INZAIN Cycling EXPERIENCES"},"image":{"@id":"https:\/\/inzain.bike\/fr_be\/#\/schema\/logo\/image\/"},"sameAs":["https:\/\/www.facebook.com\/Inzain.bike","https:\/\/www.instagram.com\/inzainbike"]}]}},"amp_enabled":true,"_links":{"self":[{"href":"https:\/\/inzain.bike\/es\/wp-json\/wp\/v2\/pages\/8144","targetHints":{"allow":["GET"]}}],"collection":[{"href":"https:\/\/inzain.bike\/es\/wp-json\/wp\/v2\/pages"}],"about":[{"href":"https:\/\/inzain.bike\/es\/wp-json\/wp\/v2\/types\/page"}],"author":[{"embeddable":true,"href":"https:\/\/inzain.bike\/es\/wp-json\/wp\/v2\/users\/203917875"}],"replies":[{"embeddable":true,"href":"https:\/\/inzain.bike\/es\/wp-json\/wp\/v2\/comments?post=8144"}],"version-history":[{"count":5,"href":"https:\/\/inzain.bike\/es\/wp-json\/wp\/v2\/pages\/8144\/revisions"}],"predecessor-version":[{"id":8160,"href":"https:\/\/inzain.bike\/es\/wp-json\/wp\/v2\/pages\/8144\/revisions\/8160"}],"wp:attachment":[{"href":"https:\/\/inzain.bike\/es\/wp-json\/wp\/v2\/media?parent=8144"}],"curies":[{"name":"gracias","href":"https:\/\/api.w.org\/{rel}","templated":true}]}}