{"id":8906,"date":"2025-11-02T19:33:02","date_gmt":"2025-11-02T18:33:02","guid":{"rendered":"https:\/\/inzain.bike\/?page_id=8906"},"modified":"2026-01-12T14:22:08","modified_gmt":"2026-01-12T13:22:08","slug":"social-rides","status":"publish","type":"page","link":"https:\/\/inzain.bike\/es\/social-rides\/","title":{"rendered":"Paseos sociales"},"content":{"rendered":"<figure class=\"wp-block-embed is-type-video is-provider-youtube wp-block-embed-youtube wp-embed-aspect-16-9 wp-has-aspect-ratio\"><div class=\"wp-block-embed__wrapper\">\n<iframe loading=\"lazy\" title=\"Mi a\u00f1o en Gravel 2025\" width=\"500\" height=\"281\" src=\"https:\/\/www.youtube.com\/embed\/P9BJSE-x1uE?feature=oembed\" frameborder=\"0\" allow=\"accelerometer; autoplay; clipboard-write; encrypted-media; gyroscope; picture-in-picture; web-share\" referrerpolicy=\"strict-origin-when-cross-origin\" allowfullscreen><\/iframe>\n<\/div><\/figure>\n\n\n\n<p>Organizamos dos salidas en bici en grupo por semana, si el tiempo y la estaci\u00f3n lo permiten. Todo el mundo es bienvenido. Las anunciamos en el grupo de Facebook. <a href=\"https:\/\/www.facebook.com\/groups\/gravelbikesweden\" target=\"_blank\" rel=\"noreferrer noopener\">Bicicletas de gravel Suecia<\/a> y en Strava en <a href=\"https:\/\/www.strava.com\/clubs\/gravelbikesweden\" target=\"_blank\" rel=\"noreferrer noopener\">Club Strava <\/a>con el mismo nombre.<\/p>\n\n\n\n<p>Lo que tienen en com\u00fan estas actividades es que pedaleamos juntos y nadie se queda atr\u00e1s, al mismo tiempo que exigimos que los participantes puedan mantener una velocidad media determinada que se especifica en el evento, normalmente 20 km\/h, pero esta puede variar.<\/p>\n\n\n\n<p><strong>Doble velocidad<\/strong><br>Tenemos dos variantes de la ruta. Rodaremos juntos la mayor parte del tiempo, pero tambi\u00e9n incluiremos una o m\u00e1s secciones de ritmo libre y segmentos donde presentaremos los resultados despu\u00e9s del evento. Creemos que esta puede ser una buena manera de liberar energ\u00eda, pero a la vez mantener la diversi\u00f3n.<\/p>\n\n\n\n<p><strong>La puntuaci\u00f3n INZAIN<\/strong><\/p>\n\n\n\n<p>A lo largo de 2026, organizaremos un concurso: The INZAIN Score. Se acumulan puntos durante todo el a\u00f1o y quienes obtengan la mayor cantidad al final de la temporada podr\u00e1n ganar grandes premios, como un viaje con nosotros, \u00bfpor qu\u00e9 no a la Toscana, por ejemplo?<\/p>\n\n\n\n<p>Lea m\u00e1s sobre la puntuaci\u00f3n INZAIN <a href=\"https:\/\/inzain.bike\/es\/the-inzain-score\/\">aqu\u00ed<\/a>.<\/p>\n\n\n\n<p><strong>\u00bfQu\u00e9 defendemos?<\/strong><\/p>\n\n\n\n<p>Queremos que estas excursiones sean amenas, divertidas y con un nivel de dificultad moderado. Siempre damos mucha importancia a que tengan una buena ruta, preferiblemente con uno o m\u00e1s puntos de inter\u00e9s, como un monumento, un objeto interesante o alg\u00fan otro atractivo.<\/p>\n\n\n\n<p>Tambi\u00e9n cuidamos mucho los almuerzos y las pausas para el caf\u00e9; siempre elegimos lugares muy agradables.<br>Nos han llevado caf\u00e9 a la playa, nos han abierto locales exclusivamente para nosotros y mucho m\u00e1s. INZAIN a veces ofrece barbacoas con bebidas. Tambi\u00e9n solemos reservar y pedir comida con antelaci\u00f3n para que todo vaya sobre ruedas una vez all\u00ed.<\/p>\n\n\n\n<p>No salimos en bici un d\u00eda fijo de la semana, sino que queremos poder elegir el d\u00eda seg\u00fan el tiempo. Queremos que montar en bici sea divertido, y el mal tiempo no lo es tanto si se puede evitar.<\/p>\n\n\n\n<figure class=\"wp-block-image size-large\"><img loading=\"lazy\" decoding=\"async\" width=\"1024\" height=\"669\" src=\"https:\/\/inzain.bike\/wp-content\/uploads\/2025\/11\/IMG-20250802-WA0002-1024x669.jpg\" alt=\"\" class=\"wp-image-8909\" srcset=\"https:\/\/inzain.bike\/wp-content\/uploads\/2025\/11\/IMG-20250802-WA0002-1024x669.jpg 1024w, https:\/\/inzain.bike\/wp-content\/uploads\/2025\/11\/IMG-20250802-WA0002-300x196.jpg 300w, https:\/\/inzain.bike\/wp-content\/uploads\/2025\/11\/IMG-20250802-WA0002-768x502.jpg 768w, https:\/\/inzain.bike\/wp-content\/uploads\/2025\/11\/IMG-20250802-WA0002-1536x1004.jpg 1536w, https:\/\/inzain.bike\/wp-content\/uploads\/2025\/11\/IMG-20250802-WA0002-18x12.jpg 18w, https:\/\/inzain.bike\/wp-content\/uploads\/2025\/11\/IMG-20250802-WA0002-600x392.jpg 600w, https:\/\/inzain.bike\/wp-content\/uploads\/2025\/11\/IMG-20250802-WA0002.jpg 1600w\" sizes=\"auto, (max-width: 1024px) 100vw, 1024px\" \/><\/figure>\n\n\n\n<p>Tenemos un grupo de WhatsApp que usamos principalmente para comunicarnos durante la ruta; quiz\u00e1s alguien pueda dar alg\u00fan consejo o ayudar de alguna otra manera. Tambi\u00e9n anunciamos las pr\u00f3ximas rutas en este grupo.<\/p>\n\n\n\n<p>Est\u00e1n cordialmente invitados a unirse a nosotros en el recorrido.<\/p>\n\n\n\n<p>\u00bfGrava? \u00a1Es INZAIN!<br><\/p>\n\n\n\n<hr class=\"wp-block-separator has-alpha-channel-opacity\"\/>\n\n\n\n<p>\u00a1C\u00e1lida bienvenida!<\/p>\n\n\n\n<p>Visitas planificadas para 2026: a\u00fan no se han establecido fechas para todas, as\u00ed que permanezcan atentos.<br><br>INZAIN Mariefred \u2013 Dunker Loop \ud83c\udd95 4<br>INZAIN 500 Grados de \ud83c\udd95 5<br>Bucle INZAIN Gnesta Nyk\u00f6ping \ud83c\udd95 6<br>INZAIN Dalar\u00f6 3P \ud83c\udd95 7<br>INZAIN 100 millas (antiguo IGG)\ud83c\udd95 8<br>INZAIN Uppsala Century \ud83c\udd95 9<br>Uniforme Romeo de golf INZAIN Sierra \ud83c\udd95 10<br>INZAIN Norrt\u00e4lje V\u00e4t\u00f6 \ud83c\udd95 11<br>INZAIN Yxlan y Blid\u00f6 \ud83e\uddea 12<br>INZAIN Furusund -&gt; Upplands V\u00e4sby \ud83c\udd95 13<br>Paseo por la ciudad de los padres de INZAIN\ud83c\udd95 14<br>INZAIN Mariefred Str\u00e4ngn\u00e4s\ud83c\udd95 15<br>Grava SALA 16<br>Molino de pu\u00f1os INZAIN \ud83c\udd95 17<br>INZAIN Por el B\u00e5ven \ud83c\udd95 18<br>INZAIN GIMO \ud83c\udd95 19<br>INZAIN El Dater Alrededor de \ud83c\udd95 20<br>INZAIN Uppsala B\u00e5lsta 2026 \ud83c\udd95 21<br>INZAIN Diciembre Viento de Cola Groads 22<br>INZAIN Stigtomta \ud83c\udd95 23<br>Molino INZAIN Enk\u00f6ping Forsby \ud83c\udd95 24<br>INZAIN \u00a1Viaje de placer FUERA! 26<br>Osos y abedules INZAIN 28<br>INZAIN La incursi\u00f3n al bosque de hayas y a la isla fronteriza \ud83c\udd95 29<br>INZAIN Uppsala B\u00e5lsta de una manera nueva \ud83c\udd95 29<br>Circuito INZAIN Stigtomta \ud83c\udd95 31<br>INZAIN Twin Peaks Nyn\u00e4s 32<br>Tarta flambeada INZAIN 33<br>INZAIN De ida y vuelta 34<br>Incursi\u00f3n al Archipi\u00e9lago INZAIN 2026 \ud83c\udd95 35<br>Aventura en la isla caliente de INZAIN 36<br>Laguna de salm\u00f3n azul INZAIN 37<br>INZAIN Sela\u00f6n \ud83c\udd95 38<br>INZAIN El Viejo y el Nuevo Paseo Corto 39<br>INZAIN Un paseo por tierra quemada \ud83c\udd95 40<br>INZAIN La atracci\u00f3n de doble nariz 41<br>Paseo en la bah\u00eda de los Laggers de INZAIN 42<br>Castillo de galletas INZAIN y Sharp Skerry \ud83c\udd95 43<br>INZAIN Uppsala Vattholma (Islote de energ\u00eda) 44<br>INZAIN El paseo del cuchillo de cardamomo 45<br>INZAIN Tatin 46<br>Lis\u00f6 WIP \ud83e\uddea 47<br>V\u00e4t\u00f6 Tour WIP \ud83e\uddea 48<br>AW INZAIN \u2013 El ataque al B\u00fafalo 50<br>AW INZAIN \u2013 Casco 51 de Nabucodonosor<br>AW INZAIN Islas Feroe 52<br>AW INZAIN Two Island Dash - Edici\u00f3n de oto\u00f1o 53<br>AW INZAIN Paseo Nighthawk \ud83c\udd95 54<br>AW INZAIN Sur 2 Sur 56<br>AW INZAIN Lobezno Nocturno 57<br>AW INZAIN El Camino del Norte 58<br>AW INZAIN Caminos del Agua 2025 60<br>AW INZAIN Paseo de tres bah\u00edas 61<br>AW INZAIN La incursi\u00f3n de la hora dorada 62<br>AW INZAIN Persigue al Sol 63<br>AW INZAIN El malvado Oriente \u2013 Cortometraje 64<br>AW INZAIN El Paseo de los Huevos Kinder 65<br>AW INZAIN El misterio del verano de Madame Maya 66<br>AW INZAIN El AllRoad Raid 67<br>AW INZAIN \u2013 Las colinas y paseo tur\u00edstico 68<br>AW INZAIN El sol y el paseo divertido 69<br>AW INZAIN Sundown Ride \u2013 Un paseo placentero 70<br>AW INZAIN Patrulla del Anochecer 71<br>AW INZAIN Aurora Boreal 72<br>AW INZAIN Paseo en agua oscura 73<br>AW INZAIN Cabalgata Septentrional 74<br>AW INZAIN La atracci\u00f3n Twin Peaks 75<\/p>\n\n\n\n<p><br><br><\/p>\n\n\n\n<p><br><\/p>","protected":false},"excerpt":{"rendered":"<p>Vi arrangerar tv\u00e5 Social Rides per vecka, n\u00e4r v\u00e4der och s\u00e4song till\u00e5ter. Alla \u00e4r v\u00e4lkomna p\u00e5 dessa. Vi annonserar dem p\u00e5 Facebook i gruppen Gravel Bike Sweden och p\u00e5 Strava i Stravaklubben med samma namn. Gemensamt f\u00f6r dessa \u00e4r vi cyklar tillsammans och ingen droppas, samtidigt som vi st\u00e4ller krav att deltagare ska kunna h\u00e5lla [&hellip;]<\/p>\n","protected":false},"author":203917875,"featured_media":0,"parent":0,"menu_order":0,"comment_status":"closed","ping_status":"closed","template":"","meta":{"_coblocks_attr":"","_coblocks_dimensions":"","_coblocks_responsive_height":"","_coblocks_accordion_ie_support":"","footnotes":""},"class_list":["post-8906","page","type-page","status-publish","hentry"],"yoast_head":"<!-- This site is optimized with the Yoast SEO plugin v27.2 - https:\/\/yoast.com\/product\/yoast-seo-wordpress\/ -->\n<title>Social Rides - INZAIN Cycling EXPERIENCES<\/title>\n<meta name=\"robots\" content=\"index, follow, max-snippet:-1, max-image-preview:large, max-video-preview:-1\" \/>\n<link rel=\"canonical\" href=\"https:\/\/inzain.bike\/es\/social-rides\/\" \/>\n<meta property=\"og:locale\" content=\"es_ES\" \/>\n<meta property=\"og:type\" content=\"article\" \/>\n<meta property=\"og:title\" content=\"Social Rides - INZAIN Cycling EXPERIENCES\" \/>\n<meta property=\"og:description\" content=\"Vi arrangerar tv\u00e5 Social Rides per vecka, n\u00e4r v\u00e4der och s\u00e4song till\u00e5ter. Alla \u00e4r v\u00e4lkomna p\u00e5 dessa. Vi annonserar dem p\u00e5 Facebook i gruppen Gravel Bike Sweden och p\u00e5 Strava i Stravaklubben med samma namn. Gemensamt f\u00f6r dessa \u00e4r vi cyklar tillsammans och ingen droppas, samtidigt som vi st\u00e4ller krav att deltagare ska kunna h\u00e5lla [&hellip;]\" \/>\n<meta property=\"og:url\" content=\"https:\/\/inzain.bike\/es\/social-rides\/\" \/>\n<meta property=\"og:site_name\" content=\"INZAIN Cycling EXPERIENCES\" \/>\n<meta property=\"article:publisher\" content=\"https:\/\/www.facebook.com\/Inzain.bike\" \/>\n<meta property=\"article:modified_time\" content=\"2026-01-12T13:22:08+00:00\" \/>\n<meta property=\"og:image\" content=\"https:\/\/inzain.bike\/wp-content\/uploads\/2025\/11\/IMG-20250802-WA0002.jpg\" \/>\n\t<meta property=\"og:image:width\" content=\"1600\" \/>\n\t<meta property=\"og:image:height\" content=\"1046\" \/>\n\t<meta property=\"og:image:type\" content=\"image\/jpeg\" \/>\n<meta name=\"twitter:card\" content=\"summary_large_image\" \/>\n<meta name=\"twitter:label1\" content=\"Tiempo de lectura\" \/>\n\t<meta name=\"twitter:data1\" content=\"4 minutos\" \/>\n<script type=\"application\/ld+json\" class=\"yoast-schema-graph\">{\"@context\":\"https:\/\/schema.org\",\"@graph\":[{\"@type\":\"WebPage\",\"@id\":\"https:\/\/inzain.bike\/social-rides\/\",\"url\":\"https:\/\/inzain.bike\/social-rides\/\",\"name\":\"Social Rides - INZAIN Cycling EXPERIENCES\",\"isPartOf\":{\"@id\":\"https:\/\/inzain.bike\/fr_be\/#website\"},\"primaryImageOfPage\":{\"@id\":\"https:\/\/inzain.bike\/social-rides\/#primaryimage\"},\"image\":{\"@id\":\"https:\/\/inzain.bike\/social-rides\/#primaryimage\"},\"thumbnailUrl\":\"https:\/\/inzain.bike\/wp-content\/uploads\/2025\/11\/IMG-20250802-WA0002-1024x669.jpg\",\"datePublished\":\"2025-11-02T18:33:02+00:00\",\"dateModified\":\"2026-01-12T13:22:08+00:00\",\"breadcrumb\":{\"@id\":\"https:\/\/inzain.bike\/social-rides\/#breadcrumb\"},\"inLanguage\":\"es\",\"potentialAction\":[{\"@type\":\"ReadAction\",\"target\":[\"https:\/\/inzain.bike\/social-rides\/\"]}]},{\"@type\":\"ImageObject\",\"inLanguage\":\"es\",\"@id\":\"https:\/\/inzain.bike\/social-rides\/#primaryimage\",\"url\":\"https:\/\/inzain.bike\/wp-content\/uploads\/2025\/11\/IMG-20250802-WA0002-1024x669.jpg\",\"contentUrl\":\"https:\/\/inzain.bike\/wp-content\/uploads\/2025\/11\/IMG-20250802-WA0002-1024x669.jpg\"},{\"@type\":\"BreadcrumbList\",\"@id\":\"https:\/\/inzain.bike\/social-rides\/#breadcrumb\",\"itemListElement\":[{\"@type\":\"ListItem\",\"position\":1,\"name\":\"Hem\",\"item\":\"https:\/\/inzain.bike\/fr_be\/\"},{\"@type\":\"ListItem\",\"position\":2,\"name\":\"Social Rides\"}]},{\"@type\":\"WebSite\",\"@id\":\"https:\/\/inzain.bike\/fr_be\/#website\",\"url\":\"https:\/\/inzain.bike\/fr_be\/\",\"name\":\"INZAIN Cycling EXPERIENCES\",\"description\":\"Cyckling Adventures  - for everyone\",\"publisher\":{\"@id\":\"https:\/\/inzain.bike\/fr_be\/#organization\"},\"alternateName\":\"INZAIN Gravel & Travel\",\"potentialAction\":[{\"@type\":\"SearchAction\",\"target\":{\"@type\":\"EntryPoint\",\"urlTemplate\":\"https:\/\/inzain.bike\/fr_be\/?s={search_term_string}\"},\"query-input\":{\"@type\":\"PropertyValueSpecification\",\"valueRequired\":true,\"valueName\":\"search_term_string\"}}],\"inLanguage\":\"es\"},{\"@type\":\"Organization\",\"@id\":\"https:\/\/inzain.bike\/fr_be\/#organization\",\"name\":\"INZAIN Cycling EXPERIENCES\",\"url\":\"https:\/\/inzain.bike\/fr_be\/\",\"logo\":{\"@type\":\"ImageObject\",\"inLanguage\":\"es\",\"@id\":\"https:\/\/inzain.bike\/fr_be\/#\/schema\/logo\/image\/\",\"url\":\"https:\/\/i0.wp.com\/inzain.bike\/wp-content\/uploads\/2023\/09\/cropped-INZAIN_512x512_white.png?fit=512%2C512&ssl=1\",\"contentUrl\":\"https:\/\/i0.wp.com\/inzain.bike\/wp-content\/uploads\/2023\/09\/cropped-INZAIN_512x512_white.png?fit=512%2C512&ssl=1\",\"width\":512,\"height\":512,\"caption\":\"INZAIN Cycling EXPERIENCES\"},\"image\":{\"@id\":\"https:\/\/inzain.bike\/fr_be\/#\/schema\/logo\/image\/\"},\"sameAs\":[\"https:\/\/www.facebook.com\/Inzain.bike\",\"https:\/\/www.instagram.com\/inzainbike\"]}]}<\/script>\n<!-- \/ Yoast SEO plugin. -->","yoast_head_json":{"title":"Social Rides - INZAIN Cycling EXPERIENCES","robots":{"index":"index","follow":"follow","max-snippet":"max-snippet:-1","max-image-preview":"max-image-preview:large","max-video-preview":"max-video-preview:-1"},"canonical":"https:\/\/inzain.bike\/es\/social-rides\/","og_locale":"es_ES","og_type":"article","og_title":"Social Rides - INZAIN Cycling EXPERIENCES","og_description":"Vi arrangerar tv\u00e5 Social Rides per vecka, n\u00e4r v\u00e4der och s\u00e4song till\u00e5ter. Alla \u00e4r v\u00e4lkomna p\u00e5 dessa. Vi annonserar dem p\u00e5 Facebook i gruppen Gravel Bike Sweden och p\u00e5 Strava i Stravaklubben med samma namn. Gemensamt f\u00f6r dessa \u00e4r vi cyklar tillsammans och ingen droppas, samtidigt som vi st\u00e4ller krav att deltagare ska kunna h\u00e5lla [&hellip;]","og_url":"https:\/\/inzain.bike\/es\/social-rides\/","og_site_name":"INZAIN Cycling EXPERIENCES","article_publisher":"https:\/\/www.facebook.com\/Inzain.bike","article_modified_time":"2026-01-12T13:22:08+00:00","og_image":[{"width":1600,"height":1046,"url":"https:\/\/inzain.bike\/wp-content\/uploads\/2025\/11\/IMG-20250802-WA0002.jpg","type":"image\/jpeg"}],"twitter_card":"summary_large_image","twitter_misc":{"Tiempo de lectura":"4 minutos"},"schema":{"@context":"https:\/\/schema.org","@graph":[{"@type":"WebPage","@id":"https:\/\/inzain.bike\/social-rides\/","url":"https:\/\/inzain.bike\/social-rides\/","name":"Social Rides - INZAIN Cycling EXPERIENCES","isPartOf":{"@id":"https:\/\/inzain.bike\/fr_be\/#website"},"primaryImageOfPage":{"@id":"https:\/\/inzain.bike\/social-rides\/#primaryimage"},"image":{"@id":"https:\/\/inzain.bike\/social-rides\/#primaryimage"},"thumbnailUrl":"https:\/\/inzain.bike\/wp-content\/uploads\/2025\/11\/IMG-20250802-WA0002-1024x669.jpg","datePublished":"2025-11-02T18:33:02+00:00","dateModified":"2026-01-12T13:22:08+00:00","breadcrumb":{"@id":"https:\/\/inzain.bike\/social-rides\/#breadcrumb"},"inLanguage":"es","potentialAction":[{"@type":"ReadAction","target":["https:\/\/inzain.bike\/social-rides\/"]}]},{"@type":"ImageObject","inLanguage":"es","@id":"https:\/\/inzain.bike\/social-rides\/#primaryimage","url":"https:\/\/inzain.bike\/wp-content\/uploads\/2025\/11\/IMG-20250802-WA0002-1024x669.jpg","contentUrl":"https:\/\/inzain.bike\/wp-content\/uploads\/2025\/11\/IMG-20250802-WA0002-1024x669.jpg"},{"@type":"BreadcrumbList","@id":"https:\/\/inzain.bike\/social-rides\/#breadcrumb","itemListElement":[{"@type":"ListItem","position":1,"name":"Hem","item":"https:\/\/inzain.bike\/fr_be\/"},{"@type":"ListItem","position":2,"name":"Social Rides"}]},{"@type":"WebSite","@id":"https:\/\/inzain.bike\/fr_be\/#website","url":"https:\/\/inzain.bike\/fr_be\/","name":"EXPERIENCIAS Ciclismo INZAIN","description":"Aventuras en bicicleta: para todos","publisher":{"@id":"https:\/\/inzain.bike\/fr_be\/#organization"},"alternateName":"INZAIN Gravel & Travel","potentialAction":[{"@type":"SearchAction","target":{"@type":"EntryPoint","urlTemplate":"https:\/\/inzain.bike\/fr_be\/?s={search_term_string}"},"query-input":{"@type":"PropertyValueSpecification","valueRequired":true,"valueName":"search_term_string"}}],"inLanguage":"es"},{"@type":"Organization","@id":"https:\/\/inzain.bike\/fr_be\/#organization","name":"EXPERIENCIAS Ciclismo INZAIN","url":"https:\/\/inzain.bike\/fr_be\/","logo":{"@type":"ImageObject","inLanguage":"es","@id":"https:\/\/inzain.bike\/fr_be\/#\/schema\/logo\/image\/","url":"https:\/\/i0.wp.com\/inzain.bike\/wp-content\/uploads\/2023\/09\/cropped-INZAIN_512x512_white.png?fit=512%2C512&ssl=1","contentUrl":"https:\/\/i0.wp.com\/inzain.bike\/wp-content\/uploads\/2023\/09\/cropped-INZAIN_512x512_white.png?fit=512%2C512&ssl=1","width":512,"height":512,"caption":"INZAIN Cycling EXPERIENCES"},"image":{"@id":"https:\/\/inzain.bike\/fr_be\/#\/schema\/logo\/image\/"},"sameAs":["https:\/\/www.facebook.com\/Inzain.bike","https:\/\/www.instagram.com\/inzainbike"]}]}},"amp_enabled":true,"_links":{"self":[{"href":"https:\/\/inzain.bike\/es\/wp-json\/wp\/v2\/pages\/8906","targetHints":{"allow":["GET"]}}],"collection":[{"href":"https:\/\/inzain.bike\/es\/wp-json\/wp\/v2\/pages"}],"about":[{"href":"https:\/\/inzain.bike\/es\/wp-json\/wp\/v2\/types\/page"}],"author":[{"embeddable":true,"href":"https:\/\/inzain.bike\/es\/wp-json\/wp\/v2\/users\/203917875"}],"replies":[{"embeddable":true,"href":"https:\/\/inzain.bike\/es\/wp-json\/wp\/v2\/comments?post=8906"}],"version-history":[{"count":4,"href":"https:\/\/inzain.bike\/es\/wp-json\/wp\/v2\/pages\/8906\/revisions"}],"predecessor-version":[{"id":9081,"href":"https:\/\/inzain.bike\/es\/wp-json\/wp\/v2\/pages\/8906\/revisions\/9081"}],"wp:attachment":[{"href":"https:\/\/inzain.bike\/es\/wp-json\/wp\/v2\/media?parent=8906"}],"curies":[{"name":"gracias","href":"https:\/\/api.w.org\/{rel}","templated":true}]}}