{"id":8933,"date":"2025-11-07T07:48:15","date_gmt":"2025-11-07T06:48:15","guid":{"rendered":"https:\/\/inzain.bike\/?page_id=8933"},"modified":"2025-11-07T08:00:28","modified_gmt":"2025-11-07T07:00:28","slug":"the-inzain-score","status":"publish","type":"page","link":"https:\/\/inzain.bike\/es\/the-inzain-score\/","title":{"rendered":"La puntuaci\u00f3n INZAIN"},"content":{"rendered":"<figure class=\"wp-block-image size-large\"><img loading=\"lazy\" decoding=\"async\" width=\"1024\" height=\"584\" src=\"https:\/\/inzain.bike\/wp-content\/uploads\/2025\/11\/20250629_102307-1024x584.jpg\" alt=\"\" class=\"wp-image-8908\" srcset=\"https:\/\/inzain.bike\/wp-content\/uploads\/2025\/11\/20250629_102307-1024x584.jpg 1024w, https:\/\/inzain.bike\/wp-content\/uploads\/2025\/11\/20250629_102307-300x171.jpg 300w, https:\/\/inzain.bike\/wp-content\/uploads\/2025\/11\/20250629_102307-768x438.jpg 768w, https:\/\/inzain.bike\/wp-content\/uploads\/2025\/11\/20250629_102307-1536x875.jpg 1536w, https:\/\/inzain.bike\/wp-content\/uploads\/2025\/11\/20250629_102307-2048x1167.jpg 2048w, https:\/\/inzain.bike\/wp-content\/uploads\/2025\/11\/20250629_102307-18x10.jpg 18w, https:\/\/inzain.bike\/wp-content\/uploads\/2025\/11\/20250629_102307-600x342.jpg 600w\" sizes=\"auto, (max-width: 1024px) 100vw, 1024px\" \/><\/figure>\n\n\n\n<p>Nos encanta cuando la gente viaja con nosotros y se divierte. El INZAIN Score es una forma de recompensar a quienes lo hacen. <br><br>\u00bfC\u00f3mo funciona?<br>Tenemos un sistema de puntos.<br>* Participar en un recorrido otorga 3 puntos<br>* Hacer cola otorga 3 puntos<br>* Ayudar a alguien en apuros otorga 3 puntos<br>* La mejor foto o v\u00eddeo obtiene 3 puntos<br><br>En nuestros eventos DualSpeed medimos el tiempo en un segmento determinado, y aqu\u00ed se pueden ganar puntos extra.<br><br>* El tiempo m\u00e1s r\u00e1pido otorga 3 puntos<br>* El segundo m\u00e1s r\u00e1pido obtiene 2 puntos<br>* El tercero m\u00e1s r\u00e1pido obtiene 1 punto.<br><br>INZAIN tambi\u00e9n podr\u00e1 optar por otorgar puntos extra por esfuerzos particularmente meritorios.<\/p>\n\n\n\n<div class=\"gswpts_tables_container gswpts_table_1\" id=\"1\" data-nonce=\"5bdac9b472\" data-ai-summary=\"false\" data-summary-source=\"generate_on_click\" data-summary-display=\"always_show\"><div class=\"gswpts_tables_content\">\n\t\t\t<div class=\"ui segment gswpts_table_loader\">\n\t\t\t\t<div class=\"ui active inverted dimmer\">\n\t\t\t\t\t<div class=\"ui large text loader\">Cargando<\/div>\n\t\t\t\t<\/div>\n\t\t\t\t<p><\/p>\n\t\t\t\t<p><\/p>\n\t\t\t\t<p><\/p>\n\t\t\t<\/div>\n\t\t<\/div><\/div><br><br> \n\n\n\n<p><br>Resultados del segmento del \u00faltimo DualSpeed \u2013 INZAIN Wolverine 2025-11-06<\/p>\n\n\n\n<p><br><\/p>\n\n\n\n<div class=\"gswpts_tables_container gswpts_table_2\" id=\"2\" data-nonce=\"5bdac9b472\" data-ai-summary=\"false\" data-summary-source=\"generate_on_click\" data-summary-display=\"always_show\"><div class=\"gswpts_tables_content\">\n\t\t\t<div class=\"ui segment gswpts_table_loader\">\n\t\t\t\t<div class=\"ui active inverted dimmer\">\n\t\t\t\t\t<div class=\"ui large text loader\">Cargando<\/div>\n\t\t\t\t<\/div>\n\t\t\t\t<p><\/p>\n\t\t\t\t<p><\/p>\n\t\t\t\t<p><\/p>\n\t\t\t<\/div>\n\t\t<\/div><\/div><br><br>","protected":false},"excerpt":{"rendered":"<p>Vi tycker om n\u00e4r m\u00e4nniskor cyklar med oss och har kul. The INZAIN Score \u00e4r ett s\u00e4tt att bel\u00f6na de som g\u00f6r det. Hur g\u00e5r det till?Vi har ett po\u00e4ngsystem.* Att delta p\u00e5 en ride ger 3 po\u00e4ng* Att ta k\u00f6n ger 3 po\u00e4ng* Att hj\u00e4lpa n\u00e5gon som f\u00e5tt problem ger 3 po\u00e4ng* B\u00e4sta bild [&hellip;]<\/p>\n","protected":false},"author":203917875,"featured_media":0,"parent":0,"menu_order":0,"comment_status":"closed","ping_status":"closed","template":"","meta":{"_coblocks_attr":"","_coblocks_dimensions":"","_coblocks_responsive_height":"","_coblocks_accordion_ie_support":"","footnotes":""},"class_list":["post-8933","page","type-page","status-publish","hentry"],"yoast_head":"<!-- This site is optimized with the Yoast SEO plugin v27.2 - https:\/\/yoast.com\/product\/yoast-seo-wordpress\/ -->\n<title>The INZAIN Score - INZAIN Cycling EXPERIENCES<\/title>\n<meta name=\"robots\" content=\"index, follow, max-snippet:-1, max-image-preview:large, max-video-preview:-1\" \/>\n<link rel=\"canonical\" href=\"https:\/\/inzain.bike\/es\/the-inzain-score\/\" \/>\n<meta property=\"og:locale\" content=\"es_ES\" \/>\n<meta property=\"og:type\" content=\"article\" \/>\n<meta property=\"og:title\" content=\"The INZAIN Score - INZAIN Cycling EXPERIENCES\" \/>\n<meta property=\"og:description\" content=\"Vi tycker om n\u00e4r m\u00e4nniskor cyklar med oss och har kul. The INZAIN Score \u00e4r ett s\u00e4tt att bel\u00f6na de som g\u00f6r det. Hur g\u00e5r det till?Vi har ett po\u00e4ngsystem.* Att delta p\u00e5 en ride ger 3 po\u00e4ng* Att ta k\u00f6n ger 3 po\u00e4ng* Att hj\u00e4lpa n\u00e5gon som f\u00e5tt problem ger 3 po\u00e4ng* B\u00e4sta bild [&hellip;]\" \/>\n<meta property=\"og:url\" content=\"https:\/\/inzain.bike\/es\/the-inzain-score\/\" \/>\n<meta property=\"og:site_name\" content=\"INZAIN Cycling EXPERIENCES\" \/>\n<meta property=\"article:publisher\" content=\"https:\/\/www.facebook.com\/Inzain.bike\" \/>\n<meta property=\"article:modified_time\" content=\"2025-11-07T07:00:28+00:00\" \/>\n<meta property=\"og:image\" content=\"https:\/\/inzain.bike\/wp-content\/uploads\/2025\/11\/20250629_102307-1024x584.jpg\" \/>\n\t<meta property=\"og:image:width\" content=\"1024\" \/>\n\t<meta property=\"og:image:height\" content=\"584\" \/>\n\t<meta property=\"og:image:type\" content=\"image\/jpeg\" \/>\n<meta name=\"twitter:card\" content=\"summary_large_image\" \/>\n<meta name=\"twitter:label1\" content=\"Tiempo de lectura\" \/>\n\t<meta name=\"twitter:data1\" content=\"1 minuto\" \/>\n<script type=\"application\/ld+json\" class=\"yoast-schema-graph\">{\"@context\":\"https:\/\/schema.org\",\"@graph\":[{\"@type\":\"WebPage\",\"@id\":\"https:\/\/inzain.bike\/the-inzain-score\/\",\"url\":\"https:\/\/inzain.bike\/the-inzain-score\/\",\"name\":\"The INZAIN Score - INZAIN Cycling EXPERIENCES\",\"isPartOf\":{\"@id\":\"https:\/\/inzain.bike\/fr_be\/#website\"},\"primaryImageOfPage\":{\"@id\":\"https:\/\/inzain.bike\/the-inzain-score\/#primaryimage\"},\"image\":{\"@id\":\"https:\/\/inzain.bike\/the-inzain-score\/#primaryimage\"},\"thumbnailUrl\":\"https:\/\/inzain.bike\/wp-content\/uploads\/2025\/11\/20250629_102307-1024x584.jpg\",\"datePublished\":\"2025-11-07T06:48:15+00:00\",\"dateModified\":\"2025-11-07T07:00:28+00:00\",\"breadcrumb\":{\"@id\":\"https:\/\/inzain.bike\/the-inzain-score\/#breadcrumb\"},\"inLanguage\":\"es\",\"potentialAction\":[{\"@type\":\"ReadAction\",\"target\":[\"https:\/\/inzain.bike\/the-inzain-score\/\"]}]},{\"@type\":\"ImageObject\",\"inLanguage\":\"es\",\"@id\":\"https:\/\/inzain.bike\/the-inzain-score\/#primaryimage\",\"url\":\"https:\/\/inzain.bike\/wp-content\/uploads\/2025\/11\/20250629_102307-1024x584.jpg\",\"contentUrl\":\"https:\/\/inzain.bike\/wp-content\/uploads\/2025\/11\/20250629_102307-1024x584.jpg\"},{\"@type\":\"BreadcrumbList\",\"@id\":\"https:\/\/inzain.bike\/the-inzain-score\/#breadcrumb\",\"itemListElement\":[{\"@type\":\"ListItem\",\"position\":1,\"name\":\"Hem\",\"item\":\"https:\/\/inzain.bike\/fr_be\/\"},{\"@type\":\"ListItem\",\"position\":2,\"name\":\"The INZAIN Score\"}]},{\"@type\":\"WebSite\",\"@id\":\"https:\/\/inzain.bike\/fr_be\/#website\",\"url\":\"https:\/\/inzain.bike\/fr_be\/\",\"name\":\"INZAIN Cycling EXPERIENCES\",\"description\":\"Cyckling Adventures  - for everyone\",\"publisher\":{\"@id\":\"https:\/\/inzain.bike\/fr_be\/#organization\"},\"alternateName\":\"INZAIN Gravel & Travel\",\"potentialAction\":[{\"@type\":\"SearchAction\",\"target\":{\"@type\":\"EntryPoint\",\"urlTemplate\":\"https:\/\/inzain.bike\/fr_be\/?s={search_term_string}\"},\"query-input\":{\"@type\":\"PropertyValueSpecification\",\"valueRequired\":true,\"valueName\":\"search_term_string\"}}],\"inLanguage\":\"es\"},{\"@type\":\"Organization\",\"@id\":\"https:\/\/inzain.bike\/fr_be\/#organization\",\"name\":\"INZAIN Cycling EXPERIENCES\",\"url\":\"https:\/\/inzain.bike\/fr_be\/\",\"logo\":{\"@type\":\"ImageObject\",\"inLanguage\":\"es\",\"@id\":\"https:\/\/inzain.bike\/fr_be\/#\/schema\/logo\/image\/\",\"url\":\"https:\/\/i0.wp.com\/inzain.bike\/wp-content\/uploads\/2023\/09\/cropped-INZAIN_512x512_white.png?fit=512%2C512&ssl=1\",\"contentUrl\":\"https:\/\/i0.wp.com\/inzain.bike\/wp-content\/uploads\/2023\/09\/cropped-INZAIN_512x512_white.png?fit=512%2C512&ssl=1\",\"width\":512,\"height\":512,\"caption\":\"INZAIN Cycling EXPERIENCES\"},\"image\":{\"@id\":\"https:\/\/inzain.bike\/fr_be\/#\/schema\/logo\/image\/\"},\"sameAs\":[\"https:\/\/www.facebook.com\/Inzain.bike\",\"https:\/\/www.instagram.com\/inzainbike\"]}]}<\/script>\n<!-- \/ Yoast SEO plugin. -->","yoast_head_json":{"title":"The INZAIN Score - INZAIN Cycling EXPERIENCES","robots":{"index":"index","follow":"follow","max-snippet":"max-snippet:-1","max-image-preview":"max-image-preview:large","max-video-preview":"max-video-preview:-1"},"canonical":"https:\/\/inzain.bike\/es\/the-inzain-score\/","og_locale":"es_ES","og_type":"article","og_title":"The INZAIN Score - INZAIN Cycling EXPERIENCES","og_description":"Vi tycker om n\u00e4r m\u00e4nniskor cyklar med oss och har kul. The INZAIN Score \u00e4r ett s\u00e4tt att bel\u00f6na de som g\u00f6r det. Hur g\u00e5r det till?Vi har ett po\u00e4ngsystem.* Att delta p\u00e5 en ride ger 3 po\u00e4ng* Att ta k\u00f6n ger 3 po\u00e4ng* Att hj\u00e4lpa n\u00e5gon som f\u00e5tt problem ger 3 po\u00e4ng* B\u00e4sta bild [&hellip;]","og_url":"https:\/\/inzain.bike\/es\/the-inzain-score\/","og_site_name":"INZAIN Cycling EXPERIENCES","article_publisher":"https:\/\/www.facebook.com\/Inzain.bike","article_modified_time":"2025-11-07T07:00:28+00:00","og_image":[{"width":1024,"height":584,"url":"https:\/\/inzain.bike\/wp-content\/uploads\/2025\/11\/20250629_102307-1024x584.jpg","type":"image\/jpeg"}],"twitter_card":"summary_large_image","twitter_misc":{"Tiempo de lectura":"1 minuto"},"schema":{"@context":"https:\/\/schema.org","@graph":[{"@type":"WebPage","@id":"https:\/\/inzain.bike\/the-inzain-score\/","url":"https:\/\/inzain.bike\/the-inzain-score\/","name":"The INZAIN Score - INZAIN Cycling EXPERIENCES","isPartOf":{"@id":"https:\/\/inzain.bike\/fr_be\/#website"},"primaryImageOfPage":{"@id":"https:\/\/inzain.bike\/the-inzain-score\/#primaryimage"},"image":{"@id":"https:\/\/inzain.bike\/the-inzain-score\/#primaryimage"},"thumbnailUrl":"https:\/\/inzain.bike\/wp-content\/uploads\/2025\/11\/20250629_102307-1024x584.jpg","datePublished":"2025-11-07T06:48:15+00:00","dateModified":"2025-11-07T07:00:28+00:00","breadcrumb":{"@id":"https:\/\/inzain.bike\/the-inzain-score\/#breadcrumb"},"inLanguage":"es","potentialAction":[{"@type":"ReadAction","target":["https:\/\/inzain.bike\/the-inzain-score\/"]}]},{"@type":"ImageObject","inLanguage":"es","@id":"https:\/\/inzain.bike\/the-inzain-score\/#primaryimage","url":"https:\/\/inzain.bike\/wp-content\/uploads\/2025\/11\/20250629_102307-1024x584.jpg","contentUrl":"https:\/\/inzain.bike\/wp-content\/uploads\/2025\/11\/20250629_102307-1024x584.jpg"},{"@type":"BreadcrumbList","@id":"https:\/\/inzain.bike\/the-inzain-score\/#breadcrumb","itemListElement":[{"@type":"ListItem","position":1,"name":"Hem","item":"https:\/\/inzain.bike\/fr_be\/"},{"@type":"ListItem","position":2,"name":"The INZAIN Score"}]},{"@type":"WebSite","@id":"https:\/\/inzain.bike\/fr_be\/#website","url":"https:\/\/inzain.bike\/fr_be\/","name":"EXPERIENCIAS Ciclismo INZAIN","description":"Aventuras en bicicleta: para todos","publisher":{"@id":"https:\/\/inzain.bike\/fr_be\/#organization"},"alternateName":"INZAIN Gravel & Travel","potentialAction":[{"@type":"SearchAction","target":{"@type":"EntryPoint","urlTemplate":"https:\/\/inzain.bike\/fr_be\/?s={search_term_string}"},"query-input":{"@type":"PropertyValueSpecification","valueRequired":true,"valueName":"search_term_string"}}],"inLanguage":"es"},{"@type":"Organization","@id":"https:\/\/inzain.bike\/fr_be\/#organization","name":"EXPERIENCIAS Ciclismo INZAIN","url":"https:\/\/inzain.bike\/fr_be\/","logo":{"@type":"ImageObject","inLanguage":"es","@id":"https:\/\/inzain.bike\/fr_be\/#\/schema\/logo\/image\/","url":"https:\/\/i0.wp.com\/inzain.bike\/wp-content\/uploads\/2023\/09\/cropped-INZAIN_512x512_white.png?fit=512%2C512&ssl=1","contentUrl":"https:\/\/i0.wp.com\/inzain.bike\/wp-content\/uploads\/2023\/09\/cropped-INZAIN_512x512_white.png?fit=512%2C512&ssl=1","width":512,"height":512,"caption":"INZAIN Cycling EXPERIENCES"},"image":{"@id":"https:\/\/inzain.bike\/fr_be\/#\/schema\/logo\/image\/"},"sameAs":["https:\/\/www.facebook.com\/Inzain.bike","https:\/\/www.instagram.com\/inzainbike"]}]}},"amp_enabled":true,"_links":{"self":[{"href":"https:\/\/inzain.bike\/es\/wp-json\/wp\/v2\/pages\/8933","targetHints":{"allow":["GET"]}}],"collection":[{"href":"https:\/\/inzain.bike\/es\/wp-json\/wp\/v2\/pages"}],"about":[{"href":"https:\/\/inzain.bike\/es\/wp-json\/wp\/v2\/types\/page"}],"author":[{"embeddable":true,"href":"https:\/\/inzain.bike\/es\/wp-json\/wp\/v2\/users\/203917875"}],"replies":[{"embeddable":true,"href":"https:\/\/inzain.bike\/es\/wp-json\/wp\/v2\/comments?post=8933"}],"version-history":[{"count":3,"href":"https:\/\/inzain.bike\/es\/wp-json\/wp\/v2\/pages\/8933\/revisions"}],"predecessor-version":[{"id":8940,"href":"https:\/\/inzain.bike\/es\/wp-json\/wp\/v2\/pages\/8933\/revisions\/8940"}],"wp:attachment":[{"href":"https:\/\/inzain.bike\/es\/wp-json\/wp\/v2\/media?parent=8933"}],"curies":[{"name":"gracias","href":"https:\/\/api.w.org\/{rel}","templated":true}]}}