{"id":9017,"date":"2026-01-11T16:43:46","date_gmt":"2026-01-11T15:43:46","guid":{"rendered":"https:\/\/inzain.bike\/?page_id=9017"},"modified":"2026-01-18T11:36:25","modified_gmt":"2026-01-18T10:36:25","slug":"gir26-cycling","status":"publish","type":"page","link":"https:\/\/inzain.bike\/es\/gir26-cycling\/","title":{"rendered":"Ciclismo Girona 2026"},"content":{"rendered":"<div class=\"wp-block-columns alignwide is-layout-flex wp-container-core-columns-is-layout-28f84493 wp-block-columns-is-layout-flex\">\n<div class=\"wp-block-column is-layout-flow wp-block-column-is-layout-flow\">\n<figure class=\"wp-block-image size-large\"><img loading=\"lazy\" decoding=\"async\" width=\"1024\" height=\"576\" src=\"https:\/\/inzain.bike\/wp-content\/uploads\/2026\/01\/DSC03483-ARW_DxO_DeepPRIME-2-1-1024x576.jpg\" alt=\"\" class=\"wp-image-9062\" srcset=\"https:\/\/inzain.bike\/wp-content\/uploads\/2026\/01\/DSC03483-ARW_DxO_DeepPRIME-2-1-1024x576.jpg 1024w, https:\/\/inzain.bike\/wp-content\/uploads\/2026\/01\/DSC03483-ARW_DxO_DeepPRIME-2-1-300x169.jpg 300w, https:\/\/inzain.bike\/wp-content\/uploads\/2026\/01\/DSC03483-ARW_DxO_DeepPRIME-2-1-768x432.jpg 768w, https:\/\/inzain.bike\/wp-content\/uploads\/2026\/01\/DSC03483-ARW_DxO_DeepPRIME-2-1-1536x864.jpg 1536w, https:\/\/inzain.bike\/wp-content\/uploads\/2026\/01\/DSC03483-ARW_DxO_DeepPRIME-2-1-2048x1152.jpg 2048w, https:\/\/inzain.bike\/wp-content\/uploads\/2026\/01\/DSC03483-ARW_DxO_DeepPRIME-2-1-18x10.jpg 18w, https:\/\/inzain.bike\/wp-content\/uploads\/2026\/01\/DSC03483-ARW_DxO_DeepPRIME-2-1-600x337.jpg 600w\" sizes=\"auto, (max-width: 1024px) 100vw, 1024px\" \/><\/figure>\n\n\n\n<p><strong>Rutas<\/strong><\/p>\n\n\n\n<p>Nuestros gu\u00edas locales nos llevar\u00e1n en cinco fant\u00e1sticos recorridos. Tenemos un d\u00eda de descanso planificado. Puedes aprovecharlo para relajarte en la piscina, hacer una agradable excursi\u00f3n o, si lo deseas, un paseo en bicicleta. Ofrecemos muchas rutas adicionales excelentes.<\/p>\n\n\n\n<p><strong>Grupos de velocidad<\/strong><br>Contamos con dos gu\u00edas que llevar\u00e1n diferentes ritmos. Elige el que mejor se adapte al d\u00eda, un poco m\u00e1s r\u00e1pido o un poco m\u00e1s tranquilo. Por supuesto, mantendremos a todos los grupos juntos, como siempre.<\/p>\n\n\n\n<p><strong>Bicicleta<\/strong><br>Trae la tuya o alquila una buena bicicleta de gravel en el sitio. Si la traes, te la entregamos en casa.<\/p>\n\n\n\n<figure class=\"wp-block-image size-full\"><img decoding=\"async\" src=\"https:\/\/inzain.bike\/wp-content\/uploads\/2026\/01\/Z9B_3689.jpg\" alt=\"\" class=\"wp-image-9030\"\/><\/figure>\n\n\n\n<p><strong>Gu\u00eda del ciclista<\/strong><br>Como de costumbre, todos recibir\u00e1n nuestra famosa Gu\u00eda del Corredor. Est\u00e1 repleta de informaci\u00f3n sobre todos los recorridos y variantes. Unas dos semanas antes de la salida, celebraremos una reuni\u00f3n informativa durante la presentaci\u00f3n, donde tendr\u00e1n la oportunidad de conocer tanto a los anfitriones como a sus amigos ciclistas. Contiene, por supuesto, todas las rutas para descargar, as\u00ed como descripciones detalladas de los recorridos.<\/p>\n\n\n\n<p><strong>Cronograma<\/strong><br><strong>D\u00eda uno<\/strong> <br>Llegada, montaje de bicicletas, check-in y breve trayecto para pagar.<br><br><strong>D\u00eda dos<\/strong><br>Emprendimos un viaje precioso. Son 85 km y nos llevan a un pueblo medieval y a varios caf\u00e9s agradables.<\/p>\n\n\n\n<p><strong>D\u00eda tres<\/strong><br>95 km Recorremos la hermosa Costa Brava en bicicleta. Paramos para darnos un ba\u00f1o, si queremos. Para comer, por supuesto, marisco.<br><br><strong>D\u00eda cuatro<\/strong><br>Un viaje un poco m\u00e1s largo, 100 km de sinuosos caminos de tierra y vi\u00f1edos. Disfrutamos de un delicioso almuerzo y una sorpresa.<br><br><strong>D\u00eda cinco<\/strong><br>D\u00eda de descanso \u2013 Excursi\u00f3n, relax en la piscina o hacer una excursi\u00f3n por tu cuenta, disponemos de rutas tanto en caminos de ripio como rurales.<br>Si eliges una excursi\u00f3n, te puede interesar el Museo Dal\u00ed, o Barcelona, o todos los caf\u00e9s de Girona, tantas opciones.<br><br><strong>D\u00eda seis<\/strong><br>90 km hacia los Pirineos, vistas fant\u00e1sticas y carreteras secundarias maravillosas. Una aut\u00e9ntica joya.<br><br><strong>D\u00eda siete<\/strong><br>80 km por caminos de grava ic\u00f3nicos, la variedad aqu\u00ed es enorme y en este d\u00eda visitamos lo mejor.<br><br><strong>D\u00eda ocho<\/strong><br>Empacamos nuestras bicicletas y nos dirigimos a Barcelona para el viaje de regreso.<\/p>\n<\/div>\n<\/div>\n\n\n\n<p><\/p>","protected":false},"excerpt":{"rendered":"<p>Rutter V\u00e5ra lokala guider tar med oss p\u00e5 fem fantastiska turer. Vi har en inplanerad vilodag. Den kan anv\u00e4ndas till att koppla av vid poolen, kanske g\u00f6ra en trevlig utflykt eller, f\u00f6r den som vill, en cykeltur. Vi har massor med bra extra rutter att erbjuda. FartgrupperVi har tv\u00e5 guider som kommer h\u00e5lla olika fart, [&hellip;]<\/p>\n","protected":false},"author":203917875,"featured_media":0,"parent":0,"menu_order":0,"comment_status":"closed","ping_status":"closed","template":"","meta":{"_coblocks_attr":"","_coblocks_dimensions":"","_coblocks_responsive_height":"","_coblocks_accordion_ie_support":"","footnotes":""},"class_list":["post-9017","page","type-page","status-publish","hentry"],"yoast_head":"<!-- This site is optimized with the Yoast SEO plugin v27.2 - https:\/\/yoast.com\/product\/yoast-seo-wordpress\/ -->\n<title>Girona 2026 Cykling - INZAIN Cycling EXPERIENCES<\/title>\n<meta name=\"robots\" content=\"index, follow, max-snippet:-1, max-image-preview:large, max-video-preview:-1\" \/>\n<link rel=\"canonical\" href=\"https:\/\/inzain.bike\/es\/gir26-cycling\/\" \/>\n<meta property=\"og:locale\" content=\"es_ES\" \/>\n<meta property=\"og:type\" content=\"article\" \/>\n<meta property=\"og:title\" content=\"Girona 2026 Cykling - INZAIN Cycling EXPERIENCES\" \/>\n<meta property=\"og:description\" content=\"Rutter V\u00e5ra lokala guider tar med oss p\u00e5 fem fantastiska turer. Vi har en inplanerad vilodag. Den kan anv\u00e4ndas till att koppla av vid poolen, kanske g\u00f6ra en trevlig utflykt eller, f\u00f6r den som vill, en cykeltur. Vi har massor med bra extra rutter att erbjuda. FartgrupperVi har tv\u00e5 guider som kommer h\u00e5lla olika fart, [&hellip;]\" \/>\n<meta property=\"og:url\" content=\"https:\/\/inzain.bike\/es\/gir26-cycling\/\" \/>\n<meta property=\"og:site_name\" content=\"INZAIN Cycling EXPERIENCES\" \/>\n<meta property=\"article:publisher\" content=\"https:\/\/www.facebook.com\/Inzain.bike\" \/>\n<meta property=\"article:modified_time\" content=\"2026-01-18T10:36:25+00:00\" \/>\n<meta property=\"og:image\" content=\"https:\/\/inzain.bike\/wp-content\/uploads\/2026\/01\/DSC03483-ARW_DxO_DeepPRIME-2-1-scaled.jpg\" \/>\n\t<meta property=\"og:image:width\" content=\"2560\" \/>\n\t<meta property=\"og:image:height\" content=\"1440\" \/>\n\t<meta property=\"og:image:type\" content=\"image\/jpeg\" \/>\n<meta name=\"twitter:card\" content=\"summary_large_image\" \/>\n<meta name=\"twitter:label1\" content=\"Tiempo de lectura\" \/>\n\t<meta name=\"twitter:data1\" content=\"3 minutos\" \/>\n<script type=\"application\/ld+json\" class=\"yoast-schema-graph\">{\"@context\":\"https:\/\/schema.org\",\"@graph\":[{\"@type\":\"WebPage\",\"@id\":\"https:\/\/inzain.bike\/gir26-cycling\/\",\"url\":\"https:\/\/inzain.bike\/gir26-cycling\/\",\"name\":\"Girona 2026 Cykling - INZAIN Cycling EXPERIENCES\",\"isPartOf\":{\"@id\":\"https:\/\/inzain.bike\/fr_be\/#website\"},\"primaryImageOfPage\":{\"@id\":\"https:\/\/inzain.bike\/gir26-cycling\/#primaryimage\"},\"image\":{\"@id\":\"https:\/\/inzain.bike\/gir26-cycling\/#primaryimage\"},\"thumbnailUrl\":\"https:\/\/inzain.bike\/wp-content\/uploads\/2026\/01\/DSC03483-ARW_DxO_DeepPRIME-2-1-1024x576.jpg\",\"datePublished\":\"2026-01-11T15:43:46+00:00\",\"dateModified\":\"2026-01-18T10:36:25+00:00\",\"breadcrumb\":{\"@id\":\"https:\/\/inzain.bike\/gir26-cycling\/#breadcrumb\"},\"inLanguage\":\"es\",\"potentialAction\":[{\"@type\":\"ReadAction\",\"target\":[\"https:\/\/inzain.bike\/gir26-cycling\/\"]}]},{\"@type\":\"ImageObject\",\"inLanguage\":\"es\",\"@id\":\"https:\/\/inzain.bike\/gir26-cycling\/#primaryimage\",\"url\":\"https:\/\/inzain.bike\/wp-content\/uploads\/2026\/01\/DSC03483-ARW_DxO_DeepPRIME-2-1-1024x576.jpg\",\"contentUrl\":\"https:\/\/inzain.bike\/wp-content\/uploads\/2026\/01\/DSC03483-ARW_DxO_DeepPRIME-2-1-1024x576.jpg\"},{\"@type\":\"BreadcrumbList\",\"@id\":\"https:\/\/inzain.bike\/gir26-cycling\/#breadcrumb\",\"itemListElement\":[{\"@type\":\"ListItem\",\"position\":1,\"name\":\"Hem\",\"item\":\"https:\/\/inzain.bike\/fr_be\/\"},{\"@type\":\"ListItem\",\"position\":2,\"name\":\"Girona 2026 Cykling\"}]},{\"@type\":\"WebSite\",\"@id\":\"https:\/\/inzain.bike\/fr_be\/#website\",\"url\":\"https:\/\/inzain.bike\/fr_be\/\",\"name\":\"INZAIN Cycling EXPERIENCES\",\"description\":\"Cyckling Adventures  - for everyone\",\"publisher\":{\"@id\":\"https:\/\/inzain.bike\/fr_be\/#organization\"},\"alternateName\":\"INZAIN Gravel & Travel\",\"potentialAction\":[{\"@type\":\"SearchAction\",\"target\":{\"@type\":\"EntryPoint\",\"urlTemplate\":\"https:\/\/inzain.bike\/fr_be\/?s={search_term_string}\"},\"query-input\":{\"@type\":\"PropertyValueSpecification\",\"valueRequired\":true,\"valueName\":\"search_term_string\"}}],\"inLanguage\":\"es\"},{\"@type\":\"Organization\",\"@id\":\"https:\/\/inzain.bike\/fr_be\/#organization\",\"name\":\"INZAIN Cycling EXPERIENCES\",\"url\":\"https:\/\/inzain.bike\/fr_be\/\",\"logo\":{\"@type\":\"ImageObject\",\"inLanguage\":\"es\",\"@id\":\"https:\/\/inzain.bike\/fr_be\/#\/schema\/logo\/image\/\",\"url\":\"https:\/\/i0.wp.com\/inzain.bike\/wp-content\/uploads\/2023\/09\/cropped-INZAIN_512x512_white.png?fit=512%2C512&ssl=1\",\"contentUrl\":\"https:\/\/i0.wp.com\/inzain.bike\/wp-content\/uploads\/2023\/09\/cropped-INZAIN_512x512_white.png?fit=512%2C512&ssl=1\",\"width\":512,\"height\":512,\"caption\":\"INZAIN Cycling EXPERIENCES\"},\"image\":{\"@id\":\"https:\/\/inzain.bike\/fr_be\/#\/schema\/logo\/image\/\"},\"sameAs\":[\"https:\/\/www.facebook.com\/Inzain.bike\",\"https:\/\/www.instagram.com\/inzainbike\"]}]}<\/script>\n<!-- \/ Yoast SEO plugin. -->","yoast_head_json":{"title":"Girona 2026 Cykling - INZAIN Cycling EXPERIENCES","robots":{"index":"index","follow":"follow","max-snippet":"max-snippet:-1","max-image-preview":"max-image-preview:large","max-video-preview":"max-video-preview:-1"},"canonical":"https:\/\/inzain.bike\/es\/gir26-cycling\/","og_locale":"es_ES","og_type":"article","og_title":"Girona 2026 Cykling - INZAIN Cycling EXPERIENCES","og_description":"Rutter V\u00e5ra lokala guider tar med oss p\u00e5 fem fantastiska turer. Vi har en inplanerad vilodag. Den kan anv\u00e4ndas till att koppla av vid poolen, kanske g\u00f6ra en trevlig utflykt eller, f\u00f6r den som vill, en cykeltur. Vi har massor med bra extra rutter att erbjuda. FartgrupperVi har tv\u00e5 guider som kommer h\u00e5lla olika fart, [&hellip;]","og_url":"https:\/\/inzain.bike\/es\/gir26-cycling\/","og_site_name":"INZAIN Cycling EXPERIENCES","article_publisher":"https:\/\/www.facebook.com\/Inzain.bike","article_modified_time":"2026-01-18T10:36:25+00:00","og_image":[{"width":2560,"height":1440,"url":"https:\/\/inzain.bike\/wp-content\/uploads\/2026\/01\/DSC03483-ARW_DxO_DeepPRIME-2-1-scaled.jpg","type":"image\/jpeg"}],"twitter_card":"summary_large_image","twitter_misc":{"Tiempo de lectura":"3 minutos"},"schema":{"@context":"https:\/\/schema.org","@graph":[{"@type":"WebPage","@id":"https:\/\/inzain.bike\/gir26-cycling\/","url":"https:\/\/inzain.bike\/gir26-cycling\/","name":"Girona 2026 Cykling - INZAIN Cycling EXPERIENCES","isPartOf":{"@id":"https:\/\/inzain.bike\/fr_be\/#website"},"primaryImageOfPage":{"@id":"https:\/\/inzain.bike\/gir26-cycling\/#primaryimage"},"image":{"@id":"https:\/\/inzain.bike\/gir26-cycling\/#primaryimage"},"thumbnailUrl":"https:\/\/inzain.bike\/wp-content\/uploads\/2026\/01\/DSC03483-ARW_DxO_DeepPRIME-2-1-1024x576.jpg","datePublished":"2026-01-11T15:43:46+00:00","dateModified":"2026-01-18T10:36:25+00:00","breadcrumb":{"@id":"https:\/\/inzain.bike\/gir26-cycling\/#breadcrumb"},"inLanguage":"es","potentialAction":[{"@type":"ReadAction","target":["https:\/\/inzain.bike\/gir26-cycling\/"]}]},{"@type":"ImageObject","inLanguage":"es","@id":"https:\/\/inzain.bike\/gir26-cycling\/#primaryimage","url":"https:\/\/inzain.bike\/wp-content\/uploads\/2026\/01\/DSC03483-ARW_DxO_DeepPRIME-2-1-1024x576.jpg","contentUrl":"https:\/\/inzain.bike\/wp-content\/uploads\/2026\/01\/DSC03483-ARW_DxO_DeepPRIME-2-1-1024x576.jpg"},{"@type":"BreadcrumbList","@id":"https:\/\/inzain.bike\/gir26-cycling\/#breadcrumb","itemListElement":[{"@type":"ListItem","position":1,"name":"Hem","item":"https:\/\/inzain.bike\/fr_be\/"},{"@type":"ListItem","position":2,"name":"Girona 2026 Cykling"}]},{"@type":"WebSite","@id":"https:\/\/inzain.bike\/fr_be\/#website","url":"https:\/\/inzain.bike\/fr_be\/","name":"EXPERIENCIAS Ciclismo INZAIN","description":"Aventuras en bicicleta: para todos","publisher":{"@id":"https:\/\/inzain.bike\/fr_be\/#organization"},"alternateName":"INZAIN Gravel & Travel","potentialAction":[{"@type":"SearchAction","target":{"@type":"EntryPoint","urlTemplate":"https:\/\/inzain.bike\/fr_be\/?s={search_term_string}"},"query-input":{"@type":"PropertyValueSpecification","valueRequired":true,"valueName":"search_term_string"}}],"inLanguage":"es"},{"@type":"Organization","@id":"https:\/\/inzain.bike\/fr_be\/#organization","name":"EXPERIENCIAS Ciclismo INZAIN","url":"https:\/\/inzain.bike\/fr_be\/","logo":{"@type":"ImageObject","inLanguage":"es","@id":"https:\/\/inzain.bike\/fr_be\/#\/schema\/logo\/image\/","url":"https:\/\/i0.wp.com\/inzain.bike\/wp-content\/uploads\/2023\/09\/cropped-INZAIN_512x512_white.png?fit=512%2C512&ssl=1","contentUrl":"https:\/\/i0.wp.com\/inzain.bike\/wp-content\/uploads\/2023\/09\/cropped-INZAIN_512x512_white.png?fit=512%2C512&ssl=1","width":512,"height":512,"caption":"INZAIN Cycling EXPERIENCES"},"image":{"@id":"https:\/\/inzain.bike\/fr_be\/#\/schema\/logo\/image\/"},"sameAs":["https:\/\/www.facebook.com\/Inzain.bike","https:\/\/www.instagram.com\/inzainbike"]}]}},"amp_enabled":true,"_links":{"self":[{"href":"https:\/\/inzain.bike\/es\/wp-json\/wp\/v2\/pages\/9017","targetHints":{"allow":["GET"]}}],"collection":[{"href":"https:\/\/inzain.bike\/es\/wp-json\/wp\/v2\/pages"}],"about":[{"href":"https:\/\/inzain.bike\/es\/wp-json\/wp\/v2\/types\/page"}],"author":[{"embeddable":true,"href":"https:\/\/inzain.bike\/es\/wp-json\/wp\/v2\/users\/203917875"}],"replies":[{"embeddable":true,"href":"https:\/\/inzain.bike\/es\/wp-json\/wp\/v2\/comments?post=9017"}],"version-history":[{"count":4,"href":"https:\/\/inzain.bike\/es\/wp-json\/wp\/v2\/pages\/9017\/revisions"}],"predecessor-version":[{"id":9135,"href":"https:\/\/inzain.bike\/es\/wp-json\/wp\/v2\/pages\/9017\/revisions\/9135"}],"wp:attachment":[{"href":"https:\/\/inzain.bike\/es\/wp-json\/wp\/v2\/media?parent=9017"}],"curies":[{"name":"gracias","href":"https:\/\/api.w.org\/{rel}","templated":true}]}}