{"id":2921,"date":"2023-04-24T19:47:12","date_gmt":"2023-04-24T17:47:12","guid":{"rendered":"https:\/\/inzain.bike\/?post_type=product&#038;p=2921"},"modified":"2024-07-30T17:02:11","modified_gmt":"2024-07-30T15:02:11","slug":"rene-herse-manastash-ridge-endurance-casing-44mm","status":"publish","type":"product","link":"https:\/\/inzain.bike\/es\/producto\/rene-herse-manastash-ridge-endurance-casing-44mm\/","title":{"rendered":"Carcasa Rene Herse Manastash Ridge Endurance 44 mm"},"content":{"rendered":"<p>Neum\u00e1ticos con clavos Ren\u00e9 Herse nuevos. El patr\u00f3n significa que, independientemente del \u00e1ngulo del neum\u00e1tico, tienes el mismo n\u00famero de tacos contra el suelo. Agarre perfecto en todo, desde asfalto hasta nieve.<\/p>\n<p>El nuevo patr\u00f3n tambi\u00e9n hace que el neum\u00e1tico sea muy silencioso.<\/p>\n<p>Carcasa Endurance para mayor seguridad contra pinchazos.<\/p>","protected":false},"excerpt":{"rendered":"<p>Manatash Ridge, neum\u00e1tico nuevo con agarre superior y reducci\u00f3n de ruido.<\/p>\n<p>https:\/\/www.renehersecycles.com\/shop\/components\/tires\/700c\/700c-x-44-manastash-ridge-tc-tire\/<\/p>\n<p>&nbsp;<\/p>\n<p>&nbsp;<\/p>","protected":false},"featured_media":2923,"comment_status":"open","ping_status":"closed","template":"","meta":{"_coblocks_attr":"","_coblocks_dimensions":"","_coblocks_responsive_height":"","_coblocks_accordion_ie_support":""},"product_brand":[],"product_cat":[1372345],"product_tag":[],"class_list":{"0":"post-2921","1":"product","2":"type-product","3":"status-publish","4":"has-post-thumbnail","6":"product_cat-dack","8":"first","9":"outofstock","10":"shipping-taxable","11":"purchasable","12":"product-type-simple"},"composite_virtual":false,"composite_layout":"","composite_add_to_cart_form_location":"","composite_editable_in_cart":false,"composite_sold_individually_context":"","composite_shop_price_calc":"","composite_components":[],"composite_scenarios":[],"yoast_head":"<!-- This site is optimized with the Yoast SEO plugin v27.2 - https:\/\/yoast.com\/product\/yoast-seo-wordpress\/ -->\n<title>Rene Herse Manastash Ridge Endurance Casing 44mm - INZAIN Cycling EXPERIENCES<\/title>\n<meta name=\"robots\" content=\"index, follow, max-snippet:-1, max-image-preview:large, max-video-preview:-1\" \/>\n<link rel=\"canonical\" href=\"https:\/\/inzain.bike\/es\/producto\/rene-herse-manastash-ridge-endurance-casing-44mm\/\" \/>\n<meta property=\"og:locale\" content=\"es_ES\" \/>\n<meta property=\"og:type\" content=\"article\" \/>\n<meta property=\"og:title\" content=\"Rene Herse Manastash Ridge Endurance Casing 44mm - INZAIN Cycling EXPERIENCES\" \/>\n<meta property=\"og:description\" content=\"Manatash Ridge, helt nytt d\u00e4ck med \u00f6verl\u00e4gset grepp och ljudd\u00e4mpning.  https:\/\/www.renehersecycles.com\/shop\/components\/tires\/700c\/700c-x-44-manastash-ridge-tc-tire\/  &nbsp;  &nbsp;\" \/>\n<meta property=\"og:url\" content=\"https:\/\/inzain.bike\/es\/producto\/rene-herse-manastash-ridge-endurance-casing-44mm\/\" \/>\n<meta property=\"og:site_name\" content=\"INZAIN Cycling EXPERIENCES\" \/>\n<meta property=\"article:publisher\" content=\"https:\/\/www.facebook.com\/Inzain.bike\" \/>\n<meta property=\"article:modified_time\" content=\"2024-07-30T15:02:11+00:00\" \/>\n<meta property=\"og:image\" content=\"https:\/\/inzain.bike\/wp-content\/uploads\/2023\/04\/RH_700x44CX_Manastash_End_00469_CLEAN_800-600x600-1.jpg\" \/>\n\t<meta property=\"og:image:width\" content=\"600\" \/>\n\t<meta property=\"og:image:height\" content=\"600\" \/>\n\t<meta property=\"og:image:type\" content=\"image\/jpeg\" \/>\n<meta name=\"twitter:card\" content=\"summary_large_image\" \/>\n<meta name=\"twitter:label1\" content=\"Tiempo de lectura\" \/>\n\t<meta name=\"twitter:data1\" content=\"1 minuto\" \/>\n<script type=\"application\/ld+json\" class=\"yoast-schema-graph\">{\"@context\":\"https:\/\/schema.org\",\"@graph\":[{\"@type\":\"WebPage\",\"@id\":\"https:\/\/inzain.bike\/de\/produkt\/rene-herse-manastash-ridge-endurance-casing-44mm\/\",\"url\":\"https:\/\/inzain.bike\/de\/produkt\/rene-herse-manastash-ridge-endurance-casing-44mm\/\",\"name\":\"Rene Herse Manastash Ridge Endurance Casing 44mm - INZAIN Cycling EXPERIENCES\",\"isPartOf\":{\"@id\":\"https:\/\/inzain.bike\/fr_be\/#website\"},\"primaryImageOfPage\":{\"@id\":\"https:\/\/inzain.bike\/de\/produkt\/rene-herse-manastash-ridge-endurance-casing-44mm\/#primaryimage\"},\"image\":{\"@id\":\"https:\/\/inzain.bike\/de\/produkt\/rene-herse-manastash-ridge-endurance-casing-44mm\/#primaryimage\"},\"thumbnailUrl\":\"https:\/\/inzain.bike\/wp-content\/uploads\/2023\/04\/RH_700x44CX_Manastash_End_00469_CLEAN_800-600x600-1.jpg\",\"datePublished\":\"2023-04-24T17:47:12+00:00\",\"dateModified\":\"2024-07-30T15:02:11+00:00\",\"breadcrumb\":{\"@id\":\"https:\/\/inzain.bike\/de\/produkt\/rene-herse-manastash-ridge-endurance-casing-44mm\/#breadcrumb\"},\"inLanguage\":\"es\",\"potentialAction\":[{\"@type\":\"ReadAction\",\"target\":[\"https:\/\/inzain.bike\/de\/produkt\/rene-herse-manastash-ridge-endurance-casing-44mm\/\"]}]},{\"@type\":\"ImageObject\",\"inLanguage\":\"es\",\"@id\":\"https:\/\/inzain.bike\/de\/produkt\/rene-herse-manastash-ridge-endurance-casing-44mm\/#primaryimage\",\"url\":\"https:\/\/inzain.bike\/wp-content\/uploads\/2023\/04\/RH_700x44CX_Manastash_End_00469_CLEAN_800-600x600-1.jpg\",\"contentUrl\":\"https:\/\/inzain.bike\/wp-content\/uploads\/2023\/04\/RH_700x44CX_Manastash_End_00469_CLEAN_800-600x600-1.jpg\",\"width\":600,\"height\":600},{\"@type\":\"BreadcrumbList\",\"@id\":\"https:\/\/inzain.bike\/de\/produkt\/rene-herse-manastash-ridge-endurance-casing-44mm\/#breadcrumb\",\"itemListElement\":[{\"@type\":\"ListItem\",\"position\":1,\"name\":\"Hem\",\"item\":\"https:\/\/inzain.bike\/fr_be\/\"},{\"@type\":\"ListItem\",\"position\":2,\"name\":\"Webbutik\",\"item\":\"https:\/\/inzain.bike\/fi\/butik\/\"},{\"@type\":\"ListItem\",\"position\":3,\"name\":\"Rene Herse Manastash Ridge Endurance Casing 44mm\"}]},{\"@type\":\"WebSite\",\"@id\":\"https:\/\/inzain.bike\/fr_be\/#website\",\"url\":\"https:\/\/inzain.bike\/fr_be\/\",\"name\":\"INZAIN Cycling EXPERIENCES\",\"description\":\"Cyckling Adventures  - for everyone\",\"publisher\":{\"@id\":\"https:\/\/inzain.bike\/fr_be\/#organization\"},\"alternateName\":\"INZAIN Gravel & Travel\",\"potentialAction\":[{\"@type\":\"SearchAction\",\"target\":{\"@type\":\"EntryPoint\",\"urlTemplate\":\"https:\/\/inzain.bike\/fr_be\/?s={search_term_string}\"},\"query-input\":{\"@type\":\"PropertyValueSpecification\",\"valueRequired\":true,\"valueName\":\"search_term_string\"}}],\"inLanguage\":\"es\"},{\"@type\":\"Organization\",\"@id\":\"https:\/\/inzain.bike\/fr_be\/#organization\",\"name\":\"INZAIN Cycling EXPERIENCES\",\"url\":\"https:\/\/inzain.bike\/fr_be\/\",\"logo\":{\"@type\":\"ImageObject\",\"inLanguage\":\"es\",\"@id\":\"https:\/\/inzain.bike\/fr_be\/#\/schema\/logo\/image\/\",\"url\":\"https:\/\/i0.wp.com\/inzain.bike\/wp-content\/uploads\/2023\/09\/cropped-INZAIN_512x512_white.png?fit=512%2C512&ssl=1\",\"contentUrl\":\"https:\/\/i0.wp.com\/inzain.bike\/wp-content\/uploads\/2023\/09\/cropped-INZAIN_512x512_white.png?fit=512%2C512&ssl=1\",\"width\":512,\"height\":512,\"caption\":\"INZAIN Cycling EXPERIENCES\"},\"image\":{\"@id\":\"https:\/\/inzain.bike\/fr_be\/#\/schema\/logo\/image\/\"},\"sameAs\":[\"https:\/\/www.facebook.com\/Inzain.bike\",\"https:\/\/www.instagram.com\/inzainbike\"]}]}<\/script>\n<!-- \/ Yoast SEO plugin. -->","yoast_head_json":{"title":"Rene Herse Manastash Ridge Endurance Casing 44mm - INZAIN Cycling EXPERIENCES","robots":{"index":"index","follow":"follow","max-snippet":"max-snippet:-1","max-image-preview":"max-image-preview:large","max-video-preview":"max-video-preview:-1"},"canonical":"https:\/\/inzain.bike\/es\/producto\/rene-herse-manastash-ridge-endurance-casing-44mm\/","og_locale":"es_ES","og_type":"article","og_title":"Rene Herse Manastash Ridge Endurance Casing 44mm - INZAIN Cycling EXPERIENCES","og_description":"Manatash Ridge, helt nytt d\u00e4ck med \u00f6verl\u00e4gset grepp och ljudd\u00e4mpning.  https:\/\/www.renehersecycles.com\/shop\/components\/tires\/700c\/700c-x-44-manastash-ridge-tc-tire\/  &nbsp;  &nbsp;","og_url":"https:\/\/inzain.bike\/es\/producto\/rene-herse-manastash-ridge-endurance-casing-44mm\/","og_site_name":"INZAIN Cycling EXPERIENCES","article_publisher":"https:\/\/www.facebook.com\/Inzain.bike","article_modified_time":"2024-07-30T15:02:11+00:00","og_image":[{"width":600,"height":600,"url":"https:\/\/inzain.bike\/wp-content\/uploads\/2023\/04\/RH_700x44CX_Manastash_End_00469_CLEAN_800-600x600-1.jpg","type":"image\/jpeg"}],"twitter_card":"summary_large_image","twitter_misc":{"Tiempo de lectura":"1 minuto"},"schema":{"@context":"https:\/\/schema.org","@graph":[{"@type":"WebPage","@id":"https:\/\/inzain.bike\/de\/produkt\/rene-herse-manastash-ridge-endurance-casing-44mm\/","url":"https:\/\/inzain.bike\/de\/produkt\/rene-herse-manastash-ridge-endurance-casing-44mm\/","name":"Rene Herse Manastash Ridge Endurance Casing 44mm - INZAIN Cycling EXPERIENCES","isPartOf":{"@id":"https:\/\/inzain.bike\/fr_be\/#website"},"primaryImageOfPage":{"@id":"https:\/\/inzain.bike\/de\/produkt\/rene-herse-manastash-ridge-endurance-casing-44mm\/#primaryimage"},"image":{"@id":"https:\/\/inzain.bike\/de\/produkt\/rene-herse-manastash-ridge-endurance-casing-44mm\/#primaryimage"},"thumbnailUrl":"https:\/\/inzain.bike\/wp-content\/uploads\/2023\/04\/RH_700x44CX_Manastash_End_00469_CLEAN_800-600x600-1.jpg","datePublished":"2023-04-24T17:47:12+00:00","dateModified":"2024-07-30T15:02:11+00:00","breadcrumb":{"@id":"https:\/\/inzain.bike\/de\/produkt\/rene-herse-manastash-ridge-endurance-casing-44mm\/#breadcrumb"},"inLanguage":"es","potentialAction":[{"@type":"ReadAction","target":["https:\/\/inzain.bike\/de\/produkt\/rene-herse-manastash-ridge-endurance-casing-44mm\/"]}]},{"@type":"ImageObject","inLanguage":"es","@id":"https:\/\/inzain.bike\/de\/produkt\/rene-herse-manastash-ridge-endurance-casing-44mm\/#primaryimage","url":"https:\/\/inzain.bike\/wp-content\/uploads\/2023\/04\/RH_700x44CX_Manastash_End_00469_CLEAN_800-600x600-1.jpg","contentUrl":"https:\/\/inzain.bike\/wp-content\/uploads\/2023\/04\/RH_700x44CX_Manastash_End_00469_CLEAN_800-600x600-1.jpg","width":600,"height":600},{"@type":"BreadcrumbList","@id":"https:\/\/inzain.bike\/de\/produkt\/rene-herse-manastash-ridge-endurance-casing-44mm\/#breadcrumb","itemListElement":[{"@type":"ListItem","position":1,"name":"Hem","item":"https:\/\/inzain.bike\/fr_be\/"},{"@type":"ListItem","position":2,"name":"Webbutik","item":"https:\/\/inzain.bike\/fi\/butik\/"},{"@type":"ListItem","position":3,"name":"Rene Herse Manastash Ridge Endurance Casing 44mm"}]},{"@type":"WebSite","@id":"https:\/\/inzain.bike\/fr_be\/#website","url":"https:\/\/inzain.bike\/fr_be\/","name":"EXPERIENCIAS Ciclismo INZAIN","description":"Aventuras en bicicleta: para todos","publisher":{"@id":"https:\/\/inzain.bike\/fr_be\/#organization"},"alternateName":"INZAIN Gravel & Travel","potentialAction":[{"@type":"SearchAction","target":{"@type":"EntryPoint","urlTemplate":"https:\/\/inzain.bike\/fr_be\/?s={search_term_string}"},"query-input":{"@type":"PropertyValueSpecification","valueRequired":true,"valueName":"search_term_string"}}],"inLanguage":"es"},{"@type":"Organization","@id":"https:\/\/inzain.bike\/fr_be\/#organization","name":"EXPERIENCIAS Ciclismo INZAIN","url":"https:\/\/inzain.bike\/fr_be\/","logo":{"@type":"ImageObject","inLanguage":"es","@id":"https:\/\/inzain.bike\/fr_be\/#\/schema\/logo\/image\/","url":"https:\/\/i0.wp.com\/inzain.bike\/wp-content\/uploads\/2023\/09\/cropped-INZAIN_512x512_white.png?fit=512%2C512&ssl=1","contentUrl":"https:\/\/i0.wp.com\/inzain.bike\/wp-content\/uploads\/2023\/09\/cropped-INZAIN_512x512_white.png?fit=512%2C512&ssl=1","width":512,"height":512,"caption":"INZAIN Cycling EXPERIENCES"},"image":{"@id":"https:\/\/inzain.bike\/fr_be\/#\/schema\/logo\/image\/"},"sameAs":["https:\/\/www.facebook.com\/Inzain.bike","https:\/\/www.instagram.com\/inzainbike"]}]}},"_links":{"self":[{"href":"https:\/\/inzain.bike\/es\/wp-json\/wp\/v2\/product\/2921","targetHints":{"allow":["GET"]}}],"collection":[{"href":"https:\/\/inzain.bike\/es\/wp-json\/wp\/v2\/product"}],"about":[{"href":"https:\/\/inzain.bike\/es\/wp-json\/wp\/v2\/types\/product"}],"replies":[{"embeddable":true,"href":"https:\/\/inzain.bike\/es\/wp-json\/wp\/v2\/comments?post=2921"}],"wp:featuredmedia":[{"embeddable":true,"href":"https:\/\/inzain.bike\/es\/wp-json\/wp\/v2\/media\/2923"}],"wp:attachment":[{"href":"https:\/\/inzain.bike\/es\/wp-json\/wp\/v2\/media?parent=2921"}],"wp:term":[{"taxonomy":"product_brand","embeddable":true,"href":"https:\/\/inzain.bike\/es\/wp-json\/wp\/v2\/product_brand?post=2921"},{"taxonomy":"product_cat","embeddable":true,"href":"https:\/\/inzain.bike\/es\/wp-json\/wp\/v2\/product_cat?post=2921"},{"taxonomy":"product_tag","embeddable":true,"href":"https:\/\/inzain.bike\/es\/wp-json\/wp\/v2\/product_tag?post=2921"}],"curies":[{"name":"gracias","href":"https:\/\/api.w.org\/{rel}","templated":true}]}}